{"id":976701,"date":"2024-01-29T09:20:00","date_gmt":"2024-01-29T08:20:00","guid":{"rendered":"https:\/\/hubsch-interior.com\/product\/product\/"},"modified":"2026-04-11T04:40:16","modified_gmt":"2026-04-11T02:40:16","slug":"floy-kissen-sandfarben-gelb","status":"publish","type":"product","link":"https:\/\/hubsch-interior.com\/de\/produkt\/floy-kissen-sandfarben-gelb\/","title":{"rendered":"Floy Kissen Sandfarben\/Gelb"},"content":{"rendered":"<p>Das Floy Kissen ist ein elegantes Kissen in einem dezenten Grundton von Hellgrau, perfekt erg\u00e4nzt durch einen Hauch von leuchtendem Gelb. Es ist in zwei Varianten erh\u00e4ltlich, wobei diese Variante ein wundersch\u00f6nes sandfarbenes Gewebe aufweist. Nicht nur optisch ansprechend, sondern auch OEKO-TEX\u00ae STANDARD 100 zertifiziert und aus hochwertigen Materialien wie Baumwolle und Polyester gefertigt. Das leichte und langlebige Design, zusammen mit den Steppdetails, die ein Gesamtmuster bilden, machen es zu einer minimalistischen und vielseitigen Erg\u00e4nzung f\u00fcr jeden Raum.<\/p>\n","protected":false},"excerpt":{"rendered":"<p>Das Floy Kissen ist ein elegantes Kissen in einem dezenten Grundton von Hellgrau, perfekt erg\u00e4nzt durch einen Hauch von leuchtendem Gelb. Es ist in zwei Varianten erh\u00e4ltlich, wobei diese Variante ein wundersch\u00f6nes sandfarbenes Gewebe aufweist. Nicht nur optisch ansprechend, sondern auch OEKO-TEX\u00ae STANDARD 100 zertifiziert und aus hochwertigen Materialien wie Baumwolle und Polyester gefertigt. Das [&hellip;]<\/p>\n","protected":false},"featured_media":1100393,"template":"","meta":{"_acf_changed":false,"inline_featured_image":false},"product_brand":[],"product_cat":[6884,6349,3004,3005],"product_tag":[],"class_list":{"0":"post-976701","1":"product","2":"type-product","3":"status-publish","4":"has-post-thumbnail","6":"product_cat-elevating-nostalgia-de","7":"product_cat-garden-selection-de","8":"product_cat-textilien","9":"product_cat-kissen-de","10":"product_shipping_class-pk","12":"pa_color-gelb","13":"pa_color-sandfarben","14":"pa_material-cotton-90-de","15":"pa_material-polyester-10-de","17":"first","18":"instock","19":"taxable","20":"shipping-taxable","21":"purchasable","22":"product-type-simple"},"exclude_global_add_ons":[],"addons":[],"acf":[],"yoast_head":"<!-- This site is optimized with the Yoast SEO plugin v26.4 - https:\/\/yoast.com\/wordpress\/plugins\/seo\/ -->\n<title>Floy Kissen Sandfarben\/Gelb - H\u00fcbsch<\/title>\n<meta name=\"description\" content=\"Das Floy Kissen ist ein elegantes Kissen in einem dezenten Grundton von Hellgrau, perfekt erg\u00e4nzt durch einen Hauch von leuchtendem Gelb. Es ist in zwei\" \/>\n<meta name=\"robots\" content=\"index, follow, max-snippet:-1, max-image-preview:large, max-video-preview:-1\" \/>\n<link rel=\"canonical\" href=\"https:\/\/hubsch-interior.com\/de\/wp-json\/wp\/v2\/product\/976701\" \/>\n<meta property=\"og:locale\" content=\"de_DE\" \/>\n<meta property=\"og:type\" content=\"article\" \/>\n<meta property=\"og:title\" content=\"Floy Kissen Sandfarben\/Gelb - H\u00fcbsch\" \/>\n<meta property=\"og:description\" content=\"Das Floy Kissen ist ein elegantes Kissen in einem dezenten Grundton von Hellgrau, perfekt erg\u00e4nzt durch einen Hauch von leuchtendem Gelb. Es ist in zwei\" \/>\n<meta property=\"og:url\" content=\"https:\/\/hubsch-interior.com\/de\/produkt\/floy-kissen-sandfarben-gelb\/\" \/>\n<meta property=\"og:site_name\" content=\"H\u00fcbsch\" \/>\n<meta property=\"article:modified_time\" content=\"2026-04-11T02:40:16+00:00\" \/>\n<meta property=\"og:image\" content=\"https:\/\/hubsch-interior.com\/wp-content\/uploads\/2024\/02\/floy-cushion-sandyellow-f8c215d1713a7c329f3c51bc5829e887.jpg\" \/>\n\t<meta property=\"og:image:width\" content=\"1200\" \/>\n\t<meta property=\"og:image:height\" content=\"1200\" \/>\n\t<meta property=\"og:image:type\" content=\"image\/jpeg\" \/>\n<meta name=\"twitter:card\" content=\"summary_large_image\" \/>\n<script type=\"application\/ld+json\" class=\"yoast-schema-graph\">{\"@context\":\"https:\/\/schema.org\",\"@graph\":[{\"@type\":\"WebPage\",\"@id\":\"https:\/\/hubsch-interior.com\/de\/produkt\/floy-kissen-sandfarben-gelb\/\",\"url\":\"https:\/\/hubsch-interior.com\/de\/produkt\/floy-kissen-sandfarben-gelb\/\",\"name\":\"Floy Kissen Sandfarben\/Gelb - H\u00fcbsch\",\"isPartOf\":{\"@id\":\"https:\/\/hubsch-interior.com\/de\/#website\"},\"primaryImageOfPage\":{\"@id\":\"https:\/\/hubsch-interior.com\/de\/produkt\/floy-kissen-sandfarben-gelb\/#primaryimage\"},\"image\":{\"@id\":\"https:\/\/hubsch-interior.com\/de\/produkt\/floy-kissen-sandfarben-gelb\/#primaryimage\"},\"thumbnailUrl\":\"https:\/\/hubsch-interior.com\/wp-content\/uploads\/2026\/02\/floy-cushion-sandyellow-dd1b62d36315a061370815c2b0f1166a.jpg\",\"datePublished\":\"2024-01-29T08:20:00+00:00\",\"dateModified\":\"2026-04-11T02:40:16+00:00\",\"description\":\"Das Floy Kissen ist ein elegantes Kissen in einem dezenten Grundton von Hellgrau, perfekt erg\u00e4nzt durch einen Hauch von leuchtendem Gelb. Es ist in zwei\",\"breadcrumb\":{\"@id\":\"https:\/\/hubsch-interior.com\/de\/produkt\/floy-kissen-sandfarben-gelb\/#breadcrumb\"},\"inLanguage\":\"de\",\"potentialAction\":[{\"@type\":\"ReadAction\",\"target\":[\"https:\/\/hubsch-interior.com\/de\/produkt\/floy-kissen-sandfarben-gelb\/\"]}]},{\"@type\":\"ImageObject\",\"inLanguage\":\"de\",\"@id\":\"https:\/\/hubsch-interior.com\/de\/produkt\/floy-kissen-sandfarben-gelb\/#primaryimage\",\"url\":\"https:\/\/hubsch-interior.com\/wp-content\/uploads\/2026\/02\/floy-cushion-sandyellow-dd1b62d36315a061370815c2b0f1166a.jpg\",\"contentUrl\":\"https:\/\/hubsch-interior.com\/wp-content\/uploads\/2026\/02\/floy-cushion-sandyellow-dd1b62d36315a061370815c2b0f1166a.jpg\",\"width\":1024,\"height\":1024},{\"@type\":\"BreadcrumbList\",\"@id\":\"https:\/\/hubsch-interior.com\/de\/produkt\/floy-kissen-sandfarben-gelb\/#breadcrumb\",\"itemListElement\":[{\"@type\":\"ListItem\",\"position\":1,\"name\":\"Startseite\",\"item\":\"https:\/\/hubsch-interior.com\/de\/\"},{\"@type\":\"ListItem\",\"position\":2,\"name\":\"Produkte\",\"item\":\"https:\/\/hubsch-interior.com\/de\/shop-2\/\"},{\"@type\":\"ListItem\",\"position\":3,\"name\":\"Textilien\",\"item\":\"https:\/\/hubsch-interior.com\/de\/produkt-kategorie\/textilien\/\"},{\"@type\":\"ListItem\",\"position\":4,\"name\":\"Kissen\",\"item\":\"https:\/\/hubsch-interior.com\/de\/produkt-kategorie\/textilien\/kissen-de\/\"},{\"@type\":\"ListItem\",\"position\":5,\"name\":\"Floy Kissen Sandfarben\/Gelb\"}]},{\"@type\":\"WebSite\",\"@id\":\"https:\/\/hubsch-interior.com\/de\/#website\",\"url\":\"https:\/\/hubsch-interior.com\/de\/\",\"name\":\"H\u00fcbsch\",\"description\":\"Danish Home Interior and Design\",\"publisher\":{\"@id\":\"https:\/\/hubsch-interior.com\/de\/#organization\"},\"potentialAction\":[{\"@type\":\"SearchAction\",\"target\":{\"@type\":\"EntryPoint\",\"urlTemplate\":\"https:\/\/hubsch-interior.com\/de\/?s={search_term_string}\"},\"query-input\":{\"@type\":\"PropertyValueSpecification\",\"valueRequired\":true,\"valueName\":\"search_term_string\"}}],\"inLanguage\":\"de\"},{\"@type\":\"Organization\",\"@id\":\"https:\/\/hubsch-interior.com\/de\/#organization\",\"name\":\"H\u00fcbsch\",\"url\":\"https:\/\/hubsch-interior.com\/de\/\",\"logo\":{\"@type\":\"ImageObject\",\"inLanguage\":\"de\",\"@id\":\"https:\/\/hubsch-interior.com\/de\/#\/schema\/logo\/image\/\",\"url\":\"https:\/\/hubsch-interior.com\/wp-content\/uploads\/2022\/12\/Hubsch_logo_black_one_line.svg\",\"contentUrl\":\"https:\/\/hubsch-interior.com\/wp-content\/uploads\/2022\/12\/Hubsch_logo_black_one_line.svg\",\"caption\":\"H\u00fcbsch\"},\"image\":{\"@id\":\"https:\/\/hubsch-interior.com\/de\/#\/schema\/logo\/image\/\"}}]}<\/script>\n<!-- \/ Yoast SEO plugin. -->","yoast_head_json":{"title":"Floy Kissen Sandfarben\/Gelb - H\u00fcbsch","description":"Das Floy Kissen ist ein elegantes Kissen in einem dezenten Grundton von Hellgrau, perfekt erg\u00e4nzt durch einen Hauch von leuchtendem Gelb. Es ist in zwei","robots":{"index":"index","follow":"follow","max-snippet":"max-snippet:-1","max-image-preview":"max-image-preview:large","max-video-preview":"max-video-preview:-1"},"canonical":"https:\/\/hubsch-interior.com\/de\/wp-json\/wp\/v2\/product\/976701","og_locale":"de_DE","og_type":"article","og_title":"Floy Kissen Sandfarben\/Gelb - H\u00fcbsch","og_description":"Das Floy Kissen ist ein elegantes Kissen in einem dezenten Grundton von Hellgrau, perfekt erg\u00e4nzt durch einen Hauch von leuchtendem Gelb. Es ist in zwei","og_url":"https:\/\/hubsch-interior.com\/de\/produkt\/floy-kissen-sandfarben-gelb\/","og_site_name":"H\u00fcbsch","article_modified_time":"2026-04-11T02:40:16+00:00","og_image":[{"width":1200,"height":1200,"url":"https:\/\/hubsch-interior.com\/wp-content\/uploads\/2024\/02\/floy-cushion-sandyellow-f8c215d1713a7c329f3c51bc5829e887.jpg","type":"image\/jpeg"}],"twitter_card":"summary_large_image","schema":{"@context":"https:\/\/schema.org","@graph":[{"@type":"WebPage","@id":"https:\/\/hubsch-interior.com\/de\/produkt\/floy-kissen-sandfarben-gelb\/","url":"https:\/\/hubsch-interior.com\/de\/produkt\/floy-kissen-sandfarben-gelb\/","name":"Floy Kissen Sandfarben\/Gelb - H\u00fcbsch","isPartOf":{"@id":"https:\/\/hubsch-interior.com\/de\/#website"},"primaryImageOfPage":{"@id":"https:\/\/hubsch-interior.com\/de\/produkt\/floy-kissen-sandfarben-gelb\/#primaryimage"},"image":{"@id":"https:\/\/hubsch-interior.com\/de\/produkt\/floy-kissen-sandfarben-gelb\/#primaryimage"},"thumbnailUrl":"https:\/\/hubsch-interior.com\/wp-content\/uploads\/2026\/02\/floy-cushion-sandyellow-dd1b62d36315a061370815c2b0f1166a.jpg","datePublished":"2024-01-29T08:20:00+00:00","dateModified":"2026-04-11T02:40:16+00:00","description":"Das Floy Kissen ist ein elegantes Kissen in einem dezenten Grundton von Hellgrau, perfekt erg\u00e4nzt durch einen Hauch von leuchtendem Gelb. Es ist in zwei","breadcrumb":{"@id":"https:\/\/hubsch-interior.com\/de\/produkt\/floy-kissen-sandfarben-gelb\/#breadcrumb"},"inLanguage":"de","potentialAction":[{"@type":"ReadAction","target":["https:\/\/hubsch-interior.com\/de\/produkt\/floy-kissen-sandfarben-gelb\/"]}]},{"@type":"ImageObject","inLanguage":"de","@id":"https:\/\/hubsch-interior.com\/de\/produkt\/floy-kissen-sandfarben-gelb\/#primaryimage","url":"https:\/\/hubsch-interior.com\/wp-content\/uploads\/2026\/02\/floy-cushion-sandyellow-dd1b62d36315a061370815c2b0f1166a.jpg","contentUrl":"https:\/\/hubsch-interior.com\/wp-content\/uploads\/2026\/02\/floy-cushion-sandyellow-dd1b62d36315a061370815c2b0f1166a.jpg","width":1024,"height":1024},{"@type":"BreadcrumbList","@id":"https:\/\/hubsch-interior.com\/de\/produkt\/floy-kissen-sandfarben-gelb\/#breadcrumb","itemListElement":[{"@type":"ListItem","position":1,"name":"Startseite","item":"https:\/\/hubsch-interior.com\/de\/"},{"@type":"ListItem","position":2,"name":"Produkte","item":"https:\/\/hubsch-interior.com\/de\/shop-2\/"},{"@type":"ListItem","position":3,"name":"Textilien","item":"https:\/\/hubsch-interior.com\/de\/produkt-kategorie\/textilien\/"},{"@type":"ListItem","position":4,"name":"Kissen","item":"https:\/\/hubsch-interior.com\/de\/produkt-kategorie\/textilien\/kissen-de\/"},{"@type":"ListItem","position":5,"name":"Floy Kissen Sandfarben\/Gelb"}]},{"@type":"WebSite","@id":"https:\/\/hubsch-interior.com\/de\/#website","url":"https:\/\/hubsch-interior.com\/de\/","name":"H\u00fcbsch","description":"Danish Home Interior and Design","publisher":{"@id":"https:\/\/hubsch-interior.com\/de\/#organization"},"potentialAction":[{"@type":"SearchAction","target":{"@type":"EntryPoint","urlTemplate":"https:\/\/hubsch-interior.com\/de\/?s={search_term_string}"},"query-input":{"@type":"PropertyValueSpecification","valueRequired":true,"valueName":"search_term_string"}}],"inLanguage":"de"},{"@type":"Organization","@id":"https:\/\/hubsch-interior.com\/de\/#organization","name":"H\u00fcbsch","url":"https:\/\/hubsch-interior.com\/de\/","logo":{"@type":"ImageObject","inLanguage":"de","@id":"https:\/\/hubsch-interior.com\/de\/#\/schema\/logo\/image\/","url":"https:\/\/hubsch-interior.com\/wp-content\/uploads\/2022\/12\/Hubsch_logo_black_one_line.svg","contentUrl":"https:\/\/hubsch-interior.com\/wp-content\/uploads\/2022\/12\/Hubsch_logo_black_one_line.svg","caption":"H\u00fcbsch"},"image":{"@id":"https:\/\/hubsch-interior.com\/de\/#\/schema\/logo\/image\/"}}]}},"_links":{"self":[{"href":"https:\/\/hubsch-interior.com\/de\/wp-json\/wp\/v2\/product\/976701","targetHints":{"allow":["GET"]}}],"collection":[{"href":"https:\/\/hubsch-interior.com\/de\/wp-json\/wp\/v2\/product"}],"about":[{"href":"https:\/\/hubsch-interior.com\/de\/wp-json\/wp\/v2\/types\/product"}],"wp:featuredmedia":[{"embeddable":true,"href":"https:\/\/hubsch-interior.com\/de\/wp-json\/wp\/v2\/media\/1100393"}],"wp:attachment":[{"href":"https:\/\/hubsch-interior.com\/de\/wp-json\/wp\/v2\/media?parent=976701"}],"wp:term":[{"taxonomy":"product_brand","embeddable":true,"href":"https:\/\/hubsch-interior.com\/de\/wp-json\/wp\/v2\/product_brand?post=976701"},{"taxonomy":"product_cat","embeddable":true,"href":"https:\/\/hubsch-interior.com\/de\/wp-json\/wp\/v2\/product_cat?post=976701"},{"taxonomy":"product_tag","embeddable":true,"href":"https:\/\/hubsch-interior.com\/de\/wp-json\/wp\/v2\/product_tag?post=976701"}],"curies":[{"name":"wp","href":"https:\/\/api.w.org\/{rel}","templated":true}]}}