{"id":976721,"date":"2024-01-29T09:20:14","date_gmt":"2024-01-29T08:20:14","guid":{"rendered":"https:\/\/hubsch-interior.com\/product\/product\/"},"modified":"2026-04-11T04:40:20","modified_gmt":"2026-04-11T02:40:20","slug":"floy-kissen-braun-rot","status":"publish","type":"product","link":"https:\/\/hubsch-interior.com\/de\/produkt\/floy-kissen-braun-rot\/","title":{"rendered":"Floy Kissen Braun\/Rot"},"content":{"rendered":"<p>Das Floy Kissen ist die perfekte Erg\u00e4nzung f\u00fcr Ihre Wohnkultur. In zwei atemberaubenden Varianten erh\u00e4ltlich, verf\u00fcgt die braun\/rote Variation \u00fcber eine dezente Grundfarbe mit einem Hauch von Orange-Rot, was ein elegantes und minimalistisches Design schafft. Hergestellt aus OEKO-TEX\u00ae STANDARD 100 zertifizierter Baumwolle und Polyester ist dieses Kissen nicht nur stilvoll, sondern auch leicht und langlebig. Die einzigartigen Steppdetails schaffen ein Gesamtmuster und machen es zu einem vielseitigen St\u00fcck f\u00fcr jeden Raum in Ihrem Zuhause. Verleihen Sie Ihrem Raum mit dem Floy Kissen eine Portion Raffinesse.<\/p>\n","protected":false},"excerpt":{"rendered":"<p>Das Floy Kissen ist die perfekte Erg\u00e4nzung f\u00fcr Ihre Wohnkultur. In zwei atemberaubenden Varianten erh\u00e4ltlich, verf\u00fcgt die braun\/rote Variation \u00fcber eine dezente Grundfarbe mit einem Hauch von Orange-Rot, was ein elegantes und minimalistisches Design schafft. Hergestellt aus OEKO-TEX\u00ae STANDARD 100 zertifizierter Baumwolle und Polyester ist dieses Kissen nicht nur stilvoll, sondern auch leicht und langlebig. [&hellip;]<\/p>\n","protected":false},"featured_media":1100417,"template":"","meta":{"_acf_changed":false,"inline_featured_image":false},"product_brand":[],"product_cat":[6884,3004,3005],"product_tag":[],"class_list":{"0":"post-976721","1":"product","2":"type-product","3":"status-publish","4":"has-post-thumbnail","6":"product_cat-elevating-nostalgia-de","7":"product_cat-textilien","8":"product_cat-kissen-de","9":"product_shipping_class-pk","11":"pa_color-braun","12":"pa_color-rot-2","13":"pa_material-cotton-90-de","14":"pa_material-polyester-10-de","16":"first","17":"instock","18":"taxable","19":"shipping-taxable","20":"purchasable","21":"product-type-simple"},"exclude_global_add_ons":[],"addons":[],"acf":[],"yoast_head":"<!-- This site is optimized with the Yoast SEO plugin v26.4 - https:\/\/yoast.com\/wordpress\/plugins\/seo\/ -->\n<title>Floy Kissen Braun\/Rot - H\u00fcbsch<\/title>\n<meta name=\"description\" content=\"Das Floy Kissen ist die perfekte Erg\u00e4nzung f\u00fcr Ihre Wohnkultur. In zwei atemberaubenden Varianten erh\u00e4ltlich, verf\u00fcgt die braun\/rote Variation \u00fcber eine\" \/>\n<meta name=\"robots\" content=\"index, follow, max-snippet:-1, max-image-preview:large, max-video-preview:-1\" \/>\n<link rel=\"canonical\" href=\"https:\/\/hubsch-interior.com\/de\/wp-json\/wp\/v2\/product\/976721\" \/>\n<meta property=\"og:locale\" content=\"de_DE\" \/>\n<meta property=\"og:type\" content=\"article\" \/>\n<meta property=\"og:title\" content=\"Floy Kissen Braun\/Rot - H\u00fcbsch\" \/>\n<meta property=\"og:description\" content=\"Das Floy Kissen ist die perfekte Erg\u00e4nzung f\u00fcr Ihre Wohnkultur. In zwei atemberaubenden Varianten erh\u00e4ltlich, verf\u00fcgt die braun\/rote Variation \u00fcber eine\" \/>\n<meta property=\"og:url\" content=\"https:\/\/hubsch-interior.com\/de\/produkt\/floy-kissen-braun-rot\/\" \/>\n<meta property=\"og:site_name\" content=\"H\u00fcbsch\" \/>\n<meta property=\"article:modified_time\" content=\"2026-04-11T02:40:20+00:00\" \/>\n<meta property=\"og:image\" content=\"https:\/\/hubsch-interior.com\/wp-content\/uploads\/2024\/01\/floy-cushion-brownred-12c50d7f6bce8a60ea10eb99e3fbf338.jpg\" \/>\n\t<meta property=\"og:image:width\" content=\"1200\" \/>\n\t<meta property=\"og:image:height\" content=\"1200\" \/>\n\t<meta property=\"og:image:type\" content=\"image\/jpeg\" \/>\n<meta name=\"twitter:card\" content=\"summary_large_image\" \/>\n<script type=\"application\/ld+json\" class=\"yoast-schema-graph\">{\"@context\":\"https:\/\/schema.org\",\"@graph\":[{\"@type\":\"WebPage\",\"@id\":\"https:\/\/hubsch-interior.com\/de\/produkt\/floy-kissen-braun-rot\/\",\"url\":\"https:\/\/hubsch-interior.com\/de\/produkt\/floy-kissen-braun-rot\/\",\"name\":\"Floy Kissen Braun\/Rot - H\u00fcbsch\",\"isPartOf\":{\"@id\":\"https:\/\/hubsch-interior.com\/de\/#website\"},\"primaryImageOfPage\":{\"@id\":\"https:\/\/hubsch-interior.com\/de\/produkt\/floy-kissen-braun-rot\/#primaryimage\"},\"image\":{\"@id\":\"https:\/\/hubsch-interior.com\/de\/produkt\/floy-kissen-braun-rot\/#primaryimage\"},\"thumbnailUrl\":\"https:\/\/hubsch-interior.com\/wp-content\/uploads\/2026\/02\/floy-cushion-brownred-784794b8273e8b42751ab02dff83535c.jpg\",\"datePublished\":\"2024-01-29T08:20:14+00:00\",\"dateModified\":\"2026-04-11T02:40:20+00:00\",\"description\":\"Das Floy Kissen ist die perfekte Erg\u00e4nzung f\u00fcr Ihre Wohnkultur. In zwei atemberaubenden Varianten erh\u00e4ltlich, verf\u00fcgt die braun\/rote Variation \u00fcber eine\",\"breadcrumb\":{\"@id\":\"https:\/\/hubsch-interior.com\/de\/produkt\/floy-kissen-braun-rot\/#breadcrumb\"},\"inLanguage\":\"de\",\"potentialAction\":[{\"@type\":\"ReadAction\",\"target\":[\"https:\/\/hubsch-interior.com\/de\/produkt\/floy-kissen-braun-rot\/\"]}]},{\"@type\":\"ImageObject\",\"inLanguage\":\"de\",\"@id\":\"https:\/\/hubsch-interior.com\/de\/produkt\/floy-kissen-braun-rot\/#primaryimage\",\"url\":\"https:\/\/hubsch-interior.com\/wp-content\/uploads\/2026\/02\/floy-cushion-brownred-784794b8273e8b42751ab02dff83535c.jpg\",\"contentUrl\":\"https:\/\/hubsch-interior.com\/wp-content\/uploads\/2026\/02\/floy-cushion-brownred-784794b8273e8b42751ab02dff83535c.jpg\",\"width\":1024,\"height\":1024},{\"@type\":\"BreadcrumbList\",\"@id\":\"https:\/\/hubsch-interior.com\/de\/produkt\/floy-kissen-braun-rot\/#breadcrumb\",\"itemListElement\":[{\"@type\":\"ListItem\",\"position\":1,\"name\":\"Startseite\",\"item\":\"https:\/\/hubsch-interior.com\/de\/\"},{\"@type\":\"ListItem\",\"position\":2,\"name\":\"Produkte\",\"item\":\"https:\/\/hubsch-interior.com\/de\/shop-2\/\"},{\"@type\":\"ListItem\",\"position\":3,\"name\":\"Textilien\",\"item\":\"https:\/\/hubsch-interior.com\/de\/produkt-kategorie\/textilien\/\"},{\"@type\":\"ListItem\",\"position\":4,\"name\":\"Kissen\",\"item\":\"https:\/\/hubsch-interior.com\/de\/produkt-kategorie\/textilien\/kissen-de\/\"},{\"@type\":\"ListItem\",\"position\":5,\"name\":\"Floy Kissen Braun\/Rot\"}]},{\"@type\":\"WebSite\",\"@id\":\"https:\/\/hubsch-interior.com\/de\/#website\",\"url\":\"https:\/\/hubsch-interior.com\/de\/\",\"name\":\"H\u00fcbsch\",\"description\":\"Danish Home Interior and Design\",\"publisher\":{\"@id\":\"https:\/\/hubsch-interior.com\/de\/#organization\"},\"potentialAction\":[{\"@type\":\"SearchAction\",\"target\":{\"@type\":\"EntryPoint\",\"urlTemplate\":\"https:\/\/hubsch-interior.com\/de\/?s={search_term_string}\"},\"query-input\":{\"@type\":\"PropertyValueSpecification\",\"valueRequired\":true,\"valueName\":\"search_term_string\"}}],\"inLanguage\":\"de\"},{\"@type\":\"Organization\",\"@id\":\"https:\/\/hubsch-interior.com\/de\/#organization\",\"name\":\"H\u00fcbsch\",\"url\":\"https:\/\/hubsch-interior.com\/de\/\",\"logo\":{\"@type\":\"ImageObject\",\"inLanguage\":\"de\",\"@id\":\"https:\/\/hubsch-interior.com\/de\/#\/schema\/logo\/image\/\",\"url\":\"https:\/\/hubsch-interior.com\/wp-content\/uploads\/2022\/12\/Hubsch_logo_black_one_line.svg\",\"contentUrl\":\"https:\/\/hubsch-interior.com\/wp-content\/uploads\/2022\/12\/Hubsch_logo_black_one_line.svg\",\"caption\":\"H\u00fcbsch\"},\"image\":{\"@id\":\"https:\/\/hubsch-interior.com\/de\/#\/schema\/logo\/image\/\"}}]}<\/script>\n<!-- \/ Yoast SEO plugin. -->","yoast_head_json":{"title":"Floy Kissen Braun\/Rot - H\u00fcbsch","description":"Das Floy Kissen ist die perfekte Erg\u00e4nzung f\u00fcr Ihre Wohnkultur. In zwei atemberaubenden Varianten erh\u00e4ltlich, verf\u00fcgt die braun\/rote Variation \u00fcber eine","robots":{"index":"index","follow":"follow","max-snippet":"max-snippet:-1","max-image-preview":"max-image-preview:large","max-video-preview":"max-video-preview:-1"},"canonical":"https:\/\/hubsch-interior.com\/de\/wp-json\/wp\/v2\/product\/976721","og_locale":"de_DE","og_type":"article","og_title":"Floy Kissen Braun\/Rot - H\u00fcbsch","og_description":"Das Floy Kissen ist die perfekte Erg\u00e4nzung f\u00fcr Ihre Wohnkultur. In zwei atemberaubenden Varianten erh\u00e4ltlich, verf\u00fcgt die braun\/rote Variation \u00fcber eine","og_url":"https:\/\/hubsch-interior.com\/de\/produkt\/floy-kissen-braun-rot\/","og_site_name":"H\u00fcbsch","article_modified_time":"2026-04-11T02:40:20+00:00","og_image":[{"width":1200,"height":1200,"url":"https:\/\/hubsch-interior.com\/wp-content\/uploads\/2024\/01\/floy-cushion-brownred-12c50d7f6bce8a60ea10eb99e3fbf338.jpg","type":"image\/jpeg"}],"twitter_card":"summary_large_image","schema":{"@context":"https:\/\/schema.org","@graph":[{"@type":"WebPage","@id":"https:\/\/hubsch-interior.com\/de\/produkt\/floy-kissen-braun-rot\/","url":"https:\/\/hubsch-interior.com\/de\/produkt\/floy-kissen-braun-rot\/","name":"Floy Kissen Braun\/Rot - H\u00fcbsch","isPartOf":{"@id":"https:\/\/hubsch-interior.com\/de\/#website"},"primaryImageOfPage":{"@id":"https:\/\/hubsch-interior.com\/de\/produkt\/floy-kissen-braun-rot\/#primaryimage"},"image":{"@id":"https:\/\/hubsch-interior.com\/de\/produkt\/floy-kissen-braun-rot\/#primaryimage"},"thumbnailUrl":"https:\/\/hubsch-interior.com\/wp-content\/uploads\/2026\/02\/floy-cushion-brownred-784794b8273e8b42751ab02dff83535c.jpg","datePublished":"2024-01-29T08:20:14+00:00","dateModified":"2026-04-11T02:40:20+00:00","description":"Das Floy Kissen ist die perfekte Erg\u00e4nzung f\u00fcr Ihre Wohnkultur. In zwei atemberaubenden Varianten erh\u00e4ltlich, verf\u00fcgt die braun\/rote Variation \u00fcber eine","breadcrumb":{"@id":"https:\/\/hubsch-interior.com\/de\/produkt\/floy-kissen-braun-rot\/#breadcrumb"},"inLanguage":"de","potentialAction":[{"@type":"ReadAction","target":["https:\/\/hubsch-interior.com\/de\/produkt\/floy-kissen-braun-rot\/"]}]},{"@type":"ImageObject","inLanguage":"de","@id":"https:\/\/hubsch-interior.com\/de\/produkt\/floy-kissen-braun-rot\/#primaryimage","url":"https:\/\/hubsch-interior.com\/wp-content\/uploads\/2026\/02\/floy-cushion-brownred-784794b8273e8b42751ab02dff83535c.jpg","contentUrl":"https:\/\/hubsch-interior.com\/wp-content\/uploads\/2026\/02\/floy-cushion-brownred-784794b8273e8b42751ab02dff83535c.jpg","width":1024,"height":1024},{"@type":"BreadcrumbList","@id":"https:\/\/hubsch-interior.com\/de\/produkt\/floy-kissen-braun-rot\/#breadcrumb","itemListElement":[{"@type":"ListItem","position":1,"name":"Startseite","item":"https:\/\/hubsch-interior.com\/de\/"},{"@type":"ListItem","position":2,"name":"Produkte","item":"https:\/\/hubsch-interior.com\/de\/shop-2\/"},{"@type":"ListItem","position":3,"name":"Textilien","item":"https:\/\/hubsch-interior.com\/de\/produkt-kategorie\/textilien\/"},{"@type":"ListItem","position":4,"name":"Kissen","item":"https:\/\/hubsch-interior.com\/de\/produkt-kategorie\/textilien\/kissen-de\/"},{"@type":"ListItem","position":5,"name":"Floy Kissen Braun\/Rot"}]},{"@type":"WebSite","@id":"https:\/\/hubsch-interior.com\/de\/#website","url":"https:\/\/hubsch-interior.com\/de\/","name":"H\u00fcbsch","description":"Danish Home Interior and Design","publisher":{"@id":"https:\/\/hubsch-interior.com\/de\/#organization"},"potentialAction":[{"@type":"SearchAction","target":{"@type":"EntryPoint","urlTemplate":"https:\/\/hubsch-interior.com\/de\/?s={search_term_string}"},"query-input":{"@type":"PropertyValueSpecification","valueRequired":true,"valueName":"search_term_string"}}],"inLanguage":"de"},{"@type":"Organization","@id":"https:\/\/hubsch-interior.com\/de\/#organization","name":"H\u00fcbsch","url":"https:\/\/hubsch-interior.com\/de\/","logo":{"@type":"ImageObject","inLanguage":"de","@id":"https:\/\/hubsch-interior.com\/de\/#\/schema\/logo\/image\/","url":"https:\/\/hubsch-interior.com\/wp-content\/uploads\/2022\/12\/Hubsch_logo_black_one_line.svg","contentUrl":"https:\/\/hubsch-interior.com\/wp-content\/uploads\/2022\/12\/Hubsch_logo_black_one_line.svg","caption":"H\u00fcbsch"},"image":{"@id":"https:\/\/hubsch-interior.com\/de\/#\/schema\/logo\/image\/"}}]}},"_links":{"self":[{"href":"https:\/\/hubsch-interior.com\/de\/wp-json\/wp\/v2\/product\/976721","targetHints":{"allow":["GET"]}}],"collection":[{"href":"https:\/\/hubsch-interior.com\/de\/wp-json\/wp\/v2\/product"}],"about":[{"href":"https:\/\/hubsch-interior.com\/de\/wp-json\/wp\/v2\/types\/product"}],"wp:featuredmedia":[{"embeddable":true,"href":"https:\/\/hubsch-interior.com\/de\/wp-json\/wp\/v2\/media\/1100417"}],"wp:attachment":[{"href":"https:\/\/hubsch-interior.com\/de\/wp-json\/wp\/v2\/media?parent=976721"}],"wp:term":[{"taxonomy":"product_brand","embeddable":true,"href":"https:\/\/hubsch-interior.com\/de\/wp-json\/wp\/v2\/product_brand?post=976721"},{"taxonomy":"product_cat","embeddable":true,"href":"https:\/\/hubsch-interior.com\/de\/wp-json\/wp\/v2\/product_cat?post=976721"},{"taxonomy":"product_tag","embeddable":true,"href":"https:\/\/hubsch-interior.com\/de\/wp-json\/wp\/v2\/product_tag?post=976721"}],"curies":[{"name":"wp","href":"https:\/\/api.w.org\/{rel}","templated":true}]}}