{"id":976789,"date":"2024-01-29T09:21:12","date_gmt":"2024-01-29T08:21:12","guid":{"rendered":"https:\/\/hubsch-interior.com\/product\/product\/"},"modified":"2026-04-05T04:42:47","modified_gmt":"2026-04-05T02:42:47","slug":"easypeasy-geschirrtuch-braun-lila","status":"publish","type":"product","link":"https:\/\/hubsch-interior.com\/de\/produkt\/easypeasy-geschirrtuch-braun-lila\/","title":{"rendered":"Easypeasy Geschirrtuch Braun\/Lila"},"content":{"rendered":"<p>Lernen Sie das Easypeasy Geschirrtuch kennen, Ihren neuen K\u00fcchenbegleiter, der das Kochen und Reinigen zum Kinderspiel macht! Aus weicher und langlebiger Baumwolle gefertigt, ist dieses Geschirrtuch OEKO-TEX\u00ae STANDARD 100 zertifiziert. Erh\u00e4ltlich in drei wundersch\u00f6nen Varianten, pr\u00e4sentiert sich dieses spezielle Geschirrtuch in einer atemberaubenden braunen und lila Farbkombination mit zarten Stickereidetails in einer kontrastierenden Farbe. Gr\u00f6\u00dfer als Ihr gew\u00f6hnliches Geschirrtuch, bietet es maximale Funktionalit\u00e4t und ist eine stilvolle und praktische Wahl. Ob Sie Geschirr trocknen oder Versch\u00fcttetes aufwischen \u2013 das Easypeasy Geschirrtuch ist das saugf\u00e4hige und handgefertigte Must-have f\u00fcr Ihre K\u00fcche.<\/p>\n","protected":false},"excerpt":{"rendered":"<p>Lernen Sie das Easypeasy Geschirrtuch kennen, Ihren neuen K\u00fcchenbegleiter, der das Kochen und Reinigen zum Kinderspiel macht! Aus weicher und langlebiger Baumwolle gefertigt, ist dieses Geschirrtuch OEKO-TEX\u00ae STANDARD 100 zertifiziert. Erh\u00e4ltlich in drei wundersch\u00f6nen Varianten, pr\u00e4sentiert sich dieses spezielle Geschirrtuch in einer atemberaubenden braunen und lila Farbkombination mit zarten Stickereidetails in einer kontrastierenden Farbe. Gr\u00f6\u00dfer [&hellip;]<\/p>\n","protected":false},"featured_media":1100441,"template":"","meta":{"_acf_changed":false,"inline_featured_image":false},"product_brand":[],"product_cat":[6884,6972,3004,4092,5027,6519],"product_tag":[],"class_list":{"0":"post-976789","1":"product","2":"type-product","3":"status-publish","4":"has-post-thumbnail","6":"product_cat-elevating-nostalgia-de","7":"product_cat-oster-sale","8":"product_cat-textilien","9":"product_cat-kuechentextilien-de","10":"product_cat-bestsellers-de","11":"product_cat-outlet-de","12":"product_shipping_class-pk","14":"pa_color-braun","15":"pa_color-lila","16":"pa_material-cotton-100-de","18":"first","19":"instock","20":"sale","21":"featured","22":"taxable","23":"shipping-taxable","24":"purchasable","25":"product-type-simple"},"exclude_global_add_ons":[],"addons":[],"acf":[],"yoast_head":"<!-- This site is optimized with the Yoast SEO plugin v26.4 - https:\/\/yoast.com\/wordpress\/plugins\/seo\/ -->\n<title>Easypeasy Geschirrtuch Braun\/Lila - H\u00fcbsch<\/title>\n<meta name=\"description\" content=\"Lernen Sie das Easypeasy Geschirrtuch kennen, Ihren neuen K\u00fcchenbegleiter, der das Kochen und Reinigen zum Kinderspiel macht! Aus weicher und langlebiger\" \/>\n<meta name=\"robots\" content=\"index, follow, max-snippet:-1, max-image-preview:large, max-video-preview:-1\" \/>\n<link rel=\"canonical\" href=\"https:\/\/hubsch-interior.com\/de\/wp-json\/wp\/v2\/product\/976789\" \/>\n<meta property=\"og:locale\" content=\"de_DE\" \/>\n<meta property=\"og:type\" content=\"article\" \/>\n<meta property=\"og:title\" content=\"Easypeasy Geschirrtuch Braun\/Lila - H\u00fcbsch\" \/>\n<meta property=\"og:description\" content=\"Lernen Sie das Easypeasy Geschirrtuch kennen, Ihren neuen K\u00fcchenbegleiter, der das Kochen und Reinigen zum Kinderspiel macht! Aus weicher und langlebiger\" \/>\n<meta property=\"og:url\" content=\"https:\/\/hubsch-interior.com\/de\/produkt\/easypeasy-geschirrtuch-braun-lila\/\" \/>\n<meta property=\"og:site_name\" content=\"H\u00fcbsch\" \/>\n<meta property=\"article:modified_time\" content=\"2026-04-05T02:42:47+00:00\" \/>\n<meta property=\"og:image\" content=\"https:\/\/hubsch-interior.com\/wp-content\/uploads\/2024\/05\/easypeasy-tea-towel-brownpurple-915e65a1fe7a14fcfbb486a23e6296c1.jpg\" \/>\n\t<meta property=\"og:image:width\" content=\"1200\" \/>\n\t<meta property=\"og:image:height\" content=\"1200\" \/>\n\t<meta property=\"og:image:type\" content=\"image\/jpeg\" \/>\n<meta name=\"twitter:card\" content=\"summary_large_image\" \/>\n<script type=\"application\/ld+json\" class=\"yoast-schema-graph\">{\"@context\":\"https:\/\/schema.org\",\"@graph\":[{\"@type\":\"WebPage\",\"@id\":\"https:\/\/hubsch-interior.com\/de\/produkt\/easypeasy-geschirrtuch-braun-lila\/\",\"url\":\"https:\/\/hubsch-interior.com\/de\/produkt\/easypeasy-geschirrtuch-braun-lila\/\",\"name\":\"Easypeasy Geschirrtuch Braun\/Lila - H\u00fcbsch\",\"isPartOf\":{\"@id\":\"https:\/\/hubsch-interior.com\/de\/#website\"},\"primaryImageOfPage\":{\"@id\":\"https:\/\/hubsch-interior.com\/de\/produkt\/easypeasy-geschirrtuch-braun-lila\/#primaryimage\"},\"image\":{\"@id\":\"https:\/\/hubsch-interior.com\/de\/produkt\/easypeasy-geschirrtuch-braun-lila\/#primaryimage\"},\"thumbnailUrl\":\"https:\/\/hubsch-interior.com\/wp-content\/uploads\/2026\/02\/easypeasy-tea-towel-brownpurple-254a4a36bcc90b1686245f19ef1abfb6.jpg\",\"datePublished\":\"2024-01-29T08:21:12+00:00\",\"dateModified\":\"2026-04-05T02:42:47+00:00\",\"description\":\"Lernen Sie das Easypeasy Geschirrtuch kennen, Ihren neuen K\u00fcchenbegleiter, der das Kochen und Reinigen zum Kinderspiel macht! Aus weicher und langlebiger\",\"breadcrumb\":{\"@id\":\"https:\/\/hubsch-interior.com\/de\/produkt\/easypeasy-geschirrtuch-braun-lila\/#breadcrumb\"},\"inLanguage\":\"de\",\"potentialAction\":[{\"@type\":\"ReadAction\",\"target\":[\"https:\/\/hubsch-interior.com\/de\/produkt\/easypeasy-geschirrtuch-braun-lila\/\"]}]},{\"@type\":\"ImageObject\",\"inLanguage\":\"de\",\"@id\":\"https:\/\/hubsch-interior.com\/de\/produkt\/easypeasy-geschirrtuch-braun-lila\/#primaryimage\",\"url\":\"https:\/\/hubsch-interior.com\/wp-content\/uploads\/2026\/02\/easypeasy-tea-towel-brownpurple-254a4a36bcc90b1686245f19ef1abfb6.jpg\",\"contentUrl\":\"https:\/\/hubsch-interior.com\/wp-content\/uploads\/2026\/02\/easypeasy-tea-towel-brownpurple-254a4a36bcc90b1686245f19ef1abfb6.jpg\",\"width\":1024,\"height\":1024},{\"@type\":\"BreadcrumbList\",\"@id\":\"https:\/\/hubsch-interior.com\/de\/produkt\/easypeasy-geschirrtuch-braun-lila\/#breadcrumb\",\"itemListElement\":[{\"@type\":\"ListItem\",\"position\":1,\"name\":\"Startseite\",\"item\":\"https:\/\/hubsch-interior.com\/de\/\"},{\"@type\":\"ListItem\",\"position\":2,\"name\":\"Produkte\",\"item\":\"https:\/\/hubsch-interior.com\/de\/shop-2\/\"},{\"@type\":\"ListItem\",\"position\":3,\"name\":\"Textilien\",\"item\":\"https:\/\/hubsch-interior.com\/de\/produkt-kategorie\/textilien\/\"},{\"@type\":\"ListItem\",\"position\":4,\"name\":\"K&uuml;chentextilien\",\"item\":\"https:\/\/hubsch-interior.com\/de\/produkt-kategorie\/textilien\/kuechentextilien-de\/\"},{\"@type\":\"ListItem\",\"position\":5,\"name\":\"Easypeasy Geschirrtuch Braun\/Lila\"}]},{\"@type\":\"WebSite\",\"@id\":\"https:\/\/hubsch-interior.com\/de\/#website\",\"url\":\"https:\/\/hubsch-interior.com\/de\/\",\"name\":\"H\u00fcbsch\",\"description\":\"Danish Home Interior and Design\",\"publisher\":{\"@id\":\"https:\/\/hubsch-interior.com\/de\/#organization\"},\"potentialAction\":[{\"@type\":\"SearchAction\",\"target\":{\"@type\":\"EntryPoint\",\"urlTemplate\":\"https:\/\/hubsch-interior.com\/de\/?s={search_term_string}\"},\"query-input\":{\"@type\":\"PropertyValueSpecification\",\"valueRequired\":true,\"valueName\":\"search_term_string\"}}],\"inLanguage\":\"de\"},{\"@type\":\"Organization\",\"@id\":\"https:\/\/hubsch-interior.com\/de\/#organization\",\"name\":\"H\u00fcbsch\",\"url\":\"https:\/\/hubsch-interior.com\/de\/\",\"logo\":{\"@type\":\"ImageObject\",\"inLanguage\":\"de\",\"@id\":\"https:\/\/hubsch-interior.com\/de\/#\/schema\/logo\/image\/\",\"url\":\"https:\/\/hubsch-interior.com\/wp-content\/uploads\/2022\/12\/Hubsch_logo_black_one_line.svg\",\"contentUrl\":\"https:\/\/hubsch-interior.com\/wp-content\/uploads\/2022\/12\/Hubsch_logo_black_one_line.svg\",\"caption\":\"H\u00fcbsch\"},\"image\":{\"@id\":\"https:\/\/hubsch-interior.com\/de\/#\/schema\/logo\/image\/\"}}]}<\/script>\n<!-- \/ Yoast SEO plugin. -->","yoast_head_json":{"title":"Easypeasy Geschirrtuch Braun\/Lila - H\u00fcbsch","description":"Lernen Sie das Easypeasy Geschirrtuch kennen, Ihren neuen K\u00fcchenbegleiter, der das Kochen und Reinigen zum Kinderspiel macht! Aus weicher und langlebiger","robots":{"index":"index","follow":"follow","max-snippet":"max-snippet:-1","max-image-preview":"max-image-preview:large","max-video-preview":"max-video-preview:-1"},"canonical":"https:\/\/hubsch-interior.com\/de\/wp-json\/wp\/v2\/product\/976789","og_locale":"de_DE","og_type":"article","og_title":"Easypeasy Geschirrtuch Braun\/Lila - H\u00fcbsch","og_description":"Lernen Sie das Easypeasy Geschirrtuch kennen, Ihren neuen K\u00fcchenbegleiter, der das Kochen und Reinigen zum Kinderspiel macht! Aus weicher und langlebiger","og_url":"https:\/\/hubsch-interior.com\/de\/produkt\/easypeasy-geschirrtuch-braun-lila\/","og_site_name":"H\u00fcbsch","article_modified_time":"2026-04-05T02:42:47+00:00","og_image":[{"width":1200,"height":1200,"url":"https:\/\/hubsch-interior.com\/wp-content\/uploads\/2024\/05\/easypeasy-tea-towel-brownpurple-915e65a1fe7a14fcfbb486a23e6296c1.jpg","type":"image\/jpeg"}],"twitter_card":"summary_large_image","schema":{"@context":"https:\/\/schema.org","@graph":[{"@type":"WebPage","@id":"https:\/\/hubsch-interior.com\/de\/produkt\/easypeasy-geschirrtuch-braun-lila\/","url":"https:\/\/hubsch-interior.com\/de\/produkt\/easypeasy-geschirrtuch-braun-lila\/","name":"Easypeasy Geschirrtuch Braun\/Lila - H\u00fcbsch","isPartOf":{"@id":"https:\/\/hubsch-interior.com\/de\/#website"},"primaryImageOfPage":{"@id":"https:\/\/hubsch-interior.com\/de\/produkt\/easypeasy-geschirrtuch-braun-lila\/#primaryimage"},"image":{"@id":"https:\/\/hubsch-interior.com\/de\/produkt\/easypeasy-geschirrtuch-braun-lila\/#primaryimage"},"thumbnailUrl":"https:\/\/hubsch-interior.com\/wp-content\/uploads\/2026\/02\/easypeasy-tea-towel-brownpurple-254a4a36bcc90b1686245f19ef1abfb6.jpg","datePublished":"2024-01-29T08:21:12+00:00","dateModified":"2026-04-05T02:42:47+00:00","description":"Lernen Sie das Easypeasy Geschirrtuch kennen, Ihren neuen K\u00fcchenbegleiter, der das Kochen und Reinigen zum Kinderspiel macht! Aus weicher und langlebiger","breadcrumb":{"@id":"https:\/\/hubsch-interior.com\/de\/produkt\/easypeasy-geschirrtuch-braun-lila\/#breadcrumb"},"inLanguage":"de","potentialAction":[{"@type":"ReadAction","target":["https:\/\/hubsch-interior.com\/de\/produkt\/easypeasy-geschirrtuch-braun-lila\/"]}]},{"@type":"ImageObject","inLanguage":"de","@id":"https:\/\/hubsch-interior.com\/de\/produkt\/easypeasy-geschirrtuch-braun-lila\/#primaryimage","url":"https:\/\/hubsch-interior.com\/wp-content\/uploads\/2026\/02\/easypeasy-tea-towel-brownpurple-254a4a36bcc90b1686245f19ef1abfb6.jpg","contentUrl":"https:\/\/hubsch-interior.com\/wp-content\/uploads\/2026\/02\/easypeasy-tea-towel-brownpurple-254a4a36bcc90b1686245f19ef1abfb6.jpg","width":1024,"height":1024},{"@type":"BreadcrumbList","@id":"https:\/\/hubsch-interior.com\/de\/produkt\/easypeasy-geschirrtuch-braun-lila\/#breadcrumb","itemListElement":[{"@type":"ListItem","position":1,"name":"Startseite","item":"https:\/\/hubsch-interior.com\/de\/"},{"@type":"ListItem","position":2,"name":"Produkte","item":"https:\/\/hubsch-interior.com\/de\/shop-2\/"},{"@type":"ListItem","position":3,"name":"Textilien","item":"https:\/\/hubsch-interior.com\/de\/produkt-kategorie\/textilien\/"},{"@type":"ListItem","position":4,"name":"K&uuml;chentextilien","item":"https:\/\/hubsch-interior.com\/de\/produkt-kategorie\/textilien\/kuechentextilien-de\/"},{"@type":"ListItem","position":5,"name":"Easypeasy Geschirrtuch Braun\/Lila"}]},{"@type":"WebSite","@id":"https:\/\/hubsch-interior.com\/de\/#website","url":"https:\/\/hubsch-interior.com\/de\/","name":"H\u00fcbsch","description":"Danish Home Interior and Design","publisher":{"@id":"https:\/\/hubsch-interior.com\/de\/#organization"},"potentialAction":[{"@type":"SearchAction","target":{"@type":"EntryPoint","urlTemplate":"https:\/\/hubsch-interior.com\/de\/?s={search_term_string}"},"query-input":{"@type":"PropertyValueSpecification","valueRequired":true,"valueName":"search_term_string"}}],"inLanguage":"de"},{"@type":"Organization","@id":"https:\/\/hubsch-interior.com\/de\/#organization","name":"H\u00fcbsch","url":"https:\/\/hubsch-interior.com\/de\/","logo":{"@type":"ImageObject","inLanguage":"de","@id":"https:\/\/hubsch-interior.com\/de\/#\/schema\/logo\/image\/","url":"https:\/\/hubsch-interior.com\/wp-content\/uploads\/2022\/12\/Hubsch_logo_black_one_line.svg","contentUrl":"https:\/\/hubsch-interior.com\/wp-content\/uploads\/2022\/12\/Hubsch_logo_black_one_line.svg","caption":"H\u00fcbsch"},"image":{"@id":"https:\/\/hubsch-interior.com\/de\/#\/schema\/logo\/image\/"}}]}},"_links":{"self":[{"href":"https:\/\/hubsch-interior.com\/de\/wp-json\/wp\/v2\/product\/976789","targetHints":{"allow":["GET"]}}],"collection":[{"href":"https:\/\/hubsch-interior.com\/de\/wp-json\/wp\/v2\/product"}],"about":[{"href":"https:\/\/hubsch-interior.com\/de\/wp-json\/wp\/v2\/types\/product"}],"wp:featuredmedia":[{"embeddable":true,"href":"https:\/\/hubsch-interior.com\/de\/wp-json\/wp\/v2\/media\/1100441"}],"wp:attachment":[{"href":"https:\/\/hubsch-interior.com\/de\/wp-json\/wp\/v2\/media?parent=976789"}],"wp:term":[{"taxonomy":"product_brand","embeddable":true,"href":"https:\/\/hubsch-interior.com\/de\/wp-json\/wp\/v2\/product_brand?post=976789"},{"taxonomy":"product_cat","embeddable":true,"href":"https:\/\/hubsch-interior.com\/de\/wp-json\/wp\/v2\/product_cat?post=976789"},{"taxonomy":"product_tag","embeddable":true,"href":"https:\/\/hubsch-interior.com\/de\/wp-json\/wp\/v2\/product_tag?post=976789"}],"curies":[{"name":"wp","href":"https:\/\/api.w.org\/{rel}","templated":true}]}}