{"id":976801,"date":"2024-01-29T09:21:15","date_gmt":"2024-01-29T08:21:15","guid":{"rendered":"https:\/\/hubsch-interior.com\/product\/product\/"},"modified":"2026-04-11T04:40:28","modified_gmt":"2026-04-11T02:40:28","slug":"easypeasy-geschirrtuch-beige-rot","status":"publish","type":"product","link":"https:\/\/hubsch-interior.com\/de\/produkt\/easypeasy-geschirrtuch-beige-rot\/","title":{"rendered":"Easypeasy Geschirrtuch Beige\/Rot"},"content":{"rendered":"<p>Lernen Sie das Easypeasy Geschirrtuch kennen &#8211; Ihr neuer K\u00fcchenbegleiter! Gefertigt aus weicher und strapazierf\u00e4higer Baumwolle, ist diese stilvolle und praktische Wahl in drei verschiedenen Varianten erh\u00e4ltlich, darunter eine wundersch\u00f6ne Kombination aus Beige und Rot. Mit seiner OEKO-TEX\u00ae STANDARD 100-Zertifizierung k\u00f6nnen Sie darauf vertrauen, dass dieses Geschirrtuch f\u00fcr Ihre Familie sicher ist. Dank seiner gr\u00f6\u00dferen Gr\u00f6\u00dfe bietet es maximale Funktionalit\u00e4t, w\u00e4hrend die Stickdetails in kontrastierender Farbe eine elegante Note in Ihre K\u00fcche bringen. Handgemacht und saugf\u00e4hig ist das Easypeasy Geschirrtuch ein Muss f\u00fcr jeden Haushalt.<\/p>\n","protected":false},"excerpt":{"rendered":"<p>Lernen Sie das Easypeasy Geschirrtuch kennen &#8211; Ihr neuer K\u00fcchenbegleiter! Gefertigt aus weicher und strapazierf\u00e4higer Baumwolle, ist diese stilvolle und praktische Wahl in drei verschiedenen Varianten erh\u00e4ltlich, darunter eine wundersch\u00f6ne Kombination aus Beige und Rot. Mit seiner OEKO-TEX\u00ae STANDARD 100-Zertifizierung k\u00f6nnen Sie darauf vertrauen, dass dieses Geschirrtuch f\u00fcr Ihre Familie sicher ist. Dank seiner gr\u00f6\u00dferen [&hellip;]<\/p>\n","protected":false},"featured_media":1100465,"template":"","meta":{"_acf_changed":false,"inline_featured_image":false},"product_brand":[],"product_cat":[5027,6884,4092,6972,6519,3004],"product_tag":[],"class_list":{"0":"post-976801","1":"product","2":"type-product","3":"status-publish","4":"has-post-thumbnail","6":"product_cat-bestsellers-de","7":"product_cat-elevating-nostalgia-de","8":"product_cat-kuechentextilien-de","9":"product_cat-oster-sale","10":"product_cat-outlet-de","11":"product_cat-textilien","12":"product_shipping_class-pk","14":"pa_color-beige-4","15":"pa_color-rot-2","16":"pa_material-cotton-100-de","18":"first","19":"instock","20":"sale","21":"featured","22":"taxable","23":"shipping-taxable","24":"purchasable","25":"product-type-simple"},"exclude_global_add_ons":[],"addons":[],"acf":[],"yoast_head":"<!-- This site is optimized with the Yoast SEO plugin v26.4 - https:\/\/yoast.com\/wordpress\/plugins\/seo\/ -->\n<title>Easypeasy Geschirrtuch Beige\/Rot - H\u00fcbsch<\/title>\n<meta name=\"description\" content=\"Lernen Sie das Easypeasy Geschirrtuch kennen - Ihr neuer K\u00fcchenbegleiter! Gefertigt aus weicher und strapazierf\u00e4higer Baumwolle, ist diese stilvolle und\" \/>\n<meta name=\"robots\" content=\"index, follow, max-snippet:-1, max-image-preview:large, max-video-preview:-1\" \/>\n<link rel=\"canonical\" href=\"https:\/\/hubsch-interior.com\/de\/wp-json\/wp\/v2\/product\/976801\" \/>\n<meta property=\"og:locale\" content=\"de_DE\" \/>\n<meta property=\"og:type\" content=\"article\" \/>\n<meta property=\"og:title\" content=\"Easypeasy Geschirrtuch Beige\/Rot - H\u00fcbsch\" \/>\n<meta property=\"og:description\" content=\"Lernen Sie das Easypeasy Geschirrtuch kennen - Ihr neuer K\u00fcchenbegleiter! Gefertigt aus weicher und strapazierf\u00e4higer Baumwolle, ist diese stilvolle und\" \/>\n<meta property=\"og:url\" content=\"https:\/\/hubsch-interior.com\/de\/produkt\/easypeasy-geschirrtuch-beige-rot\/\" \/>\n<meta property=\"og:site_name\" content=\"H\u00fcbsch\" \/>\n<meta property=\"article:modified_time\" content=\"2026-04-11T02:40:28+00:00\" \/>\n<meta property=\"og:image\" content=\"https:\/\/hubsch-interior.com\/wp-content\/uploads\/2024\/12\/easypeasy-tea-towel-beigered-b3b747ab381c7a5126207d54bd6b0ff5.jpg\" \/>\n\t<meta property=\"og:image:width\" content=\"1200\" \/>\n\t<meta property=\"og:image:height\" content=\"1200\" \/>\n\t<meta property=\"og:image:type\" content=\"image\/jpeg\" \/>\n<meta name=\"twitter:card\" content=\"summary_large_image\" \/>\n<script type=\"application\/ld+json\" class=\"yoast-schema-graph\">{\"@context\":\"https:\/\/schema.org\",\"@graph\":[{\"@type\":\"WebPage\",\"@id\":\"https:\/\/hubsch-interior.com\/de\/produkt\/easypeasy-geschirrtuch-beige-rot\/\",\"url\":\"https:\/\/hubsch-interior.com\/de\/produkt\/easypeasy-geschirrtuch-beige-rot\/\",\"name\":\"Easypeasy Geschirrtuch Beige\/Rot - H\u00fcbsch\",\"isPartOf\":{\"@id\":\"https:\/\/hubsch-interior.com\/de\/#website\"},\"primaryImageOfPage\":{\"@id\":\"https:\/\/hubsch-interior.com\/de\/produkt\/easypeasy-geschirrtuch-beige-rot\/#primaryimage\"},\"image\":{\"@id\":\"https:\/\/hubsch-interior.com\/de\/produkt\/easypeasy-geschirrtuch-beige-rot\/#primaryimage\"},\"thumbnailUrl\":\"https:\/\/hubsch-interior.com\/wp-content\/uploads\/2026\/02\/easypeasy-tea-towel-beigered-350c4a10ba80394af681cbc206e14b8f.jpg\",\"datePublished\":\"2024-01-29T08:21:15+00:00\",\"dateModified\":\"2026-04-11T02:40:28+00:00\",\"description\":\"Lernen Sie das Easypeasy Geschirrtuch kennen - Ihr neuer K\u00fcchenbegleiter! Gefertigt aus weicher und strapazierf\u00e4higer Baumwolle, ist diese stilvolle und\",\"breadcrumb\":{\"@id\":\"https:\/\/hubsch-interior.com\/de\/produkt\/easypeasy-geschirrtuch-beige-rot\/#breadcrumb\"},\"inLanguage\":\"de\",\"potentialAction\":[{\"@type\":\"ReadAction\",\"target\":[\"https:\/\/hubsch-interior.com\/de\/produkt\/easypeasy-geschirrtuch-beige-rot\/\"]}]},{\"@type\":\"ImageObject\",\"inLanguage\":\"de\",\"@id\":\"https:\/\/hubsch-interior.com\/de\/produkt\/easypeasy-geschirrtuch-beige-rot\/#primaryimage\",\"url\":\"https:\/\/hubsch-interior.com\/wp-content\/uploads\/2026\/02\/easypeasy-tea-towel-beigered-350c4a10ba80394af681cbc206e14b8f.jpg\",\"contentUrl\":\"https:\/\/hubsch-interior.com\/wp-content\/uploads\/2026\/02\/easypeasy-tea-towel-beigered-350c4a10ba80394af681cbc206e14b8f.jpg\",\"width\":1024,\"height\":1024},{\"@type\":\"BreadcrumbList\",\"@id\":\"https:\/\/hubsch-interior.com\/de\/produkt\/easypeasy-geschirrtuch-beige-rot\/#breadcrumb\",\"itemListElement\":[{\"@type\":\"ListItem\",\"position\":1,\"name\":\"Startseite\",\"item\":\"https:\/\/hubsch-interior.com\/de\/\"},{\"@type\":\"ListItem\",\"position\":2,\"name\":\"Produkte\",\"item\":\"https:\/\/hubsch-interior.com\/de\/shop-2\/\"},{\"@type\":\"ListItem\",\"position\":3,\"name\":\"Textilien\",\"item\":\"https:\/\/hubsch-interior.com\/de\/produkt-kategorie\/textilien\/\"},{\"@type\":\"ListItem\",\"position\":4,\"name\":\"K&uuml;chentextilien\",\"item\":\"https:\/\/hubsch-interior.com\/de\/produkt-kategorie\/textilien\/kuechentextilien-de\/\"},{\"@type\":\"ListItem\",\"position\":5,\"name\":\"Easypeasy Geschirrtuch Beige\/Rot\"}]},{\"@type\":\"WebSite\",\"@id\":\"https:\/\/hubsch-interior.com\/de\/#website\",\"url\":\"https:\/\/hubsch-interior.com\/de\/\",\"name\":\"H\u00fcbsch\",\"description\":\"Danish Home Interior and Design\",\"publisher\":{\"@id\":\"https:\/\/hubsch-interior.com\/de\/#organization\"},\"potentialAction\":[{\"@type\":\"SearchAction\",\"target\":{\"@type\":\"EntryPoint\",\"urlTemplate\":\"https:\/\/hubsch-interior.com\/de\/?s={search_term_string}\"},\"query-input\":{\"@type\":\"PropertyValueSpecification\",\"valueRequired\":true,\"valueName\":\"search_term_string\"}}],\"inLanguage\":\"de\"},{\"@type\":\"Organization\",\"@id\":\"https:\/\/hubsch-interior.com\/de\/#organization\",\"name\":\"H\u00fcbsch\",\"url\":\"https:\/\/hubsch-interior.com\/de\/\",\"logo\":{\"@type\":\"ImageObject\",\"inLanguage\":\"de\",\"@id\":\"https:\/\/hubsch-interior.com\/de\/#\/schema\/logo\/image\/\",\"url\":\"https:\/\/hubsch-interior.com\/wp-content\/uploads\/2022\/12\/Hubsch_logo_black_one_line.svg\",\"contentUrl\":\"https:\/\/hubsch-interior.com\/wp-content\/uploads\/2022\/12\/Hubsch_logo_black_one_line.svg\",\"caption\":\"H\u00fcbsch\"},\"image\":{\"@id\":\"https:\/\/hubsch-interior.com\/de\/#\/schema\/logo\/image\/\"}}]}<\/script>\n<!-- \/ Yoast SEO plugin. -->","yoast_head_json":{"title":"Easypeasy Geschirrtuch Beige\/Rot - H\u00fcbsch","description":"Lernen Sie das Easypeasy Geschirrtuch kennen - Ihr neuer K\u00fcchenbegleiter! Gefertigt aus weicher und strapazierf\u00e4higer Baumwolle, ist diese stilvolle und","robots":{"index":"index","follow":"follow","max-snippet":"max-snippet:-1","max-image-preview":"max-image-preview:large","max-video-preview":"max-video-preview:-1"},"canonical":"https:\/\/hubsch-interior.com\/de\/wp-json\/wp\/v2\/product\/976801","og_locale":"de_DE","og_type":"article","og_title":"Easypeasy Geschirrtuch Beige\/Rot - H\u00fcbsch","og_description":"Lernen Sie das Easypeasy Geschirrtuch kennen - Ihr neuer K\u00fcchenbegleiter! Gefertigt aus weicher und strapazierf\u00e4higer Baumwolle, ist diese stilvolle und","og_url":"https:\/\/hubsch-interior.com\/de\/produkt\/easypeasy-geschirrtuch-beige-rot\/","og_site_name":"H\u00fcbsch","article_modified_time":"2026-04-11T02:40:28+00:00","og_image":[{"width":1200,"height":1200,"url":"https:\/\/hubsch-interior.com\/wp-content\/uploads\/2024\/12\/easypeasy-tea-towel-beigered-b3b747ab381c7a5126207d54bd6b0ff5.jpg","type":"image\/jpeg"}],"twitter_card":"summary_large_image","schema":{"@context":"https:\/\/schema.org","@graph":[{"@type":"WebPage","@id":"https:\/\/hubsch-interior.com\/de\/produkt\/easypeasy-geschirrtuch-beige-rot\/","url":"https:\/\/hubsch-interior.com\/de\/produkt\/easypeasy-geschirrtuch-beige-rot\/","name":"Easypeasy Geschirrtuch Beige\/Rot - H\u00fcbsch","isPartOf":{"@id":"https:\/\/hubsch-interior.com\/de\/#website"},"primaryImageOfPage":{"@id":"https:\/\/hubsch-interior.com\/de\/produkt\/easypeasy-geschirrtuch-beige-rot\/#primaryimage"},"image":{"@id":"https:\/\/hubsch-interior.com\/de\/produkt\/easypeasy-geschirrtuch-beige-rot\/#primaryimage"},"thumbnailUrl":"https:\/\/hubsch-interior.com\/wp-content\/uploads\/2026\/02\/easypeasy-tea-towel-beigered-350c4a10ba80394af681cbc206e14b8f.jpg","datePublished":"2024-01-29T08:21:15+00:00","dateModified":"2026-04-11T02:40:28+00:00","description":"Lernen Sie das Easypeasy Geschirrtuch kennen - Ihr neuer K\u00fcchenbegleiter! Gefertigt aus weicher und strapazierf\u00e4higer Baumwolle, ist diese stilvolle und","breadcrumb":{"@id":"https:\/\/hubsch-interior.com\/de\/produkt\/easypeasy-geschirrtuch-beige-rot\/#breadcrumb"},"inLanguage":"de","potentialAction":[{"@type":"ReadAction","target":["https:\/\/hubsch-interior.com\/de\/produkt\/easypeasy-geschirrtuch-beige-rot\/"]}]},{"@type":"ImageObject","inLanguage":"de","@id":"https:\/\/hubsch-interior.com\/de\/produkt\/easypeasy-geschirrtuch-beige-rot\/#primaryimage","url":"https:\/\/hubsch-interior.com\/wp-content\/uploads\/2026\/02\/easypeasy-tea-towel-beigered-350c4a10ba80394af681cbc206e14b8f.jpg","contentUrl":"https:\/\/hubsch-interior.com\/wp-content\/uploads\/2026\/02\/easypeasy-tea-towel-beigered-350c4a10ba80394af681cbc206e14b8f.jpg","width":1024,"height":1024},{"@type":"BreadcrumbList","@id":"https:\/\/hubsch-interior.com\/de\/produkt\/easypeasy-geschirrtuch-beige-rot\/#breadcrumb","itemListElement":[{"@type":"ListItem","position":1,"name":"Startseite","item":"https:\/\/hubsch-interior.com\/de\/"},{"@type":"ListItem","position":2,"name":"Produkte","item":"https:\/\/hubsch-interior.com\/de\/shop-2\/"},{"@type":"ListItem","position":3,"name":"Textilien","item":"https:\/\/hubsch-interior.com\/de\/produkt-kategorie\/textilien\/"},{"@type":"ListItem","position":4,"name":"K&uuml;chentextilien","item":"https:\/\/hubsch-interior.com\/de\/produkt-kategorie\/textilien\/kuechentextilien-de\/"},{"@type":"ListItem","position":5,"name":"Easypeasy Geschirrtuch Beige\/Rot"}]},{"@type":"WebSite","@id":"https:\/\/hubsch-interior.com\/de\/#website","url":"https:\/\/hubsch-interior.com\/de\/","name":"H\u00fcbsch","description":"Danish Home Interior and Design","publisher":{"@id":"https:\/\/hubsch-interior.com\/de\/#organization"},"potentialAction":[{"@type":"SearchAction","target":{"@type":"EntryPoint","urlTemplate":"https:\/\/hubsch-interior.com\/de\/?s={search_term_string}"},"query-input":{"@type":"PropertyValueSpecification","valueRequired":true,"valueName":"search_term_string"}}],"inLanguage":"de"},{"@type":"Organization","@id":"https:\/\/hubsch-interior.com\/de\/#organization","name":"H\u00fcbsch","url":"https:\/\/hubsch-interior.com\/de\/","logo":{"@type":"ImageObject","inLanguage":"de","@id":"https:\/\/hubsch-interior.com\/de\/#\/schema\/logo\/image\/","url":"https:\/\/hubsch-interior.com\/wp-content\/uploads\/2022\/12\/Hubsch_logo_black_one_line.svg","contentUrl":"https:\/\/hubsch-interior.com\/wp-content\/uploads\/2022\/12\/Hubsch_logo_black_one_line.svg","caption":"H\u00fcbsch"},"image":{"@id":"https:\/\/hubsch-interior.com\/de\/#\/schema\/logo\/image\/"}}]}},"_links":{"self":[{"href":"https:\/\/hubsch-interior.com\/de\/wp-json\/wp\/v2\/product\/976801","targetHints":{"allow":["GET"]}}],"collection":[{"href":"https:\/\/hubsch-interior.com\/de\/wp-json\/wp\/v2\/product"}],"about":[{"href":"https:\/\/hubsch-interior.com\/de\/wp-json\/wp\/v2\/types\/product"}],"wp:featuredmedia":[{"embeddable":true,"href":"https:\/\/hubsch-interior.com\/de\/wp-json\/wp\/v2\/media\/1100465"}],"wp:attachment":[{"href":"https:\/\/hubsch-interior.com\/de\/wp-json\/wp\/v2\/media?parent=976801"}],"wp:term":[{"taxonomy":"product_brand","embeddable":true,"href":"https:\/\/hubsch-interior.com\/de\/wp-json\/wp\/v2\/product_brand?post=976801"},{"taxonomy":"product_cat","embeddable":true,"href":"https:\/\/hubsch-interior.com\/de\/wp-json\/wp\/v2\/product_cat?post=976801"},{"taxonomy":"product_tag","embeddable":true,"href":"https:\/\/hubsch-interior.com\/de\/wp-json\/wp\/v2\/product_tag?post=976801"}],"curies":[{"name":"wp","href":"https:\/\/api.w.org\/{rel}","templated":true}]}}