{"id":976821,"date":"2024-01-29T09:21:25","date_gmt":"2024-01-29T08:21:25","guid":{"rendered":"https:\/\/hubsch-interior.com\/product\/product\/"},"modified":"2026-04-11T04:40:32","modified_gmt":"2026-04-11T02:40:32","slug":"easypeasy-geschirrtuch-sandfarben-gelb","status":"publish","type":"product","link":"https:\/\/hubsch-interior.com\/de\/produkt\/easypeasy-geschirrtuch-sandfarben-gelb\/","title":{"rendered":"Easypeasy Geschirrtuch Sandfarben\/Gelb"},"content":{"rendered":"<p>Lernen Sie das Easypeasy Geschirrtuch kennen, Ihren neuen treuen K\u00fcchenbegleiter! Aus weicher und saugf\u00e4higer Baumwolle gefertigt, ist dieses Geschirrtuch eine stilvolle und praktische Wahl f\u00fcr den t\u00e4glichen Gebrauch. Seine sand- und gelbe Farbe verleiht Ihrer K\u00fcche eine warme Note, w\u00e4hrend die Stickereidetails in kontrastierender Farbe ihm einen einzigartigen und handgefertigten Look verleihen. Mit verschiedenen Varianten zur Auswahl ist dieses OEKO-TEX\u00ae STANDARD 100 zertifizierte Geschirrtuch gr\u00f6\u00dfer als Ihr \u00fcbliches K\u00fcchentuch und bietet maximale Funktionalit\u00e4t. Verabschieden Sie sich von langweiligen Geschirrt\u00fcchern und begr\u00fc\u00dfen Sie das Easypeasy &#8211; die perfekte Kombination aus Stil und Langlebigkeit.<\/p>\n","protected":false},"excerpt":{"rendered":"<p>Lernen Sie das Easypeasy Geschirrtuch kennen, Ihren neuen treuen K\u00fcchenbegleiter! Aus weicher und saugf\u00e4higer Baumwolle gefertigt, ist dieses Geschirrtuch eine stilvolle und praktische Wahl f\u00fcr den t\u00e4glichen Gebrauch. Seine sand- und gelbe Farbe verleiht Ihrer K\u00fcche eine warme Note, w\u00e4hrend die Stickereidetails in kontrastierender Farbe ihm einen einzigartigen und handgefertigten Look verleihen. Mit verschiedenen Varianten [&hellip;]<\/p>\n","protected":false},"featured_media":1100477,"template":"","meta":{"_acf_changed":false,"inline_featured_image":false},"product_brand":[],"product_cat":[6884,6972,3004,4092,6519],"product_tag":[],"class_list":{"0":"post-976821","1":"product","2":"type-product","3":"status-publish","4":"has-post-thumbnail","6":"product_cat-elevating-nostalgia-de","7":"product_cat-oster-sale","8":"product_cat-textilien","9":"product_cat-kuechentextilien-de","10":"product_cat-outlet-de","11":"product_shipping_class-pk","13":"pa_color-gelb","14":"pa_color-sandfarben","15":"pa_material-cotton-100-de","17":"first","18":"instock","19":"sale","20":"taxable","21":"shipping-taxable","22":"purchasable","23":"product-type-simple"},"exclude_global_add_ons":[],"addons":[],"acf":[],"yoast_head":"<!-- This site is optimized with the Yoast SEO plugin v26.4 - https:\/\/yoast.com\/wordpress\/plugins\/seo\/ -->\n<title>Easypeasy Geschirrtuch Sandfarben\/Gelb - H\u00fcbsch<\/title>\n<meta name=\"description\" content=\"Lernen Sie das Easypeasy Geschirrtuch kennen, Ihren neuen treuen K\u00fcchenbegleiter! Aus weicher und saugf\u00e4higer Baumwolle gefertigt, ist dieses Geschirrtuch\" \/>\n<meta name=\"robots\" content=\"index, follow, max-snippet:-1, max-image-preview:large, max-video-preview:-1\" \/>\n<link rel=\"canonical\" href=\"https:\/\/hubsch-interior.com\/de\/wp-json\/wp\/v2\/product\/976821\" \/>\n<meta property=\"og:locale\" content=\"de_DE\" \/>\n<meta property=\"og:type\" content=\"article\" \/>\n<meta property=\"og:title\" content=\"Easypeasy Geschirrtuch Sandfarben\/Gelb - H\u00fcbsch\" \/>\n<meta property=\"og:description\" content=\"Lernen Sie das Easypeasy Geschirrtuch kennen, Ihren neuen treuen K\u00fcchenbegleiter! Aus weicher und saugf\u00e4higer Baumwolle gefertigt, ist dieses Geschirrtuch\" \/>\n<meta property=\"og:url\" content=\"https:\/\/hubsch-interior.com\/de\/produkt\/easypeasy-geschirrtuch-sandfarben-gelb\/\" \/>\n<meta property=\"og:site_name\" content=\"H\u00fcbsch\" \/>\n<meta property=\"article:modified_time\" content=\"2026-04-11T02:40:32+00:00\" \/>\n<meta property=\"og:image\" content=\"https:\/\/hubsch-interior.com\/wp-content\/uploads\/2024\/01\/easypeasy-tea-towel-sandyellow-c9b6adbdc96b7339616c0ce8cf5b6ef7.jpg\" \/>\n\t<meta property=\"og:image:width\" content=\"1200\" \/>\n\t<meta property=\"og:image:height\" content=\"1200\" \/>\n\t<meta property=\"og:image:type\" content=\"image\/jpeg\" \/>\n<meta name=\"twitter:card\" content=\"summary_large_image\" \/>\n<meta name=\"twitter:label1\" content=\"Gesch\u00e4tzte Lesezeit\" \/>\n\t<meta name=\"twitter:data1\" content=\"1\u00a0Minute\" \/>\n<script type=\"application\/ld+json\" class=\"yoast-schema-graph\">{\"@context\":\"https:\/\/schema.org\",\"@graph\":[{\"@type\":\"WebPage\",\"@id\":\"https:\/\/hubsch-interior.com\/de\/produkt\/easypeasy-geschirrtuch-sandfarben-gelb\/\",\"url\":\"https:\/\/hubsch-interior.com\/de\/produkt\/easypeasy-geschirrtuch-sandfarben-gelb\/\",\"name\":\"Easypeasy Geschirrtuch Sandfarben\/Gelb - H\u00fcbsch\",\"isPartOf\":{\"@id\":\"https:\/\/hubsch-interior.com\/de\/#website\"},\"primaryImageOfPage\":{\"@id\":\"https:\/\/hubsch-interior.com\/de\/produkt\/easypeasy-geschirrtuch-sandfarben-gelb\/#primaryimage\"},\"image\":{\"@id\":\"https:\/\/hubsch-interior.com\/de\/produkt\/easypeasy-geschirrtuch-sandfarben-gelb\/#primaryimage\"},\"thumbnailUrl\":\"https:\/\/hubsch-interior.com\/wp-content\/uploads\/2026\/02\/easypeasy-tea-towel-sandyellow-7b60793b56f0c669867b65b46ce24a9a.jpg\",\"datePublished\":\"2024-01-29T08:21:25+00:00\",\"dateModified\":\"2026-04-11T02:40:32+00:00\",\"description\":\"Lernen Sie das Easypeasy Geschirrtuch kennen, Ihren neuen treuen K\u00fcchenbegleiter! Aus weicher und saugf\u00e4higer Baumwolle gefertigt, ist dieses Geschirrtuch\",\"breadcrumb\":{\"@id\":\"https:\/\/hubsch-interior.com\/de\/produkt\/easypeasy-geschirrtuch-sandfarben-gelb\/#breadcrumb\"},\"inLanguage\":\"de\",\"potentialAction\":[{\"@type\":\"ReadAction\",\"target\":[\"https:\/\/hubsch-interior.com\/de\/produkt\/easypeasy-geschirrtuch-sandfarben-gelb\/\"]}]},{\"@type\":\"ImageObject\",\"inLanguage\":\"de\",\"@id\":\"https:\/\/hubsch-interior.com\/de\/produkt\/easypeasy-geschirrtuch-sandfarben-gelb\/#primaryimage\",\"url\":\"https:\/\/hubsch-interior.com\/wp-content\/uploads\/2026\/02\/easypeasy-tea-towel-sandyellow-7b60793b56f0c669867b65b46ce24a9a.jpg\",\"contentUrl\":\"https:\/\/hubsch-interior.com\/wp-content\/uploads\/2026\/02\/easypeasy-tea-towel-sandyellow-7b60793b56f0c669867b65b46ce24a9a.jpg\",\"width\":1024,\"height\":1024},{\"@type\":\"BreadcrumbList\",\"@id\":\"https:\/\/hubsch-interior.com\/de\/produkt\/easypeasy-geschirrtuch-sandfarben-gelb\/#breadcrumb\",\"itemListElement\":[{\"@type\":\"ListItem\",\"position\":1,\"name\":\"Startseite\",\"item\":\"https:\/\/hubsch-interior.com\/de\/\"},{\"@type\":\"ListItem\",\"position\":2,\"name\":\"Produkte\",\"item\":\"https:\/\/hubsch-interior.com\/de\/shop-2\/\"},{\"@type\":\"ListItem\",\"position\":3,\"name\":\"Textilien\",\"item\":\"https:\/\/hubsch-interior.com\/de\/produkt-kategorie\/textilien\/\"},{\"@type\":\"ListItem\",\"position\":4,\"name\":\"K&uuml;chentextilien\",\"item\":\"https:\/\/hubsch-interior.com\/de\/produkt-kategorie\/textilien\/kuechentextilien-de\/\"},{\"@type\":\"ListItem\",\"position\":5,\"name\":\"Easypeasy Geschirrtuch Sandfarben\/Gelb\"}]},{\"@type\":\"WebSite\",\"@id\":\"https:\/\/hubsch-interior.com\/de\/#website\",\"url\":\"https:\/\/hubsch-interior.com\/de\/\",\"name\":\"H\u00fcbsch\",\"description\":\"Danish Home Interior and Design\",\"publisher\":{\"@id\":\"https:\/\/hubsch-interior.com\/de\/#organization\"},\"potentialAction\":[{\"@type\":\"SearchAction\",\"target\":{\"@type\":\"EntryPoint\",\"urlTemplate\":\"https:\/\/hubsch-interior.com\/de\/?s={search_term_string}\"},\"query-input\":{\"@type\":\"PropertyValueSpecification\",\"valueRequired\":true,\"valueName\":\"search_term_string\"}}],\"inLanguage\":\"de\"},{\"@type\":\"Organization\",\"@id\":\"https:\/\/hubsch-interior.com\/de\/#organization\",\"name\":\"H\u00fcbsch\",\"url\":\"https:\/\/hubsch-interior.com\/de\/\",\"logo\":{\"@type\":\"ImageObject\",\"inLanguage\":\"de\",\"@id\":\"https:\/\/hubsch-interior.com\/de\/#\/schema\/logo\/image\/\",\"url\":\"https:\/\/hubsch-interior.com\/wp-content\/uploads\/2022\/12\/Hubsch_logo_black_one_line.svg\",\"contentUrl\":\"https:\/\/hubsch-interior.com\/wp-content\/uploads\/2022\/12\/Hubsch_logo_black_one_line.svg\",\"caption\":\"H\u00fcbsch\"},\"image\":{\"@id\":\"https:\/\/hubsch-interior.com\/de\/#\/schema\/logo\/image\/\"}}]}<\/script>\n<!-- \/ Yoast SEO plugin. -->","yoast_head_json":{"title":"Easypeasy Geschirrtuch Sandfarben\/Gelb - H\u00fcbsch","description":"Lernen Sie das Easypeasy Geschirrtuch kennen, Ihren neuen treuen K\u00fcchenbegleiter! Aus weicher und saugf\u00e4higer Baumwolle gefertigt, ist dieses Geschirrtuch","robots":{"index":"index","follow":"follow","max-snippet":"max-snippet:-1","max-image-preview":"max-image-preview:large","max-video-preview":"max-video-preview:-1"},"canonical":"https:\/\/hubsch-interior.com\/de\/wp-json\/wp\/v2\/product\/976821","og_locale":"de_DE","og_type":"article","og_title":"Easypeasy Geschirrtuch Sandfarben\/Gelb - H\u00fcbsch","og_description":"Lernen Sie das Easypeasy Geschirrtuch kennen, Ihren neuen treuen K\u00fcchenbegleiter! Aus weicher und saugf\u00e4higer Baumwolle gefertigt, ist dieses Geschirrtuch","og_url":"https:\/\/hubsch-interior.com\/de\/produkt\/easypeasy-geschirrtuch-sandfarben-gelb\/","og_site_name":"H\u00fcbsch","article_modified_time":"2026-04-11T02:40:32+00:00","og_image":[{"width":1200,"height":1200,"url":"https:\/\/hubsch-interior.com\/wp-content\/uploads\/2024\/01\/easypeasy-tea-towel-sandyellow-c9b6adbdc96b7339616c0ce8cf5b6ef7.jpg","type":"image\/jpeg"}],"twitter_card":"summary_large_image","twitter_misc":{"Gesch\u00e4tzte Lesezeit":"1\u00a0Minute"},"schema":{"@context":"https:\/\/schema.org","@graph":[{"@type":"WebPage","@id":"https:\/\/hubsch-interior.com\/de\/produkt\/easypeasy-geschirrtuch-sandfarben-gelb\/","url":"https:\/\/hubsch-interior.com\/de\/produkt\/easypeasy-geschirrtuch-sandfarben-gelb\/","name":"Easypeasy Geschirrtuch Sandfarben\/Gelb - H\u00fcbsch","isPartOf":{"@id":"https:\/\/hubsch-interior.com\/de\/#website"},"primaryImageOfPage":{"@id":"https:\/\/hubsch-interior.com\/de\/produkt\/easypeasy-geschirrtuch-sandfarben-gelb\/#primaryimage"},"image":{"@id":"https:\/\/hubsch-interior.com\/de\/produkt\/easypeasy-geschirrtuch-sandfarben-gelb\/#primaryimage"},"thumbnailUrl":"https:\/\/hubsch-interior.com\/wp-content\/uploads\/2026\/02\/easypeasy-tea-towel-sandyellow-7b60793b56f0c669867b65b46ce24a9a.jpg","datePublished":"2024-01-29T08:21:25+00:00","dateModified":"2026-04-11T02:40:32+00:00","description":"Lernen Sie das Easypeasy Geschirrtuch kennen, Ihren neuen treuen K\u00fcchenbegleiter! Aus weicher und saugf\u00e4higer Baumwolle gefertigt, ist dieses Geschirrtuch","breadcrumb":{"@id":"https:\/\/hubsch-interior.com\/de\/produkt\/easypeasy-geschirrtuch-sandfarben-gelb\/#breadcrumb"},"inLanguage":"de","potentialAction":[{"@type":"ReadAction","target":["https:\/\/hubsch-interior.com\/de\/produkt\/easypeasy-geschirrtuch-sandfarben-gelb\/"]}]},{"@type":"ImageObject","inLanguage":"de","@id":"https:\/\/hubsch-interior.com\/de\/produkt\/easypeasy-geschirrtuch-sandfarben-gelb\/#primaryimage","url":"https:\/\/hubsch-interior.com\/wp-content\/uploads\/2026\/02\/easypeasy-tea-towel-sandyellow-7b60793b56f0c669867b65b46ce24a9a.jpg","contentUrl":"https:\/\/hubsch-interior.com\/wp-content\/uploads\/2026\/02\/easypeasy-tea-towel-sandyellow-7b60793b56f0c669867b65b46ce24a9a.jpg","width":1024,"height":1024},{"@type":"BreadcrumbList","@id":"https:\/\/hubsch-interior.com\/de\/produkt\/easypeasy-geschirrtuch-sandfarben-gelb\/#breadcrumb","itemListElement":[{"@type":"ListItem","position":1,"name":"Startseite","item":"https:\/\/hubsch-interior.com\/de\/"},{"@type":"ListItem","position":2,"name":"Produkte","item":"https:\/\/hubsch-interior.com\/de\/shop-2\/"},{"@type":"ListItem","position":3,"name":"Textilien","item":"https:\/\/hubsch-interior.com\/de\/produkt-kategorie\/textilien\/"},{"@type":"ListItem","position":4,"name":"K&uuml;chentextilien","item":"https:\/\/hubsch-interior.com\/de\/produkt-kategorie\/textilien\/kuechentextilien-de\/"},{"@type":"ListItem","position":5,"name":"Easypeasy Geschirrtuch Sandfarben\/Gelb"}]},{"@type":"WebSite","@id":"https:\/\/hubsch-interior.com\/de\/#website","url":"https:\/\/hubsch-interior.com\/de\/","name":"H\u00fcbsch","description":"Danish Home Interior and Design","publisher":{"@id":"https:\/\/hubsch-interior.com\/de\/#organization"},"potentialAction":[{"@type":"SearchAction","target":{"@type":"EntryPoint","urlTemplate":"https:\/\/hubsch-interior.com\/de\/?s={search_term_string}"},"query-input":{"@type":"PropertyValueSpecification","valueRequired":true,"valueName":"search_term_string"}}],"inLanguage":"de"},{"@type":"Organization","@id":"https:\/\/hubsch-interior.com\/de\/#organization","name":"H\u00fcbsch","url":"https:\/\/hubsch-interior.com\/de\/","logo":{"@type":"ImageObject","inLanguage":"de","@id":"https:\/\/hubsch-interior.com\/de\/#\/schema\/logo\/image\/","url":"https:\/\/hubsch-interior.com\/wp-content\/uploads\/2022\/12\/Hubsch_logo_black_one_line.svg","contentUrl":"https:\/\/hubsch-interior.com\/wp-content\/uploads\/2022\/12\/Hubsch_logo_black_one_line.svg","caption":"H\u00fcbsch"},"image":{"@id":"https:\/\/hubsch-interior.com\/de\/#\/schema\/logo\/image\/"}}]}},"_links":{"self":[{"href":"https:\/\/hubsch-interior.com\/de\/wp-json\/wp\/v2\/product\/976821","targetHints":{"allow":["GET"]}}],"collection":[{"href":"https:\/\/hubsch-interior.com\/de\/wp-json\/wp\/v2\/product"}],"about":[{"href":"https:\/\/hubsch-interior.com\/de\/wp-json\/wp\/v2\/types\/product"}],"wp:featuredmedia":[{"embeddable":true,"href":"https:\/\/hubsch-interior.com\/de\/wp-json\/wp\/v2\/media\/1100477"}],"wp:attachment":[{"href":"https:\/\/hubsch-interior.com\/de\/wp-json\/wp\/v2\/media?parent=976821"}],"wp:term":[{"taxonomy":"product_brand","embeddable":true,"href":"https:\/\/hubsch-interior.com\/de\/wp-json\/wp\/v2\/product_brand?post=976821"},{"taxonomy":"product_cat","embeddable":true,"href":"https:\/\/hubsch-interior.com\/de\/wp-json\/wp\/v2\/product_cat?post=976821"},{"taxonomy":"product_tag","embeddable":true,"href":"https:\/\/hubsch-interior.com\/de\/wp-json\/wp\/v2\/product_tag?post=976821"}],"curies":[{"name":"wp","href":"https:\/\/api.w.org\/{rel}","templated":true}]}}