{"id":976869,"date":"2024-01-29T09:22:31","date_gmt":"2024-01-29T08:22:31","guid":{"rendered":"https:\/\/hubsch-interior.com\/product\/product\/"},"modified":"2026-04-09T04:51:27","modified_gmt":"2026-04-09T02:51:27","slug":"athand-wandregal-nachttisch-naturfarben","status":"publish","type":"product","link":"https:\/\/hubsch-interior.com\/de\/produkt\/athand-wandregal-nachttisch-naturfarben\/","title":{"rendered":"AtHand Wandregal\/Nachttisch Naturfarben"},"content":{"rendered":"<p>Das vielseitige und stilvolle AtHand Wandregal\/Nachttisch ist perfekt f\u00fcr alle, die ihrem Raum Funktionalit\u00e4t und Charme verleihen m\u00f6chten. Hergestellt aus FSC-zertifiziertem Naturholz mit einer wundersch\u00f6nen Eichenfurnier, ist dieses zeitlose M\u00f6belst\u00fcck sowohl umweltfreundlich als auch optisch ansprechend. Dank seiner kompakten Gr\u00f6\u00dfe eignet es sich ideal f\u00fcr kleinere R\u00e4ume und kann problemlos an der Wand neben Ihrem Bett oder im Eingangsbereich angebracht werden. Die 2 Schubladen bieten ausreichend Stauraum f\u00fcr alle wichtigen Dinge auf Ihrem Nachttisch, w\u00e4hrend das leichte und dennoch robuste Design eine langfristige Nutzung gew\u00e4hrleistet. Versch\u00f6nern Sie Ihr Schlafzimmer oder Ihren Eingangsbereich mit dem AtHand Wandregal\/Nachttisch.<\/p>\n","protected":false},"excerpt":{"rendered":"<p>Das vielseitige und stilvolle AtHand Wandregal\/Nachttisch ist perfekt f\u00fcr alle, die ihrem Raum Funktionalit\u00e4t und Charme verleihen m\u00f6chten. Hergestellt aus FSC-zertifiziertem Naturholz mit einer wundersch\u00f6nen Eichenfurnier, ist dieses zeitlose M\u00f6belst\u00fcck sowohl umweltfreundlich als auch optisch ansprechend. Dank seiner kompakten Gr\u00f6\u00dfe eignet es sich ideal f\u00fcr kleinere R\u00e4ume und kann problemlos an der Wand neben Ihrem [&hellip;]<\/p>\n","protected":false},"featured_media":1103413,"template":"","meta":{"_acf_changed":false,"inline_featured_image":false},"product_brand":[],"product_cat":[6944,6884,6893,6323,2861,4803,4003,4024,5027],"product_tag":[],"class_list":{"0":"post-976869","1":"product","2":"type-product","3":"status-publish","4":"has-post-thumbnail","6":"product_cat-bestseller-2025-de","7":"product_cat-elevating-nostalgia-de","8":"product_cat-multifunktionale-moebel-de","9":"product_cat-fsc-de","10":"product_cat-tische-de","11":"product_cat-nachttische-de","12":"product_cat-regale-aufbewahrung-de","13":"product_cat-ablagen-de","14":"product_cat-bestsellers-de","15":"product_shipping_class-pk","17":"pa_color-naturfarben-2","18":"pa_material-mdf-de","19":"pa_material-eichenfurnier","21":"first","22":"instock","23":"featured","24":"taxable","25":"shipping-taxable","26":"purchasable","27":"product-type-simple"},"exclude_global_add_ons":[],"addons":[],"acf":[],"yoast_head":"<!-- This site is optimized with the Yoast SEO plugin v26.4 - https:\/\/yoast.com\/wordpress\/plugins\/seo\/ -->\n<title>AtHand Wandregal\/Nachttisch Naturfarben - H\u00fcbsch<\/title>\n<meta name=\"description\" content=\"Das vielseitige und stilvolle AtHand Wandregal\/Nachttisch ist perfekt f\u00fcr alle, die ihrem Raum Funktionalit\u00e4t und Charme verleihen m\u00f6chten. Hergestellt\" \/>\n<meta name=\"robots\" content=\"index, follow, max-snippet:-1, max-image-preview:large, max-video-preview:-1\" \/>\n<link rel=\"canonical\" href=\"https:\/\/hubsch-interior.com\/de\/wp-json\/wp\/v2\/product\/976869\" \/>\n<meta property=\"og:locale\" content=\"de_DE\" \/>\n<meta property=\"og:type\" content=\"article\" \/>\n<meta property=\"og:title\" content=\"AtHand Wandregal\/Nachttisch Naturfarben - H\u00fcbsch\" \/>\n<meta property=\"og:description\" content=\"Das vielseitige und stilvolle AtHand Wandregal\/Nachttisch ist perfekt f\u00fcr alle, die ihrem Raum Funktionalit\u00e4t und Charme verleihen m\u00f6chten. Hergestellt\" \/>\n<meta property=\"og:url\" content=\"https:\/\/hubsch-interior.com\/de\/produkt\/athand-wandregal-nachttisch-naturfarben\/\" \/>\n<meta property=\"og:site_name\" content=\"H\u00fcbsch\" \/>\n<meta property=\"article:modified_time\" content=\"2026-04-09T02:51:27+00:00\" \/>\n<meta property=\"og:image\" content=\"https:\/\/hubsch-interior.com\/wp-content\/uploads\/2024\/03\/athand-wall-shelfbedside-table-natural-d73dccb9739c4deffe69d6387de8e10a.jpg\" \/>\n\t<meta property=\"og:image:width\" content=\"1200\" \/>\n\t<meta property=\"og:image:height\" content=\"1200\" \/>\n\t<meta property=\"og:image:type\" content=\"image\/jpeg\" \/>\n<meta name=\"twitter:card\" content=\"summary_large_image\" \/>\n<meta name=\"twitter:label1\" content=\"Gesch\u00e4tzte Lesezeit\" \/>\n\t<meta name=\"twitter:data1\" content=\"1\u00a0Minute\" \/>\n<script type=\"application\/ld+json\" class=\"yoast-schema-graph\">{\"@context\":\"https:\/\/schema.org\",\"@graph\":[{\"@type\":\"WebPage\",\"@id\":\"https:\/\/hubsch-interior.com\/de\/produkt\/athand-wandregal-nachttisch-naturfarben\/\",\"url\":\"https:\/\/hubsch-interior.com\/de\/produkt\/athand-wandregal-nachttisch-naturfarben\/\",\"name\":\"AtHand Wandregal\/Nachttisch Naturfarben - H\u00fcbsch\",\"isPartOf\":{\"@id\":\"https:\/\/hubsch-interior.com\/de\/#website\"},\"primaryImageOfPage\":{\"@id\":\"https:\/\/hubsch-interior.com\/de\/produkt\/athand-wandregal-nachttisch-naturfarben\/#primaryimage\"},\"image\":{\"@id\":\"https:\/\/hubsch-interior.com\/de\/produkt\/athand-wandregal-nachttisch-naturfarben\/#primaryimage\"},\"thumbnailUrl\":\"https:\/\/hubsch-interior.com\/wp-content\/uploads\/2026\/02\/athand-wall-shelfbedside-table-natural-db9ae1e349cfdf7a4eb008cac304f9e8.jpg\",\"datePublished\":\"2024-01-29T08:22:31+00:00\",\"dateModified\":\"2026-04-09T02:51:27+00:00\",\"description\":\"Das vielseitige und stilvolle AtHand Wandregal\/Nachttisch ist perfekt f\u00fcr alle, die ihrem Raum Funktionalit\u00e4t und Charme verleihen m\u00f6chten. Hergestellt\",\"breadcrumb\":{\"@id\":\"https:\/\/hubsch-interior.com\/de\/produkt\/athand-wandregal-nachttisch-naturfarben\/#breadcrumb\"},\"inLanguage\":\"de\",\"potentialAction\":[{\"@type\":\"ReadAction\",\"target\":[\"https:\/\/hubsch-interior.com\/de\/produkt\/athand-wandregal-nachttisch-naturfarben\/\"]}]},{\"@type\":\"ImageObject\",\"inLanguage\":\"de\",\"@id\":\"https:\/\/hubsch-interior.com\/de\/produkt\/athand-wandregal-nachttisch-naturfarben\/#primaryimage\",\"url\":\"https:\/\/hubsch-interior.com\/wp-content\/uploads\/2026\/02\/athand-wall-shelfbedside-table-natural-db9ae1e349cfdf7a4eb008cac304f9e8.jpg\",\"contentUrl\":\"https:\/\/hubsch-interior.com\/wp-content\/uploads\/2026\/02\/athand-wall-shelfbedside-table-natural-db9ae1e349cfdf7a4eb008cac304f9e8.jpg\",\"width\":1024,\"height\":1024},{\"@type\":\"BreadcrumbList\",\"@id\":\"https:\/\/hubsch-interior.com\/de\/produkt\/athand-wandregal-nachttisch-naturfarben\/#breadcrumb\",\"itemListElement\":[{\"@type\":\"ListItem\",\"position\":1,\"name\":\"Startseite\",\"item\":\"https:\/\/hubsch-interior.com\/de\/\"},{\"@type\":\"ListItem\",\"position\":2,\"name\":\"Produkte\",\"item\":\"https:\/\/hubsch-interior.com\/de\/shop-2\/\"},{\"@type\":\"ListItem\",\"position\":3,\"name\":\"M\u00f6bel\",\"item\":\"https:\/\/hubsch-interior.com\/de\/produkt-kategorie\/moebel\/\"},{\"@type\":\"ListItem\",\"position\":4,\"name\":\"Tische\",\"item\":\"https:\/\/hubsch-interior.com\/de\/produkt-kategorie\/moebel\/tische-de\/\"},{\"@type\":\"ListItem\",\"position\":5,\"name\":\"Nachttische\",\"item\":\"https:\/\/hubsch-interior.com\/de\/produkt-kategorie\/moebel\/tische-de\/nachttische-de\/\"},{\"@type\":\"ListItem\",\"position\":6,\"name\":\"AtHand Wandregal\/Nachttisch Naturfarben\"}]},{\"@type\":\"WebSite\",\"@id\":\"https:\/\/hubsch-interior.com\/de\/#website\",\"url\":\"https:\/\/hubsch-interior.com\/de\/\",\"name\":\"H\u00fcbsch\",\"description\":\"Danish Home Interior and Design\",\"publisher\":{\"@id\":\"https:\/\/hubsch-interior.com\/de\/#organization\"},\"potentialAction\":[{\"@type\":\"SearchAction\",\"target\":{\"@type\":\"EntryPoint\",\"urlTemplate\":\"https:\/\/hubsch-interior.com\/de\/?s={search_term_string}\"},\"query-input\":{\"@type\":\"PropertyValueSpecification\",\"valueRequired\":true,\"valueName\":\"search_term_string\"}}],\"inLanguage\":\"de\"},{\"@type\":\"Organization\",\"@id\":\"https:\/\/hubsch-interior.com\/de\/#organization\",\"name\":\"H\u00fcbsch\",\"url\":\"https:\/\/hubsch-interior.com\/de\/\",\"logo\":{\"@type\":\"ImageObject\",\"inLanguage\":\"de\",\"@id\":\"https:\/\/hubsch-interior.com\/de\/#\/schema\/logo\/image\/\",\"url\":\"https:\/\/hubsch-interior.com\/wp-content\/uploads\/2022\/12\/Hubsch_logo_black_one_line.svg\",\"contentUrl\":\"https:\/\/hubsch-interior.com\/wp-content\/uploads\/2022\/12\/Hubsch_logo_black_one_line.svg\",\"caption\":\"H\u00fcbsch\"},\"image\":{\"@id\":\"https:\/\/hubsch-interior.com\/de\/#\/schema\/logo\/image\/\"}}]}<\/script>\n<!-- \/ Yoast SEO plugin. -->","yoast_head_json":{"title":"AtHand Wandregal\/Nachttisch Naturfarben - H\u00fcbsch","description":"Das vielseitige und stilvolle AtHand Wandregal\/Nachttisch ist perfekt f\u00fcr alle, die ihrem Raum Funktionalit\u00e4t und Charme verleihen m\u00f6chten. Hergestellt","robots":{"index":"index","follow":"follow","max-snippet":"max-snippet:-1","max-image-preview":"max-image-preview:large","max-video-preview":"max-video-preview:-1"},"canonical":"https:\/\/hubsch-interior.com\/de\/wp-json\/wp\/v2\/product\/976869","og_locale":"de_DE","og_type":"article","og_title":"AtHand Wandregal\/Nachttisch Naturfarben - H\u00fcbsch","og_description":"Das vielseitige und stilvolle AtHand Wandregal\/Nachttisch ist perfekt f\u00fcr alle, die ihrem Raum Funktionalit\u00e4t und Charme verleihen m\u00f6chten. Hergestellt","og_url":"https:\/\/hubsch-interior.com\/de\/produkt\/athand-wandregal-nachttisch-naturfarben\/","og_site_name":"H\u00fcbsch","article_modified_time":"2026-04-09T02:51:27+00:00","og_image":[{"width":1200,"height":1200,"url":"https:\/\/hubsch-interior.com\/wp-content\/uploads\/2024\/03\/athand-wall-shelfbedside-table-natural-d73dccb9739c4deffe69d6387de8e10a.jpg","type":"image\/jpeg"}],"twitter_card":"summary_large_image","twitter_misc":{"Gesch\u00e4tzte Lesezeit":"1\u00a0Minute"},"schema":{"@context":"https:\/\/schema.org","@graph":[{"@type":"WebPage","@id":"https:\/\/hubsch-interior.com\/de\/produkt\/athand-wandregal-nachttisch-naturfarben\/","url":"https:\/\/hubsch-interior.com\/de\/produkt\/athand-wandregal-nachttisch-naturfarben\/","name":"AtHand Wandregal\/Nachttisch Naturfarben - H\u00fcbsch","isPartOf":{"@id":"https:\/\/hubsch-interior.com\/de\/#website"},"primaryImageOfPage":{"@id":"https:\/\/hubsch-interior.com\/de\/produkt\/athand-wandregal-nachttisch-naturfarben\/#primaryimage"},"image":{"@id":"https:\/\/hubsch-interior.com\/de\/produkt\/athand-wandregal-nachttisch-naturfarben\/#primaryimage"},"thumbnailUrl":"https:\/\/hubsch-interior.com\/wp-content\/uploads\/2026\/02\/athand-wall-shelfbedside-table-natural-db9ae1e349cfdf7a4eb008cac304f9e8.jpg","datePublished":"2024-01-29T08:22:31+00:00","dateModified":"2026-04-09T02:51:27+00:00","description":"Das vielseitige und stilvolle AtHand Wandregal\/Nachttisch ist perfekt f\u00fcr alle, die ihrem Raum Funktionalit\u00e4t und Charme verleihen m\u00f6chten. Hergestellt","breadcrumb":{"@id":"https:\/\/hubsch-interior.com\/de\/produkt\/athand-wandregal-nachttisch-naturfarben\/#breadcrumb"},"inLanguage":"de","potentialAction":[{"@type":"ReadAction","target":["https:\/\/hubsch-interior.com\/de\/produkt\/athand-wandregal-nachttisch-naturfarben\/"]}]},{"@type":"ImageObject","inLanguage":"de","@id":"https:\/\/hubsch-interior.com\/de\/produkt\/athand-wandregal-nachttisch-naturfarben\/#primaryimage","url":"https:\/\/hubsch-interior.com\/wp-content\/uploads\/2026\/02\/athand-wall-shelfbedside-table-natural-db9ae1e349cfdf7a4eb008cac304f9e8.jpg","contentUrl":"https:\/\/hubsch-interior.com\/wp-content\/uploads\/2026\/02\/athand-wall-shelfbedside-table-natural-db9ae1e349cfdf7a4eb008cac304f9e8.jpg","width":1024,"height":1024},{"@type":"BreadcrumbList","@id":"https:\/\/hubsch-interior.com\/de\/produkt\/athand-wandregal-nachttisch-naturfarben\/#breadcrumb","itemListElement":[{"@type":"ListItem","position":1,"name":"Startseite","item":"https:\/\/hubsch-interior.com\/de\/"},{"@type":"ListItem","position":2,"name":"Produkte","item":"https:\/\/hubsch-interior.com\/de\/shop-2\/"},{"@type":"ListItem","position":3,"name":"M\u00f6bel","item":"https:\/\/hubsch-interior.com\/de\/produkt-kategorie\/moebel\/"},{"@type":"ListItem","position":4,"name":"Tische","item":"https:\/\/hubsch-interior.com\/de\/produkt-kategorie\/moebel\/tische-de\/"},{"@type":"ListItem","position":5,"name":"Nachttische","item":"https:\/\/hubsch-interior.com\/de\/produkt-kategorie\/moebel\/tische-de\/nachttische-de\/"},{"@type":"ListItem","position":6,"name":"AtHand Wandregal\/Nachttisch Naturfarben"}]},{"@type":"WebSite","@id":"https:\/\/hubsch-interior.com\/de\/#website","url":"https:\/\/hubsch-interior.com\/de\/","name":"H\u00fcbsch","description":"Danish Home Interior and Design","publisher":{"@id":"https:\/\/hubsch-interior.com\/de\/#organization"},"potentialAction":[{"@type":"SearchAction","target":{"@type":"EntryPoint","urlTemplate":"https:\/\/hubsch-interior.com\/de\/?s={search_term_string}"},"query-input":{"@type":"PropertyValueSpecification","valueRequired":true,"valueName":"search_term_string"}}],"inLanguage":"de"},{"@type":"Organization","@id":"https:\/\/hubsch-interior.com\/de\/#organization","name":"H\u00fcbsch","url":"https:\/\/hubsch-interior.com\/de\/","logo":{"@type":"ImageObject","inLanguage":"de","@id":"https:\/\/hubsch-interior.com\/de\/#\/schema\/logo\/image\/","url":"https:\/\/hubsch-interior.com\/wp-content\/uploads\/2022\/12\/Hubsch_logo_black_one_line.svg","contentUrl":"https:\/\/hubsch-interior.com\/wp-content\/uploads\/2022\/12\/Hubsch_logo_black_one_line.svg","caption":"H\u00fcbsch"},"image":{"@id":"https:\/\/hubsch-interior.com\/de\/#\/schema\/logo\/image\/"}}]}},"_links":{"self":[{"href":"https:\/\/hubsch-interior.com\/de\/wp-json\/wp\/v2\/product\/976869","targetHints":{"allow":["GET"]}}],"collection":[{"href":"https:\/\/hubsch-interior.com\/de\/wp-json\/wp\/v2\/product"}],"about":[{"href":"https:\/\/hubsch-interior.com\/de\/wp-json\/wp\/v2\/types\/product"}],"wp:featuredmedia":[{"embeddable":true,"href":"https:\/\/hubsch-interior.com\/de\/wp-json\/wp\/v2\/media\/1103413"}],"wp:attachment":[{"href":"https:\/\/hubsch-interior.com\/de\/wp-json\/wp\/v2\/media?parent=976869"}],"wp:term":[{"taxonomy":"product_brand","embeddable":true,"href":"https:\/\/hubsch-interior.com\/de\/wp-json\/wp\/v2\/product_brand?post=976869"},{"taxonomy":"product_cat","embeddable":true,"href":"https:\/\/hubsch-interior.com\/de\/wp-json\/wp\/v2\/product_cat?post=976869"},{"taxonomy":"product_tag","embeddable":true,"href":"https:\/\/hubsch-interior.com\/de\/wp-json\/wp\/v2\/product_tag?post=976869"}],"curies":[{"name":"wp","href":"https:\/\/api.w.org\/{rel}","templated":true}]}}