{"id":976917,"date":"2024-01-29T09:23:08","date_gmt":"2024-01-29T08:23:08","guid":{"rendered":"https:\/\/hubsch-interior.com\/product\/product\/"},"modified":"2026-04-09T04:51:38","modified_gmt":"2026-04-09T02:51:38","slug":"forma-regal-small-naturfarben","status":"publish","type":"product","link":"https:\/\/hubsch-interior.com\/de\/produkt\/forma-regal-small-naturfarben\/","title":{"rendered":"Forma Regal Small Naturfarben"},"content":{"rendered":"<p>Pr\u00e4sentieren wir das Forma Regal, die perfekte Kombination aus Funktionalit\u00e4t und Stil. Erh\u00e4ltlich in zwei atemberaubenden Varianten, ist dieses Regal in nat\u00fcrlicher Farbe ein Muss f\u00fcr jedes moderne Zuhause. Hergestellt aus FSC-zertifiziertem Holz und Eichenfurnier, f\u00fcgt es nicht nur eine Note von Eleganz zu Ihrem Raum hinzu, sondern f\u00f6rdert auch Nachhaltigkeit. Seine grafische Form, einfache Konstruktion und Schl\u00fcssellochmontage auf der R\u00fcckseite machen es schlank und zeitlos. Nutzen Sie es, um Ihre Lieblingsst\u00fccke zu lagern oder zu pr\u00e4sentieren, da es f\u00fcr jeden Raum anpassungsf\u00e4hig ist. Heben Sie Ihr Interior Design Spiel mit dem Forma Regal auf ein neues Level.<\/p>\n","protected":false},"excerpt":{"rendered":"<p>Pr\u00e4sentieren wir das Forma Regal, die perfekte Kombination aus Funktionalit\u00e4t und Stil. Erh\u00e4ltlich in zwei atemberaubenden Varianten, ist dieses Regal in nat\u00fcrlicher Farbe ein Muss f\u00fcr jedes moderne Zuhause. Hergestellt aus FSC-zertifiziertem Holz und Eichenfurnier, f\u00fcgt es nicht nur eine Note von Eleganz zu Ihrem Raum hinzu, sondern f\u00f6rdert auch Nachhaltigkeit. Seine grafische Form, einfache [&hellip;]<\/p>\n","protected":false},"featured_media":1103461,"template":"","meta":{"_acf_changed":false,"inline_featured_image":false},"product_brand":[],"product_cat":[6884,6897,7073,7074,6323,2861,4803,4003,4024,5027],"product_tag":[],"class_list":{"0":"post-976917","1":"product","2":"type-product","3":"status-publish","4":"has-post-thumbnail","6":"product_cat-elevating-nostalgia-de","7":"product_cat-forma-series-de","8":"product_cat-haken-regale-de","9":"product_cat-kuchen-regale-de","10":"product_cat-fsc-de","11":"product_cat-tische-de","12":"product_cat-nachttische-de","13":"product_cat-regale-aufbewahrung-de","14":"product_cat-ablagen-de","15":"product_cat-bestsellers-de","16":"product_shipping_class-pk","18":"pa_color-naturfarben-2","19":"pa_material-mdf-de","20":"pa_material-eichenfurnier","22":"first","23":"instock","24":"featured","25":"taxable","26":"shipping-taxable","27":"purchasable","28":"product-type-simple"},"exclude_global_add_ons":[],"addons":[],"acf":[],"yoast_head":"<!-- This site is optimized with the Yoast SEO plugin v26.4 - https:\/\/yoast.com\/wordpress\/plugins\/seo\/ -->\n<title>Forma Regal Small Naturfarben - H\u00fcbsch<\/title>\n<meta name=\"description\" content=\"Pr\u00e4sentieren wir das Forma Regal, die perfekte Kombination aus Funktionalit\u00e4t und Stil. Erh\u00e4ltlich in zwei atemberaubenden Varianten, ist dieses Regal in\" \/>\n<meta name=\"robots\" content=\"index, follow, max-snippet:-1, max-image-preview:large, max-video-preview:-1\" \/>\n<link rel=\"canonical\" href=\"https:\/\/hubsch-interior.com\/de\/wp-json\/wp\/v2\/product\/976917\" \/>\n<meta property=\"og:locale\" content=\"de_DE\" \/>\n<meta property=\"og:type\" content=\"article\" \/>\n<meta property=\"og:title\" content=\"Forma Regal Small Naturfarben - H\u00fcbsch\" \/>\n<meta property=\"og:description\" content=\"Pr\u00e4sentieren wir das Forma Regal, die perfekte Kombination aus Funktionalit\u00e4t und Stil. Erh\u00e4ltlich in zwei atemberaubenden Varianten, ist dieses Regal in\" \/>\n<meta property=\"og:url\" content=\"https:\/\/hubsch-interior.com\/de\/produkt\/forma-regal-small-naturfarben\/\" \/>\n<meta property=\"og:site_name\" content=\"H\u00fcbsch\" \/>\n<meta property=\"article:modified_time\" content=\"2026-04-09T02:51:38+00:00\" \/>\n<meta property=\"og:image\" content=\"https:\/\/hubsch-interior.com\/wp-content\/uploads\/2024\/03\/forma-shelf-small-natural-4d6774f529f06109968a3f61e0d9aa25.jpg\" \/>\n\t<meta property=\"og:image:width\" content=\"1200\" \/>\n\t<meta property=\"og:image:height\" content=\"1200\" \/>\n\t<meta property=\"og:image:type\" content=\"image\/jpeg\" \/>\n<meta name=\"twitter:card\" content=\"summary_large_image\" \/>\n<meta name=\"twitter:label1\" content=\"Gesch\u00e4tzte Lesezeit\" \/>\n\t<meta name=\"twitter:data1\" content=\"1\u00a0Minute\" \/>\n<script type=\"application\/ld+json\" class=\"yoast-schema-graph\">{\"@context\":\"https:\/\/schema.org\",\"@graph\":[{\"@type\":\"WebPage\",\"@id\":\"https:\/\/hubsch-interior.com\/de\/produkt\/forma-regal-small-naturfarben\/\",\"url\":\"https:\/\/hubsch-interior.com\/de\/produkt\/forma-regal-small-naturfarben\/\",\"name\":\"Forma Regal Small Naturfarben - H\u00fcbsch\",\"isPartOf\":{\"@id\":\"https:\/\/hubsch-interior.com\/de\/#website\"},\"primaryImageOfPage\":{\"@id\":\"https:\/\/hubsch-interior.com\/de\/produkt\/forma-regal-small-naturfarben\/#primaryimage\"},\"image\":{\"@id\":\"https:\/\/hubsch-interior.com\/de\/produkt\/forma-regal-small-naturfarben\/#primaryimage\"},\"thumbnailUrl\":\"https:\/\/hubsch-interior.com\/wp-content\/uploads\/2026\/02\/forma-shelf-small-natural-9afd8f0a1df2aec461ec8faa9b1c0d87.jpg\",\"datePublished\":\"2024-01-29T08:23:08+00:00\",\"dateModified\":\"2026-04-09T02:51:38+00:00\",\"description\":\"Pr\u00e4sentieren wir das Forma Regal, die perfekte Kombination aus Funktionalit\u00e4t und Stil. Erh\u00e4ltlich in zwei atemberaubenden Varianten, ist dieses Regal in\",\"breadcrumb\":{\"@id\":\"https:\/\/hubsch-interior.com\/de\/produkt\/forma-regal-small-naturfarben\/#breadcrumb\"},\"inLanguage\":\"de\",\"potentialAction\":[{\"@type\":\"ReadAction\",\"target\":[\"https:\/\/hubsch-interior.com\/de\/produkt\/forma-regal-small-naturfarben\/\"]}]},{\"@type\":\"ImageObject\",\"inLanguage\":\"de\",\"@id\":\"https:\/\/hubsch-interior.com\/de\/produkt\/forma-regal-small-naturfarben\/#primaryimage\",\"url\":\"https:\/\/hubsch-interior.com\/wp-content\/uploads\/2026\/02\/forma-shelf-small-natural-9afd8f0a1df2aec461ec8faa9b1c0d87.jpg\",\"contentUrl\":\"https:\/\/hubsch-interior.com\/wp-content\/uploads\/2026\/02\/forma-shelf-small-natural-9afd8f0a1df2aec461ec8faa9b1c0d87.jpg\",\"width\":1024,\"height\":1024},{\"@type\":\"BreadcrumbList\",\"@id\":\"https:\/\/hubsch-interior.com\/de\/produkt\/forma-regal-small-naturfarben\/#breadcrumb\",\"itemListElement\":[{\"@type\":\"ListItem\",\"position\":1,\"name\":\"Startseite\",\"item\":\"https:\/\/hubsch-interior.com\/de\/\"},{\"@type\":\"ListItem\",\"position\":2,\"name\":\"Produkte\",\"item\":\"https:\/\/hubsch-interior.com\/de\/shop-2\/\"},{\"@type\":\"ListItem\",\"position\":3,\"name\":\"M\u00f6bel\",\"item\":\"https:\/\/hubsch-interior.com\/de\/produkt-kategorie\/moebel\/\"},{\"@type\":\"ListItem\",\"position\":4,\"name\":\"Tische\",\"item\":\"https:\/\/hubsch-interior.com\/de\/produkt-kategorie\/moebel\/tische-de\/\"},{\"@type\":\"ListItem\",\"position\":5,\"name\":\"Nachttische\",\"item\":\"https:\/\/hubsch-interior.com\/de\/produkt-kategorie\/moebel\/tische-de\/nachttische-de\/\"},{\"@type\":\"ListItem\",\"position\":6,\"name\":\"Forma Regal Small Naturfarben\"}]},{\"@type\":\"WebSite\",\"@id\":\"https:\/\/hubsch-interior.com\/de\/#website\",\"url\":\"https:\/\/hubsch-interior.com\/de\/\",\"name\":\"H\u00fcbsch\",\"description\":\"Danish Home Interior and Design\",\"publisher\":{\"@id\":\"https:\/\/hubsch-interior.com\/de\/#organization\"},\"potentialAction\":[{\"@type\":\"SearchAction\",\"target\":{\"@type\":\"EntryPoint\",\"urlTemplate\":\"https:\/\/hubsch-interior.com\/de\/?s={search_term_string}\"},\"query-input\":{\"@type\":\"PropertyValueSpecification\",\"valueRequired\":true,\"valueName\":\"search_term_string\"}}],\"inLanguage\":\"de\"},{\"@type\":\"Organization\",\"@id\":\"https:\/\/hubsch-interior.com\/de\/#organization\",\"name\":\"H\u00fcbsch\",\"url\":\"https:\/\/hubsch-interior.com\/de\/\",\"logo\":{\"@type\":\"ImageObject\",\"inLanguage\":\"de\",\"@id\":\"https:\/\/hubsch-interior.com\/de\/#\/schema\/logo\/image\/\",\"url\":\"https:\/\/hubsch-interior.com\/wp-content\/uploads\/2022\/12\/Hubsch_logo_black_one_line.svg\",\"contentUrl\":\"https:\/\/hubsch-interior.com\/wp-content\/uploads\/2022\/12\/Hubsch_logo_black_one_line.svg\",\"caption\":\"H\u00fcbsch\"},\"image\":{\"@id\":\"https:\/\/hubsch-interior.com\/de\/#\/schema\/logo\/image\/\"}}]}<\/script>\n<!-- \/ Yoast SEO plugin. -->","yoast_head_json":{"title":"Forma Regal Small Naturfarben - H\u00fcbsch","description":"Pr\u00e4sentieren wir das Forma Regal, die perfekte Kombination aus Funktionalit\u00e4t und Stil. Erh\u00e4ltlich in zwei atemberaubenden Varianten, ist dieses Regal in","robots":{"index":"index","follow":"follow","max-snippet":"max-snippet:-1","max-image-preview":"max-image-preview:large","max-video-preview":"max-video-preview:-1"},"canonical":"https:\/\/hubsch-interior.com\/de\/wp-json\/wp\/v2\/product\/976917","og_locale":"de_DE","og_type":"article","og_title":"Forma Regal Small Naturfarben - H\u00fcbsch","og_description":"Pr\u00e4sentieren wir das Forma Regal, die perfekte Kombination aus Funktionalit\u00e4t und Stil. Erh\u00e4ltlich in zwei atemberaubenden Varianten, ist dieses Regal in","og_url":"https:\/\/hubsch-interior.com\/de\/produkt\/forma-regal-small-naturfarben\/","og_site_name":"H\u00fcbsch","article_modified_time":"2026-04-09T02:51:38+00:00","og_image":[{"width":1200,"height":1200,"url":"https:\/\/hubsch-interior.com\/wp-content\/uploads\/2024\/03\/forma-shelf-small-natural-4d6774f529f06109968a3f61e0d9aa25.jpg","type":"image\/jpeg"}],"twitter_card":"summary_large_image","twitter_misc":{"Gesch\u00e4tzte Lesezeit":"1\u00a0Minute"},"schema":{"@context":"https:\/\/schema.org","@graph":[{"@type":"WebPage","@id":"https:\/\/hubsch-interior.com\/de\/produkt\/forma-regal-small-naturfarben\/","url":"https:\/\/hubsch-interior.com\/de\/produkt\/forma-regal-small-naturfarben\/","name":"Forma Regal Small Naturfarben - H\u00fcbsch","isPartOf":{"@id":"https:\/\/hubsch-interior.com\/de\/#website"},"primaryImageOfPage":{"@id":"https:\/\/hubsch-interior.com\/de\/produkt\/forma-regal-small-naturfarben\/#primaryimage"},"image":{"@id":"https:\/\/hubsch-interior.com\/de\/produkt\/forma-regal-small-naturfarben\/#primaryimage"},"thumbnailUrl":"https:\/\/hubsch-interior.com\/wp-content\/uploads\/2026\/02\/forma-shelf-small-natural-9afd8f0a1df2aec461ec8faa9b1c0d87.jpg","datePublished":"2024-01-29T08:23:08+00:00","dateModified":"2026-04-09T02:51:38+00:00","description":"Pr\u00e4sentieren wir das Forma Regal, die perfekte Kombination aus Funktionalit\u00e4t und Stil. Erh\u00e4ltlich in zwei atemberaubenden Varianten, ist dieses Regal in","breadcrumb":{"@id":"https:\/\/hubsch-interior.com\/de\/produkt\/forma-regal-small-naturfarben\/#breadcrumb"},"inLanguage":"de","potentialAction":[{"@type":"ReadAction","target":["https:\/\/hubsch-interior.com\/de\/produkt\/forma-regal-small-naturfarben\/"]}]},{"@type":"ImageObject","inLanguage":"de","@id":"https:\/\/hubsch-interior.com\/de\/produkt\/forma-regal-small-naturfarben\/#primaryimage","url":"https:\/\/hubsch-interior.com\/wp-content\/uploads\/2026\/02\/forma-shelf-small-natural-9afd8f0a1df2aec461ec8faa9b1c0d87.jpg","contentUrl":"https:\/\/hubsch-interior.com\/wp-content\/uploads\/2026\/02\/forma-shelf-small-natural-9afd8f0a1df2aec461ec8faa9b1c0d87.jpg","width":1024,"height":1024},{"@type":"BreadcrumbList","@id":"https:\/\/hubsch-interior.com\/de\/produkt\/forma-regal-small-naturfarben\/#breadcrumb","itemListElement":[{"@type":"ListItem","position":1,"name":"Startseite","item":"https:\/\/hubsch-interior.com\/de\/"},{"@type":"ListItem","position":2,"name":"Produkte","item":"https:\/\/hubsch-interior.com\/de\/shop-2\/"},{"@type":"ListItem","position":3,"name":"M\u00f6bel","item":"https:\/\/hubsch-interior.com\/de\/produkt-kategorie\/moebel\/"},{"@type":"ListItem","position":4,"name":"Tische","item":"https:\/\/hubsch-interior.com\/de\/produkt-kategorie\/moebel\/tische-de\/"},{"@type":"ListItem","position":5,"name":"Nachttische","item":"https:\/\/hubsch-interior.com\/de\/produkt-kategorie\/moebel\/tische-de\/nachttische-de\/"},{"@type":"ListItem","position":6,"name":"Forma Regal Small Naturfarben"}]},{"@type":"WebSite","@id":"https:\/\/hubsch-interior.com\/de\/#website","url":"https:\/\/hubsch-interior.com\/de\/","name":"H\u00fcbsch","description":"Danish Home Interior and Design","publisher":{"@id":"https:\/\/hubsch-interior.com\/de\/#organization"},"potentialAction":[{"@type":"SearchAction","target":{"@type":"EntryPoint","urlTemplate":"https:\/\/hubsch-interior.com\/de\/?s={search_term_string}"},"query-input":{"@type":"PropertyValueSpecification","valueRequired":true,"valueName":"search_term_string"}}],"inLanguage":"de"},{"@type":"Organization","@id":"https:\/\/hubsch-interior.com\/de\/#organization","name":"H\u00fcbsch","url":"https:\/\/hubsch-interior.com\/de\/","logo":{"@type":"ImageObject","inLanguage":"de","@id":"https:\/\/hubsch-interior.com\/de\/#\/schema\/logo\/image\/","url":"https:\/\/hubsch-interior.com\/wp-content\/uploads\/2022\/12\/Hubsch_logo_black_one_line.svg","contentUrl":"https:\/\/hubsch-interior.com\/wp-content\/uploads\/2022\/12\/Hubsch_logo_black_one_line.svg","caption":"H\u00fcbsch"},"image":{"@id":"https:\/\/hubsch-interior.com\/de\/#\/schema\/logo\/image\/"}}]}},"_links":{"self":[{"href":"https:\/\/hubsch-interior.com\/de\/wp-json\/wp\/v2\/product\/976917","targetHints":{"allow":["GET"]}}],"collection":[{"href":"https:\/\/hubsch-interior.com\/de\/wp-json\/wp\/v2\/product"}],"about":[{"href":"https:\/\/hubsch-interior.com\/de\/wp-json\/wp\/v2\/types\/product"}],"wp:featuredmedia":[{"embeddable":true,"href":"https:\/\/hubsch-interior.com\/de\/wp-json\/wp\/v2\/media\/1103461"}],"wp:attachment":[{"href":"https:\/\/hubsch-interior.com\/de\/wp-json\/wp\/v2\/media?parent=976917"}],"wp:term":[{"taxonomy":"product_brand","embeddable":true,"href":"https:\/\/hubsch-interior.com\/de\/wp-json\/wp\/v2\/product_brand?post=976917"},{"taxonomy":"product_cat","embeddable":true,"href":"https:\/\/hubsch-interior.com\/de\/wp-json\/wp\/v2\/product_cat?post=976917"},{"taxonomy":"product_tag","embeddable":true,"href":"https:\/\/hubsch-interior.com\/de\/wp-json\/wp\/v2\/product_tag?post=976917"}],"curies":[{"name":"wp","href":"https:\/\/api.w.org\/{rel}","templated":true}]}}