{"id":976953,"date":"2024-01-29T09:23:28","date_gmt":"2024-01-29T08:23:28","guid":{"rendered":"https:\/\/hubsch-interior.com\/product\/product\/"},"modified":"2026-04-09T04:51:43","modified_gmt":"2026-04-09T02:51:43","slug":"forma-schreibtisch-naturfarben","status":"publish","type":"product","link":"https:\/\/hubsch-interior.com\/de\/produkt\/forma-schreibtisch-naturfarben\/","title":{"rendered":"Forma Schreibtisch Naturfarben"},"content":{"rendered":"<p>Lernen Sie den Forma Schreibtisch kennen &#8211; ein multifunktionales St\u00fcck, das Eleganz mit Funktionalit\u00e4t verbindet. Hergestellt aus FSC-zertifiziertem Eichenfurnier, besticht dieser Schreibtisch durch k\u00fchne und gerade Linien, die eine gewisse Raffinesse ausstrahlen. Seine nat\u00fcrliche Farbe verleiht jedem Raum W\u00e4rme und Charme. Doch was diesen Schreibtisch besonders macht, ist die clevere Erg\u00e4nzung eines Zeitschriftenhalters an der Vorderseite, der ihn zu einem Hybrid-Tisch mit einer besonderen Funktion macht, um Ihre Lieblingsb\u00fccher und -zeitschriften zu pr\u00e4sentieren. Endlich ein lang ersehnter Tisch, der auch von hinten gut aussieht. Robust und stabil ist der Forma Schreibtisch ein Muss f\u00fcr jedes moderne Zuhause oder B\u00fcro.<\/p>\n","protected":false},"excerpt":{"rendered":"<p>Lernen Sie den Forma Schreibtisch kennen &#8211; ein multifunktionales St\u00fcck, das Eleganz mit Funktionalit\u00e4t verbindet. Hergestellt aus FSC-zertifiziertem Eichenfurnier, besticht dieser Schreibtisch durch k\u00fchne und gerade Linien, die eine gewisse Raffinesse ausstrahlen. Seine nat\u00fcrliche Farbe verleiht jedem Raum W\u00e4rme und Charme. Doch was diesen Schreibtisch besonders macht, ist die clevere Erg\u00e4nzung eines Zeitschriftenhalters an der [&hellip;]<\/p>\n","protected":false},"featured_media":1103481,"template":"","meta":{"_acf_changed":false,"inline_featured_image":false},"product_brand":[],"product_cat":[6884,6897,6893,6323,2861,2906],"product_tag":[],"class_list":{"0":"post-976953","1":"product","2":"type-product","3":"status-publish","4":"has-post-thumbnail","6":"product_cat-elevating-nostalgia-de","7":"product_cat-forma-series-de","8":"product_cat-multifunktionale-moebel-de","9":"product_cat-fsc-de","10":"product_cat-tische-de","11":"product_cat-schreibtische-de","12":"product_shipping_class-p05","14":"pa_color-naturfarben-2","15":"pa_material-mdf-de","16":"pa_material-eichenfurnier","18":"first","19":"instock","20":"taxable","21":"shipping-taxable","22":"purchasable","23":"product-type-simple"},"exclude_global_add_ons":[],"addons":[],"acf":[],"yoast_head":"<!-- This site is optimized with the Yoast SEO plugin v26.4 - https:\/\/yoast.com\/wordpress\/plugins\/seo\/ -->\n<title>Forma Schreibtisch Naturfarben - H\u00fcbsch<\/title>\n<meta name=\"description\" content=\"Lernen Sie den Forma Schreibtisch kennen - ein multifunktionales St\u00fcck, das Eleganz mit Funktionalit\u00e4t verbindet. Hergestellt aus FSC-zertifiziertem\" \/>\n<meta name=\"robots\" content=\"index, follow, max-snippet:-1, max-image-preview:large, max-video-preview:-1\" \/>\n<link rel=\"canonical\" href=\"https:\/\/hubsch-interior.com\/de\/wp-json\/wp\/v2\/product\/976953\" \/>\n<meta property=\"og:locale\" content=\"de_DE\" \/>\n<meta property=\"og:type\" content=\"article\" \/>\n<meta property=\"og:title\" content=\"Forma Schreibtisch Naturfarben - H\u00fcbsch\" \/>\n<meta property=\"og:description\" content=\"Lernen Sie den Forma Schreibtisch kennen - ein multifunktionales St\u00fcck, das Eleganz mit Funktionalit\u00e4t verbindet. Hergestellt aus FSC-zertifiziertem\" \/>\n<meta property=\"og:url\" content=\"https:\/\/hubsch-interior.com\/de\/produkt\/forma-schreibtisch-naturfarben\/\" \/>\n<meta property=\"og:site_name\" content=\"H\u00fcbsch\" \/>\n<meta property=\"article:modified_time\" content=\"2026-04-09T02:51:43+00:00\" \/>\n<meta property=\"og:image\" content=\"https:\/\/hubsch-interior.com\/wp-content\/uploads\/2024\/03\/forma-desk-natural-ac95e32fe5bef6e4af5256327b378e99.jpg\" \/>\n\t<meta property=\"og:image:width\" content=\"1200\" \/>\n\t<meta property=\"og:image:height\" content=\"1200\" \/>\n\t<meta property=\"og:image:type\" content=\"image\/jpeg\" \/>\n<meta name=\"twitter:card\" content=\"summary_large_image\" \/>\n<meta name=\"twitter:label1\" content=\"Gesch\u00e4tzte Lesezeit\" \/>\n\t<meta name=\"twitter:data1\" content=\"1\u00a0Minute\" \/>\n<script type=\"application\/ld+json\" class=\"yoast-schema-graph\">{\"@context\":\"https:\/\/schema.org\",\"@graph\":[{\"@type\":\"WebPage\",\"@id\":\"https:\/\/hubsch-interior.com\/de\/produkt\/forma-schreibtisch-naturfarben\/\",\"url\":\"https:\/\/hubsch-interior.com\/de\/produkt\/forma-schreibtisch-naturfarben\/\",\"name\":\"Forma Schreibtisch Naturfarben - H\u00fcbsch\",\"isPartOf\":{\"@id\":\"https:\/\/hubsch-interior.com\/de\/#website\"},\"primaryImageOfPage\":{\"@id\":\"https:\/\/hubsch-interior.com\/de\/produkt\/forma-schreibtisch-naturfarben\/#primaryimage\"},\"image\":{\"@id\":\"https:\/\/hubsch-interior.com\/de\/produkt\/forma-schreibtisch-naturfarben\/#primaryimage\"},\"thumbnailUrl\":\"https:\/\/hubsch-interior.com\/wp-content\/uploads\/2026\/02\/forma-desk-natural-0ad805bfd3f48524788927516638eaf0.jpg\",\"datePublished\":\"2024-01-29T08:23:28+00:00\",\"dateModified\":\"2026-04-09T02:51:43+00:00\",\"description\":\"Lernen Sie den Forma Schreibtisch kennen - ein multifunktionales St\u00fcck, das Eleganz mit Funktionalit\u00e4t verbindet. Hergestellt aus FSC-zertifiziertem\",\"breadcrumb\":{\"@id\":\"https:\/\/hubsch-interior.com\/de\/produkt\/forma-schreibtisch-naturfarben\/#breadcrumb\"},\"inLanguage\":\"de\",\"potentialAction\":[{\"@type\":\"ReadAction\",\"target\":[\"https:\/\/hubsch-interior.com\/de\/produkt\/forma-schreibtisch-naturfarben\/\"]}]},{\"@type\":\"ImageObject\",\"inLanguage\":\"de\",\"@id\":\"https:\/\/hubsch-interior.com\/de\/produkt\/forma-schreibtisch-naturfarben\/#primaryimage\",\"url\":\"https:\/\/hubsch-interior.com\/wp-content\/uploads\/2026\/02\/forma-desk-natural-0ad805bfd3f48524788927516638eaf0.jpg\",\"contentUrl\":\"https:\/\/hubsch-interior.com\/wp-content\/uploads\/2026\/02\/forma-desk-natural-0ad805bfd3f48524788927516638eaf0.jpg\",\"width\":1024,\"height\":1024},{\"@type\":\"BreadcrumbList\",\"@id\":\"https:\/\/hubsch-interior.com\/de\/produkt\/forma-schreibtisch-naturfarben\/#breadcrumb\",\"itemListElement\":[{\"@type\":\"ListItem\",\"position\":1,\"name\":\"Startseite\",\"item\":\"https:\/\/hubsch-interior.com\/de\/\"},{\"@type\":\"ListItem\",\"position\":2,\"name\":\"Produkte\",\"item\":\"https:\/\/hubsch-interior.com\/de\/shop-2\/\"},{\"@type\":\"ListItem\",\"position\":3,\"name\":\"M\u00f6bel\",\"item\":\"https:\/\/hubsch-interior.com\/de\/produkt-kategorie\/moebel\/\"},{\"@type\":\"ListItem\",\"position\":4,\"name\":\"Tische\",\"item\":\"https:\/\/hubsch-interior.com\/de\/produkt-kategorie\/moebel\/tische-de\/\"},{\"@type\":\"ListItem\",\"position\":5,\"name\":\"Schreibtische\",\"item\":\"https:\/\/hubsch-interior.com\/de\/produkt-kategorie\/moebel\/tische-de\/schreibtische-de\/\"},{\"@type\":\"ListItem\",\"position\":6,\"name\":\"Forma Schreibtisch Naturfarben\"}]},{\"@type\":\"WebSite\",\"@id\":\"https:\/\/hubsch-interior.com\/de\/#website\",\"url\":\"https:\/\/hubsch-interior.com\/de\/\",\"name\":\"H\u00fcbsch\",\"description\":\"Danish Home Interior and Design\",\"publisher\":{\"@id\":\"https:\/\/hubsch-interior.com\/de\/#organization\"},\"potentialAction\":[{\"@type\":\"SearchAction\",\"target\":{\"@type\":\"EntryPoint\",\"urlTemplate\":\"https:\/\/hubsch-interior.com\/de\/?s={search_term_string}\"},\"query-input\":{\"@type\":\"PropertyValueSpecification\",\"valueRequired\":true,\"valueName\":\"search_term_string\"}}],\"inLanguage\":\"de\"},{\"@type\":\"Organization\",\"@id\":\"https:\/\/hubsch-interior.com\/de\/#organization\",\"name\":\"H\u00fcbsch\",\"url\":\"https:\/\/hubsch-interior.com\/de\/\",\"logo\":{\"@type\":\"ImageObject\",\"inLanguage\":\"de\",\"@id\":\"https:\/\/hubsch-interior.com\/de\/#\/schema\/logo\/image\/\",\"url\":\"https:\/\/hubsch-interior.com\/wp-content\/uploads\/2022\/12\/Hubsch_logo_black_one_line.svg\",\"contentUrl\":\"https:\/\/hubsch-interior.com\/wp-content\/uploads\/2022\/12\/Hubsch_logo_black_one_line.svg\",\"caption\":\"H\u00fcbsch\"},\"image\":{\"@id\":\"https:\/\/hubsch-interior.com\/de\/#\/schema\/logo\/image\/\"}}]}<\/script>\n<!-- \/ Yoast SEO plugin. -->","yoast_head_json":{"title":"Forma Schreibtisch Naturfarben - H\u00fcbsch","description":"Lernen Sie den Forma Schreibtisch kennen - ein multifunktionales St\u00fcck, das Eleganz mit Funktionalit\u00e4t verbindet. Hergestellt aus FSC-zertifiziertem","robots":{"index":"index","follow":"follow","max-snippet":"max-snippet:-1","max-image-preview":"max-image-preview:large","max-video-preview":"max-video-preview:-1"},"canonical":"https:\/\/hubsch-interior.com\/de\/wp-json\/wp\/v2\/product\/976953","og_locale":"de_DE","og_type":"article","og_title":"Forma Schreibtisch Naturfarben - H\u00fcbsch","og_description":"Lernen Sie den Forma Schreibtisch kennen - ein multifunktionales St\u00fcck, das Eleganz mit Funktionalit\u00e4t verbindet. Hergestellt aus FSC-zertifiziertem","og_url":"https:\/\/hubsch-interior.com\/de\/produkt\/forma-schreibtisch-naturfarben\/","og_site_name":"H\u00fcbsch","article_modified_time":"2026-04-09T02:51:43+00:00","og_image":[{"width":1200,"height":1200,"url":"https:\/\/hubsch-interior.com\/wp-content\/uploads\/2024\/03\/forma-desk-natural-ac95e32fe5bef6e4af5256327b378e99.jpg","type":"image\/jpeg"}],"twitter_card":"summary_large_image","twitter_misc":{"Gesch\u00e4tzte Lesezeit":"1\u00a0Minute"},"schema":{"@context":"https:\/\/schema.org","@graph":[{"@type":"WebPage","@id":"https:\/\/hubsch-interior.com\/de\/produkt\/forma-schreibtisch-naturfarben\/","url":"https:\/\/hubsch-interior.com\/de\/produkt\/forma-schreibtisch-naturfarben\/","name":"Forma Schreibtisch Naturfarben - H\u00fcbsch","isPartOf":{"@id":"https:\/\/hubsch-interior.com\/de\/#website"},"primaryImageOfPage":{"@id":"https:\/\/hubsch-interior.com\/de\/produkt\/forma-schreibtisch-naturfarben\/#primaryimage"},"image":{"@id":"https:\/\/hubsch-interior.com\/de\/produkt\/forma-schreibtisch-naturfarben\/#primaryimage"},"thumbnailUrl":"https:\/\/hubsch-interior.com\/wp-content\/uploads\/2026\/02\/forma-desk-natural-0ad805bfd3f48524788927516638eaf0.jpg","datePublished":"2024-01-29T08:23:28+00:00","dateModified":"2026-04-09T02:51:43+00:00","description":"Lernen Sie den Forma Schreibtisch kennen - ein multifunktionales St\u00fcck, das Eleganz mit Funktionalit\u00e4t verbindet. Hergestellt aus FSC-zertifiziertem","breadcrumb":{"@id":"https:\/\/hubsch-interior.com\/de\/produkt\/forma-schreibtisch-naturfarben\/#breadcrumb"},"inLanguage":"de","potentialAction":[{"@type":"ReadAction","target":["https:\/\/hubsch-interior.com\/de\/produkt\/forma-schreibtisch-naturfarben\/"]}]},{"@type":"ImageObject","inLanguage":"de","@id":"https:\/\/hubsch-interior.com\/de\/produkt\/forma-schreibtisch-naturfarben\/#primaryimage","url":"https:\/\/hubsch-interior.com\/wp-content\/uploads\/2026\/02\/forma-desk-natural-0ad805bfd3f48524788927516638eaf0.jpg","contentUrl":"https:\/\/hubsch-interior.com\/wp-content\/uploads\/2026\/02\/forma-desk-natural-0ad805bfd3f48524788927516638eaf0.jpg","width":1024,"height":1024},{"@type":"BreadcrumbList","@id":"https:\/\/hubsch-interior.com\/de\/produkt\/forma-schreibtisch-naturfarben\/#breadcrumb","itemListElement":[{"@type":"ListItem","position":1,"name":"Startseite","item":"https:\/\/hubsch-interior.com\/de\/"},{"@type":"ListItem","position":2,"name":"Produkte","item":"https:\/\/hubsch-interior.com\/de\/shop-2\/"},{"@type":"ListItem","position":3,"name":"M\u00f6bel","item":"https:\/\/hubsch-interior.com\/de\/produkt-kategorie\/moebel\/"},{"@type":"ListItem","position":4,"name":"Tische","item":"https:\/\/hubsch-interior.com\/de\/produkt-kategorie\/moebel\/tische-de\/"},{"@type":"ListItem","position":5,"name":"Schreibtische","item":"https:\/\/hubsch-interior.com\/de\/produkt-kategorie\/moebel\/tische-de\/schreibtische-de\/"},{"@type":"ListItem","position":6,"name":"Forma Schreibtisch Naturfarben"}]},{"@type":"WebSite","@id":"https:\/\/hubsch-interior.com\/de\/#website","url":"https:\/\/hubsch-interior.com\/de\/","name":"H\u00fcbsch","description":"Danish Home Interior and Design","publisher":{"@id":"https:\/\/hubsch-interior.com\/de\/#organization"},"potentialAction":[{"@type":"SearchAction","target":{"@type":"EntryPoint","urlTemplate":"https:\/\/hubsch-interior.com\/de\/?s={search_term_string}"},"query-input":{"@type":"PropertyValueSpecification","valueRequired":true,"valueName":"search_term_string"}}],"inLanguage":"de"},{"@type":"Organization","@id":"https:\/\/hubsch-interior.com\/de\/#organization","name":"H\u00fcbsch","url":"https:\/\/hubsch-interior.com\/de\/","logo":{"@type":"ImageObject","inLanguage":"de","@id":"https:\/\/hubsch-interior.com\/de\/#\/schema\/logo\/image\/","url":"https:\/\/hubsch-interior.com\/wp-content\/uploads\/2022\/12\/Hubsch_logo_black_one_line.svg","contentUrl":"https:\/\/hubsch-interior.com\/wp-content\/uploads\/2022\/12\/Hubsch_logo_black_one_line.svg","caption":"H\u00fcbsch"},"image":{"@id":"https:\/\/hubsch-interior.com\/de\/#\/schema\/logo\/image\/"}}]}},"_links":{"self":[{"href":"https:\/\/hubsch-interior.com\/de\/wp-json\/wp\/v2\/product\/976953","targetHints":{"allow":["GET"]}}],"collection":[{"href":"https:\/\/hubsch-interior.com\/de\/wp-json\/wp\/v2\/product"}],"about":[{"href":"https:\/\/hubsch-interior.com\/de\/wp-json\/wp\/v2\/types\/product"}],"wp:featuredmedia":[{"embeddable":true,"href":"https:\/\/hubsch-interior.com\/de\/wp-json\/wp\/v2\/media\/1103481"}],"wp:attachment":[{"href":"https:\/\/hubsch-interior.com\/de\/wp-json\/wp\/v2\/media?parent=976953"}],"wp:term":[{"taxonomy":"product_brand","embeddable":true,"href":"https:\/\/hubsch-interior.com\/de\/wp-json\/wp\/v2\/product_brand?post=976953"},{"taxonomy":"product_cat","embeddable":true,"href":"https:\/\/hubsch-interior.com\/de\/wp-json\/wp\/v2\/product_cat?post=976953"},{"taxonomy":"product_tag","embeddable":true,"href":"https:\/\/hubsch-interior.com\/de\/wp-json\/wp\/v2\/product_tag?post=976953"}],"curies":[{"name":"wp","href":"https:\/\/api.w.org\/{rel}","templated":true}]}}