{"id":977005,"date":"2024-01-29T09:23:56","date_gmt":"2024-01-29T08:23:56","guid":{"rendered":"https:\/\/hubsch-interior.com\/product\/product\/"},"modified":"2026-04-09T04:51:50","modified_gmt":"2026-04-09T02:51:50","slug":"open-wandregal-nachttisch-naturfarben","status":"publish","type":"product","link":"https:\/\/hubsch-interior.com\/de\/produkt\/open-wandregal-nachttisch-naturfarben\/","title":{"rendered":"Open Wandregal\/Nachttisch Naturfarben"},"content":{"rendered":"<p>Wir pr\u00e4sentieren Ihnen die perfekte Erg\u00e4nzung f\u00fcr Ihr Schlafzimmer oder Ihren Eingangsbereich, das offene Wandregal\/Nachttisch! Hergestellt aus FSC-zertifiziertem Eichenfurnier ist es nicht nur optisch ansprechend, sondern auch umweltbewusst. Mit seinem minimalistischen Design passt es m\u00fchelos zu jeder \u00c4sthetik. Die beiden versteckten Regalb\u00f6den bieten ausreichend Stauraum f\u00fcr Ihre n\u00e4chtlichen Utensilien oder Eingangsbereichsgegenst\u00e4nde, w\u00e4hrend das offene Regal einen einfachen Zugang zu Ihren h\u00e4ufig verwendeten Dingen erm\u00f6glicht. Dieses vielseitige St\u00fcck kann an der Wand neben Ihrem Bett oder im Eingangsbereich montiert werden und kann sogar gespiegelt werden, um auf beiden Seiten des Bettes verwendet zu werden. Sagen Sie Adieu zu Unordnung und hallo zu einer platzsparenden und kompakten L\u00f6sung mit dem offenen Wandregal\/Nachttisch.<\/p>\n","protected":false},"excerpt":{"rendered":"<p>Wir pr\u00e4sentieren Ihnen die perfekte Erg\u00e4nzung f\u00fcr Ihr Schlafzimmer oder Ihren Eingangsbereich, das offene Wandregal\/Nachttisch! Hergestellt aus FSC-zertifiziertem Eichenfurnier ist es nicht nur optisch ansprechend, sondern auch umweltbewusst. Mit seinem minimalistischen Design passt es m\u00fchelos zu jeder \u00c4sthetik. Die beiden versteckten Regalb\u00f6den bieten ausreichend Stauraum f\u00fcr Ihre n\u00e4chtlichen Utensilien oder Eingangsbereichsgegenst\u00e4nde, w\u00e4hrend das offene Regal [&hellip;]<\/p>\n","protected":false},"featured_media":1103537,"template":"","meta":{"_acf_changed":false,"inline_featured_image":false},"product_brand":[],"product_cat":[6944,6884,6893,6323,2861,4803,4003,4024,5027],"product_tag":[],"class_list":{"0":"post-977005","1":"product","2":"type-product","3":"status-publish","4":"has-post-thumbnail","6":"product_cat-bestseller-2025-de","7":"product_cat-elevating-nostalgia-de","8":"product_cat-multifunktionale-moebel-de","9":"product_cat-fsc-de","10":"product_cat-tische-de","11":"product_cat-nachttische-de","12":"product_cat-regale-aufbewahrung-de","13":"product_cat-ablagen-de","14":"product_cat-bestsellers-de","15":"product_shipping_class-pk","17":"pa_color-naturfarben-2","18":"pa_material-mdf-de","19":"pa_material-eichenfurnier","21":"first","22":"instock","23":"featured","24":"taxable","25":"shipping-taxable","26":"purchasable","27":"product-type-simple"},"exclude_global_add_ons":[],"addons":[],"acf":[],"yoast_head":"<!-- This site is optimized with the Yoast SEO plugin v26.4 - https:\/\/yoast.com\/wordpress\/plugins\/seo\/ -->\n<title>Open Wandregal\/Nachttisch Naturfarben - H\u00fcbsch<\/title>\n<meta name=\"description\" content=\"Wir pr\u00e4sentieren Ihnen die perfekte Erg\u00e4nzung f\u00fcr Ihr Schlafzimmer oder Ihren Eingangsbereich, das offene Wandregal\/Nachttisch! Hergestellt aus\" \/>\n<meta name=\"robots\" content=\"index, follow, max-snippet:-1, max-image-preview:large, max-video-preview:-1\" \/>\n<link rel=\"canonical\" href=\"https:\/\/hubsch-interior.com\/de\/wp-json\/wp\/v2\/product\/977005\" \/>\n<meta property=\"og:locale\" content=\"de_DE\" \/>\n<meta property=\"og:type\" content=\"article\" \/>\n<meta property=\"og:title\" content=\"Open Wandregal\/Nachttisch Naturfarben - H\u00fcbsch\" \/>\n<meta property=\"og:description\" content=\"Wir pr\u00e4sentieren Ihnen die perfekte Erg\u00e4nzung f\u00fcr Ihr Schlafzimmer oder Ihren Eingangsbereich, das offene Wandregal\/Nachttisch! Hergestellt aus\" \/>\n<meta property=\"og:url\" content=\"https:\/\/hubsch-interior.com\/de\/produkt\/open-wandregal-nachttisch-naturfarben\/\" \/>\n<meta property=\"og:site_name\" content=\"H\u00fcbsch\" \/>\n<meta property=\"article:modified_time\" content=\"2026-04-09T02:51:50+00:00\" \/>\n<meta property=\"og:image\" content=\"https:\/\/hubsch-interior.com\/wp-content\/uploads\/2024\/04\/open-wall-shelfbedside-table-natural-80c193f7989ee603be92889995fdde53.jpg\" \/>\n\t<meta property=\"og:image:width\" content=\"1200\" \/>\n\t<meta property=\"og:image:height\" content=\"1200\" \/>\n\t<meta property=\"og:image:type\" content=\"image\/jpeg\" \/>\n<meta name=\"twitter:card\" content=\"summary_large_image\" \/>\n<meta name=\"twitter:label1\" content=\"Gesch\u00e4tzte Lesezeit\" \/>\n\t<meta name=\"twitter:data1\" content=\"1\u00a0Minute\" \/>\n<script type=\"application\/ld+json\" class=\"yoast-schema-graph\">{\"@context\":\"https:\/\/schema.org\",\"@graph\":[{\"@type\":\"WebPage\",\"@id\":\"https:\/\/hubsch-interior.com\/de\/produkt\/open-wandregal-nachttisch-naturfarben\/\",\"url\":\"https:\/\/hubsch-interior.com\/de\/produkt\/open-wandregal-nachttisch-naturfarben\/\",\"name\":\"Open Wandregal\/Nachttisch Naturfarben - H\u00fcbsch\",\"isPartOf\":{\"@id\":\"https:\/\/hubsch-interior.com\/de\/#website\"},\"primaryImageOfPage\":{\"@id\":\"https:\/\/hubsch-interior.com\/de\/produkt\/open-wandregal-nachttisch-naturfarben\/#primaryimage\"},\"image\":{\"@id\":\"https:\/\/hubsch-interior.com\/de\/produkt\/open-wandregal-nachttisch-naturfarben\/#primaryimage\"},\"thumbnailUrl\":\"https:\/\/hubsch-interior.com\/wp-content\/uploads\/2026\/02\/open-wall-shelfbedside-table-natural-ec3ee2720d5310e0f374563c7c6b13a5.jpg\",\"datePublished\":\"2024-01-29T08:23:56+00:00\",\"dateModified\":\"2026-04-09T02:51:50+00:00\",\"description\":\"Wir pr\u00e4sentieren Ihnen die perfekte Erg\u00e4nzung f\u00fcr Ihr Schlafzimmer oder Ihren Eingangsbereich, das offene Wandregal\/Nachttisch! Hergestellt aus\",\"breadcrumb\":{\"@id\":\"https:\/\/hubsch-interior.com\/de\/produkt\/open-wandregal-nachttisch-naturfarben\/#breadcrumb\"},\"inLanguage\":\"de\",\"potentialAction\":[{\"@type\":\"ReadAction\",\"target\":[\"https:\/\/hubsch-interior.com\/de\/produkt\/open-wandregal-nachttisch-naturfarben\/\"]}]},{\"@type\":\"ImageObject\",\"inLanguage\":\"de\",\"@id\":\"https:\/\/hubsch-interior.com\/de\/produkt\/open-wandregal-nachttisch-naturfarben\/#primaryimage\",\"url\":\"https:\/\/hubsch-interior.com\/wp-content\/uploads\/2026\/02\/open-wall-shelfbedside-table-natural-ec3ee2720d5310e0f374563c7c6b13a5.jpg\",\"contentUrl\":\"https:\/\/hubsch-interior.com\/wp-content\/uploads\/2026\/02\/open-wall-shelfbedside-table-natural-ec3ee2720d5310e0f374563c7c6b13a5.jpg\",\"width\":1024,\"height\":1024},{\"@type\":\"BreadcrumbList\",\"@id\":\"https:\/\/hubsch-interior.com\/de\/produkt\/open-wandregal-nachttisch-naturfarben\/#breadcrumb\",\"itemListElement\":[{\"@type\":\"ListItem\",\"position\":1,\"name\":\"Startseite\",\"item\":\"https:\/\/hubsch-interior.com\/de\/\"},{\"@type\":\"ListItem\",\"position\":2,\"name\":\"Produkte\",\"item\":\"https:\/\/hubsch-interior.com\/de\/shop-2\/\"},{\"@type\":\"ListItem\",\"position\":3,\"name\":\"M\u00f6bel\",\"item\":\"https:\/\/hubsch-interior.com\/de\/produkt-kategorie\/moebel\/\"},{\"@type\":\"ListItem\",\"position\":4,\"name\":\"Tische\",\"item\":\"https:\/\/hubsch-interior.com\/de\/produkt-kategorie\/moebel\/tische-de\/\"},{\"@type\":\"ListItem\",\"position\":5,\"name\":\"Nachttische\",\"item\":\"https:\/\/hubsch-interior.com\/de\/produkt-kategorie\/moebel\/tische-de\/nachttische-de\/\"},{\"@type\":\"ListItem\",\"position\":6,\"name\":\"Open Wandregal\/Nachttisch Naturfarben\"}]},{\"@type\":\"WebSite\",\"@id\":\"https:\/\/hubsch-interior.com\/de\/#website\",\"url\":\"https:\/\/hubsch-interior.com\/de\/\",\"name\":\"H\u00fcbsch\",\"description\":\"Danish Home Interior and Design\",\"publisher\":{\"@id\":\"https:\/\/hubsch-interior.com\/de\/#organization\"},\"potentialAction\":[{\"@type\":\"SearchAction\",\"target\":{\"@type\":\"EntryPoint\",\"urlTemplate\":\"https:\/\/hubsch-interior.com\/de\/?s={search_term_string}\"},\"query-input\":{\"@type\":\"PropertyValueSpecification\",\"valueRequired\":true,\"valueName\":\"search_term_string\"}}],\"inLanguage\":\"de\"},{\"@type\":\"Organization\",\"@id\":\"https:\/\/hubsch-interior.com\/de\/#organization\",\"name\":\"H\u00fcbsch\",\"url\":\"https:\/\/hubsch-interior.com\/de\/\",\"logo\":{\"@type\":\"ImageObject\",\"inLanguage\":\"de\",\"@id\":\"https:\/\/hubsch-interior.com\/de\/#\/schema\/logo\/image\/\",\"url\":\"https:\/\/hubsch-interior.com\/wp-content\/uploads\/2022\/12\/Hubsch_logo_black_one_line.svg\",\"contentUrl\":\"https:\/\/hubsch-interior.com\/wp-content\/uploads\/2022\/12\/Hubsch_logo_black_one_line.svg\",\"caption\":\"H\u00fcbsch\"},\"image\":{\"@id\":\"https:\/\/hubsch-interior.com\/de\/#\/schema\/logo\/image\/\"}}]}<\/script>\n<!-- \/ Yoast SEO plugin. -->","yoast_head_json":{"title":"Open Wandregal\/Nachttisch Naturfarben - H\u00fcbsch","description":"Wir pr\u00e4sentieren Ihnen die perfekte Erg\u00e4nzung f\u00fcr Ihr Schlafzimmer oder Ihren Eingangsbereich, das offene Wandregal\/Nachttisch! Hergestellt aus","robots":{"index":"index","follow":"follow","max-snippet":"max-snippet:-1","max-image-preview":"max-image-preview:large","max-video-preview":"max-video-preview:-1"},"canonical":"https:\/\/hubsch-interior.com\/de\/wp-json\/wp\/v2\/product\/977005","og_locale":"de_DE","og_type":"article","og_title":"Open Wandregal\/Nachttisch Naturfarben - H\u00fcbsch","og_description":"Wir pr\u00e4sentieren Ihnen die perfekte Erg\u00e4nzung f\u00fcr Ihr Schlafzimmer oder Ihren Eingangsbereich, das offene Wandregal\/Nachttisch! Hergestellt aus","og_url":"https:\/\/hubsch-interior.com\/de\/produkt\/open-wandregal-nachttisch-naturfarben\/","og_site_name":"H\u00fcbsch","article_modified_time":"2026-04-09T02:51:50+00:00","og_image":[{"width":1200,"height":1200,"url":"https:\/\/hubsch-interior.com\/wp-content\/uploads\/2024\/04\/open-wall-shelfbedside-table-natural-80c193f7989ee603be92889995fdde53.jpg","type":"image\/jpeg"}],"twitter_card":"summary_large_image","twitter_misc":{"Gesch\u00e4tzte Lesezeit":"1\u00a0Minute"},"schema":{"@context":"https:\/\/schema.org","@graph":[{"@type":"WebPage","@id":"https:\/\/hubsch-interior.com\/de\/produkt\/open-wandregal-nachttisch-naturfarben\/","url":"https:\/\/hubsch-interior.com\/de\/produkt\/open-wandregal-nachttisch-naturfarben\/","name":"Open Wandregal\/Nachttisch Naturfarben - H\u00fcbsch","isPartOf":{"@id":"https:\/\/hubsch-interior.com\/de\/#website"},"primaryImageOfPage":{"@id":"https:\/\/hubsch-interior.com\/de\/produkt\/open-wandregal-nachttisch-naturfarben\/#primaryimage"},"image":{"@id":"https:\/\/hubsch-interior.com\/de\/produkt\/open-wandregal-nachttisch-naturfarben\/#primaryimage"},"thumbnailUrl":"https:\/\/hubsch-interior.com\/wp-content\/uploads\/2026\/02\/open-wall-shelfbedside-table-natural-ec3ee2720d5310e0f374563c7c6b13a5.jpg","datePublished":"2024-01-29T08:23:56+00:00","dateModified":"2026-04-09T02:51:50+00:00","description":"Wir pr\u00e4sentieren Ihnen die perfekte Erg\u00e4nzung f\u00fcr Ihr Schlafzimmer oder Ihren Eingangsbereich, das offene Wandregal\/Nachttisch! Hergestellt aus","breadcrumb":{"@id":"https:\/\/hubsch-interior.com\/de\/produkt\/open-wandregal-nachttisch-naturfarben\/#breadcrumb"},"inLanguage":"de","potentialAction":[{"@type":"ReadAction","target":["https:\/\/hubsch-interior.com\/de\/produkt\/open-wandregal-nachttisch-naturfarben\/"]}]},{"@type":"ImageObject","inLanguage":"de","@id":"https:\/\/hubsch-interior.com\/de\/produkt\/open-wandregal-nachttisch-naturfarben\/#primaryimage","url":"https:\/\/hubsch-interior.com\/wp-content\/uploads\/2026\/02\/open-wall-shelfbedside-table-natural-ec3ee2720d5310e0f374563c7c6b13a5.jpg","contentUrl":"https:\/\/hubsch-interior.com\/wp-content\/uploads\/2026\/02\/open-wall-shelfbedside-table-natural-ec3ee2720d5310e0f374563c7c6b13a5.jpg","width":1024,"height":1024},{"@type":"BreadcrumbList","@id":"https:\/\/hubsch-interior.com\/de\/produkt\/open-wandregal-nachttisch-naturfarben\/#breadcrumb","itemListElement":[{"@type":"ListItem","position":1,"name":"Startseite","item":"https:\/\/hubsch-interior.com\/de\/"},{"@type":"ListItem","position":2,"name":"Produkte","item":"https:\/\/hubsch-interior.com\/de\/shop-2\/"},{"@type":"ListItem","position":3,"name":"M\u00f6bel","item":"https:\/\/hubsch-interior.com\/de\/produkt-kategorie\/moebel\/"},{"@type":"ListItem","position":4,"name":"Tische","item":"https:\/\/hubsch-interior.com\/de\/produkt-kategorie\/moebel\/tische-de\/"},{"@type":"ListItem","position":5,"name":"Nachttische","item":"https:\/\/hubsch-interior.com\/de\/produkt-kategorie\/moebel\/tische-de\/nachttische-de\/"},{"@type":"ListItem","position":6,"name":"Open Wandregal\/Nachttisch Naturfarben"}]},{"@type":"WebSite","@id":"https:\/\/hubsch-interior.com\/de\/#website","url":"https:\/\/hubsch-interior.com\/de\/","name":"H\u00fcbsch","description":"Danish Home Interior and Design","publisher":{"@id":"https:\/\/hubsch-interior.com\/de\/#organization"},"potentialAction":[{"@type":"SearchAction","target":{"@type":"EntryPoint","urlTemplate":"https:\/\/hubsch-interior.com\/de\/?s={search_term_string}"},"query-input":{"@type":"PropertyValueSpecification","valueRequired":true,"valueName":"search_term_string"}}],"inLanguage":"de"},{"@type":"Organization","@id":"https:\/\/hubsch-interior.com\/de\/#organization","name":"H\u00fcbsch","url":"https:\/\/hubsch-interior.com\/de\/","logo":{"@type":"ImageObject","inLanguage":"de","@id":"https:\/\/hubsch-interior.com\/de\/#\/schema\/logo\/image\/","url":"https:\/\/hubsch-interior.com\/wp-content\/uploads\/2022\/12\/Hubsch_logo_black_one_line.svg","contentUrl":"https:\/\/hubsch-interior.com\/wp-content\/uploads\/2022\/12\/Hubsch_logo_black_one_line.svg","caption":"H\u00fcbsch"},"image":{"@id":"https:\/\/hubsch-interior.com\/de\/#\/schema\/logo\/image\/"}}]}},"_links":{"self":[{"href":"https:\/\/hubsch-interior.com\/de\/wp-json\/wp\/v2\/product\/977005","targetHints":{"allow":["GET"]}}],"collection":[{"href":"https:\/\/hubsch-interior.com\/de\/wp-json\/wp\/v2\/product"}],"about":[{"href":"https:\/\/hubsch-interior.com\/de\/wp-json\/wp\/v2\/types\/product"}],"wp:featuredmedia":[{"embeddable":true,"href":"https:\/\/hubsch-interior.com\/de\/wp-json\/wp\/v2\/media\/1103537"}],"wp:attachment":[{"href":"https:\/\/hubsch-interior.com\/de\/wp-json\/wp\/v2\/media?parent=977005"}],"wp:term":[{"taxonomy":"product_brand","embeddable":true,"href":"https:\/\/hubsch-interior.com\/de\/wp-json\/wp\/v2\/product_brand?post=977005"},{"taxonomy":"product_cat","embeddable":true,"href":"https:\/\/hubsch-interior.com\/de\/wp-json\/wp\/v2\/product_cat?post=977005"},{"taxonomy":"product_tag","embeddable":true,"href":"https:\/\/hubsch-interior.com\/de\/wp-json\/wp\/v2\/product_tag?post=977005"}],"curies":[{"name":"wp","href":"https:\/\/api.w.org\/{rel}","templated":true}]}}