{"id":977085,"date":"2024-01-29T09:24:45","date_gmt":"2024-01-29T08:24:45","guid":{"rendered":"https:\/\/hubsch-interior.com\/product\/product\/"},"modified":"2026-04-04T04:53:07","modified_gmt":"2026-04-04T02:53:07","slug":"forma-couchtisch-naturfarben","status":"publish","type":"product","link":"https:\/\/hubsch-interior.com\/de\/produkt\/forma-couchtisch-naturfarben\/","title":{"rendered":"Forma Couchtisch Naturfarben"},"content":{"rendered":"<p>Vorstellung des Forma Couchtischs &#8211; eine unverzichtbare Erg\u00e4nzung f\u00fcr jeden Wohnraum. Hergestellt aus FSC-zertifiziertem Natur-Eichenfurnier und Massivholz Eiche, strahlt dieser Tisch eine zeitlose und langlebige Anziehungskraft aus. Seine scharfe und kantige Form schafft eine sch\u00f6ne Linie und eine skulpturale Erscheinung, die jeden Raum sofort aufwertet. Mit seinem ger\u00e4umigen Design k\u00f6nnen Sie Ihre Lieblings-Couchtischb\u00fccher stapeln und Ihre wertvollen Dekorationsst\u00fccke pr\u00e4sentieren. Bringen Sie mit dem Forma Couchtisch sowohl Stil als auch Funktionalit\u00e4t in Ihr Zuhause.<\/p>\n","protected":false},"excerpt":{"rendered":"<p>Vorstellung des Forma Couchtischs &#8211; eine unverzichtbare Erg\u00e4nzung f\u00fcr jeden Wohnraum. Hergestellt aus FSC-zertifiziertem Natur-Eichenfurnier und Massivholz Eiche, strahlt dieser Tisch eine zeitlose und langlebige Anziehungskraft aus. Seine scharfe und kantige Form schafft eine sch\u00f6ne Linie und eine skulpturale Erscheinung, die jeden Raum sofort aufwertet. Mit seinem ger\u00e4umigen Design k\u00f6nnen Sie Ihre Lieblings-Couchtischb\u00fccher stapeln und [&hellip;]<\/p>\n","protected":false},"featured_media":1103597,"template":"","meta":{"_acf_changed":false,"inline_featured_image":false},"product_brand":[],"product_cat":[6884,6897,6323,2861,2874,5027],"product_tag":[],"class_list":{"0":"post-977085","1":"product","2":"type-product","3":"status-publish","4":"has-post-thumbnail","6":"product_cat-elevating-nostalgia-de","7":"product_cat-forma-series-de","8":"product_cat-fsc-de","9":"product_cat-tische-de","10":"product_cat-sofatische-de","11":"product_cat-bestsellers-de","12":"product_shipping_class-p05","13":"pa_color-naturfarben-2","14":"pa_material-mdf-de","15":"pa_material-eichenfurnier","16":"pa_material-eichenholz","18":"first","19":"instock","20":"featured","21":"taxable","22":"shipping-taxable","23":"purchasable","24":"product-type-simple"},"exclude_global_add_ons":[],"addons":[],"acf":[],"yoast_head":"<!-- This site is optimized with the Yoast SEO plugin v26.4 - https:\/\/yoast.com\/wordpress\/plugins\/seo\/ -->\n<title>Forma Couchtisch Naturfarben - H\u00fcbsch<\/title>\n<meta name=\"description\" content=\"Vorstellung des Forma Couchtischs - eine unverzichtbare Erg\u00e4nzung f\u00fcr jeden Wohnraum. Hergestellt aus FSC-zertifiziertem Natur-Eichenfurnier und\" \/>\n<meta name=\"robots\" content=\"index, follow, max-snippet:-1, max-image-preview:large, max-video-preview:-1\" \/>\n<link rel=\"canonical\" href=\"https:\/\/hubsch-interior.com\/de\/wp-json\/wp\/v2\/product\/977085\" \/>\n<meta property=\"og:locale\" content=\"de_DE\" \/>\n<meta property=\"og:type\" content=\"article\" \/>\n<meta property=\"og:title\" content=\"Forma Couchtisch Naturfarben - H\u00fcbsch\" \/>\n<meta property=\"og:description\" content=\"Vorstellung des Forma Couchtischs - eine unverzichtbare Erg\u00e4nzung f\u00fcr jeden Wohnraum. Hergestellt aus FSC-zertifiziertem Natur-Eichenfurnier und\" \/>\n<meta property=\"og:url\" content=\"https:\/\/hubsch-interior.com\/de\/produkt\/forma-couchtisch-naturfarben\/\" \/>\n<meta property=\"og:site_name\" content=\"H\u00fcbsch\" \/>\n<meta property=\"article:modified_time\" content=\"2026-04-04T02:53:07+00:00\" \/>\n<meta property=\"og:image\" content=\"https:\/\/hubsch-interior.com\/wp-content\/uploads\/2024\/04\/forma-coffee-table-natural-c60938c093bde4994b9ba654ba4b0649.jpg\" \/>\n\t<meta property=\"og:image:width\" content=\"1200\" \/>\n\t<meta property=\"og:image:height\" content=\"1200\" \/>\n\t<meta property=\"og:image:type\" content=\"image\/jpeg\" \/>\n<meta name=\"twitter:card\" content=\"summary_large_image\" \/>\n<meta name=\"twitter:label1\" content=\"Gesch\u00e4tzte Lesezeit\" \/>\n\t<meta name=\"twitter:data1\" content=\"1\u00a0Minute\" \/>\n<script type=\"application\/ld+json\" class=\"yoast-schema-graph\">{\"@context\":\"https:\/\/schema.org\",\"@graph\":[{\"@type\":\"WebPage\",\"@id\":\"https:\/\/hubsch-interior.com\/de\/produkt\/forma-couchtisch-naturfarben\/\",\"url\":\"https:\/\/hubsch-interior.com\/de\/produkt\/forma-couchtisch-naturfarben\/\",\"name\":\"Forma Couchtisch Naturfarben - H\u00fcbsch\",\"isPartOf\":{\"@id\":\"https:\/\/hubsch-interior.com\/de\/#website\"},\"primaryImageOfPage\":{\"@id\":\"https:\/\/hubsch-interior.com\/de\/produkt\/forma-couchtisch-naturfarben\/#primaryimage\"},\"image\":{\"@id\":\"https:\/\/hubsch-interior.com\/de\/produkt\/forma-couchtisch-naturfarben\/#primaryimage\"},\"thumbnailUrl\":\"https:\/\/hubsch-interior.com\/wp-content\/uploads\/2026\/02\/forma-coffee-table-natural-dc5b8f9577957f2d24bf6ac5c2e0d38b.jpg\",\"datePublished\":\"2024-01-29T08:24:45+00:00\",\"dateModified\":\"2026-04-04T02:53:07+00:00\",\"description\":\"Vorstellung des Forma Couchtischs - eine unverzichtbare Erg\u00e4nzung f\u00fcr jeden Wohnraum. Hergestellt aus FSC-zertifiziertem Natur-Eichenfurnier und\",\"breadcrumb\":{\"@id\":\"https:\/\/hubsch-interior.com\/de\/produkt\/forma-couchtisch-naturfarben\/#breadcrumb\"},\"inLanguage\":\"de\",\"potentialAction\":[{\"@type\":\"ReadAction\",\"target\":[\"https:\/\/hubsch-interior.com\/de\/produkt\/forma-couchtisch-naturfarben\/\"]}]},{\"@type\":\"ImageObject\",\"inLanguage\":\"de\",\"@id\":\"https:\/\/hubsch-interior.com\/de\/produkt\/forma-couchtisch-naturfarben\/#primaryimage\",\"url\":\"https:\/\/hubsch-interior.com\/wp-content\/uploads\/2026\/02\/forma-coffee-table-natural-dc5b8f9577957f2d24bf6ac5c2e0d38b.jpg\",\"contentUrl\":\"https:\/\/hubsch-interior.com\/wp-content\/uploads\/2026\/02\/forma-coffee-table-natural-dc5b8f9577957f2d24bf6ac5c2e0d38b.jpg\",\"width\":1024,\"height\":1024},{\"@type\":\"BreadcrumbList\",\"@id\":\"https:\/\/hubsch-interior.com\/de\/produkt\/forma-couchtisch-naturfarben\/#breadcrumb\",\"itemListElement\":[{\"@type\":\"ListItem\",\"position\":1,\"name\":\"Startseite\",\"item\":\"https:\/\/hubsch-interior.com\/de\/\"},{\"@type\":\"ListItem\",\"position\":2,\"name\":\"Produkte\",\"item\":\"https:\/\/hubsch-interior.com\/de\/shop-2\/\"},{\"@type\":\"ListItem\",\"position\":3,\"name\":\"M\u00f6bel\",\"item\":\"https:\/\/hubsch-interior.com\/de\/produkt-kategorie\/moebel\/\"},{\"@type\":\"ListItem\",\"position\":4,\"name\":\"Tische\",\"item\":\"https:\/\/hubsch-interior.com\/de\/produkt-kategorie\/moebel\/tische-de\/\"},{\"@type\":\"ListItem\",\"position\":5,\"name\":\"Sofatische\",\"item\":\"https:\/\/hubsch-interior.com\/de\/produkt-kategorie\/moebel\/tische-de\/sofatische-de\/\"},{\"@type\":\"ListItem\",\"position\":6,\"name\":\"Forma Couchtisch Naturfarben\"}]},{\"@type\":\"WebSite\",\"@id\":\"https:\/\/hubsch-interior.com\/de\/#website\",\"url\":\"https:\/\/hubsch-interior.com\/de\/\",\"name\":\"H\u00fcbsch\",\"description\":\"Danish Home Interior and Design\",\"publisher\":{\"@id\":\"https:\/\/hubsch-interior.com\/de\/#organization\"},\"potentialAction\":[{\"@type\":\"SearchAction\",\"target\":{\"@type\":\"EntryPoint\",\"urlTemplate\":\"https:\/\/hubsch-interior.com\/de\/?s={search_term_string}\"},\"query-input\":{\"@type\":\"PropertyValueSpecification\",\"valueRequired\":true,\"valueName\":\"search_term_string\"}}],\"inLanguage\":\"de\"},{\"@type\":\"Organization\",\"@id\":\"https:\/\/hubsch-interior.com\/de\/#organization\",\"name\":\"H\u00fcbsch\",\"url\":\"https:\/\/hubsch-interior.com\/de\/\",\"logo\":{\"@type\":\"ImageObject\",\"inLanguage\":\"de\",\"@id\":\"https:\/\/hubsch-interior.com\/de\/#\/schema\/logo\/image\/\",\"url\":\"https:\/\/hubsch-interior.com\/wp-content\/uploads\/2022\/12\/Hubsch_logo_black_one_line.svg\",\"contentUrl\":\"https:\/\/hubsch-interior.com\/wp-content\/uploads\/2022\/12\/Hubsch_logo_black_one_line.svg\",\"caption\":\"H\u00fcbsch\"},\"image\":{\"@id\":\"https:\/\/hubsch-interior.com\/de\/#\/schema\/logo\/image\/\"}}]}<\/script>\n<!-- \/ Yoast SEO plugin. -->","yoast_head_json":{"title":"Forma Couchtisch Naturfarben - H\u00fcbsch","description":"Vorstellung des Forma Couchtischs - eine unverzichtbare Erg\u00e4nzung f\u00fcr jeden Wohnraum. Hergestellt aus FSC-zertifiziertem Natur-Eichenfurnier und","robots":{"index":"index","follow":"follow","max-snippet":"max-snippet:-1","max-image-preview":"max-image-preview:large","max-video-preview":"max-video-preview:-1"},"canonical":"https:\/\/hubsch-interior.com\/de\/wp-json\/wp\/v2\/product\/977085","og_locale":"de_DE","og_type":"article","og_title":"Forma Couchtisch Naturfarben - H\u00fcbsch","og_description":"Vorstellung des Forma Couchtischs - eine unverzichtbare Erg\u00e4nzung f\u00fcr jeden Wohnraum. Hergestellt aus FSC-zertifiziertem Natur-Eichenfurnier und","og_url":"https:\/\/hubsch-interior.com\/de\/produkt\/forma-couchtisch-naturfarben\/","og_site_name":"H\u00fcbsch","article_modified_time":"2026-04-04T02:53:07+00:00","og_image":[{"width":1200,"height":1200,"url":"https:\/\/hubsch-interior.com\/wp-content\/uploads\/2024\/04\/forma-coffee-table-natural-c60938c093bde4994b9ba654ba4b0649.jpg","type":"image\/jpeg"}],"twitter_card":"summary_large_image","twitter_misc":{"Gesch\u00e4tzte Lesezeit":"1\u00a0Minute"},"schema":{"@context":"https:\/\/schema.org","@graph":[{"@type":"WebPage","@id":"https:\/\/hubsch-interior.com\/de\/produkt\/forma-couchtisch-naturfarben\/","url":"https:\/\/hubsch-interior.com\/de\/produkt\/forma-couchtisch-naturfarben\/","name":"Forma Couchtisch Naturfarben - H\u00fcbsch","isPartOf":{"@id":"https:\/\/hubsch-interior.com\/de\/#website"},"primaryImageOfPage":{"@id":"https:\/\/hubsch-interior.com\/de\/produkt\/forma-couchtisch-naturfarben\/#primaryimage"},"image":{"@id":"https:\/\/hubsch-interior.com\/de\/produkt\/forma-couchtisch-naturfarben\/#primaryimage"},"thumbnailUrl":"https:\/\/hubsch-interior.com\/wp-content\/uploads\/2026\/02\/forma-coffee-table-natural-dc5b8f9577957f2d24bf6ac5c2e0d38b.jpg","datePublished":"2024-01-29T08:24:45+00:00","dateModified":"2026-04-04T02:53:07+00:00","description":"Vorstellung des Forma Couchtischs - eine unverzichtbare Erg\u00e4nzung f\u00fcr jeden Wohnraum. Hergestellt aus FSC-zertifiziertem Natur-Eichenfurnier und","breadcrumb":{"@id":"https:\/\/hubsch-interior.com\/de\/produkt\/forma-couchtisch-naturfarben\/#breadcrumb"},"inLanguage":"de","potentialAction":[{"@type":"ReadAction","target":["https:\/\/hubsch-interior.com\/de\/produkt\/forma-couchtisch-naturfarben\/"]}]},{"@type":"ImageObject","inLanguage":"de","@id":"https:\/\/hubsch-interior.com\/de\/produkt\/forma-couchtisch-naturfarben\/#primaryimage","url":"https:\/\/hubsch-interior.com\/wp-content\/uploads\/2026\/02\/forma-coffee-table-natural-dc5b8f9577957f2d24bf6ac5c2e0d38b.jpg","contentUrl":"https:\/\/hubsch-interior.com\/wp-content\/uploads\/2026\/02\/forma-coffee-table-natural-dc5b8f9577957f2d24bf6ac5c2e0d38b.jpg","width":1024,"height":1024},{"@type":"BreadcrumbList","@id":"https:\/\/hubsch-interior.com\/de\/produkt\/forma-couchtisch-naturfarben\/#breadcrumb","itemListElement":[{"@type":"ListItem","position":1,"name":"Startseite","item":"https:\/\/hubsch-interior.com\/de\/"},{"@type":"ListItem","position":2,"name":"Produkte","item":"https:\/\/hubsch-interior.com\/de\/shop-2\/"},{"@type":"ListItem","position":3,"name":"M\u00f6bel","item":"https:\/\/hubsch-interior.com\/de\/produkt-kategorie\/moebel\/"},{"@type":"ListItem","position":4,"name":"Tische","item":"https:\/\/hubsch-interior.com\/de\/produkt-kategorie\/moebel\/tische-de\/"},{"@type":"ListItem","position":5,"name":"Sofatische","item":"https:\/\/hubsch-interior.com\/de\/produkt-kategorie\/moebel\/tische-de\/sofatische-de\/"},{"@type":"ListItem","position":6,"name":"Forma Couchtisch Naturfarben"}]},{"@type":"WebSite","@id":"https:\/\/hubsch-interior.com\/de\/#website","url":"https:\/\/hubsch-interior.com\/de\/","name":"H\u00fcbsch","description":"Danish Home Interior and Design","publisher":{"@id":"https:\/\/hubsch-interior.com\/de\/#organization"},"potentialAction":[{"@type":"SearchAction","target":{"@type":"EntryPoint","urlTemplate":"https:\/\/hubsch-interior.com\/de\/?s={search_term_string}"},"query-input":{"@type":"PropertyValueSpecification","valueRequired":true,"valueName":"search_term_string"}}],"inLanguage":"de"},{"@type":"Organization","@id":"https:\/\/hubsch-interior.com\/de\/#organization","name":"H\u00fcbsch","url":"https:\/\/hubsch-interior.com\/de\/","logo":{"@type":"ImageObject","inLanguage":"de","@id":"https:\/\/hubsch-interior.com\/de\/#\/schema\/logo\/image\/","url":"https:\/\/hubsch-interior.com\/wp-content\/uploads\/2022\/12\/Hubsch_logo_black_one_line.svg","contentUrl":"https:\/\/hubsch-interior.com\/wp-content\/uploads\/2022\/12\/Hubsch_logo_black_one_line.svg","caption":"H\u00fcbsch"},"image":{"@id":"https:\/\/hubsch-interior.com\/de\/#\/schema\/logo\/image\/"}}]}},"_links":{"self":[{"href":"https:\/\/hubsch-interior.com\/de\/wp-json\/wp\/v2\/product\/977085","targetHints":{"allow":["GET"]}}],"collection":[{"href":"https:\/\/hubsch-interior.com\/de\/wp-json\/wp\/v2\/product"}],"about":[{"href":"https:\/\/hubsch-interior.com\/de\/wp-json\/wp\/v2\/types\/product"}],"wp:featuredmedia":[{"embeddable":true,"href":"https:\/\/hubsch-interior.com\/de\/wp-json\/wp\/v2\/media\/1103597"}],"wp:attachment":[{"href":"https:\/\/hubsch-interior.com\/de\/wp-json\/wp\/v2\/media?parent=977085"}],"wp:term":[{"taxonomy":"product_brand","embeddable":true,"href":"https:\/\/hubsch-interior.com\/de\/wp-json\/wp\/v2\/product_brand?post=977085"},{"taxonomy":"product_cat","embeddable":true,"href":"https:\/\/hubsch-interior.com\/de\/wp-json\/wp\/v2\/product_cat?post=977085"},{"taxonomy":"product_tag","embeddable":true,"href":"https:\/\/hubsch-interior.com\/de\/wp-json\/wp\/v2\/product_tag?post=977085"}],"curies":[{"name":"wp","href":"https:\/\/api.w.org\/{rel}","templated":true}]}}