{"id":977150,"date":"2024-01-29T09:25:29","date_gmt":"2024-01-29T08:25:29","guid":{"rendered":"https:\/\/hubsch-interior.com\/product\/product\/"},"modified":"2026-04-09T04:52:10","modified_gmt":"2026-04-09T02:52:10","slug":"forma-hocker-sandfarben-naturfarben","status":"publish","type":"product","link":"https:\/\/hubsch-interior.com\/de\/produkt\/forma-hocker-sandfarben-naturfarben\/","title":{"rendered":"Forma Hocker Sandfarben\/Naturfarben"},"content":{"rendered":"<p>Der Forma Hocker zeichnet sich durch eine scharfe und kantige Form aus und wird sicherlich in jedem Raum einen Eindruck hinterlassen. Hergestellt aus FSC-zertifiziertem Holz, f\u00fcgt dieser Hocker nicht nur eine Note nat\u00fcrlicher Sch\u00f6nheit hinzu, sondern tr\u00e4gt auch zu nachhaltigem Leben bei. Die Eichenfurnier und Polyester Materialien verleihen ihm ein skulpturales Aussehen, das sowohl stabil als auch stilvoll ist. Dieser Hocker f\u00fcgt sich m\u00fchelos in jedes Interieur ein und mit einem festen Sitzkissen k\u00f6nnen Sie bequemes Sitzen genie\u00dfen, w\u00e4hrend Sie sich entspannen und ausruhen.<\/p>\n","protected":false},"excerpt":{"rendered":"<p>Der Forma Hocker zeichnet sich durch eine scharfe und kantige Form aus und wird sicherlich in jedem Raum einen Eindruck hinterlassen. Hergestellt aus FSC-zertifiziertem Holz, f\u00fcgt dieser Hocker nicht nur eine Note nat\u00fcrlicher Sch\u00f6nheit hinzu, sondern tr\u00e4gt auch zu nachhaltigem Leben bei. Die Eichenfurnier und Polyester Materialien verleihen ihm ein skulpturales Aussehen, das sowohl stabil [&hellip;]<\/p>\n","protected":false},"featured_media":1103649,"template":"","meta":{"_acf_changed":false,"inline_featured_image":false},"product_brand":[],"product_cat":[6884,6897,6323,2845,3042,5027],"product_tag":[],"class_list":{"0":"post-977150","1":"product","2":"type-product","3":"status-publish","4":"has-post-thumbnail","6":"product_cat-elevating-nostalgia-de","7":"product_cat-forma-series-de","8":"product_cat-fsc-de","9":"product_cat-sitzmoebel-de","10":"product_cat-hocker-de","11":"product_cat-bestsellers-de","12":"product_shipping_class-pk","14":"pa_color-sandfarben","15":"pa_color-naturfarben-2","16":"pa_material-mdf-de","17":"pa_material-polyester-100-de","18":"pa_material-eichenfurnier","20":"first","21":"instock","22":"featured","23":"taxable","24":"shipping-taxable","25":"purchasable","26":"product-type-simple"},"exclude_global_add_ons":[],"addons":[],"acf":[],"yoast_head":"<!-- This site is optimized with the Yoast SEO plugin v26.4 - https:\/\/yoast.com\/wordpress\/plugins\/seo\/ -->\n<title>Forma Hocker Sandfarben\/Naturfarben - H\u00fcbsch<\/title>\n<meta name=\"description\" content=\"Der Forma Hocker zeichnet sich durch eine scharfe und kantige Form aus und wird sicherlich in jedem Raum einen Eindruck hinterlassen. Hergestellt aus\" \/>\n<meta name=\"robots\" content=\"index, follow, max-snippet:-1, max-image-preview:large, max-video-preview:-1\" \/>\n<link rel=\"canonical\" href=\"https:\/\/hubsch-interior.com\/de\/wp-json\/wp\/v2\/product\/977150\" \/>\n<meta property=\"og:locale\" content=\"de_DE\" \/>\n<meta property=\"og:type\" content=\"article\" \/>\n<meta property=\"og:title\" content=\"Forma Hocker Sandfarben\/Naturfarben - H\u00fcbsch\" \/>\n<meta property=\"og:description\" content=\"Der Forma Hocker zeichnet sich durch eine scharfe und kantige Form aus und wird sicherlich in jedem Raum einen Eindruck hinterlassen. Hergestellt aus\" \/>\n<meta property=\"og:url\" content=\"https:\/\/hubsch-interior.com\/de\/produkt\/forma-hocker-sandfarben-naturfarben\/\" \/>\n<meta property=\"og:site_name\" content=\"H\u00fcbsch\" \/>\n<meta property=\"article:modified_time\" content=\"2026-04-09T02:52:10+00:00\" \/>\n<meta property=\"og:image\" content=\"https:\/\/hubsch-interior.com\/wp-content\/uploads\/2024\/04\/forma-stool-sandnatural-5ce09fd00338a237f0e3816122321f35.jpg\" \/>\n\t<meta property=\"og:image:width\" content=\"1200\" \/>\n\t<meta property=\"og:image:height\" content=\"1200\" \/>\n\t<meta property=\"og:image:type\" content=\"image\/jpeg\" \/>\n<meta name=\"twitter:card\" content=\"summary_large_image\" \/>\n<script type=\"application\/ld+json\" class=\"yoast-schema-graph\">{\"@context\":\"https:\/\/schema.org\",\"@graph\":[{\"@type\":\"WebPage\",\"@id\":\"https:\/\/hubsch-interior.com\/de\/produkt\/forma-hocker-sandfarben-naturfarben\/\",\"url\":\"https:\/\/hubsch-interior.com\/de\/produkt\/forma-hocker-sandfarben-naturfarben\/\",\"name\":\"Forma Hocker Sandfarben\/Naturfarben - H\u00fcbsch\",\"isPartOf\":{\"@id\":\"https:\/\/hubsch-interior.com\/de\/#website\"},\"primaryImageOfPage\":{\"@id\":\"https:\/\/hubsch-interior.com\/de\/produkt\/forma-hocker-sandfarben-naturfarben\/#primaryimage\"},\"image\":{\"@id\":\"https:\/\/hubsch-interior.com\/de\/produkt\/forma-hocker-sandfarben-naturfarben\/#primaryimage\"},\"thumbnailUrl\":\"https:\/\/hubsch-interior.com\/wp-content\/uploads\/2026\/02\/forma-stool-sandnatural-3047fa64600855c9fe6a3d3b86503578.jpg\",\"datePublished\":\"2024-01-29T08:25:29+00:00\",\"dateModified\":\"2026-04-09T02:52:10+00:00\",\"description\":\"Der Forma Hocker zeichnet sich durch eine scharfe und kantige Form aus und wird sicherlich in jedem Raum einen Eindruck hinterlassen. Hergestellt aus\",\"breadcrumb\":{\"@id\":\"https:\/\/hubsch-interior.com\/de\/produkt\/forma-hocker-sandfarben-naturfarben\/#breadcrumb\"},\"inLanguage\":\"de\",\"potentialAction\":[{\"@type\":\"ReadAction\",\"target\":[\"https:\/\/hubsch-interior.com\/de\/produkt\/forma-hocker-sandfarben-naturfarben\/\"]}]},{\"@type\":\"ImageObject\",\"inLanguage\":\"de\",\"@id\":\"https:\/\/hubsch-interior.com\/de\/produkt\/forma-hocker-sandfarben-naturfarben\/#primaryimage\",\"url\":\"https:\/\/hubsch-interior.com\/wp-content\/uploads\/2026\/02\/forma-stool-sandnatural-3047fa64600855c9fe6a3d3b86503578.jpg\",\"contentUrl\":\"https:\/\/hubsch-interior.com\/wp-content\/uploads\/2026\/02\/forma-stool-sandnatural-3047fa64600855c9fe6a3d3b86503578.jpg\",\"width\":1024,\"height\":1024},{\"@type\":\"BreadcrumbList\",\"@id\":\"https:\/\/hubsch-interior.com\/de\/produkt\/forma-hocker-sandfarben-naturfarben\/#breadcrumb\",\"itemListElement\":[{\"@type\":\"ListItem\",\"position\":1,\"name\":\"Startseite\",\"item\":\"https:\/\/hubsch-interior.com\/de\/\"},{\"@type\":\"ListItem\",\"position\":2,\"name\":\"Produkte\",\"item\":\"https:\/\/hubsch-interior.com\/de\/shop-2\/\"},{\"@type\":\"ListItem\",\"position\":3,\"name\":\"M\u00f6bel\",\"item\":\"https:\/\/hubsch-interior.com\/de\/produkt-kategorie\/moebel\/\"},{\"@type\":\"ListItem\",\"position\":4,\"name\":\"Sitzm&ouml;bel\",\"item\":\"https:\/\/hubsch-interior.com\/de\/produkt-kategorie\/moebel\/sitzmoebel-de\/\"},{\"@type\":\"ListItem\",\"position\":5,\"name\":\"Hocker\",\"item\":\"https:\/\/hubsch-interior.com\/de\/produkt-kategorie\/moebel\/sitzmoebel-de\/hocker-de\/\"},{\"@type\":\"ListItem\",\"position\":6,\"name\":\"Forma Hocker Sandfarben\/Naturfarben\"}]},{\"@type\":\"WebSite\",\"@id\":\"https:\/\/hubsch-interior.com\/de\/#website\",\"url\":\"https:\/\/hubsch-interior.com\/de\/\",\"name\":\"H\u00fcbsch\",\"description\":\"Danish Home Interior and Design\",\"publisher\":{\"@id\":\"https:\/\/hubsch-interior.com\/de\/#organization\"},\"potentialAction\":[{\"@type\":\"SearchAction\",\"target\":{\"@type\":\"EntryPoint\",\"urlTemplate\":\"https:\/\/hubsch-interior.com\/de\/?s={search_term_string}\"},\"query-input\":{\"@type\":\"PropertyValueSpecification\",\"valueRequired\":true,\"valueName\":\"search_term_string\"}}],\"inLanguage\":\"de\"},{\"@type\":\"Organization\",\"@id\":\"https:\/\/hubsch-interior.com\/de\/#organization\",\"name\":\"H\u00fcbsch\",\"url\":\"https:\/\/hubsch-interior.com\/de\/\",\"logo\":{\"@type\":\"ImageObject\",\"inLanguage\":\"de\",\"@id\":\"https:\/\/hubsch-interior.com\/de\/#\/schema\/logo\/image\/\",\"url\":\"https:\/\/hubsch-interior.com\/wp-content\/uploads\/2022\/12\/Hubsch_logo_black_one_line.svg\",\"contentUrl\":\"https:\/\/hubsch-interior.com\/wp-content\/uploads\/2022\/12\/Hubsch_logo_black_one_line.svg\",\"caption\":\"H\u00fcbsch\"},\"image\":{\"@id\":\"https:\/\/hubsch-interior.com\/de\/#\/schema\/logo\/image\/\"}}]}<\/script>\n<!-- \/ Yoast SEO plugin. -->","yoast_head_json":{"title":"Forma Hocker Sandfarben\/Naturfarben - H\u00fcbsch","description":"Der Forma Hocker zeichnet sich durch eine scharfe und kantige Form aus und wird sicherlich in jedem Raum einen Eindruck hinterlassen. Hergestellt aus","robots":{"index":"index","follow":"follow","max-snippet":"max-snippet:-1","max-image-preview":"max-image-preview:large","max-video-preview":"max-video-preview:-1"},"canonical":"https:\/\/hubsch-interior.com\/de\/wp-json\/wp\/v2\/product\/977150","og_locale":"de_DE","og_type":"article","og_title":"Forma Hocker Sandfarben\/Naturfarben - H\u00fcbsch","og_description":"Der Forma Hocker zeichnet sich durch eine scharfe und kantige Form aus und wird sicherlich in jedem Raum einen Eindruck hinterlassen. Hergestellt aus","og_url":"https:\/\/hubsch-interior.com\/de\/produkt\/forma-hocker-sandfarben-naturfarben\/","og_site_name":"H\u00fcbsch","article_modified_time":"2026-04-09T02:52:10+00:00","og_image":[{"width":1200,"height":1200,"url":"https:\/\/hubsch-interior.com\/wp-content\/uploads\/2024\/04\/forma-stool-sandnatural-5ce09fd00338a237f0e3816122321f35.jpg","type":"image\/jpeg"}],"twitter_card":"summary_large_image","schema":{"@context":"https:\/\/schema.org","@graph":[{"@type":"WebPage","@id":"https:\/\/hubsch-interior.com\/de\/produkt\/forma-hocker-sandfarben-naturfarben\/","url":"https:\/\/hubsch-interior.com\/de\/produkt\/forma-hocker-sandfarben-naturfarben\/","name":"Forma Hocker Sandfarben\/Naturfarben - H\u00fcbsch","isPartOf":{"@id":"https:\/\/hubsch-interior.com\/de\/#website"},"primaryImageOfPage":{"@id":"https:\/\/hubsch-interior.com\/de\/produkt\/forma-hocker-sandfarben-naturfarben\/#primaryimage"},"image":{"@id":"https:\/\/hubsch-interior.com\/de\/produkt\/forma-hocker-sandfarben-naturfarben\/#primaryimage"},"thumbnailUrl":"https:\/\/hubsch-interior.com\/wp-content\/uploads\/2026\/02\/forma-stool-sandnatural-3047fa64600855c9fe6a3d3b86503578.jpg","datePublished":"2024-01-29T08:25:29+00:00","dateModified":"2026-04-09T02:52:10+00:00","description":"Der Forma Hocker zeichnet sich durch eine scharfe und kantige Form aus und wird sicherlich in jedem Raum einen Eindruck hinterlassen. Hergestellt aus","breadcrumb":{"@id":"https:\/\/hubsch-interior.com\/de\/produkt\/forma-hocker-sandfarben-naturfarben\/#breadcrumb"},"inLanguage":"de","potentialAction":[{"@type":"ReadAction","target":["https:\/\/hubsch-interior.com\/de\/produkt\/forma-hocker-sandfarben-naturfarben\/"]}]},{"@type":"ImageObject","inLanguage":"de","@id":"https:\/\/hubsch-interior.com\/de\/produkt\/forma-hocker-sandfarben-naturfarben\/#primaryimage","url":"https:\/\/hubsch-interior.com\/wp-content\/uploads\/2026\/02\/forma-stool-sandnatural-3047fa64600855c9fe6a3d3b86503578.jpg","contentUrl":"https:\/\/hubsch-interior.com\/wp-content\/uploads\/2026\/02\/forma-stool-sandnatural-3047fa64600855c9fe6a3d3b86503578.jpg","width":1024,"height":1024},{"@type":"BreadcrumbList","@id":"https:\/\/hubsch-interior.com\/de\/produkt\/forma-hocker-sandfarben-naturfarben\/#breadcrumb","itemListElement":[{"@type":"ListItem","position":1,"name":"Startseite","item":"https:\/\/hubsch-interior.com\/de\/"},{"@type":"ListItem","position":2,"name":"Produkte","item":"https:\/\/hubsch-interior.com\/de\/shop-2\/"},{"@type":"ListItem","position":3,"name":"M\u00f6bel","item":"https:\/\/hubsch-interior.com\/de\/produkt-kategorie\/moebel\/"},{"@type":"ListItem","position":4,"name":"Sitzm&ouml;bel","item":"https:\/\/hubsch-interior.com\/de\/produkt-kategorie\/moebel\/sitzmoebel-de\/"},{"@type":"ListItem","position":5,"name":"Hocker","item":"https:\/\/hubsch-interior.com\/de\/produkt-kategorie\/moebel\/sitzmoebel-de\/hocker-de\/"},{"@type":"ListItem","position":6,"name":"Forma Hocker Sandfarben\/Naturfarben"}]},{"@type":"WebSite","@id":"https:\/\/hubsch-interior.com\/de\/#website","url":"https:\/\/hubsch-interior.com\/de\/","name":"H\u00fcbsch","description":"Danish Home Interior and Design","publisher":{"@id":"https:\/\/hubsch-interior.com\/de\/#organization"},"potentialAction":[{"@type":"SearchAction","target":{"@type":"EntryPoint","urlTemplate":"https:\/\/hubsch-interior.com\/de\/?s={search_term_string}"},"query-input":{"@type":"PropertyValueSpecification","valueRequired":true,"valueName":"search_term_string"}}],"inLanguage":"de"},{"@type":"Organization","@id":"https:\/\/hubsch-interior.com\/de\/#organization","name":"H\u00fcbsch","url":"https:\/\/hubsch-interior.com\/de\/","logo":{"@type":"ImageObject","inLanguage":"de","@id":"https:\/\/hubsch-interior.com\/de\/#\/schema\/logo\/image\/","url":"https:\/\/hubsch-interior.com\/wp-content\/uploads\/2022\/12\/Hubsch_logo_black_one_line.svg","contentUrl":"https:\/\/hubsch-interior.com\/wp-content\/uploads\/2022\/12\/Hubsch_logo_black_one_line.svg","caption":"H\u00fcbsch"},"image":{"@id":"https:\/\/hubsch-interior.com\/de\/#\/schema\/logo\/image\/"}}]}},"_links":{"self":[{"href":"https:\/\/hubsch-interior.com\/de\/wp-json\/wp\/v2\/product\/977150","targetHints":{"allow":["GET"]}}],"collection":[{"href":"https:\/\/hubsch-interior.com\/de\/wp-json\/wp\/v2\/product"}],"about":[{"href":"https:\/\/hubsch-interior.com\/de\/wp-json\/wp\/v2\/types\/product"}],"wp:featuredmedia":[{"embeddable":true,"href":"https:\/\/hubsch-interior.com\/de\/wp-json\/wp\/v2\/media\/1103649"}],"wp:attachment":[{"href":"https:\/\/hubsch-interior.com\/de\/wp-json\/wp\/v2\/media?parent=977150"}],"wp:term":[{"taxonomy":"product_brand","embeddable":true,"href":"https:\/\/hubsch-interior.com\/de\/wp-json\/wp\/v2\/product_brand?post=977150"},{"taxonomy":"product_cat","embeddable":true,"href":"https:\/\/hubsch-interior.com\/de\/wp-json\/wp\/v2\/product_cat?post=977150"},{"taxonomy":"product_tag","embeddable":true,"href":"https:\/\/hubsch-interior.com\/de\/wp-json\/wp\/v2\/product_tag?post=977150"}],"curies":[{"name":"wp","href":"https:\/\/api.w.org\/{rel}","templated":true}]}}