{"id":977166,"date":"2024-01-29T09:25:43","date_gmt":"2024-01-29T08:25:43","guid":{"rendered":"https:\/\/hubsch-interior.com\/product\/product\/"},"modified":"2026-04-09T04:52:15","modified_gmt":"2026-04-09T02:52:15","slug":"arki-regal-naturfarben","status":"publish","type":"product","link":"https:\/\/hubsch-interior.com\/de\/produkt\/arki-regal-naturfarben\/","title":{"rendered":"Arki Regal Naturfarben"},"content":{"rendered":"<p>Vorstellen m\u00f6chten wir Ihnen das Arki Regal, die perfekte Kombination aus Stil und Funktionalit\u00e4t. Erh\u00e4ltlich in drei atemberaubenden Varianten, zeichnet sich dieses Modell durch seine nat\u00fcrliche Oberfl\u00e4che aus, die W\u00e4rme und Eleganz ausstrahlt. Hergestellt aus FSC-zertifiziertem Eichenfurnier und massivem Eichenholz, ist dieses Regal nicht nur sch\u00f6n, sondern auch umweltfreundlich. Es kann als Regal oder als Beistelltisch f\u00fcr Ihr Bett verwendet werden und ist somit eine vielseitige Erg\u00e4nzung f\u00fcr jeden Raum. Kombinieren Sie mehrere St\u00fccke in einer oder mehreren Farben, um ein Statement-St\u00fcck f\u00fcr Ihr Zuhause zu schaffen. W\u00e4hlen Sie zwischen drei charakteristischen Farben und machen Sie dieses Akzentst\u00fcck zu einem Must-Have f\u00fcr Ihr Zuhause.<\/p>\n","protected":false},"excerpt":{"rendered":"<p>Vorstellen m\u00f6chten wir Ihnen das Arki Regal, die perfekte Kombination aus Stil und Funktionalit\u00e4t. Erh\u00e4ltlich in drei atemberaubenden Varianten, zeichnet sich dieses Modell durch seine nat\u00fcrliche Oberfl\u00e4che aus, die W\u00e4rme und Eleganz ausstrahlt. Hergestellt aus FSC-zertifiziertem Eichenfurnier und massivem Eichenholz, ist dieses Regal nicht nur sch\u00f6n, sondern auch umweltfreundlich. Es kann als Regal oder als [&hellip;]<\/p>\n","protected":false},"featured_media":1103665,"template":"","meta":{"_acf_changed":false,"inline_featured_image":false},"product_brand":[],"product_cat":[4024,6884,6323,7073,7074,4003],"product_tag":[],"class_list":{"0":"post-977166","1":"product","2":"type-product","3":"status-publish","4":"has-post-thumbnail","6":"product_cat-ablagen-de","7":"product_cat-elevating-nostalgia-de","8":"product_cat-fsc-de","9":"product_cat-haken-regale-de","10":"product_cat-kuchen-regale-de","11":"product_cat-regale-aufbewahrung-de","12":"product_shipping_class-pk","14":"pa_color-naturfarben-2","15":"pa_material-eichenfurnier","16":"pa_material-eichenholz","17":"pa_material-mdf-de","19":"first","20":"instock","21":"taxable","22":"shipping-taxable","23":"purchasable","24":"product-type-simple"},"exclude_global_add_ons":[],"addons":[],"acf":[],"yoast_head":"<!-- This site is optimized with the Yoast SEO plugin v26.4 - https:\/\/yoast.com\/wordpress\/plugins\/seo\/ -->\n<title>Arki Regal Naturfarben - H\u00fcbsch<\/title>\n<meta name=\"description\" content=\"Vorstellen m\u00f6chten wir Ihnen das Arki Regal, die perfekte Kombination aus Stil und Funktionalit\u00e4t. Erh\u00e4ltlich in drei atemberaubenden Varianten, zeichnet\" \/>\n<meta name=\"robots\" content=\"index, follow, max-snippet:-1, max-image-preview:large, max-video-preview:-1\" \/>\n<link rel=\"canonical\" href=\"https:\/\/hubsch-interior.com\/de\/wp-json\/wp\/v2\/product\/977166\" \/>\n<meta property=\"og:locale\" content=\"de_DE\" \/>\n<meta property=\"og:type\" content=\"article\" \/>\n<meta property=\"og:title\" content=\"Arki Regal Naturfarben - H\u00fcbsch\" \/>\n<meta property=\"og:description\" content=\"Vorstellen m\u00f6chten wir Ihnen das Arki Regal, die perfekte Kombination aus Stil und Funktionalit\u00e4t. Erh\u00e4ltlich in drei atemberaubenden Varianten, zeichnet\" \/>\n<meta property=\"og:url\" content=\"https:\/\/hubsch-interior.com\/de\/produkt\/arki-regal-naturfarben\/\" \/>\n<meta property=\"og:site_name\" content=\"H\u00fcbsch\" \/>\n<meta property=\"article:modified_time\" content=\"2026-04-09T02:52:15+00:00\" \/>\n<meta property=\"og:image\" content=\"https:\/\/hubsch-interior.com\/wp-content\/uploads\/2024\/01\/arki-shelf-natural-ab07a3ab627644a9d6355377ce67063f.jpg\" \/>\n\t<meta property=\"og:image:width\" content=\"1200\" \/>\n\t<meta property=\"og:image:height\" content=\"1200\" \/>\n\t<meta property=\"og:image:type\" content=\"image\/jpeg\" \/>\n<meta name=\"twitter:card\" content=\"summary_large_image\" \/>\n<meta name=\"twitter:label1\" content=\"Gesch\u00e4tzte Lesezeit\" \/>\n\t<meta name=\"twitter:data1\" content=\"1\u00a0Minute\" \/>\n<script type=\"application\/ld+json\" class=\"yoast-schema-graph\">{\"@context\":\"https:\/\/schema.org\",\"@graph\":[{\"@type\":\"WebPage\",\"@id\":\"https:\/\/hubsch-interior.com\/de\/produkt\/arki-regal-naturfarben\/\",\"url\":\"https:\/\/hubsch-interior.com\/de\/produkt\/arki-regal-naturfarben\/\",\"name\":\"Arki Regal Naturfarben - H\u00fcbsch\",\"isPartOf\":{\"@id\":\"https:\/\/hubsch-interior.com\/de\/#website\"},\"primaryImageOfPage\":{\"@id\":\"https:\/\/hubsch-interior.com\/de\/produkt\/arki-regal-naturfarben\/#primaryimage\"},\"image\":{\"@id\":\"https:\/\/hubsch-interior.com\/de\/produkt\/arki-regal-naturfarben\/#primaryimage\"},\"thumbnailUrl\":\"https:\/\/hubsch-interior.com\/wp-content\/uploads\/2026\/02\/arki-shelf-natural-da95e51c603c03fabddef9b65a52194c.jpg\",\"datePublished\":\"2024-01-29T08:25:43+00:00\",\"dateModified\":\"2026-04-09T02:52:15+00:00\",\"description\":\"Vorstellen m\u00f6chten wir Ihnen das Arki Regal, die perfekte Kombination aus Stil und Funktionalit\u00e4t. Erh\u00e4ltlich in drei atemberaubenden Varianten, zeichnet\",\"breadcrumb\":{\"@id\":\"https:\/\/hubsch-interior.com\/de\/produkt\/arki-regal-naturfarben\/#breadcrumb\"},\"inLanguage\":\"de\",\"potentialAction\":[{\"@type\":\"ReadAction\",\"target\":[\"https:\/\/hubsch-interior.com\/de\/produkt\/arki-regal-naturfarben\/\"]}]},{\"@type\":\"ImageObject\",\"inLanguage\":\"de\",\"@id\":\"https:\/\/hubsch-interior.com\/de\/produkt\/arki-regal-naturfarben\/#primaryimage\",\"url\":\"https:\/\/hubsch-interior.com\/wp-content\/uploads\/2026\/02\/arki-shelf-natural-da95e51c603c03fabddef9b65a52194c.jpg\",\"contentUrl\":\"https:\/\/hubsch-interior.com\/wp-content\/uploads\/2026\/02\/arki-shelf-natural-da95e51c603c03fabddef9b65a52194c.jpg\",\"width\":1024,\"height\":1024},{\"@type\":\"BreadcrumbList\",\"@id\":\"https:\/\/hubsch-interior.com\/de\/produkt\/arki-regal-naturfarben\/#breadcrumb\",\"itemListElement\":[{\"@type\":\"ListItem\",\"position\":1,\"name\":\"Startseite\",\"item\":\"https:\/\/hubsch-interior.com\/de\/\"},{\"@type\":\"ListItem\",\"position\":2,\"name\":\"Produkte\",\"item\":\"https:\/\/hubsch-interior.com\/de\/shop-2\/\"},{\"@type\":\"ListItem\",\"position\":3,\"name\":\"M\u00f6bel\",\"item\":\"https:\/\/hubsch-interior.com\/de\/produkt-kategorie\/moebel\/\"},{\"@type\":\"ListItem\",\"position\":4,\"name\":\"Regale &amp; Aufbewahrung\",\"item\":\"https:\/\/hubsch-interior.com\/de\/produkt-kategorie\/moebel\/regale-aufbewahrung-de\/\"},{\"@type\":\"ListItem\",\"position\":5,\"name\":\"Ablagen\",\"item\":\"https:\/\/hubsch-interior.com\/de\/produkt-kategorie\/moebel\/regale-aufbewahrung-de\/ablagen-de\/\"},{\"@type\":\"ListItem\",\"position\":6,\"name\":\"Arki Regal Naturfarben\"}]},{\"@type\":\"WebSite\",\"@id\":\"https:\/\/hubsch-interior.com\/de\/#website\",\"url\":\"https:\/\/hubsch-interior.com\/de\/\",\"name\":\"H\u00fcbsch\",\"description\":\"Danish Home Interior and Design\",\"publisher\":{\"@id\":\"https:\/\/hubsch-interior.com\/de\/#organization\"},\"potentialAction\":[{\"@type\":\"SearchAction\",\"target\":{\"@type\":\"EntryPoint\",\"urlTemplate\":\"https:\/\/hubsch-interior.com\/de\/?s={search_term_string}\"},\"query-input\":{\"@type\":\"PropertyValueSpecification\",\"valueRequired\":true,\"valueName\":\"search_term_string\"}}],\"inLanguage\":\"de\"},{\"@type\":\"Organization\",\"@id\":\"https:\/\/hubsch-interior.com\/de\/#organization\",\"name\":\"H\u00fcbsch\",\"url\":\"https:\/\/hubsch-interior.com\/de\/\",\"logo\":{\"@type\":\"ImageObject\",\"inLanguage\":\"de\",\"@id\":\"https:\/\/hubsch-interior.com\/de\/#\/schema\/logo\/image\/\",\"url\":\"https:\/\/hubsch-interior.com\/wp-content\/uploads\/2022\/12\/Hubsch_logo_black_one_line.svg\",\"contentUrl\":\"https:\/\/hubsch-interior.com\/wp-content\/uploads\/2022\/12\/Hubsch_logo_black_one_line.svg\",\"caption\":\"H\u00fcbsch\"},\"image\":{\"@id\":\"https:\/\/hubsch-interior.com\/de\/#\/schema\/logo\/image\/\"}}]}<\/script>\n<!-- \/ Yoast SEO plugin. -->","yoast_head_json":{"title":"Arki Regal Naturfarben - H\u00fcbsch","description":"Vorstellen m\u00f6chten wir Ihnen das Arki Regal, die perfekte Kombination aus Stil und Funktionalit\u00e4t. Erh\u00e4ltlich in drei atemberaubenden Varianten, zeichnet","robots":{"index":"index","follow":"follow","max-snippet":"max-snippet:-1","max-image-preview":"max-image-preview:large","max-video-preview":"max-video-preview:-1"},"canonical":"https:\/\/hubsch-interior.com\/de\/wp-json\/wp\/v2\/product\/977166","og_locale":"de_DE","og_type":"article","og_title":"Arki Regal Naturfarben - H\u00fcbsch","og_description":"Vorstellen m\u00f6chten wir Ihnen das Arki Regal, die perfekte Kombination aus Stil und Funktionalit\u00e4t. Erh\u00e4ltlich in drei atemberaubenden Varianten, zeichnet","og_url":"https:\/\/hubsch-interior.com\/de\/produkt\/arki-regal-naturfarben\/","og_site_name":"H\u00fcbsch","article_modified_time":"2026-04-09T02:52:15+00:00","og_image":[{"width":1200,"height":1200,"url":"https:\/\/hubsch-interior.com\/wp-content\/uploads\/2024\/01\/arki-shelf-natural-ab07a3ab627644a9d6355377ce67063f.jpg","type":"image\/jpeg"}],"twitter_card":"summary_large_image","twitter_misc":{"Gesch\u00e4tzte Lesezeit":"1\u00a0Minute"},"schema":{"@context":"https:\/\/schema.org","@graph":[{"@type":"WebPage","@id":"https:\/\/hubsch-interior.com\/de\/produkt\/arki-regal-naturfarben\/","url":"https:\/\/hubsch-interior.com\/de\/produkt\/arki-regal-naturfarben\/","name":"Arki Regal Naturfarben - H\u00fcbsch","isPartOf":{"@id":"https:\/\/hubsch-interior.com\/de\/#website"},"primaryImageOfPage":{"@id":"https:\/\/hubsch-interior.com\/de\/produkt\/arki-regal-naturfarben\/#primaryimage"},"image":{"@id":"https:\/\/hubsch-interior.com\/de\/produkt\/arki-regal-naturfarben\/#primaryimage"},"thumbnailUrl":"https:\/\/hubsch-interior.com\/wp-content\/uploads\/2026\/02\/arki-shelf-natural-da95e51c603c03fabddef9b65a52194c.jpg","datePublished":"2024-01-29T08:25:43+00:00","dateModified":"2026-04-09T02:52:15+00:00","description":"Vorstellen m\u00f6chten wir Ihnen das Arki Regal, die perfekte Kombination aus Stil und Funktionalit\u00e4t. Erh\u00e4ltlich in drei atemberaubenden Varianten, zeichnet","breadcrumb":{"@id":"https:\/\/hubsch-interior.com\/de\/produkt\/arki-regal-naturfarben\/#breadcrumb"},"inLanguage":"de","potentialAction":[{"@type":"ReadAction","target":["https:\/\/hubsch-interior.com\/de\/produkt\/arki-regal-naturfarben\/"]}]},{"@type":"ImageObject","inLanguage":"de","@id":"https:\/\/hubsch-interior.com\/de\/produkt\/arki-regal-naturfarben\/#primaryimage","url":"https:\/\/hubsch-interior.com\/wp-content\/uploads\/2026\/02\/arki-shelf-natural-da95e51c603c03fabddef9b65a52194c.jpg","contentUrl":"https:\/\/hubsch-interior.com\/wp-content\/uploads\/2026\/02\/arki-shelf-natural-da95e51c603c03fabddef9b65a52194c.jpg","width":1024,"height":1024},{"@type":"BreadcrumbList","@id":"https:\/\/hubsch-interior.com\/de\/produkt\/arki-regal-naturfarben\/#breadcrumb","itemListElement":[{"@type":"ListItem","position":1,"name":"Startseite","item":"https:\/\/hubsch-interior.com\/de\/"},{"@type":"ListItem","position":2,"name":"Produkte","item":"https:\/\/hubsch-interior.com\/de\/shop-2\/"},{"@type":"ListItem","position":3,"name":"M\u00f6bel","item":"https:\/\/hubsch-interior.com\/de\/produkt-kategorie\/moebel\/"},{"@type":"ListItem","position":4,"name":"Regale &amp; Aufbewahrung","item":"https:\/\/hubsch-interior.com\/de\/produkt-kategorie\/moebel\/regale-aufbewahrung-de\/"},{"@type":"ListItem","position":5,"name":"Ablagen","item":"https:\/\/hubsch-interior.com\/de\/produkt-kategorie\/moebel\/regale-aufbewahrung-de\/ablagen-de\/"},{"@type":"ListItem","position":6,"name":"Arki Regal Naturfarben"}]},{"@type":"WebSite","@id":"https:\/\/hubsch-interior.com\/de\/#website","url":"https:\/\/hubsch-interior.com\/de\/","name":"H\u00fcbsch","description":"Danish Home Interior and Design","publisher":{"@id":"https:\/\/hubsch-interior.com\/de\/#organization"},"potentialAction":[{"@type":"SearchAction","target":{"@type":"EntryPoint","urlTemplate":"https:\/\/hubsch-interior.com\/de\/?s={search_term_string}"},"query-input":{"@type":"PropertyValueSpecification","valueRequired":true,"valueName":"search_term_string"}}],"inLanguage":"de"},{"@type":"Organization","@id":"https:\/\/hubsch-interior.com\/de\/#organization","name":"H\u00fcbsch","url":"https:\/\/hubsch-interior.com\/de\/","logo":{"@type":"ImageObject","inLanguage":"de","@id":"https:\/\/hubsch-interior.com\/de\/#\/schema\/logo\/image\/","url":"https:\/\/hubsch-interior.com\/wp-content\/uploads\/2022\/12\/Hubsch_logo_black_one_line.svg","contentUrl":"https:\/\/hubsch-interior.com\/wp-content\/uploads\/2022\/12\/Hubsch_logo_black_one_line.svg","caption":"H\u00fcbsch"},"image":{"@id":"https:\/\/hubsch-interior.com\/de\/#\/schema\/logo\/image\/"}}]}},"_links":{"self":[{"href":"https:\/\/hubsch-interior.com\/de\/wp-json\/wp\/v2\/product\/977166","targetHints":{"allow":["GET"]}}],"collection":[{"href":"https:\/\/hubsch-interior.com\/de\/wp-json\/wp\/v2\/product"}],"about":[{"href":"https:\/\/hubsch-interior.com\/de\/wp-json\/wp\/v2\/types\/product"}],"wp:featuredmedia":[{"embeddable":true,"href":"https:\/\/hubsch-interior.com\/de\/wp-json\/wp\/v2\/media\/1103665"}],"wp:attachment":[{"href":"https:\/\/hubsch-interior.com\/de\/wp-json\/wp\/v2\/media?parent=977166"}],"wp:term":[{"taxonomy":"product_brand","embeddable":true,"href":"https:\/\/hubsch-interior.com\/de\/wp-json\/wp\/v2\/product_brand?post=977166"},{"taxonomy":"product_cat","embeddable":true,"href":"https:\/\/hubsch-interior.com\/de\/wp-json\/wp\/v2\/product_cat?post=977166"},{"taxonomy":"product_tag","embeddable":true,"href":"https:\/\/hubsch-interior.com\/de\/wp-json\/wp\/v2\/product_tag?post=977166"}],"curies":[{"name":"wp","href":"https:\/\/api.w.org\/{rel}","templated":true}]}}