{"id":977178,"date":"2024-01-29T09:25:57","date_gmt":"2024-01-29T08:25:57","guid":{"rendered":"https:\/\/hubsch-interior.com\/product\/product\/"},"modified":"2026-04-09T04:52:20","modified_gmt":"2026-04-09T02:52:20","slug":"arki-regal-orange-naturfarben","status":"publish","type":"product","link":"https:\/\/hubsch-interior.com\/de\/produkt\/arki-regal-orange-naturfarben\/","title":{"rendered":"Arki Regal Orange\/Naturfarben"},"content":{"rendered":"<p>Wir pr\u00e4sentieren das Arki Regal, die perfekte Erg\u00e4nzung f\u00fcr Ihre Wohnkultur. Dieses vielseitige M\u00f6belst\u00fcck ist in drei verschiedenen Farboptionen erh\u00e4ltlich und diese Variante \u00fcberzeugt durch eine atemberaubende Kombination aus Orange und nat\u00fcrlichen T\u00f6nen. Hergestellt aus FSC-zertifiziertem Eichenfurnier und Eichenholz, f\u00fcgt dieses Regal nicht nur jedem Raum einen Hauch von lebendiger Farbe hinzu, sondern f\u00f6rdert auch nachhaltiges Wohnen. Nutzen Sie es als Regal oder Beistelltisch und w\u00e4hlen Sie zwischen den drei charakteristischen Farben, um ein Statement-St\u00fcck in Ihrem Zuhause zu schaffen. Verleihen Sie Ihrem Raum mit dem Arki Regal eine elegante und stilvolle Note, ein unverzichtbares Wohnaccessoire f\u00fcr jeden Wohnstil.<\/p>\n","protected":false},"excerpt":{"rendered":"<p>Wir pr\u00e4sentieren das Arki Regal, die perfekte Erg\u00e4nzung f\u00fcr Ihre Wohnkultur. Dieses vielseitige M\u00f6belst\u00fcck ist in drei verschiedenen Farboptionen erh\u00e4ltlich und diese Variante \u00fcberzeugt durch eine atemberaubende Kombination aus Orange und nat\u00fcrlichen T\u00f6nen. Hergestellt aus FSC-zertifiziertem Eichenfurnier und Eichenholz, f\u00fcgt dieses Regal nicht nur jedem Raum einen Hauch von lebendiger Farbe hinzu, sondern f\u00f6rdert auch [&hellip;]<\/p>\n","protected":false},"featured_media":1103681,"template":"","meta":{"_acf_changed":false,"inline_featured_image":false},"product_brand":[],"product_cat":[4024,6884,6323,7073,7074,4003],"product_tag":[],"class_list":{"0":"post-977178","1":"product","2":"type-product","3":"status-publish","4":"has-post-thumbnail","6":"product_cat-ablagen-de","7":"product_cat-elevating-nostalgia-de","8":"product_cat-fsc-de","9":"product_cat-haken-regale-de","10":"product_cat-kuchen-regale-de","11":"product_cat-regale-aufbewahrung-de","12":"product_shipping_class-pk","14":"pa_color-naturfarben-2","15":"pa_color-orange-de","16":"pa_material-eichenfurnier","17":"pa_material-eichenholz","18":"pa_material-mdf-de","20":"first","21":"instock","22":"taxable","23":"shipping-taxable","24":"purchasable","25":"product-type-simple"},"exclude_global_add_ons":[],"addons":[],"acf":[],"yoast_head":"<!-- This site is optimized with the Yoast SEO plugin v26.4 - https:\/\/yoast.com\/wordpress\/plugins\/seo\/ -->\n<title>Arki Regal Orange\/Naturfarben - H\u00fcbsch<\/title>\n<meta name=\"description\" content=\"Wir pr\u00e4sentieren das Arki Regal, die perfekte Erg\u00e4nzung f\u00fcr Ihre Wohnkultur. Dieses vielseitige M\u00f6belst\u00fcck ist in drei verschiedenen Farboptionen\" \/>\n<meta name=\"robots\" content=\"index, follow, max-snippet:-1, max-image-preview:large, max-video-preview:-1\" \/>\n<link rel=\"canonical\" href=\"https:\/\/hubsch-interior.com\/de\/wp-json\/wp\/v2\/product\/977178\" \/>\n<meta property=\"og:locale\" content=\"de_DE\" \/>\n<meta property=\"og:type\" content=\"article\" \/>\n<meta property=\"og:title\" content=\"Arki Regal Orange\/Naturfarben - H\u00fcbsch\" \/>\n<meta property=\"og:description\" content=\"Wir pr\u00e4sentieren das Arki Regal, die perfekte Erg\u00e4nzung f\u00fcr Ihre Wohnkultur. Dieses vielseitige M\u00f6belst\u00fcck ist in drei verschiedenen Farboptionen\" \/>\n<meta property=\"og:url\" content=\"https:\/\/hubsch-interior.com\/de\/produkt\/arki-regal-orange-naturfarben\/\" \/>\n<meta property=\"og:site_name\" content=\"H\u00fcbsch\" \/>\n<meta property=\"article:modified_time\" content=\"2026-04-09T02:52:20+00:00\" \/>\n<meta property=\"og:image\" content=\"https:\/\/hubsch-interior.com\/wp-content\/uploads\/2024\/07\/arki-shelf-orangenatural-93457e6af2f51c1be0741aac1a76ae1f.jpg\" \/>\n\t<meta property=\"og:image:width\" content=\"1200\" \/>\n\t<meta property=\"og:image:height\" content=\"1200\" \/>\n\t<meta property=\"og:image:type\" content=\"image\/jpeg\" \/>\n<meta name=\"twitter:card\" content=\"summary_large_image\" \/>\n<meta name=\"twitter:label1\" content=\"Gesch\u00e4tzte Lesezeit\" \/>\n\t<meta name=\"twitter:data1\" content=\"1\u00a0Minute\" \/>\n<script type=\"application\/ld+json\" class=\"yoast-schema-graph\">{\"@context\":\"https:\/\/schema.org\",\"@graph\":[{\"@type\":\"WebPage\",\"@id\":\"https:\/\/hubsch-interior.com\/de\/produkt\/arki-regal-orange-naturfarben\/\",\"url\":\"https:\/\/hubsch-interior.com\/de\/produkt\/arki-regal-orange-naturfarben\/\",\"name\":\"Arki Regal Orange\/Naturfarben - H\u00fcbsch\",\"isPartOf\":{\"@id\":\"https:\/\/hubsch-interior.com\/de\/#website\"},\"primaryImageOfPage\":{\"@id\":\"https:\/\/hubsch-interior.com\/de\/produkt\/arki-regal-orange-naturfarben\/#primaryimage\"},\"image\":{\"@id\":\"https:\/\/hubsch-interior.com\/de\/produkt\/arki-regal-orange-naturfarben\/#primaryimage\"},\"thumbnailUrl\":\"https:\/\/hubsch-interior.com\/wp-content\/uploads\/2026\/02\/arki-shelf-orangenatural-773cf48d618361b2956cb52871222d5a.jpg\",\"datePublished\":\"2024-01-29T08:25:57+00:00\",\"dateModified\":\"2026-04-09T02:52:20+00:00\",\"description\":\"Wir pr\u00e4sentieren das Arki Regal, die perfekte Erg\u00e4nzung f\u00fcr Ihre Wohnkultur. Dieses vielseitige M\u00f6belst\u00fcck ist in drei verschiedenen Farboptionen\",\"breadcrumb\":{\"@id\":\"https:\/\/hubsch-interior.com\/de\/produkt\/arki-regal-orange-naturfarben\/#breadcrumb\"},\"inLanguage\":\"de\",\"potentialAction\":[{\"@type\":\"ReadAction\",\"target\":[\"https:\/\/hubsch-interior.com\/de\/produkt\/arki-regal-orange-naturfarben\/\"]}]},{\"@type\":\"ImageObject\",\"inLanguage\":\"de\",\"@id\":\"https:\/\/hubsch-interior.com\/de\/produkt\/arki-regal-orange-naturfarben\/#primaryimage\",\"url\":\"https:\/\/hubsch-interior.com\/wp-content\/uploads\/2026\/02\/arki-shelf-orangenatural-773cf48d618361b2956cb52871222d5a.jpg\",\"contentUrl\":\"https:\/\/hubsch-interior.com\/wp-content\/uploads\/2026\/02\/arki-shelf-orangenatural-773cf48d618361b2956cb52871222d5a.jpg\",\"width\":1024,\"height\":1024},{\"@type\":\"BreadcrumbList\",\"@id\":\"https:\/\/hubsch-interior.com\/de\/produkt\/arki-regal-orange-naturfarben\/#breadcrumb\",\"itemListElement\":[{\"@type\":\"ListItem\",\"position\":1,\"name\":\"Startseite\",\"item\":\"https:\/\/hubsch-interior.com\/de\/\"},{\"@type\":\"ListItem\",\"position\":2,\"name\":\"Produkte\",\"item\":\"https:\/\/hubsch-interior.com\/de\/shop-2\/\"},{\"@type\":\"ListItem\",\"position\":3,\"name\":\"M\u00f6bel\",\"item\":\"https:\/\/hubsch-interior.com\/de\/produkt-kategorie\/moebel\/\"},{\"@type\":\"ListItem\",\"position\":4,\"name\":\"Regale &amp; Aufbewahrung\",\"item\":\"https:\/\/hubsch-interior.com\/de\/produkt-kategorie\/moebel\/regale-aufbewahrung-de\/\"},{\"@type\":\"ListItem\",\"position\":5,\"name\":\"Ablagen\",\"item\":\"https:\/\/hubsch-interior.com\/de\/produkt-kategorie\/moebel\/regale-aufbewahrung-de\/ablagen-de\/\"},{\"@type\":\"ListItem\",\"position\":6,\"name\":\"Arki Regal Orange\/Naturfarben\"}]},{\"@type\":\"WebSite\",\"@id\":\"https:\/\/hubsch-interior.com\/de\/#website\",\"url\":\"https:\/\/hubsch-interior.com\/de\/\",\"name\":\"H\u00fcbsch\",\"description\":\"Danish Home Interior and Design\",\"publisher\":{\"@id\":\"https:\/\/hubsch-interior.com\/de\/#organization\"},\"potentialAction\":[{\"@type\":\"SearchAction\",\"target\":{\"@type\":\"EntryPoint\",\"urlTemplate\":\"https:\/\/hubsch-interior.com\/de\/?s={search_term_string}\"},\"query-input\":{\"@type\":\"PropertyValueSpecification\",\"valueRequired\":true,\"valueName\":\"search_term_string\"}}],\"inLanguage\":\"de\"},{\"@type\":\"Organization\",\"@id\":\"https:\/\/hubsch-interior.com\/de\/#organization\",\"name\":\"H\u00fcbsch\",\"url\":\"https:\/\/hubsch-interior.com\/de\/\",\"logo\":{\"@type\":\"ImageObject\",\"inLanguage\":\"de\",\"@id\":\"https:\/\/hubsch-interior.com\/de\/#\/schema\/logo\/image\/\",\"url\":\"https:\/\/hubsch-interior.com\/wp-content\/uploads\/2022\/12\/Hubsch_logo_black_one_line.svg\",\"contentUrl\":\"https:\/\/hubsch-interior.com\/wp-content\/uploads\/2022\/12\/Hubsch_logo_black_one_line.svg\",\"caption\":\"H\u00fcbsch\"},\"image\":{\"@id\":\"https:\/\/hubsch-interior.com\/de\/#\/schema\/logo\/image\/\"}}]}<\/script>\n<!-- \/ Yoast SEO plugin. -->","yoast_head_json":{"title":"Arki Regal Orange\/Naturfarben - H\u00fcbsch","description":"Wir pr\u00e4sentieren das Arki Regal, die perfekte Erg\u00e4nzung f\u00fcr Ihre Wohnkultur. Dieses vielseitige M\u00f6belst\u00fcck ist in drei verschiedenen Farboptionen","robots":{"index":"index","follow":"follow","max-snippet":"max-snippet:-1","max-image-preview":"max-image-preview:large","max-video-preview":"max-video-preview:-1"},"canonical":"https:\/\/hubsch-interior.com\/de\/wp-json\/wp\/v2\/product\/977178","og_locale":"de_DE","og_type":"article","og_title":"Arki Regal Orange\/Naturfarben - H\u00fcbsch","og_description":"Wir pr\u00e4sentieren das Arki Regal, die perfekte Erg\u00e4nzung f\u00fcr Ihre Wohnkultur. Dieses vielseitige M\u00f6belst\u00fcck ist in drei verschiedenen Farboptionen","og_url":"https:\/\/hubsch-interior.com\/de\/produkt\/arki-regal-orange-naturfarben\/","og_site_name":"H\u00fcbsch","article_modified_time":"2026-04-09T02:52:20+00:00","og_image":[{"width":1200,"height":1200,"url":"https:\/\/hubsch-interior.com\/wp-content\/uploads\/2024\/07\/arki-shelf-orangenatural-93457e6af2f51c1be0741aac1a76ae1f.jpg","type":"image\/jpeg"}],"twitter_card":"summary_large_image","twitter_misc":{"Gesch\u00e4tzte Lesezeit":"1\u00a0Minute"},"schema":{"@context":"https:\/\/schema.org","@graph":[{"@type":"WebPage","@id":"https:\/\/hubsch-interior.com\/de\/produkt\/arki-regal-orange-naturfarben\/","url":"https:\/\/hubsch-interior.com\/de\/produkt\/arki-regal-orange-naturfarben\/","name":"Arki Regal Orange\/Naturfarben - H\u00fcbsch","isPartOf":{"@id":"https:\/\/hubsch-interior.com\/de\/#website"},"primaryImageOfPage":{"@id":"https:\/\/hubsch-interior.com\/de\/produkt\/arki-regal-orange-naturfarben\/#primaryimage"},"image":{"@id":"https:\/\/hubsch-interior.com\/de\/produkt\/arki-regal-orange-naturfarben\/#primaryimage"},"thumbnailUrl":"https:\/\/hubsch-interior.com\/wp-content\/uploads\/2026\/02\/arki-shelf-orangenatural-773cf48d618361b2956cb52871222d5a.jpg","datePublished":"2024-01-29T08:25:57+00:00","dateModified":"2026-04-09T02:52:20+00:00","description":"Wir pr\u00e4sentieren das Arki Regal, die perfekte Erg\u00e4nzung f\u00fcr Ihre Wohnkultur. Dieses vielseitige M\u00f6belst\u00fcck ist in drei verschiedenen Farboptionen","breadcrumb":{"@id":"https:\/\/hubsch-interior.com\/de\/produkt\/arki-regal-orange-naturfarben\/#breadcrumb"},"inLanguage":"de","potentialAction":[{"@type":"ReadAction","target":["https:\/\/hubsch-interior.com\/de\/produkt\/arki-regal-orange-naturfarben\/"]}]},{"@type":"ImageObject","inLanguage":"de","@id":"https:\/\/hubsch-interior.com\/de\/produkt\/arki-regal-orange-naturfarben\/#primaryimage","url":"https:\/\/hubsch-interior.com\/wp-content\/uploads\/2026\/02\/arki-shelf-orangenatural-773cf48d618361b2956cb52871222d5a.jpg","contentUrl":"https:\/\/hubsch-interior.com\/wp-content\/uploads\/2026\/02\/arki-shelf-orangenatural-773cf48d618361b2956cb52871222d5a.jpg","width":1024,"height":1024},{"@type":"BreadcrumbList","@id":"https:\/\/hubsch-interior.com\/de\/produkt\/arki-regal-orange-naturfarben\/#breadcrumb","itemListElement":[{"@type":"ListItem","position":1,"name":"Startseite","item":"https:\/\/hubsch-interior.com\/de\/"},{"@type":"ListItem","position":2,"name":"Produkte","item":"https:\/\/hubsch-interior.com\/de\/shop-2\/"},{"@type":"ListItem","position":3,"name":"M\u00f6bel","item":"https:\/\/hubsch-interior.com\/de\/produkt-kategorie\/moebel\/"},{"@type":"ListItem","position":4,"name":"Regale &amp; Aufbewahrung","item":"https:\/\/hubsch-interior.com\/de\/produkt-kategorie\/moebel\/regale-aufbewahrung-de\/"},{"@type":"ListItem","position":5,"name":"Ablagen","item":"https:\/\/hubsch-interior.com\/de\/produkt-kategorie\/moebel\/regale-aufbewahrung-de\/ablagen-de\/"},{"@type":"ListItem","position":6,"name":"Arki Regal Orange\/Naturfarben"}]},{"@type":"WebSite","@id":"https:\/\/hubsch-interior.com\/de\/#website","url":"https:\/\/hubsch-interior.com\/de\/","name":"H\u00fcbsch","description":"Danish Home Interior and Design","publisher":{"@id":"https:\/\/hubsch-interior.com\/de\/#organization"},"potentialAction":[{"@type":"SearchAction","target":{"@type":"EntryPoint","urlTemplate":"https:\/\/hubsch-interior.com\/de\/?s={search_term_string}"},"query-input":{"@type":"PropertyValueSpecification","valueRequired":true,"valueName":"search_term_string"}}],"inLanguage":"de"},{"@type":"Organization","@id":"https:\/\/hubsch-interior.com\/de\/#organization","name":"H\u00fcbsch","url":"https:\/\/hubsch-interior.com\/de\/","logo":{"@type":"ImageObject","inLanguage":"de","@id":"https:\/\/hubsch-interior.com\/de\/#\/schema\/logo\/image\/","url":"https:\/\/hubsch-interior.com\/wp-content\/uploads\/2022\/12\/Hubsch_logo_black_one_line.svg","contentUrl":"https:\/\/hubsch-interior.com\/wp-content\/uploads\/2022\/12\/Hubsch_logo_black_one_line.svg","caption":"H\u00fcbsch"},"image":{"@id":"https:\/\/hubsch-interior.com\/de\/#\/schema\/logo\/image\/"}}]}},"_links":{"self":[{"href":"https:\/\/hubsch-interior.com\/de\/wp-json\/wp\/v2\/product\/977178","targetHints":{"allow":["GET"]}}],"collection":[{"href":"https:\/\/hubsch-interior.com\/de\/wp-json\/wp\/v2\/product"}],"about":[{"href":"https:\/\/hubsch-interior.com\/de\/wp-json\/wp\/v2\/types\/product"}],"wp:featuredmedia":[{"embeddable":true,"href":"https:\/\/hubsch-interior.com\/de\/wp-json\/wp\/v2\/media\/1103681"}],"wp:attachment":[{"href":"https:\/\/hubsch-interior.com\/de\/wp-json\/wp\/v2\/media?parent=977178"}],"wp:term":[{"taxonomy":"product_brand","embeddable":true,"href":"https:\/\/hubsch-interior.com\/de\/wp-json\/wp\/v2\/product_brand?post=977178"},{"taxonomy":"product_cat","embeddable":true,"href":"https:\/\/hubsch-interior.com\/de\/wp-json\/wp\/v2\/product_cat?post=977178"},{"taxonomy":"product_tag","embeddable":true,"href":"https:\/\/hubsch-interior.com\/de\/wp-json\/wp\/v2\/product_tag?post=977178"}],"curies":[{"name":"wp","href":"https:\/\/api.w.org\/{rel}","templated":true}]}}