{"id":977218,"date":"2024-01-29T09:26:36","date_gmt":"2024-01-29T08:26:36","guid":{"rendered":"https:\/\/hubsch-interior.com\/product\/product\/"},"modified":"2026-04-05T04:55:27","modified_gmt":"2026-04-05T02:55:27","slug":"athand-organizer-naturfarben","status":"publish","type":"product","link":"https:\/\/hubsch-interior.com\/de\/produkt\/athand-organizer-naturfarben\/","title":{"rendered":"AtHand Organizer Naturfarben"},"content":{"rendered":"<p>Machen Sie Bekanntschaft mit dem AtHand Organizer &#8211; Ihre ultimative Aufbewahrungsl\u00f6sung f\u00fcr einen aufger\u00e4umten Arbeitsbereich! Hergestellt aus nat\u00fcrlichem FSC-zertifiziertem Holz und Eichenfurnier, ist dieser Organizer nicht nur optisch ansprechend, sondern auch umweltbewusst. Platzieren Sie ihn an der Wand, um Ihren Tisch frei zu halten f\u00fcr all Ihre kreativen Unternehmungen. Mit ausreichend Platz f\u00fcr ein A4-Notizblock und viele Stifte ist er die perfekte Erg\u00e4nzung f\u00fcr jedes B\u00fcro. Befestigen Sie ihn an der Wand f\u00fcr eine effiziente Schreibtischorganisation und sagen Sie Auf Wiedersehen zu einem unordentlichen Arbeitsplatz. Halten Sie Ihren Schreibtisch aufger\u00e4umt und sparen Sie Platz mit dem AtHand Organizer &#8211; Ihr Go-to f\u00fcr praktische B\u00fcroaufbewahrung.<\/p>\n","protected":false},"excerpt":{"rendered":"<p>Machen Sie Bekanntschaft mit dem AtHand Organizer &#8211; Ihre ultimative Aufbewahrungsl\u00f6sung f\u00fcr einen aufger\u00e4umten Arbeitsbereich! Hergestellt aus nat\u00fcrlichem FSC-zertifiziertem Holz und Eichenfurnier, ist dieser Organizer nicht nur optisch ansprechend, sondern auch umweltbewusst. Platzieren Sie ihn an der Wand, um Ihren Tisch frei zu halten f\u00fcr all Ihre kreativen Unternehmungen. Mit ausreichend Platz f\u00fcr ein A4-Notizblock [&hellip;]<\/p>\n","protected":false},"featured_media":1103709,"template":"","meta":{"_acf_changed":false,"inline_featured_image":false},"product_brand":[],"product_cat":[4024,4961,4155,6884,6323,7073,7074,4003],"product_tag":[],"class_list":{"0":"post-977218","1":"product","2":"type-product","3":"status-publish","4":"has-post-thumbnail","6":"product_cat-ablagen-de","7":"product_cat-aufbewahrungsbox-de","8":"product_cat-buero-de","9":"product_cat-elevating-nostalgia-de","10":"product_cat-fsc-de","11":"product_cat-haken-regale-de","12":"product_cat-kuchen-regale-de","13":"product_cat-regale-aufbewahrung-de","14":"product_shipping_class-pk","16":"pa_color-naturfarben-2","17":"pa_material-eichenfurnier","18":"pa_material-mdf-de","20":"first","21":"instock","22":"taxable","23":"shipping-taxable","24":"purchasable","25":"product-type-simple"},"exclude_global_add_ons":[],"addons":[],"acf":[],"yoast_head":"<!-- This site is optimized with the Yoast SEO plugin v26.4 - https:\/\/yoast.com\/wordpress\/plugins\/seo\/ -->\n<title>AtHand Organizer Naturfarben - H\u00fcbsch<\/title>\n<meta name=\"description\" content=\"Machen Sie Bekanntschaft mit dem AtHand Organizer - Ihre ultimative Aufbewahrungsl\u00f6sung f\u00fcr einen aufger\u00e4umten Arbeitsbereich! Hergestellt aus nat\u00fcrlichem\" \/>\n<meta name=\"robots\" content=\"index, follow, max-snippet:-1, max-image-preview:large, max-video-preview:-1\" \/>\n<link rel=\"canonical\" href=\"https:\/\/hubsch-interior.com\/de\/wp-json\/wp\/v2\/product\/977218\" \/>\n<meta property=\"og:locale\" content=\"de_DE\" \/>\n<meta property=\"og:type\" content=\"article\" \/>\n<meta property=\"og:title\" content=\"AtHand Organizer Naturfarben - H\u00fcbsch\" \/>\n<meta property=\"og:description\" content=\"Machen Sie Bekanntschaft mit dem AtHand Organizer - Ihre ultimative Aufbewahrungsl\u00f6sung f\u00fcr einen aufger\u00e4umten Arbeitsbereich! Hergestellt aus nat\u00fcrlichem\" \/>\n<meta property=\"og:url\" content=\"https:\/\/hubsch-interior.com\/de\/produkt\/athand-organizer-naturfarben\/\" \/>\n<meta property=\"og:site_name\" content=\"H\u00fcbsch\" \/>\n<meta property=\"article:modified_time\" content=\"2026-04-05T02:55:27+00:00\" \/>\n<meta property=\"og:image\" content=\"https:\/\/hubsch-interior.com\/wp-content\/uploads\/2024\/01\/athand-organiser-natural-60493eb9078fb8063297a32e7471eb4f.jpg\" \/>\n\t<meta property=\"og:image:width\" content=\"1200\" \/>\n\t<meta property=\"og:image:height\" content=\"1200\" \/>\n\t<meta property=\"og:image:type\" content=\"image\/jpeg\" \/>\n<meta name=\"twitter:card\" content=\"summary_large_image\" \/>\n<meta name=\"twitter:label1\" content=\"Gesch\u00e4tzte Lesezeit\" \/>\n\t<meta name=\"twitter:data1\" content=\"1\u00a0Minute\" \/>\n<script type=\"application\/ld+json\" class=\"yoast-schema-graph\">{\"@context\":\"https:\/\/schema.org\",\"@graph\":[{\"@type\":\"WebPage\",\"@id\":\"https:\/\/hubsch-interior.com\/de\/produkt\/athand-organizer-naturfarben\/\",\"url\":\"https:\/\/hubsch-interior.com\/de\/produkt\/athand-organizer-naturfarben\/\",\"name\":\"AtHand Organizer Naturfarben - H\u00fcbsch\",\"isPartOf\":{\"@id\":\"https:\/\/hubsch-interior.com\/de\/#website\"},\"primaryImageOfPage\":{\"@id\":\"https:\/\/hubsch-interior.com\/de\/produkt\/athand-organizer-naturfarben\/#primaryimage\"},\"image\":{\"@id\":\"https:\/\/hubsch-interior.com\/de\/produkt\/athand-organizer-naturfarben\/#primaryimage\"},\"thumbnailUrl\":\"https:\/\/hubsch-interior.com\/wp-content\/uploads\/2026\/02\/athand-organiser-natural-c84622daeba5d10a072e96f5481728d5.jpg\",\"datePublished\":\"2024-01-29T08:26:36+00:00\",\"dateModified\":\"2026-04-05T02:55:27+00:00\",\"description\":\"Machen Sie Bekanntschaft mit dem AtHand Organizer - Ihre ultimative Aufbewahrungsl\u00f6sung f\u00fcr einen aufger\u00e4umten Arbeitsbereich! Hergestellt aus nat\u00fcrlichem\",\"breadcrumb\":{\"@id\":\"https:\/\/hubsch-interior.com\/de\/produkt\/athand-organizer-naturfarben\/#breadcrumb\"},\"inLanguage\":\"de\",\"potentialAction\":[{\"@type\":\"ReadAction\",\"target\":[\"https:\/\/hubsch-interior.com\/de\/produkt\/athand-organizer-naturfarben\/\"]}]},{\"@type\":\"ImageObject\",\"inLanguage\":\"de\",\"@id\":\"https:\/\/hubsch-interior.com\/de\/produkt\/athand-organizer-naturfarben\/#primaryimage\",\"url\":\"https:\/\/hubsch-interior.com\/wp-content\/uploads\/2026\/02\/athand-organiser-natural-c84622daeba5d10a072e96f5481728d5.jpg\",\"contentUrl\":\"https:\/\/hubsch-interior.com\/wp-content\/uploads\/2026\/02\/athand-organiser-natural-c84622daeba5d10a072e96f5481728d5.jpg\",\"width\":1024,\"height\":1024},{\"@type\":\"BreadcrumbList\",\"@id\":\"https:\/\/hubsch-interior.com\/de\/produkt\/athand-organizer-naturfarben\/#breadcrumb\",\"itemListElement\":[{\"@type\":\"ListItem\",\"position\":1,\"name\":\"Startseite\",\"item\":\"https:\/\/hubsch-interior.com\/de\/\"},{\"@type\":\"ListItem\",\"position\":2,\"name\":\"Produkte\",\"item\":\"https:\/\/hubsch-interior.com\/de\/shop-2\/\"},{\"@type\":\"ListItem\",\"position\":3,\"name\":\"M\u00f6bel\",\"item\":\"https:\/\/hubsch-interior.com\/de\/produkt-kategorie\/moebel\/\"},{\"@type\":\"ListItem\",\"position\":4,\"name\":\"Regale &amp; Aufbewahrung\",\"item\":\"https:\/\/hubsch-interior.com\/de\/produkt-kategorie\/moebel\/regale-aufbewahrung-de\/\"},{\"@type\":\"ListItem\",\"position\":5,\"name\":\"Ablagen\",\"item\":\"https:\/\/hubsch-interior.com\/de\/produkt-kategorie\/moebel\/regale-aufbewahrung-de\/ablagen-de\/\"},{\"@type\":\"ListItem\",\"position\":6,\"name\":\"AtHand Organizer Naturfarben\"}]},{\"@type\":\"WebSite\",\"@id\":\"https:\/\/hubsch-interior.com\/de\/#website\",\"url\":\"https:\/\/hubsch-interior.com\/de\/\",\"name\":\"H\u00fcbsch\",\"description\":\"Danish Home Interior and Design\",\"publisher\":{\"@id\":\"https:\/\/hubsch-interior.com\/de\/#organization\"},\"potentialAction\":[{\"@type\":\"SearchAction\",\"target\":{\"@type\":\"EntryPoint\",\"urlTemplate\":\"https:\/\/hubsch-interior.com\/de\/?s={search_term_string}\"},\"query-input\":{\"@type\":\"PropertyValueSpecification\",\"valueRequired\":true,\"valueName\":\"search_term_string\"}}],\"inLanguage\":\"de\"},{\"@type\":\"Organization\",\"@id\":\"https:\/\/hubsch-interior.com\/de\/#organization\",\"name\":\"H\u00fcbsch\",\"url\":\"https:\/\/hubsch-interior.com\/de\/\",\"logo\":{\"@type\":\"ImageObject\",\"inLanguage\":\"de\",\"@id\":\"https:\/\/hubsch-interior.com\/de\/#\/schema\/logo\/image\/\",\"url\":\"https:\/\/hubsch-interior.com\/wp-content\/uploads\/2022\/12\/Hubsch_logo_black_one_line.svg\",\"contentUrl\":\"https:\/\/hubsch-interior.com\/wp-content\/uploads\/2022\/12\/Hubsch_logo_black_one_line.svg\",\"caption\":\"H\u00fcbsch\"},\"image\":{\"@id\":\"https:\/\/hubsch-interior.com\/de\/#\/schema\/logo\/image\/\"}}]}<\/script>\n<!-- \/ Yoast SEO plugin. -->","yoast_head_json":{"title":"AtHand Organizer Naturfarben - H\u00fcbsch","description":"Machen Sie Bekanntschaft mit dem AtHand Organizer - Ihre ultimative Aufbewahrungsl\u00f6sung f\u00fcr einen aufger\u00e4umten Arbeitsbereich! Hergestellt aus nat\u00fcrlichem","robots":{"index":"index","follow":"follow","max-snippet":"max-snippet:-1","max-image-preview":"max-image-preview:large","max-video-preview":"max-video-preview:-1"},"canonical":"https:\/\/hubsch-interior.com\/de\/wp-json\/wp\/v2\/product\/977218","og_locale":"de_DE","og_type":"article","og_title":"AtHand Organizer Naturfarben - H\u00fcbsch","og_description":"Machen Sie Bekanntschaft mit dem AtHand Organizer - Ihre ultimative Aufbewahrungsl\u00f6sung f\u00fcr einen aufger\u00e4umten Arbeitsbereich! Hergestellt aus nat\u00fcrlichem","og_url":"https:\/\/hubsch-interior.com\/de\/produkt\/athand-organizer-naturfarben\/","og_site_name":"H\u00fcbsch","article_modified_time":"2026-04-05T02:55:27+00:00","og_image":[{"width":1200,"height":1200,"url":"https:\/\/hubsch-interior.com\/wp-content\/uploads\/2024\/01\/athand-organiser-natural-60493eb9078fb8063297a32e7471eb4f.jpg","type":"image\/jpeg"}],"twitter_card":"summary_large_image","twitter_misc":{"Gesch\u00e4tzte Lesezeit":"1\u00a0Minute"},"schema":{"@context":"https:\/\/schema.org","@graph":[{"@type":"WebPage","@id":"https:\/\/hubsch-interior.com\/de\/produkt\/athand-organizer-naturfarben\/","url":"https:\/\/hubsch-interior.com\/de\/produkt\/athand-organizer-naturfarben\/","name":"AtHand Organizer Naturfarben - H\u00fcbsch","isPartOf":{"@id":"https:\/\/hubsch-interior.com\/de\/#website"},"primaryImageOfPage":{"@id":"https:\/\/hubsch-interior.com\/de\/produkt\/athand-organizer-naturfarben\/#primaryimage"},"image":{"@id":"https:\/\/hubsch-interior.com\/de\/produkt\/athand-organizer-naturfarben\/#primaryimage"},"thumbnailUrl":"https:\/\/hubsch-interior.com\/wp-content\/uploads\/2026\/02\/athand-organiser-natural-c84622daeba5d10a072e96f5481728d5.jpg","datePublished":"2024-01-29T08:26:36+00:00","dateModified":"2026-04-05T02:55:27+00:00","description":"Machen Sie Bekanntschaft mit dem AtHand Organizer - Ihre ultimative Aufbewahrungsl\u00f6sung f\u00fcr einen aufger\u00e4umten Arbeitsbereich! Hergestellt aus nat\u00fcrlichem","breadcrumb":{"@id":"https:\/\/hubsch-interior.com\/de\/produkt\/athand-organizer-naturfarben\/#breadcrumb"},"inLanguage":"de","potentialAction":[{"@type":"ReadAction","target":["https:\/\/hubsch-interior.com\/de\/produkt\/athand-organizer-naturfarben\/"]}]},{"@type":"ImageObject","inLanguage":"de","@id":"https:\/\/hubsch-interior.com\/de\/produkt\/athand-organizer-naturfarben\/#primaryimage","url":"https:\/\/hubsch-interior.com\/wp-content\/uploads\/2026\/02\/athand-organiser-natural-c84622daeba5d10a072e96f5481728d5.jpg","contentUrl":"https:\/\/hubsch-interior.com\/wp-content\/uploads\/2026\/02\/athand-organiser-natural-c84622daeba5d10a072e96f5481728d5.jpg","width":1024,"height":1024},{"@type":"BreadcrumbList","@id":"https:\/\/hubsch-interior.com\/de\/produkt\/athand-organizer-naturfarben\/#breadcrumb","itemListElement":[{"@type":"ListItem","position":1,"name":"Startseite","item":"https:\/\/hubsch-interior.com\/de\/"},{"@type":"ListItem","position":2,"name":"Produkte","item":"https:\/\/hubsch-interior.com\/de\/shop-2\/"},{"@type":"ListItem","position":3,"name":"M\u00f6bel","item":"https:\/\/hubsch-interior.com\/de\/produkt-kategorie\/moebel\/"},{"@type":"ListItem","position":4,"name":"Regale &amp; Aufbewahrung","item":"https:\/\/hubsch-interior.com\/de\/produkt-kategorie\/moebel\/regale-aufbewahrung-de\/"},{"@type":"ListItem","position":5,"name":"Ablagen","item":"https:\/\/hubsch-interior.com\/de\/produkt-kategorie\/moebel\/regale-aufbewahrung-de\/ablagen-de\/"},{"@type":"ListItem","position":6,"name":"AtHand Organizer Naturfarben"}]},{"@type":"WebSite","@id":"https:\/\/hubsch-interior.com\/de\/#website","url":"https:\/\/hubsch-interior.com\/de\/","name":"H\u00fcbsch","description":"Danish Home Interior and Design","publisher":{"@id":"https:\/\/hubsch-interior.com\/de\/#organization"},"potentialAction":[{"@type":"SearchAction","target":{"@type":"EntryPoint","urlTemplate":"https:\/\/hubsch-interior.com\/de\/?s={search_term_string}"},"query-input":{"@type":"PropertyValueSpecification","valueRequired":true,"valueName":"search_term_string"}}],"inLanguage":"de"},{"@type":"Organization","@id":"https:\/\/hubsch-interior.com\/de\/#organization","name":"H\u00fcbsch","url":"https:\/\/hubsch-interior.com\/de\/","logo":{"@type":"ImageObject","inLanguage":"de","@id":"https:\/\/hubsch-interior.com\/de\/#\/schema\/logo\/image\/","url":"https:\/\/hubsch-interior.com\/wp-content\/uploads\/2022\/12\/Hubsch_logo_black_one_line.svg","contentUrl":"https:\/\/hubsch-interior.com\/wp-content\/uploads\/2022\/12\/Hubsch_logo_black_one_line.svg","caption":"H\u00fcbsch"},"image":{"@id":"https:\/\/hubsch-interior.com\/de\/#\/schema\/logo\/image\/"}}]}},"_links":{"self":[{"href":"https:\/\/hubsch-interior.com\/de\/wp-json\/wp\/v2\/product\/977218","targetHints":{"allow":["GET"]}}],"collection":[{"href":"https:\/\/hubsch-interior.com\/de\/wp-json\/wp\/v2\/product"}],"about":[{"href":"https:\/\/hubsch-interior.com\/de\/wp-json\/wp\/v2\/types\/product"}],"wp:featuredmedia":[{"embeddable":true,"href":"https:\/\/hubsch-interior.com\/de\/wp-json\/wp\/v2\/media\/1103709"}],"wp:attachment":[{"href":"https:\/\/hubsch-interior.com\/de\/wp-json\/wp\/v2\/media?parent=977218"}],"wp:term":[{"taxonomy":"product_brand","embeddable":true,"href":"https:\/\/hubsch-interior.com\/de\/wp-json\/wp\/v2\/product_brand?post=977218"},{"taxonomy":"product_cat","embeddable":true,"href":"https:\/\/hubsch-interior.com\/de\/wp-json\/wp\/v2\/product_cat?post=977218"},{"taxonomy":"product_tag","embeddable":true,"href":"https:\/\/hubsch-interior.com\/de\/wp-json\/wp\/v2\/product_tag?post=977218"}],"curies":[{"name":"wp","href":"https:\/\/api.w.org\/{rel}","templated":true}]}}