{"id":977260,"date":"2024-01-29T09:26:40","date_gmt":"2024-01-29T08:26:40","guid":{"rendered":"https:\/\/hubsch-interior.com\/product\/product\/"},"modified":"2026-04-09T04:52:38","modified_gmt":"2026-04-09T02:52:38","slug":"forma-zeitschriftenhalter-raumteiler-naturfarben","status":"publish","type":"product","link":"https:\/\/hubsch-interior.com\/de\/produkt\/forma-zeitschriftenhalter-raumteiler-naturfarben\/","title":{"rendered":"Forma Zeitschriftenhalter\/Raumteiler Naturfarben"},"content":{"rendered":"<p>Der Forma Zeitschriftenhalter\/Raumteiler ist ein skulpturales St\u00fcck, das sowohl als Raumteiler als auch als Zeitschriftenhalter dient und somit eine vielseitige und funktionale Erg\u00e4nzung f\u00fcr Ihr Zuhause darstellt. Hergestellt aus FSC-zertifiziertem Holz und mit einer atemberaubenden nat\u00fcrlichen Eichenfurnier-Optik versehen, ist dieses Produkt nicht nur eine praktische Aufbewahrungsl\u00f6sung, sondern auch ein \u00e4sthetischer Ausdruck von Stil. Verleihen Sie Ihrer Inneneinrichtung mit diesem schlanken und eleganten Raumteiler das gewisse Etwas und pr\u00e4sentieren Sie die Sch\u00f6nheit von Eichenholz, w\u00e4hrend Sie Ihre Zeitschriften organisiert und leicht zug\u00e4nglich halten. Verwandeln Sie Ihren Raum mit dem Forma Zeitschriftenhalter\/Raumteiler.<\/p>\n","protected":false},"excerpt":{"rendered":"<p>Der Forma Zeitschriftenhalter\/Raumteiler ist ein skulpturales St\u00fcck, das sowohl als Raumteiler als auch als Zeitschriftenhalter dient und somit eine vielseitige und funktionale Erg\u00e4nzung f\u00fcr Ihr Zuhause darstellt. Hergestellt aus FSC-zertifiziertem Holz und mit einer atemberaubenden nat\u00fcrlichen Eichenfurnier-Optik versehen, ist dieses Produkt nicht nur eine praktische Aufbewahrungsl\u00f6sung, sondern auch ein \u00e4sthetischer Ausdruck von Stil. Verleihen Sie [&hellip;]<\/p>\n","protected":false},"featured_media":1103733,"template":"","meta":{"_acf_changed":false,"inline_featured_image":false},"product_brand":[],"product_cat":[6884,6897,6893,6323,4003,4012,4128,3111,4020],"product_tag":[],"class_list":{"0":"post-977260","1":"product","2":"type-product","3":"status-publish","4":"has-post-thumbnail","6":"product_cat-elevating-nostalgia-de","7":"product_cat-forma-series-de","8":"product_cat-multifunktionale-moebel-de","9":"product_cat-fsc-de","10":"product_cat-regale-aufbewahrung-de","11":"product_cat-regale-de","12":"product_cat-raumteiler-de","13":"product_cat-aufbewahrung-de","14":"product_cat-magazinhalter-de","15":"product_shipping_class-p10","17":"pa_color-naturfarben-2","18":"pa_material-mdf-de","19":"pa_material-eichenfurnier","20":"pa_material-eichenholz","22":"first","23":"instock","24":"taxable","25":"shipping-taxable","26":"purchasable","27":"product-type-simple"},"exclude_global_add_ons":[],"addons":[],"acf":[],"yoast_head":"<!-- This site is optimized with the Yoast SEO plugin v26.4 - https:\/\/yoast.com\/wordpress\/plugins\/seo\/ -->\n<title>Forma Zeitschriftenhalter\/Raumteiler Naturfarben - H\u00fcbsch<\/title>\n<meta name=\"description\" content=\"Der Forma Zeitschriftenhalter\/Raumteiler ist ein skulpturales St\u00fcck, das sowohl als Raumteiler als auch als Zeitschriftenhalter dient und somit eine\" \/>\n<meta name=\"robots\" content=\"index, follow, max-snippet:-1, max-image-preview:large, max-video-preview:-1\" \/>\n<link rel=\"canonical\" href=\"https:\/\/hubsch-interior.com\/de\/wp-json\/wp\/v2\/product\/977260\" \/>\n<meta property=\"og:locale\" content=\"de_DE\" \/>\n<meta property=\"og:type\" content=\"article\" \/>\n<meta property=\"og:title\" content=\"Forma Zeitschriftenhalter\/Raumteiler Naturfarben - H\u00fcbsch\" \/>\n<meta property=\"og:description\" content=\"Der Forma Zeitschriftenhalter\/Raumteiler ist ein skulpturales St\u00fcck, das sowohl als Raumteiler als auch als Zeitschriftenhalter dient und somit eine\" \/>\n<meta property=\"og:url\" content=\"https:\/\/hubsch-interior.com\/de\/produkt\/forma-zeitschriftenhalter-raumteiler-naturfarben\/\" \/>\n<meta property=\"og:site_name\" content=\"H\u00fcbsch\" \/>\n<meta property=\"article:modified_time\" content=\"2026-04-09T02:52:38+00:00\" \/>\n<meta property=\"og:image\" content=\"https:\/\/hubsch-interior.com\/wp-content\/uploads\/2024\/04\/forma-magazine-holderpartition-natural-e9accddb4d3e2171953f0ff5ef93ff0e.jpg\" \/>\n\t<meta property=\"og:image:width\" content=\"1200\" \/>\n\t<meta property=\"og:image:height\" content=\"1200\" \/>\n\t<meta property=\"og:image:type\" content=\"image\/jpeg\" \/>\n<meta name=\"twitter:card\" content=\"summary_large_image\" \/>\n<meta name=\"twitter:label1\" content=\"Gesch\u00e4tzte Lesezeit\" \/>\n\t<meta name=\"twitter:data1\" content=\"1\u00a0Minute\" \/>\n<script type=\"application\/ld+json\" class=\"yoast-schema-graph\">{\"@context\":\"https:\/\/schema.org\",\"@graph\":[{\"@type\":\"WebPage\",\"@id\":\"https:\/\/hubsch-interior.com\/de\/produkt\/forma-zeitschriftenhalter-raumteiler-naturfarben\/\",\"url\":\"https:\/\/hubsch-interior.com\/de\/produkt\/forma-zeitschriftenhalter-raumteiler-naturfarben\/\",\"name\":\"Forma Zeitschriftenhalter\/Raumteiler Naturfarben - H\u00fcbsch\",\"isPartOf\":{\"@id\":\"https:\/\/hubsch-interior.com\/de\/#website\"},\"primaryImageOfPage\":{\"@id\":\"https:\/\/hubsch-interior.com\/de\/produkt\/forma-zeitschriftenhalter-raumteiler-naturfarben\/#primaryimage\"},\"image\":{\"@id\":\"https:\/\/hubsch-interior.com\/de\/produkt\/forma-zeitschriftenhalter-raumteiler-naturfarben\/#primaryimage\"},\"thumbnailUrl\":\"https:\/\/hubsch-interior.com\/wp-content\/uploads\/2026\/02\/forma-magazine-holderpartition-natural-a889d6f88034c9914389fd1cb557a000.jpg\",\"datePublished\":\"2024-01-29T08:26:40+00:00\",\"dateModified\":\"2026-04-09T02:52:38+00:00\",\"description\":\"Der Forma Zeitschriftenhalter\/Raumteiler ist ein skulpturales St\u00fcck, das sowohl als Raumteiler als auch als Zeitschriftenhalter dient und somit eine\",\"breadcrumb\":{\"@id\":\"https:\/\/hubsch-interior.com\/de\/produkt\/forma-zeitschriftenhalter-raumteiler-naturfarben\/#breadcrumb\"},\"inLanguage\":\"de\",\"potentialAction\":[{\"@type\":\"ReadAction\",\"target\":[\"https:\/\/hubsch-interior.com\/de\/produkt\/forma-zeitschriftenhalter-raumteiler-naturfarben\/\"]}]},{\"@type\":\"ImageObject\",\"inLanguage\":\"de\",\"@id\":\"https:\/\/hubsch-interior.com\/de\/produkt\/forma-zeitschriftenhalter-raumteiler-naturfarben\/#primaryimage\",\"url\":\"https:\/\/hubsch-interior.com\/wp-content\/uploads\/2026\/02\/forma-magazine-holderpartition-natural-a889d6f88034c9914389fd1cb557a000.jpg\",\"contentUrl\":\"https:\/\/hubsch-interior.com\/wp-content\/uploads\/2026\/02\/forma-magazine-holderpartition-natural-a889d6f88034c9914389fd1cb557a000.jpg\",\"width\":1024,\"height\":1024},{\"@type\":\"BreadcrumbList\",\"@id\":\"https:\/\/hubsch-interior.com\/de\/produkt\/forma-zeitschriftenhalter-raumteiler-naturfarben\/#breadcrumb\",\"itemListElement\":[{\"@type\":\"ListItem\",\"position\":1,\"name\":\"Startseite\",\"item\":\"https:\/\/hubsch-interior.com\/de\/\"},{\"@type\":\"ListItem\",\"position\":2,\"name\":\"Produkte\",\"item\":\"https:\/\/hubsch-interior.com\/de\/shop-2\/\"},{\"@type\":\"ListItem\",\"position\":3,\"name\":\"M\u00f6bel\",\"item\":\"https:\/\/hubsch-interior.com\/de\/produkt-kategorie\/moebel\/\"},{\"@type\":\"ListItem\",\"position\":4,\"name\":\"Regale &amp; Aufbewahrung\",\"item\":\"https:\/\/hubsch-interior.com\/de\/produkt-kategorie\/moebel\/regale-aufbewahrung-de\/\"},{\"@type\":\"ListItem\",\"position\":5,\"name\":\"Regale\",\"item\":\"https:\/\/hubsch-interior.com\/de\/produkt-kategorie\/moebel\/regale-aufbewahrung-de\/regale-de\/\"},{\"@type\":\"ListItem\",\"position\":6,\"name\":\"Forma Zeitschriftenhalter\/Raumteiler Naturfarben\"}]},{\"@type\":\"WebSite\",\"@id\":\"https:\/\/hubsch-interior.com\/de\/#website\",\"url\":\"https:\/\/hubsch-interior.com\/de\/\",\"name\":\"H\u00fcbsch\",\"description\":\"Danish Home Interior and Design\",\"publisher\":{\"@id\":\"https:\/\/hubsch-interior.com\/de\/#organization\"},\"potentialAction\":[{\"@type\":\"SearchAction\",\"target\":{\"@type\":\"EntryPoint\",\"urlTemplate\":\"https:\/\/hubsch-interior.com\/de\/?s={search_term_string}\"},\"query-input\":{\"@type\":\"PropertyValueSpecification\",\"valueRequired\":true,\"valueName\":\"search_term_string\"}}],\"inLanguage\":\"de\"},{\"@type\":\"Organization\",\"@id\":\"https:\/\/hubsch-interior.com\/de\/#organization\",\"name\":\"H\u00fcbsch\",\"url\":\"https:\/\/hubsch-interior.com\/de\/\",\"logo\":{\"@type\":\"ImageObject\",\"inLanguage\":\"de\",\"@id\":\"https:\/\/hubsch-interior.com\/de\/#\/schema\/logo\/image\/\",\"url\":\"https:\/\/hubsch-interior.com\/wp-content\/uploads\/2022\/12\/Hubsch_logo_black_one_line.svg\",\"contentUrl\":\"https:\/\/hubsch-interior.com\/wp-content\/uploads\/2022\/12\/Hubsch_logo_black_one_line.svg\",\"caption\":\"H\u00fcbsch\"},\"image\":{\"@id\":\"https:\/\/hubsch-interior.com\/de\/#\/schema\/logo\/image\/\"}}]}<\/script>\n<!-- \/ Yoast SEO plugin. -->","yoast_head_json":{"title":"Forma Zeitschriftenhalter\/Raumteiler Naturfarben - H\u00fcbsch","description":"Der Forma Zeitschriftenhalter\/Raumteiler ist ein skulpturales St\u00fcck, das sowohl als Raumteiler als auch als Zeitschriftenhalter dient und somit eine","robots":{"index":"index","follow":"follow","max-snippet":"max-snippet:-1","max-image-preview":"max-image-preview:large","max-video-preview":"max-video-preview:-1"},"canonical":"https:\/\/hubsch-interior.com\/de\/wp-json\/wp\/v2\/product\/977260","og_locale":"de_DE","og_type":"article","og_title":"Forma Zeitschriftenhalter\/Raumteiler Naturfarben - H\u00fcbsch","og_description":"Der Forma Zeitschriftenhalter\/Raumteiler ist ein skulpturales St\u00fcck, das sowohl als Raumteiler als auch als Zeitschriftenhalter dient und somit eine","og_url":"https:\/\/hubsch-interior.com\/de\/produkt\/forma-zeitschriftenhalter-raumteiler-naturfarben\/","og_site_name":"H\u00fcbsch","article_modified_time":"2026-04-09T02:52:38+00:00","og_image":[{"width":1200,"height":1200,"url":"https:\/\/hubsch-interior.com\/wp-content\/uploads\/2024\/04\/forma-magazine-holderpartition-natural-e9accddb4d3e2171953f0ff5ef93ff0e.jpg","type":"image\/jpeg"}],"twitter_card":"summary_large_image","twitter_misc":{"Gesch\u00e4tzte Lesezeit":"1\u00a0Minute"},"schema":{"@context":"https:\/\/schema.org","@graph":[{"@type":"WebPage","@id":"https:\/\/hubsch-interior.com\/de\/produkt\/forma-zeitschriftenhalter-raumteiler-naturfarben\/","url":"https:\/\/hubsch-interior.com\/de\/produkt\/forma-zeitschriftenhalter-raumteiler-naturfarben\/","name":"Forma Zeitschriftenhalter\/Raumteiler Naturfarben - H\u00fcbsch","isPartOf":{"@id":"https:\/\/hubsch-interior.com\/de\/#website"},"primaryImageOfPage":{"@id":"https:\/\/hubsch-interior.com\/de\/produkt\/forma-zeitschriftenhalter-raumteiler-naturfarben\/#primaryimage"},"image":{"@id":"https:\/\/hubsch-interior.com\/de\/produkt\/forma-zeitschriftenhalter-raumteiler-naturfarben\/#primaryimage"},"thumbnailUrl":"https:\/\/hubsch-interior.com\/wp-content\/uploads\/2026\/02\/forma-magazine-holderpartition-natural-a889d6f88034c9914389fd1cb557a000.jpg","datePublished":"2024-01-29T08:26:40+00:00","dateModified":"2026-04-09T02:52:38+00:00","description":"Der Forma Zeitschriftenhalter\/Raumteiler ist ein skulpturales St\u00fcck, das sowohl als Raumteiler als auch als Zeitschriftenhalter dient und somit eine","breadcrumb":{"@id":"https:\/\/hubsch-interior.com\/de\/produkt\/forma-zeitschriftenhalter-raumteiler-naturfarben\/#breadcrumb"},"inLanguage":"de","potentialAction":[{"@type":"ReadAction","target":["https:\/\/hubsch-interior.com\/de\/produkt\/forma-zeitschriftenhalter-raumteiler-naturfarben\/"]}]},{"@type":"ImageObject","inLanguage":"de","@id":"https:\/\/hubsch-interior.com\/de\/produkt\/forma-zeitschriftenhalter-raumteiler-naturfarben\/#primaryimage","url":"https:\/\/hubsch-interior.com\/wp-content\/uploads\/2026\/02\/forma-magazine-holderpartition-natural-a889d6f88034c9914389fd1cb557a000.jpg","contentUrl":"https:\/\/hubsch-interior.com\/wp-content\/uploads\/2026\/02\/forma-magazine-holderpartition-natural-a889d6f88034c9914389fd1cb557a000.jpg","width":1024,"height":1024},{"@type":"BreadcrumbList","@id":"https:\/\/hubsch-interior.com\/de\/produkt\/forma-zeitschriftenhalter-raumteiler-naturfarben\/#breadcrumb","itemListElement":[{"@type":"ListItem","position":1,"name":"Startseite","item":"https:\/\/hubsch-interior.com\/de\/"},{"@type":"ListItem","position":2,"name":"Produkte","item":"https:\/\/hubsch-interior.com\/de\/shop-2\/"},{"@type":"ListItem","position":3,"name":"M\u00f6bel","item":"https:\/\/hubsch-interior.com\/de\/produkt-kategorie\/moebel\/"},{"@type":"ListItem","position":4,"name":"Regale &amp; Aufbewahrung","item":"https:\/\/hubsch-interior.com\/de\/produkt-kategorie\/moebel\/regale-aufbewahrung-de\/"},{"@type":"ListItem","position":5,"name":"Regale","item":"https:\/\/hubsch-interior.com\/de\/produkt-kategorie\/moebel\/regale-aufbewahrung-de\/regale-de\/"},{"@type":"ListItem","position":6,"name":"Forma Zeitschriftenhalter\/Raumteiler Naturfarben"}]},{"@type":"WebSite","@id":"https:\/\/hubsch-interior.com\/de\/#website","url":"https:\/\/hubsch-interior.com\/de\/","name":"H\u00fcbsch","description":"Danish Home Interior and Design","publisher":{"@id":"https:\/\/hubsch-interior.com\/de\/#organization"},"potentialAction":[{"@type":"SearchAction","target":{"@type":"EntryPoint","urlTemplate":"https:\/\/hubsch-interior.com\/de\/?s={search_term_string}"},"query-input":{"@type":"PropertyValueSpecification","valueRequired":true,"valueName":"search_term_string"}}],"inLanguage":"de"},{"@type":"Organization","@id":"https:\/\/hubsch-interior.com\/de\/#organization","name":"H\u00fcbsch","url":"https:\/\/hubsch-interior.com\/de\/","logo":{"@type":"ImageObject","inLanguage":"de","@id":"https:\/\/hubsch-interior.com\/de\/#\/schema\/logo\/image\/","url":"https:\/\/hubsch-interior.com\/wp-content\/uploads\/2022\/12\/Hubsch_logo_black_one_line.svg","contentUrl":"https:\/\/hubsch-interior.com\/wp-content\/uploads\/2022\/12\/Hubsch_logo_black_one_line.svg","caption":"H\u00fcbsch"},"image":{"@id":"https:\/\/hubsch-interior.com\/de\/#\/schema\/logo\/image\/"}}]}},"_links":{"self":[{"href":"https:\/\/hubsch-interior.com\/de\/wp-json\/wp\/v2\/product\/977260","targetHints":{"allow":["GET"]}}],"collection":[{"href":"https:\/\/hubsch-interior.com\/de\/wp-json\/wp\/v2\/product"}],"about":[{"href":"https:\/\/hubsch-interior.com\/de\/wp-json\/wp\/v2\/types\/product"}],"wp:featuredmedia":[{"embeddable":true,"href":"https:\/\/hubsch-interior.com\/de\/wp-json\/wp\/v2\/media\/1103733"}],"wp:attachment":[{"href":"https:\/\/hubsch-interior.com\/de\/wp-json\/wp\/v2\/media?parent=977260"}],"wp:term":[{"taxonomy":"product_brand","embeddable":true,"href":"https:\/\/hubsch-interior.com\/de\/wp-json\/wp\/v2\/product_brand?post=977260"},{"taxonomy":"product_cat","embeddable":true,"href":"https:\/\/hubsch-interior.com\/de\/wp-json\/wp\/v2\/product_cat?post=977260"},{"taxonomy":"product_tag","embeddable":true,"href":"https:\/\/hubsch-interior.com\/de\/wp-json\/wp\/v2\/product_tag?post=977260"}],"curies":[{"name":"wp","href":"https:\/\/api.w.org\/{rel}","templated":true}]}}