{"id":977288,"date":"2024-01-29T09:26:59","date_gmt":"2024-01-29T08:26:59","guid":{"rendered":"https:\/\/hubsch-interior.com\/product\/product\/"},"modified":"2026-04-04T04:53:52","modified_gmt":"2026-04-04T02:53:52","slug":"doppio-regal-pflanzenstander-naturfarben","status":"publish","type":"product","link":"https:\/\/hubsch-interior.com\/de\/produkt\/doppio-regal-pflanzenstander-naturfarben\/","title":{"rendered":"Doppio Regal\/Pflanzenst\u00e4nder Naturfarben"},"content":{"rendered":"<p>Der Doppio Regal\/Pflanzenst\u00e4nder ist ein vielseitiges St\u00fcck, das Funktionalit\u00e4t und Stil in Ihre Wohnkultur bringt. Hergestellt aus FSC-zertifiziertem Eichenfurnier in nat\u00fcrlicher Optik ist dieses Regal nicht nur langlebig, sondern auch umweltfreundlich. Verwenden Sie es als zus\u00e4tzlichen Platz, um Ihre geliebten Zimmerpflanzen mit seinem zweckm\u00e4\u00dfigen Pflanzenst\u00e4nder-Design zu pr\u00e4sentieren. Sein schlankes und modernes Design macht es auch f\u00fcr das Wohnzimmer mit hohen Fenstern geeignet und verleiht jedem Raum eine elegante Note. Mit ausreichend Stauraum kann es auch als Dekor-Aufbewahrungseinheit dienen, um Ihre Gegenst\u00e4nde organisiert und leicht zug\u00e4nglich zu halten.<\/p>\n","protected":false},"excerpt":{"rendered":"<p>Der Doppio Regal\/Pflanzenst\u00e4nder ist ein vielseitiges St\u00fcck, das Funktionalit\u00e4t und Stil in Ihre Wohnkultur bringt. Hergestellt aus FSC-zertifiziertem Eichenfurnier in nat\u00fcrlicher Optik ist dieses Regal nicht nur langlebig, sondern auch umweltfreundlich. Verwenden Sie es als zus\u00e4tzlichen Platz, um Ihre geliebten Zimmerpflanzen mit seinem zweckm\u00e4\u00dfigen Pflanzenst\u00e4nder-Design zu pr\u00e4sentieren. Sein schlankes und modernes Design macht es auch [&hellip;]<\/p>\n","protected":false},"featured_media":1103753,"template":"","meta":{"_acf_changed":false,"inline_featured_image":false},"product_brand":[],"product_cat":[6884,6893,6323,4916,4917],"product_tag":[],"class_list":{"0":"post-977288","1":"product","2":"type-product","3":"status-publish","4":"has-post-thumbnail","6":"product_cat-elevating-nostalgia-de","7":"product_cat-multifunktionale-moebel-de","8":"product_cat-fsc-de","9":"product_cat-toepfe-giesskannen-de","10":"product_cat-pflanzkasten-de","11":"product_shipping_class-pk","12":"pa_color-naturfarben-2","13":"pa_material-mdf-de","14":"pa_material-eichenfurnier","16":"first","17":"instock","18":"taxable","19":"shipping-taxable","20":"purchasable","21":"product-type-simple"},"exclude_global_add_ons":[],"addons":[],"acf":[],"yoast_head":"<!-- This site is optimized with the Yoast SEO plugin v26.4 - https:\/\/yoast.com\/wordpress\/plugins\/seo\/ -->\n<title>Doppio Regal\/Pflanzenst\u00e4nder Naturfarben - H\u00fcbsch<\/title>\n<meta name=\"description\" content=\"Der Doppio Regal\/Pflanzenst\u00e4nder ist ein vielseitiges St\u00fcck, das Funktionalit\u00e4t und Stil in Ihre Wohnkultur bringt. Hergestellt aus FSC-zertifiziertem\" \/>\n<meta name=\"robots\" content=\"index, follow, max-snippet:-1, max-image-preview:large, max-video-preview:-1\" \/>\n<link rel=\"canonical\" href=\"https:\/\/hubsch-interior.com\/de\/wp-json\/wp\/v2\/product\/977288\" \/>\n<meta property=\"og:locale\" content=\"de_DE\" \/>\n<meta property=\"og:type\" content=\"article\" \/>\n<meta property=\"og:title\" content=\"Doppio Regal\/Pflanzenst\u00e4nder Naturfarben - H\u00fcbsch\" \/>\n<meta property=\"og:description\" content=\"Der Doppio Regal\/Pflanzenst\u00e4nder ist ein vielseitiges St\u00fcck, das Funktionalit\u00e4t und Stil in Ihre Wohnkultur bringt. Hergestellt aus FSC-zertifiziertem\" \/>\n<meta property=\"og:url\" content=\"https:\/\/hubsch-interior.com\/de\/produkt\/doppio-regal-pflanzenstander-naturfarben\/\" \/>\n<meta property=\"og:site_name\" content=\"H\u00fcbsch\" \/>\n<meta property=\"article:modified_time\" content=\"2026-04-04T02:53:52+00:00\" \/>\n<meta property=\"og:image\" content=\"https:\/\/hubsch-interior.com\/wp-content\/uploads\/2025\/08\/doppio-shelf-unitplant-stand-natural-e6156dcb04f0e8231d4c92789644143a.jpg\" \/>\n\t<meta property=\"og:image:width\" content=\"1200\" \/>\n\t<meta property=\"og:image:height\" content=\"1200\" \/>\n\t<meta property=\"og:image:type\" content=\"image\/jpeg\" \/>\n<meta name=\"twitter:card\" content=\"summary_large_image\" \/>\n<script type=\"application\/ld+json\" class=\"yoast-schema-graph\">{\"@context\":\"https:\/\/schema.org\",\"@graph\":[{\"@type\":\"WebPage\",\"@id\":\"https:\/\/hubsch-interior.com\/de\/produkt\/doppio-regal-pflanzenstander-naturfarben\/\",\"url\":\"https:\/\/hubsch-interior.com\/de\/produkt\/doppio-regal-pflanzenstander-naturfarben\/\",\"name\":\"Doppio Regal\/Pflanzenst\u00e4nder Naturfarben - H\u00fcbsch\",\"isPartOf\":{\"@id\":\"https:\/\/hubsch-interior.com\/de\/#website\"},\"primaryImageOfPage\":{\"@id\":\"https:\/\/hubsch-interior.com\/de\/produkt\/doppio-regal-pflanzenstander-naturfarben\/#primaryimage\"},\"image\":{\"@id\":\"https:\/\/hubsch-interior.com\/de\/produkt\/doppio-regal-pflanzenstander-naturfarben\/#primaryimage\"},\"thumbnailUrl\":\"https:\/\/hubsch-interior.com\/wp-content\/uploads\/2026\/02\/doppio-shelf-unitplant-stand-natural-e9edb32cec01911eb16d546b9ee15280.jpg\",\"datePublished\":\"2024-01-29T08:26:59+00:00\",\"dateModified\":\"2026-04-04T02:53:52+00:00\",\"description\":\"Der Doppio Regal\/Pflanzenst\u00e4nder ist ein vielseitiges St\u00fcck, das Funktionalit\u00e4t und Stil in Ihre Wohnkultur bringt. Hergestellt aus FSC-zertifiziertem\",\"breadcrumb\":{\"@id\":\"https:\/\/hubsch-interior.com\/de\/produkt\/doppio-regal-pflanzenstander-naturfarben\/#breadcrumb\"},\"inLanguage\":\"de\",\"potentialAction\":[{\"@type\":\"ReadAction\",\"target\":[\"https:\/\/hubsch-interior.com\/de\/produkt\/doppio-regal-pflanzenstander-naturfarben\/\"]}]},{\"@type\":\"ImageObject\",\"inLanguage\":\"de\",\"@id\":\"https:\/\/hubsch-interior.com\/de\/produkt\/doppio-regal-pflanzenstander-naturfarben\/#primaryimage\",\"url\":\"https:\/\/hubsch-interior.com\/wp-content\/uploads\/2026\/02\/doppio-shelf-unitplant-stand-natural-e9edb32cec01911eb16d546b9ee15280.jpg\",\"contentUrl\":\"https:\/\/hubsch-interior.com\/wp-content\/uploads\/2026\/02\/doppio-shelf-unitplant-stand-natural-e9edb32cec01911eb16d546b9ee15280.jpg\",\"width\":1024,\"height\":1024},{\"@type\":\"BreadcrumbList\",\"@id\":\"https:\/\/hubsch-interior.com\/de\/produkt\/doppio-regal-pflanzenstander-naturfarben\/#breadcrumb\",\"itemListElement\":[{\"@type\":\"ListItem\",\"position\":1,\"name\":\"Startseite\",\"item\":\"https:\/\/hubsch-interior.com\/de\/\"},{\"@type\":\"ListItem\",\"position\":2,\"name\":\"Produkte\",\"item\":\"https:\/\/hubsch-interior.com\/de\/shop-2\/\"},{\"@type\":\"ListItem\",\"position\":3,\"name\":\"Wohnaccessoires\",\"item\":\"https:\/\/hubsch-interior.com\/de\/produkt-kategorie\/wohnaccessoires\/\"},{\"@type\":\"ListItem\",\"position\":4,\"name\":\"T&ouml;pfe &amp; Gie&szlig;kannen\",\"item\":\"https:\/\/hubsch-interior.com\/de\/produkt-kategorie\/wohnaccessoires\/toepfe-giesskannen-de\/\"},{\"@type\":\"ListItem\",\"position\":5,\"name\":\"Pflanzkasten\",\"item\":\"https:\/\/hubsch-interior.com\/de\/produkt-kategorie\/wohnaccessoires\/toepfe-giesskannen-de\/pflanzkasten-de\/\"},{\"@type\":\"ListItem\",\"position\":6,\"name\":\"Doppio Regal\/Pflanzenst\u00e4nder Naturfarben\"}]},{\"@type\":\"WebSite\",\"@id\":\"https:\/\/hubsch-interior.com\/de\/#website\",\"url\":\"https:\/\/hubsch-interior.com\/de\/\",\"name\":\"H\u00fcbsch\",\"description\":\"Danish Home Interior and Design\",\"publisher\":{\"@id\":\"https:\/\/hubsch-interior.com\/de\/#organization\"},\"potentialAction\":[{\"@type\":\"SearchAction\",\"target\":{\"@type\":\"EntryPoint\",\"urlTemplate\":\"https:\/\/hubsch-interior.com\/de\/?s={search_term_string}\"},\"query-input\":{\"@type\":\"PropertyValueSpecification\",\"valueRequired\":true,\"valueName\":\"search_term_string\"}}],\"inLanguage\":\"de\"},{\"@type\":\"Organization\",\"@id\":\"https:\/\/hubsch-interior.com\/de\/#organization\",\"name\":\"H\u00fcbsch\",\"url\":\"https:\/\/hubsch-interior.com\/de\/\",\"logo\":{\"@type\":\"ImageObject\",\"inLanguage\":\"de\",\"@id\":\"https:\/\/hubsch-interior.com\/de\/#\/schema\/logo\/image\/\",\"url\":\"https:\/\/hubsch-interior.com\/wp-content\/uploads\/2022\/12\/Hubsch_logo_black_one_line.svg\",\"contentUrl\":\"https:\/\/hubsch-interior.com\/wp-content\/uploads\/2022\/12\/Hubsch_logo_black_one_line.svg\",\"caption\":\"H\u00fcbsch\"},\"image\":{\"@id\":\"https:\/\/hubsch-interior.com\/de\/#\/schema\/logo\/image\/\"}}]}<\/script>\n<!-- \/ Yoast SEO plugin. -->","yoast_head_json":{"title":"Doppio Regal\/Pflanzenst\u00e4nder Naturfarben - H\u00fcbsch","description":"Der Doppio Regal\/Pflanzenst\u00e4nder ist ein vielseitiges St\u00fcck, das Funktionalit\u00e4t und Stil in Ihre Wohnkultur bringt. Hergestellt aus FSC-zertifiziertem","robots":{"index":"index","follow":"follow","max-snippet":"max-snippet:-1","max-image-preview":"max-image-preview:large","max-video-preview":"max-video-preview:-1"},"canonical":"https:\/\/hubsch-interior.com\/de\/wp-json\/wp\/v2\/product\/977288","og_locale":"de_DE","og_type":"article","og_title":"Doppio Regal\/Pflanzenst\u00e4nder Naturfarben - H\u00fcbsch","og_description":"Der Doppio Regal\/Pflanzenst\u00e4nder ist ein vielseitiges St\u00fcck, das Funktionalit\u00e4t und Stil in Ihre Wohnkultur bringt. Hergestellt aus FSC-zertifiziertem","og_url":"https:\/\/hubsch-interior.com\/de\/produkt\/doppio-regal-pflanzenstander-naturfarben\/","og_site_name":"H\u00fcbsch","article_modified_time":"2026-04-04T02:53:52+00:00","og_image":[{"width":1200,"height":1200,"url":"https:\/\/hubsch-interior.com\/wp-content\/uploads\/2025\/08\/doppio-shelf-unitplant-stand-natural-e6156dcb04f0e8231d4c92789644143a.jpg","type":"image\/jpeg"}],"twitter_card":"summary_large_image","schema":{"@context":"https:\/\/schema.org","@graph":[{"@type":"WebPage","@id":"https:\/\/hubsch-interior.com\/de\/produkt\/doppio-regal-pflanzenstander-naturfarben\/","url":"https:\/\/hubsch-interior.com\/de\/produkt\/doppio-regal-pflanzenstander-naturfarben\/","name":"Doppio Regal\/Pflanzenst\u00e4nder Naturfarben - H\u00fcbsch","isPartOf":{"@id":"https:\/\/hubsch-interior.com\/de\/#website"},"primaryImageOfPage":{"@id":"https:\/\/hubsch-interior.com\/de\/produkt\/doppio-regal-pflanzenstander-naturfarben\/#primaryimage"},"image":{"@id":"https:\/\/hubsch-interior.com\/de\/produkt\/doppio-regal-pflanzenstander-naturfarben\/#primaryimage"},"thumbnailUrl":"https:\/\/hubsch-interior.com\/wp-content\/uploads\/2026\/02\/doppio-shelf-unitplant-stand-natural-e9edb32cec01911eb16d546b9ee15280.jpg","datePublished":"2024-01-29T08:26:59+00:00","dateModified":"2026-04-04T02:53:52+00:00","description":"Der Doppio Regal\/Pflanzenst\u00e4nder ist ein vielseitiges St\u00fcck, das Funktionalit\u00e4t und Stil in Ihre Wohnkultur bringt. Hergestellt aus FSC-zertifiziertem","breadcrumb":{"@id":"https:\/\/hubsch-interior.com\/de\/produkt\/doppio-regal-pflanzenstander-naturfarben\/#breadcrumb"},"inLanguage":"de","potentialAction":[{"@type":"ReadAction","target":["https:\/\/hubsch-interior.com\/de\/produkt\/doppio-regal-pflanzenstander-naturfarben\/"]}]},{"@type":"ImageObject","inLanguage":"de","@id":"https:\/\/hubsch-interior.com\/de\/produkt\/doppio-regal-pflanzenstander-naturfarben\/#primaryimage","url":"https:\/\/hubsch-interior.com\/wp-content\/uploads\/2026\/02\/doppio-shelf-unitplant-stand-natural-e9edb32cec01911eb16d546b9ee15280.jpg","contentUrl":"https:\/\/hubsch-interior.com\/wp-content\/uploads\/2026\/02\/doppio-shelf-unitplant-stand-natural-e9edb32cec01911eb16d546b9ee15280.jpg","width":1024,"height":1024},{"@type":"BreadcrumbList","@id":"https:\/\/hubsch-interior.com\/de\/produkt\/doppio-regal-pflanzenstander-naturfarben\/#breadcrumb","itemListElement":[{"@type":"ListItem","position":1,"name":"Startseite","item":"https:\/\/hubsch-interior.com\/de\/"},{"@type":"ListItem","position":2,"name":"Produkte","item":"https:\/\/hubsch-interior.com\/de\/shop-2\/"},{"@type":"ListItem","position":3,"name":"Wohnaccessoires","item":"https:\/\/hubsch-interior.com\/de\/produkt-kategorie\/wohnaccessoires\/"},{"@type":"ListItem","position":4,"name":"T&ouml;pfe &amp; Gie&szlig;kannen","item":"https:\/\/hubsch-interior.com\/de\/produkt-kategorie\/wohnaccessoires\/toepfe-giesskannen-de\/"},{"@type":"ListItem","position":5,"name":"Pflanzkasten","item":"https:\/\/hubsch-interior.com\/de\/produkt-kategorie\/wohnaccessoires\/toepfe-giesskannen-de\/pflanzkasten-de\/"},{"@type":"ListItem","position":6,"name":"Doppio Regal\/Pflanzenst\u00e4nder Naturfarben"}]},{"@type":"WebSite","@id":"https:\/\/hubsch-interior.com\/de\/#website","url":"https:\/\/hubsch-interior.com\/de\/","name":"H\u00fcbsch","description":"Danish Home Interior and Design","publisher":{"@id":"https:\/\/hubsch-interior.com\/de\/#organization"},"potentialAction":[{"@type":"SearchAction","target":{"@type":"EntryPoint","urlTemplate":"https:\/\/hubsch-interior.com\/de\/?s={search_term_string}"},"query-input":{"@type":"PropertyValueSpecification","valueRequired":true,"valueName":"search_term_string"}}],"inLanguage":"de"},{"@type":"Organization","@id":"https:\/\/hubsch-interior.com\/de\/#organization","name":"H\u00fcbsch","url":"https:\/\/hubsch-interior.com\/de\/","logo":{"@type":"ImageObject","inLanguage":"de","@id":"https:\/\/hubsch-interior.com\/de\/#\/schema\/logo\/image\/","url":"https:\/\/hubsch-interior.com\/wp-content\/uploads\/2022\/12\/Hubsch_logo_black_one_line.svg","contentUrl":"https:\/\/hubsch-interior.com\/wp-content\/uploads\/2022\/12\/Hubsch_logo_black_one_line.svg","caption":"H\u00fcbsch"},"image":{"@id":"https:\/\/hubsch-interior.com\/de\/#\/schema\/logo\/image\/"}}]}},"_links":{"self":[{"href":"https:\/\/hubsch-interior.com\/de\/wp-json\/wp\/v2\/product\/977288","targetHints":{"allow":["GET"]}}],"collection":[{"href":"https:\/\/hubsch-interior.com\/de\/wp-json\/wp\/v2\/product"}],"about":[{"href":"https:\/\/hubsch-interior.com\/de\/wp-json\/wp\/v2\/types\/product"}],"wp:featuredmedia":[{"embeddable":true,"href":"https:\/\/hubsch-interior.com\/de\/wp-json\/wp\/v2\/media\/1103753"}],"wp:attachment":[{"href":"https:\/\/hubsch-interior.com\/de\/wp-json\/wp\/v2\/media?parent=977288"}],"wp:term":[{"taxonomy":"product_brand","embeddable":true,"href":"https:\/\/hubsch-interior.com\/de\/wp-json\/wp\/v2\/product_brand?post=977288"},{"taxonomy":"product_cat","embeddable":true,"href":"https:\/\/hubsch-interior.com\/de\/wp-json\/wp\/v2\/product_cat?post=977288"},{"taxonomy":"product_tag","embeddable":true,"href":"https:\/\/hubsch-interior.com\/de\/wp-json\/wp\/v2\/product_tag?post=977288"}],"curies":[{"name":"wp","href":"https:\/\/api.w.org\/{rel}","templated":true}]}}