{"id":977368,"date":"2024-01-29T09:27:44","date_gmt":"2024-01-29T08:27:44","guid":{"rendered":"https:\/\/hubsch-interior.com\/product\/product\/"},"modified":"2026-04-09T04:52:48","modified_gmt":"2026-04-09T02:52:48","slug":"arki-wandablage-magazinhalter-naturfarben-multifarben","status":"publish","type":"product","link":"https:\/\/hubsch-interior.com\/de\/produkt\/arki-wandablage-magazinhalter-naturfarben-multifarben\/","title":{"rendered":"Arki Wandablage\/Magazinhalter Naturfarben\/\u00a0Multifarben"},"content":{"rendered":"<p>Die Arki Wandablage\/Magazinhalter ist eine atemberaubende Erg\u00e4nzung f\u00fcr jeden Innenraum. Hergestellt aus FSC-zertifiziertem Eichenfurnier, ist dieses multifunktionale St\u00fcck nicht nur umweltbewusst, sondern auch eine wundersch\u00f6ne Kombination aus Funktionalit\u00e4t und Kunst. Sein mehrfarbiges Finish verleiht jedem Raum stilvolle Farbakzente, w\u00e4hrend sein architektonisches Design ein einzigartiges Element der Innenraumgestaltung darstellt. Nutzen Sie es als Magazinhalter oder als wundersch\u00f6ne Pr\u00e4sentationsfl\u00e4che f\u00fcr Ihre B\u00fccher und Sch\u00e4tze &#8211; dieses Produkt ist sowohl praktisch als auch \u00e4sthetisch ansprechend und somit ein Muss f\u00fcr jedes Zuhause. Sowohl in Gebrauch als auch au\u00dfer Gebrauch ist die Arki Wandablage\/Magazinhalter eine perfekte Verbindung von Form und Funktion.<\/p>\n","protected":false},"excerpt":{"rendered":"<p>Die Arki Wandablage\/Magazinhalter ist eine atemberaubende Erg\u00e4nzung f\u00fcr jeden Innenraum. Hergestellt aus FSC-zertifiziertem Eichenfurnier, ist dieses multifunktionale St\u00fcck nicht nur umweltbewusst, sondern auch eine wundersch\u00f6ne Kombination aus Funktionalit\u00e4t und Kunst. Sein mehrfarbiges Finish verleiht jedem Raum stilvolle Farbakzente, w\u00e4hrend sein architektonisches Design ein einzigartiges Element der Innenraumgestaltung darstellt. Nutzen Sie es als Magazinhalter oder als [&hellip;]<\/p>\n","protected":false},"featured_media":1103825,"template":"","meta":{"_acf_changed":false,"inline_featured_image":false},"product_brand":[],"product_cat":[6884,6893,6323,4003,4024,3111,4020,5027],"product_tag":[],"class_list":{"0":"post-977368","1":"product","2":"type-product","3":"status-publish","4":"has-post-thumbnail","6":"product_cat-elevating-nostalgia-de","7":"product_cat-multifunktionale-moebel-de","8":"product_cat-fsc-de","9":"product_cat-regale-aufbewahrung-de","10":"product_cat-ablagen-de","11":"product_cat-aufbewahrung-de","12":"product_cat-magazinhalter-de","13":"product_cat-bestsellers-de","14":"product_shipping_class-p05","16":"pa_color-multifarben-2","17":"pa_color-naturfarben-2","18":"pa_material-mdf-de","19":"pa_material-eichenfurnier","21":"first","22":"instock","23":"featured","24":"taxable","25":"shipping-taxable","26":"purchasable","27":"product-type-simple"},"exclude_global_add_ons":[],"addons":[],"acf":[],"yoast_head":"<!-- This site is optimized with the Yoast SEO plugin v26.4 - https:\/\/yoast.com\/wordpress\/plugins\/seo\/ -->\n<title>Arki Wandablage\/Magazinhalter Naturfarben\/\u00a0Multifarben - H\u00fcbsch<\/title>\n<meta name=\"description\" content=\"Die Arki Wandablage\/Magazinhalter ist eine atemberaubende Erg\u00e4nzung f\u00fcr jeden Innenraum. Hergestellt aus FSC-zertifiziertem Eichenfurnier, ist dieses\" \/>\n<meta name=\"robots\" content=\"index, follow, max-snippet:-1, max-image-preview:large, max-video-preview:-1\" \/>\n<link rel=\"canonical\" href=\"https:\/\/hubsch-interior.com\/de\/wp-json\/wp\/v2\/product\/977368\" \/>\n<meta property=\"og:locale\" content=\"de_DE\" \/>\n<meta property=\"og:type\" content=\"article\" \/>\n<meta property=\"og:title\" content=\"Arki Wandablage\/Magazinhalter Naturfarben\/\u00a0Multifarben - H\u00fcbsch\" \/>\n<meta property=\"og:description\" content=\"Die Arki Wandablage\/Magazinhalter ist eine atemberaubende Erg\u00e4nzung f\u00fcr jeden Innenraum. Hergestellt aus FSC-zertifiziertem Eichenfurnier, ist dieses\" \/>\n<meta property=\"og:url\" content=\"https:\/\/hubsch-interior.com\/de\/produkt\/arki-wandablage-magazinhalter-naturfarben-multifarben\/\" \/>\n<meta property=\"og:site_name\" content=\"H\u00fcbsch\" \/>\n<meta property=\"article:modified_time\" content=\"2026-04-09T02:52:48+00:00\" \/>\n<meta property=\"og:image\" content=\"https:\/\/hubsch-interior.com\/wp-content\/uploads\/2024\/03\/arki-wall-shelfmagazine-holder-naturalmulticolour-82443a9f23c91efbff15101c1bb7baf8.jpg\" \/>\n\t<meta property=\"og:image:width\" content=\"1200\" \/>\n\t<meta property=\"og:image:height\" content=\"1200\" \/>\n\t<meta property=\"og:image:type\" content=\"image\/jpeg\" \/>\n<meta name=\"twitter:card\" content=\"summary_large_image\" \/>\n<meta name=\"twitter:label1\" content=\"Gesch\u00e4tzte Lesezeit\" \/>\n\t<meta name=\"twitter:data1\" content=\"1\u00a0Minute\" \/>\n<script type=\"application\/ld+json\" class=\"yoast-schema-graph\">{\"@context\":\"https:\/\/schema.org\",\"@graph\":[{\"@type\":\"WebPage\",\"@id\":\"https:\/\/hubsch-interior.com\/de\/produkt\/arki-wandablage-magazinhalter-naturfarben-multifarben\/\",\"url\":\"https:\/\/hubsch-interior.com\/de\/produkt\/arki-wandablage-magazinhalter-naturfarben-multifarben\/\",\"name\":\"Arki Wandablage\/Magazinhalter Naturfarben\/\u00a0Multifarben - H\u00fcbsch\",\"isPartOf\":{\"@id\":\"https:\/\/hubsch-interior.com\/de\/#website\"},\"primaryImageOfPage\":{\"@id\":\"https:\/\/hubsch-interior.com\/de\/produkt\/arki-wandablage-magazinhalter-naturfarben-multifarben\/#primaryimage\"},\"image\":{\"@id\":\"https:\/\/hubsch-interior.com\/de\/produkt\/arki-wandablage-magazinhalter-naturfarben-multifarben\/#primaryimage\"},\"thumbnailUrl\":\"https:\/\/hubsch-interior.com\/wp-content\/uploads\/2026\/02\/arki-wall-shelfmagazine-holder-naturalmulticolour-afb55cf3c7e83bbbc9341ec5c5d7d7b5.jpg\",\"datePublished\":\"2024-01-29T08:27:44+00:00\",\"dateModified\":\"2026-04-09T02:52:48+00:00\",\"description\":\"Die Arki Wandablage\/Magazinhalter ist eine atemberaubende Erg\u00e4nzung f\u00fcr jeden Innenraum. Hergestellt aus FSC-zertifiziertem Eichenfurnier, ist dieses\",\"breadcrumb\":{\"@id\":\"https:\/\/hubsch-interior.com\/de\/produkt\/arki-wandablage-magazinhalter-naturfarben-multifarben\/#breadcrumb\"},\"inLanguage\":\"de\",\"potentialAction\":[{\"@type\":\"ReadAction\",\"target\":[\"https:\/\/hubsch-interior.com\/de\/produkt\/arki-wandablage-magazinhalter-naturfarben-multifarben\/\"]}]},{\"@type\":\"ImageObject\",\"inLanguage\":\"de\",\"@id\":\"https:\/\/hubsch-interior.com\/de\/produkt\/arki-wandablage-magazinhalter-naturfarben-multifarben\/#primaryimage\",\"url\":\"https:\/\/hubsch-interior.com\/wp-content\/uploads\/2026\/02\/arki-wall-shelfmagazine-holder-naturalmulticolour-afb55cf3c7e83bbbc9341ec5c5d7d7b5.jpg\",\"contentUrl\":\"https:\/\/hubsch-interior.com\/wp-content\/uploads\/2026\/02\/arki-wall-shelfmagazine-holder-naturalmulticolour-afb55cf3c7e83bbbc9341ec5c5d7d7b5.jpg\",\"width\":1024,\"height\":1024},{\"@type\":\"BreadcrumbList\",\"@id\":\"https:\/\/hubsch-interior.com\/de\/produkt\/arki-wandablage-magazinhalter-naturfarben-multifarben\/#breadcrumb\",\"itemListElement\":[{\"@type\":\"ListItem\",\"position\":1,\"name\":\"Startseite\",\"item\":\"https:\/\/hubsch-interior.com\/de\/\"},{\"@type\":\"ListItem\",\"position\":2,\"name\":\"Produkte\",\"item\":\"https:\/\/hubsch-interior.com\/de\/shop-2\/\"},{\"@type\":\"ListItem\",\"position\":3,\"name\":\"M\u00f6bel\",\"item\":\"https:\/\/hubsch-interior.com\/de\/produkt-kategorie\/moebel\/\"},{\"@type\":\"ListItem\",\"position\":4,\"name\":\"Regale &amp; Aufbewahrung\",\"item\":\"https:\/\/hubsch-interior.com\/de\/produkt-kategorie\/moebel\/regale-aufbewahrung-de\/\"},{\"@type\":\"ListItem\",\"position\":5,\"name\":\"Ablagen\",\"item\":\"https:\/\/hubsch-interior.com\/de\/produkt-kategorie\/moebel\/regale-aufbewahrung-de\/ablagen-de\/\"},{\"@type\":\"ListItem\",\"position\":6,\"name\":\"Arki Wandablage\/Magazinhalter Naturfarben\/\u00a0Multifarben\"}]},{\"@type\":\"WebSite\",\"@id\":\"https:\/\/hubsch-interior.com\/de\/#website\",\"url\":\"https:\/\/hubsch-interior.com\/de\/\",\"name\":\"H\u00fcbsch\",\"description\":\"Danish Home Interior and Design\",\"publisher\":{\"@id\":\"https:\/\/hubsch-interior.com\/de\/#organization\"},\"potentialAction\":[{\"@type\":\"SearchAction\",\"target\":{\"@type\":\"EntryPoint\",\"urlTemplate\":\"https:\/\/hubsch-interior.com\/de\/?s={search_term_string}\"},\"query-input\":{\"@type\":\"PropertyValueSpecification\",\"valueRequired\":true,\"valueName\":\"search_term_string\"}}],\"inLanguage\":\"de\"},{\"@type\":\"Organization\",\"@id\":\"https:\/\/hubsch-interior.com\/de\/#organization\",\"name\":\"H\u00fcbsch\",\"url\":\"https:\/\/hubsch-interior.com\/de\/\",\"logo\":{\"@type\":\"ImageObject\",\"inLanguage\":\"de\",\"@id\":\"https:\/\/hubsch-interior.com\/de\/#\/schema\/logo\/image\/\",\"url\":\"https:\/\/hubsch-interior.com\/wp-content\/uploads\/2022\/12\/Hubsch_logo_black_one_line.svg\",\"contentUrl\":\"https:\/\/hubsch-interior.com\/wp-content\/uploads\/2022\/12\/Hubsch_logo_black_one_line.svg\",\"caption\":\"H\u00fcbsch\"},\"image\":{\"@id\":\"https:\/\/hubsch-interior.com\/de\/#\/schema\/logo\/image\/\"}}]}<\/script>\n<!-- \/ Yoast SEO plugin. -->","yoast_head_json":{"title":"Arki Wandablage\/Magazinhalter Naturfarben\/\u00a0Multifarben - H\u00fcbsch","description":"Die Arki Wandablage\/Magazinhalter ist eine atemberaubende Erg\u00e4nzung f\u00fcr jeden Innenraum. Hergestellt aus FSC-zertifiziertem Eichenfurnier, ist dieses","robots":{"index":"index","follow":"follow","max-snippet":"max-snippet:-1","max-image-preview":"max-image-preview:large","max-video-preview":"max-video-preview:-1"},"canonical":"https:\/\/hubsch-interior.com\/de\/wp-json\/wp\/v2\/product\/977368","og_locale":"de_DE","og_type":"article","og_title":"Arki Wandablage\/Magazinhalter Naturfarben\/\u00a0Multifarben - H\u00fcbsch","og_description":"Die Arki Wandablage\/Magazinhalter ist eine atemberaubende Erg\u00e4nzung f\u00fcr jeden Innenraum. Hergestellt aus FSC-zertifiziertem Eichenfurnier, ist dieses","og_url":"https:\/\/hubsch-interior.com\/de\/produkt\/arki-wandablage-magazinhalter-naturfarben-multifarben\/","og_site_name":"H\u00fcbsch","article_modified_time":"2026-04-09T02:52:48+00:00","og_image":[{"width":1200,"height":1200,"url":"https:\/\/hubsch-interior.com\/wp-content\/uploads\/2024\/03\/arki-wall-shelfmagazine-holder-naturalmulticolour-82443a9f23c91efbff15101c1bb7baf8.jpg","type":"image\/jpeg"}],"twitter_card":"summary_large_image","twitter_misc":{"Gesch\u00e4tzte Lesezeit":"1\u00a0Minute"},"schema":{"@context":"https:\/\/schema.org","@graph":[{"@type":"WebPage","@id":"https:\/\/hubsch-interior.com\/de\/produkt\/arki-wandablage-magazinhalter-naturfarben-multifarben\/","url":"https:\/\/hubsch-interior.com\/de\/produkt\/arki-wandablage-magazinhalter-naturfarben-multifarben\/","name":"Arki Wandablage\/Magazinhalter Naturfarben\/\u00a0Multifarben - H\u00fcbsch","isPartOf":{"@id":"https:\/\/hubsch-interior.com\/de\/#website"},"primaryImageOfPage":{"@id":"https:\/\/hubsch-interior.com\/de\/produkt\/arki-wandablage-magazinhalter-naturfarben-multifarben\/#primaryimage"},"image":{"@id":"https:\/\/hubsch-interior.com\/de\/produkt\/arki-wandablage-magazinhalter-naturfarben-multifarben\/#primaryimage"},"thumbnailUrl":"https:\/\/hubsch-interior.com\/wp-content\/uploads\/2026\/02\/arki-wall-shelfmagazine-holder-naturalmulticolour-afb55cf3c7e83bbbc9341ec5c5d7d7b5.jpg","datePublished":"2024-01-29T08:27:44+00:00","dateModified":"2026-04-09T02:52:48+00:00","description":"Die Arki Wandablage\/Magazinhalter ist eine atemberaubende Erg\u00e4nzung f\u00fcr jeden Innenraum. Hergestellt aus FSC-zertifiziertem Eichenfurnier, ist dieses","breadcrumb":{"@id":"https:\/\/hubsch-interior.com\/de\/produkt\/arki-wandablage-magazinhalter-naturfarben-multifarben\/#breadcrumb"},"inLanguage":"de","potentialAction":[{"@type":"ReadAction","target":["https:\/\/hubsch-interior.com\/de\/produkt\/arki-wandablage-magazinhalter-naturfarben-multifarben\/"]}]},{"@type":"ImageObject","inLanguage":"de","@id":"https:\/\/hubsch-interior.com\/de\/produkt\/arki-wandablage-magazinhalter-naturfarben-multifarben\/#primaryimage","url":"https:\/\/hubsch-interior.com\/wp-content\/uploads\/2026\/02\/arki-wall-shelfmagazine-holder-naturalmulticolour-afb55cf3c7e83bbbc9341ec5c5d7d7b5.jpg","contentUrl":"https:\/\/hubsch-interior.com\/wp-content\/uploads\/2026\/02\/arki-wall-shelfmagazine-holder-naturalmulticolour-afb55cf3c7e83bbbc9341ec5c5d7d7b5.jpg","width":1024,"height":1024},{"@type":"BreadcrumbList","@id":"https:\/\/hubsch-interior.com\/de\/produkt\/arki-wandablage-magazinhalter-naturfarben-multifarben\/#breadcrumb","itemListElement":[{"@type":"ListItem","position":1,"name":"Startseite","item":"https:\/\/hubsch-interior.com\/de\/"},{"@type":"ListItem","position":2,"name":"Produkte","item":"https:\/\/hubsch-interior.com\/de\/shop-2\/"},{"@type":"ListItem","position":3,"name":"M\u00f6bel","item":"https:\/\/hubsch-interior.com\/de\/produkt-kategorie\/moebel\/"},{"@type":"ListItem","position":4,"name":"Regale &amp; Aufbewahrung","item":"https:\/\/hubsch-interior.com\/de\/produkt-kategorie\/moebel\/regale-aufbewahrung-de\/"},{"@type":"ListItem","position":5,"name":"Ablagen","item":"https:\/\/hubsch-interior.com\/de\/produkt-kategorie\/moebel\/regale-aufbewahrung-de\/ablagen-de\/"},{"@type":"ListItem","position":6,"name":"Arki Wandablage\/Magazinhalter Naturfarben\/\u00a0Multifarben"}]},{"@type":"WebSite","@id":"https:\/\/hubsch-interior.com\/de\/#website","url":"https:\/\/hubsch-interior.com\/de\/","name":"H\u00fcbsch","description":"Danish Home Interior and Design","publisher":{"@id":"https:\/\/hubsch-interior.com\/de\/#organization"},"potentialAction":[{"@type":"SearchAction","target":{"@type":"EntryPoint","urlTemplate":"https:\/\/hubsch-interior.com\/de\/?s={search_term_string}"},"query-input":{"@type":"PropertyValueSpecification","valueRequired":true,"valueName":"search_term_string"}}],"inLanguage":"de"},{"@type":"Organization","@id":"https:\/\/hubsch-interior.com\/de\/#organization","name":"H\u00fcbsch","url":"https:\/\/hubsch-interior.com\/de\/","logo":{"@type":"ImageObject","inLanguage":"de","@id":"https:\/\/hubsch-interior.com\/de\/#\/schema\/logo\/image\/","url":"https:\/\/hubsch-interior.com\/wp-content\/uploads\/2022\/12\/Hubsch_logo_black_one_line.svg","contentUrl":"https:\/\/hubsch-interior.com\/wp-content\/uploads\/2022\/12\/Hubsch_logo_black_one_line.svg","caption":"H\u00fcbsch"},"image":{"@id":"https:\/\/hubsch-interior.com\/de\/#\/schema\/logo\/image\/"}}]}},"_links":{"self":[{"href":"https:\/\/hubsch-interior.com\/de\/wp-json\/wp\/v2\/product\/977368","targetHints":{"allow":["GET"]}}],"collection":[{"href":"https:\/\/hubsch-interior.com\/de\/wp-json\/wp\/v2\/product"}],"about":[{"href":"https:\/\/hubsch-interior.com\/de\/wp-json\/wp\/v2\/types\/product"}],"wp:featuredmedia":[{"embeddable":true,"href":"https:\/\/hubsch-interior.com\/de\/wp-json\/wp\/v2\/media\/1103825"}],"wp:attachment":[{"href":"https:\/\/hubsch-interior.com\/de\/wp-json\/wp\/v2\/media?parent=977368"}],"wp:term":[{"taxonomy":"product_brand","embeddable":true,"href":"https:\/\/hubsch-interior.com\/de\/wp-json\/wp\/v2\/product_brand?post=977368"},{"taxonomy":"product_cat","embeddable":true,"href":"https:\/\/hubsch-interior.com\/de\/wp-json\/wp\/v2\/product_cat?post=977368"},{"taxonomy":"product_tag","embeddable":true,"href":"https:\/\/hubsch-interior.com\/de\/wp-json\/wp\/v2\/product_tag?post=977368"}],"curies":[{"name":"wp","href":"https:\/\/api.w.org\/{rel}","templated":true}]}}