{"id":977408,"date":"2024-01-29T09:28:17","date_gmt":"2024-01-29T08:28:17","guid":{"rendered":"https:\/\/hubsch-interior.com\/product\/product\/"},"modified":"2026-04-09T04:52:57","modified_gmt":"2026-04-09T02:52:57","slug":"focal-rahmen-50x70-walnuss","status":"publish","type":"product","link":"https:\/\/hubsch-interior.com\/de\/produkt\/focal-rahmen-50x70-walnuss\/","title":{"rendered":"Focal Rahmen 50&#215;70 \u00a0Walnuss"},"content":{"rendered":"<p>Der Focal Rahmen ist aus hochwertigem Walnussholz gefertigt. Diese Variante besticht durch einen reichen, tiefen und dunklen Ton, der Luxus ausstrahlt. Der Rahmen ist eine atemberaubende Fusion aus Glas und Walnussholz, die einen wundersch\u00f6nen Farbenmix ergibt. Pr\u00e4sentieren Sie Ihre Lieblingsmomente stilvoll in der Gr\u00f6\u00dfe von 50&#215;70 cm. Kombinieren Sie verschiedene Rahmengr\u00f6\u00dfen und -farben, um eine einzigartige und pers\u00f6nliche Pr\u00e4sentation zu schaffen. Ob vertikal oder horizontal, dieser Focal Rahmen wird garantiert zum Blickfang in jedem Raum. Sichern Sie sich jetzt den eleganten Walnusston f\u00fcr Ihren Focal Rahmen.<\/p>\n","protected":false},"excerpt":{"rendered":"<p>Der Focal Rahmen ist aus hochwertigem Walnussholz gefertigt. Diese Variante besticht durch einen reichen, tiefen und dunklen Ton, der Luxus ausstrahlt. Der Rahmen ist eine atemberaubende Fusion aus Glas und Walnussholz, die einen wundersch\u00f6nen Farbenmix ergibt. Pr\u00e4sentieren Sie Ihre Lieblingsmomente stilvoll in der Gr\u00f6\u00dfe von 50&#215;70 cm. Kombinieren Sie verschiedene Rahmengr\u00f6\u00dfen und -farben, um eine [&hellip;]<\/p>\n","protected":false},"featured_media":1103865,"template":"","meta":{"_acf_changed":false,"inline_featured_image":false},"product_brand":[],"product_cat":[6884,3118,4937,5027],"product_tag":[],"class_list":{"0":"post-977408","1":"product","2":"type-product","3":"status-publish","4":"has-post-thumbnail","6":"product_cat-elevating-nostalgia-de","7":"product_cat-wanddekoration-de","8":"product_cat-rahmen-de","9":"product_cat-bestsellers-de","10":"product_shipping_class-pk","12":"pa_color-walnuss","13":"pa_material-glas-de","14":"pa_material-mdf-de","15":"pa_material-walnuholz","17":"first","18":"instock","19":"featured","20":"taxable","21":"shipping-taxable","22":"purchasable","23":"product-type-simple"},"exclude_global_add_ons":[],"addons":[],"acf":[],"yoast_head":"<!-- This site is optimized with the Yoast SEO plugin v26.4 - https:\/\/yoast.com\/wordpress\/plugins\/seo\/ -->\n<title>Focal Rahmen 50x70 \u00a0Walnuss - H\u00fcbsch<\/title>\n<meta name=\"description\" content=\"Der Focal Rahmen ist aus hochwertigem Walnussholz gefertigt. Diese Variante besticht durch einen reichen, tiefen und dunklen Ton, der Luxus ausstrahlt.\" \/>\n<meta name=\"robots\" content=\"index, follow, max-snippet:-1, max-image-preview:large, max-video-preview:-1\" \/>\n<link rel=\"canonical\" href=\"https:\/\/hubsch-interior.com\/de\/wp-json\/wp\/v2\/product\/977408\" \/>\n<meta property=\"og:locale\" content=\"de_DE\" \/>\n<meta property=\"og:type\" content=\"article\" \/>\n<meta property=\"og:title\" content=\"Focal Rahmen 50x70 \u00a0Walnuss - H\u00fcbsch\" \/>\n<meta property=\"og:description\" content=\"Der Focal Rahmen ist aus hochwertigem Walnussholz gefertigt. Diese Variante besticht durch einen reichen, tiefen und dunklen Ton, der Luxus ausstrahlt.\" \/>\n<meta property=\"og:url\" content=\"https:\/\/hubsch-interior.com\/de\/produkt\/focal-rahmen-50x70-walnuss\/\" \/>\n<meta property=\"og:site_name\" content=\"H\u00fcbsch\" \/>\n<meta property=\"article:modified_time\" content=\"2026-04-09T02:52:57+00:00\" \/>\n<meta property=\"og:image\" content=\"https:\/\/hubsch-interior.com\/wp-content\/uploads\/2024\/04\/focal-frame-50x70-walnut-ab9b8df164e6e49da66fb4b1a87ffbb1.jpg\" \/>\n\t<meta property=\"og:image:width\" content=\"1200\" \/>\n\t<meta property=\"og:image:height\" content=\"1200\" \/>\n\t<meta property=\"og:image:type\" content=\"image\/jpeg\" \/>\n<meta name=\"twitter:card\" content=\"summary_large_image\" \/>\n<script type=\"application\/ld+json\" class=\"yoast-schema-graph\">{\"@context\":\"https:\/\/schema.org\",\"@graph\":[{\"@type\":\"WebPage\",\"@id\":\"https:\/\/hubsch-interior.com\/de\/produkt\/focal-rahmen-50x70-walnuss\/\",\"url\":\"https:\/\/hubsch-interior.com\/de\/produkt\/focal-rahmen-50x70-walnuss\/\",\"name\":\"Focal Rahmen 50x70 \u00a0Walnuss - H\u00fcbsch\",\"isPartOf\":{\"@id\":\"https:\/\/hubsch-interior.com\/de\/#website\"},\"primaryImageOfPage\":{\"@id\":\"https:\/\/hubsch-interior.com\/de\/produkt\/focal-rahmen-50x70-walnuss\/#primaryimage\"},\"image\":{\"@id\":\"https:\/\/hubsch-interior.com\/de\/produkt\/focal-rahmen-50x70-walnuss\/#primaryimage\"},\"thumbnailUrl\":\"https:\/\/hubsch-interior.com\/wp-content\/uploads\/2026\/02\/focal-frame-50x70-walnut-078229817d739245fd261528c0918a5d.jpg\",\"datePublished\":\"2024-01-29T08:28:17+00:00\",\"dateModified\":\"2026-04-09T02:52:57+00:00\",\"description\":\"Der Focal Rahmen ist aus hochwertigem Walnussholz gefertigt. Diese Variante besticht durch einen reichen, tiefen und dunklen Ton, der Luxus ausstrahlt.\",\"breadcrumb\":{\"@id\":\"https:\/\/hubsch-interior.com\/de\/produkt\/focal-rahmen-50x70-walnuss\/#breadcrumb\"},\"inLanguage\":\"de\",\"potentialAction\":[{\"@type\":\"ReadAction\",\"target\":[\"https:\/\/hubsch-interior.com\/de\/produkt\/focal-rahmen-50x70-walnuss\/\"]}]},{\"@type\":\"ImageObject\",\"inLanguage\":\"de\",\"@id\":\"https:\/\/hubsch-interior.com\/de\/produkt\/focal-rahmen-50x70-walnuss\/#primaryimage\",\"url\":\"https:\/\/hubsch-interior.com\/wp-content\/uploads\/2026\/02\/focal-frame-50x70-walnut-078229817d739245fd261528c0918a5d.jpg\",\"contentUrl\":\"https:\/\/hubsch-interior.com\/wp-content\/uploads\/2026\/02\/focal-frame-50x70-walnut-078229817d739245fd261528c0918a5d.jpg\",\"width\":1024,\"height\":1024},{\"@type\":\"BreadcrumbList\",\"@id\":\"https:\/\/hubsch-interior.com\/de\/produkt\/focal-rahmen-50x70-walnuss\/#breadcrumb\",\"itemListElement\":[{\"@type\":\"ListItem\",\"position\":1,\"name\":\"Startseite\",\"item\":\"https:\/\/hubsch-interior.com\/de\/\"},{\"@type\":\"ListItem\",\"position\":2,\"name\":\"Produkte\",\"item\":\"https:\/\/hubsch-interior.com\/de\/shop-2\/\"},{\"@type\":\"ListItem\",\"position\":3,\"name\":\"Wohnaccessoires\",\"item\":\"https:\/\/hubsch-interior.com\/de\/produkt-kategorie\/wohnaccessoires\/\"},{\"@type\":\"ListItem\",\"position\":4,\"name\":\"Wanddekoration\",\"item\":\"https:\/\/hubsch-interior.com\/de\/produkt-kategorie\/wohnaccessoires\/wanddekoration-de\/\"},{\"@type\":\"ListItem\",\"position\":5,\"name\":\"Rahmen\",\"item\":\"https:\/\/hubsch-interior.com\/de\/produkt-kategorie\/wohnaccessoires\/wanddekoration-de\/rahmen-de\/\"},{\"@type\":\"ListItem\",\"position\":6,\"name\":\"Focal Rahmen 50&#215;70 \u00a0Walnuss\"}]},{\"@type\":\"WebSite\",\"@id\":\"https:\/\/hubsch-interior.com\/de\/#website\",\"url\":\"https:\/\/hubsch-interior.com\/de\/\",\"name\":\"H\u00fcbsch\",\"description\":\"Danish Home Interior and Design\",\"publisher\":{\"@id\":\"https:\/\/hubsch-interior.com\/de\/#organization\"},\"potentialAction\":[{\"@type\":\"SearchAction\",\"target\":{\"@type\":\"EntryPoint\",\"urlTemplate\":\"https:\/\/hubsch-interior.com\/de\/?s={search_term_string}\"},\"query-input\":{\"@type\":\"PropertyValueSpecification\",\"valueRequired\":true,\"valueName\":\"search_term_string\"}}],\"inLanguage\":\"de\"},{\"@type\":\"Organization\",\"@id\":\"https:\/\/hubsch-interior.com\/de\/#organization\",\"name\":\"H\u00fcbsch\",\"url\":\"https:\/\/hubsch-interior.com\/de\/\",\"logo\":{\"@type\":\"ImageObject\",\"inLanguage\":\"de\",\"@id\":\"https:\/\/hubsch-interior.com\/de\/#\/schema\/logo\/image\/\",\"url\":\"https:\/\/hubsch-interior.com\/wp-content\/uploads\/2022\/12\/Hubsch_logo_black_one_line.svg\",\"contentUrl\":\"https:\/\/hubsch-interior.com\/wp-content\/uploads\/2022\/12\/Hubsch_logo_black_one_line.svg\",\"caption\":\"H\u00fcbsch\"},\"image\":{\"@id\":\"https:\/\/hubsch-interior.com\/de\/#\/schema\/logo\/image\/\"}}]}<\/script>\n<!-- \/ Yoast SEO plugin. -->","yoast_head_json":{"title":"Focal Rahmen 50x70 \u00a0Walnuss - H\u00fcbsch","description":"Der Focal Rahmen ist aus hochwertigem Walnussholz gefertigt. Diese Variante besticht durch einen reichen, tiefen und dunklen Ton, der Luxus ausstrahlt.","robots":{"index":"index","follow":"follow","max-snippet":"max-snippet:-1","max-image-preview":"max-image-preview:large","max-video-preview":"max-video-preview:-1"},"canonical":"https:\/\/hubsch-interior.com\/de\/wp-json\/wp\/v2\/product\/977408","og_locale":"de_DE","og_type":"article","og_title":"Focal Rahmen 50x70 \u00a0Walnuss - H\u00fcbsch","og_description":"Der Focal Rahmen ist aus hochwertigem Walnussholz gefertigt. Diese Variante besticht durch einen reichen, tiefen und dunklen Ton, der Luxus ausstrahlt.","og_url":"https:\/\/hubsch-interior.com\/de\/produkt\/focal-rahmen-50x70-walnuss\/","og_site_name":"H\u00fcbsch","article_modified_time":"2026-04-09T02:52:57+00:00","og_image":[{"width":1200,"height":1200,"url":"https:\/\/hubsch-interior.com\/wp-content\/uploads\/2024\/04\/focal-frame-50x70-walnut-ab9b8df164e6e49da66fb4b1a87ffbb1.jpg","type":"image\/jpeg"}],"twitter_card":"summary_large_image","schema":{"@context":"https:\/\/schema.org","@graph":[{"@type":"WebPage","@id":"https:\/\/hubsch-interior.com\/de\/produkt\/focal-rahmen-50x70-walnuss\/","url":"https:\/\/hubsch-interior.com\/de\/produkt\/focal-rahmen-50x70-walnuss\/","name":"Focal Rahmen 50x70 \u00a0Walnuss - H\u00fcbsch","isPartOf":{"@id":"https:\/\/hubsch-interior.com\/de\/#website"},"primaryImageOfPage":{"@id":"https:\/\/hubsch-interior.com\/de\/produkt\/focal-rahmen-50x70-walnuss\/#primaryimage"},"image":{"@id":"https:\/\/hubsch-interior.com\/de\/produkt\/focal-rahmen-50x70-walnuss\/#primaryimage"},"thumbnailUrl":"https:\/\/hubsch-interior.com\/wp-content\/uploads\/2026\/02\/focal-frame-50x70-walnut-078229817d739245fd261528c0918a5d.jpg","datePublished":"2024-01-29T08:28:17+00:00","dateModified":"2026-04-09T02:52:57+00:00","description":"Der Focal Rahmen ist aus hochwertigem Walnussholz gefertigt. Diese Variante besticht durch einen reichen, tiefen und dunklen Ton, der Luxus ausstrahlt.","breadcrumb":{"@id":"https:\/\/hubsch-interior.com\/de\/produkt\/focal-rahmen-50x70-walnuss\/#breadcrumb"},"inLanguage":"de","potentialAction":[{"@type":"ReadAction","target":["https:\/\/hubsch-interior.com\/de\/produkt\/focal-rahmen-50x70-walnuss\/"]}]},{"@type":"ImageObject","inLanguage":"de","@id":"https:\/\/hubsch-interior.com\/de\/produkt\/focal-rahmen-50x70-walnuss\/#primaryimage","url":"https:\/\/hubsch-interior.com\/wp-content\/uploads\/2026\/02\/focal-frame-50x70-walnut-078229817d739245fd261528c0918a5d.jpg","contentUrl":"https:\/\/hubsch-interior.com\/wp-content\/uploads\/2026\/02\/focal-frame-50x70-walnut-078229817d739245fd261528c0918a5d.jpg","width":1024,"height":1024},{"@type":"BreadcrumbList","@id":"https:\/\/hubsch-interior.com\/de\/produkt\/focal-rahmen-50x70-walnuss\/#breadcrumb","itemListElement":[{"@type":"ListItem","position":1,"name":"Startseite","item":"https:\/\/hubsch-interior.com\/de\/"},{"@type":"ListItem","position":2,"name":"Produkte","item":"https:\/\/hubsch-interior.com\/de\/shop-2\/"},{"@type":"ListItem","position":3,"name":"Wohnaccessoires","item":"https:\/\/hubsch-interior.com\/de\/produkt-kategorie\/wohnaccessoires\/"},{"@type":"ListItem","position":4,"name":"Wanddekoration","item":"https:\/\/hubsch-interior.com\/de\/produkt-kategorie\/wohnaccessoires\/wanddekoration-de\/"},{"@type":"ListItem","position":5,"name":"Rahmen","item":"https:\/\/hubsch-interior.com\/de\/produkt-kategorie\/wohnaccessoires\/wanddekoration-de\/rahmen-de\/"},{"@type":"ListItem","position":6,"name":"Focal Rahmen 50&#215;70 \u00a0Walnuss"}]},{"@type":"WebSite","@id":"https:\/\/hubsch-interior.com\/de\/#website","url":"https:\/\/hubsch-interior.com\/de\/","name":"H\u00fcbsch","description":"Danish Home Interior and Design","publisher":{"@id":"https:\/\/hubsch-interior.com\/de\/#organization"},"potentialAction":[{"@type":"SearchAction","target":{"@type":"EntryPoint","urlTemplate":"https:\/\/hubsch-interior.com\/de\/?s={search_term_string}"},"query-input":{"@type":"PropertyValueSpecification","valueRequired":true,"valueName":"search_term_string"}}],"inLanguage":"de"},{"@type":"Organization","@id":"https:\/\/hubsch-interior.com\/de\/#organization","name":"H\u00fcbsch","url":"https:\/\/hubsch-interior.com\/de\/","logo":{"@type":"ImageObject","inLanguage":"de","@id":"https:\/\/hubsch-interior.com\/de\/#\/schema\/logo\/image\/","url":"https:\/\/hubsch-interior.com\/wp-content\/uploads\/2022\/12\/Hubsch_logo_black_one_line.svg","contentUrl":"https:\/\/hubsch-interior.com\/wp-content\/uploads\/2022\/12\/Hubsch_logo_black_one_line.svg","caption":"H\u00fcbsch"},"image":{"@id":"https:\/\/hubsch-interior.com\/de\/#\/schema\/logo\/image\/"}}]}},"_links":{"self":[{"href":"https:\/\/hubsch-interior.com\/de\/wp-json\/wp\/v2\/product\/977408","targetHints":{"allow":["GET"]}}],"collection":[{"href":"https:\/\/hubsch-interior.com\/de\/wp-json\/wp\/v2\/product"}],"about":[{"href":"https:\/\/hubsch-interior.com\/de\/wp-json\/wp\/v2\/types\/product"}],"wp:featuredmedia":[{"embeddable":true,"href":"https:\/\/hubsch-interior.com\/de\/wp-json\/wp\/v2\/media\/1103865"}],"wp:attachment":[{"href":"https:\/\/hubsch-interior.com\/de\/wp-json\/wp\/v2\/media?parent=977408"}],"wp:term":[{"taxonomy":"product_brand","embeddable":true,"href":"https:\/\/hubsch-interior.com\/de\/wp-json\/wp\/v2\/product_brand?post=977408"},{"taxonomy":"product_cat","embeddable":true,"href":"https:\/\/hubsch-interior.com\/de\/wp-json\/wp\/v2\/product_cat?post=977408"},{"taxonomy":"product_tag","embeddable":true,"href":"https:\/\/hubsch-interior.com\/de\/wp-json\/wp\/v2\/product_tag?post=977408"}],"curies":[{"name":"wp","href":"https:\/\/api.w.org\/{rel}","templated":true}]}}