{"id":977452,"date":"2024-01-29T09:29:06","date_gmt":"2024-01-29T08:29:06","guid":{"rendered":"https:\/\/hubsch-interior.com\/product\/product\/"},"modified":"2026-04-04T04:54:26","modified_gmt":"2026-04-04T02:54:26","slug":"focal-rahmen-297x42-naturfarben","status":"publish","type":"product","link":"https:\/\/hubsch-interior.com\/de\/produkt\/focal-rahmen-297x42-naturfarben\/","title":{"rendered":"Focal Rahmen 29,7&#215;42 Naturfarben"},"content":{"rendered":"<p>Hergestellt aus FSC-zertifizierter, hochwertiger Eiche, ist der Focal Rahmen nicht nur robust, sondern auch umweltfreundlich. Die nat\u00fcrliche Farbe passt zu jeder Dekoration, w\u00e4hrend das Glasmaterial einen Hauch von Eleganz verleiht. Mit einer Gr\u00f6\u00dfe von 30&#215;42 cm ist er in 4 verschiedenen Varianten erh\u00e4ltlich, einschlie\u00dflich eines einzigartigen Kunstdrucks. Zeigen Sie ihn vertikal oder horizontal an oder kombinieren Sie ihn mit anderen Rahmen in verschiedenen Gr\u00f6\u00dfen und Farben f\u00fcr eine pers\u00f6nliche Note.<\/p>\n","protected":false},"excerpt":{"rendered":"<p>Hergestellt aus FSC-zertifizierter, hochwertiger Eiche, ist der Focal Rahmen nicht nur robust, sondern auch umweltfreundlich. Die nat\u00fcrliche Farbe passt zu jeder Dekoration, w\u00e4hrend das Glasmaterial einen Hauch von Eleganz verleiht. Mit einer Gr\u00f6\u00dfe von 30&#215;42 cm ist er in 4 verschiedenen Varianten erh\u00e4ltlich, einschlie\u00dflich eines einzigartigen Kunstdrucks. Zeigen Sie ihn vertikal oder horizontal an oder [&hellip;]<\/p>\n","protected":false},"featured_media":1103905,"template":"","meta":{"_acf_changed":false,"inline_featured_image":false},"product_brand":[],"product_cat":[6884,3118,4937,5027],"product_tag":[],"class_list":{"0":"post-977452","1":"product","2":"type-product","3":"status-publish","4":"has-post-thumbnail","6":"product_cat-elevating-nostalgia-de","7":"product_cat-wanddekoration-de","8":"product_cat-rahmen-de","9":"product_cat-bestsellers-de","10":"product_shipping_class-pk","11":"pa_color-naturfarben-2","12":"pa_material-glas-de","13":"pa_material-mdf-de","14":"pa_material-eichenholz","16":"first","17":"outofstock","18":"featured","19":"taxable","20":"shipping-taxable","21":"purchasable","22":"product-type-simple"},"exclude_global_add_ons":[],"addons":[],"acf":[],"yoast_head":"<!-- This site is optimized with the Yoast SEO plugin v26.4 - https:\/\/yoast.com\/wordpress\/plugins\/seo\/ -->\n<title>Focal Rahmen 29,7x42 Naturfarben - H\u00fcbsch<\/title>\n<meta name=\"description\" content=\"Hergestellt aus FSC-zertifizierter, hochwertiger Eiche, ist der Focal Rahmen nicht nur robust, sondern auch umweltfreundlich. Die nat\u00fcrliche Farbe passt\" \/>\n<meta name=\"robots\" content=\"index, follow, max-snippet:-1, max-image-preview:large, max-video-preview:-1\" \/>\n<link rel=\"canonical\" href=\"https:\/\/hubsch-interior.com\/de\/wp-json\/wp\/v2\/product\/977452\" \/>\n<meta property=\"og:locale\" content=\"de_DE\" \/>\n<meta property=\"og:type\" content=\"article\" \/>\n<meta property=\"og:title\" content=\"Focal Rahmen 29,7x42 Naturfarben - H\u00fcbsch\" \/>\n<meta property=\"og:description\" content=\"Hergestellt aus FSC-zertifizierter, hochwertiger Eiche, ist der Focal Rahmen nicht nur robust, sondern auch umweltfreundlich. Die nat\u00fcrliche Farbe passt\" \/>\n<meta property=\"og:url\" content=\"https:\/\/hubsch-interior.com\/de\/produkt\/focal-rahmen-297x42-naturfarben\/\" \/>\n<meta property=\"og:site_name\" content=\"H\u00fcbsch\" \/>\n<meta property=\"article:modified_time\" content=\"2026-04-04T02:54:26+00:00\" \/>\n<meta property=\"og:image\" content=\"https:\/\/hubsch-interior.com\/wp-content\/uploads\/2024\/03\/focal-frame-297x42-natural-9377699a8977c4b1308288ee76c28630.jpg\" \/>\n\t<meta property=\"og:image:width\" content=\"1200\" \/>\n\t<meta property=\"og:image:height\" content=\"1200\" \/>\n\t<meta property=\"og:image:type\" content=\"image\/jpeg\" \/>\n<meta name=\"twitter:card\" content=\"summary_large_image\" \/>\n<script type=\"application\/ld+json\" class=\"yoast-schema-graph\">{\"@context\":\"https:\/\/schema.org\",\"@graph\":[{\"@type\":\"WebPage\",\"@id\":\"https:\/\/hubsch-interior.com\/de\/produkt\/focal-rahmen-297x42-naturfarben\/\",\"url\":\"https:\/\/hubsch-interior.com\/de\/produkt\/focal-rahmen-297x42-naturfarben\/\",\"name\":\"Focal Rahmen 29,7x42 Naturfarben - H\u00fcbsch\",\"isPartOf\":{\"@id\":\"https:\/\/hubsch-interior.com\/de\/#website\"},\"primaryImageOfPage\":{\"@id\":\"https:\/\/hubsch-interior.com\/de\/produkt\/focal-rahmen-297x42-naturfarben\/#primaryimage\"},\"image\":{\"@id\":\"https:\/\/hubsch-interior.com\/de\/produkt\/focal-rahmen-297x42-naturfarben\/#primaryimage\"},\"thumbnailUrl\":\"https:\/\/hubsch-interior.com\/wp-content\/uploads\/2026\/02\/focal-frame-297x42-natural-1fc94e8e92302bd40b17bb0a55621d27.jpg\",\"datePublished\":\"2024-01-29T08:29:06+00:00\",\"dateModified\":\"2026-04-04T02:54:26+00:00\",\"description\":\"Hergestellt aus FSC-zertifizierter, hochwertiger Eiche, ist der Focal Rahmen nicht nur robust, sondern auch umweltfreundlich. Die nat\u00fcrliche Farbe passt\",\"breadcrumb\":{\"@id\":\"https:\/\/hubsch-interior.com\/de\/produkt\/focal-rahmen-297x42-naturfarben\/#breadcrumb\"},\"inLanguage\":\"de\",\"potentialAction\":[{\"@type\":\"ReadAction\",\"target\":[\"https:\/\/hubsch-interior.com\/de\/produkt\/focal-rahmen-297x42-naturfarben\/\"]}]},{\"@type\":\"ImageObject\",\"inLanguage\":\"de\",\"@id\":\"https:\/\/hubsch-interior.com\/de\/produkt\/focal-rahmen-297x42-naturfarben\/#primaryimage\",\"url\":\"https:\/\/hubsch-interior.com\/wp-content\/uploads\/2026\/02\/focal-frame-297x42-natural-1fc94e8e92302bd40b17bb0a55621d27.jpg\",\"contentUrl\":\"https:\/\/hubsch-interior.com\/wp-content\/uploads\/2026\/02\/focal-frame-297x42-natural-1fc94e8e92302bd40b17bb0a55621d27.jpg\",\"width\":1024,\"height\":1024},{\"@type\":\"BreadcrumbList\",\"@id\":\"https:\/\/hubsch-interior.com\/de\/produkt\/focal-rahmen-297x42-naturfarben\/#breadcrumb\",\"itemListElement\":[{\"@type\":\"ListItem\",\"position\":1,\"name\":\"Startseite\",\"item\":\"https:\/\/hubsch-interior.com\/de\/\"},{\"@type\":\"ListItem\",\"position\":2,\"name\":\"Produkte\",\"item\":\"https:\/\/hubsch-interior.com\/de\/shop-2\/\"},{\"@type\":\"ListItem\",\"position\":3,\"name\":\"Wohnaccessoires\",\"item\":\"https:\/\/hubsch-interior.com\/de\/produkt-kategorie\/wohnaccessoires\/\"},{\"@type\":\"ListItem\",\"position\":4,\"name\":\"Wanddekoration\",\"item\":\"https:\/\/hubsch-interior.com\/de\/produkt-kategorie\/wohnaccessoires\/wanddekoration-de\/\"},{\"@type\":\"ListItem\",\"position\":5,\"name\":\"Rahmen\",\"item\":\"https:\/\/hubsch-interior.com\/de\/produkt-kategorie\/wohnaccessoires\/wanddekoration-de\/rahmen-de\/\"},{\"@type\":\"ListItem\",\"position\":6,\"name\":\"Focal Rahmen 29,7&#215;42 Naturfarben\"}]},{\"@type\":\"WebSite\",\"@id\":\"https:\/\/hubsch-interior.com\/de\/#website\",\"url\":\"https:\/\/hubsch-interior.com\/de\/\",\"name\":\"H\u00fcbsch\",\"description\":\"Danish Home Interior and Design\",\"publisher\":{\"@id\":\"https:\/\/hubsch-interior.com\/de\/#organization\"},\"potentialAction\":[{\"@type\":\"SearchAction\",\"target\":{\"@type\":\"EntryPoint\",\"urlTemplate\":\"https:\/\/hubsch-interior.com\/de\/?s={search_term_string}\"},\"query-input\":{\"@type\":\"PropertyValueSpecification\",\"valueRequired\":true,\"valueName\":\"search_term_string\"}}],\"inLanguage\":\"de\"},{\"@type\":\"Organization\",\"@id\":\"https:\/\/hubsch-interior.com\/de\/#organization\",\"name\":\"H\u00fcbsch\",\"url\":\"https:\/\/hubsch-interior.com\/de\/\",\"logo\":{\"@type\":\"ImageObject\",\"inLanguage\":\"de\",\"@id\":\"https:\/\/hubsch-interior.com\/de\/#\/schema\/logo\/image\/\",\"url\":\"https:\/\/hubsch-interior.com\/wp-content\/uploads\/2022\/12\/Hubsch_logo_black_one_line.svg\",\"contentUrl\":\"https:\/\/hubsch-interior.com\/wp-content\/uploads\/2022\/12\/Hubsch_logo_black_one_line.svg\",\"caption\":\"H\u00fcbsch\"},\"image\":{\"@id\":\"https:\/\/hubsch-interior.com\/de\/#\/schema\/logo\/image\/\"}}]}<\/script>\n<!-- \/ Yoast SEO plugin. -->","yoast_head_json":{"title":"Focal Rahmen 29,7x42 Naturfarben - H\u00fcbsch","description":"Hergestellt aus FSC-zertifizierter, hochwertiger Eiche, ist der Focal Rahmen nicht nur robust, sondern auch umweltfreundlich. Die nat\u00fcrliche Farbe passt","robots":{"index":"index","follow":"follow","max-snippet":"max-snippet:-1","max-image-preview":"max-image-preview:large","max-video-preview":"max-video-preview:-1"},"canonical":"https:\/\/hubsch-interior.com\/de\/wp-json\/wp\/v2\/product\/977452","og_locale":"de_DE","og_type":"article","og_title":"Focal Rahmen 29,7x42 Naturfarben - H\u00fcbsch","og_description":"Hergestellt aus FSC-zertifizierter, hochwertiger Eiche, ist der Focal Rahmen nicht nur robust, sondern auch umweltfreundlich. Die nat\u00fcrliche Farbe passt","og_url":"https:\/\/hubsch-interior.com\/de\/produkt\/focal-rahmen-297x42-naturfarben\/","og_site_name":"H\u00fcbsch","article_modified_time":"2026-04-04T02:54:26+00:00","og_image":[{"width":1200,"height":1200,"url":"https:\/\/hubsch-interior.com\/wp-content\/uploads\/2024\/03\/focal-frame-297x42-natural-9377699a8977c4b1308288ee76c28630.jpg","type":"image\/jpeg"}],"twitter_card":"summary_large_image","schema":{"@context":"https:\/\/schema.org","@graph":[{"@type":"WebPage","@id":"https:\/\/hubsch-interior.com\/de\/produkt\/focal-rahmen-297x42-naturfarben\/","url":"https:\/\/hubsch-interior.com\/de\/produkt\/focal-rahmen-297x42-naturfarben\/","name":"Focal Rahmen 29,7x42 Naturfarben - H\u00fcbsch","isPartOf":{"@id":"https:\/\/hubsch-interior.com\/de\/#website"},"primaryImageOfPage":{"@id":"https:\/\/hubsch-interior.com\/de\/produkt\/focal-rahmen-297x42-naturfarben\/#primaryimage"},"image":{"@id":"https:\/\/hubsch-interior.com\/de\/produkt\/focal-rahmen-297x42-naturfarben\/#primaryimage"},"thumbnailUrl":"https:\/\/hubsch-interior.com\/wp-content\/uploads\/2026\/02\/focal-frame-297x42-natural-1fc94e8e92302bd40b17bb0a55621d27.jpg","datePublished":"2024-01-29T08:29:06+00:00","dateModified":"2026-04-04T02:54:26+00:00","description":"Hergestellt aus FSC-zertifizierter, hochwertiger Eiche, ist der Focal Rahmen nicht nur robust, sondern auch umweltfreundlich. Die nat\u00fcrliche Farbe passt","breadcrumb":{"@id":"https:\/\/hubsch-interior.com\/de\/produkt\/focal-rahmen-297x42-naturfarben\/#breadcrumb"},"inLanguage":"de","potentialAction":[{"@type":"ReadAction","target":["https:\/\/hubsch-interior.com\/de\/produkt\/focal-rahmen-297x42-naturfarben\/"]}]},{"@type":"ImageObject","inLanguage":"de","@id":"https:\/\/hubsch-interior.com\/de\/produkt\/focal-rahmen-297x42-naturfarben\/#primaryimage","url":"https:\/\/hubsch-interior.com\/wp-content\/uploads\/2026\/02\/focal-frame-297x42-natural-1fc94e8e92302bd40b17bb0a55621d27.jpg","contentUrl":"https:\/\/hubsch-interior.com\/wp-content\/uploads\/2026\/02\/focal-frame-297x42-natural-1fc94e8e92302bd40b17bb0a55621d27.jpg","width":1024,"height":1024},{"@type":"BreadcrumbList","@id":"https:\/\/hubsch-interior.com\/de\/produkt\/focal-rahmen-297x42-naturfarben\/#breadcrumb","itemListElement":[{"@type":"ListItem","position":1,"name":"Startseite","item":"https:\/\/hubsch-interior.com\/de\/"},{"@type":"ListItem","position":2,"name":"Produkte","item":"https:\/\/hubsch-interior.com\/de\/shop-2\/"},{"@type":"ListItem","position":3,"name":"Wohnaccessoires","item":"https:\/\/hubsch-interior.com\/de\/produkt-kategorie\/wohnaccessoires\/"},{"@type":"ListItem","position":4,"name":"Wanddekoration","item":"https:\/\/hubsch-interior.com\/de\/produkt-kategorie\/wohnaccessoires\/wanddekoration-de\/"},{"@type":"ListItem","position":5,"name":"Rahmen","item":"https:\/\/hubsch-interior.com\/de\/produkt-kategorie\/wohnaccessoires\/wanddekoration-de\/rahmen-de\/"},{"@type":"ListItem","position":6,"name":"Focal Rahmen 29,7&#215;42 Naturfarben"}]},{"@type":"WebSite","@id":"https:\/\/hubsch-interior.com\/de\/#website","url":"https:\/\/hubsch-interior.com\/de\/","name":"H\u00fcbsch","description":"Danish Home Interior and Design","publisher":{"@id":"https:\/\/hubsch-interior.com\/de\/#organization"},"potentialAction":[{"@type":"SearchAction","target":{"@type":"EntryPoint","urlTemplate":"https:\/\/hubsch-interior.com\/de\/?s={search_term_string}"},"query-input":{"@type":"PropertyValueSpecification","valueRequired":true,"valueName":"search_term_string"}}],"inLanguage":"de"},{"@type":"Organization","@id":"https:\/\/hubsch-interior.com\/de\/#organization","name":"H\u00fcbsch","url":"https:\/\/hubsch-interior.com\/de\/","logo":{"@type":"ImageObject","inLanguage":"de","@id":"https:\/\/hubsch-interior.com\/de\/#\/schema\/logo\/image\/","url":"https:\/\/hubsch-interior.com\/wp-content\/uploads\/2022\/12\/Hubsch_logo_black_one_line.svg","contentUrl":"https:\/\/hubsch-interior.com\/wp-content\/uploads\/2022\/12\/Hubsch_logo_black_one_line.svg","caption":"H\u00fcbsch"},"image":{"@id":"https:\/\/hubsch-interior.com\/de\/#\/schema\/logo\/image\/"}}]}},"_links":{"self":[{"href":"https:\/\/hubsch-interior.com\/de\/wp-json\/wp\/v2\/product\/977452","targetHints":{"allow":["GET"]}}],"collection":[{"href":"https:\/\/hubsch-interior.com\/de\/wp-json\/wp\/v2\/product"}],"about":[{"href":"https:\/\/hubsch-interior.com\/de\/wp-json\/wp\/v2\/types\/product"}],"wp:featuredmedia":[{"embeddable":true,"href":"https:\/\/hubsch-interior.com\/de\/wp-json\/wp\/v2\/media\/1103905"}],"wp:attachment":[{"href":"https:\/\/hubsch-interior.com\/de\/wp-json\/wp\/v2\/media?parent=977452"}],"wp:term":[{"taxonomy":"product_brand","embeddable":true,"href":"https:\/\/hubsch-interior.com\/de\/wp-json\/wp\/v2\/product_brand?post=977452"},{"taxonomy":"product_cat","embeddable":true,"href":"https:\/\/hubsch-interior.com\/de\/wp-json\/wp\/v2\/product_cat?post=977452"},{"taxonomy":"product_tag","embeddable":true,"href":"https:\/\/hubsch-interior.com\/de\/wp-json\/wp\/v2\/product_tag?post=977452"}],"curies":[{"name":"wp","href":"https:\/\/api.w.org\/{rel}","templated":true}]}}