{"id":977468,"date":"2024-01-29T09:29:23","date_gmt":"2024-01-29T08:29:23","guid":{"rendered":"https:\/\/hubsch-interior.com\/product\/product\/"},"modified":"2026-04-09T04:53:05","modified_gmt":"2026-04-09T02:53:05","slug":"studio-rahmen-70x100-naturfarben","status":"publish","type":"product","link":"https:\/\/hubsch-interior.com\/de\/produkt\/studio-rahmen-70x100-naturfarben\/","title":{"rendered":"Studio Rahmen 70&#215;100 Naturfarben"},"content":{"rendered":"<p>Vorstellung des Studio Rahmens, eine vielseitige und stilvolle Erg\u00e4nzung f\u00fcr Ihre Wohnkultur! Hergestellt aus hochwertigem FSC-zertifiziertem Eichenholz, ist dieser Rahmen nicht nur langlebig und strapazierf\u00e4hig, sondern auch umweltfreundlich. Erh\u00e4ltlich in nat\u00fcrlicher Farbe, strahlt er eine warme und einladende Atmosph\u00e4re aus. Diese Variante des Studio Rahmens ist in einer Gr\u00f6\u00dfe von 70&#215;100 cm erh\u00e4ltlich, perfekt um gr\u00f6\u00dfere Poster zu pr\u00e4sentieren. Der mitgelieferte einzigartige Kunstdruck mit kontrastierenden Farben verleiht jedem Raum eine Hauch von Raffinesse. Zeigen Sie ihn vertikal oder horizontal an und kombinieren Sie ihn mit anderen Rahmengr\u00f6\u00dfen und -farben f\u00fcr eine pers\u00f6nliche Note.<\/p>\n","protected":false},"excerpt":{"rendered":"<p>Vorstellung des Studio Rahmens, eine vielseitige und stilvolle Erg\u00e4nzung f\u00fcr Ihre Wohnkultur! Hergestellt aus hochwertigem FSC-zertifiziertem Eichenholz, ist dieser Rahmen nicht nur langlebig und strapazierf\u00e4hig, sondern auch umweltfreundlich. Erh\u00e4ltlich in nat\u00fcrlicher Farbe, strahlt er eine warme und einladende Atmosph\u00e4re aus. Diese Variante des Studio Rahmens ist in einer Gr\u00f6\u00dfe von 70&#215;100 cm erh\u00e4ltlich, perfekt um [&hellip;]<\/p>\n","protected":false},"featured_media":1103917,"template":"","meta":{"_acf_changed":false,"inline_featured_image":false},"product_brand":[],"product_cat":[6884,6323,3118,4937,5027],"product_tag":[],"class_list":{"0":"post-977468","1":"product","2":"type-product","3":"status-publish","4":"has-post-thumbnail","6":"product_cat-elevating-nostalgia-de","7":"product_cat-fsc-de","8":"product_cat-wanddekoration-de","9":"product_cat-rahmen-de","10":"product_cat-bestsellers-de","11":"product_shipping_class-pk","13":"pa_color-naturfarben-2","14":"pa_material-mdf-de","15":"pa_material-plexiglas-3","16":"pa_material-eichenholz","18":"first","19":"instock","20":"featured","21":"taxable","22":"shipping-taxable","23":"purchasable","24":"product-type-simple"},"exclude_global_add_ons":[],"addons":[],"acf":[],"yoast_head":"<!-- This site is optimized with the Yoast SEO plugin v26.4 - https:\/\/yoast.com\/wordpress\/plugins\/seo\/ -->\n<title>Studio Rahmen 70x100 Naturfarben - H\u00fcbsch<\/title>\n<meta name=\"description\" content=\"Vorstellung des Studio Rahmens, eine vielseitige und stilvolle Erg\u00e4nzung f\u00fcr Ihre Wohnkultur! Hergestellt aus hochwertigem FSC-zertifiziertem Eichenholz,\" \/>\n<meta name=\"robots\" content=\"index, follow, max-snippet:-1, max-image-preview:large, max-video-preview:-1\" \/>\n<link rel=\"canonical\" href=\"https:\/\/hubsch-interior.com\/de\/wp-json\/wp\/v2\/product\/977468\" \/>\n<meta property=\"og:locale\" content=\"de_DE\" \/>\n<meta property=\"og:type\" content=\"article\" \/>\n<meta property=\"og:title\" content=\"Studio Rahmen 70x100 Naturfarben - H\u00fcbsch\" \/>\n<meta property=\"og:description\" content=\"Vorstellung des Studio Rahmens, eine vielseitige und stilvolle Erg\u00e4nzung f\u00fcr Ihre Wohnkultur! Hergestellt aus hochwertigem FSC-zertifiziertem Eichenholz,\" \/>\n<meta property=\"og:url\" content=\"https:\/\/hubsch-interior.com\/de\/produkt\/studio-rahmen-70x100-naturfarben\/\" \/>\n<meta property=\"og:site_name\" content=\"H\u00fcbsch\" \/>\n<meta property=\"article:modified_time\" content=\"2026-04-09T02:53:05+00:00\" \/>\n<meta property=\"og:image\" content=\"https:\/\/hubsch-interior.com\/wp-content\/uploads\/2024\/01\/studio-frame-70x100-natural-869c30fdee76900c72a90099e0e204fd.jpg\" \/>\n\t<meta property=\"og:image:width\" content=\"1200\" \/>\n\t<meta property=\"og:image:height\" content=\"1200\" \/>\n\t<meta property=\"og:image:type\" content=\"image\/jpeg\" \/>\n<meta name=\"twitter:card\" content=\"summary_large_image\" \/>\n<meta name=\"twitter:label1\" content=\"Gesch\u00e4tzte Lesezeit\" \/>\n\t<meta name=\"twitter:data1\" content=\"1\u00a0Minute\" \/>\n<script type=\"application\/ld+json\" class=\"yoast-schema-graph\">{\"@context\":\"https:\/\/schema.org\",\"@graph\":[{\"@type\":\"WebPage\",\"@id\":\"https:\/\/hubsch-interior.com\/de\/produkt\/studio-rahmen-70x100-naturfarben\/\",\"url\":\"https:\/\/hubsch-interior.com\/de\/produkt\/studio-rahmen-70x100-naturfarben\/\",\"name\":\"Studio Rahmen 70x100 Naturfarben - H\u00fcbsch\",\"isPartOf\":{\"@id\":\"https:\/\/hubsch-interior.com\/de\/#website\"},\"primaryImageOfPage\":{\"@id\":\"https:\/\/hubsch-interior.com\/de\/produkt\/studio-rahmen-70x100-naturfarben\/#primaryimage\"},\"image\":{\"@id\":\"https:\/\/hubsch-interior.com\/de\/produkt\/studio-rahmen-70x100-naturfarben\/#primaryimage\"},\"thumbnailUrl\":\"https:\/\/hubsch-interior.com\/wp-content\/uploads\/2026\/02\/studio-frame-70x100-natural-9a9a68bf1ba07af634f1075610376032.jpg\",\"datePublished\":\"2024-01-29T08:29:23+00:00\",\"dateModified\":\"2026-04-09T02:53:05+00:00\",\"description\":\"Vorstellung des Studio Rahmens, eine vielseitige und stilvolle Erg\u00e4nzung f\u00fcr Ihre Wohnkultur! Hergestellt aus hochwertigem FSC-zertifiziertem Eichenholz,\",\"breadcrumb\":{\"@id\":\"https:\/\/hubsch-interior.com\/de\/produkt\/studio-rahmen-70x100-naturfarben\/#breadcrumb\"},\"inLanguage\":\"de\",\"potentialAction\":[{\"@type\":\"ReadAction\",\"target\":[\"https:\/\/hubsch-interior.com\/de\/produkt\/studio-rahmen-70x100-naturfarben\/\"]}]},{\"@type\":\"ImageObject\",\"inLanguage\":\"de\",\"@id\":\"https:\/\/hubsch-interior.com\/de\/produkt\/studio-rahmen-70x100-naturfarben\/#primaryimage\",\"url\":\"https:\/\/hubsch-interior.com\/wp-content\/uploads\/2026\/02\/studio-frame-70x100-natural-9a9a68bf1ba07af634f1075610376032.jpg\",\"contentUrl\":\"https:\/\/hubsch-interior.com\/wp-content\/uploads\/2026\/02\/studio-frame-70x100-natural-9a9a68bf1ba07af634f1075610376032.jpg\",\"width\":1024,\"height\":1024},{\"@type\":\"BreadcrumbList\",\"@id\":\"https:\/\/hubsch-interior.com\/de\/produkt\/studio-rahmen-70x100-naturfarben\/#breadcrumb\",\"itemListElement\":[{\"@type\":\"ListItem\",\"position\":1,\"name\":\"Startseite\",\"item\":\"https:\/\/hubsch-interior.com\/de\/\"},{\"@type\":\"ListItem\",\"position\":2,\"name\":\"Produkte\",\"item\":\"https:\/\/hubsch-interior.com\/de\/shop-2\/\"},{\"@type\":\"ListItem\",\"position\":3,\"name\":\"Wohnaccessoires\",\"item\":\"https:\/\/hubsch-interior.com\/de\/produkt-kategorie\/wohnaccessoires\/\"},{\"@type\":\"ListItem\",\"position\":4,\"name\":\"Wanddekoration\",\"item\":\"https:\/\/hubsch-interior.com\/de\/produkt-kategorie\/wohnaccessoires\/wanddekoration-de\/\"},{\"@type\":\"ListItem\",\"position\":5,\"name\":\"Rahmen\",\"item\":\"https:\/\/hubsch-interior.com\/de\/produkt-kategorie\/wohnaccessoires\/wanddekoration-de\/rahmen-de\/\"},{\"@type\":\"ListItem\",\"position\":6,\"name\":\"Studio Rahmen 70&#215;100 Naturfarben\"}]},{\"@type\":\"WebSite\",\"@id\":\"https:\/\/hubsch-interior.com\/de\/#website\",\"url\":\"https:\/\/hubsch-interior.com\/de\/\",\"name\":\"H\u00fcbsch\",\"description\":\"Danish Home Interior and Design\",\"publisher\":{\"@id\":\"https:\/\/hubsch-interior.com\/de\/#organization\"},\"potentialAction\":[{\"@type\":\"SearchAction\",\"target\":{\"@type\":\"EntryPoint\",\"urlTemplate\":\"https:\/\/hubsch-interior.com\/de\/?s={search_term_string}\"},\"query-input\":{\"@type\":\"PropertyValueSpecification\",\"valueRequired\":true,\"valueName\":\"search_term_string\"}}],\"inLanguage\":\"de\"},{\"@type\":\"Organization\",\"@id\":\"https:\/\/hubsch-interior.com\/de\/#organization\",\"name\":\"H\u00fcbsch\",\"url\":\"https:\/\/hubsch-interior.com\/de\/\",\"logo\":{\"@type\":\"ImageObject\",\"inLanguage\":\"de\",\"@id\":\"https:\/\/hubsch-interior.com\/de\/#\/schema\/logo\/image\/\",\"url\":\"https:\/\/hubsch-interior.com\/wp-content\/uploads\/2022\/12\/Hubsch_logo_black_one_line.svg\",\"contentUrl\":\"https:\/\/hubsch-interior.com\/wp-content\/uploads\/2022\/12\/Hubsch_logo_black_one_line.svg\",\"caption\":\"H\u00fcbsch\"},\"image\":{\"@id\":\"https:\/\/hubsch-interior.com\/de\/#\/schema\/logo\/image\/\"}}]}<\/script>\n<!-- \/ Yoast SEO plugin. -->","yoast_head_json":{"title":"Studio Rahmen 70x100 Naturfarben - H\u00fcbsch","description":"Vorstellung des Studio Rahmens, eine vielseitige und stilvolle Erg\u00e4nzung f\u00fcr Ihre Wohnkultur! Hergestellt aus hochwertigem FSC-zertifiziertem Eichenholz,","robots":{"index":"index","follow":"follow","max-snippet":"max-snippet:-1","max-image-preview":"max-image-preview:large","max-video-preview":"max-video-preview:-1"},"canonical":"https:\/\/hubsch-interior.com\/de\/wp-json\/wp\/v2\/product\/977468","og_locale":"de_DE","og_type":"article","og_title":"Studio Rahmen 70x100 Naturfarben - H\u00fcbsch","og_description":"Vorstellung des Studio Rahmens, eine vielseitige und stilvolle Erg\u00e4nzung f\u00fcr Ihre Wohnkultur! Hergestellt aus hochwertigem FSC-zertifiziertem Eichenholz,","og_url":"https:\/\/hubsch-interior.com\/de\/produkt\/studio-rahmen-70x100-naturfarben\/","og_site_name":"H\u00fcbsch","article_modified_time":"2026-04-09T02:53:05+00:00","og_image":[{"width":1200,"height":1200,"url":"https:\/\/hubsch-interior.com\/wp-content\/uploads\/2024\/01\/studio-frame-70x100-natural-869c30fdee76900c72a90099e0e204fd.jpg","type":"image\/jpeg"}],"twitter_card":"summary_large_image","twitter_misc":{"Gesch\u00e4tzte Lesezeit":"1\u00a0Minute"},"schema":{"@context":"https:\/\/schema.org","@graph":[{"@type":"WebPage","@id":"https:\/\/hubsch-interior.com\/de\/produkt\/studio-rahmen-70x100-naturfarben\/","url":"https:\/\/hubsch-interior.com\/de\/produkt\/studio-rahmen-70x100-naturfarben\/","name":"Studio Rahmen 70x100 Naturfarben - H\u00fcbsch","isPartOf":{"@id":"https:\/\/hubsch-interior.com\/de\/#website"},"primaryImageOfPage":{"@id":"https:\/\/hubsch-interior.com\/de\/produkt\/studio-rahmen-70x100-naturfarben\/#primaryimage"},"image":{"@id":"https:\/\/hubsch-interior.com\/de\/produkt\/studio-rahmen-70x100-naturfarben\/#primaryimage"},"thumbnailUrl":"https:\/\/hubsch-interior.com\/wp-content\/uploads\/2026\/02\/studio-frame-70x100-natural-9a9a68bf1ba07af634f1075610376032.jpg","datePublished":"2024-01-29T08:29:23+00:00","dateModified":"2026-04-09T02:53:05+00:00","description":"Vorstellung des Studio Rahmens, eine vielseitige und stilvolle Erg\u00e4nzung f\u00fcr Ihre Wohnkultur! Hergestellt aus hochwertigem FSC-zertifiziertem Eichenholz,","breadcrumb":{"@id":"https:\/\/hubsch-interior.com\/de\/produkt\/studio-rahmen-70x100-naturfarben\/#breadcrumb"},"inLanguage":"de","potentialAction":[{"@type":"ReadAction","target":["https:\/\/hubsch-interior.com\/de\/produkt\/studio-rahmen-70x100-naturfarben\/"]}]},{"@type":"ImageObject","inLanguage":"de","@id":"https:\/\/hubsch-interior.com\/de\/produkt\/studio-rahmen-70x100-naturfarben\/#primaryimage","url":"https:\/\/hubsch-interior.com\/wp-content\/uploads\/2026\/02\/studio-frame-70x100-natural-9a9a68bf1ba07af634f1075610376032.jpg","contentUrl":"https:\/\/hubsch-interior.com\/wp-content\/uploads\/2026\/02\/studio-frame-70x100-natural-9a9a68bf1ba07af634f1075610376032.jpg","width":1024,"height":1024},{"@type":"BreadcrumbList","@id":"https:\/\/hubsch-interior.com\/de\/produkt\/studio-rahmen-70x100-naturfarben\/#breadcrumb","itemListElement":[{"@type":"ListItem","position":1,"name":"Startseite","item":"https:\/\/hubsch-interior.com\/de\/"},{"@type":"ListItem","position":2,"name":"Produkte","item":"https:\/\/hubsch-interior.com\/de\/shop-2\/"},{"@type":"ListItem","position":3,"name":"Wohnaccessoires","item":"https:\/\/hubsch-interior.com\/de\/produkt-kategorie\/wohnaccessoires\/"},{"@type":"ListItem","position":4,"name":"Wanddekoration","item":"https:\/\/hubsch-interior.com\/de\/produkt-kategorie\/wohnaccessoires\/wanddekoration-de\/"},{"@type":"ListItem","position":5,"name":"Rahmen","item":"https:\/\/hubsch-interior.com\/de\/produkt-kategorie\/wohnaccessoires\/wanddekoration-de\/rahmen-de\/"},{"@type":"ListItem","position":6,"name":"Studio Rahmen 70&#215;100 Naturfarben"}]},{"@type":"WebSite","@id":"https:\/\/hubsch-interior.com\/de\/#website","url":"https:\/\/hubsch-interior.com\/de\/","name":"H\u00fcbsch","description":"Danish Home Interior and Design","publisher":{"@id":"https:\/\/hubsch-interior.com\/de\/#organization"},"potentialAction":[{"@type":"SearchAction","target":{"@type":"EntryPoint","urlTemplate":"https:\/\/hubsch-interior.com\/de\/?s={search_term_string}"},"query-input":{"@type":"PropertyValueSpecification","valueRequired":true,"valueName":"search_term_string"}}],"inLanguage":"de"},{"@type":"Organization","@id":"https:\/\/hubsch-interior.com\/de\/#organization","name":"H\u00fcbsch","url":"https:\/\/hubsch-interior.com\/de\/","logo":{"@type":"ImageObject","inLanguage":"de","@id":"https:\/\/hubsch-interior.com\/de\/#\/schema\/logo\/image\/","url":"https:\/\/hubsch-interior.com\/wp-content\/uploads\/2022\/12\/Hubsch_logo_black_one_line.svg","contentUrl":"https:\/\/hubsch-interior.com\/wp-content\/uploads\/2022\/12\/Hubsch_logo_black_one_line.svg","caption":"H\u00fcbsch"},"image":{"@id":"https:\/\/hubsch-interior.com\/de\/#\/schema\/logo\/image\/"}}]}},"_links":{"self":[{"href":"https:\/\/hubsch-interior.com\/de\/wp-json\/wp\/v2\/product\/977468","targetHints":{"allow":["GET"]}}],"collection":[{"href":"https:\/\/hubsch-interior.com\/de\/wp-json\/wp\/v2\/product"}],"about":[{"href":"https:\/\/hubsch-interior.com\/de\/wp-json\/wp\/v2\/types\/product"}],"wp:featuredmedia":[{"embeddable":true,"href":"https:\/\/hubsch-interior.com\/de\/wp-json\/wp\/v2\/media\/1103917"}],"wp:attachment":[{"href":"https:\/\/hubsch-interior.com\/de\/wp-json\/wp\/v2\/media?parent=977468"}],"wp:term":[{"taxonomy":"product_brand","embeddable":true,"href":"https:\/\/hubsch-interior.com\/de\/wp-json\/wp\/v2\/product_brand?post=977468"},{"taxonomy":"product_cat","embeddable":true,"href":"https:\/\/hubsch-interior.com\/de\/wp-json\/wp\/v2\/product_cat?post=977468"},{"taxonomy":"product_tag","embeddable":true,"href":"https:\/\/hubsch-interior.com\/de\/wp-json\/wp\/v2\/product_tag?post=977468"}],"curies":[{"name":"wp","href":"https:\/\/api.w.org\/{rel}","templated":true}]}}