{"id":977484,"date":"2024-01-29T09:29:40","date_gmt":"2024-01-29T08:29:40","guid":{"rendered":"https:\/\/hubsch-interior.com\/product\/product\/"},"modified":"2026-04-09T04:53:09","modified_gmt":"2026-04-09T02:53:09","slug":"studio-rahmen-50x70-naturfarben","status":"publish","type":"product","link":"https:\/\/hubsch-interior.com\/de\/produkt\/studio-rahmen-50x70-naturfarben\/","title":{"rendered":"Studio Rahmen 50&#215;70 Naturfarben"},"content":{"rendered":"<p>Hier stellen wir Ihnen den Studio Rahmen vor, die perfekte Erg\u00e4nzung f\u00fcr Ihre Heimdekorationssammlung. Hergestellt aus hochwertigem, FSC-zertifiziertem Eichenholz, f\u00fcgt dieser Rahmen nicht nur jedem Raum eine Note von Raffinesse hinzu, sondern unterst\u00fctzt auch nachhaltige Forstwirtschaftspraktiken. Die nat\u00fcrliche Farbe verleiht eine warme und einladende Atmosph\u00e4re, w\u00e4hrend das strapazierf\u00e4hige und langlebige Plexiglas Ihre Lieblingsmomente sch\u00fctzt. Mit der M\u00f6glichkeit, ihn vertikal oder horizontal zu pr\u00e4sentieren, ist er vielseitig genug, um sich mit anderen Rahmengr\u00f6\u00dfen und -farben zu mischen. Und mit 4 verschiedenen Varianten zur Auswahl, einschlie\u00dflich eines zeitgen\u00f6ssischen grafischen Kunstdrucks, ist der Studio Rahmen ein Muss f\u00fcr jeden Kunstliebhaber.<\/p>\n","protected":false},"excerpt":{"rendered":"<p>Hier stellen wir Ihnen den Studio Rahmen vor, die perfekte Erg\u00e4nzung f\u00fcr Ihre Heimdekorationssammlung. Hergestellt aus hochwertigem, FSC-zertifiziertem Eichenholz, f\u00fcgt dieser Rahmen nicht nur jedem Raum eine Note von Raffinesse hinzu, sondern unterst\u00fctzt auch nachhaltige Forstwirtschaftspraktiken. Die nat\u00fcrliche Farbe verleiht eine warme und einladende Atmosph\u00e4re, w\u00e4hrend das strapazierf\u00e4hige und langlebige Plexiglas Ihre Lieblingsmomente sch\u00fctzt. Mit [&hellip;]<\/p>\n","protected":false},"featured_media":1114722,"template":"","meta":{"_acf_changed":false,"inline_featured_image":false},"product_brand":[],"product_cat":[6884,6323,3118,4937,5027],"product_tag":[],"class_list":{"0":"post-977484","1":"product","2":"type-product","3":"status-publish","4":"has-post-thumbnail","6":"product_cat-elevating-nostalgia-de","7":"product_cat-fsc-de","8":"product_cat-wanddekoration-de","9":"product_cat-rahmen-de","10":"product_cat-bestsellers-de","11":"product_shipping_class-pk","13":"pa_color-naturfarben-2","14":"pa_material-mdf-de","15":"pa_material-plexiglas-3","16":"pa_material-eichenholz","18":"first","19":"instock","20":"featured","21":"taxable","22":"shipping-taxable","23":"purchasable","24":"product-type-simple"},"exclude_global_add_ons":[],"addons":[],"acf":[],"yoast_head":"<!-- This site is optimized with the Yoast SEO plugin v26.4 - https:\/\/yoast.com\/wordpress\/plugins\/seo\/ -->\n<title>Studio Rahmen 50x70 Naturfarben - H\u00fcbsch<\/title>\n<meta name=\"description\" content=\"Hier stellen wir Ihnen den Studio Rahmen vor, die perfekte Erg\u00e4nzung f\u00fcr Ihre Heimdekorationssammlung. Hergestellt aus hochwertigem, FSC-zertifiziertem\" \/>\n<meta name=\"robots\" content=\"index, follow, max-snippet:-1, max-image-preview:large, max-video-preview:-1\" \/>\n<link rel=\"canonical\" href=\"https:\/\/hubsch-interior.com\/de\/wp-json\/wp\/v2\/product\/977484\" \/>\n<meta property=\"og:locale\" content=\"de_DE\" \/>\n<meta property=\"og:type\" content=\"article\" \/>\n<meta property=\"og:title\" content=\"Studio Rahmen 50x70 Naturfarben - H\u00fcbsch\" \/>\n<meta property=\"og:description\" content=\"Hier stellen wir Ihnen den Studio Rahmen vor, die perfekte Erg\u00e4nzung f\u00fcr Ihre Heimdekorationssammlung. Hergestellt aus hochwertigem, FSC-zertifiziertem\" \/>\n<meta property=\"og:url\" content=\"https:\/\/hubsch-interior.com\/de\/produkt\/studio-rahmen-50x70-naturfarben\/\" \/>\n<meta property=\"og:site_name\" content=\"H\u00fcbsch\" \/>\n<meta property=\"article:modified_time\" content=\"2026-04-09T02:53:09+00:00\" \/>\n<meta property=\"og:image\" content=\"https:\/\/hubsch-interior.com\/wp-content\/uploads\/2024\/07\/studio-frame-50x70-natural-ebe285160d757227aaefb496d68490a4.jpg\" \/>\n\t<meta property=\"og:image:width\" content=\"1200\" \/>\n\t<meta property=\"og:image:height\" content=\"1200\" \/>\n\t<meta property=\"og:image:type\" content=\"image\/jpeg\" \/>\n<meta name=\"twitter:card\" content=\"summary_large_image\" \/>\n<meta name=\"twitter:label1\" content=\"Gesch\u00e4tzte Lesezeit\" \/>\n\t<meta name=\"twitter:data1\" content=\"1\u00a0Minute\" \/>\n<script type=\"application\/ld+json\" class=\"yoast-schema-graph\">{\"@context\":\"https:\/\/schema.org\",\"@graph\":[{\"@type\":\"WebPage\",\"@id\":\"https:\/\/hubsch-interior.com\/de\/produkt\/studio-rahmen-50x70-naturfarben\/\",\"url\":\"https:\/\/hubsch-interior.com\/de\/produkt\/studio-rahmen-50x70-naturfarben\/\",\"name\":\"Studio Rahmen 50x70 Naturfarben - H\u00fcbsch\",\"isPartOf\":{\"@id\":\"https:\/\/hubsch-interior.com\/de\/#website\"},\"primaryImageOfPage\":{\"@id\":\"https:\/\/hubsch-interior.com\/de\/produkt\/studio-rahmen-50x70-naturfarben\/#primaryimage\"},\"image\":{\"@id\":\"https:\/\/hubsch-interior.com\/de\/produkt\/studio-rahmen-50x70-naturfarben\/#primaryimage\"},\"thumbnailUrl\":\"https:\/\/hubsch-interior.com\/wp-content\/uploads\/2026\/02\/studio-frame-50x70-natural-427ca63aca87ea26186fffda8a797aa3.jpg\",\"datePublished\":\"2024-01-29T08:29:40+00:00\",\"dateModified\":\"2026-04-09T02:53:09+00:00\",\"description\":\"Hier stellen wir Ihnen den Studio Rahmen vor, die perfekte Erg\u00e4nzung f\u00fcr Ihre Heimdekorationssammlung. Hergestellt aus hochwertigem, FSC-zertifiziertem\",\"breadcrumb\":{\"@id\":\"https:\/\/hubsch-interior.com\/de\/produkt\/studio-rahmen-50x70-naturfarben\/#breadcrumb\"},\"inLanguage\":\"de\",\"potentialAction\":[{\"@type\":\"ReadAction\",\"target\":[\"https:\/\/hubsch-interior.com\/de\/produkt\/studio-rahmen-50x70-naturfarben\/\"]}]},{\"@type\":\"ImageObject\",\"inLanguage\":\"de\",\"@id\":\"https:\/\/hubsch-interior.com\/de\/produkt\/studio-rahmen-50x70-naturfarben\/#primaryimage\",\"url\":\"https:\/\/hubsch-interior.com\/wp-content\/uploads\/2026\/02\/studio-frame-50x70-natural-427ca63aca87ea26186fffda8a797aa3.jpg\",\"contentUrl\":\"https:\/\/hubsch-interior.com\/wp-content\/uploads\/2026\/02\/studio-frame-50x70-natural-427ca63aca87ea26186fffda8a797aa3.jpg\",\"width\":1024,\"height\":1024},{\"@type\":\"BreadcrumbList\",\"@id\":\"https:\/\/hubsch-interior.com\/de\/produkt\/studio-rahmen-50x70-naturfarben\/#breadcrumb\",\"itemListElement\":[{\"@type\":\"ListItem\",\"position\":1,\"name\":\"Startseite\",\"item\":\"https:\/\/hubsch-interior.com\/de\/\"},{\"@type\":\"ListItem\",\"position\":2,\"name\":\"Produkte\",\"item\":\"https:\/\/hubsch-interior.com\/de\/shop-2\/\"},{\"@type\":\"ListItem\",\"position\":3,\"name\":\"Wohnaccessoires\",\"item\":\"https:\/\/hubsch-interior.com\/de\/produkt-kategorie\/wohnaccessoires\/\"},{\"@type\":\"ListItem\",\"position\":4,\"name\":\"Wanddekoration\",\"item\":\"https:\/\/hubsch-interior.com\/de\/produkt-kategorie\/wohnaccessoires\/wanddekoration-de\/\"},{\"@type\":\"ListItem\",\"position\":5,\"name\":\"Rahmen\",\"item\":\"https:\/\/hubsch-interior.com\/de\/produkt-kategorie\/wohnaccessoires\/wanddekoration-de\/rahmen-de\/\"},{\"@type\":\"ListItem\",\"position\":6,\"name\":\"Studio Rahmen 50&#215;70 Naturfarben\"}]},{\"@type\":\"WebSite\",\"@id\":\"https:\/\/hubsch-interior.com\/de\/#website\",\"url\":\"https:\/\/hubsch-interior.com\/de\/\",\"name\":\"H\u00fcbsch\",\"description\":\"Danish Home Interior and Design\",\"publisher\":{\"@id\":\"https:\/\/hubsch-interior.com\/de\/#organization\"},\"potentialAction\":[{\"@type\":\"SearchAction\",\"target\":{\"@type\":\"EntryPoint\",\"urlTemplate\":\"https:\/\/hubsch-interior.com\/de\/?s={search_term_string}\"},\"query-input\":{\"@type\":\"PropertyValueSpecification\",\"valueRequired\":true,\"valueName\":\"search_term_string\"}}],\"inLanguage\":\"de\"},{\"@type\":\"Organization\",\"@id\":\"https:\/\/hubsch-interior.com\/de\/#organization\",\"name\":\"H\u00fcbsch\",\"url\":\"https:\/\/hubsch-interior.com\/de\/\",\"logo\":{\"@type\":\"ImageObject\",\"inLanguage\":\"de\",\"@id\":\"https:\/\/hubsch-interior.com\/de\/#\/schema\/logo\/image\/\",\"url\":\"https:\/\/hubsch-interior.com\/wp-content\/uploads\/2022\/12\/Hubsch_logo_black_one_line.svg\",\"contentUrl\":\"https:\/\/hubsch-interior.com\/wp-content\/uploads\/2022\/12\/Hubsch_logo_black_one_line.svg\",\"caption\":\"H\u00fcbsch\"},\"image\":{\"@id\":\"https:\/\/hubsch-interior.com\/de\/#\/schema\/logo\/image\/\"}}]}<\/script>\n<!-- \/ Yoast SEO plugin. -->","yoast_head_json":{"title":"Studio Rahmen 50x70 Naturfarben - H\u00fcbsch","description":"Hier stellen wir Ihnen den Studio Rahmen vor, die perfekte Erg\u00e4nzung f\u00fcr Ihre Heimdekorationssammlung. Hergestellt aus hochwertigem, FSC-zertifiziertem","robots":{"index":"index","follow":"follow","max-snippet":"max-snippet:-1","max-image-preview":"max-image-preview:large","max-video-preview":"max-video-preview:-1"},"canonical":"https:\/\/hubsch-interior.com\/de\/wp-json\/wp\/v2\/product\/977484","og_locale":"de_DE","og_type":"article","og_title":"Studio Rahmen 50x70 Naturfarben - H\u00fcbsch","og_description":"Hier stellen wir Ihnen den Studio Rahmen vor, die perfekte Erg\u00e4nzung f\u00fcr Ihre Heimdekorationssammlung. Hergestellt aus hochwertigem, FSC-zertifiziertem","og_url":"https:\/\/hubsch-interior.com\/de\/produkt\/studio-rahmen-50x70-naturfarben\/","og_site_name":"H\u00fcbsch","article_modified_time":"2026-04-09T02:53:09+00:00","og_image":[{"width":1200,"height":1200,"url":"https:\/\/hubsch-interior.com\/wp-content\/uploads\/2024\/07\/studio-frame-50x70-natural-ebe285160d757227aaefb496d68490a4.jpg","type":"image\/jpeg"}],"twitter_card":"summary_large_image","twitter_misc":{"Gesch\u00e4tzte Lesezeit":"1\u00a0Minute"},"schema":{"@context":"https:\/\/schema.org","@graph":[{"@type":"WebPage","@id":"https:\/\/hubsch-interior.com\/de\/produkt\/studio-rahmen-50x70-naturfarben\/","url":"https:\/\/hubsch-interior.com\/de\/produkt\/studio-rahmen-50x70-naturfarben\/","name":"Studio Rahmen 50x70 Naturfarben - H\u00fcbsch","isPartOf":{"@id":"https:\/\/hubsch-interior.com\/de\/#website"},"primaryImageOfPage":{"@id":"https:\/\/hubsch-interior.com\/de\/produkt\/studio-rahmen-50x70-naturfarben\/#primaryimage"},"image":{"@id":"https:\/\/hubsch-interior.com\/de\/produkt\/studio-rahmen-50x70-naturfarben\/#primaryimage"},"thumbnailUrl":"https:\/\/hubsch-interior.com\/wp-content\/uploads\/2026\/02\/studio-frame-50x70-natural-427ca63aca87ea26186fffda8a797aa3.jpg","datePublished":"2024-01-29T08:29:40+00:00","dateModified":"2026-04-09T02:53:09+00:00","description":"Hier stellen wir Ihnen den Studio Rahmen vor, die perfekte Erg\u00e4nzung f\u00fcr Ihre Heimdekorationssammlung. Hergestellt aus hochwertigem, FSC-zertifiziertem","breadcrumb":{"@id":"https:\/\/hubsch-interior.com\/de\/produkt\/studio-rahmen-50x70-naturfarben\/#breadcrumb"},"inLanguage":"de","potentialAction":[{"@type":"ReadAction","target":["https:\/\/hubsch-interior.com\/de\/produkt\/studio-rahmen-50x70-naturfarben\/"]}]},{"@type":"ImageObject","inLanguage":"de","@id":"https:\/\/hubsch-interior.com\/de\/produkt\/studio-rahmen-50x70-naturfarben\/#primaryimage","url":"https:\/\/hubsch-interior.com\/wp-content\/uploads\/2026\/02\/studio-frame-50x70-natural-427ca63aca87ea26186fffda8a797aa3.jpg","contentUrl":"https:\/\/hubsch-interior.com\/wp-content\/uploads\/2026\/02\/studio-frame-50x70-natural-427ca63aca87ea26186fffda8a797aa3.jpg","width":1024,"height":1024},{"@type":"BreadcrumbList","@id":"https:\/\/hubsch-interior.com\/de\/produkt\/studio-rahmen-50x70-naturfarben\/#breadcrumb","itemListElement":[{"@type":"ListItem","position":1,"name":"Startseite","item":"https:\/\/hubsch-interior.com\/de\/"},{"@type":"ListItem","position":2,"name":"Produkte","item":"https:\/\/hubsch-interior.com\/de\/shop-2\/"},{"@type":"ListItem","position":3,"name":"Wohnaccessoires","item":"https:\/\/hubsch-interior.com\/de\/produkt-kategorie\/wohnaccessoires\/"},{"@type":"ListItem","position":4,"name":"Wanddekoration","item":"https:\/\/hubsch-interior.com\/de\/produkt-kategorie\/wohnaccessoires\/wanddekoration-de\/"},{"@type":"ListItem","position":5,"name":"Rahmen","item":"https:\/\/hubsch-interior.com\/de\/produkt-kategorie\/wohnaccessoires\/wanddekoration-de\/rahmen-de\/"},{"@type":"ListItem","position":6,"name":"Studio Rahmen 50&#215;70 Naturfarben"}]},{"@type":"WebSite","@id":"https:\/\/hubsch-interior.com\/de\/#website","url":"https:\/\/hubsch-interior.com\/de\/","name":"H\u00fcbsch","description":"Danish Home Interior and Design","publisher":{"@id":"https:\/\/hubsch-interior.com\/de\/#organization"},"potentialAction":[{"@type":"SearchAction","target":{"@type":"EntryPoint","urlTemplate":"https:\/\/hubsch-interior.com\/de\/?s={search_term_string}"},"query-input":{"@type":"PropertyValueSpecification","valueRequired":true,"valueName":"search_term_string"}}],"inLanguage":"de"},{"@type":"Organization","@id":"https:\/\/hubsch-interior.com\/de\/#organization","name":"H\u00fcbsch","url":"https:\/\/hubsch-interior.com\/de\/","logo":{"@type":"ImageObject","inLanguage":"de","@id":"https:\/\/hubsch-interior.com\/de\/#\/schema\/logo\/image\/","url":"https:\/\/hubsch-interior.com\/wp-content\/uploads\/2022\/12\/Hubsch_logo_black_one_line.svg","contentUrl":"https:\/\/hubsch-interior.com\/wp-content\/uploads\/2022\/12\/Hubsch_logo_black_one_line.svg","caption":"H\u00fcbsch"},"image":{"@id":"https:\/\/hubsch-interior.com\/de\/#\/schema\/logo\/image\/"}}]}},"_links":{"self":[{"href":"https:\/\/hubsch-interior.com\/de\/wp-json\/wp\/v2\/product\/977484","targetHints":{"allow":["GET"]}}],"collection":[{"href":"https:\/\/hubsch-interior.com\/de\/wp-json\/wp\/v2\/product"}],"about":[{"href":"https:\/\/hubsch-interior.com\/de\/wp-json\/wp\/v2\/types\/product"}],"wp:featuredmedia":[{"embeddable":true,"href":"https:\/\/hubsch-interior.com\/de\/wp-json\/wp\/v2\/media\/1114722"}],"wp:attachment":[{"href":"https:\/\/hubsch-interior.com\/de\/wp-json\/wp\/v2\/media?parent=977484"}],"wp:term":[{"taxonomy":"product_brand","embeddable":true,"href":"https:\/\/hubsch-interior.com\/de\/wp-json\/wp\/v2\/product_brand?post=977484"},{"taxonomy":"product_cat","embeddable":true,"href":"https:\/\/hubsch-interior.com\/de\/wp-json\/wp\/v2\/product_cat?post=977484"},{"taxonomy":"product_tag","embeddable":true,"href":"https:\/\/hubsch-interior.com\/de\/wp-json\/wp\/v2\/product_tag?post=977484"}],"curies":[{"name":"wp","href":"https:\/\/api.w.org\/{rel}","templated":true}]}}