{"id":977524,"date":"2024-01-29T09:30:28","date_gmt":"2024-01-29T08:30:28","guid":{"rendered":"https:\/\/hubsch-interior.com\/product\/product\/"},"modified":"2026-04-09T04:53:14","modified_gmt":"2026-04-09T02:53:14","slug":"hello-rahmen-297x42-naturfarben","status":"publish","type":"product","link":"https:\/\/hubsch-interior.com\/de\/produkt\/hello-rahmen-297x42-naturfarben\/","title":{"rendered":"Hello Rahmen 29,7&#215;42 Naturfarben"},"content":{"rendered":"<p>Unser Hello Rahmen aus naturbelassenem Holz ist eine atemberaubende Erg\u00e4nzung f\u00fcr Ihre Bildergalerie. Hergestellt aus FSC-zertifiziertem Holz und mit einer eleganten Eichenfurnier- und Plexiglasoberfl\u00e4che versehen, ist dieser Rahmen nicht nur umweltfreundlich, sondern verleiht auch jedem Raum eine elegante Note. Sein tiefes Design l\u00e4sst Ihre Kunstwerke hervorstechen und sorgt f\u00fcr einen faszinierenden Blickfang. Mit der M\u00f6glichkeit, ihn sowohl vertikal als auch horizontal aufzuh\u00e4ngen, bietet dieser Rahmen einen neuen Ansatz f\u00fcr Wanddekorationen. H\u00e4ngen Sie ihn auf oder stellen Sie ihn auf Oberfl\u00e4chen auf und beobachten Sie, wie er Ihren Raum verwandelt. Au\u00dferdem kommt er mit einem spa\u00dfigen und organischen Druckdesign, das ihn zu einer einzigartigen und pers\u00f6nlichen Note in Ihrer Wohnkultur macht. W\u00e4hlen Sie aus unseren 3 verschiedenen Varianten und verleihen Sie Ihrem Wohnraum eine Note von Raffinesse.<\/p>\n","protected":false},"excerpt":{"rendered":"<p>Unser Hello Rahmen aus naturbelassenem Holz ist eine atemberaubende Erg\u00e4nzung f\u00fcr Ihre Bildergalerie. Hergestellt aus FSC-zertifiziertem Holz und mit einer eleganten Eichenfurnier- und Plexiglasoberfl\u00e4che versehen, ist dieser Rahmen nicht nur umweltfreundlich, sondern verleiht auch jedem Raum eine elegante Note. Sein tiefes Design l\u00e4sst Ihre Kunstwerke hervorstechen und sorgt f\u00fcr einen faszinierenden Blickfang. Mit der M\u00f6glichkeit, [&hellip;]<\/p>\n","protected":false},"featured_media":1114782,"template":"","meta":{"_acf_changed":false,"inline_featured_image":false},"product_brand":[],"product_cat":[6884,6323,3118,4937],"product_tag":[],"class_list":{"0":"post-977524","1":"product","2":"type-product","3":"status-publish","4":"has-post-thumbnail","6":"product_cat-elevating-nostalgia-de","7":"product_cat-fsc-de","8":"product_cat-wanddekoration-de","9":"product_cat-rahmen-de","10":"product_shipping_class-pk","12":"pa_color-naturfarben-2","13":"pa_material-mdf-de","14":"pa_material-plexiglas-3","15":"pa_material-eichenfurnier","17":"first","18":"instock","19":"taxable","20":"shipping-taxable","21":"purchasable","22":"product-type-simple"},"exclude_global_add_ons":[],"addons":[],"acf":[],"yoast_head":"<!-- This site is optimized with the Yoast SEO plugin v26.4 - https:\/\/yoast.com\/wordpress\/plugins\/seo\/ -->\n<title>Hello Rahmen 29,7x42 Naturfarben - H\u00fcbsch<\/title>\n<meta name=\"description\" content=\"Unser Hello Rahmen aus naturbelassenem Holz ist eine atemberaubende Erg\u00e4nzung f\u00fcr Ihre Bildergalerie. Hergestellt aus FSC-zertifiziertem Holz und mit\" \/>\n<meta name=\"robots\" content=\"index, follow, max-snippet:-1, max-image-preview:large, max-video-preview:-1\" \/>\n<link rel=\"canonical\" href=\"https:\/\/hubsch-interior.com\/de\/wp-json\/wp\/v2\/product\/977524\" \/>\n<meta property=\"og:locale\" content=\"de_DE\" \/>\n<meta property=\"og:type\" content=\"article\" \/>\n<meta property=\"og:title\" content=\"Hello Rahmen 29,7x42 Naturfarben - H\u00fcbsch\" \/>\n<meta property=\"og:description\" content=\"Unser Hello Rahmen aus naturbelassenem Holz ist eine atemberaubende Erg\u00e4nzung f\u00fcr Ihre Bildergalerie. Hergestellt aus FSC-zertifiziertem Holz und mit\" \/>\n<meta property=\"og:url\" content=\"https:\/\/hubsch-interior.com\/de\/produkt\/hello-rahmen-297x42-naturfarben\/\" \/>\n<meta property=\"og:site_name\" content=\"H\u00fcbsch\" \/>\n<meta property=\"article:modified_time\" content=\"2026-04-09T02:53:14+00:00\" \/>\n<meta property=\"og:image\" content=\"https:\/\/hubsch-interior.com\/wp-content\/uploads\/2024\/07\/hello-frame-297x42-natural-703c0dc10534e96b2a25cd261609238c.jpg\" \/>\n\t<meta property=\"og:image:width\" content=\"1200\" \/>\n\t<meta property=\"og:image:height\" content=\"1200\" \/>\n\t<meta property=\"og:image:type\" content=\"image\/jpeg\" \/>\n<meta name=\"twitter:card\" content=\"summary_large_image\" \/>\n<meta name=\"twitter:label1\" content=\"Gesch\u00e4tzte Lesezeit\" \/>\n\t<meta name=\"twitter:data1\" content=\"1\u00a0Minute\" \/>\n<script type=\"application\/ld+json\" class=\"yoast-schema-graph\">{\"@context\":\"https:\/\/schema.org\",\"@graph\":[{\"@type\":\"WebPage\",\"@id\":\"https:\/\/hubsch-interior.com\/de\/produkt\/hello-rahmen-297x42-naturfarben\/\",\"url\":\"https:\/\/hubsch-interior.com\/de\/produkt\/hello-rahmen-297x42-naturfarben\/\",\"name\":\"Hello Rahmen 29,7x42 Naturfarben - H\u00fcbsch\",\"isPartOf\":{\"@id\":\"https:\/\/hubsch-interior.com\/de\/#website\"},\"primaryImageOfPage\":{\"@id\":\"https:\/\/hubsch-interior.com\/de\/produkt\/hello-rahmen-297x42-naturfarben\/#primaryimage\"},\"image\":{\"@id\":\"https:\/\/hubsch-interior.com\/de\/produkt\/hello-rahmen-297x42-naturfarben\/#primaryimage\"},\"thumbnailUrl\":\"https:\/\/hubsch-interior.com\/wp-content\/uploads\/2026\/02\/hello-frame-297x42-natural-bb8286e7179dea51bbca5504c1c18c7b.jpg\",\"datePublished\":\"2024-01-29T08:30:28+00:00\",\"dateModified\":\"2026-04-09T02:53:14+00:00\",\"description\":\"Unser Hello Rahmen aus naturbelassenem Holz ist eine atemberaubende Erg\u00e4nzung f\u00fcr Ihre Bildergalerie. Hergestellt aus FSC-zertifiziertem Holz und mit\",\"breadcrumb\":{\"@id\":\"https:\/\/hubsch-interior.com\/de\/produkt\/hello-rahmen-297x42-naturfarben\/#breadcrumb\"},\"inLanguage\":\"de\",\"potentialAction\":[{\"@type\":\"ReadAction\",\"target\":[\"https:\/\/hubsch-interior.com\/de\/produkt\/hello-rahmen-297x42-naturfarben\/\"]}]},{\"@type\":\"ImageObject\",\"inLanguage\":\"de\",\"@id\":\"https:\/\/hubsch-interior.com\/de\/produkt\/hello-rahmen-297x42-naturfarben\/#primaryimage\",\"url\":\"https:\/\/hubsch-interior.com\/wp-content\/uploads\/2026\/02\/hello-frame-297x42-natural-bb8286e7179dea51bbca5504c1c18c7b.jpg\",\"contentUrl\":\"https:\/\/hubsch-interior.com\/wp-content\/uploads\/2026\/02\/hello-frame-297x42-natural-bb8286e7179dea51bbca5504c1c18c7b.jpg\",\"width\":1024,\"height\":1024},{\"@type\":\"BreadcrumbList\",\"@id\":\"https:\/\/hubsch-interior.com\/de\/produkt\/hello-rahmen-297x42-naturfarben\/#breadcrumb\",\"itemListElement\":[{\"@type\":\"ListItem\",\"position\":1,\"name\":\"Startseite\",\"item\":\"https:\/\/hubsch-interior.com\/de\/\"},{\"@type\":\"ListItem\",\"position\":2,\"name\":\"Produkte\",\"item\":\"https:\/\/hubsch-interior.com\/de\/shop-2\/\"},{\"@type\":\"ListItem\",\"position\":3,\"name\":\"Wohnaccessoires\",\"item\":\"https:\/\/hubsch-interior.com\/de\/produkt-kategorie\/wohnaccessoires\/\"},{\"@type\":\"ListItem\",\"position\":4,\"name\":\"Wanddekoration\",\"item\":\"https:\/\/hubsch-interior.com\/de\/produkt-kategorie\/wohnaccessoires\/wanddekoration-de\/\"},{\"@type\":\"ListItem\",\"position\":5,\"name\":\"Rahmen\",\"item\":\"https:\/\/hubsch-interior.com\/de\/produkt-kategorie\/wohnaccessoires\/wanddekoration-de\/rahmen-de\/\"},{\"@type\":\"ListItem\",\"position\":6,\"name\":\"Hello Rahmen 29,7&#215;42 Naturfarben\"}]},{\"@type\":\"WebSite\",\"@id\":\"https:\/\/hubsch-interior.com\/de\/#website\",\"url\":\"https:\/\/hubsch-interior.com\/de\/\",\"name\":\"H\u00fcbsch\",\"description\":\"Danish Home Interior and Design\",\"publisher\":{\"@id\":\"https:\/\/hubsch-interior.com\/de\/#organization\"},\"potentialAction\":[{\"@type\":\"SearchAction\",\"target\":{\"@type\":\"EntryPoint\",\"urlTemplate\":\"https:\/\/hubsch-interior.com\/de\/?s={search_term_string}\"},\"query-input\":{\"@type\":\"PropertyValueSpecification\",\"valueRequired\":true,\"valueName\":\"search_term_string\"}}],\"inLanguage\":\"de\"},{\"@type\":\"Organization\",\"@id\":\"https:\/\/hubsch-interior.com\/de\/#organization\",\"name\":\"H\u00fcbsch\",\"url\":\"https:\/\/hubsch-interior.com\/de\/\",\"logo\":{\"@type\":\"ImageObject\",\"inLanguage\":\"de\",\"@id\":\"https:\/\/hubsch-interior.com\/de\/#\/schema\/logo\/image\/\",\"url\":\"https:\/\/hubsch-interior.com\/wp-content\/uploads\/2022\/12\/Hubsch_logo_black_one_line.svg\",\"contentUrl\":\"https:\/\/hubsch-interior.com\/wp-content\/uploads\/2022\/12\/Hubsch_logo_black_one_line.svg\",\"caption\":\"H\u00fcbsch\"},\"image\":{\"@id\":\"https:\/\/hubsch-interior.com\/de\/#\/schema\/logo\/image\/\"}}]}<\/script>\n<!-- \/ Yoast SEO plugin. -->","yoast_head_json":{"title":"Hello Rahmen 29,7x42 Naturfarben - H\u00fcbsch","description":"Unser Hello Rahmen aus naturbelassenem Holz ist eine atemberaubende Erg\u00e4nzung f\u00fcr Ihre Bildergalerie. Hergestellt aus FSC-zertifiziertem Holz und mit","robots":{"index":"index","follow":"follow","max-snippet":"max-snippet:-1","max-image-preview":"max-image-preview:large","max-video-preview":"max-video-preview:-1"},"canonical":"https:\/\/hubsch-interior.com\/de\/wp-json\/wp\/v2\/product\/977524","og_locale":"de_DE","og_type":"article","og_title":"Hello Rahmen 29,7x42 Naturfarben - H\u00fcbsch","og_description":"Unser Hello Rahmen aus naturbelassenem Holz ist eine atemberaubende Erg\u00e4nzung f\u00fcr Ihre Bildergalerie. Hergestellt aus FSC-zertifiziertem Holz und mit","og_url":"https:\/\/hubsch-interior.com\/de\/produkt\/hello-rahmen-297x42-naturfarben\/","og_site_name":"H\u00fcbsch","article_modified_time":"2026-04-09T02:53:14+00:00","og_image":[{"width":1200,"height":1200,"url":"https:\/\/hubsch-interior.com\/wp-content\/uploads\/2024\/07\/hello-frame-297x42-natural-703c0dc10534e96b2a25cd261609238c.jpg","type":"image\/jpeg"}],"twitter_card":"summary_large_image","twitter_misc":{"Gesch\u00e4tzte Lesezeit":"1\u00a0Minute"},"schema":{"@context":"https:\/\/schema.org","@graph":[{"@type":"WebPage","@id":"https:\/\/hubsch-interior.com\/de\/produkt\/hello-rahmen-297x42-naturfarben\/","url":"https:\/\/hubsch-interior.com\/de\/produkt\/hello-rahmen-297x42-naturfarben\/","name":"Hello Rahmen 29,7x42 Naturfarben - H\u00fcbsch","isPartOf":{"@id":"https:\/\/hubsch-interior.com\/de\/#website"},"primaryImageOfPage":{"@id":"https:\/\/hubsch-interior.com\/de\/produkt\/hello-rahmen-297x42-naturfarben\/#primaryimage"},"image":{"@id":"https:\/\/hubsch-interior.com\/de\/produkt\/hello-rahmen-297x42-naturfarben\/#primaryimage"},"thumbnailUrl":"https:\/\/hubsch-interior.com\/wp-content\/uploads\/2026\/02\/hello-frame-297x42-natural-bb8286e7179dea51bbca5504c1c18c7b.jpg","datePublished":"2024-01-29T08:30:28+00:00","dateModified":"2026-04-09T02:53:14+00:00","description":"Unser Hello Rahmen aus naturbelassenem Holz ist eine atemberaubende Erg\u00e4nzung f\u00fcr Ihre Bildergalerie. Hergestellt aus FSC-zertifiziertem Holz und mit","breadcrumb":{"@id":"https:\/\/hubsch-interior.com\/de\/produkt\/hello-rahmen-297x42-naturfarben\/#breadcrumb"},"inLanguage":"de","potentialAction":[{"@type":"ReadAction","target":["https:\/\/hubsch-interior.com\/de\/produkt\/hello-rahmen-297x42-naturfarben\/"]}]},{"@type":"ImageObject","inLanguage":"de","@id":"https:\/\/hubsch-interior.com\/de\/produkt\/hello-rahmen-297x42-naturfarben\/#primaryimage","url":"https:\/\/hubsch-interior.com\/wp-content\/uploads\/2026\/02\/hello-frame-297x42-natural-bb8286e7179dea51bbca5504c1c18c7b.jpg","contentUrl":"https:\/\/hubsch-interior.com\/wp-content\/uploads\/2026\/02\/hello-frame-297x42-natural-bb8286e7179dea51bbca5504c1c18c7b.jpg","width":1024,"height":1024},{"@type":"BreadcrumbList","@id":"https:\/\/hubsch-interior.com\/de\/produkt\/hello-rahmen-297x42-naturfarben\/#breadcrumb","itemListElement":[{"@type":"ListItem","position":1,"name":"Startseite","item":"https:\/\/hubsch-interior.com\/de\/"},{"@type":"ListItem","position":2,"name":"Produkte","item":"https:\/\/hubsch-interior.com\/de\/shop-2\/"},{"@type":"ListItem","position":3,"name":"Wohnaccessoires","item":"https:\/\/hubsch-interior.com\/de\/produkt-kategorie\/wohnaccessoires\/"},{"@type":"ListItem","position":4,"name":"Wanddekoration","item":"https:\/\/hubsch-interior.com\/de\/produkt-kategorie\/wohnaccessoires\/wanddekoration-de\/"},{"@type":"ListItem","position":5,"name":"Rahmen","item":"https:\/\/hubsch-interior.com\/de\/produkt-kategorie\/wohnaccessoires\/wanddekoration-de\/rahmen-de\/"},{"@type":"ListItem","position":6,"name":"Hello Rahmen 29,7&#215;42 Naturfarben"}]},{"@type":"WebSite","@id":"https:\/\/hubsch-interior.com\/de\/#website","url":"https:\/\/hubsch-interior.com\/de\/","name":"H\u00fcbsch","description":"Danish Home Interior and Design","publisher":{"@id":"https:\/\/hubsch-interior.com\/de\/#organization"},"potentialAction":[{"@type":"SearchAction","target":{"@type":"EntryPoint","urlTemplate":"https:\/\/hubsch-interior.com\/de\/?s={search_term_string}"},"query-input":{"@type":"PropertyValueSpecification","valueRequired":true,"valueName":"search_term_string"}}],"inLanguage":"de"},{"@type":"Organization","@id":"https:\/\/hubsch-interior.com\/de\/#organization","name":"H\u00fcbsch","url":"https:\/\/hubsch-interior.com\/de\/","logo":{"@type":"ImageObject","inLanguage":"de","@id":"https:\/\/hubsch-interior.com\/de\/#\/schema\/logo\/image\/","url":"https:\/\/hubsch-interior.com\/wp-content\/uploads\/2022\/12\/Hubsch_logo_black_one_line.svg","contentUrl":"https:\/\/hubsch-interior.com\/wp-content\/uploads\/2022\/12\/Hubsch_logo_black_one_line.svg","caption":"H\u00fcbsch"},"image":{"@id":"https:\/\/hubsch-interior.com\/de\/#\/schema\/logo\/image\/"}}]}},"_links":{"self":[{"href":"https:\/\/hubsch-interior.com\/de\/wp-json\/wp\/v2\/product\/977524","targetHints":{"allow":["GET"]}}],"collection":[{"href":"https:\/\/hubsch-interior.com\/de\/wp-json\/wp\/v2\/product"}],"about":[{"href":"https:\/\/hubsch-interior.com\/de\/wp-json\/wp\/v2\/types\/product"}],"wp:featuredmedia":[{"embeddable":true,"href":"https:\/\/hubsch-interior.com\/de\/wp-json\/wp\/v2\/media\/1114782"}],"wp:attachment":[{"href":"https:\/\/hubsch-interior.com\/de\/wp-json\/wp\/v2\/media?parent=977524"}],"wp:term":[{"taxonomy":"product_brand","embeddable":true,"href":"https:\/\/hubsch-interior.com\/de\/wp-json\/wp\/v2\/product_brand?post=977524"},{"taxonomy":"product_cat","embeddable":true,"href":"https:\/\/hubsch-interior.com\/de\/wp-json\/wp\/v2\/product_cat?post=977524"},{"taxonomy":"product_tag","embeddable":true,"href":"https:\/\/hubsch-interior.com\/de\/wp-json\/wp\/v2\/product_tag?post=977524"}],"curies":[{"name":"wp","href":"https:\/\/api.w.org\/{rel}","templated":true}]}}