{"id":977536,"date":"2024-01-29T09:30:44","date_gmt":"2024-01-29T08:30:44","guid":{"rendered":"https:\/\/hubsch-interior.com\/product\/product\/"},"modified":"2026-04-09T04:53:18","modified_gmt":"2026-04-09T02:53:18","slug":"hello-rahmen-21x30-naturfarben","status":"publish","type":"product","link":"https:\/\/hubsch-interior.com\/de\/produkt\/hello-rahmen-21x30-naturfarben\/","title":{"rendered":"Hello Rahmen 21&#215;30 Naturfarben"},"content":{"rendered":"<p>Der Hello Rahmen ist ein neuer Ansatz f\u00fcr Wanddekorationen. Hergestellt aus FSC-zertifiziertem Naturholz ist dieser Rahmen nicht nur stilvoll, sondern auch umweltfreundlich. Erh\u00e4ltlich in drei verschiedenen Varianten, wird dieser in einer atemberaubenden Naturfarbe eine elegante Note in jeden Raum bringen. Die Tiefe des Rahmens l\u00e4sst Ihre Kunstwerke hervorstechen und verleiht Ihrer Bilderwand einen interessanten Look. Pr\u00e4sentieren Sie ihn vertikal oder horizontal, entweder indem Sie ihn aufh\u00e4ngen oder auf Oberfl\u00e4chen platzieren. Jeder Rahmen wird au\u00dferdem mit einem einzigartigen Kunstprint geliefert, der eine kontrastierende Farbgestaltung und eine organische Formillustration aufweist.<\/p>\n","protected":false},"excerpt":{"rendered":"<p>Der Hello Rahmen ist ein neuer Ansatz f\u00fcr Wanddekorationen. Hergestellt aus FSC-zertifiziertem Naturholz ist dieser Rahmen nicht nur stilvoll, sondern auch umweltfreundlich. Erh\u00e4ltlich in drei verschiedenen Varianten, wird dieser in einer atemberaubenden Naturfarbe eine elegante Note in jeden Raum bringen. Die Tiefe des Rahmens l\u00e4sst Ihre Kunstwerke hervorstechen und verleiht Ihrer Bilderwand einen interessanten Look. [&hellip;]<\/p>\n","protected":false},"featured_media":1114806,"template":"","meta":{"_acf_changed":false,"inline_featured_image":false},"product_brand":[],"product_cat":[6884,6323,3118,4937],"product_tag":[],"class_list":{"0":"post-977536","1":"product","2":"type-product","3":"status-publish","4":"has-post-thumbnail","6":"product_cat-elevating-nostalgia-de","7":"product_cat-fsc-de","8":"product_cat-wanddekoration-de","9":"product_cat-rahmen-de","10":"product_shipping_class-pk","12":"pa_color-naturfarben-2","13":"pa_material-mdf-de","14":"pa_material-plexiglas-3","15":"pa_material-eichenfurnier","17":"first","18":"instock","19":"taxable","20":"shipping-taxable","21":"purchasable","22":"product-type-simple"},"exclude_global_add_ons":[],"addons":[],"acf":[],"yoast_head":"<!-- This site is optimized with the Yoast SEO plugin v26.4 - https:\/\/yoast.com\/wordpress\/plugins\/seo\/ -->\n<title>Hello Rahmen 21x30 Naturfarben - H\u00fcbsch<\/title>\n<meta name=\"description\" content=\"Der Hello Rahmen ist ein neuer Ansatz f\u00fcr Wanddekorationen. Hergestellt aus FSC-zertifiziertem Naturholz ist dieser Rahmen nicht nur stilvoll, sondern\" \/>\n<meta name=\"robots\" content=\"index, follow, max-snippet:-1, max-image-preview:large, max-video-preview:-1\" \/>\n<link rel=\"canonical\" href=\"https:\/\/hubsch-interior.com\/de\/wp-json\/wp\/v2\/product\/977536\" \/>\n<meta property=\"og:locale\" content=\"de_DE\" \/>\n<meta property=\"og:type\" content=\"article\" \/>\n<meta property=\"og:title\" content=\"Hello Rahmen 21x30 Naturfarben - H\u00fcbsch\" \/>\n<meta property=\"og:description\" content=\"Der Hello Rahmen ist ein neuer Ansatz f\u00fcr Wanddekorationen. Hergestellt aus FSC-zertifiziertem Naturholz ist dieser Rahmen nicht nur stilvoll, sondern\" \/>\n<meta property=\"og:url\" content=\"https:\/\/hubsch-interior.com\/de\/produkt\/hello-rahmen-21x30-naturfarben\/\" \/>\n<meta property=\"og:site_name\" content=\"H\u00fcbsch\" \/>\n<meta property=\"article:modified_time\" content=\"2026-04-09T02:53:18+00:00\" \/>\n<meta property=\"og:image\" content=\"https:\/\/hubsch-interior.com\/wp-content\/uploads\/2024\/07\/hello-frame-21x30-natural-c4cf3badbbe62198012267eb74cbd17c.jpg\" \/>\n\t<meta property=\"og:image:width\" content=\"1200\" \/>\n\t<meta property=\"og:image:height\" content=\"1200\" \/>\n\t<meta property=\"og:image:type\" content=\"image\/jpeg\" \/>\n<meta name=\"twitter:card\" content=\"summary_large_image\" \/>\n<script type=\"application\/ld+json\" class=\"yoast-schema-graph\">{\"@context\":\"https:\/\/schema.org\",\"@graph\":[{\"@type\":\"WebPage\",\"@id\":\"https:\/\/hubsch-interior.com\/de\/produkt\/hello-rahmen-21x30-naturfarben\/\",\"url\":\"https:\/\/hubsch-interior.com\/de\/produkt\/hello-rahmen-21x30-naturfarben\/\",\"name\":\"Hello Rahmen 21x30 Naturfarben - H\u00fcbsch\",\"isPartOf\":{\"@id\":\"https:\/\/hubsch-interior.com\/de\/#website\"},\"primaryImageOfPage\":{\"@id\":\"https:\/\/hubsch-interior.com\/de\/produkt\/hello-rahmen-21x30-naturfarben\/#primaryimage\"},\"image\":{\"@id\":\"https:\/\/hubsch-interior.com\/de\/produkt\/hello-rahmen-21x30-naturfarben\/#primaryimage\"},\"thumbnailUrl\":\"https:\/\/hubsch-interior.com\/wp-content\/uploads\/2026\/02\/hello-frame-21x30-natural-b68d3db97ee1ad8aa585faeb66cba303.jpg\",\"datePublished\":\"2024-01-29T08:30:44+00:00\",\"dateModified\":\"2026-04-09T02:53:18+00:00\",\"description\":\"Der Hello Rahmen ist ein neuer Ansatz f\u00fcr Wanddekorationen. Hergestellt aus FSC-zertifiziertem Naturholz ist dieser Rahmen nicht nur stilvoll, sondern\",\"breadcrumb\":{\"@id\":\"https:\/\/hubsch-interior.com\/de\/produkt\/hello-rahmen-21x30-naturfarben\/#breadcrumb\"},\"inLanguage\":\"de\",\"potentialAction\":[{\"@type\":\"ReadAction\",\"target\":[\"https:\/\/hubsch-interior.com\/de\/produkt\/hello-rahmen-21x30-naturfarben\/\"]}]},{\"@type\":\"ImageObject\",\"inLanguage\":\"de\",\"@id\":\"https:\/\/hubsch-interior.com\/de\/produkt\/hello-rahmen-21x30-naturfarben\/#primaryimage\",\"url\":\"https:\/\/hubsch-interior.com\/wp-content\/uploads\/2026\/02\/hello-frame-21x30-natural-b68d3db97ee1ad8aa585faeb66cba303.jpg\",\"contentUrl\":\"https:\/\/hubsch-interior.com\/wp-content\/uploads\/2026\/02\/hello-frame-21x30-natural-b68d3db97ee1ad8aa585faeb66cba303.jpg\",\"width\":1024,\"height\":1024},{\"@type\":\"BreadcrumbList\",\"@id\":\"https:\/\/hubsch-interior.com\/de\/produkt\/hello-rahmen-21x30-naturfarben\/#breadcrumb\",\"itemListElement\":[{\"@type\":\"ListItem\",\"position\":1,\"name\":\"Startseite\",\"item\":\"https:\/\/hubsch-interior.com\/de\/\"},{\"@type\":\"ListItem\",\"position\":2,\"name\":\"Produkte\",\"item\":\"https:\/\/hubsch-interior.com\/de\/shop-2\/\"},{\"@type\":\"ListItem\",\"position\":3,\"name\":\"Wohnaccessoires\",\"item\":\"https:\/\/hubsch-interior.com\/de\/produkt-kategorie\/wohnaccessoires\/\"},{\"@type\":\"ListItem\",\"position\":4,\"name\":\"Wanddekoration\",\"item\":\"https:\/\/hubsch-interior.com\/de\/produkt-kategorie\/wohnaccessoires\/wanddekoration-de\/\"},{\"@type\":\"ListItem\",\"position\":5,\"name\":\"Rahmen\",\"item\":\"https:\/\/hubsch-interior.com\/de\/produkt-kategorie\/wohnaccessoires\/wanddekoration-de\/rahmen-de\/\"},{\"@type\":\"ListItem\",\"position\":6,\"name\":\"Hello Rahmen 21&#215;30 Naturfarben\"}]},{\"@type\":\"WebSite\",\"@id\":\"https:\/\/hubsch-interior.com\/de\/#website\",\"url\":\"https:\/\/hubsch-interior.com\/de\/\",\"name\":\"H\u00fcbsch\",\"description\":\"Danish Home Interior and Design\",\"publisher\":{\"@id\":\"https:\/\/hubsch-interior.com\/de\/#organization\"},\"potentialAction\":[{\"@type\":\"SearchAction\",\"target\":{\"@type\":\"EntryPoint\",\"urlTemplate\":\"https:\/\/hubsch-interior.com\/de\/?s={search_term_string}\"},\"query-input\":{\"@type\":\"PropertyValueSpecification\",\"valueRequired\":true,\"valueName\":\"search_term_string\"}}],\"inLanguage\":\"de\"},{\"@type\":\"Organization\",\"@id\":\"https:\/\/hubsch-interior.com\/de\/#organization\",\"name\":\"H\u00fcbsch\",\"url\":\"https:\/\/hubsch-interior.com\/de\/\",\"logo\":{\"@type\":\"ImageObject\",\"inLanguage\":\"de\",\"@id\":\"https:\/\/hubsch-interior.com\/de\/#\/schema\/logo\/image\/\",\"url\":\"https:\/\/hubsch-interior.com\/wp-content\/uploads\/2022\/12\/Hubsch_logo_black_one_line.svg\",\"contentUrl\":\"https:\/\/hubsch-interior.com\/wp-content\/uploads\/2022\/12\/Hubsch_logo_black_one_line.svg\",\"caption\":\"H\u00fcbsch\"},\"image\":{\"@id\":\"https:\/\/hubsch-interior.com\/de\/#\/schema\/logo\/image\/\"}}]}<\/script>\n<!-- \/ Yoast SEO plugin. -->","yoast_head_json":{"title":"Hello Rahmen 21x30 Naturfarben - H\u00fcbsch","description":"Der Hello Rahmen ist ein neuer Ansatz f\u00fcr Wanddekorationen. Hergestellt aus FSC-zertifiziertem Naturholz ist dieser Rahmen nicht nur stilvoll, sondern","robots":{"index":"index","follow":"follow","max-snippet":"max-snippet:-1","max-image-preview":"max-image-preview:large","max-video-preview":"max-video-preview:-1"},"canonical":"https:\/\/hubsch-interior.com\/de\/wp-json\/wp\/v2\/product\/977536","og_locale":"de_DE","og_type":"article","og_title":"Hello Rahmen 21x30 Naturfarben - H\u00fcbsch","og_description":"Der Hello Rahmen ist ein neuer Ansatz f\u00fcr Wanddekorationen. Hergestellt aus FSC-zertifiziertem Naturholz ist dieser Rahmen nicht nur stilvoll, sondern","og_url":"https:\/\/hubsch-interior.com\/de\/produkt\/hello-rahmen-21x30-naturfarben\/","og_site_name":"H\u00fcbsch","article_modified_time":"2026-04-09T02:53:18+00:00","og_image":[{"width":1200,"height":1200,"url":"https:\/\/hubsch-interior.com\/wp-content\/uploads\/2024\/07\/hello-frame-21x30-natural-c4cf3badbbe62198012267eb74cbd17c.jpg","type":"image\/jpeg"}],"twitter_card":"summary_large_image","schema":{"@context":"https:\/\/schema.org","@graph":[{"@type":"WebPage","@id":"https:\/\/hubsch-interior.com\/de\/produkt\/hello-rahmen-21x30-naturfarben\/","url":"https:\/\/hubsch-interior.com\/de\/produkt\/hello-rahmen-21x30-naturfarben\/","name":"Hello Rahmen 21x30 Naturfarben - H\u00fcbsch","isPartOf":{"@id":"https:\/\/hubsch-interior.com\/de\/#website"},"primaryImageOfPage":{"@id":"https:\/\/hubsch-interior.com\/de\/produkt\/hello-rahmen-21x30-naturfarben\/#primaryimage"},"image":{"@id":"https:\/\/hubsch-interior.com\/de\/produkt\/hello-rahmen-21x30-naturfarben\/#primaryimage"},"thumbnailUrl":"https:\/\/hubsch-interior.com\/wp-content\/uploads\/2026\/02\/hello-frame-21x30-natural-b68d3db97ee1ad8aa585faeb66cba303.jpg","datePublished":"2024-01-29T08:30:44+00:00","dateModified":"2026-04-09T02:53:18+00:00","description":"Der Hello Rahmen ist ein neuer Ansatz f\u00fcr Wanddekorationen. Hergestellt aus FSC-zertifiziertem Naturholz ist dieser Rahmen nicht nur stilvoll, sondern","breadcrumb":{"@id":"https:\/\/hubsch-interior.com\/de\/produkt\/hello-rahmen-21x30-naturfarben\/#breadcrumb"},"inLanguage":"de","potentialAction":[{"@type":"ReadAction","target":["https:\/\/hubsch-interior.com\/de\/produkt\/hello-rahmen-21x30-naturfarben\/"]}]},{"@type":"ImageObject","inLanguage":"de","@id":"https:\/\/hubsch-interior.com\/de\/produkt\/hello-rahmen-21x30-naturfarben\/#primaryimage","url":"https:\/\/hubsch-interior.com\/wp-content\/uploads\/2026\/02\/hello-frame-21x30-natural-b68d3db97ee1ad8aa585faeb66cba303.jpg","contentUrl":"https:\/\/hubsch-interior.com\/wp-content\/uploads\/2026\/02\/hello-frame-21x30-natural-b68d3db97ee1ad8aa585faeb66cba303.jpg","width":1024,"height":1024},{"@type":"BreadcrumbList","@id":"https:\/\/hubsch-interior.com\/de\/produkt\/hello-rahmen-21x30-naturfarben\/#breadcrumb","itemListElement":[{"@type":"ListItem","position":1,"name":"Startseite","item":"https:\/\/hubsch-interior.com\/de\/"},{"@type":"ListItem","position":2,"name":"Produkte","item":"https:\/\/hubsch-interior.com\/de\/shop-2\/"},{"@type":"ListItem","position":3,"name":"Wohnaccessoires","item":"https:\/\/hubsch-interior.com\/de\/produkt-kategorie\/wohnaccessoires\/"},{"@type":"ListItem","position":4,"name":"Wanddekoration","item":"https:\/\/hubsch-interior.com\/de\/produkt-kategorie\/wohnaccessoires\/wanddekoration-de\/"},{"@type":"ListItem","position":5,"name":"Rahmen","item":"https:\/\/hubsch-interior.com\/de\/produkt-kategorie\/wohnaccessoires\/wanddekoration-de\/rahmen-de\/"},{"@type":"ListItem","position":6,"name":"Hello Rahmen 21&#215;30 Naturfarben"}]},{"@type":"WebSite","@id":"https:\/\/hubsch-interior.com\/de\/#website","url":"https:\/\/hubsch-interior.com\/de\/","name":"H\u00fcbsch","description":"Danish Home Interior and Design","publisher":{"@id":"https:\/\/hubsch-interior.com\/de\/#organization"},"potentialAction":[{"@type":"SearchAction","target":{"@type":"EntryPoint","urlTemplate":"https:\/\/hubsch-interior.com\/de\/?s={search_term_string}"},"query-input":{"@type":"PropertyValueSpecification","valueRequired":true,"valueName":"search_term_string"}}],"inLanguage":"de"},{"@type":"Organization","@id":"https:\/\/hubsch-interior.com\/de\/#organization","name":"H\u00fcbsch","url":"https:\/\/hubsch-interior.com\/de\/","logo":{"@type":"ImageObject","inLanguage":"de","@id":"https:\/\/hubsch-interior.com\/de\/#\/schema\/logo\/image\/","url":"https:\/\/hubsch-interior.com\/wp-content\/uploads\/2022\/12\/Hubsch_logo_black_one_line.svg","contentUrl":"https:\/\/hubsch-interior.com\/wp-content\/uploads\/2022\/12\/Hubsch_logo_black_one_line.svg","caption":"H\u00fcbsch"},"image":{"@id":"https:\/\/hubsch-interior.com\/de\/#\/schema\/logo\/image\/"}}]}},"_links":{"self":[{"href":"https:\/\/hubsch-interior.com\/de\/wp-json\/wp\/v2\/product\/977536","targetHints":{"allow":["GET"]}}],"collection":[{"href":"https:\/\/hubsch-interior.com\/de\/wp-json\/wp\/v2\/product"}],"about":[{"href":"https:\/\/hubsch-interior.com\/de\/wp-json\/wp\/v2\/types\/product"}],"wp:featuredmedia":[{"embeddable":true,"href":"https:\/\/hubsch-interior.com\/de\/wp-json\/wp\/v2\/media\/1114806"}],"wp:attachment":[{"href":"https:\/\/hubsch-interior.com\/de\/wp-json\/wp\/v2\/media?parent=977536"}],"wp:term":[{"taxonomy":"product_brand","embeddable":true,"href":"https:\/\/hubsch-interior.com\/de\/wp-json\/wp\/v2\/product_brand?post=977536"},{"taxonomy":"product_cat","embeddable":true,"href":"https:\/\/hubsch-interior.com\/de\/wp-json\/wp\/v2\/product_cat?post=977536"},{"taxonomy":"product_tag","embeddable":true,"href":"https:\/\/hubsch-interior.com\/de\/wp-json\/wp\/v2\/product_tag?post=977536"}],"curies":[{"name":"wp","href":"https:\/\/api.w.org\/{rel}","templated":true}]}}