{"id":977560,"date":"2024-01-29T09:30:56","date_gmt":"2024-01-29T08:30:56","guid":{"rendered":"https:\/\/hubsch-interior.com\/product\/product\/"},"modified":"2026-04-13T13:57:59","modified_gmt":"2026-04-13T11:57:59","slug":"tile-beistelltisch-mint-naturfarben","status":"publish","type":"product","link":"https:\/\/hubsch-interior.com\/de\/produkt\/tile-beistelltisch-mint-naturfarben\/","title":{"rendered":"Tile Beistelltisch Mint\/Naturfarben"},"content":{"rendered":"<p>Wir pr\u00e4sentieren den Tile Beistelltisch, ein unverzichtbares M\u00f6belst\u00fcck f\u00fcr jedes moderne Zuhause. Erh\u00e4ltlich in zwei atemberaubenden Varianten, verf\u00fcgt dieser \u00fcber eine erfrischende Minzfarbe auf der Tischplatte, die jedem Raum einen Farbtupfer verleiht. Hergestellt aus FSC-zertifiziertem Eichenfurnier und Eichenholz, \u00fcberzeugt dieser Tisch nicht nur mit einem einzigartigen Designansatz, sondern auch mit Nachhaltigkeit. Die mintfarbenen Fliesen erinnern an nostalgische Kinderm\u00f6bel, w\u00e4hrend die neue Materialkombination eine Note von Raffinesse hinzuf\u00fcgt. Verleihen Sie Ihrem Interieur mit diesem modernen Design-Meisterwerk Charakter.<\/p>\n","protected":false},"excerpt":{"rendered":"<p>Wir pr\u00e4sentieren den Tile Beistelltisch, ein unverzichtbares M\u00f6belst\u00fcck f\u00fcr jedes moderne Zuhause. Erh\u00e4ltlich in zwei atemberaubenden Varianten, verf\u00fcgt dieser \u00fcber eine erfrischende Minzfarbe auf der Tischplatte, die jedem Raum einen Farbtupfer verleiht. Hergestellt aus FSC-zertifiziertem Eichenfurnier und Eichenholz, \u00fcberzeugt dieser Tisch nicht nur mit einem einzigartigen Designansatz, sondern auch mit Nachhaltigkeit. Die mintfarbenen Fliesen erinnern [&hellip;]<\/p>\n","protected":false},"featured_media":1104009,"template":"","meta":{"_acf_changed":false,"inline_featured_image":false},"product_brand":[],"product_cat":[6884,2861,4028,5027],"product_tag":[],"class_list":{"0":"post-977560","1":"product","2":"type-product","3":"status-publish","4":"has-post-thumbnail","6":"product_cat-elevating-nostalgia-de","7":"product_cat-tische-de","8":"product_cat-beistelltische-de","9":"product_cat-bestsellers-de","10":"product_shipping_class-pk","12":"pa_color-mint-3","13":"pa_color-naturfarben-2","14":"pa_material-mdf-de","15":"pa_material-eichenfurnier","16":"pa_material-eichenholz","17":"pa_material-fliesen","19":"first","20":"outofstock","21":"featured","22":"taxable","23":"shipping-taxable","24":"purchasable","25":"product-type-simple"},"exclude_global_add_ons":[],"addons":[],"acf":[],"yoast_head":"<!-- This site is optimized with the Yoast SEO plugin v26.4 - https:\/\/yoast.com\/wordpress\/plugins\/seo\/ -->\n<title>Tile Beistelltisch Mint\/Naturfarben - H\u00fcbsch<\/title>\n<meta name=\"description\" content=\"Wir pr\u00e4sentieren den Tile Beistelltisch, ein unverzichtbares M\u00f6belst\u00fcck f\u00fcr jedes moderne Zuhause. Erh\u00e4ltlich in zwei atemberaubenden Varianten, verf\u00fcgt\" \/>\n<meta name=\"robots\" content=\"index, follow, max-snippet:-1, max-image-preview:large, max-video-preview:-1\" \/>\n<link rel=\"canonical\" href=\"https:\/\/hubsch-interior.com\/de\/wp-json\/wp\/v2\/product\/977560\" \/>\n<meta property=\"og:locale\" content=\"de_DE\" \/>\n<meta property=\"og:type\" content=\"article\" \/>\n<meta property=\"og:title\" content=\"Tile Beistelltisch Mint\/Naturfarben - H\u00fcbsch\" \/>\n<meta property=\"og:description\" content=\"Wir pr\u00e4sentieren den Tile Beistelltisch, ein unverzichtbares M\u00f6belst\u00fcck f\u00fcr jedes moderne Zuhause. Erh\u00e4ltlich in zwei atemberaubenden Varianten, verf\u00fcgt\" \/>\n<meta property=\"og:url\" content=\"https:\/\/hubsch-interior.com\/de\/produkt\/tile-beistelltisch-mint-naturfarben\/\" \/>\n<meta property=\"og:site_name\" content=\"H\u00fcbsch\" \/>\n<meta property=\"article:modified_time\" content=\"2026-04-13T11:57:59+00:00\" \/>\n<meta property=\"og:image\" content=\"https:\/\/hubsch-interior.com\/wp-content\/uploads\/2024\/07\/tile-side-table-mintnatural-5f2500589e5f93010f9d2c047880cd30.jpg\" \/>\n\t<meta property=\"og:image:width\" content=\"1200\" \/>\n\t<meta property=\"og:image:height\" content=\"1200\" \/>\n\t<meta property=\"og:image:type\" content=\"image\/jpeg\" \/>\n<meta name=\"twitter:card\" content=\"summary_large_image\" \/>\n<script type=\"application\/ld+json\" class=\"yoast-schema-graph\">{\"@context\":\"https:\/\/schema.org\",\"@graph\":[{\"@type\":\"WebPage\",\"@id\":\"https:\/\/hubsch-interior.com\/de\/produkt\/tile-beistelltisch-mint-naturfarben\/\",\"url\":\"https:\/\/hubsch-interior.com\/de\/produkt\/tile-beistelltisch-mint-naturfarben\/\",\"name\":\"Tile Beistelltisch Mint\/Naturfarben - H\u00fcbsch\",\"isPartOf\":{\"@id\":\"https:\/\/hubsch-interior.com\/de\/#website\"},\"primaryImageOfPage\":{\"@id\":\"https:\/\/hubsch-interior.com\/de\/produkt\/tile-beistelltisch-mint-naturfarben\/#primaryimage\"},\"image\":{\"@id\":\"https:\/\/hubsch-interior.com\/de\/produkt\/tile-beistelltisch-mint-naturfarben\/#primaryimage\"},\"thumbnailUrl\":\"https:\/\/hubsch-interior.com\/wp-content\/uploads\/2026\/02\/tile-side-table-mintnatural-797ce862103dbfdea933e87722fa382e.jpg\",\"datePublished\":\"2024-01-29T08:30:56+00:00\",\"dateModified\":\"2026-04-13T11:57:59+00:00\",\"description\":\"Wir pr\u00e4sentieren den Tile Beistelltisch, ein unverzichtbares M\u00f6belst\u00fcck f\u00fcr jedes moderne Zuhause. Erh\u00e4ltlich in zwei atemberaubenden Varianten, verf\u00fcgt\",\"breadcrumb\":{\"@id\":\"https:\/\/hubsch-interior.com\/de\/produkt\/tile-beistelltisch-mint-naturfarben\/#breadcrumb\"},\"inLanguage\":\"de\",\"potentialAction\":[{\"@type\":\"ReadAction\",\"target\":[\"https:\/\/hubsch-interior.com\/de\/produkt\/tile-beistelltisch-mint-naturfarben\/\"]}]},{\"@type\":\"ImageObject\",\"inLanguage\":\"de\",\"@id\":\"https:\/\/hubsch-interior.com\/de\/produkt\/tile-beistelltisch-mint-naturfarben\/#primaryimage\",\"url\":\"https:\/\/hubsch-interior.com\/wp-content\/uploads\/2026\/02\/tile-side-table-mintnatural-797ce862103dbfdea933e87722fa382e.jpg\",\"contentUrl\":\"https:\/\/hubsch-interior.com\/wp-content\/uploads\/2026\/02\/tile-side-table-mintnatural-797ce862103dbfdea933e87722fa382e.jpg\",\"width\":1024,\"height\":1024},{\"@type\":\"BreadcrumbList\",\"@id\":\"https:\/\/hubsch-interior.com\/de\/produkt\/tile-beistelltisch-mint-naturfarben\/#breadcrumb\",\"itemListElement\":[{\"@type\":\"ListItem\",\"position\":1,\"name\":\"Startseite\",\"item\":\"https:\/\/hubsch-interior.com\/de\/\"},{\"@type\":\"ListItem\",\"position\":2,\"name\":\"Produkte\",\"item\":\"https:\/\/hubsch-interior.com\/de\/shop-2\/\"},{\"@type\":\"ListItem\",\"position\":3,\"name\":\"M\u00f6bel\",\"item\":\"https:\/\/hubsch-interior.com\/de\/produkt-kategorie\/moebel\/\"},{\"@type\":\"ListItem\",\"position\":4,\"name\":\"Tische\",\"item\":\"https:\/\/hubsch-interior.com\/de\/produkt-kategorie\/moebel\/tische-de\/\"},{\"@type\":\"ListItem\",\"position\":5,\"name\":\"Beistelltische\",\"item\":\"https:\/\/hubsch-interior.com\/de\/produkt-kategorie\/moebel\/tische-de\/beistelltische-de\/\"},{\"@type\":\"ListItem\",\"position\":6,\"name\":\"Tile Beistelltisch Mint\/Naturfarben\"}]},{\"@type\":\"WebSite\",\"@id\":\"https:\/\/hubsch-interior.com\/de\/#website\",\"url\":\"https:\/\/hubsch-interior.com\/de\/\",\"name\":\"H\u00fcbsch\",\"description\":\"Danish Home Interior and Design\",\"publisher\":{\"@id\":\"https:\/\/hubsch-interior.com\/de\/#organization\"},\"potentialAction\":[{\"@type\":\"SearchAction\",\"target\":{\"@type\":\"EntryPoint\",\"urlTemplate\":\"https:\/\/hubsch-interior.com\/de\/?s={search_term_string}\"},\"query-input\":{\"@type\":\"PropertyValueSpecification\",\"valueRequired\":true,\"valueName\":\"search_term_string\"}}],\"inLanguage\":\"de\"},{\"@type\":\"Organization\",\"@id\":\"https:\/\/hubsch-interior.com\/de\/#organization\",\"name\":\"H\u00fcbsch\",\"url\":\"https:\/\/hubsch-interior.com\/de\/\",\"logo\":{\"@type\":\"ImageObject\",\"inLanguage\":\"de\",\"@id\":\"https:\/\/hubsch-interior.com\/de\/#\/schema\/logo\/image\/\",\"url\":\"https:\/\/hubsch-interior.com\/wp-content\/uploads\/2022\/12\/Hubsch_logo_black_one_line.svg\",\"contentUrl\":\"https:\/\/hubsch-interior.com\/wp-content\/uploads\/2022\/12\/Hubsch_logo_black_one_line.svg\",\"caption\":\"H\u00fcbsch\"},\"image\":{\"@id\":\"https:\/\/hubsch-interior.com\/de\/#\/schema\/logo\/image\/\"}}]}<\/script>\n<!-- \/ Yoast SEO plugin. -->","yoast_head_json":{"title":"Tile Beistelltisch Mint\/Naturfarben - H\u00fcbsch","description":"Wir pr\u00e4sentieren den Tile Beistelltisch, ein unverzichtbares M\u00f6belst\u00fcck f\u00fcr jedes moderne Zuhause. Erh\u00e4ltlich in zwei atemberaubenden Varianten, verf\u00fcgt","robots":{"index":"index","follow":"follow","max-snippet":"max-snippet:-1","max-image-preview":"max-image-preview:large","max-video-preview":"max-video-preview:-1"},"canonical":"https:\/\/hubsch-interior.com\/de\/wp-json\/wp\/v2\/product\/977560","og_locale":"de_DE","og_type":"article","og_title":"Tile Beistelltisch Mint\/Naturfarben - H\u00fcbsch","og_description":"Wir pr\u00e4sentieren den Tile Beistelltisch, ein unverzichtbares M\u00f6belst\u00fcck f\u00fcr jedes moderne Zuhause. Erh\u00e4ltlich in zwei atemberaubenden Varianten, verf\u00fcgt","og_url":"https:\/\/hubsch-interior.com\/de\/produkt\/tile-beistelltisch-mint-naturfarben\/","og_site_name":"H\u00fcbsch","article_modified_time":"2026-04-13T11:57:59+00:00","og_image":[{"width":1200,"height":1200,"url":"https:\/\/hubsch-interior.com\/wp-content\/uploads\/2024\/07\/tile-side-table-mintnatural-5f2500589e5f93010f9d2c047880cd30.jpg","type":"image\/jpeg"}],"twitter_card":"summary_large_image","schema":{"@context":"https:\/\/schema.org","@graph":[{"@type":"WebPage","@id":"https:\/\/hubsch-interior.com\/de\/produkt\/tile-beistelltisch-mint-naturfarben\/","url":"https:\/\/hubsch-interior.com\/de\/produkt\/tile-beistelltisch-mint-naturfarben\/","name":"Tile Beistelltisch Mint\/Naturfarben - H\u00fcbsch","isPartOf":{"@id":"https:\/\/hubsch-interior.com\/de\/#website"},"primaryImageOfPage":{"@id":"https:\/\/hubsch-interior.com\/de\/produkt\/tile-beistelltisch-mint-naturfarben\/#primaryimage"},"image":{"@id":"https:\/\/hubsch-interior.com\/de\/produkt\/tile-beistelltisch-mint-naturfarben\/#primaryimage"},"thumbnailUrl":"https:\/\/hubsch-interior.com\/wp-content\/uploads\/2026\/02\/tile-side-table-mintnatural-797ce862103dbfdea933e87722fa382e.jpg","datePublished":"2024-01-29T08:30:56+00:00","dateModified":"2026-04-13T11:57:59+00:00","description":"Wir pr\u00e4sentieren den Tile Beistelltisch, ein unverzichtbares M\u00f6belst\u00fcck f\u00fcr jedes moderne Zuhause. Erh\u00e4ltlich in zwei atemberaubenden Varianten, verf\u00fcgt","breadcrumb":{"@id":"https:\/\/hubsch-interior.com\/de\/produkt\/tile-beistelltisch-mint-naturfarben\/#breadcrumb"},"inLanguage":"de","potentialAction":[{"@type":"ReadAction","target":["https:\/\/hubsch-interior.com\/de\/produkt\/tile-beistelltisch-mint-naturfarben\/"]}]},{"@type":"ImageObject","inLanguage":"de","@id":"https:\/\/hubsch-interior.com\/de\/produkt\/tile-beistelltisch-mint-naturfarben\/#primaryimage","url":"https:\/\/hubsch-interior.com\/wp-content\/uploads\/2026\/02\/tile-side-table-mintnatural-797ce862103dbfdea933e87722fa382e.jpg","contentUrl":"https:\/\/hubsch-interior.com\/wp-content\/uploads\/2026\/02\/tile-side-table-mintnatural-797ce862103dbfdea933e87722fa382e.jpg","width":1024,"height":1024},{"@type":"BreadcrumbList","@id":"https:\/\/hubsch-interior.com\/de\/produkt\/tile-beistelltisch-mint-naturfarben\/#breadcrumb","itemListElement":[{"@type":"ListItem","position":1,"name":"Startseite","item":"https:\/\/hubsch-interior.com\/de\/"},{"@type":"ListItem","position":2,"name":"Produkte","item":"https:\/\/hubsch-interior.com\/de\/shop-2\/"},{"@type":"ListItem","position":3,"name":"M\u00f6bel","item":"https:\/\/hubsch-interior.com\/de\/produkt-kategorie\/moebel\/"},{"@type":"ListItem","position":4,"name":"Tische","item":"https:\/\/hubsch-interior.com\/de\/produkt-kategorie\/moebel\/tische-de\/"},{"@type":"ListItem","position":5,"name":"Beistelltische","item":"https:\/\/hubsch-interior.com\/de\/produkt-kategorie\/moebel\/tische-de\/beistelltische-de\/"},{"@type":"ListItem","position":6,"name":"Tile Beistelltisch Mint\/Naturfarben"}]},{"@type":"WebSite","@id":"https:\/\/hubsch-interior.com\/de\/#website","url":"https:\/\/hubsch-interior.com\/de\/","name":"H\u00fcbsch","description":"Danish Home Interior and Design","publisher":{"@id":"https:\/\/hubsch-interior.com\/de\/#organization"},"potentialAction":[{"@type":"SearchAction","target":{"@type":"EntryPoint","urlTemplate":"https:\/\/hubsch-interior.com\/de\/?s={search_term_string}"},"query-input":{"@type":"PropertyValueSpecification","valueRequired":true,"valueName":"search_term_string"}}],"inLanguage":"de"},{"@type":"Organization","@id":"https:\/\/hubsch-interior.com\/de\/#organization","name":"H\u00fcbsch","url":"https:\/\/hubsch-interior.com\/de\/","logo":{"@type":"ImageObject","inLanguage":"de","@id":"https:\/\/hubsch-interior.com\/de\/#\/schema\/logo\/image\/","url":"https:\/\/hubsch-interior.com\/wp-content\/uploads\/2022\/12\/Hubsch_logo_black_one_line.svg","contentUrl":"https:\/\/hubsch-interior.com\/wp-content\/uploads\/2022\/12\/Hubsch_logo_black_one_line.svg","caption":"H\u00fcbsch"},"image":{"@id":"https:\/\/hubsch-interior.com\/de\/#\/schema\/logo\/image\/"}}]}},"_links":{"self":[{"href":"https:\/\/hubsch-interior.com\/de\/wp-json\/wp\/v2\/product\/977560","targetHints":{"allow":["GET"]}}],"collection":[{"href":"https:\/\/hubsch-interior.com\/de\/wp-json\/wp\/v2\/product"}],"about":[{"href":"https:\/\/hubsch-interior.com\/de\/wp-json\/wp\/v2\/types\/product"}],"wp:featuredmedia":[{"embeddable":true,"href":"https:\/\/hubsch-interior.com\/de\/wp-json\/wp\/v2\/media\/1104009"}],"wp:attachment":[{"href":"https:\/\/hubsch-interior.com\/de\/wp-json\/wp\/v2\/media?parent=977560"}],"wp:term":[{"taxonomy":"product_brand","embeddable":true,"href":"https:\/\/hubsch-interior.com\/de\/wp-json\/wp\/v2\/product_brand?post=977560"},{"taxonomy":"product_cat","embeddable":true,"href":"https:\/\/hubsch-interior.com\/de\/wp-json\/wp\/v2\/product_cat?post=977560"},{"taxonomy":"product_tag","embeddable":true,"href":"https:\/\/hubsch-interior.com\/de\/wp-json\/wp\/v2\/product_tag?post=977560"}],"curies":[{"name":"wp","href":"https:\/\/api.w.org\/{rel}","templated":true}]}}