{"id":977624,"date":"2024-01-29T09:31:31","date_gmt":"2024-01-29T08:31:31","guid":{"rendered":"https:\/\/hubsch-interior.com\/product\/product\/"},"modified":"2026-04-14T05:04:11","modified_gmt":"2026-04-14T03:04:11","slug":"orbit-tischlampe-dunkelgrun","status":"publish","type":"product","link":"https:\/\/hubsch-interior.com\/de\/produkt\/orbit-tischlampe-dunkelgrun\/","title":{"rendered":"Orbit Tischlampe Dunkelgr\u00fcn"},"content":{"rendered":"<p>Vorstellung der Orbit Tischlampe, eine anspruchsvolle und elegante Erg\u00e4nzung f\u00fcr jeden Raum. Mit einer atemberaubenden dunkelgr\u00fcnen Farbe strahlt diese Lampe Luxus und Klasse aus. Ihr schlankes Design kombiniert Glas und Metall und verleiht ihr einen modernen und dennoch zeitlosen Look. Die metallische Oberfl\u00e4che an der Basis sorgt f\u00fcr einen schimmernden Effekt und verleiht Ihrem Raum einen Hauch von Glamour. Der opalene Glasschirm sorgt f\u00fcr ein weiches und angenehmes Licht, ideal f\u00fcr eine gem\u00fctliche Atmosph\u00e4re. Die hohe Statur dieser Tischlampe verteilt das Licht optimal und macht sie so zu einer praktischen und stilvollen Wahl f\u00fcr Ihr Zuhause.<br \/>\nF\u00fcr diese Lampe verwenden Sie bitte eine dimmbare LED-Gl\u00fchbirne.<\/p>\n","protected":false},"excerpt":{"rendered":"<p>Vorstellung der Orbit Tischlampe, eine anspruchsvolle und elegante Erg\u00e4nzung f\u00fcr jeden Raum. Mit einer atemberaubenden dunkelgr\u00fcnen Farbe strahlt diese Lampe Luxus und Klasse aus. Ihr schlankes Design kombiniert Glas und Metall und verleiht ihr einen modernen und dennoch zeitlosen Look. Die metallische Oberfl\u00e4che an der Basis sorgt f\u00fcr einen schimmernden Effekt und verleiht Ihrem Raum [&hellip;]<\/p>\n","protected":false},"featured_media":1106804,"template":"","meta":{"_acf_changed":false,"inline_featured_image":false},"product_brand":[],"product_cat":[6884,6901,3809,3501,5027],"product_tag":[],"class_list":{"0":"post-977624","1":"product","2":"type-product","3":"status-publish","4":"has-post-thumbnail","6":"product_cat-elevating-nostalgia-de","7":"product_cat-funktionelle-beleuchtung-de","8":"product_cat-beleuchtung","9":"product_cat-tischlampen-de","10":"product_cat-bestsellers-de","11":"product_shipping_class-pk","13":"pa_color-dunkelgrn","14":"pa_material-eisen-de","15":"pa_material-glas-de","17":"first","18":"instock","19":"featured","20":"taxable","21":"shipping-taxable","22":"purchasable","23":"product-type-simple"},"exclude_global_add_ons":[],"addons":[],"acf":[],"yoast_head":"<!-- This site is optimized with the Yoast SEO plugin v26.4 - https:\/\/yoast.com\/wordpress\/plugins\/seo\/ -->\n<title>Orbit Tischlampe Dunkelgr\u00fcn - H\u00fcbsch<\/title>\n<meta name=\"description\" content=\"Vorstellung der Orbit Tischlampe, eine anspruchsvolle und elegante Erg\u00e4nzung f\u00fcr jeden Raum. Mit einer atemberaubenden dunkelgr\u00fcnen Farbe strahlt diese\" \/>\n<meta name=\"robots\" content=\"index, follow, max-snippet:-1, max-image-preview:large, max-video-preview:-1\" \/>\n<link rel=\"canonical\" href=\"https:\/\/hubsch-interior.com\/de\/wp-json\/wp\/v2\/product\/977624\" \/>\n<meta property=\"og:locale\" content=\"de_DE\" \/>\n<meta property=\"og:type\" content=\"article\" \/>\n<meta property=\"og:title\" content=\"Orbit Tischlampe Dunkelgr\u00fcn - H\u00fcbsch\" \/>\n<meta property=\"og:description\" content=\"Vorstellung der Orbit Tischlampe, eine anspruchsvolle und elegante Erg\u00e4nzung f\u00fcr jeden Raum. Mit einer atemberaubenden dunkelgr\u00fcnen Farbe strahlt diese\" \/>\n<meta property=\"og:url\" content=\"https:\/\/hubsch-interior.com\/de\/produkt\/orbit-tischlampe-dunkelgrun\/\" \/>\n<meta property=\"og:site_name\" content=\"H\u00fcbsch\" \/>\n<meta property=\"article:modified_time\" content=\"2026-04-14T03:04:11+00:00\" \/>\n<meta property=\"og:image\" content=\"https:\/\/hubsch-interior.com\/wp-content\/uploads\/2025\/04\/orbit-table-lamp-dark-green-f308f1b512e326e83d39ca96282456f0.jpg\" \/>\n\t<meta property=\"og:image:width\" content=\"1200\" \/>\n\t<meta property=\"og:image:height\" content=\"1200\" \/>\n\t<meta property=\"og:image:type\" content=\"image\/jpeg\" \/>\n<meta name=\"twitter:card\" content=\"summary_large_image\" \/>\n<meta name=\"twitter:label1\" content=\"Gesch\u00e4tzte Lesezeit\" \/>\n\t<meta name=\"twitter:data1\" content=\"1\u00a0Minute\" \/>\n<script type=\"application\/ld+json\" class=\"yoast-schema-graph\">{\"@context\":\"https:\/\/schema.org\",\"@graph\":[{\"@type\":\"WebPage\",\"@id\":\"https:\/\/hubsch-interior.com\/de\/produkt\/orbit-tischlampe-dunkelgrun\/\",\"url\":\"https:\/\/hubsch-interior.com\/de\/produkt\/orbit-tischlampe-dunkelgrun\/\",\"name\":\"Orbit Tischlampe Dunkelgr\u00fcn - H\u00fcbsch\",\"isPartOf\":{\"@id\":\"https:\/\/hubsch-interior.com\/de\/#website\"},\"primaryImageOfPage\":{\"@id\":\"https:\/\/hubsch-interior.com\/de\/produkt\/orbit-tischlampe-dunkelgrun\/#primaryimage\"},\"image\":{\"@id\":\"https:\/\/hubsch-interior.com\/de\/produkt\/orbit-tischlampe-dunkelgrun\/#primaryimage\"},\"thumbnailUrl\":\"https:\/\/hubsch-interior.com\/wp-content\/uploads\/2026\/02\/orbit-table-lamp-dark-green-a0b8381c26c3dea6e0c8221d41ad3120.jpg\",\"datePublished\":\"2024-01-29T08:31:31+00:00\",\"dateModified\":\"2026-04-14T03:04:11+00:00\",\"description\":\"Vorstellung der Orbit Tischlampe, eine anspruchsvolle und elegante Erg\u00e4nzung f\u00fcr jeden Raum. Mit einer atemberaubenden dunkelgr\u00fcnen Farbe strahlt diese\",\"breadcrumb\":{\"@id\":\"https:\/\/hubsch-interior.com\/de\/produkt\/orbit-tischlampe-dunkelgrun\/#breadcrumb\"},\"inLanguage\":\"de\",\"potentialAction\":[{\"@type\":\"ReadAction\",\"target\":[\"https:\/\/hubsch-interior.com\/de\/produkt\/orbit-tischlampe-dunkelgrun\/\"]}]},{\"@type\":\"ImageObject\",\"inLanguage\":\"de\",\"@id\":\"https:\/\/hubsch-interior.com\/de\/produkt\/orbit-tischlampe-dunkelgrun\/#primaryimage\",\"url\":\"https:\/\/hubsch-interior.com\/wp-content\/uploads\/2026\/02\/orbit-table-lamp-dark-green-a0b8381c26c3dea6e0c8221d41ad3120.jpg\",\"contentUrl\":\"https:\/\/hubsch-interior.com\/wp-content\/uploads\/2026\/02\/orbit-table-lamp-dark-green-a0b8381c26c3dea6e0c8221d41ad3120.jpg\",\"width\":1024,\"height\":1024},{\"@type\":\"BreadcrumbList\",\"@id\":\"https:\/\/hubsch-interior.com\/de\/produkt\/orbit-tischlampe-dunkelgrun\/#breadcrumb\",\"itemListElement\":[{\"@type\":\"ListItem\",\"position\":1,\"name\":\"Startseite\",\"item\":\"https:\/\/hubsch-interior.com\/de\/\"},{\"@type\":\"ListItem\",\"position\":2,\"name\":\"Produkte\",\"item\":\"https:\/\/hubsch-interior.com\/de\/shop-2\/\"},{\"@type\":\"ListItem\",\"position\":3,\"name\":\"Beleuchtung\",\"item\":\"https:\/\/hubsch-interior.com\/de\/produkt-kategorie\/beleuchtung\/\"},{\"@type\":\"ListItem\",\"position\":4,\"name\":\"Tischlampen\",\"item\":\"https:\/\/hubsch-interior.com\/de\/produkt-kategorie\/beleuchtung\/tischlampen-de\/\"},{\"@type\":\"ListItem\",\"position\":5,\"name\":\"Orbit Tischlampe Dunkelgr\u00fcn\"}]},{\"@type\":\"WebSite\",\"@id\":\"https:\/\/hubsch-interior.com\/de\/#website\",\"url\":\"https:\/\/hubsch-interior.com\/de\/\",\"name\":\"H\u00fcbsch\",\"description\":\"Danish Home Interior and Design\",\"publisher\":{\"@id\":\"https:\/\/hubsch-interior.com\/de\/#organization\"},\"potentialAction\":[{\"@type\":\"SearchAction\",\"target\":{\"@type\":\"EntryPoint\",\"urlTemplate\":\"https:\/\/hubsch-interior.com\/de\/?s={search_term_string}\"},\"query-input\":{\"@type\":\"PropertyValueSpecification\",\"valueRequired\":true,\"valueName\":\"search_term_string\"}}],\"inLanguage\":\"de\"},{\"@type\":\"Organization\",\"@id\":\"https:\/\/hubsch-interior.com\/de\/#organization\",\"name\":\"H\u00fcbsch\",\"url\":\"https:\/\/hubsch-interior.com\/de\/\",\"logo\":{\"@type\":\"ImageObject\",\"inLanguage\":\"de\",\"@id\":\"https:\/\/hubsch-interior.com\/de\/#\/schema\/logo\/image\/\",\"url\":\"https:\/\/hubsch-interior.com\/wp-content\/uploads\/2022\/12\/Hubsch_logo_black_one_line.svg\",\"contentUrl\":\"https:\/\/hubsch-interior.com\/wp-content\/uploads\/2022\/12\/Hubsch_logo_black_one_line.svg\",\"caption\":\"H\u00fcbsch\"},\"image\":{\"@id\":\"https:\/\/hubsch-interior.com\/de\/#\/schema\/logo\/image\/\"}}]}<\/script>\n<!-- \/ Yoast SEO plugin. -->","yoast_head_json":{"title":"Orbit Tischlampe Dunkelgr\u00fcn - H\u00fcbsch","description":"Vorstellung der Orbit Tischlampe, eine anspruchsvolle und elegante Erg\u00e4nzung f\u00fcr jeden Raum. Mit einer atemberaubenden dunkelgr\u00fcnen Farbe strahlt diese","robots":{"index":"index","follow":"follow","max-snippet":"max-snippet:-1","max-image-preview":"max-image-preview:large","max-video-preview":"max-video-preview:-1"},"canonical":"https:\/\/hubsch-interior.com\/de\/wp-json\/wp\/v2\/product\/977624","og_locale":"de_DE","og_type":"article","og_title":"Orbit Tischlampe Dunkelgr\u00fcn - H\u00fcbsch","og_description":"Vorstellung der Orbit Tischlampe, eine anspruchsvolle und elegante Erg\u00e4nzung f\u00fcr jeden Raum. Mit einer atemberaubenden dunkelgr\u00fcnen Farbe strahlt diese","og_url":"https:\/\/hubsch-interior.com\/de\/produkt\/orbit-tischlampe-dunkelgrun\/","og_site_name":"H\u00fcbsch","article_modified_time":"2026-04-14T03:04:11+00:00","og_image":[{"width":1200,"height":1200,"url":"https:\/\/hubsch-interior.com\/wp-content\/uploads\/2025\/04\/orbit-table-lamp-dark-green-f308f1b512e326e83d39ca96282456f0.jpg","type":"image\/jpeg"}],"twitter_card":"summary_large_image","twitter_misc":{"Gesch\u00e4tzte Lesezeit":"1\u00a0Minute"},"schema":{"@context":"https:\/\/schema.org","@graph":[{"@type":"WebPage","@id":"https:\/\/hubsch-interior.com\/de\/produkt\/orbit-tischlampe-dunkelgrun\/","url":"https:\/\/hubsch-interior.com\/de\/produkt\/orbit-tischlampe-dunkelgrun\/","name":"Orbit Tischlampe Dunkelgr\u00fcn - H\u00fcbsch","isPartOf":{"@id":"https:\/\/hubsch-interior.com\/de\/#website"},"primaryImageOfPage":{"@id":"https:\/\/hubsch-interior.com\/de\/produkt\/orbit-tischlampe-dunkelgrun\/#primaryimage"},"image":{"@id":"https:\/\/hubsch-interior.com\/de\/produkt\/orbit-tischlampe-dunkelgrun\/#primaryimage"},"thumbnailUrl":"https:\/\/hubsch-interior.com\/wp-content\/uploads\/2026\/02\/orbit-table-lamp-dark-green-a0b8381c26c3dea6e0c8221d41ad3120.jpg","datePublished":"2024-01-29T08:31:31+00:00","dateModified":"2026-04-14T03:04:11+00:00","description":"Vorstellung der Orbit Tischlampe, eine anspruchsvolle und elegante Erg\u00e4nzung f\u00fcr jeden Raum. Mit einer atemberaubenden dunkelgr\u00fcnen Farbe strahlt diese","breadcrumb":{"@id":"https:\/\/hubsch-interior.com\/de\/produkt\/orbit-tischlampe-dunkelgrun\/#breadcrumb"},"inLanguage":"de","potentialAction":[{"@type":"ReadAction","target":["https:\/\/hubsch-interior.com\/de\/produkt\/orbit-tischlampe-dunkelgrun\/"]}]},{"@type":"ImageObject","inLanguage":"de","@id":"https:\/\/hubsch-interior.com\/de\/produkt\/orbit-tischlampe-dunkelgrun\/#primaryimage","url":"https:\/\/hubsch-interior.com\/wp-content\/uploads\/2026\/02\/orbit-table-lamp-dark-green-a0b8381c26c3dea6e0c8221d41ad3120.jpg","contentUrl":"https:\/\/hubsch-interior.com\/wp-content\/uploads\/2026\/02\/orbit-table-lamp-dark-green-a0b8381c26c3dea6e0c8221d41ad3120.jpg","width":1024,"height":1024},{"@type":"BreadcrumbList","@id":"https:\/\/hubsch-interior.com\/de\/produkt\/orbit-tischlampe-dunkelgrun\/#breadcrumb","itemListElement":[{"@type":"ListItem","position":1,"name":"Startseite","item":"https:\/\/hubsch-interior.com\/de\/"},{"@type":"ListItem","position":2,"name":"Produkte","item":"https:\/\/hubsch-interior.com\/de\/shop-2\/"},{"@type":"ListItem","position":3,"name":"Beleuchtung","item":"https:\/\/hubsch-interior.com\/de\/produkt-kategorie\/beleuchtung\/"},{"@type":"ListItem","position":4,"name":"Tischlampen","item":"https:\/\/hubsch-interior.com\/de\/produkt-kategorie\/beleuchtung\/tischlampen-de\/"},{"@type":"ListItem","position":5,"name":"Orbit Tischlampe Dunkelgr\u00fcn"}]},{"@type":"WebSite","@id":"https:\/\/hubsch-interior.com\/de\/#website","url":"https:\/\/hubsch-interior.com\/de\/","name":"H\u00fcbsch","description":"Danish Home Interior and Design","publisher":{"@id":"https:\/\/hubsch-interior.com\/de\/#organization"},"potentialAction":[{"@type":"SearchAction","target":{"@type":"EntryPoint","urlTemplate":"https:\/\/hubsch-interior.com\/de\/?s={search_term_string}"},"query-input":{"@type":"PropertyValueSpecification","valueRequired":true,"valueName":"search_term_string"}}],"inLanguage":"de"},{"@type":"Organization","@id":"https:\/\/hubsch-interior.com\/de\/#organization","name":"H\u00fcbsch","url":"https:\/\/hubsch-interior.com\/de\/","logo":{"@type":"ImageObject","inLanguage":"de","@id":"https:\/\/hubsch-interior.com\/de\/#\/schema\/logo\/image\/","url":"https:\/\/hubsch-interior.com\/wp-content\/uploads\/2022\/12\/Hubsch_logo_black_one_line.svg","contentUrl":"https:\/\/hubsch-interior.com\/wp-content\/uploads\/2022\/12\/Hubsch_logo_black_one_line.svg","caption":"H\u00fcbsch"},"image":{"@id":"https:\/\/hubsch-interior.com\/de\/#\/schema\/logo\/image\/"}}]}},"_links":{"self":[{"href":"https:\/\/hubsch-interior.com\/de\/wp-json\/wp\/v2\/product\/977624","targetHints":{"allow":["GET"]}}],"collection":[{"href":"https:\/\/hubsch-interior.com\/de\/wp-json\/wp\/v2\/product"}],"about":[{"href":"https:\/\/hubsch-interior.com\/de\/wp-json\/wp\/v2\/types\/product"}],"wp:featuredmedia":[{"embeddable":true,"href":"https:\/\/hubsch-interior.com\/de\/wp-json\/wp\/v2\/media\/1106804"}],"wp:attachment":[{"href":"https:\/\/hubsch-interior.com\/de\/wp-json\/wp\/v2\/media?parent=977624"}],"wp:term":[{"taxonomy":"product_brand","embeddable":true,"href":"https:\/\/hubsch-interior.com\/de\/wp-json\/wp\/v2\/product_brand?post=977624"},{"taxonomy":"product_cat","embeddable":true,"href":"https:\/\/hubsch-interior.com\/de\/wp-json\/wp\/v2\/product_cat?post=977624"},{"taxonomy":"product_tag","embeddable":true,"href":"https:\/\/hubsch-interior.com\/de\/wp-json\/wp\/v2\/product_tag?post=977624"}],"curies":[{"name":"wp","href":"https:\/\/api.w.org\/{rel}","templated":true}]}}