{"id":977644,"date":"2024-01-29T09:31:49","date_gmt":"2024-01-29T08:31:49","guid":{"rendered":"https:\/\/hubsch-interior.com\/product\/product\/"},"modified":"2026-04-11T05:00:04","modified_gmt":"2026-04-11T03:00:04","slug":"sleek-tischlampe-braun-hellgrau","status":"publish","type":"product","link":"https:\/\/hubsch-interior.com\/de\/produkt\/sleek-tischlampe-braun-hellgrau\/","title":{"rendered":"Sleek Tischlampe Braun\/Hellgrau"},"content":{"rendered":"<p>Die Sleek Tischlampe ist die perfekte Erg\u00e4nzung f\u00fcr jedes moderne Zuhause. In zwei atemberaubenden Varianten erh\u00e4ltlich, ist dieses Modell in einer Mischung aus warmem, einladenden Braun und anspruchsvollem Hellgrau gestaltet. Hergestellt aus hochwertigem Acryl und Metall, strahlt diese Lampe Eleganz und Langlebigkeit aus. Mit ihrem schlanken Design eignet sie sich perfekt f\u00fcr schmale R\u00e4ume wie ein Fensterbrett oder ein schmales Regal. Und dank ihrer dimmbaren Funktion k\u00f6nnen Sie f\u00fcr jeden Moment die perfekte Atmosph\u00e4re schaffen.<\/p>\n","protected":false},"excerpt":{"rendered":"<p>Die Sleek Tischlampe ist die perfekte Erg\u00e4nzung f\u00fcr jedes moderne Zuhause. In zwei atemberaubenden Varianten erh\u00e4ltlich, ist dieses Modell in einer Mischung aus warmem, einladenden Braun und anspruchsvollem Hellgrau gestaltet. Hergestellt aus hochwertigem Acryl und Metall, strahlt diese Lampe Eleganz und Langlebigkeit aus. Mit ihrem schlanken Design eignet sie sich perfekt f\u00fcr schmale R\u00e4ume wie [&hellip;]<\/p>\n","protected":false},"featured_media":1106832,"template":"","meta":{"_acf_changed":false,"inline_featured_image":false},"product_brand":[],"product_cat":[6884,6901,3809,3501],"product_tag":[],"class_list":{"0":"post-977644","1":"product","2":"type-product","3":"status-publish","4":"has-post-thumbnail","6":"product_cat-elevating-nostalgia-de","7":"product_cat-funktionelle-beleuchtung-de","8":"product_cat-beleuchtung","9":"product_cat-tischlampen-de","10":"product_shipping_class-pk","12":"pa_color-braun","13":"pa_color-hellgrau-2","14":"pa_material-eisen-de","15":"pa_material-polycarbonat-2","17":"first","18":"instock","19":"taxable","20":"shipping-taxable","21":"purchasable","22":"product-type-simple"},"exclude_global_add_ons":[],"addons":[],"acf":[],"yoast_head":"<!-- This site is optimized with the Yoast SEO plugin v26.4 - https:\/\/yoast.com\/wordpress\/plugins\/seo\/ -->\n<title>Sleek Tischlampe Braun\/Hellgrau - H\u00fcbsch<\/title>\n<meta name=\"description\" content=\"Die Sleek Tischlampe ist die perfekte Erg\u00e4nzung f\u00fcr jedes moderne Zuhause. In zwei atemberaubenden Varianten erh\u00e4ltlich, ist dieses Modell in einer\" \/>\n<meta name=\"robots\" content=\"index, follow, max-snippet:-1, max-image-preview:large, max-video-preview:-1\" \/>\n<link rel=\"canonical\" href=\"https:\/\/hubsch-interior.com\/de\/wp-json\/wp\/v2\/product\/977644\" \/>\n<meta property=\"og:locale\" content=\"de_DE\" \/>\n<meta property=\"og:type\" content=\"article\" \/>\n<meta property=\"og:title\" content=\"Sleek Tischlampe Braun\/Hellgrau - H\u00fcbsch\" \/>\n<meta property=\"og:description\" content=\"Die Sleek Tischlampe ist die perfekte Erg\u00e4nzung f\u00fcr jedes moderne Zuhause. In zwei atemberaubenden Varianten erh\u00e4ltlich, ist dieses Modell in einer\" \/>\n<meta property=\"og:url\" content=\"https:\/\/hubsch-interior.com\/de\/produkt\/sleek-tischlampe-braun-hellgrau\/\" \/>\n<meta property=\"og:site_name\" content=\"H\u00fcbsch\" \/>\n<meta property=\"article:modified_time\" content=\"2026-04-11T03:00:04+00:00\" \/>\n<meta property=\"og:image\" content=\"https:\/\/hubsch-interior.com\/wp-content\/uploads\/2024\/01\/sleek-table-lamp-brownlight-grey-bc2c360cc3af1427746316c2d43955a2.jpg\" \/>\n\t<meta property=\"og:image:width\" content=\"1200\" \/>\n\t<meta property=\"og:image:height\" content=\"1200\" \/>\n\t<meta property=\"og:image:type\" content=\"image\/jpeg\" \/>\n<meta name=\"twitter:card\" content=\"summary_large_image\" \/>\n<script type=\"application\/ld+json\" class=\"yoast-schema-graph\">{\"@context\":\"https:\/\/schema.org\",\"@graph\":[{\"@type\":\"WebPage\",\"@id\":\"https:\/\/hubsch-interior.com\/de\/produkt\/sleek-tischlampe-braun-hellgrau\/\",\"url\":\"https:\/\/hubsch-interior.com\/de\/produkt\/sleek-tischlampe-braun-hellgrau\/\",\"name\":\"Sleek Tischlampe Braun\/Hellgrau - H\u00fcbsch\",\"isPartOf\":{\"@id\":\"https:\/\/hubsch-interior.com\/de\/#website\"},\"primaryImageOfPage\":{\"@id\":\"https:\/\/hubsch-interior.com\/de\/produkt\/sleek-tischlampe-braun-hellgrau\/#primaryimage\"},\"image\":{\"@id\":\"https:\/\/hubsch-interior.com\/de\/produkt\/sleek-tischlampe-braun-hellgrau\/#primaryimage\"},\"thumbnailUrl\":\"https:\/\/hubsch-interior.com\/wp-content\/uploads\/2026\/02\/sleek-table-lamp-brownlight-grey-e92ecb39819f4e42d50ffc0f8e7820c7.jpg\",\"datePublished\":\"2024-01-29T08:31:49+00:00\",\"dateModified\":\"2026-04-11T03:00:04+00:00\",\"description\":\"Die Sleek Tischlampe ist die perfekte Erg\u00e4nzung f\u00fcr jedes moderne Zuhause. In zwei atemberaubenden Varianten erh\u00e4ltlich, ist dieses Modell in einer\",\"breadcrumb\":{\"@id\":\"https:\/\/hubsch-interior.com\/de\/produkt\/sleek-tischlampe-braun-hellgrau\/#breadcrumb\"},\"inLanguage\":\"de\",\"potentialAction\":[{\"@type\":\"ReadAction\",\"target\":[\"https:\/\/hubsch-interior.com\/de\/produkt\/sleek-tischlampe-braun-hellgrau\/\"]}]},{\"@type\":\"ImageObject\",\"inLanguage\":\"de\",\"@id\":\"https:\/\/hubsch-interior.com\/de\/produkt\/sleek-tischlampe-braun-hellgrau\/#primaryimage\",\"url\":\"https:\/\/hubsch-interior.com\/wp-content\/uploads\/2026\/02\/sleek-table-lamp-brownlight-grey-e92ecb39819f4e42d50ffc0f8e7820c7.jpg\",\"contentUrl\":\"https:\/\/hubsch-interior.com\/wp-content\/uploads\/2026\/02\/sleek-table-lamp-brownlight-grey-e92ecb39819f4e42d50ffc0f8e7820c7.jpg\",\"width\":1024,\"height\":1024},{\"@type\":\"BreadcrumbList\",\"@id\":\"https:\/\/hubsch-interior.com\/de\/produkt\/sleek-tischlampe-braun-hellgrau\/#breadcrumb\",\"itemListElement\":[{\"@type\":\"ListItem\",\"position\":1,\"name\":\"Startseite\",\"item\":\"https:\/\/hubsch-interior.com\/de\/\"},{\"@type\":\"ListItem\",\"position\":2,\"name\":\"Produkte\",\"item\":\"https:\/\/hubsch-interior.com\/de\/shop-2\/\"},{\"@type\":\"ListItem\",\"position\":3,\"name\":\"Beleuchtung\",\"item\":\"https:\/\/hubsch-interior.com\/de\/produkt-kategorie\/beleuchtung\/\"},{\"@type\":\"ListItem\",\"position\":4,\"name\":\"Tischlampen\",\"item\":\"https:\/\/hubsch-interior.com\/de\/produkt-kategorie\/beleuchtung\/tischlampen-de\/\"},{\"@type\":\"ListItem\",\"position\":5,\"name\":\"Sleek Tischlampe Braun\/Hellgrau\"}]},{\"@type\":\"WebSite\",\"@id\":\"https:\/\/hubsch-interior.com\/de\/#website\",\"url\":\"https:\/\/hubsch-interior.com\/de\/\",\"name\":\"H\u00fcbsch\",\"description\":\"Danish Home Interior and Design\",\"publisher\":{\"@id\":\"https:\/\/hubsch-interior.com\/de\/#organization\"},\"potentialAction\":[{\"@type\":\"SearchAction\",\"target\":{\"@type\":\"EntryPoint\",\"urlTemplate\":\"https:\/\/hubsch-interior.com\/de\/?s={search_term_string}\"},\"query-input\":{\"@type\":\"PropertyValueSpecification\",\"valueRequired\":true,\"valueName\":\"search_term_string\"}}],\"inLanguage\":\"de\"},{\"@type\":\"Organization\",\"@id\":\"https:\/\/hubsch-interior.com\/de\/#organization\",\"name\":\"H\u00fcbsch\",\"url\":\"https:\/\/hubsch-interior.com\/de\/\",\"logo\":{\"@type\":\"ImageObject\",\"inLanguage\":\"de\",\"@id\":\"https:\/\/hubsch-interior.com\/de\/#\/schema\/logo\/image\/\",\"url\":\"https:\/\/hubsch-interior.com\/wp-content\/uploads\/2022\/12\/Hubsch_logo_black_one_line.svg\",\"contentUrl\":\"https:\/\/hubsch-interior.com\/wp-content\/uploads\/2022\/12\/Hubsch_logo_black_one_line.svg\",\"caption\":\"H\u00fcbsch\"},\"image\":{\"@id\":\"https:\/\/hubsch-interior.com\/de\/#\/schema\/logo\/image\/\"}}]}<\/script>\n<!-- \/ Yoast SEO plugin. -->","yoast_head_json":{"title":"Sleek Tischlampe Braun\/Hellgrau - H\u00fcbsch","description":"Die Sleek Tischlampe ist die perfekte Erg\u00e4nzung f\u00fcr jedes moderne Zuhause. In zwei atemberaubenden Varianten erh\u00e4ltlich, ist dieses Modell in einer","robots":{"index":"index","follow":"follow","max-snippet":"max-snippet:-1","max-image-preview":"max-image-preview:large","max-video-preview":"max-video-preview:-1"},"canonical":"https:\/\/hubsch-interior.com\/de\/wp-json\/wp\/v2\/product\/977644","og_locale":"de_DE","og_type":"article","og_title":"Sleek Tischlampe Braun\/Hellgrau - H\u00fcbsch","og_description":"Die Sleek Tischlampe ist die perfekte Erg\u00e4nzung f\u00fcr jedes moderne Zuhause. In zwei atemberaubenden Varianten erh\u00e4ltlich, ist dieses Modell in einer","og_url":"https:\/\/hubsch-interior.com\/de\/produkt\/sleek-tischlampe-braun-hellgrau\/","og_site_name":"H\u00fcbsch","article_modified_time":"2026-04-11T03:00:04+00:00","og_image":[{"width":1200,"height":1200,"url":"https:\/\/hubsch-interior.com\/wp-content\/uploads\/2024\/01\/sleek-table-lamp-brownlight-grey-bc2c360cc3af1427746316c2d43955a2.jpg","type":"image\/jpeg"}],"twitter_card":"summary_large_image","schema":{"@context":"https:\/\/schema.org","@graph":[{"@type":"WebPage","@id":"https:\/\/hubsch-interior.com\/de\/produkt\/sleek-tischlampe-braun-hellgrau\/","url":"https:\/\/hubsch-interior.com\/de\/produkt\/sleek-tischlampe-braun-hellgrau\/","name":"Sleek Tischlampe Braun\/Hellgrau - H\u00fcbsch","isPartOf":{"@id":"https:\/\/hubsch-interior.com\/de\/#website"},"primaryImageOfPage":{"@id":"https:\/\/hubsch-interior.com\/de\/produkt\/sleek-tischlampe-braun-hellgrau\/#primaryimage"},"image":{"@id":"https:\/\/hubsch-interior.com\/de\/produkt\/sleek-tischlampe-braun-hellgrau\/#primaryimage"},"thumbnailUrl":"https:\/\/hubsch-interior.com\/wp-content\/uploads\/2026\/02\/sleek-table-lamp-brownlight-grey-e92ecb39819f4e42d50ffc0f8e7820c7.jpg","datePublished":"2024-01-29T08:31:49+00:00","dateModified":"2026-04-11T03:00:04+00:00","description":"Die Sleek Tischlampe ist die perfekte Erg\u00e4nzung f\u00fcr jedes moderne Zuhause. In zwei atemberaubenden Varianten erh\u00e4ltlich, ist dieses Modell in einer","breadcrumb":{"@id":"https:\/\/hubsch-interior.com\/de\/produkt\/sleek-tischlampe-braun-hellgrau\/#breadcrumb"},"inLanguage":"de","potentialAction":[{"@type":"ReadAction","target":["https:\/\/hubsch-interior.com\/de\/produkt\/sleek-tischlampe-braun-hellgrau\/"]}]},{"@type":"ImageObject","inLanguage":"de","@id":"https:\/\/hubsch-interior.com\/de\/produkt\/sleek-tischlampe-braun-hellgrau\/#primaryimage","url":"https:\/\/hubsch-interior.com\/wp-content\/uploads\/2026\/02\/sleek-table-lamp-brownlight-grey-e92ecb39819f4e42d50ffc0f8e7820c7.jpg","contentUrl":"https:\/\/hubsch-interior.com\/wp-content\/uploads\/2026\/02\/sleek-table-lamp-brownlight-grey-e92ecb39819f4e42d50ffc0f8e7820c7.jpg","width":1024,"height":1024},{"@type":"BreadcrumbList","@id":"https:\/\/hubsch-interior.com\/de\/produkt\/sleek-tischlampe-braun-hellgrau\/#breadcrumb","itemListElement":[{"@type":"ListItem","position":1,"name":"Startseite","item":"https:\/\/hubsch-interior.com\/de\/"},{"@type":"ListItem","position":2,"name":"Produkte","item":"https:\/\/hubsch-interior.com\/de\/shop-2\/"},{"@type":"ListItem","position":3,"name":"Beleuchtung","item":"https:\/\/hubsch-interior.com\/de\/produkt-kategorie\/beleuchtung\/"},{"@type":"ListItem","position":4,"name":"Tischlampen","item":"https:\/\/hubsch-interior.com\/de\/produkt-kategorie\/beleuchtung\/tischlampen-de\/"},{"@type":"ListItem","position":5,"name":"Sleek Tischlampe Braun\/Hellgrau"}]},{"@type":"WebSite","@id":"https:\/\/hubsch-interior.com\/de\/#website","url":"https:\/\/hubsch-interior.com\/de\/","name":"H\u00fcbsch","description":"Danish Home Interior and Design","publisher":{"@id":"https:\/\/hubsch-interior.com\/de\/#organization"},"potentialAction":[{"@type":"SearchAction","target":{"@type":"EntryPoint","urlTemplate":"https:\/\/hubsch-interior.com\/de\/?s={search_term_string}"},"query-input":{"@type":"PropertyValueSpecification","valueRequired":true,"valueName":"search_term_string"}}],"inLanguage":"de"},{"@type":"Organization","@id":"https:\/\/hubsch-interior.com\/de\/#organization","name":"H\u00fcbsch","url":"https:\/\/hubsch-interior.com\/de\/","logo":{"@type":"ImageObject","inLanguage":"de","@id":"https:\/\/hubsch-interior.com\/de\/#\/schema\/logo\/image\/","url":"https:\/\/hubsch-interior.com\/wp-content\/uploads\/2022\/12\/Hubsch_logo_black_one_line.svg","contentUrl":"https:\/\/hubsch-interior.com\/wp-content\/uploads\/2022\/12\/Hubsch_logo_black_one_line.svg","caption":"H\u00fcbsch"},"image":{"@id":"https:\/\/hubsch-interior.com\/de\/#\/schema\/logo\/image\/"}}]}},"_links":{"self":[{"href":"https:\/\/hubsch-interior.com\/de\/wp-json\/wp\/v2\/product\/977644","targetHints":{"allow":["GET"]}}],"collection":[{"href":"https:\/\/hubsch-interior.com\/de\/wp-json\/wp\/v2\/product"}],"about":[{"href":"https:\/\/hubsch-interior.com\/de\/wp-json\/wp\/v2\/types\/product"}],"wp:featuredmedia":[{"embeddable":true,"href":"https:\/\/hubsch-interior.com\/de\/wp-json\/wp\/v2\/media\/1106832"}],"wp:attachment":[{"href":"https:\/\/hubsch-interior.com\/de\/wp-json\/wp\/v2\/media?parent=977644"}],"wp:term":[{"taxonomy":"product_brand","embeddable":true,"href":"https:\/\/hubsch-interior.com\/de\/wp-json\/wp\/v2\/product_brand?post=977644"},{"taxonomy":"product_cat","embeddable":true,"href":"https:\/\/hubsch-interior.com\/de\/wp-json\/wp\/v2\/product_cat?post=977644"},{"taxonomy":"product_tag","embeddable":true,"href":"https:\/\/hubsch-interior.com\/de\/wp-json\/wp\/v2\/product_tag?post=977644"}],"curies":[{"name":"wp","href":"https:\/\/api.w.org\/{rel}","templated":true}]}}