{"id":977668,"date":"2024-01-29T09:32:04","date_gmt":"2024-01-29T08:32:04","guid":{"rendered":"https:\/\/hubsch-interior.com\/product\/product\/"},"modified":"2026-04-11T05:00:08","modified_gmt":"2026-04-11T03:00:08","slug":"sleek-tischlampe-grun-rot","status":"publish","type":"product","link":"https:\/\/hubsch-interior.com\/de\/produkt\/sleek-tischlampe-grun-rot\/","title":{"rendered":"Sleek Tischlampe Gr\u00fcn\/Rot"},"content":{"rendered":"<p>Die Sleek Tischlampe, die perfekte Erg\u00e4nzung, um jeden Wohnraum mit ihren kr\u00e4ftigen und lustigen Farbwahlen zu erh\u00f6hen. Diese Lampe ist in zwei verschiedenen Varianten erh\u00e4ltlich, doch wir k\u00f6nnen uns nicht davon abhalten, von der auff\u00e4lligen gr\u00fcnen und roten Option angezogen zu werden. Hergestellt aus einer robusten Mischung aus Acryl und Metall, ist diese Lampe nicht nur stilvoll, sondern auch langlebig. Mit ihrem schlanken Design ist sie perfekt f\u00fcr schmale R\u00e4ume geeignet, wie zum Beispiel auf einem Fenstersims oder einem schmalen Regal. Au\u00dferdem verf\u00fcgt sie \u00fcber eine dimmbare Funktion, mit der Sie die perfekte Atmosph\u00e4re f\u00fcr jede Gelegenheit schaffen k\u00f6nnen. F\u00fcgen Sie Ihrem Zuhause mit der Sleek Tischlampe einen Hauch von Farbe und Funktionalit\u00e4t hinzu.<\/p>\n","protected":false},"excerpt":{"rendered":"<p>Die Sleek Tischlampe, die perfekte Erg\u00e4nzung, um jeden Wohnraum mit ihren kr\u00e4ftigen und lustigen Farbwahlen zu erh\u00f6hen. Diese Lampe ist in zwei verschiedenen Varianten erh\u00e4ltlich, doch wir k\u00f6nnen uns nicht davon abhalten, von der auff\u00e4lligen gr\u00fcnen und roten Option angezogen zu werden. Hergestellt aus einer robusten Mischung aus Acryl und Metall, ist diese Lampe nicht [&hellip;]<\/p>\n","protected":false},"featured_media":1106848,"template":"","meta":{"_acf_changed":false,"inline_featured_image":false},"product_brand":[],"product_cat":[6884,6901,3809,3501,5027,5031],"product_tag":[],"class_list":{"0":"post-977668","1":"product","2":"type-product","3":"status-publish","4":"has-post-thumbnail","6":"product_cat-elevating-nostalgia-de","7":"product_cat-funktionelle-beleuchtung-de","8":"product_cat-beleuchtung","9":"product_cat-tischlampen-de","10":"product_cat-bestsellers-de","11":"product_cat-wieder-auf-lager-de","12":"product_shipping_class-pk","14":"pa_color-grn-2","15":"pa_color-rot-2","16":"pa_material-eisen-de","17":"pa_material-polycarbonat-2","19":"first","20":"instock","21":"featured","22":"taxable","23":"shipping-taxable","24":"purchasable","25":"product-type-simple"},"exclude_global_add_ons":[],"addons":[],"acf":[],"yoast_head":"<!-- This site is optimized with the Yoast SEO plugin v26.4 - https:\/\/yoast.com\/wordpress\/plugins\/seo\/ -->\n<title>Sleek Tischlampe Gr\u00fcn\/Rot - H\u00fcbsch<\/title>\n<meta name=\"description\" content=\"Die Sleek Tischlampe, die perfekte Erg\u00e4nzung, um jeden Wohnraum mit ihren kr\u00e4ftigen und lustigen Farbwahlen zu erh\u00f6hen. Diese Lampe ist in zwei\" \/>\n<meta name=\"robots\" content=\"index, follow, max-snippet:-1, max-image-preview:large, max-video-preview:-1\" \/>\n<link rel=\"canonical\" href=\"https:\/\/hubsch-interior.com\/de\/wp-json\/wp\/v2\/product\/977668\" \/>\n<meta property=\"og:locale\" content=\"de_DE\" \/>\n<meta property=\"og:type\" content=\"article\" \/>\n<meta property=\"og:title\" content=\"Sleek Tischlampe Gr\u00fcn\/Rot - H\u00fcbsch\" \/>\n<meta property=\"og:description\" content=\"Die Sleek Tischlampe, die perfekte Erg\u00e4nzung, um jeden Wohnraum mit ihren kr\u00e4ftigen und lustigen Farbwahlen zu erh\u00f6hen. Diese Lampe ist in zwei\" \/>\n<meta property=\"og:url\" content=\"https:\/\/hubsch-interior.com\/de\/produkt\/sleek-tischlampe-grun-rot\/\" \/>\n<meta property=\"og:site_name\" content=\"H\u00fcbsch\" \/>\n<meta property=\"article:modified_time\" content=\"2026-04-11T03:00:08+00:00\" \/>\n<meta property=\"og:image\" content=\"https:\/\/hubsch-interior.com\/wp-content\/uploads\/2025\/04\/sleek-table-lamp-greenred-4c30bca910450616d0ad8edb39c2210d.jpg\" \/>\n\t<meta property=\"og:image:width\" content=\"1200\" \/>\n\t<meta property=\"og:image:height\" content=\"1200\" \/>\n\t<meta property=\"og:image:type\" content=\"image\/jpeg\" \/>\n<meta name=\"twitter:card\" content=\"summary_large_image\" \/>\n<meta name=\"twitter:label1\" content=\"Gesch\u00e4tzte Lesezeit\" \/>\n\t<meta name=\"twitter:data1\" content=\"1\u00a0Minute\" \/>\n<script type=\"application\/ld+json\" class=\"yoast-schema-graph\">{\"@context\":\"https:\/\/schema.org\",\"@graph\":[{\"@type\":\"WebPage\",\"@id\":\"https:\/\/hubsch-interior.com\/de\/produkt\/sleek-tischlampe-grun-rot\/\",\"url\":\"https:\/\/hubsch-interior.com\/de\/produkt\/sleek-tischlampe-grun-rot\/\",\"name\":\"Sleek Tischlampe Gr\u00fcn\/Rot - H\u00fcbsch\",\"isPartOf\":{\"@id\":\"https:\/\/hubsch-interior.com\/de\/#website\"},\"primaryImageOfPage\":{\"@id\":\"https:\/\/hubsch-interior.com\/de\/produkt\/sleek-tischlampe-grun-rot\/#primaryimage\"},\"image\":{\"@id\":\"https:\/\/hubsch-interior.com\/de\/produkt\/sleek-tischlampe-grun-rot\/#primaryimage\"},\"thumbnailUrl\":\"https:\/\/hubsch-interior.com\/wp-content\/uploads\/2026\/02\/sleek-table-lamp-greenred-1cbb5f41f241928c6d36e054f9bd6393.jpg\",\"datePublished\":\"2024-01-29T08:32:04+00:00\",\"dateModified\":\"2026-04-11T03:00:08+00:00\",\"description\":\"Die Sleek Tischlampe, die perfekte Erg\u00e4nzung, um jeden Wohnraum mit ihren kr\u00e4ftigen und lustigen Farbwahlen zu erh\u00f6hen. Diese Lampe ist in zwei\",\"breadcrumb\":{\"@id\":\"https:\/\/hubsch-interior.com\/de\/produkt\/sleek-tischlampe-grun-rot\/#breadcrumb\"},\"inLanguage\":\"de\",\"potentialAction\":[{\"@type\":\"ReadAction\",\"target\":[\"https:\/\/hubsch-interior.com\/de\/produkt\/sleek-tischlampe-grun-rot\/\"]}]},{\"@type\":\"ImageObject\",\"inLanguage\":\"de\",\"@id\":\"https:\/\/hubsch-interior.com\/de\/produkt\/sleek-tischlampe-grun-rot\/#primaryimage\",\"url\":\"https:\/\/hubsch-interior.com\/wp-content\/uploads\/2026\/02\/sleek-table-lamp-greenred-1cbb5f41f241928c6d36e054f9bd6393.jpg\",\"contentUrl\":\"https:\/\/hubsch-interior.com\/wp-content\/uploads\/2026\/02\/sleek-table-lamp-greenred-1cbb5f41f241928c6d36e054f9bd6393.jpg\",\"width\":1024,\"height\":1024},{\"@type\":\"BreadcrumbList\",\"@id\":\"https:\/\/hubsch-interior.com\/de\/produkt\/sleek-tischlampe-grun-rot\/#breadcrumb\",\"itemListElement\":[{\"@type\":\"ListItem\",\"position\":1,\"name\":\"Startseite\",\"item\":\"https:\/\/hubsch-interior.com\/de\/\"},{\"@type\":\"ListItem\",\"position\":2,\"name\":\"Produkte\",\"item\":\"https:\/\/hubsch-interior.com\/de\/shop-2\/\"},{\"@type\":\"ListItem\",\"position\":3,\"name\":\"Beleuchtung\",\"item\":\"https:\/\/hubsch-interior.com\/de\/produkt-kategorie\/beleuchtung\/\"},{\"@type\":\"ListItem\",\"position\":4,\"name\":\"Tischlampen\",\"item\":\"https:\/\/hubsch-interior.com\/de\/produkt-kategorie\/beleuchtung\/tischlampen-de\/\"},{\"@type\":\"ListItem\",\"position\":5,\"name\":\"Sleek Tischlampe Gr\u00fcn\/Rot\"}]},{\"@type\":\"WebSite\",\"@id\":\"https:\/\/hubsch-interior.com\/de\/#website\",\"url\":\"https:\/\/hubsch-interior.com\/de\/\",\"name\":\"H\u00fcbsch\",\"description\":\"Danish Home Interior and Design\",\"publisher\":{\"@id\":\"https:\/\/hubsch-interior.com\/de\/#organization\"},\"potentialAction\":[{\"@type\":\"SearchAction\",\"target\":{\"@type\":\"EntryPoint\",\"urlTemplate\":\"https:\/\/hubsch-interior.com\/de\/?s={search_term_string}\"},\"query-input\":{\"@type\":\"PropertyValueSpecification\",\"valueRequired\":true,\"valueName\":\"search_term_string\"}}],\"inLanguage\":\"de\"},{\"@type\":\"Organization\",\"@id\":\"https:\/\/hubsch-interior.com\/de\/#organization\",\"name\":\"H\u00fcbsch\",\"url\":\"https:\/\/hubsch-interior.com\/de\/\",\"logo\":{\"@type\":\"ImageObject\",\"inLanguage\":\"de\",\"@id\":\"https:\/\/hubsch-interior.com\/de\/#\/schema\/logo\/image\/\",\"url\":\"https:\/\/hubsch-interior.com\/wp-content\/uploads\/2022\/12\/Hubsch_logo_black_one_line.svg\",\"contentUrl\":\"https:\/\/hubsch-interior.com\/wp-content\/uploads\/2022\/12\/Hubsch_logo_black_one_line.svg\",\"caption\":\"H\u00fcbsch\"},\"image\":{\"@id\":\"https:\/\/hubsch-interior.com\/de\/#\/schema\/logo\/image\/\"}}]}<\/script>\n<!-- \/ Yoast SEO plugin. -->","yoast_head_json":{"title":"Sleek Tischlampe Gr\u00fcn\/Rot - H\u00fcbsch","description":"Die Sleek Tischlampe, die perfekte Erg\u00e4nzung, um jeden Wohnraum mit ihren kr\u00e4ftigen und lustigen Farbwahlen zu erh\u00f6hen. Diese Lampe ist in zwei","robots":{"index":"index","follow":"follow","max-snippet":"max-snippet:-1","max-image-preview":"max-image-preview:large","max-video-preview":"max-video-preview:-1"},"canonical":"https:\/\/hubsch-interior.com\/de\/wp-json\/wp\/v2\/product\/977668","og_locale":"de_DE","og_type":"article","og_title":"Sleek Tischlampe Gr\u00fcn\/Rot - H\u00fcbsch","og_description":"Die Sleek Tischlampe, die perfekte Erg\u00e4nzung, um jeden Wohnraum mit ihren kr\u00e4ftigen und lustigen Farbwahlen zu erh\u00f6hen. Diese Lampe ist in zwei","og_url":"https:\/\/hubsch-interior.com\/de\/produkt\/sleek-tischlampe-grun-rot\/","og_site_name":"H\u00fcbsch","article_modified_time":"2026-04-11T03:00:08+00:00","og_image":[{"width":1200,"height":1200,"url":"https:\/\/hubsch-interior.com\/wp-content\/uploads\/2025\/04\/sleek-table-lamp-greenred-4c30bca910450616d0ad8edb39c2210d.jpg","type":"image\/jpeg"}],"twitter_card":"summary_large_image","twitter_misc":{"Gesch\u00e4tzte Lesezeit":"1\u00a0Minute"},"schema":{"@context":"https:\/\/schema.org","@graph":[{"@type":"WebPage","@id":"https:\/\/hubsch-interior.com\/de\/produkt\/sleek-tischlampe-grun-rot\/","url":"https:\/\/hubsch-interior.com\/de\/produkt\/sleek-tischlampe-grun-rot\/","name":"Sleek Tischlampe Gr\u00fcn\/Rot - H\u00fcbsch","isPartOf":{"@id":"https:\/\/hubsch-interior.com\/de\/#website"},"primaryImageOfPage":{"@id":"https:\/\/hubsch-interior.com\/de\/produkt\/sleek-tischlampe-grun-rot\/#primaryimage"},"image":{"@id":"https:\/\/hubsch-interior.com\/de\/produkt\/sleek-tischlampe-grun-rot\/#primaryimage"},"thumbnailUrl":"https:\/\/hubsch-interior.com\/wp-content\/uploads\/2026\/02\/sleek-table-lamp-greenred-1cbb5f41f241928c6d36e054f9bd6393.jpg","datePublished":"2024-01-29T08:32:04+00:00","dateModified":"2026-04-11T03:00:08+00:00","description":"Die Sleek Tischlampe, die perfekte Erg\u00e4nzung, um jeden Wohnraum mit ihren kr\u00e4ftigen und lustigen Farbwahlen zu erh\u00f6hen. Diese Lampe ist in zwei","breadcrumb":{"@id":"https:\/\/hubsch-interior.com\/de\/produkt\/sleek-tischlampe-grun-rot\/#breadcrumb"},"inLanguage":"de","potentialAction":[{"@type":"ReadAction","target":["https:\/\/hubsch-interior.com\/de\/produkt\/sleek-tischlampe-grun-rot\/"]}]},{"@type":"ImageObject","inLanguage":"de","@id":"https:\/\/hubsch-interior.com\/de\/produkt\/sleek-tischlampe-grun-rot\/#primaryimage","url":"https:\/\/hubsch-interior.com\/wp-content\/uploads\/2026\/02\/sleek-table-lamp-greenred-1cbb5f41f241928c6d36e054f9bd6393.jpg","contentUrl":"https:\/\/hubsch-interior.com\/wp-content\/uploads\/2026\/02\/sleek-table-lamp-greenred-1cbb5f41f241928c6d36e054f9bd6393.jpg","width":1024,"height":1024},{"@type":"BreadcrumbList","@id":"https:\/\/hubsch-interior.com\/de\/produkt\/sleek-tischlampe-grun-rot\/#breadcrumb","itemListElement":[{"@type":"ListItem","position":1,"name":"Startseite","item":"https:\/\/hubsch-interior.com\/de\/"},{"@type":"ListItem","position":2,"name":"Produkte","item":"https:\/\/hubsch-interior.com\/de\/shop-2\/"},{"@type":"ListItem","position":3,"name":"Beleuchtung","item":"https:\/\/hubsch-interior.com\/de\/produkt-kategorie\/beleuchtung\/"},{"@type":"ListItem","position":4,"name":"Tischlampen","item":"https:\/\/hubsch-interior.com\/de\/produkt-kategorie\/beleuchtung\/tischlampen-de\/"},{"@type":"ListItem","position":5,"name":"Sleek Tischlampe Gr\u00fcn\/Rot"}]},{"@type":"WebSite","@id":"https:\/\/hubsch-interior.com\/de\/#website","url":"https:\/\/hubsch-interior.com\/de\/","name":"H\u00fcbsch","description":"Danish Home Interior and Design","publisher":{"@id":"https:\/\/hubsch-interior.com\/de\/#organization"},"potentialAction":[{"@type":"SearchAction","target":{"@type":"EntryPoint","urlTemplate":"https:\/\/hubsch-interior.com\/de\/?s={search_term_string}"},"query-input":{"@type":"PropertyValueSpecification","valueRequired":true,"valueName":"search_term_string"}}],"inLanguage":"de"},{"@type":"Organization","@id":"https:\/\/hubsch-interior.com\/de\/#organization","name":"H\u00fcbsch","url":"https:\/\/hubsch-interior.com\/de\/","logo":{"@type":"ImageObject","inLanguage":"de","@id":"https:\/\/hubsch-interior.com\/de\/#\/schema\/logo\/image\/","url":"https:\/\/hubsch-interior.com\/wp-content\/uploads\/2022\/12\/Hubsch_logo_black_one_line.svg","contentUrl":"https:\/\/hubsch-interior.com\/wp-content\/uploads\/2022\/12\/Hubsch_logo_black_one_line.svg","caption":"H\u00fcbsch"},"image":{"@id":"https:\/\/hubsch-interior.com\/de\/#\/schema\/logo\/image\/"}}]}},"_links":{"self":[{"href":"https:\/\/hubsch-interior.com\/de\/wp-json\/wp\/v2\/product\/977668","targetHints":{"allow":["GET"]}}],"collection":[{"href":"https:\/\/hubsch-interior.com\/de\/wp-json\/wp\/v2\/product"}],"about":[{"href":"https:\/\/hubsch-interior.com\/de\/wp-json\/wp\/v2\/types\/product"}],"wp:featuredmedia":[{"embeddable":true,"href":"https:\/\/hubsch-interior.com\/de\/wp-json\/wp\/v2\/media\/1106848"}],"wp:attachment":[{"href":"https:\/\/hubsch-interior.com\/de\/wp-json\/wp\/v2\/media?parent=977668"}],"wp:term":[{"taxonomy":"product_brand","embeddable":true,"href":"https:\/\/hubsch-interior.com\/de\/wp-json\/wp\/v2\/product_brand?post=977668"},{"taxonomy":"product_cat","embeddable":true,"href":"https:\/\/hubsch-interior.com\/de\/wp-json\/wp\/v2\/product_cat?post=977668"},{"taxonomy":"product_tag","embeddable":true,"href":"https:\/\/hubsch-interior.com\/de\/wp-json\/wp\/v2\/product_tag?post=977668"}],"curies":[{"name":"wp","href":"https:\/\/api.w.org\/{rel}","templated":true}]}}