{"id":977688,"date":"2024-01-29T09:32:20","date_gmt":"2024-01-29T08:32:20","guid":{"rendered":"https:\/\/hubsch-interior.com\/product\/product\/"},"modified":"2026-04-09T05:03:29","modified_gmt":"2026-04-09T03:03:29","slug":"satellite-wandleuchte-hellgrun","status":"publish","type":"product","link":"https:\/\/hubsch-interior.com\/de\/produkt\/satellite-wandleuchte-hellgrun\/","title":{"rendered":"Satellite Wandleuchte Hellgr\u00fcn"},"content":{"rendered":"<p>Vorstellung der Satellite Wandleuchte, eine atemberaubende Erg\u00e4nzung f\u00fcr jeden Innenraum. Mit ihrer sandfarbenen Acryl-, Glas- und Metallkonstruktion strahlt diese Leuchte sowohl Eleganz als auch einen industriellen Look aus. Egal ob horizontal oder vertikal angebracht, sie passt sich m\u00fchelos jedem Raum an und ist somit eine vielseitige Wahl f\u00fcr jedes Zuhause. Und dank ihrer dimmbaren Funktion k\u00f6nnen Sie ganz einfach die Stimmung nach Ihren W\u00fcnschen anpassen. Warum sich also mit gew\u00f6hnlichem zufrieden geben, wenn Sie mit der Satellite Wandleuchte Ihr Zuhause aufwerten k\u00f6nnen?<\/p>\n","protected":false},"excerpt":{"rendered":"<p>Vorstellung der Satellite Wandleuchte, eine atemberaubende Erg\u00e4nzung f\u00fcr jeden Innenraum. Mit ihrer sandfarbenen Acryl-, Glas- und Metallkonstruktion strahlt diese Leuchte sowohl Eleganz als auch einen industriellen Look aus. Egal ob horizontal oder vertikal angebracht, sie passt sich m\u00fchelos jedem Raum an und ist somit eine vielseitige Wahl f\u00fcr jedes Zuhause. Und dank ihrer dimmbaren Funktion [&hellip;]<\/p>\n","protected":false},"featured_media":1106868,"template":"","meta":{"_acf_changed":false,"inline_featured_image":false},"product_brand":[],"product_cat":[6884,6901,3809,3409,5027],"product_tag":[],"class_list":{"0":"post-977688","1":"product","2":"type-product","3":"status-publish","4":"has-post-thumbnail","6":"product_cat-elevating-nostalgia-de","7":"product_cat-funktionelle-beleuchtung-de","8":"product_cat-beleuchtung","9":"product_cat-wandlampen-de","10":"product_cat-bestsellers-de","11":"product_shipping_class-pk","13":"pa_color-hellgrn-2","14":"pa_material-eisen-de","15":"pa_material-glas-de","17":"first","18":"instock","19":"featured","20":"taxable","21":"shipping-taxable","22":"purchasable","23":"product-type-simple"},"exclude_global_add_ons":[],"addons":[],"acf":[],"yoast_head":"<!-- This site is optimized with the Yoast SEO plugin v26.4 - https:\/\/yoast.com\/wordpress\/plugins\/seo\/ -->\n<title>Satellite Wandleuchte Hellgr\u00fcn - H\u00fcbsch<\/title>\n<meta name=\"description\" content=\"Vorstellung der Satellite Wandleuchte, eine atemberaubende Erg\u00e4nzung f\u00fcr jeden Innenraum. Mit ihrer sandfarbenen Acryl-, Glas- und Metallkonstruktion\" \/>\n<meta name=\"robots\" content=\"index, follow, max-snippet:-1, max-image-preview:large, max-video-preview:-1\" \/>\n<link rel=\"canonical\" href=\"https:\/\/hubsch-interior.com\/de\/wp-json\/wp\/v2\/product\/977688\" \/>\n<meta property=\"og:locale\" content=\"de_DE\" \/>\n<meta property=\"og:type\" content=\"article\" \/>\n<meta property=\"og:title\" content=\"Satellite Wandleuchte Hellgr\u00fcn - H\u00fcbsch\" \/>\n<meta property=\"og:description\" content=\"Vorstellung der Satellite Wandleuchte, eine atemberaubende Erg\u00e4nzung f\u00fcr jeden Innenraum. Mit ihrer sandfarbenen Acryl-, Glas- und Metallkonstruktion\" \/>\n<meta property=\"og:url\" content=\"https:\/\/hubsch-interior.com\/de\/produkt\/satellite-wandleuchte-hellgrun\/\" \/>\n<meta property=\"og:site_name\" content=\"H\u00fcbsch\" \/>\n<meta property=\"article:modified_time\" content=\"2026-04-09T03:03:29+00:00\" \/>\n<meta property=\"og:image\" content=\"https:\/\/hubsch-interior.com\/wp-content\/uploads\/2025\/04\/satellite-wall-light-light-green-c76ef5cb3072e3abcc7343fce3516dba.jpg\" \/>\n\t<meta property=\"og:image:width\" content=\"1200\" \/>\n\t<meta property=\"og:image:height\" content=\"1200\" \/>\n\t<meta property=\"og:image:type\" content=\"image\/jpeg\" \/>\n<meta name=\"twitter:card\" content=\"summary_large_image\" \/>\n<script type=\"application\/ld+json\" class=\"yoast-schema-graph\">{\"@context\":\"https:\/\/schema.org\",\"@graph\":[{\"@type\":\"WebPage\",\"@id\":\"https:\/\/hubsch-interior.com\/de\/produkt\/satellite-wandleuchte-hellgrun\/\",\"url\":\"https:\/\/hubsch-interior.com\/de\/produkt\/satellite-wandleuchte-hellgrun\/\",\"name\":\"Satellite Wandleuchte Hellgr\u00fcn - H\u00fcbsch\",\"isPartOf\":{\"@id\":\"https:\/\/hubsch-interior.com\/de\/#website\"},\"primaryImageOfPage\":{\"@id\":\"https:\/\/hubsch-interior.com\/de\/produkt\/satellite-wandleuchte-hellgrun\/#primaryimage\"},\"image\":{\"@id\":\"https:\/\/hubsch-interior.com\/de\/produkt\/satellite-wandleuchte-hellgrun\/#primaryimage\"},\"thumbnailUrl\":\"https:\/\/hubsch-interior.com\/wp-content\/uploads\/2026\/02\/satellite-wall-light-light-green-e67bbaaa99353660778c142dbf9a9552.jpg\",\"datePublished\":\"2024-01-29T08:32:20+00:00\",\"dateModified\":\"2026-04-09T03:03:29+00:00\",\"description\":\"Vorstellung der Satellite Wandleuchte, eine atemberaubende Erg\u00e4nzung f\u00fcr jeden Innenraum. Mit ihrer sandfarbenen Acryl-, Glas- und Metallkonstruktion\",\"breadcrumb\":{\"@id\":\"https:\/\/hubsch-interior.com\/de\/produkt\/satellite-wandleuchte-hellgrun\/#breadcrumb\"},\"inLanguage\":\"de\",\"potentialAction\":[{\"@type\":\"ReadAction\",\"target\":[\"https:\/\/hubsch-interior.com\/de\/produkt\/satellite-wandleuchte-hellgrun\/\"]}]},{\"@type\":\"ImageObject\",\"inLanguage\":\"de\",\"@id\":\"https:\/\/hubsch-interior.com\/de\/produkt\/satellite-wandleuchte-hellgrun\/#primaryimage\",\"url\":\"https:\/\/hubsch-interior.com\/wp-content\/uploads\/2026\/02\/satellite-wall-light-light-green-e67bbaaa99353660778c142dbf9a9552.jpg\",\"contentUrl\":\"https:\/\/hubsch-interior.com\/wp-content\/uploads\/2026\/02\/satellite-wall-light-light-green-e67bbaaa99353660778c142dbf9a9552.jpg\",\"width\":1024,\"height\":1024},{\"@type\":\"BreadcrumbList\",\"@id\":\"https:\/\/hubsch-interior.com\/de\/produkt\/satellite-wandleuchte-hellgrun\/#breadcrumb\",\"itemListElement\":[{\"@type\":\"ListItem\",\"position\":1,\"name\":\"Startseite\",\"item\":\"https:\/\/hubsch-interior.com\/de\/\"},{\"@type\":\"ListItem\",\"position\":2,\"name\":\"Produkte\",\"item\":\"https:\/\/hubsch-interior.com\/de\/shop-2\/\"},{\"@type\":\"ListItem\",\"position\":3,\"name\":\"Beleuchtung\",\"item\":\"https:\/\/hubsch-interior.com\/de\/produkt-kategorie\/beleuchtung\/\"},{\"@type\":\"ListItem\",\"position\":4,\"name\":\"Wandlampen\",\"item\":\"https:\/\/hubsch-interior.com\/de\/produkt-kategorie\/beleuchtung\/wandlampen-de\/\"},{\"@type\":\"ListItem\",\"position\":5,\"name\":\"Satellite Wandleuchte Hellgr\u00fcn\"}]},{\"@type\":\"WebSite\",\"@id\":\"https:\/\/hubsch-interior.com\/de\/#website\",\"url\":\"https:\/\/hubsch-interior.com\/de\/\",\"name\":\"H\u00fcbsch\",\"description\":\"Danish Home Interior and Design\",\"publisher\":{\"@id\":\"https:\/\/hubsch-interior.com\/de\/#organization\"},\"potentialAction\":[{\"@type\":\"SearchAction\",\"target\":{\"@type\":\"EntryPoint\",\"urlTemplate\":\"https:\/\/hubsch-interior.com\/de\/?s={search_term_string}\"},\"query-input\":{\"@type\":\"PropertyValueSpecification\",\"valueRequired\":true,\"valueName\":\"search_term_string\"}}],\"inLanguage\":\"de\"},{\"@type\":\"Organization\",\"@id\":\"https:\/\/hubsch-interior.com\/de\/#organization\",\"name\":\"H\u00fcbsch\",\"url\":\"https:\/\/hubsch-interior.com\/de\/\",\"logo\":{\"@type\":\"ImageObject\",\"inLanguage\":\"de\",\"@id\":\"https:\/\/hubsch-interior.com\/de\/#\/schema\/logo\/image\/\",\"url\":\"https:\/\/hubsch-interior.com\/wp-content\/uploads\/2022\/12\/Hubsch_logo_black_one_line.svg\",\"contentUrl\":\"https:\/\/hubsch-interior.com\/wp-content\/uploads\/2022\/12\/Hubsch_logo_black_one_line.svg\",\"caption\":\"H\u00fcbsch\"},\"image\":{\"@id\":\"https:\/\/hubsch-interior.com\/de\/#\/schema\/logo\/image\/\"}}]}<\/script>\n<!-- \/ Yoast SEO plugin. -->","yoast_head_json":{"title":"Satellite Wandleuchte Hellgr\u00fcn - H\u00fcbsch","description":"Vorstellung der Satellite Wandleuchte, eine atemberaubende Erg\u00e4nzung f\u00fcr jeden Innenraum. Mit ihrer sandfarbenen Acryl-, Glas- und Metallkonstruktion","robots":{"index":"index","follow":"follow","max-snippet":"max-snippet:-1","max-image-preview":"max-image-preview:large","max-video-preview":"max-video-preview:-1"},"canonical":"https:\/\/hubsch-interior.com\/de\/wp-json\/wp\/v2\/product\/977688","og_locale":"de_DE","og_type":"article","og_title":"Satellite Wandleuchte Hellgr\u00fcn - H\u00fcbsch","og_description":"Vorstellung der Satellite Wandleuchte, eine atemberaubende Erg\u00e4nzung f\u00fcr jeden Innenraum. Mit ihrer sandfarbenen Acryl-, Glas- und Metallkonstruktion","og_url":"https:\/\/hubsch-interior.com\/de\/produkt\/satellite-wandleuchte-hellgrun\/","og_site_name":"H\u00fcbsch","article_modified_time":"2026-04-09T03:03:29+00:00","og_image":[{"width":1200,"height":1200,"url":"https:\/\/hubsch-interior.com\/wp-content\/uploads\/2025\/04\/satellite-wall-light-light-green-c76ef5cb3072e3abcc7343fce3516dba.jpg","type":"image\/jpeg"}],"twitter_card":"summary_large_image","schema":{"@context":"https:\/\/schema.org","@graph":[{"@type":"WebPage","@id":"https:\/\/hubsch-interior.com\/de\/produkt\/satellite-wandleuchte-hellgrun\/","url":"https:\/\/hubsch-interior.com\/de\/produkt\/satellite-wandleuchte-hellgrun\/","name":"Satellite Wandleuchte Hellgr\u00fcn - H\u00fcbsch","isPartOf":{"@id":"https:\/\/hubsch-interior.com\/de\/#website"},"primaryImageOfPage":{"@id":"https:\/\/hubsch-interior.com\/de\/produkt\/satellite-wandleuchte-hellgrun\/#primaryimage"},"image":{"@id":"https:\/\/hubsch-interior.com\/de\/produkt\/satellite-wandleuchte-hellgrun\/#primaryimage"},"thumbnailUrl":"https:\/\/hubsch-interior.com\/wp-content\/uploads\/2026\/02\/satellite-wall-light-light-green-e67bbaaa99353660778c142dbf9a9552.jpg","datePublished":"2024-01-29T08:32:20+00:00","dateModified":"2026-04-09T03:03:29+00:00","description":"Vorstellung der Satellite Wandleuchte, eine atemberaubende Erg\u00e4nzung f\u00fcr jeden Innenraum. Mit ihrer sandfarbenen Acryl-, Glas- und Metallkonstruktion","breadcrumb":{"@id":"https:\/\/hubsch-interior.com\/de\/produkt\/satellite-wandleuchte-hellgrun\/#breadcrumb"},"inLanguage":"de","potentialAction":[{"@type":"ReadAction","target":["https:\/\/hubsch-interior.com\/de\/produkt\/satellite-wandleuchte-hellgrun\/"]}]},{"@type":"ImageObject","inLanguage":"de","@id":"https:\/\/hubsch-interior.com\/de\/produkt\/satellite-wandleuchte-hellgrun\/#primaryimage","url":"https:\/\/hubsch-interior.com\/wp-content\/uploads\/2026\/02\/satellite-wall-light-light-green-e67bbaaa99353660778c142dbf9a9552.jpg","contentUrl":"https:\/\/hubsch-interior.com\/wp-content\/uploads\/2026\/02\/satellite-wall-light-light-green-e67bbaaa99353660778c142dbf9a9552.jpg","width":1024,"height":1024},{"@type":"BreadcrumbList","@id":"https:\/\/hubsch-interior.com\/de\/produkt\/satellite-wandleuchte-hellgrun\/#breadcrumb","itemListElement":[{"@type":"ListItem","position":1,"name":"Startseite","item":"https:\/\/hubsch-interior.com\/de\/"},{"@type":"ListItem","position":2,"name":"Produkte","item":"https:\/\/hubsch-interior.com\/de\/shop-2\/"},{"@type":"ListItem","position":3,"name":"Beleuchtung","item":"https:\/\/hubsch-interior.com\/de\/produkt-kategorie\/beleuchtung\/"},{"@type":"ListItem","position":4,"name":"Wandlampen","item":"https:\/\/hubsch-interior.com\/de\/produkt-kategorie\/beleuchtung\/wandlampen-de\/"},{"@type":"ListItem","position":5,"name":"Satellite Wandleuchte Hellgr\u00fcn"}]},{"@type":"WebSite","@id":"https:\/\/hubsch-interior.com\/de\/#website","url":"https:\/\/hubsch-interior.com\/de\/","name":"H\u00fcbsch","description":"Danish Home Interior and Design","publisher":{"@id":"https:\/\/hubsch-interior.com\/de\/#organization"},"potentialAction":[{"@type":"SearchAction","target":{"@type":"EntryPoint","urlTemplate":"https:\/\/hubsch-interior.com\/de\/?s={search_term_string}"},"query-input":{"@type":"PropertyValueSpecification","valueRequired":true,"valueName":"search_term_string"}}],"inLanguage":"de"},{"@type":"Organization","@id":"https:\/\/hubsch-interior.com\/de\/#organization","name":"H\u00fcbsch","url":"https:\/\/hubsch-interior.com\/de\/","logo":{"@type":"ImageObject","inLanguage":"de","@id":"https:\/\/hubsch-interior.com\/de\/#\/schema\/logo\/image\/","url":"https:\/\/hubsch-interior.com\/wp-content\/uploads\/2022\/12\/Hubsch_logo_black_one_line.svg","contentUrl":"https:\/\/hubsch-interior.com\/wp-content\/uploads\/2022\/12\/Hubsch_logo_black_one_line.svg","caption":"H\u00fcbsch"},"image":{"@id":"https:\/\/hubsch-interior.com\/de\/#\/schema\/logo\/image\/"}}]}},"_links":{"self":[{"href":"https:\/\/hubsch-interior.com\/de\/wp-json\/wp\/v2\/product\/977688","targetHints":{"allow":["GET"]}}],"collection":[{"href":"https:\/\/hubsch-interior.com\/de\/wp-json\/wp\/v2\/product"}],"about":[{"href":"https:\/\/hubsch-interior.com\/de\/wp-json\/wp\/v2\/types\/product"}],"wp:featuredmedia":[{"embeddable":true,"href":"https:\/\/hubsch-interior.com\/de\/wp-json\/wp\/v2\/media\/1106868"}],"wp:attachment":[{"href":"https:\/\/hubsch-interior.com\/de\/wp-json\/wp\/v2\/media?parent=977688"}],"wp:term":[{"taxonomy":"product_brand","embeddable":true,"href":"https:\/\/hubsch-interior.com\/de\/wp-json\/wp\/v2\/product_brand?post=977688"},{"taxonomy":"product_cat","embeddable":true,"href":"https:\/\/hubsch-interior.com\/de\/wp-json\/wp\/v2\/product_cat?post=977688"},{"taxonomy":"product_tag","embeddable":true,"href":"https:\/\/hubsch-interior.com\/de\/wp-json\/wp\/v2\/product_tag?post=977688"}],"curies":[{"name":"wp","href":"https:\/\/api.w.org\/{rel}","templated":true}]}}