{"id":977700,"date":"2024-01-29T09:32:32","date_gmt":"2024-01-29T08:32:32","guid":{"rendered":"https:\/\/hubsch-interior.com\/product\/product\/"},"modified":"2026-04-14T05:04:31","modified_gmt":"2026-04-14T03:04:31","slug":"wally-wandleuchte","status":"publish","type":"product","link":"https:\/\/hubsch-interior.com\/de\/produkt\/wally-wandleuchte\/","title":{"rendered":"Wally Wandleuchte"},"content":{"rendered":"<p>Vorstellung der Wally Wandleuchte in einem beeindruckenden Sandfarbton, die perfekte Erg\u00e4nzung f\u00fcr Ihre Leseecke. Hergestellt aus elegantem Glas und Metall, besticht diese Lampe durch ihre skulpturale Form, die jeden Raum aufwertet. Mit der M\u00f6glichkeit, um 180 Grad verstellt zu werden, k\u00f6nnen Sie das Licht genau dorthin lenken, wo Sie es brauchen. Die kontrastierende Kordelfarbe verleiht dem ohnehin schon markanten Design eine zus\u00e4tzliche Portion K\u00fchnheit. W\u00e4hlen Sie aus zwei verschiedenen Varianten die perfekte Passform f\u00fcr Ihren Raum. Setzen Sie mit der Wally Wandleuchte ein Statement.<\/p>\n","protected":false},"excerpt":{"rendered":"<p>Vorstellung der Wally Wandleuchte in einem beeindruckenden Sandfarbton, die perfekte Erg\u00e4nzung f\u00fcr Ihre Leseecke. Hergestellt aus elegantem Glas und Metall, besticht diese Lampe durch ihre skulpturale Form, die jeden Raum aufwertet. Mit der M\u00f6glichkeit, um 180 Grad verstellt zu werden, k\u00f6nnen Sie das Licht genau dorthin lenken, wo Sie es brauchen. Die kontrastierende Kordelfarbe verleiht [&hellip;]<\/p>\n","protected":false},"featured_media":1106884,"template":"","meta":{"_acf_changed":false,"inline_featured_image":false},"product_brand":[],"product_cat":[6944,6884,6901,3809,3409,5027,5031],"product_tag":[],"class_list":{"0":"post-977700","1":"product","2":"type-product","3":"status-publish","4":"has-post-thumbnail","6":"product_cat-bestseller-2025-de","7":"product_cat-elevating-nostalgia-de","8":"product_cat-funktionelle-beleuchtung-de","9":"product_cat-beleuchtung","10":"product_cat-wandlampen-de","11":"product_cat-bestsellers-de","12":"product_cat-wieder-auf-lager-de","13":"product_shipping_class-pk","15":"pa_material-eisen-de","16":"pa_material-glas-de","18":"first","19":"instock","20":"featured","21":"taxable","22":"shipping-taxable","23":"purchasable","24":"product-type-simple"},"exclude_global_add_ons":[],"addons":[],"acf":[],"yoast_head":"<!-- This site is optimized with the Yoast SEO plugin v26.4 - https:\/\/yoast.com\/wordpress\/plugins\/seo\/ -->\n<title>Wally Wandleuchte - H\u00fcbsch<\/title>\n<meta name=\"description\" content=\"Vorstellung der Wally Wandleuchte in einem beeindruckenden Sandfarbton, die perfekte Erg\u00e4nzung f\u00fcr Ihre Leseecke. Hergestellt aus elegantem Glas und\" \/>\n<meta name=\"robots\" content=\"index, follow, max-snippet:-1, max-image-preview:large, max-video-preview:-1\" \/>\n<link rel=\"canonical\" href=\"https:\/\/hubsch-interior.com\/de\/wp-json\/wp\/v2\/product\/977700\" \/>\n<meta property=\"og:locale\" content=\"de_DE\" \/>\n<meta property=\"og:type\" content=\"article\" \/>\n<meta property=\"og:title\" content=\"Wally Wandleuchte - H\u00fcbsch\" \/>\n<meta property=\"og:description\" content=\"Vorstellung der Wally Wandleuchte in einem beeindruckenden Sandfarbton, die perfekte Erg\u00e4nzung f\u00fcr Ihre Leseecke. Hergestellt aus elegantem Glas und\" \/>\n<meta property=\"og:url\" content=\"https:\/\/hubsch-interior.com\/de\/produkt\/wally-wandleuchte\/\" \/>\n<meta property=\"og:site_name\" content=\"H\u00fcbsch\" \/>\n<meta property=\"article:modified_time\" content=\"2026-04-14T03:04:31+00:00\" \/>\n<meta property=\"og:image\" content=\"https:\/\/hubsch-interior.com\/wp-content\/uploads\/2026\/02\/wally-wall-light-sand-7aa9acf1f86f356424df5e38d83accd0.jpg\" \/>\n\t<meta property=\"og:image:width\" content=\"1024\" \/>\n\t<meta property=\"og:image:height\" content=\"1024\" \/>\n\t<meta property=\"og:image:type\" content=\"image\/jpeg\" \/>\n<meta name=\"twitter:card\" content=\"summary_large_image\" \/>\n<script type=\"application\/ld+json\" class=\"yoast-schema-graph\">{\"@context\":\"https:\/\/schema.org\",\"@graph\":[{\"@type\":\"WebPage\",\"@id\":\"https:\/\/hubsch-interior.com\/de\/produkt\/wally-wandleuchte\/\",\"url\":\"https:\/\/hubsch-interior.com\/de\/produkt\/wally-wandleuchte\/\",\"name\":\"Wally Wandleuchte - H\u00fcbsch\",\"isPartOf\":{\"@id\":\"https:\/\/hubsch-interior.com\/de\/#website\"},\"primaryImageOfPage\":{\"@id\":\"https:\/\/hubsch-interior.com\/de\/produkt\/wally-wandleuchte\/#primaryimage\"},\"image\":{\"@id\":\"https:\/\/hubsch-interior.com\/de\/produkt\/wally-wandleuchte\/#primaryimage\"},\"thumbnailUrl\":\"https:\/\/hubsch-interior.com\/wp-content\/uploads\/2026\/02\/wally-wall-light-sand-7aa9acf1f86f356424df5e38d83accd0.jpg\",\"datePublished\":\"2024-01-29T08:32:32+00:00\",\"dateModified\":\"2026-04-14T03:04:31+00:00\",\"description\":\"Vorstellung der Wally Wandleuchte in einem beeindruckenden Sandfarbton, die perfekte Erg\u00e4nzung f\u00fcr Ihre Leseecke. Hergestellt aus elegantem Glas und\",\"breadcrumb\":{\"@id\":\"https:\/\/hubsch-interior.com\/de\/produkt\/wally-wandleuchte\/#breadcrumb\"},\"inLanguage\":\"de\",\"potentialAction\":[{\"@type\":\"ReadAction\",\"target\":[\"https:\/\/hubsch-interior.com\/de\/produkt\/wally-wandleuchte\/\"]}]},{\"@type\":\"ImageObject\",\"inLanguage\":\"de\",\"@id\":\"https:\/\/hubsch-interior.com\/de\/produkt\/wally-wandleuchte\/#primaryimage\",\"url\":\"https:\/\/hubsch-interior.com\/wp-content\/uploads\/2026\/02\/wally-wall-light-sand-7aa9acf1f86f356424df5e38d83accd0.jpg\",\"contentUrl\":\"https:\/\/hubsch-interior.com\/wp-content\/uploads\/2026\/02\/wally-wall-light-sand-7aa9acf1f86f356424df5e38d83accd0.jpg\",\"width\":1024,\"height\":1024},{\"@type\":\"BreadcrumbList\",\"@id\":\"https:\/\/hubsch-interior.com\/de\/produkt\/wally-wandleuchte\/#breadcrumb\",\"itemListElement\":[{\"@type\":\"ListItem\",\"position\":1,\"name\":\"Startseite\",\"item\":\"https:\/\/hubsch-interior.com\/de\/\"},{\"@type\":\"ListItem\",\"position\":2,\"name\":\"Produkte\",\"item\":\"https:\/\/hubsch-interior.com\/de\/shop-2\/\"},{\"@type\":\"ListItem\",\"position\":3,\"name\":\"Beleuchtung\",\"item\":\"https:\/\/hubsch-interior.com\/de\/produkt-kategorie\/beleuchtung\/\"},{\"@type\":\"ListItem\",\"position\":4,\"name\":\"Wandlampen\",\"item\":\"https:\/\/hubsch-interior.com\/de\/produkt-kategorie\/beleuchtung\/wandlampen-de\/\"},{\"@type\":\"ListItem\",\"position\":5,\"name\":\"Wally Wandleuchte\"}]},{\"@type\":\"WebSite\",\"@id\":\"https:\/\/hubsch-interior.com\/de\/#website\",\"url\":\"https:\/\/hubsch-interior.com\/de\/\",\"name\":\"H\u00fcbsch\",\"description\":\"Danish Home Interior and Design\",\"publisher\":{\"@id\":\"https:\/\/hubsch-interior.com\/de\/#organization\"},\"potentialAction\":[{\"@type\":\"SearchAction\",\"target\":{\"@type\":\"EntryPoint\",\"urlTemplate\":\"https:\/\/hubsch-interior.com\/de\/?s={search_term_string}\"},\"query-input\":{\"@type\":\"PropertyValueSpecification\",\"valueRequired\":true,\"valueName\":\"search_term_string\"}}],\"inLanguage\":\"de\"},{\"@type\":\"Organization\",\"@id\":\"https:\/\/hubsch-interior.com\/de\/#organization\",\"name\":\"H\u00fcbsch\",\"url\":\"https:\/\/hubsch-interior.com\/de\/\",\"logo\":{\"@type\":\"ImageObject\",\"inLanguage\":\"de\",\"@id\":\"https:\/\/hubsch-interior.com\/de\/#\/schema\/logo\/image\/\",\"url\":\"https:\/\/hubsch-interior.com\/wp-content\/uploads\/2022\/12\/Hubsch_logo_black_one_line.svg\",\"contentUrl\":\"https:\/\/hubsch-interior.com\/wp-content\/uploads\/2022\/12\/Hubsch_logo_black_one_line.svg\",\"caption\":\"H\u00fcbsch\"},\"image\":{\"@id\":\"https:\/\/hubsch-interior.com\/de\/#\/schema\/logo\/image\/\"}}]}<\/script>\n<!-- \/ Yoast SEO plugin. -->","yoast_head_json":{"title":"Wally Wandleuchte - H\u00fcbsch","description":"Vorstellung der Wally Wandleuchte in einem beeindruckenden Sandfarbton, die perfekte Erg\u00e4nzung f\u00fcr Ihre Leseecke. Hergestellt aus elegantem Glas und","robots":{"index":"index","follow":"follow","max-snippet":"max-snippet:-1","max-image-preview":"max-image-preview:large","max-video-preview":"max-video-preview:-1"},"canonical":"https:\/\/hubsch-interior.com\/de\/wp-json\/wp\/v2\/product\/977700","og_locale":"de_DE","og_type":"article","og_title":"Wally Wandleuchte - H\u00fcbsch","og_description":"Vorstellung der Wally Wandleuchte in einem beeindruckenden Sandfarbton, die perfekte Erg\u00e4nzung f\u00fcr Ihre Leseecke. Hergestellt aus elegantem Glas und","og_url":"https:\/\/hubsch-interior.com\/de\/produkt\/wally-wandleuchte\/","og_site_name":"H\u00fcbsch","article_modified_time":"2026-04-14T03:04:31+00:00","og_image":[{"width":1024,"height":1024,"url":"https:\/\/hubsch-interior.com\/wp-content\/uploads\/2026\/02\/wally-wall-light-sand-7aa9acf1f86f356424df5e38d83accd0.jpg","type":"image\/jpeg"}],"twitter_card":"summary_large_image","schema":{"@context":"https:\/\/schema.org","@graph":[{"@type":"WebPage","@id":"https:\/\/hubsch-interior.com\/de\/produkt\/wally-wandleuchte\/","url":"https:\/\/hubsch-interior.com\/de\/produkt\/wally-wandleuchte\/","name":"Wally Wandleuchte - H\u00fcbsch","isPartOf":{"@id":"https:\/\/hubsch-interior.com\/de\/#website"},"primaryImageOfPage":{"@id":"https:\/\/hubsch-interior.com\/de\/produkt\/wally-wandleuchte\/#primaryimage"},"image":{"@id":"https:\/\/hubsch-interior.com\/de\/produkt\/wally-wandleuchte\/#primaryimage"},"thumbnailUrl":"https:\/\/hubsch-interior.com\/wp-content\/uploads\/2026\/02\/wally-wall-light-sand-7aa9acf1f86f356424df5e38d83accd0.jpg","datePublished":"2024-01-29T08:32:32+00:00","dateModified":"2026-04-14T03:04:31+00:00","description":"Vorstellung der Wally Wandleuchte in einem beeindruckenden Sandfarbton, die perfekte Erg\u00e4nzung f\u00fcr Ihre Leseecke. Hergestellt aus elegantem Glas und","breadcrumb":{"@id":"https:\/\/hubsch-interior.com\/de\/produkt\/wally-wandleuchte\/#breadcrumb"},"inLanguage":"de","potentialAction":[{"@type":"ReadAction","target":["https:\/\/hubsch-interior.com\/de\/produkt\/wally-wandleuchte\/"]}]},{"@type":"ImageObject","inLanguage":"de","@id":"https:\/\/hubsch-interior.com\/de\/produkt\/wally-wandleuchte\/#primaryimage","url":"https:\/\/hubsch-interior.com\/wp-content\/uploads\/2026\/02\/wally-wall-light-sand-7aa9acf1f86f356424df5e38d83accd0.jpg","contentUrl":"https:\/\/hubsch-interior.com\/wp-content\/uploads\/2026\/02\/wally-wall-light-sand-7aa9acf1f86f356424df5e38d83accd0.jpg","width":1024,"height":1024},{"@type":"BreadcrumbList","@id":"https:\/\/hubsch-interior.com\/de\/produkt\/wally-wandleuchte\/#breadcrumb","itemListElement":[{"@type":"ListItem","position":1,"name":"Startseite","item":"https:\/\/hubsch-interior.com\/de\/"},{"@type":"ListItem","position":2,"name":"Produkte","item":"https:\/\/hubsch-interior.com\/de\/shop-2\/"},{"@type":"ListItem","position":3,"name":"Beleuchtung","item":"https:\/\/hubsch-interior.com\/de\/produkt-kategorie\/beleuchtung\/"},{"@type":"ListItem","position":4,"name":"Wandlampen","item":"https:\/\/hubsch-interior.com\/de\/produkt-kategorie\/beleuchtung\/wandlampen-de\/"},{"@type":"ListItem","position":5,"name":"Wally Wandleuchte"}]},{"@type":"WebSite","@id":"https:\/\/hubsch-interior.com\/de\/#website","url":"https:\/\/hubsch-interior.com\/de\/","name":"H\u00fcbsch","description":"Danish Home Interior and Design","publisher":{"@id":"https:\/\/hubsch-interior.com\/de\/#organization"},"potentialAction":[{"@type":"SearchAction","target":{"@type":"EntryPoint","urlTemplate":"https:\/\/hubsch-interior.com\/de\/?s={search_term_string}"},"query-input":{"@type":"PropertyValueSpecification","valueRequired":true,"valueName":"search_term_string"}}],"inLanguage":"de"},{"@type":"Organization","@id":"https:\/\/hubsch-interior.com\/de\/#organization","name":"H\u00fcbsch","url":"https:\/\/hubsch-interior.com\/de\/","logo":{"@type":"ImageObject","inLanguage":"de","@id":"https:\/\/hubsch-interior.com\/de\/#\/schema\/logo\/image\/","url":"https:\/\/hubsch-interior.com\/wp-content\/uploads\/2022\/12\/Hubsch_logo_black_one_line.svg","contentUrl":"https:\/\/hubsch-interior.com\/wp-content\/uploads\/2022\/12\/Hubsch_logo_black_one_line.svg","caption":"H\u00fcbsch"},"image":{"@id":"https:\/\/hubsch-interior.com\/de\/#\/schema\/logo\/image\/"}}]}},"_links":{"self":[{"href":"https:\/\/hubsch-interior.com\/de\/wp-json\/wp\/v2\/product\/977700","targetHints":{"allow":["GET"]}}],"collection":[{"href":"https:\/\/hubsch-interior.com\/de\/wp-json\/wp\/v2\/product"}],"about":[{"href":"https:\/\/hubsch-interior.com\/de\/wp-json\/wp\/v2\/types\/product"}],"wp:featuredmedia":[{"embeddable":true,"href":"https:\/\/hubsch-interior.com\/de\/wp-json\/wp\/v2\/media\/1106884"}],"wp:attachment":[{"href":"https:\/\/hubsch-interior.com\/de\/wp-json\/wp\/v2\/media?parent=977700"}],"wp:term":[{"taxonomy":"product_brand","embeddable":true,"href":"https:\/\/hubsch-interior.com\/de\/wp-json\/wp\/v2\/product_brand?post=977700"},{"taxonomy":"product_cat","embeddable":true,"href":"https:\/\/hubsch-interior.com\/de\/wp-json\/wp\/v2\/product_cat?post=977700"},{"taxonomy":"product_tag","embeddable":true,"href":"https:\/\/hubsch-interior.com\/de\/wp-json\/wp\/v2\/product_tag?post=977700"}],"curies":[{"name":"wp","href":"https:\/\/api.w.org\/{rel}","templated":true}]}}