{"id":977712,"date":"2024-01-29T09:32:44","date_gmt":"2024-01-29T08:32:44","guid":{"rendered":"https:\/\/hubsch-interior.com\/product\/product\/"},"modified":"2026-04-09T05:03:39","modified_gmt":"2026-04-09T03:03:39","slug":"wally-wandleuchte-grun","status":"publish","type":"product","link":"https:\/\/hubsch-interior.com\/de\/produkt\/wally-wandleuchte-grun\/","title":{"rendered":"Wally Wandleuchte Gr\u00fcn"},"content":{"rendered":"<p>Die neue Wally Wandleuchte ist die perfekte Lampe f\u00fcr deine Leseecke. Erh\u00e4ltlich in zwei atemberaubenden Varianten, sorgt der gr\u00fcne Schirm dieser Variante f\u00fcr einen Farbtupfer in jedem Raum. Hergestellt aus hochwertigem Glas und Metall, bringt sie nicht nur ein anspruchsvolles Design-Element in deinen Raum, sondern strahlt auch einen Hauch von Luxus durch ihre skulpturale Form aus. Die metallische Oberfl\u00e4che der Wally Wandleuchte erzeugt einen schimmernden Effekt und macht sie zu einem wahren Blickfang. Zudem erm\u00f6glicht die 180 Grad verstellbare Funktion, das Licht genau dorthin zu lenken, wo du es brauchst. Verbessere dein Zuhause mit der Wally Wandleuchte.<\/p>\n","protected":false},"excerpt":{"rendered":"<p>Die neue Wally Wandleuchte ist die perfekte Lampe f\u00fcr deine Leseecke. Erh\u00e4ltlich in zwei atemberaubenden Varianten, sorgt der gr\u00fcne Schirm dieser Variante f\u00fcr einen Farbtupfer in jedem Raum. Hergestellt aus hochwertigem Glas und Metall, bringt sie nicht nur ein anspruchsvolles Design-Element in deinen Raum, sondern strahlt auch einen Hauch von Luxus durch ihre skulpturale Form [&hellip;]<\/p>\n","protected":false},"featured_media":1106896,"template":"","meta":{"_acf_changed":false,"inline_featured_image":false},"product_brand":[],"product_cat":[6944,6884,6901,3809,3409,5027],"product_tag":[],"class_list":{"0":"post-977712","1":"product","2":"type-product","3":"status-publish","4":"has-post-thumbnail","6":"product_cat-bestseller-2025-de","7":"product_cat-elevating-nostalgia-de","8":"product_cat-funktionelle-beleuchtung-de","9":"product_cat-beleuchtung","10":"product_cat-wandlampen-de","11":"product_cat-bestsellers-de","12":"product_shipping_class-pk","14":"pa_color-grn-2","15":"pa_material-eisen-de","16":"pa_material-glas-de","18":"first","19":"instock","20":"featured","21":"taxable","22":"shipping-taxable","23":"purchasable","24":"product-type-simple"},"exclude_global_add_ons":[],"addons":[],"acf":[],"yoast_head":"<!-- This site is optimized with the Yoast SEO plugin v26.4 - https:\/\/yoast.com\/wordpress\/plugins\/seo\/ -->\n<title>Wally Wandleuchte Gr\u00fcn - H\u00fcbsch<\/title>\n<meta name=\"description\" content=\"Die neue Wally Wandleuchte ist die perfekte Lampe f\u00fcr deine Leseecke. Erh\u00e4ltlich in zwei atemberaubenden Varianten, sorgt der gr\u00fcne Schirm dieser Variante\" \/>\n<meta name=\"robots\" content=\"index, follow, max-snippet:-1, max-image-preview:large, max-video-preview:-1\" \/>\n<link rel=\"canonical\" href=\"https:\/\/hubsch-interior.com\/de\/wp-json\/wp\/v2\/product\/977712\" \/>\n<meta property=\"og:locale\" content=\"de_DE\" \/>\n<meta property=\"og:type\" content=\"article\" \/>\n<meta property=\"og:title\" content=\"Wally Wandleuchte Gr\u00fcn - H\u00fcbsch\" \/>\n<meta property=\"og:description\" content=\"Die neue Wally Wandleuchte ist die perfekte Lampe f\u00fcr deine Leseecke. Erh\u00e4ltlich in zwei atemberaubenden Varianten, sorgt der gr\u00fcne Schirm dieser Variante\" \/>\n<meta property=\"og:url\" content=\"https:\/\/hubsch-interior.com\/de\/produkt\/wally-wandleuchte-grun\/\" \/>\n<meta property=\"og:site_name\" content=\"H\u00fcbsch\" \/>\n<meta property=\"article:modified_time\" content=\"2026-04-09T03:03:39+00:00\" \/>\n<meta property=\"og:image\" content=\"https:\/\/hubsch-interior.com\/wp-content\/uploads\/2025\/04\/wally-wall-light-green-4996b5e52d68ccf1c5f03fc390764226.jpg\" \/>\n\t<meta property=\"og:image:width\" content=\"1200\" \/>\n\t<meta property=\"og:image:height\" content=\"1200\" \/>\n\t<meta property=\"og:image:type\" content=\"image\/jpeg\" \/>\n<meta name=\"twitter:card\" content=\"summary_large_image\" \/>\n<meta name=\"twitter:label1\" content=\"Gesch\u00e4tzte Lesezeit\" \/>\n\t<meta name=\"twitter:data1\" content=\"1\u00a0Minute\" \/>\n<script type=\"application\/ld+json\" class=\"yoast-schema-graph\">{\"@context\":\"https:\/\/schema.org\",\"@graph\":[{\"@type\":\"WebPage\",\"@id\":\"https:\/\/hubsch-interior.com\/de\/produkt\/wally-wandleuchte-grun\/\",\"url\":\"https:\/\/hubsch-interior.com\/de\/produkt\/wally-wandleuchte-grun\/\",\"name\":\"Wally Wandleuchte Gr\u00fcn - H\u00fcbsch\",\"isPartOf\":{\"@id\":\"https:\/\/hubsch-interior.com\/de\/#website\"},\"primaryImageOfPage\":{\"@id\":\"https:\/\/hubsch-interior.com\/de\/produkt\/wally-wandleuchte-grun\/#primaryimage\"},\"image\":{\"@id\":\"https:\/\/hubsch-interior.com\/de\/produkt\/wally-wandleuchte-grun\/#primaryimage\"},\"thumbnailUrl\":\"https:\/\/hubsch-interior.com\/wp-content\/uploads\/2026\/02\/wally-wall-light-green-58328fcc16f791bf52c7d8a06781eea3.jpg\",\"datePublished\":\"2024-01-29T08:32:44+00:00\",\"dateModified\":\"2026-04-09T03:03:39+00:00\",\"description\":\"Die neue Wally Wandleuchte ist die perfekte Lampe f\u00fcr deine Leseecke. Erh\u00e4ltlich in zwei atemberaubenden Varianten, sorgt der gr\u00fcne Schirm dieser Variante\",\"breadcrumb\":{\"@id\":\"https:\/\/hubsch-interior.com\/de\/produkt\/wally-wandleuchte-grun\/#breadcrumb\"},\"inLanguage\":\"de\",\"potentialAction\":[{\"@type\":\"ReadAction\",\"target\":[\"https:\/\/hubsch-interior.com\/de\/produkt\/wally-wandleuchte-grun\/\"]}]},{\"@type\":\"ImageObject\",\"inLanguage\":\"de\",\"@id\":\"https:\/\/hubsch-interior.com\/de\/produkt\/wally-wandleuchte-grun\/#primaryimage\",\"url\":\"https:\/\/hubsch-interior.com\/wp-content\/uploads\/2026\/02\/wally-wall-light-green-58328fcc16f791bf52c7d8a06781eea3.jpg\",\"contentUrl\":\"https:\/\/hubsch-interior.com\/wp-content\/uploads\/2026\/02\/wally-wall-light-green-58328fcc16f791bf52c7d8a06781eea3.jpg\",\"width\":1024,\"height\":1024},{\"@type\":\"BreadcrumbList\",\"@id\":\"https:\/\/hubsch-interior.com\/de\/produkt\/wally-wandleuchte-grun\/#breadcrumb\",\"itemListElement\":[{\"@type\":\"ListItem\",\"position\":1,\"name\":\"Startseite\",\"item\":\"https:\/\/hubsch-interior.com\/de\/\"},{\"@type\":\"ListItem\",\"position\":2,\"name\":\"Produkte\",\"item\":\"https:\/\/hubsch-interior.com\/de\/shop-2\/\"},{\"@type\":\"ListItem\",\"position\":3,\"name\":\"Beleuchtung\",\"item\":\"https:\/\/hubsch-interior.com\/de\/produkt-kategorie\/beleuchtung\/\"},{\"@type\":\"ListItem\",\"position\":4,\"name\":\"Wandlampen\",\"item\":\"https:\/\/hubsch-interior.com\/de\/produkt-kategorie\/beleuchtung\/wandlampen-de\/\"},{\"@type\":\"ListItem\",\"position\":5,\"name\":\"Wally Wandleuchte Gr\u00fcn\"}]},{\"@type\":\"WebSite\",\"@id\":\"https:\/\/hubsch-interior.com\/de\/#website\",\"url\":\"https:\/\/hubsch-interior.com\/de\/\",\"name\":\"H\u00fcbsch\",\"description\":\"Danish Home Interior and Design\",\"publisher\":{\"@id\":\"https:\/\/hubsch-interior.com\/de\/#organization\"},\"potentialAction\":[{\"@type\":\"SearchAction\",\"target\":{\"@type\":\"EntryPoint\",\"urlTemplate\":\"https:\/\/hubsch-interior.com\/de\/?s={search_term_string}\"},\"query-input\":{\"@type\":\"PropertyValueSpecification\",\"valueRequired\":true,\"valueName\":\"search_term_string\"}}],\"inLanguage\":\"de\"},{\"@type\":\"Organization\",\"@id\":\"https:\/\/hubsch-interior.com\/de\/#organization\",\"name\":\"H\u00fcbsch\",\"url\":\"https:\/\/hubsch-interior.com\/de\/\",\"logo\":{\"@type\":\"ImageObject\",\"inLanguage\":\"de\",\"@id\":\"https:\/\/hubsch-interior.com\/de\/#\/schema\/logo\/image\/\",\"url\":\"https:\/\/hubsch-interior.com\/wp-content\/uploads\/2022\/12\/Hubsch_logo_black_one_line.svg\",\"contentUrl\":\"https:\/\/hubsch-interior.com\/wp-content\/uploads\/2022\/12\/Hubsch_logo_black_one_line.svg\",\"caption\":\"H\u00fcbsch\"},\"image\":{\"@id\":\"https:\/\/hubsch-interior.com\/de\/#\/schema\/logo\/image\/\"}}]}<\/script>\n<!-- \/ Yoast SEO plugin. -->","yoast_head_json":{"title":"Wally Wandleuchte Gr\u00fcn - H\u00fcbsch","description":"Die neue Wally Wandleuchte ist die perfekte Lampe f\u00fcr deine Leseecke. Erh\u00e4ltlich in zwei atemberaubenden Varianten, sorgt der gr\u00fcne Schirm dieser Variante","robots":{"index":"index","follow":"follow","max-snippet":"max-snippet:-1","max-image-preview":"max-image-preview:large","max-video-preview":"max-video-preview:-1"},"canonical":"https:\/\/hubsch-interior.com\/de\/wp-json\/wp\/v2\/product\/977712","og_locale":"de_DE","og_type":"article","og_title":"Wally Wandleuchte Gr\u00fcn - H\u00fcbsch","og_description":"Die neue Wally Wandleuchte ist die perfekte Lampe f\u00fcr deine Leseecke. Erh\u00e4ltlich in zwei atemberaubenden Varianten, sorgt der gr\u00fcne Schirm dieser Variante","og_url":"https:\/\/hubsch-interior.com\/de\/produkt\/wally-wandleuchte-grun\/","og_site_name":"H\u00fcbsch","article_modified_time":"2026-04-09T03:03:39+00:00","og_image":[{"width":1200,"height":1200,"url":"https:\/\/hubsch-interior.com\/wp-content\/uploads\/2025\/04\/wally-wall-light-green-4996b5e52d68ccf1c5f03fc390764226.jpg","type":"image\/jpeg"}],"twitter_card":"summary_large_image","twitter_misc":{"Gesch\u00e4tzte Lesezeit":"1\u00a0Minute"},"schema":{"@context":"https:\/\/schema.org","@graph":[{"@type":"WebPage","@id":"https:\/\/hubsch-interior.com\/de\/produkt\/wally-wandleuchte-grun\/","url":"https:\/\/hubsch-interior.com\/de\/produkt\/wally-wandleuchte-grun\/","name":"Wally Wandleuchte Gr\u00fcn - H\u00fcbsch","isPartOf":{"@id":"https:\/\/hubsch-interior.com\/de\/#website"},"primaryImageOfPage":{"@id":"https:\/\/hubsch-interior.com\/de\/produkt\/wally-wandleuchte-grun\/#primaryimage"},"image":{"@id":"https:\/\/hubsch-interior.com\/de\/produkt\/wally-wandleuchte-grun\/#primaryimage"},"thumbnailUrl":"https:\/\/hubsch-interior.com\/wp-content\/uploads\/2026\/02\/wally-wall-light-green-58328fcc16f791bf52c7d8a06781eea3.jpg","datePublished":"2024-01-29T08:32:44+00:00","dateModified":"2026-04-09T03:03:39+00:00","description":"Die neue Wally Wandleuchte ist die perfekte Lampe f\u00fcr deine Leseecke. Erh\u00e4ltlich in zwei atemberaubenden Varianten, sorgt der gr\u00fcne Schirm dieser Variante","breadcrumb":{"@id":"https:\/\/hubsch-interior.com\/de\/produkt\/wally-wandleuchte-grun\/#breadcrumb"},"inLanguage":"de","potentialAction":[{"@type":"ReadAction","target":["https:\/\/hubsch-interior.com\/de\/produkt\/wally-wandleuchte-grun\/"]}]},{"@type":"ImageObject","inLanguage":"de","@id":"https:\/\/hubsch-interior.com\/de\/produkt\/wally-wandleuchte-grun\/#primaryimage","url":"https:\/\/hubsch-interior.com\/wp-content\/uploads\/2026\/02\/wally-wall-light-green-58328fcc16f791bf52c7d8a06781eea3.jpg","contentUrl":"https:\/\/hubsch-interior.com\/wp-content\/uploads\/2026\/02\/wally-wall-light-green-58328fcc16f791bf52c7d8a06781eea3.jpg","width":1024,"height":1024},{"@type":"BreadcrumbList","@id":"https:\/\/hubsch-interior.com\/de\/produkt\/wally-wandleuchte-grun\/#breadcrumb","itemListElement":[{"@type":"ListItem","position":1,"name":"Startseite","item":"https:\/\/hubsch-interior.com\/de\/"},{"@type":"ListItem","position":2,"name":"Produkte","item":"https:\/\/hubsch-interior.com\/de\/shop-2\/"},{"@type":"ListItem","position":3,"name":"Beleuchtung","item":"https:\/\/hubsch-interior.com\/de\/produkt-kategorie\/beleuchtung\/"},{"@type":"ListItem","position":4,"name":"Wandlampen","item":"https:\/\/hubsch-interior.com\/de\/produkt-kategorie\/beleuchtung\/wandlampen-de\/"},{"@type":"ListItem","position":5,"name":"Wally Wandleuchte Gr\u00fcn"}]},{"@type":"WebSite","@id":"https:\/\/hubsch-interior.com\/de\/#website","url":"https:\/\/hubsch-interior.com\/de\/","name":"H\u00fcbsch","description":"Danish Home Interior and Design","publisher":{"@id":"https:\/\/hubsch-interior.com\/de\/#organization"},"potentialAction":[{"@type":"SearchAction","target":{"@type":"EntryPoint","urlTemplate":"https:\/\/hubsch-interior.com\/de\/?s={search_term_string}"},"query-input":{"@type":"PropertyValueSpecification","valueRequired":true,"valueName":"search_term_string"}}],"inLanguage":"de"},{"@type":"Organization","@id":"https:\/\/hubsch-interior.com\/de\/#organization","name":"H\u00fcbsch","url":"https:\/\/hubsch-interior.com\/de\/","logo":{"@type":"ImageObject","inLanguage":"de","@id":"https:\/\/hubsch-interior.com\/de\/#\/schema\/logo\/image\/","url":"https:\/\/hubsch-interior.com\/wp-content\/uploads\/2022\/12\/Hubsch_logo_black_one_line.svg","contentUrl":"https:\/\/hubsch-interior.com\/wp-content\/uploads\/2022\/12\/Hubsch_logo_black_one_line.svg","caption":"H\u00fcbsch"},"image":{"@id":"https:\/\/hubsch-interior.com\/de\/#\/schema\/logo\/image\/"}}]}},"_links":{"self":[{"href":"https:\/\/hubsch-interior.com\/de\/wp-json\/wp\/v2\/product\/977712","targetHints":{"allow":["GET"]}}],"collection":[{"href":"https:\/\/hubsch-interior.com\/de\/wp-json\/wp\/v2\/product"}],"about":[{"href":"https:\/\/hubsch-interior.com\/de\/wp-json\/wp\/v2\/types\/product"}],"wp:featuredmedia":[{"embeddable":true,"href":"https:\/\/hubsch-interior.com\/de\/wp-json\/wp\/v2\/media\/1106896"}],"wp:attachment":[{"href":"https:\/\/hubsch-interior.com\/de\/wp-json\/wp\/v2\/media?parent=977712"}],"wp:term":[{"taxonomy":"product_brand","embeddable":true,"href":"https:\/\/hubsch-interior.com\/de\/wp-json\/wp\/v2\/product_brand?post=977712"},{"taxonomy":"product_cat","embeddable":true,"href":"https:\/\/hubsch-interior.com\/de\/wp-json\/wp\/v2\/product_cat?post=977712"},{"taxonomy":"product_tag","embeddable":true,"href":"https:\/\/hubsch-interior.com\/de\/wp-json\/wp\/v2\/product_tag?post=977712"}],"curies":[{"name":"wp","href":"https:\/\/api.w.org\/{rel}","templated":true}]}}