{"id":977792,"date":"2024-01-29T09:33:25","date_gmt":"2024-01-29T08:33:25","guid":{"rendered":"https:\/\/hubsch-interior.com\/product\/product\/"},"modified":"2026-04-09T05:03:51","modified_gmt":"2026-04-09T03:03:51","slug":"crea-wandleuchte-braun","status":"publish","type":"product","link":"https:\/\/hubsch-interior.com\/de\/produkt\/crea-wandleuchte-braun\/","title":{"rendered":"Crea Wandleuchte Braun"},"content":{"rendered":"<p>Vorstellen m\u00f6chten wir Ihnen die perfekte Nachttischlampe &#8211; die Crea Wandleuchte, eine unverzichtbare Erg\u00e4nzung f\u00fcr Ihre Schlafzimmerdekoration. In zwei Varianten erh\u00e4ltlich, ist die braune Crea Wandleuchte eine kompakte und stilvolle Wahl f\u00fcr jedes moderne Zuhause. Diese intelligente und funktionale Leuchte verf\u00fcgt \u00fcber einen drehbaren Knopf, mit dem Sie das Licht auf Ihre gew\u00fcnschte St\u00e4rke einstellen k\u00f6nnen. Hergestellt aus hochwertigem Acryl und Metall, ist diese geometrisch geformte Wandleuchte Teil der Crea Serie. Ihr Schirm kann in jede Richtung leicht angepasst werden, wodurch sie zu einer vielseitigen und praktischen Beleuchtungsl\u00f6sung f\u00fcr Ihr Schlafzimmer wird.<\/p>\n","protected":false},"excerpt":{"rendered":"<p>Vorstellen m\u00f6chten wir Ihnen die perfekte Nachttischlampe &#8211; die Crea Wandleuchte, eine unverzichtbare Erg\u00e4nzung f\u00fcr Ihre Schlafzimmerdekoration. In zwei Varianten erh\u00e4ltlich, ist die braune Crea Wandleuchte eine kompakte und stilvolle Wahl f\u00fcr jedes moderne Zuhause. Diese intelligente und funktionale Leuchte verf\u00fcgt \u00fcber einen drehbaren Knopf, mit dem Sie das Licht auf Ihre gew\u00fcnschte St\u00e4rke einstellen [&hellip;]<\/p>\n","protected":false},"featured_media":1114549,"template":"","meta":{"_acf_changed":false,"inline_featured_image":false},"product_brand":[],"product_cat":[6884,6901,3809,3409,5027],"product_tag":[],"class_list":{"0":"post-977792","1":"product","2":"type-product","3":"status-publish","4":"has-post-thumbnail","6":"product_cat-elevating-nostalgia-de","7":"product_cat-funktionelle-beleuchtung-de","8":"product_cat-beleuchtung","9":"product_cat-wandlampen-de","10":"product_cat-bestsellers-de","11":"product_shipping_class-pk","13":"pa_color-braun","14":"pa_material-eisen-de","15":"pa_material-polycarbonat-2","17":"first","18":"instock","19":"featured","20":"taxable","21":"shipping-taxable","22":"purchasable","23":"product-type-simple"},"exclude_global_add_ons":[],"addons":[],"acf":[],"yoast_head":"<!-- This site is optimized with the Yoast SEO plugin v26.4 - https:\/\/yoast.com\/wordpress\/plugins\/seo\/ -->\n<title>Crea Wandleuchte Braun - H\u00fcbsch<\/title>\n<meta name=\"description\" content=\"Vorstellen m\u00f6chten wir Ihnen die perfekte Nachttischlampe - die Crea Wandleuchte, eine unverzichtbare Erg\u00e4nzung f\u00fcr Ihre Schlafzimmerdekoration. In zwei\" \/>\n<meta name=\"robots\" content=\"index, follow, max-snippet:-1, max-image-preview:large, max-video-preview:-1\" \/>\n<link rel=\"canonical\" href=\"https:\/\/hubsch-interior.com\/de\/wp-json\/wp\/v2\/product\/977792\" \/>\n<meta property=\"og:locale\" content=\"de_DE\" \/>\n<meta property=\"og:type\" content=\"article\" \/>\n<meta property=\"og:title\" content=\"Crea Wandleuchte Braun - H\u00fcbsch\" \/>\n<meta property=\"og:description\" content=\"Vorstellen m\u00f6chten wir Ihnen die perfekte Nachttischlampe - die Crea Wandleuchte, eine unverzichtbare Erg\u00e4nzung f\u00fcr Ihre Schlafzimmerdekoration. In zwei\" \/>\n<meta property=\"og:url\" content=\"https:\/\/hubsch-interior.com\/de\/produkt\/crea-wandleuchte-braun\/\" \/>\n<meta property=\"og:site_name\" content=\"H\u00fcbsch\" \/>\n<meta property=\"article:modified_time\" content=\"2026-04-09T03:03:51+00:00\" \/>\n<meta property=\"og:image\" content=\"https:\/\/hubsch-interior.com\/wp-content\/uploads\/2024\/01\/crea-wall-light-brown-f7efb4e846f60ed9b0b7e2233c8b955d.jpg\" \/>\n\t<meta property=\"og:image:width\" content=\"1200\" \/>\n\t<meta property=\"og:image:height\" content=\"1200\" \/>\n\t<meta property=\"og:image:type\" content=\"image\/jpeg\" \/>\n<meta name=\"twitter:card\" content=\"summary_large_image\" \/>\n<meta name=\"twitter:label1\" content=\"Gesch\u00e4tzte Lesezeit\" \/>\n\t<meta name=\"twitter:data1\" content=\"1\u00a0Minute\" \/>\n<script type=\"application\/ld+json\" class=\"yoast-schema-graph\">{\"@context\":\"https:\/\/schema.org\",\"@graph\":[{\"@type\":\"WebPage\",\"@id\":\"https:\/\/hubsch-interior.com\/de\/produkt\/crea-wandleuchte-braun\/\",\"url\":\"https:\/\/hubsch-interior.com\/de\/produkt\/crea-wandleuchte-braun\/\",\"name\":\"Crea Wandleuchte Braun - H\u00fcbsch\",\"isPartOf\":{\"@id\":\"https:\/\/hubsch-interior.com\/de\/#website\"},\"primaryImageOfPage\":{\"@id\":\"https:\/\/hubsch-interior.com\/de\/produkt\/crea-wandleuchte-braun\/#primaryimage\"},\"image\":{\"@id\":\"https:\/\/hubsch-interior.com\/de\/produkt\/crea-wandleuchte-braun\/#primaryimage\"},\"thumbnailUrl\":\"https:\/\/hubsch-interior.com\/wp-content\/uploads\/2026\/02\/crea-wall-light-brown-419147e5c69776114e1c07749d4d4e7c.jpg\",\"datePublished\":\"2024-01-29T08:33:25+00:00\",\"dateModified\":\"2026-04-09T03:03:51+00:00\",\"description\":\"Vorstellen m\u00f6chten wir Ihnen die perfekte Nachttischlampe - die Crea Wandleuchte, eine unverzichtbare Erg\u00e4nzung f\u00fcr Ihre Schlafzimmerdekoration. In zwei\",\"breadcrumb\":{\"@id\":\"https:\/\/hubsch-interior.com\/de\/produkt\/crea-wandleuchte-braun\/#breadcrumb\"},\"inLanguage\":\"de\",\"potentialAction\":[{\"@type\":\"ReadAction\",\"target\":[\"https:\/\/hubsch-interior.com\/de\/produkt\/crea-wandleuchte-braun\/\"]}]},{\"@type\":\"ImageObject\",\"inLanguage\":\"de\",\"@id\":\"https:\/\/hubsch-interior.com\/de\/produkt\/crea-wandleuchte-braun\/#primaryimage\",\"url\":\"https:\/\/hubsch-interior.com\/wp-content\/uploads\/2026\/02\/crea-wall-light-brown-419147e5c69776114e1c07749d4d4e7c.jpg\",\"contentUrl\":\"https:\/\/hubsch-interior.com\/wp-content\/uploads\/2026\/02\/crea-wall-light-brown-419147e5c69776114e1c07749d4d4e7c.jpg\",\"width\":1024,\"height\":1024},{\"@type\":\"BreadcrumbList\",\"@id\":\"https:\/\/hubsch-interior.com\/de\/produkt\/crea-wandleuchte-braun\/#breadcrumb\",\"itemListElement\":[{\"@type\":\"ListItem\",\"position\":1,\"name\":\"Startseite\",\"item\":\"https:\/\/hubsch-interior.com\/de\/\"},{\"@type\":\"ListItem\",\"position\":2,\"name\":\"Produkte\",\"item\":\"https:\/\/hubsch-interior.com\/de\/shop-2\/\"},{\"@type\":\"ListItem\",\"position\":3,\"name\":\"Beleuchtung\",\"item\":\"https:\/\/hubsch-interior.com\/de\/produkt-kategorie\/beleuchtung\/\"},{\"@type\":\"ListItem\",\"position\":4,\"name\":\"Wandlampen\",\"item\":\"https:\/\/hubsch-interior.com\/de\/produkt-kategorie\/beleuchtung\/wandlampen-de\/\"},{\"@type\":\"ListItem\",\"position\":5,\"name\":\"Crea Wandleuchte Braun\"}]},{\"@type\":\"WebSite\",\"@id\":\"https:\/\/hubsch-interior.com\/de\/#website\",\"url\":\"https:\/\/hubsch-interior.com\/de\/\",\"name\":\"H\u00fcbsch\",\"description\":\"Danish Home Interior and Design\",\"publisher\":{\"@id\":\"https:\/\/hubsch-interior.com\/de\/#organization\"},\"potentialAction\":[{\"@type\":\"SearchAction\",\"target\":{\"@type\":\"EntryPoint\",\"urlTemplate\":\"https:\/\/hubsch-interior.com\/de\/?s={search_term_string}\"},\"query-input\":{\"@type\":\"PropertyValueSpecification\",\"valueRequired\":true,\"valueName\":\"search_term_string\"}}],\"inLanguage\":\"de\"},{\"@type\":\"Organization\",\"@id\":\"https:\/\/hubsch-interior.com\/de\/#organization\",\"name\":\"H\u00fcbsch\",\"url\":\"https:\/\/hubsch-interior.com\/de\/\",\"logo\":{\"@type\":\"ImageObject\",\"inLanguage\":\"de\",\"@id\":\"https:\/\/hubsch-interior.com\/de\/#\/schema\/logo\/image\/\",\"url\":\"https:\/\/hubsch-interior.com\/wp-content\/uploads\/2022\/12\/Hubsch_logo_black_one_line.svg\",\"contentUrl\":\"https:\/\/hubsch-interior.com\/wp-content\/uploads\/2022\/12\/Hubsch_logo_black_one_line.svg\",\"caption\":\"H\u00fcbsch\"},\"image\":{\"@id\":\"https:\/\/hubsch-interior.com\/de\/#\/schema\/logo\/image\/\"}}]}<\/script>\n<!-- \/ Yoast SEO plugin. -->","yoast_head_json":{"title":"Crea Wandleuchte Braun - H\u00fcbsch","description":"Vorstellen m\u00f6chten wir Ihnen die perfekte Nachttischlampe - die Crea Wandleuchte, eine unverzichtbare Erg\u00e4nzung f\u00fcr Ihre Schlafzimmerdekoration. In zwei","robots":{"index":"index","follow":"follow","max-snippet":"max-snippet:-1","max-image-preview":"max-image-preview:large","max-video-preview":"max-video-preview:-1"},"canonical":"https:\/\/hubsch-interior.com\/de\/wp-json\/wp\/v2\/product\/977792","og_locale":"de_DE","og_type":"article","og_title":"Crea Wandleuchte Braun - H\u00fcbsch","og_description":"Vorstellen m\u00f6chten wir Ihnen die perfekte Nachttischlampe - die Crea Wandleuchte, eine unverzichtbare Erg\u00e4nzung f\u00fcr Ihre Schlafzimmerdekoration. In zwei","og_url":"https:\/\/hubsch-interior.com\/de\/produkt\/crea-wandleuchte-braun\/","og_site_name":"H\u00fcbsch","article_modified_time":"2026-04-09T03:03:51+00:00","og_image":[{"width":1200,"height":1200,"url":"https:\/\/hubsch-interior.com\/wp-content\/uploads\/2024\/01\/crea-wall-light-brown-f7efb4e846f60ed9b0b7e2233c8b955d.jpg","type":"image\/jpeg"}],"twitter_card":"summary_large_image","twitter_misc":{"Gesch\u00e4tzte Lesezeit":"1\u00a0Minute"},"schema":{"@context":"https:\/\/schema.org","@graph":[{"@type":"WebPage","@id":"https:\/\/hubsch-interior.com\/de\/produkt\/crea-wandleuchte-braun\/","url":"https:\/\/hubsch-interior.com\/de\/produkt\/crea-wandleuchte-braun\/","name":"Crea Wandleuchte Braun - H\u00fcbsch","isPartOf":{"@id":"https:\/\/hubsch-interior.com\/de\/#website"},"primaryImageOfPage":{"@id":"https:\/\/hubsch-interior.com\/de\/produkt\/crea-wandleuchte-braun\/#primaryimage"},"image":{"@id":"https:\/\/hubsch-interior.com\/de\/produkt\/crea-wandleuchte-braun\/#primaryimage"},"thumbnailUrl":"https:\/\/hubsch-interior.com\/wp-content\/uploads\/2026\/02\/crea-wall-light-brown-419147e5c69776114e1c07749d4d4e7c.jpg","datePublished":"2024-01-29T08:33:25+00:00","dateModified":"2026-04-09T03:03:51+00:00","description":"Vorstellen m\u00f6chten wir Ihnen die perfekte Nachttischlampe - die Crea Wandleuchte, eine unverzichtbare Erg\u00e4nzung f\u00fcr Ihre Schlafzimmerdekoration. In zwei","breadcrumb":{"@id":"https:\/\/hubsch-interior.com\/de\/produkt\/crea-wandleuchte-braun\/#breadcrumb"},"inLanguage":"de","potentialAction":[{"@type":"ReadAction","target":["https:\/\/hubsch-interior.com\/de\/produkt\/crea-wandleuchte-braun\/"]}]},{"@type":"ImageObject","inLanguage":"de","@id":"https:\/\/hubsch-interior.com\/de\/produkt\/crea-wandleuchte-braun\/#primaryimage","url":"https:\/\/hubsch-interior.com\/wp-content\/uploads\/2026\/02\/crea-wall-light-brown-419147e5c69776114e1c07749d4d4e7c.jpg","contentUrl":"https:\/\/hubsch-interior.com\/wp-content\/uploads\/2026\/02\/crea-wall-light-brown-419147e5c69776114e1c07749d4d4e7c.jpg","width":1024,"height":1024},{"@type":"BreadcrumbList","@id":"https:\/\/hubsch-interior.com\/de\/produkt\/crea-wandleuchte-braun\/#breadcrumb","itemListElement":[{"@type":"ListItem","position":1,"name":"Startseite","item":"https:\/\/hubsch-interior.com\/de\/"},{"@type":"ListItem","position":2,"name":"Produkte","item":"https:\/\/hubsch-interior.com\/de\/shop-2\/"},{"@type":"ListItem","position":3,"name":"Beleuchtung","item":"https:\/\/hubsch-interior.com\/de\/produkt-kategorie\/beleuchtung\/"},{"@type":"ListItem","position":4,"name":"Wandlampen","item":"https:\/\/hubsch-interior.com\/de\/produkt-kategorie\/beleuchtung\/wandlampen-de\/"},{"@type":"ListItem","position":5,"name":"Crea Wandleuchte Braun"}]},{"@type":"WebSite","@id":"https:\/\/hubsch-interior.com\/de\/#website","url":"https:\/\/hubsch-interior.com\/de\/","name":"H\u00fcbsch","description":"Danish Home Interior and Design","publisher":{"@id":"https:\/\/hubsch-interior.com\/de\/#organization"},"potentialAction":[{"@type":"SearchAction","target":{"@type":"EntryPoint","urlTemplate":"https:\/\/hubsch-interior.com\/de\/?s={search_term_string}"},"query-input":{"@type":"PropertyValueSpecification","valueRequired":true,"valueName":"search_term_string"}}],"inLanguage":"de"},{"@type":"Organization","@id":"https:\/\/hubsch-interior.com\/de\/#organization","name":"H\u00fcbsch","url":"https:\/\/hubsch-interior.com\/de\/","logo":{"@type":"ImageObject","inLanguage":"de","@id":"https:\/\/hubsch-interior.com\/de\/#\/schema\/logo\/image\/","url":"https:\/\/hubsch-interior.com\/wp-content\/uploads\/2022\/12\/Hubsch_logo_black_one_line.svg","contentUrl":"https:\/\/hubsch-interior.com\/wp-content\/uploads\/2022\/12\/Hubsch_logo_black_one_line.svg","caption":"H\u00fcbsch"},"image":{"@id":"https:\/\/hubsch-interior.com\/de\/#\/schema\/logo\/image\/"}}]}},"_links":{"self":[{"href":"https:\/\/hubsch-interior.com\/de\/wp-json\/wp\/v2\/product\/977792","targetHints":{"allow":["GET"]}}],"collection":[{"href":"https:\/\/hubsch-interior.com\/de\/wp-json\/wp\/v2\/product"}],"about":[{"href":"https:\/\/hubsch-interior.com\/de\/wp-json\/wp\/v2\/types\/product"}],"wp:featuredmedia":[{"embeddable":true,"href":"https:\/\/hubsch-interior.com\/de\/wp-json\/wp\/v2\/media\/1114549"}],"wp:attachment":[{"href":"https:\/\/hubsch-interior.com\/de\/wp-json\/wp\/v2\/media?parent=977792"}],"wp:term":[{"taxonomy":"product_brand","embeddable":true,"href":"https:\/\/hubsch-interior.com\/de\/wp-json\/wp\/v2\/product_brand?post=977792"},{"taxonomy":"product_cat","embeddable":true,"href":"https:\/\/hubsch-interior.com\/de\/wp-json\/wp\/v2\/product_cat?post=977792"},{"taxonomy":"product_tag","embeddable":true,"href":"https:\/\/hubsch-interior.com\/de\/wp-json\/wp\/v2\/product_tag?post=977792"}],"curies":[{"name":"wp","href":"https:\/\/api.w.org\/{rel}","templated":true}]}}