{"id":977820,"date":"2024-01-29T09:33:41","date_gmt":"2024-01-29T08:33:41","guid":{"rendered":"https:\/\/hubsch-interior.com\/product\/product\/"},"modified":"2026-04-11T05:00:39","modified_gmt":"2026-04-11T03:00:39","slug":"camp-tragbare-lampe-sandfarben","status":"publish","type":"product","link":"https:\/\/hubsch-interior.com\/de\/produkt\/camp-tragbare-lampe-sandfarben\/","title":{"rendered":"Camp Tragbare Lampe Sandfarben"},"content":{"rendered":"<p>Die Camp Tragbare Lampe ist die perfekte Beleuchtungsl\u00f6sung f\u00fcr den Einsatz im Freien und in Innenr\u00e4umen. In der Farbe Sand erh\u00e4ltlich, ist diese Variante aus hochwertigem Glas und Metall gefertigt und garantiert somit Langlebigkeit und Eleganz. Dank ihrer kompakten Gr\u00f6\u00dfe passt sie problemlos in Ihren Rucksack f\u00fcr all Ihre Abenteuer. Das Paracord-Band verleiht nicht nur Farbe, sondern dient auch als praktische M\u00f6glichkeit, die Lampe an jedem gew\u00fcnschten Ort aufzuh\u00e4ngen. Mit ihrer dimmbaren Funktion k\u00f6nnen Sie das Licht nach Ihren W\u00fcnschen einstellen. Au\u00dferdem ist die Lampe wiederaufladbar und bietet bei voller Ladung bis zu 8 Stunden Licht.<\/p>\n","protected":false},"excerpt":{"rendered":"<p>Die Camp Tragbare Lampe ist die perfekte Beleuchtungsl\u00f6sung f\u00fcr den Einsatz im Freien und in Innenr\u00e4umen. In der Farbe Sand erh\u00e4ltlich, ist diese Variante aus hochwertigem Glas und Metall gefertigt und garantiert somit Langlebigkeit und Eleganz. Dank ihrer kompakten Gr\u00f6\u00dfe passt sie problemlos in Ihren Rucksack f\u00fcr all Ihre Abenteuer. Das Paracord-Band verleiht nicht nur [&hellip;]<\/p>\n","protected":false},"featured_media":1106972,"template":"","meta":{"_acf_changed":false,"inline_featured_image":false},"product_brand":[],"product_cat":[6884,6901,6972,6963,6349,3809,3501,6519],"product_tag":[],"class_list":{"0":"post-977820","1":"product","2":"type-product","3":"status-publish","4":"has-post-thumbnail","6":"product_cat-elevating-nostalgia-de","7":"product_cat-funktionelle-beleuchtung-de","8":"product_cat-oster-sale","9":"product_cat-tragbare-lampen-de","10":"product_cat-garden-selection-de","11":"product_cat-beleuchtung","12":"product_cat-tischlampen-de","13":"product_cat-outlet-de","14":"product_shipping_class-pk","16":"pa_color-sandfarben","17":"pa_material-eisen-de","18":"pa_material-glas-de","20":"first","21":"instock","22":"sale","23":"taxable","24":"shipping-taxable","25":"purchasable","26":"product-type-simple"},"exclude_global_add_ons":[],"addons":[],"acf":[],"yoast_head":"<!-- This site is optimized with the Yoast SEO plugin v26.4 - https:\/\/yoast.com\/wordpress\/plugins\/seo\/ -->\n<title>Camp Tragbare Lampe Sandfarben - H\u00fcbsch<\/title>\n<meta name=\"description\" content=\"Die Camp Tragbare Lampe ist die perfekte Beleuchtungsl\u00f6sung f\u00fcr den Einsatz im Freien und in Innenr\u00e4umen. In der Farbe Sand erh\u00e4ltlich, ist diese Variante\" \/>\n<meta name=\"robots\" content=\"index, follow, max-snippet:-1, max-image-preview:large, max-video-preview:-1\" \/>\n<link rel=\"canonical\" href=\"https:\/\/hubsch-interior.com\/de\/wp-json\/wp\/v2\/product\/977820\" \/>\n<meta property=\"og:locale\" content=\"de_DE\" \/>\n<meta property=\"og:type\" content=\"article\" \/>\n<meta property=\"og:title\" content=\"Camp Tragbare Lampe Sandfarben - H\u00fcbsch\" \/>\n<meta property=\"og:description\" content=\"Die Camp Tragbare Lampe ist die perfekte Beleuchtungsl\u00f6sung f\u00fcr den Einsatz im Freien und in Innenr\u00e4umen. In der Farbe Sand erh\u00e4ltlich, ist diese Variante\" \/>\n<meta property=\"og:url\" content=\"https:\/\/hubsch-interior.com\/de\/produkt\/camp-tragbare-lampe-sandfarben\/\" \/>\n<meta property=\"og:site_name\" content=\"H\u00fcbsch\" \/>\n<meta property=\"article:modified_time\" content=\"2026-04-11T03:00:39+00:00\" \/>\n<meta property=\"og:image\" content=\"https:\/\/hubsch-interior.com\/wp-content\/uploads\/2024\/05\/camp-portable-lamp-sand-35ef87cfd91e3988bca65b7eacdc1a7b.jpg\" \/>\n\t<meta property=\"og:image:width\" content=\"1200\" \/>\n\t<meta property=\"og:image:height\" content=\"1200\" \/>\n\t<meta property=\"og:image:type\" content=\"image\/jpeg\" \/>\n<meta name=\"twitter:card\" content=\"summary_large_image\" \/>\n<meta name=\"twitter:label1\" content=\"Gesch\u00e4tzte Lesezeit\" \/>\n\t<meta name=\"twitter:data1\" content=\"1\u00a0Minute\" \/>\n<script type=\"application\/ld+json\" class=\"yoast-schema-graph\">{\"@context\":\"https:\/\/schema.org\",\"@graph\":[{\"@type\":\"WebPage\",\"@id\":\"https:\/\/hubsch-interior.com\/de\/produkt\/camp-tragbare-lampe-sandfarben\/\",\"url\":\"https:\/\/hubsch-interior.com\/de\/produkt\/camp-tragbare-lampe-sandfarben\/\",\"name\":\"Camp Tragbare Lampe Sandfarben - H\u00fcbsch\",\"isPartOf\":{\"@id\":\"https:\/\/hubsch-interior.com\/de\/#website\"},\"primaryImageOfPage\":{\"@id\":\"https:\/\/hubsch-interior.com\/de\/produkt\/camp-tragbare-lampe-sandfarben\/#primaryimage\"},\"image\":{\"@id\":\"https:\/\/hubsch-interior.com\/de\/produkt\/camp-tragbare-lampe-sandfarben\/#primaryimage\"},\"thumbnailUrl\":\"https:\/\/hubsch-interior.com\/wp-content\/uploads\/2026\/02\/camp-portable-lamp-sand-d18593dc5356a32aa60e54a96f26edad.jpg\",\"datePublished\":\"2024-01-29T08:33:41+00:00\",\"dateModified\":\"2026-04-11T03:00:39+00:00\",\"description\":\"Die Camp Tragbare Lampe ist die perfekte Beleuchtungsl\u00f6sung f\u00fcr den Einsatz im Freien und in Innenr\u00e4umen. In der Farbe Sand erh\u00e4ltlich, ist diese Variante\",\"breadcrumb\":{\"@id\":\"https:\/\/hubsch-interior.com\/de\/produkt\/camp-tragbare-lampe-sandfarben\/#breadcrumb\"},\"inLanguage\":\"de\",\"potentialAction\":[{\"@type\":\"ReadAction\",\"target\":[\"https:\/\/hubsch-interior.com\/de\/produkt\/camp-tragbare-lampe-sandfarben\/\"]}]},{\"@type\":\"ImageObject\",\"inLanguage\":\"de\",\"@id\":\"https:\/\/hubsch-interior.com\/de\/produkt\/camp-tragbare-lampe-sandfarben\/#primaryimage\",\"url\":\"https:\/\/hubsch-interior.com\/wp-content\/uploads\/2026\/02\/camp-portable-lamp-sand-d18593dc5356a32aa60e54a96f26edad.jpg\",\"contentUrl\":\"https:\/\/hubsch-interior.com\/wp-content\/uploads\/2026\/02\/camp-portable-lamp-sand-d18593dc5356a32aa60e54a96f26edad.jpg\",\"width\":1024,\"height\":1024},{\"@type\":\"BreadcrumbList\",\"@id\":\"https:\/\/hubsch-interior.com\/de\/produkt\/camp-tragbare-lampe-sandfarben\/#breadcrumb\",\"itemListElement\":[{\"@type\":\"ListItem\",\"position\":1,\"name\":\"Startseite\",\"item\":\"https:\/\/hubsch-interior.com\/de\/\"},{\"@type\":\"ListItem\",\"position\":2,\"name\":\"Produkte\",\"item\":\"https:\/\/hubsch-interior.com\/de\/shop-2\/\"},{\"@type\":\"ListItem\",\"position\":3,\"name\":\"Beleuchtung\",\"item\":\"https:\/\/hubsch-interior.com\/de\/produkt-kategorie\/beleuchtung\/\"},{\"@type\":\"ListItem\",\"position\":4,\"name\":\"Tragbare Lampen\",\"item\":\"https:\/\/hubsch-interior.com\/de\/produkt-kategorie\/beleuchtung\/tragbare-lampen-de\/\"},{\"@type\":\"ListItem\",\"position\":5,\"name\":\"Camp Tragbare Lampe Sandfarben\"}]},{\"@type\":\"WebSite\",\"@id\":\"https:\/\/hubsch-interior.com\/de\/#website\",\"url\":\"https:\/\/hubsch-interior.com\/de\/\",\"name\":\"H\u00fcbsch\",\"description\":\"Danish Home Interior and Design\",\"publisher\":{\"@id\":\"https:\/\/hubsch-interior.com\/de\/#organization\"},\"potentialAction\":[{\"@type\":\"SearchAction\",\"target\":{\"@type\":\"EntryPoint\",\"urlTemplate\":\"https:\/\/hubsch-interior.com\/de\/?s={search_term_string}\"},\"query-input\":{\"@type\":\"PropertyValueSpecification\",\"valueRequired\":true,\"valueName\":\"search_term_string\"}}],\"inLanguage\":\"de\"},{\"@type\":\"Organization\",\"@id\":\"https:\/\/hubsch-interior.com\/de\/#organization\",\"name\":\"H\u00fcbsch\",\"url\":\"https:\/\/hubsch-interior.com\/de\/\",\"logo\":{\"@type\":\"ImageObject\",\"inLanguage\":\"de\",\"@id\":\"https:\/\/hubsch-interior.com\/de\/#\/schema\/logo\/image\/\",\"url\":\"https:\/\/hubsch-interior.com\/wp-content\/uploads\/2022\/12\/Hubsch_logo_black_one_line.svg\",\"contentUrl\":\"https:\/\/hubsch-interior.com\/wp-content\/uploads\/2022\/12\/Hubsch_logo_black_one_line.svg\",\"caption\":\"H\u00fcbsch\"},\"image\":{\"@id\":\"https:\/\/hubsch-interior.com\/de\/#\/schema\/logo\/image\/\"}}]}<\/script>\n<!-- \/ Yoast SEO plugin. -->","yoast_head_json":{"title":"Camp Tragbare Lampe Sandfarben - H\u00fcbsch","description":"Die Camp Tragbare Lampe ist die perfekte Beleuchtungsl\u00f6sung f\u00fcr den Einsatz im Freien und in Innenr\u00e4umen. In der Farbe Sand erh\u00e4ltlich, ist diese Variante","robots":{"index":"index","follow":"follow","max-snippet":"max-snippet:-1","max-image-preview":"max-image-preview:large","max-video-preview":"max-video-preview:-1"},"canonical":"https:\/\/hubsch-interior.com\/de\/wp-json\/wp\/v2\/product\/977820","og_locale":"de_DE","og_type":"article","og_title":"Camp Tragbare Lampe Sandfarben - H\u00fcbsch","og_description":"Die Camp Tragbare Lampe ist die perfekte Beleuchtungsl\u00f6sung f\u00fcr den Einsatz im Freien und in Innenr\u00e4umen. In der Farbe Sand erh\u00e4ltlich, ist diese Variante","og_url":"https:\/\/hubsch-interior.com\/de\/produkt\/camp-tragbare-lampe-sandfarben\/","og_site_name":"H\u00fcbsch","article_modified_time":"2026-04-11T03:00:39+00:00","og_image":[{"width":1200,"height":1200,"url":"https:\/\/hubsch-interior.com\/wp-content\/uploads\/2024\/05\/camp-portable-lamp-sand-35ef87cfd91e3988bca65b7eacdc1a7b.jpg","type":"image\/jpeg"}],"twitter_card":"summary_large_image","twitter_misc":{"Gesch\u00e4tzte Lesezeit":"1\u00a0Minute"},"schema":{"@context":"https:\/\/schema.org","@graph":[{"@type":"WebPage","@id":"https:\/\/hubsch-interior.com\/de\/produkt\/camp-tragbare-lampe-sandfarben\/","url":"https:\/\/hubsch-interior.com\/de\/produkt\/camp-tragbare-lampe-sandfarben\/","name":"Camp Tragbare Lampe Sandfarben - H\u00fcbsch","isPartOf":{"@id":"https:\/\/hubsch-interior.com\/de\/#website"},"primaryImageOfPage":{"@id":"https:\/\/hubsch-interior.com\/de\/produkt\/camp-tragbare-lampe-sandfarben\/#primaryimage"},"image":{"@id":"https:\/\/hubsch-interior.com\/de\/produkt\/camp-tragbare-lampe-sandfarben\/#primaryimage"},"thumbnailUrl":"https:\/\/hubsch-interior.com\/wp-content\/uploads\/2026\/02\/camp-portable-lamp-sand-d18593dc5356a32aa60e54a96f26edad.jpg","datePublished":"2024-01-29T08:33:41+00:00","dateModified":"2026-04-11T03:00:39+00:00","description":"Die Camp Tragbare Lampe ist die perfekte Beleuchtungsl\u00f6sung f\u00fcr den Einsatz im Freien und in Innenr\u00e4umen. In der Farbe Sand erh\u00e4ltlich, ist diese Variante","breadcrumb":{"@id":"https:\/\/hubsch-interior.com\/de\/produkt\/camp-tragbare-lampe-sandfarben\/#breadcrumb"},"inLanguage":"de","potentialAction":[{"@type":"ReadAction","target":["https:\/\/hubsch-interior.com\/de\/produkt\/camp-tragbare-lampe-sandfarben\/"]}]},{"@type":"ImageObject","inLanguage":"de","@id":"https:\/\/hubsch-interior.com\/de\/produkt\/camp-tragbare-lampe-sandfarben\/#primaryimage","url":"https:\/\/hubsch-interior.com\/wp-content\/uploads\/2026\/02\/camp-portable-lamp-sand-d18593dc5356a32aa60e54a96f26edad.jpg","contentUrl":"https:\/\/hubsch-interior.com\/wp-content\/uploads\/2026\/02\/camp-portable-lamp-sand-d18593dc5356a32aa60e54a96f26edad.jpg","width":1024,"height":1024},{"@type":"BreadcrumbList","@id":"https:\/\/hubsch-interior.com\/de\/produkt\/camp-tragbare-lampe-sandfarben\/#breadcrumb","itemListElement":[{"@type":"ListItem","position":1,"name":"Startseite","item":"https:\/\/hubsch-interior.com\/de\/"},{"@type":"ListItem","position":2,"name":"Produkte","item":"https:\/\/hubsch-interior.com\/de\/shop-2\/"},{"@type":"ListItem","position":3,"name":"Beleuchtung","item":"https:\/\/hubsch-interior.com\/de\/produkt-kategorie\/beleuchtung\/"},{"@type":"ListItem","position":4,"name":"Tragbare Lampen","item":"https:\/\/hubsch-interior.com\/de\/produkt-kategorie\/beleuchtung\/tragbare-lampen-de\/"},{"@type":"ListItem","position":5,"name":"Camp Tragbare Lampe Sandfarben"}]},{"@type":"WebSite","@id":"https:\/\/hubsch-interior.com\/de\/#website","url":"https:\/\/hubsch-interior.com\/de\/","name":"H\u00fcbsch","description":"Danish Home Interior and Design","publisher":{"@id":"https:\/\/hubsch-interior.com\/de\/#organization"},"potentialAction":[{"@type":"SearchAction","target":{"@type":"EntryPoint","urlTemplate":"https:\/\/hubsch-interior.com\/de\/?s={search_term_string}"},"query-input":{"@type":"PropertyValueSpecification","valueRequired":true,"valueName":"search_term_string"}}],"inLanguage":"de"},{"@type":"Organization","@id":"https:\/\/hubsch-interior.com\/de\/#organization","name":"H\u00fcbsch","url":"https:\/\/hubsch-interior.com\/de\/","logo":{"@type":"ImageObject","inLanguage":"de","@id":"https:\/\/hubsch-interior.com\/de\/#\/schema\/logo\/image\/","url":"https:\/\/hubsch-interior.com\/wp-content\/uploads\/2022\/12\/Hubsch_logo_black_one_line.svg","contentUrl":"https:\/\/hubsch-interior.com\/wp-content\/uploads\/2022\/12\/Hubsch_logo_black_one_line.svg","caption":"H\u00fcbsch"},"image":{"@id":"https:\/\/hubsch-interior.com\/de\/#\/schema\/logo\/image\/"}}]}},"_links":{"self":[{"href":"https:\/\/hubsch-interior.com\/de\/wp-json\/wp\/v2\/product\/977820","targetHints":{"allow":["GET"]}}],"collection":[{"href":"https:\/\/hubsch-interior.com\/de\/wp-json\/wp\/v2\/product"}],"about":[{"href":"https:\/\/hubsch-interior.com\/de\/wp-json\/wp\/v2\/types\/product"}],"wp:featuredmedia":[{"embeddable":true,"href":"https:\/\/hubsch-interior.com\/de\/wp-json\/wp\/v2\/media\/1106972"}],"wp:attachment":[{"href":"https:\/\/hubsch-interior.com\/de\/wp-json\/wp\/v2\/media?parent=977820"}],"wp:term":[{"taxonomy":"product_brand","embeddable":true,"href":"https:\/\/hubsch-interior.com\/de\/wp-json\/wp\/v2\/product_brand?post=977820"},{"taxonomy":"product_cat","embeddable":true,"href":"https:\/\/hubsch-interior.com\/de\/wp-json\/wp\/v2\/product_cat?post=977820"},{"taxonomy":"product_tag","embeddable":true,"href":"https:\/\/hubsch-interior.com\/de\/wp-json\/wp\/v2\/product_tag?post=977820"}],"curies":[{"name":"wp","href":"https:\/\/api.w.org\/{rel}","templated":true}]}}