{"id":977852,"date":"2024-01-29T09:34:04","date_gmt":"2024-01-29T08:34:04","guid":{"rendered":"https:\/\/hubsch-interior.com\/product\/product\/"},"modified":"2026-04-11T05:00:45","modified_gmt":"2026-04-11T03:00:45","slug":"camp-tragbare-lampe-schwarz","status":"publish","type":"product","link":"https:\/\/hubsch-interior.com\/de\/produkt\/camp-tragbare-lampe-schwarz\/","title":{"rendered":"Camp Tragbare Lampe Schwarz"},"content":{"rendered":"<p>Die Camp Tragbare Lampe ist das unverzichtbare Accessoire f\u00fcr alle Ihre Indoor- und Outdoor-Abenteuer! Erh\u00e4ltlich in elegantem Schwarz, ist diese kompakte und vielseitige Lampe aus einer langlebigen Kombination aus Glas und Metall gefertigt. Mit zwei Varianten zur Auswahl k\u00f6nnen Sie Ihr Beleuchtungserlebnis mit der dimmbaren Funktion anpassen. Der wiederaufladbare Akku der Lampe sorgt f\u00fcr bis zu 8 Stunden Licht pro Ladung und macht sie somit perfekt f\u00fcr all Ihre Outdoor- und Indoor-Aktivit\u00e4ten. Zus\u00e4tzlich sorgt das Paracord-Band nicht nur f\u00fcr einen Hauch von Farbe, sondern erm\u00f6glicht es Ihnen auch, die Lampe \u00fcberall aufzuh\u00e4ngen. Verlassen Sie sich nicht auf die Camp Tragbare Lampe &#8211; Ihr treuer Begleiter f\u00fcr alle Beleuchtungsbed\u00fcrfnisse.<\/p>\n","protected":false},"excerpt":{"rendered":"<p>Die Camp Tragbare Lampe ist das unverzichtbare Accessoire f\u00fcr alle Ihre Indoor- und Outdoor-Abenteuer! Erh\u00e4ltlich in elegantem Schwarz, ist diese kompakte und vielseitige Lampe aus einer langlebigen Kombination aus Glas und Metall gefertigt. Mit zwei Varianten zur Auswahl k\u00f6nnen Sie Ihr Beleuchtungserlebnis mit der dimmbaren Funktion anpassen. Der wiederaufladbare Akku der Lampe sorgt f\u00fcr bis [&hellip;]<\/p>\n","protected":false},"featured_media":1107000,"template":"","meta":{"_acf_changed":false,"inline_featured_image":false},"product_brand":[],"product_cat":[3809,6884,6901,6349,6972,6519,3501,6963],"product_tag":[],"class_list":{"0":"post-977852","1":"product","2":"type-product","3":"status-publish","4":"has-post-thumbnail","6":"product_cat-beleuchtung","7":"product_cat-elevating-nostalgia-de","8":"product_cat-funktionelle-beleuchtung-de","9":"product_cat-garden-selection-de","10":"product_cat-oster-sale","11":"product_cat-outlet-de","12":"product_cat-tischlampen-de","13":"product_cat-tragbare-lampen-de","14":"product_shipping_class-pk","16":"pa_color-schwarz","17":"pa_material-eisen-de","18":"pa_material-glas-de","20":"first","21":"instock","22":"sale","23":"taxable","24":"shipping-taxable","25":"purchasable","26":"product-type-simple"},"exclude_global_add_ons":[],"addons":[],"acf":[],"yoast_head":"<!-- This site is optimized with the Yoast SEO plugin v26.4 - https:\/\/yoast.com\/wordpress\/plugins\/seo\/ -->\n<title>Camp Tragbare Lampe Schwarz - H\u00fcbsch<\/title>\n<meta name=\"description\" content=\"Die Camp Tragbare Lampe ist das unverzichtbare Accessoire f\u00fcr alle Ihre Indoor- und Outdoor-Abenteuer! Erh\u00e4ltlich in elegantem Schwarz, ist diese kompakte\" \/>\n<meta name=\"robots\" content=\"index, follow, max-snippet:-1, max-image-preview:large, max-video-preview:-1\" \/>\n<link rel=\"canonical\" href=\"https:\/\/hubsch-interior.com\/de\/wp-json\/wp\/v2\/product\/977852\" \/>\n<meta property=\"og:locale\" content=\"de_DE\" \/>\n<meta property=\"og:type\" content=\"article\" \/>\n<meta property=\"og:title\" content=\"Camp Tragbare Lampe Schwarz - H\u00fcbsch\" \/>\n<meta property=\"og:description\" content=\"Die Camp Tragbare Lampe ist das unverzichtbare Accessoire f\u00fcr alle Ihre Indoor- und Outdoor-Abenteuer! Erh\u00e4ltlich in elegantem Schwarz, ist diese kompakte\" \/>\n<meta property=\"og:url\" content=\"https:\/\/hubsch-interior.com\/de\/produkt\/camp-tragbare-lampe-schwarz\/\" \/>\n<meta property=\"og:site_name\" content=\"H\u00fcbsch\" \/>\n<meta property=\"article:modified_time\" content=\"2026-04-11T03:00:45+00:00\" \/>\n<meta property=\"og:image\" content=\"https:\/\/hubsch-interior.com\/wp-content\/uploads\/2024\/05\/camp-portable-lamp-black-5be77e868002427c581a685bc3ad332d.jpg\" \/>\n\t<meta property=\"og:image:width\" content=\"1200\" \/>\n\t<meta property=\"og:image:height\" content=\"1200\" \/>\n\t<meta property=\"og:image:type\" content=\"image\/jpeg\" \/>\n<meta name=\"twitter:card\" content=\"summary_large_image\" \/>\n<meta name=\"twitter:label1\" content=\"Gesch\u00e4tzte Lesezeit\" \/>\n\t<meta name=\"twitter:data1\" content=\"1\u00a0Minute\" \/>\n<script type=\"application\/ld+json\" class=\"yoast-schema-graph\">{\"@context\":\"https:\/\/schema.org\",\"@graph\":[{\"@type\":\"WebPage\",\"@id\":\"https:\/\/hubsch-interior.com\/de\/produkt\/camp-tragbare-lampe-schwarz\/\",\"url\":\"https:\/\/hubsch-interior.com\/de\/produkt\/camp-tragbare-lampe-schwarz\/\",\"name\":\"Camp Tragbare Lampe Schwarz - H\u00fcbsch\",\"isPartOf\":{\"@id\":\"https:\/\/hubsch-interior.com\/de\/#website\"},\"primaryImageOfPage\":{\"@id\":\"https:\/\/hubsch-interior.com\/de\/produkt\/camp-tragbare-lampe-schwarz\/#primaryimage\"},\"image\":{\"@id\":\"https:\/\/hubsch-interior.com\/de\/produkt\/camp-tragbare-lampe-schwarz\/#primaryimage\"},\"thumbnailUrl\":\"https:\/\/hubsch-interior.com\/wp-content\/uploads\/2026\/02\/camp-portable-lamp-black-44a325d7d04fd4181b3afc3cbbef9cb9.jpg\",\"datePublished\":\"2024-01-29T08:34:04+00:00\",\"dateModified\":\"2026-04-11T03:00:45+00:00\",\"description\":\"Die Camp Tragbare Lampe ist das unverzichtbare Accessoire f\u00fcr alle Ihre Indoor- und Outdoor-Abenteuer! Erh\u00e4ltlich in elegantem Schwarz, ist diese kompakte\",\"breadcrumb\":{\"@id\":\"https:\/\/hubsch-interior.com\/de\/produkt\/camp-tragbare-lampe-schwarz\/#breadcrumb\"},\"inLanguage\":\"de\",\"potentialAction\":[{\"@type\":\"ReadAction\",\"target\":[\"https:\/\/hubsch-interior.com\/de\/produkt\/camp-tragbare-lampe-schwarz\/\"]}]},{\"@type\":\"ImageObject\",\"inLanguage\":\"de\",\"@id\":\"https:\/\/hubsch-interior.com\/de\/produkt\/camp-tragbare-lampe-schwarz\/#primaryimage\",\"url\":\"https:\/\/hubsch-interior.com\/wp-content\/uploads\/2026\/02\/camp-portable-lamp-black-44a325d7d04fd4181b3afc3cbbef9cb9.jpg\",\"contentUrl\":\"https:\/\/hubsch-interior.com\/wp-content\/uploads\/2026\/02\/camp-portable-lamp-black-44a325d7d04fd4181b3afc3cbbef9cb9.jpg\",\"width\":1024,\"height\":1024},{\"@type\":\"BreadcrumbList\",\"@id\":\"https:\/\/hubsch-interior.com\/de\/produkt\/camp-tragbare-lampe-schwarz\/#breadcrumb\",\"itemListElement\":[{\"@type\":\"ListItem\",\"position\":1,\"name\":\"Startseite\",\"item\":\"https:\/\/hubsch-interior.com\/de\/\"},{\"@type\":\"ListItem\",\"position\":2,\"name\":\"Produkte\",\"item\":\"https:\/\/hubsch-interior.com\/de\/shop-2\/\"},{\"@type\":\"ListItem\",\"position\":3,\"name\":\"Beleuchtung\",\"item\":\"https:\/\/hubsch-interior.com\/de\/produkt-kategorie\/beleuchtung\/\"},{\"@type\":\"ListItem\",\"position\":4,\"name\":\"Tragbare Lampen\",\"item\":\"https:\/\/hubsch-interior.com\/de\/produkt-kategorie\/beleuchtung\/tragbare-lampen-de\/\"},{\"@type\":\"ListItem\",\"position\":5,\"name\":\"Camp Tragbare Lampe Schwarz\"}]},{\"@type\":\"WebSite\",\"@id\":\"https:\/\/hubsch-interior.com\/de\/#website\",\"url\":\"https:\/\/hubsch-interior.com\/de\/\",\"name\":\"H\u00fcbsch\",\"description\":\"Danish Home Interior and Design\",\"publisher\":{\"@id\":\"https:\/\/hubsch-interior.com\/de\/#organization\"},\"potentialAction\":[{\"@type\":\"SearchAction\",\"target\":{\"@type\":\"EntryPoint\",\"urlTemplate\":\"https:\/\/hubsch-interior.com\/de\/?s={search_term_string}\"},\"query-input\":{\"@type\":\"PropertyValueSpecification\",\"valueRequired\":true,\"valueName\":\"search_term_string\"}}],\"inLanguage\":\"de\"},{\"@type\":\"Organization\",\"@id\":\"https:\/\/hubsch-interior.com\/de\/#organization\",\"name\":\"H\u00fcbsch\",\"url\":\"https:\/\/hubsch-interior.com\/de\/\",\"logo\":{\"@type\":\"ImageObject\",\"inLanguage\":\"de\",\"@id\":\"https:\/\/hubsch-interior.com\/de\/#\/schema\/logo\/image\/\",\"url\":\"https:\/\/hubsch-interior.com\/wp-content\/uploads\/2022\/12\/Hubsch_logo_black_one_line.svg\",\"contentUrl\":\"https:\/\/hubsch-interior.com\/wp-content\/uploads\/2022\/12\/Hubsch_logo_black_one_line.svg\",\"caption\":\"H\u00fcbsch\"},\"image\":{\"@id\":\"https:\/\/hubsch-interior.com\/de\/#\/schema\/logo\/image\/\"}}]}<\/script>\n<!-- \/ Yoast SEO plugin. -->","yoast_head_json":{"title":"Camp Tragbare Lampe Schwarz - H\u00fcbsch","description":"Die Camp Tragbare Lampe ist das unverzichtbare Accessoire f\u00fcr alle Ihre Indoor- und Outdoor-Abenteuer! Erh\u00e4ltlich in elegantem Schwarz, ist diese kompakte","robots":{"index":"index","follow":"follow","max-snippet":"max-snippet:-1","max-image-preview":"max-image-preview:large","max-video-preview":"max-video-preview:-1"},"canonical":"https:\/\/hubsch-interior.com\/de\/wp-json\/wp\/v2\/product\/977852","og_locale":"de_DE","og_type":"article","og_title":"Camp Tragbare Lampe Schwarz - H\u00fcbsch","og_description":"Die Camp Tragbare Lampe ist das unverzichtbare Accessoire f\u00fcr alle Ihre Indoor- und Outdoor-Abenteuer! Erh\u00e4ltlich in elegantem Schwarz, ist diese kompakte","og_url":"https:\/\/hubsch-interior.com\/de\/produkt\/camp-tragbare-lampe-schwarz\/","og_site_name":"H\u00fcbsch","article_modified_time":"2026-04-11T03:00:45+00:00","og_image":[{"width":1200,"height":1200,"url":"https:\/\/hubsch-interior.com\/wp-content\/uploads\/2024\/05\/camp-portable-lamp-black-5be77e868002427c581a685bc3ad332d.jpg","type":"image\/jpeg"}],"twitter_card":"summary_large_image","twitter_misc":{"Gesch\u00e4tzte Lesezeit":"1\u00a0Minute"},"schema":{"@context":"https:\/\/schema.org","@graph":[{"@type":"WebPage","@id":"https:\/\/hubsch-interior.com\/de\/produkt\/camp-tragbare-lampe-schwarz\/","url":"https:\/\/hubsch-interior.com\/de\/produkt\/camp-tragbare-lampe-schwarz\/","name":"Camp Tragbare Lampe Schwarz - H\u00fcbsch","isPartOf":{"@id":"https:\/\/hubsch-interior.com\/de\/#website"},"primaryImageOfPage":{"@id":"https:\/\/hubsch-interior.com\/de\/produkt\/camp-tragbare-lampe-schwarz\/#primaryimage"},"image":{"@id":"https:\/\/hubsch-interior.com\/de\/produkt\/camp-tragbare-lampe-schwarz\/#primaryimage"},"thumbnailUrl":"https:\/\/hubsch-interior.com\/wp-content\/uploads\/2026\/02\/camp-portable-lamp-black-44a325d7d04fd4181b3afc3cbbef9cb9.jpg","datePublished":"2024-01-29T08:34:04+00:00","dateModified":"2026-04-11T03:00:45+00:00","description":"Die Camp Tragbare Lampe ist das unverzichtbare Accessoire f\u00fcr alle Ihre Indoor- und Outdoor-Abenteuer! Erh\u00e4ltlich in elegantem Schwarz, ist diese kompakte","breadcrumb":{"@id":"https:\/\/hubsch-interior.com\/de\/produkt\/camp-tragbare-lampe-schwarz\/#breadcrumb"},"inLanguage":"de","potentialAction":[{"@type":"ReadAction","target":["https:\/\/hubsch-interior.com\/de\/produkt\/camp-tragbare-lampe-schwarz\/"]}]},{"@type":"ImageObject","inLanguage":"de","@id":"https:\/\/hubsch-interior.com\/de\/produkt\/camp-tragbare-lampe-schwarz\/#primaryimage","url":"https:\/\/hubsch-interior.com\/wp-content\/uploads\/2026\/02\/camp-portable-lamp-black-44a325d7d04fd4181b3afc3cbbef9cb9.jpg","contentUrl":"https:\/\/hubsch-interior.com\/wp-content\/uploads\/2026\/02\/camp-portable-lamp-black-44a325d7d04fd4181b3afc3cbbef9cb9.jpg","width":1024,"height":1024},{"@type":"BreadcrumbList","@id":"https:\/\/hubsch-interior.com\/de\/produkt\/camp-tragbare-lampe-schwarz\/#breadcrumb","itemListElement":[{"@type":"ListItem","position":1,"name":"Startseite","item":"https:\/\/hubsch-interior.com\/de\/"},{"@type":"ListItem","position":2,"name":"Produkte","item":"https:\/\/hubsch-interior.com\/de\/shop-2\/"},{"@type":"ListItem","position":3,"name":"Beleuchtung","item":"https:\/\/hubsch-interior.com\/de\/produkt-kategorie\/beleuchtung\/"},{"@type":"ListItem","position":4,"name":"Tragbare Lampen","item":"https:\/\/hubsch-interior.com\/de\/produkt-kategorie\/beleuchtung\/tragbare-lampen-de\/"},{"@type":"ListItem","position":5,"name":"Camp Tragbare Lampe Schwarz"}]},{"@type":"WebSite","@id":"https:\/\/hubsch-interior.com\/de\/#website","url":"https:\/\/hubsch-interior.com\/de\/","name":"H\u00fcbsch","description":"Danish Home Interior and Design","publisher":{"@id":"https:\/\/hubsch-interior.com\/de\/#organization"},"potentialAction":[{"@type":"SearchAction","target":{"@type":"EntryPoint","urlTemplate":"https:\/\/hubsch-interior.com\/de\/?s={search_term_string}"},"query-input":{"@type":"PropertyValueSpecification","valueRequired":true,"valueName":"search_term_string"}}],"inLanguage":"de"},{"@type":"Organization","@id":"https:\/\/hubsch-interior.com\/de\/#organization","name":"H\u00fcbsch","url":"https:\/\/hubsch-interior.com\/de\/","logo":{"@type":"ImageObject","inLanguage":"de","@id":"https:\/\/hubsch-interior.com\/de\/#\/schema\/logo\/image\/","url":"https:\/\/hubsch-interior.com\/wp-content\/uploads\/2022\/12\/Hubsch_logo_black_one_line.svg","contentUrl":"https:\/\/hubsch-interior.com\/wp-content\/uploads\/2022\/12\/Hubsch_logo_black_one_line.svg","caption":"H\u00fcbsch"},"image":{"@id":"https:\/\/hubsch-interior.com\/de\/#\/schema\/logo\/image\/"}}]}},"_links":{"self":[{"href":"https:\/\/hubsch-interior.com\/de\/wp-json\/wp\/v2\/product\/977852","targetHints":{"allow":["GET"]}}],"collection":[{"href":"https:\/\/hubsch-interior.com\/de\/wp-json\/wp\/v2\/product"}],"about":[{"href":"https:\/\/hubsch-interior.com\/de\/wp-json\/wp\/v2\/types\/product"}],"wp:featuredmedia":[{"embeddable":true,"href":"https:\/\/hubsch-interior.com\/de\/wp-json\/wp\/v2\/media\/1107000"}],"wp:attachment":[{"href":"https:\/\/hubsch-interior.com\/de\/wp-json\/wp\/v2\/media?parent=977852"}],"wp:term":[{"taxonomy":"product_brand","embeddable":true,"href":"https:\/\/hubsch-interior.com\/de\/wp-json\/wp\/v2\/product_brand?post=977852"},{"taxonomy":"product_cat","embeddable":true,"href":"https:\/\/hubsch-interior.com\/de\/wp-json\/wp\/v2\/product_cat?post=977852"},{"taxonomy":"product_tag","embeddable":true,"href":"https:\/\/hubsch-interior.com\/de\/wp-json\/wp\/v2\/product_tag?post=977852"}],"curies":[{"name":"wp","href":"https:\/\/api.w.org\/{rel}","templated":true}]}}