{"id":977896,"date":"2024-01-29T09:34:27","date_gmt":"2024-01-29T08:34:27","guid":{"rendered":"https:\/\/hubsch-interior.com\/product\/product\/"},"modified":"2026-04-12T05:05:37","modified_gmt":"2026-04-12T03:05:37","slug":"salon-tragbare-lampe-schwarz","status":"publish","type":"product","link":"https:\/\/hubsch-interior.com\/de\/produkt\/salon-tragbare-lampe-schwarz\/","title":{"rendered":"Salon Tragbare Lampe Schwarz"},"content":{"rendered":"<p>Die Salon Tischlampe ist in edlem Schwarz erh\u00e4ltlich und verleiht jedem Raum eine Note von Raffinesse. Hergestellt aus einer Kombination aus hochwertigem Glas und Metall strahlt diese Lampe Langlebigkeit und Stil aus. Mit ihrem stufenlosen Ein-\/Ausschalter k\u00f6nnen Sie das Licht ganz einfach anpassen, um eine gem\u00fctliche Atmosph\u00e4re f\u00fcr Ihre Abendaktivit\u00e4ten zu schaffen. Und f\u00fcr romantische Abende sorgt die wiederaufladbare Lampe f\u00fcr bis zu 10 Stunden Licht pro Ladung und ist somit die ideale Wahl f\u00fcr kuschelige Momente mit Ihrem Liebsten. Bestellen Sie jetzt und tauchen Sie ein in das warme und einladende Leuchten der Salon Tischlampe.<\/p>\n","protected":false},"excerpt":{"rendered":"<p>Die Salon Tischlampe ist in edlem Schwarz erh\u00e4ltlich und verleiht jedem Raum eine Note von Raffinesse. Hergestellt aus einer Kombination aus hochwertigem Glas und Metall strahlt diese Lampe Langlebigkeit und Stil aus. Mit ihrem stufenlosen Ein-\/Ausschalter k\u00f6nnen Sie das Licht ganz einfach anpassen, um eine gem\u00fctliche Atmosph\u00e4re f\u00fcr Ihre Abendaktivit\u00e4ten zu schaffen. Und f\u00fcr romantische [&hellip;]<\/p>\n","protected":false},"featured_media":1107028,"template":"","meta":{"_acf_changed":false,"inline_featured_image":false},"product_brand":[],"product_cat":[3809,6884,6901,6349,6972,6519,3501,6963],"product_tag":[],"class_list":{"0":"post-977896","1":"product","2":"type-product","3":"status-publish","4":"has-post-thumbnail","6":"product_cat-beleuchtung","7":"product_cat-elevating-nostalgia-de","8":"product_cat-funktionelle-beleuchtung-de","9":"product_cat-garden-selection-de","10":"product_cat-oster-sale","11":"product_cat-outlet-de","12":"product_cat-tischlampen-de","13":"product_cat-tragbare-lampen-de","14":"product_shipping_class-pk","16":"pa_color-schwarz","17":"pa_material-eisen-de","18":"pa_material-glas-de","20":"first","21":"instock","22":"sale","23":"taxable","24":"shipping-taxable","25":"purchasable","26":"product-type-simple"},"exclude_global_add_ons":[],"addons":[],"acf":[],"yoast_head":"<!-- This site is optimized with the Yoast SEO plugin v26.4 - https:\/\/yoast.com\/wordpress\/plugins\/seo\/ -->\n<title>Salon Tragbare Lampe Schwarz - H\u00fcbsch<\/title>\n<meta name=\"description\" content=\"Die Salon Tischlampe ist in edlem Schwarz erh\u00e4ltlich und verleiht jedem Raum eine Note von Raffinesse. Hergestellt aus einer Kombination aus hochwertigem\" \/>\n<meta name=\"robots\" content=\"index, follow, max-snippet:-1, max-image-preview:large, max-video-preview:-1\" \/>\n<link rel=\"canonical\" href=\"https:\/\/hubsch-interior.com\/de\/wp-json\/wp\/v2\/product\/977896\" \/>\n<meta property=\"og:locale\" content=\"de_DE\" \/>\n<meta property=\"og:type\" content=\"article\" \/>\n<meta property=\"og:title\" content=\"Salon Tragbare Lampe Schwarz - H\u00fcbsch\" \/>\n<meta property=\"og:description\" content=\"Die Salon Tischlampe ist in edlem Schwarz erh\u00e4ltlich und verleiht jedem Raum eine Note von Raffinesse. Hergestellt aus einer Kombination aus hochwertigem\" \/>\n<meta property=\"og:url\" content=\"https:\/\/hubsch-interior.com\/de\/produkt\/salon-tragbare-lampe-schwarz\/\" \/>\n<meta property=\"og:site_name\" content=\"H\u00fcbsch\" \/>\n<meta property=\"article:modified_time\" content=\"2026-04-12T03:05:37+00:00\" \/>\n<meta property=\"og:image\" content=\"https:\/\/hubsch-interior.com\/wp-content\/uploads\/2024\/01\/salon-table-lamp-black-2781da35c65bd77ff1952f26d475e8f8.jpg\" \/>\n\t<meta property=\"og:image:width\" content=\"1200\" \/>\n\t<meta property=\"og:image:height\" content=\"1200\" \/>\n\t<meta property=\"og:image:type\" content=\"image\/jpeg\" \/>\n<meta name=\"twitter:card\" content=\"summary_large_image\" \/>\n<meta name=\"twitter:label1\" content=\"Gesch\u00e4tzte Lesezeit\" \/>\n\t<meta name=\"twitter:data1\" content=\"1\u00a0Minute\" \/>\n<script type=\"application\/ld+json\" class=\"yoast-schema-graph\">{\"@context\":\"https:\/\/schema.org\",\"@graph\":[{\"@type\":\"WebPage\",\"@id\":\"https:\/\/hubsch-interior.com\/de\/produkt\/salon-tragbare-lampe-schwarz\/\",\"url\":\"https:\/\/hubsch-interior.com\/de\/produkt\/salon-tragbare-lampe-schwarz\/\",\"name\":\"Salon Tragbare Lampe Schwarz - H\u00fcbsch\",\"isPartOf\":{\"@id\":\"https:\/\/hubsch-interior.com\/de\/#website\"},\"primaryImageOfPage\":{\"@id\":\"https:\/\/hubsch-interior.com\/de\/produkt\/salon-tragbare-lampe-schwarz\/#primaryimage\"},\"image\":{\"@id\":\"https:\/\/hubsch-interior.com\/de\/produkt\/salon-tragbare-lampe-schwarz\/#primaryimage\"},\"thumbnailUrl\":\"https:\/\/hubsch-interior.com\/wp-content\/uploads\/2026\/02\/salon-portable-lamp-black-104c1acd9986b28d316deb7141cc9535.jpg\",\"datePublished\":\"2024-01-29T08:34:27+00:00\",\"dateModified\":\"2026-04-12T03:05:37+00:00\",\"description\":\"Die Salon Tischlampe ist in edlem Schwarz erh\u00e4ltlich und verleiht jedem Raum eine Note von Raffinesse. Hergestellt aus einer Kombination aus hochwertigem\",\"breadcrumb\":{\"@id\":\"https:\/\/hubsch-interior.com\/de\/produkt\/salon-tragbare-lampe-schwarz\/#breadcrumb\"},\"inLanguage\":\"de\",\"potentialAction\":[{\"@type\":\"ReadAction\",\"target\":[\"https:\/\/hubsch-interior.com\/de\/produkt\/salon-tragbare-lampe-schwarz\/\"]}]},{\"@type\":\"ImageObject\",\"inLanguage\":\"de\",\"@id\":\"https:\/\/hubsch-interior.com\/de\/produkt\/salon-tragbare-lampe-schwarz\/#primaryimage\",\"url\":\"https:\/\/hubsch-interior.com\/wp-content\/uploads\/2026\/02\/salon-portable-lamp-black-104c1acd9986b28d316deb7141cc9535.jpg\",\"contentUrl\":\"https:\/\/hubsch-interior.com\/wp-content\/uploads\/2026\/02\/salon-portable-lamp-black-104c1acd9986b28d316deb7141cc9535.jpg\",\"width\":1024,\"height\":1024},{\"@type\":\"BreadcrumbList\",\"@id\":\"https:\/\/hubsch-interior.com\/de\/produkt\/salon-tragbare-lampe-schwarz\/#breadcrumb\",\"itemListElement\":[{\"@type\":\"ListItem\",\"position\":1,\"name\":\"Startseite\",\"item\":\"https:\/\/hubsch-interior.com\/de\/\"},{\"@type\":\"ListItem\",\"position\":2,\"name\":\"Produkte\",\"item\":\"https:\/\/hubsch-interior.com\/de\/shop-2\/\"},{\"@type\":\"ListItem\",\"position\":3,\"name\":\"Beleuchtung\",\"item\":\"https:\/\/hubsch-interior.com\/de\/produkt-kategorie\/beleuchtung\/\"},{\"@type\":\"ListItem\",\"position\":4,\"name\":\"Tragbare Lampen\",\"item\":\"https:\/\/hubsch-interior.com\/de\/produkt-kategorie\/beleuchtung\/tragbare-lampen-de\/\"},{\"@type\":\"ListItem\",\"position\":5,\"name\":\"Salon Tragbare Lampe Schwarz\"}]},{\"@type\":\"WebSite\",\"@id\":\"https:\/\/hubsch-interior.com\/de\/#website\",\"url\":\"https:\/\/hubsch-interior.com\/de\/\",\"name\":\"H\u00fcbsch\",\"description\":\"Danish Home Interior and Design\",\"publisher\":{\"@id\":\"https:\/\/hubsch-interior.com\/de\/#organization\"},\"potentialAction\":[{\"@type\":\"SearchAction\",\"target\":{\"@type\":\"EntryPoint\",\"urlTemplate\":\"https:\/\/hubsch-interior.com\/de\/?s={search_term_string}\"},\"query-input\":{\"@type\":\"PropertyValueSpecification\",\"valueRequired\":true,\"valueName\":\"search_term_string\"}}],\"inLanguage\":\"de\"},{\"@type\":\"Organization\",\"@id\":\"https:\/\/hubsch-interior.com\/de\/#organization\",\"name\":\"H\u00fcbsch\",\"url\":\"https:\/\/hubsch-interior.com\/de\/\",\"logo\":{\"@type\":\"ImageObject\",\"inLanguage\":\"de\",\"@id\":\"https:\/\/hubsch-interior.com\/de\/#\/schema\/logo\/image\/\",\"url\":\"https:\/\/hubsch-interior.com\/wp-content\/uploads\/2022\/12\/Hubsch_logo_black_one_line.svg\",\"contentUrl\":\"https:\/\/hubsch-interior.com\/wp-content\/uploads\/2022\/12\/Hubsch_logo_black_one_line.svg\",\"caption\":\"H\u00fcbsch\"},\"image\":{\"@id\":\"https:\/\/hubsch-interior.com\/de\/#\/schema\/logo\/image\/\"}}]}<\/script>\n<!-- \/ Yoast SEO plugin. -->","yoast_head_json":{"title":"Salon Tragbare Lampe Schwarz - H\u00fcbsch","description":"Die Salon Tischlampe ist in edlem Schwarz erh\u00e4ltlich und verleiht jedem Raum eine Note von Raffinesse. Hergestellt aus einer Kombination aus hochwertigem","robots":{"index":"index","follow":"follow","max-snippet":"max-snippet:-1","max-image-preview":"max-image-preview:large","max-video-preview":"max-video-preview:-1"},"canonical":"https:\/\/hubsch-interior.com\/de\/wp-json\/wp\/v2\/product\/977896","og_locale":"de_DE","og_type":"article","og_title":"Salon Tragbare Lampe Schwarz - H\u00fcbsch","og_description":"Die Salon Tischlampe ist in edlem Schwarz erh\u00e4ltlich und verleiht jedem Raum eine Note von Raffinesse. Hergestellt aus einer Kombination aus hochwertigem","og_url":"https:\/\/hubsch-interior.com\/de\/produkt\/salon-tragbare-lampe-schwarz\/","og_site_name":"H\u00fcbsch","article_modified_time":"2026-04-12T03:05:37+00:00","og_image":[{"width":1200,"height":1200,"url":"https:\/\/hubsch-interior.com\/wp-content\/uploads\/2024\/01\/salon-table-lamp-black-2781da35c65bd77ff1952f26d475e8f8.jpg","type":"image\/jpeg"}],"twitter_card":"summary_large_image","twitter_misc":{"Gesch\u00e4tzte Lesezeit":"1\u00a0Minute"},"schema":{"@context":"https:\/\/schema.org","@graph":[{"@type":"WebPage","@id":"https:\/\/hubsch-interior.com\/de\/produkt\/salon-tragbare-lampe-schwarz\/","url":"https:\/\/hubsch-interior.com\/de\/produkt\/salon-tragbare-lampe-schwarz\/","name":"Salon Tragbare Lampe Schwarz - H\u00fcbsch","isPartOf":{"@id":"https:\/\/hubsch-interior.com\/de\/#website"},"primaryImageOfPage":{"@id":"https:\/\/hubsch-interior.com\/de\/produkt\/salon-tragbare-lampe-schwarz\/#primaryimage"},"image":{"@id":"https:\/\/hubsch-interior.com\/de\/produkt\/salon-tragbare-lampe-schwarz\/#primaryimage"},"thumbnailUrl":"https:\/\/hubsch-interior.com\/wp-content\/uploads\/2026\/02\/salon-portable-lamp-black-104c1acd9986b28d316deb7141cc9535.jpg","datePublished":"2024-01-29T08:34:27+00:00","dateModified":"2026-04-12T03:05:37+00:00","description":"Die Salon Tischlampe ist in edlem Schwarz erh\u00e4ltlich und verleiht jedem Raum eine Note von Raffinesse. Hergestellt aus einer Kombination aus hochwertigem","breadcrumb":{"@id":"https:\/\/hubsch-interior.com\/de\/produkt\/salon-tragbare-lampe-schwarz\/#breadcrumb"},"inLanguage":"de","potentialAction":[{"@type":"ReadAction","target":["https:\/\/hubsch-interior.com\/de\/produkt\/salon-tragbare-lampe-schwarz\/"]}]},{"@type":"ImageObject","inLanguage":"de","@id":"https:\/\/hubsch-interior.com\/de\/produkt\/salon-tragbare-lampe-schwarz\/#primaryimage","url":"https:\/\/hubsch-interior.com\/wp-content\/uploads\/2026\/02\/salon-portable-lamp-black-104c1acd9986b28d316deb7141cc9535.jpg","contentUrl":"https:\/\/hubsch-interior.com\/wp-content\/uploads\/2026\/02\/salon-portable-lamp-black-104c1acd9986b28d316deb7141cc9535.jpg","width":1024,"height":1024},{"@type":"BreadcrumbList","@id":"https:\/\/hubsch-interior.com\/de\/produkt\/salon-tragbare-lampe-schwarz\/#breadcrumb","itemListElement":[{"@type":"ListItem","position":1,"name":"Startseite","item":"https:\/\/hubsch-interior.com\/de\/"},{"@type":"ListItem","position":2,"name":"Produkte","item":"https:\/\/hubsch-interior.com\/de\/shop-2\/"},{"@type":"ListItem","position":3,"name":"Beleuchtung","item":"https:\/\/hubsch-interior.com\/de\/produkt-kategorie\/beleuchtung\/"},{"@type":"ListItem","position":4,"name":"Tragbare Lampen","item":"https:\/\/hubsch-interior.com\/de\/produkt-kategorie\/beleuchtung\/tragbare-lampen-de\/"},{"@type":"ListItem","position":5,"name":"Salon Tragbare Lampe Schwarz"}]},{"@type":"WebSite","@id":"https:\/\/hubsch-interior.com\/de\/#website","url":"https:\/\/hubsch-interior.com\/de\/","name":"H\u00fcbsch","description":"Danish Home Interior and Design","publisher":{"@id":"https:\/\/hubsch-interior.com\/de\/#organization"},"potentialAction":[{"@type":"SearchAction","target":{"@type":"EntryPoint","urlTemplate":"https:\/\/hubsch-interior.com\/de\/?s={search_term_string}"},"query-input":{"@type":"PropertyValueSpecification","valueRequired":true,"valueName":"search_term_string"}}],"inLanguage":"de"},{"@type":"Organization","@id":"https:\/\/hubsch-interior.com\/de\/#organization","name":"H\u00fcbsch","url":"https:\/\/hubsch-interior.com\/de\/","logo":{"@type":"ImageObject","inLanguage":"de","@id":"https:\/\/hubsch-interior.com\/de\/#\/schema\/logo\/image\/","url":"https:\/\/hubsch-interior.com\/wp-content\/uploads\/2022\/12\/Hubsch_logo_black_one_line.svg","contentUrl":"https:\/\/hubsch-interior.com\/wp-content\/uploads\/2022\/12\/Hubsch_logo_black_one_line.svg","caption":"H\u00fcbsch"},"image":{"@id":"https:\/\/hubsch-interior.com\/de\/#\/schema\/logo\/image\/"}}]}},"_links":{"self":[{"href":"https:\/\/hubsch-interior.com\/de\/wp-json\/wp\/v2\/product\/977896","targetHints":{"allow":["GET"]}}],"collection":[{"href":"https:\/\/hubsch-interior.com\/de\/wp-json\/wp\/v2\/product"}],"about":[{"href":"https:\/\/hubsch-interior.com\/de\/wp-json\/wp\/v2\/types\/product"}],"wp:featuredmedia":[{"embeddable":true,"href":"https:\/\/hubsch-interior.com\/de\/wp-json\/wp\/v2\/media\/1107028"}],"wp:attachment":[{"href":"https:\/\/hubsch-interior.com\/de\/wp-json\/wp\/v2\/media?parent=977896"}],"wp:term":[{"taxonomy":"product_brand","embeddable":true,"href":"https:\/\/hubsch-interior.com\/de\/wp-json\/wp\/v2\/product_brand?post=977896"},{"taxonomy":"product_cat","embeddable":true,"href":"https:\/\/hubsch-interior.com\/de\/wp-json\/wp\/v2\/product_cat?post=977896"},{"taxonomy":"product_tag","embeddable":true,"href":"https:\/\/hubsch-interior.com\/de\/wp-json\/wp\/v2\/product_tag?post=977896"}],"curies":[{"name":"wp","href":"https:\/\/api.w.org\/{rel}","templated":true}]}}