{"id":977920,"date":"2024-01-29T09:34:48","date_gmt":"2024-01-29T08:34:48","guid":{"rendered":"https:\/\/hubsch-interior.com\/product\/product\/"},"modified":"2026-04-11T05:00:54","modified_gmt":"2026-04-11T03:00:54","slug":"velo-tischlampe-sandfarben","status":"publish","type":"product","link":"https:\/\/hubsch-interior.com\/de\/produkt\/velo-tischlampe-sandfarben\/","title":{"rendered":"Velo Tischlampe Sandfarben"},"content":{"rendered":"<p>Vorstellung der Velo Tischlampe, eine klassische Erg\u00e4nzung f\u00fcr jeden Raum in Ihrem Zuhause. Erh\u00e4ltlich in zwei eleganten Varianten, pr\u00e4sentiert sich diese sandfarbene Lampe mit einem vielseitigen Design, das zu jedem Einrichtungsstil passt. Hergestellt aus einer Kombination aus Acryl und Metall, verteilt diese hohe Lampe das Licht optimal zum Lesen, Arbeiten oder zum Schaffen einer gem\u00fctlichen Atmosph\u00e4re mit ihrer dimmbaren Funktion. Perfekt f\u00fcr die Schaffung von Ambientelicht, ist die Velo Tischlampe ein Muss f\u00fcr jeden stilvollen und funktionalen Raum.<\/p>\n","protected":false},"excerpt":{"rendered":"<p>Vorstellung der Velo Tischlampe, eine klassische Erg\u00e4nzung f\u00fcr jeden Raum in Ihrem Zuhause. Erh\u00e4ltlich in zwei eleganten Varianten, pr\u00e4sentiert sich diese sandfarbene Lampe mit einem vielseitigen Design, das zu jedem Einrichtungsstil passt. Hergestellt aus einer Kombination aus Acryl und Metall, verteilt diese hohe Lampe das Licht optimal zum Lesen, Arbeiten oder zum Schaffen einer gem\u00fctlichen [&hellip;]<\/p>\n","protected":false},"featured_media":1107064,"template":"","meta":{"_acf_changed":false,"inline_featured_image":false},"product_brand":[],"product_cat":[6884,6901,3809,3501,5027],"product_tag":[],"class_list":{"0":"post-977920","1":"product","2":"type-product","3":"status-publish","4":"has-post-thumbnail","6":"product_cat-elevating-nostalgia-de","7":"product_cat-funktionelle-beleuchtung-de","8":"product_cat-beleuchtung","9":"product_cat-tischlampen-de","10":"product_cat-bestsellers-de","11":"product_shipping_class-pk","13":"pa_color-sandfarben","14":"pa_material-eisen-de","15":"pa_material-polycarbonat-2","17":"first","18":"instock","19":"featured","20":"taxable","21":"shipping-taxable","22":"purchasable","23":"product-type-simple"},"exclude_global_add_ons":[],"addons":[],"acf":[],"yoast_head":"<!-- This site is optimized with the Yoast SEO plugin v26.4 - https:\/\/yoast.com\/wordpress\/plugins\/seo\/ -->\n<title>Velo Tischlampe Sandfarben - H\u00fcbsch<\/title>\n<meta name=\"description\" content=\"Vorstellung der Velo Tischlampe, eine klassische Erg\u00e4nzung f\u00fcr jeden Raum in Ihrem Zuhause. Erh\u00e4ltlich in zwei eleganten Varianten, pr\u00e4sentiert sich diese\" \/>\n<meta name=\"robots\" content=\"index, follow, max-snippet:-1, max-image-preview:large, max-video-preview:-1\" \/>\n<link rel=\"canonical\" href=\"https:\/\/hubsch-interior.com\/de\/wp-json\/wp\/v2\/product\/977920\" \/>\n<meta property=\"og:locale\" content=\"de_DE\" \/>\n<meta property=\"og:type\" content=\"article\" \/>\n<meta property=\"og:title\" content=\"Velo Tischlampe Sandfarben - H\u00fcbsch\" \/>\n<meta property=\"og:description\" content=\"Vorstellung der Velo Tischlampe, eine klassische Erg\u00e4nzung f\u00fcr jeden Raum in Ihrem Zuhause. Erh\u00e4ltlich in zwei eleganten Varianten, pr\u00e4sentiert sich diese\" \/>\n<meta property=\"og:url\" content=\"https:\/\/hubsch-interior.com\/de\/produkt\/velo-tischlampe-sandfarben\/\" \/>\n<meta property=\"og:site_name\" content=\"H\u00fcbsch\" \/>\n<meta property=\"article:modified_time\" content=\"2026-04-11T03:00:54+00:00\" \/>\n<meta property=\"og:image\" content=\"https:\/\/hubsch-interior.com\/wp-content\/uploads\/2024\/01\/velo-table-lamp-sand-80baf60aca82199c5feb11ece05796e4.jpg\" \/>\n\t<meta property=\"og:image:width\" content=\"1200\" \/>\n\t<meta property=\"og:image:height\" content=\"1200\" \/>\n\t<meta property=\"og:image:type\" content=\"image\/jpeg\" \/>\n<meta name=\"twitter:card\" content=\"summary_large_image\" \/>\n<script type=\"application\/ld+json\" class=\"yoast-schema-graph\">{\"@context\":\"https:\/\/schema.org\",\"@graph\":[{\"@type\":\"WebPage\",\"@id\":\"https:\/\/hubsch-interior.com\/de\/produkt\/velo-tischlampe-sandfarben\/\",\"url\":\"https:\/\/hubsch-interior.com\/de\/produkt\/velo-tischlampe-sandfarben\/\",\"name\":\"Velo Tischlampe Sandfarben - H\u00fcbsch\",\"isPartOf\":{\"@id\":\"https:\/\/hubsch-interior.com\/de\/#website\"},\"primaryImageOfPage\":{\"@id\":\"https:\/\/hubsch-interior.com\/de\/produkt\/velo-tischlampe-sandfarben\/#primaryimage\"},\"image\":{\"@id\":\"https:\/\/hubsch-interior.com\/de\/produkt\/velo-tischlampe-sandfarben\/#primaryimage\"},\"thumbnailUrl\":\"https:\/\/hubsch-interior.com\/wp-content\/uploads\/2026\/02\/velo-table-lamp-sand-1d8dfe99b87e7cd029f4f14b67b09fb1.jpg\",\"datePublished\":\"2024-01-29T08:34:48+00:00\",\"dateModified\":\"2026-04-11T03:00:54+00:00\",\"description\":\"Vorstellung der Velo Tischlampe, eine klassische Erg\u00e4nzung f\u00fcr jeden Raum in Ihrem Zuhause. Erh\u00e4ltlich in zwei eleganten Varianten, pr\u00e4sentiert sich diese\",\"breadcrumb\":{\"@id\":\"https:\/\/hubsch-interior.com\/de\/produkt\/velo-tischlampe-sandfarben\/#breadcrumb\"},\"inLanguage\":\"de\",\"potentialAction\":[{\"@type\":\"ReadAction\",\"target\":[\"https:\/\/hubsch-interior.com\/de\/produkt\/velo-tischlampe-sandfarben\/\"]}]},{\"@type\":\"ImageObject\",\"inLanguage\":\"de\",\"@id\":\"https:\/\/hubsch-interior.com\/de\/produkt\/velo-tischlampe-sandfarben\/#primaryimage\",\"url\":\"https:\/\/hubsch-interior.com\/wp-content\/uploads\/2026\/02\/velo-table-lamp-sand-1d8dfe99b87e7cd029f4f14b67b09fb1.jpg\",\"contentUrl\":\"https:\/\/hubsch-interior.com\/wp-content\/uploads\/2026\/02\/velo-table-lamp-sand-1d8dfe99b87e7cd029f4f14b67b09fb1.jpg\",\"width\":1024,\"height\":1024},{\"@type\":\"BreadcrumbList\",\"@id\":\"https:\/\/hubsch-interior.com\/de\/produkt\/velo-tischlampe-sandfarben\/#breadcrumb\",\"itemListElement\":[{\"@type\":\"ListItem\",\"position\":1,\"name\":\"Startseite\",\"item\":\"https:\/\/hubsch-interior.com\/de\/\"},{\"@type\":\"ListItem\",\"position\":2,\"name\":\"Produkte\",\"item\":\"https:\/\/hubsch-interior.com\/de\/shop-2\/\"},{\"@type\":\"ListItem\",\"position\":3,\"name\":\"Beleuchtung\",\"item\":\"https:\/\/hubsch-interior.com\/de\/produkt-kategorie\/beleuchtung\/\"},{\"@type\":\"ListItem\",\"position\":4,\"name\":\"Tischlampen\",\"item\":\"https:\/\/hubsch-interior.com\/de\/produkt-kategorie\/beleuchtung\/tischlampen-de\/\"},{\"@type\":\"ListItem\",\"position\":5,\"name\":\"Velo Tischlampe Sandfarben\"}]},{\"@type\":\"WebSite\",\"@id\":\"https:\/\/hubsch-interior.com\/de\/#website\",\"url\":\"https:\/\/hubsch-interior.com\/de\/\",\"name\":\"H\u00fcbsch\",\"description\":\"Danish Home Interior and Design\",\"publisher\":{\"@id\":\"https:\/\/hubsch-interior.com\/de\/#organization\"},\"potentialAction\":[{\"@type\":\"SearchAction\",\"target\":{\"@type\":\"EntryPoint\",\"urlTemplate\":\"https:\/\/hubsch-interior.com\/de\/?s={search_term_string}\"},\"query-input\":{\"@type\":\"PropertyValueSpecification\",\"valueRequired\":true,\"valueName\":\"search_term_string\"}}],\"inLanguage\":\"de\"},{\"@type\":\"Organization\",\"@id\":\"https:\/\/hubsch-interior.com\/de\/#organization\",\"name\":\"H\u00fcbsch\",\"url\":\"https:\/\/hubsch-interior.com\/de\/\",\"logo\":{\"@type\":\"ImageObject\",\"inLanguage\":\"de\",\"@id\":\"https:\/\/hubsch-interior.com\/de\/#\/schema\/logo\/image\/\",\"url\":\"https:\/\/hubsch-interior.com\/wp-content\/uploads\/2022\/12\/Hubsch_logo_black_one_line.svg\",\"contentUrl\":\"https:\/\/hubsch-interior.com\/wp-content\/uploads\/2022\/12\/Hubsch_logo_black_one_line.svg\",\"caption\":\"H\u00fcbsch\"},\"image\":{\"@id\":\"https:\/\/hubsch-interior.com\/de\/#\/schema\/logo\/image\/\"}}]}<\/script>\n<!-- \/ Yoast SEO plugin. -->","yoast_head_json":{"title":"Velo Tischlampe Sandfarben - H\u00fcbsch","description":"Vorstellung der Velo Tischlampe, eine klassische Erg\u00e4nzung f\u00fcr jeden Raum in Ihrem Zuhause. Erh\u00e4ltlich in zwei eleganten Varianten, pr\u00e4sentiert sich diese","robots":{"index":"index","follow":"follow","max-snippet":"max-snippet:-1","max-image-preview":"max-image-preview:large","max-video-preview":"max-video-preview:-1"},"canonical":"https:\/\/hubsch-interior.com\/de\/wp-json\/wp\/v2\/product\/977920","og_locale":"de_DE","og_type":"article","og_title":"Velo Tischlampe Sandfarben - H\u00fcbsch","og_description":"Vorstellung der Velo Tischlampe, eine klassische Erg\u00e4nzung f\u00fcr jeden Raum in Ihrem Zuhause. Erh\u00e4ltlich in zwei eleganten Varianten, pr\u00e4sentiert sich diese","og_url":"https:\/\/hubsch-interior.com\/de\/produkt\/velo-tischlampe-sandfarben\/","og_site_name":"H\u00fcbsch","article_modified_time":"2026-04-11T03:00:54+00:00","og_image":[{"width":1200,"height":1200,"url":"https:\/\/hubsch-interior.com\/wp-content\/uploads\/2024\/01\/velo-table-lamp-sand-80baf60aca82199c5feb11ece05796e4.jpg","type":"image\/jpeg"}],"twitter_card":"summary_large_image","schema":{"@context":"https:\/\/schema.org","@graph":[{"@type":"WebPage","@id":"https:\/\/hubsch-interior.com\/de\/produkt\/velo-tischlampe-sandfarben\/","url":"https:\/\/hubsch-interior.com\/de\/produkt\/velo-tischlampe-sandfarben\/","name":"Velo Tischlampe Sandfarben - H\u00fcbsch","isPartOf":{"@id":"https:\/\/hubsch-interior.com\/de\/#website"},"primaryImageOfPage":{"@id":"https:\/\/hubsch-interior.com\/de\/produkt\/velo-tischlampe-sandfarben\/#primaryimage"},"image":{"@id":"https:\/\/hubsch-interior.com\/de\/produkt\/velo-tischlampe-sandfarben\/#primaryimage"},"thumbnailUrl":"https:\/\/hubsch-interior.com\/wp-content\/uploads\/2026\/02\/velo-table-lamp-sand-1d8dfe99b87e7cd029f4f14b67b09fb1.jpg","datePublished":"2024-01-29T08:34:48+00:00","dateModified":"2026-04-11T03:00:54+00:00","description":"Vorstellung der Velo Tischlampe, eine klassische Erg\u00e4nzung f\u00fcr jeden Raum in Ihrem Zuhause. Erh\u00e4ltlich in zwei eleganten Varianten, pr\u00e4sentiert sich diese","breadcrumb":{"@id":"https:\/\/hubsch-interior.com\/de\/produkt\/velo-tischlampe-sandfarben\/#breadcrumb"},"inLanguage":"de","potentialAction":[{"@type":"ReadAction","target":["https:\/\/hubsch-interior.com\/de\/produkt\/velo-tischlampe-sandfarben\/"]}]},{"@type":"ImageObject","inLanguage":"de","@id":"https:\/\/hubsch-interior.com\/de\/produkt\/velo-tischlampe-sandfarben\/#primaryimage","url":"https:\/\/hubsch-interior.com\/wp-content\/uploads\/2026\/02\/velo-table-lamp-sand-1d8dfe99b87e7cd029f4f14b67b09fb1.jpg","contentUrl":"https:\/\/hubsch-interior.com\/wp-content\/uploads\/2026\/02\/velo-table-lamp-sand-1d8dfe99b87e7cd029f4f14b67b09fb1.jpg","width":1024,"height":1024},{"@type":"BreadcrumbList","@id":"https:\/\/hubsch-interior.com\/de\/produkt\/velo-tischlampe-sandfarben\/#breadcrumb","itemListElement":[{"@type":"ListItem","position":1,"name":"Startseite","item":"https:\/\/hubsch-interior.com\/de\/"},{"@type":"ListItem","position":2,"name":"Produkte","item":"https:\/\/hubsch-interior.com\/de\/shop-2\/"},{"@type":"ListItem","position":3,"name":"Beleuchtung","item":"https:\/\/hubsch-interior.com\/de\/produkt-kategorie\/beleuchtung\/"},{"@type":"ListItem","position":4,"name":"Tischlampen","item":"https:\/\/hubsch-interior.com\/de\/produkt-kategorie\/beleuchtung\/tischlampen-de\/"},{"@type":"ListItem","position":5,"name":"Velo Tischlampe Sandfarben"}]},{"@type":"WebSite","@id":"https:\/\/hubsch-interior.com\/de\/#website","url":"https:\/\/hubsch-interior.com\/de\/","name":"H\u00fcbsch","description":"Danish Home Interior and Design","publisher":{"@id":"https:\/\/hubsch-interior.com\/de\/#organization"},"potentialAction":[{"@type":"SearchAction","target":{"@type":"EntryPoint","urlTemplate":"https:\/\/hubsch-interior.com\/de\/?s={search_term_string}"},"query-input":{"@type":"PropertyValueSpecification","valueRequired":true,"valueName":"search_term_string"}}],"inLanguage":"de"},{"@type":"Organization","@id":"https:\/\/hubsch-interior.com\/de\/#organization","name":"H\u00fcbsch","url":"https:\/\/hubsch-interior.com\/de\/","logo":{"@type":"ImageObject","inLanguage":"de","@id":"https:\/\/hubsch-interior.com\/de\/#\/schema\/logo\/image\/","url":"https:\/\/hubsch-interior.com\/wp-content\/uploads\/2022\/12\/Hubsch_logo_black_one_line.svg","contentUrl":"https:\/\/hubsch-interior.com\/wp-content\/uploads\/2022\/12\/Hubsch_logo_black_one_line.svg","caption":"H\u00fcbsch"},"image":{"@id":"https:\/\/hubsch-interior.com\/de\/#\/schema\/logo\/image\/"}}]}},"_links":{"self":[{"href":"https:\/\/hubsch-interior.com\/de\/wp-json\/wp\/v2\/product\/977920","targetHints":{"allow":["GET"]}}],"collection":[{"href":"https:\/\/hubsch-interior.com\/de\/wp-json\/wp\/v2\/product"}],"about":[{"href":"https:\/\/hubsch-interior.com\/de\/wp-json\/wp\/v2\/types\/product"}],"wp:featuredmedia":[{"embeddable":true,"href":"https:\/\/hubsch-interior.com\/de\/wp-json\/wp\/v2\/media\/1107064"}],"wp:attachment":[{"href":"https:\/\/hubsch-interior.com\/de\/wp-json\/wp\/v2\/media?parent=977920"}],"wp:term":[{"taxonomy":"product_brand","embeddable":true,"href":"https:\/\/hubsch-interior.com\/de\/wp-json\/wp\/v2\/product_brand?post=977920"},{"taxonomy":"product_cat","embeddable":true,"href":"https:\/\/hubsch-interior.com\/de\/wp-json\/wp\/v2\/product_cat?post=977920"},{"taxonomy":"product_tag","embeddable":true,"href":"https:\/\/hubsch-interior.com\/de\/wp-json\/wp\/v2\/product_tag?post=977920"}],"curies":[{"name":"wp","href":"https:\/\/api.w.org\/{rel}","templated":true}]}}