{"id":977940,"date":"2024-01-29T09:35:02","date_gmt":"2024-01-29T08:35:02","guid":{"rendered":"https:\/\/hubsch-interior.com\/product\/product\/"},"modified":"2026-04-09T05:04:18","modified_gmt":"2026-04-09T03:04:18","slug":"velo-tischlampe-schwarz","status":"publish","type":"product","link":"https:\/\/hubsch-interior.com\/de\/produkt\/velo-tischlampe-schwarz\/","title":{"rendered":"Velo Tischlampe Schwarz"},"content":{"rendered":"<p>Die Velo Tischlampe ist eine klassische Erg\u00e4nzung f\u00fcr jeden Raum in Ihrem Zuhause. In zwei atemberaubenden Varianten erh\u00e4ltlich, diese hier in elegantem Schwarz, bringt die Velo Tischlampe einen Hauch von Eleganz in Ihren Raum. Hergestellt aus einer Kombination von hochwertigem Acryl und Metall, verteilt diese hohe Lampe das Licht optimal f\u00fcr Ihren Lesebereich oder Nachttisch. Mit ihrem vielseitigen Design und der dimmbaren Funktion kann die Velo Tischlampe auch verwendet werden, um ein beruhigendes Ambiente f\u00fcr einen gem\u00fctlichen Abend zu schaffen.<\/p>\n","protected":false},"excerpt":{"rendered":"<p>Die Velo Tischlampe ist eine klassische Erg\u00e4nzung f\u00fcr jeden Raum in Ihrem Zuhause. In zwei atemberaubenden Varianten erh\u00e4ltlich, diese hier in elegantem Schwarz, bringt die Velo Tischlampe einen Hauch von Eleganz in Ihren Raum. Hergestellt aus einer Kombination von hochwertigem Acryl und Metall, verteilt diese hohe Lampe das Licht optimal f\u00fcr Ihren Lesebereich oder Nachttisch. [&hellip;]<\/p>\n","protected":false},"featured_media":1107080,"template":"","meta":{"_acf_changed":false,"inline_featured_image":false},"product_brand":[],"product_cat":[3809,5027,6884,6901,3501],"product_tag":[],"class_list":{"0":"post-977940","1":"product","2":"type-product","3":"status-publish","4":"has-post-thumbnail","6":"product_cat-beleuchtung","7":"product_cat-bestsellers-de","8":"product_cat-elevating-nostalgia-de","9":"product_cat-funktionelle-beleuchtung-de","10":"product_cat-tischlampen-de","11":"product_shipping_class-pk","13":"pa_color-schwarz","14":"pa_material-eisen-de","15":"pa_material-polycarbonat-2","17":"first","18":"instock","19":"featured","20":"taxable","21":"shipping-taxable","22":"purchasable","23":"product-type-simple"},"exclude_global_add_ons":[],"addons":[],"acf":[],"yoast_head":"<!-- This site is optimized with the Yoast SEO plugin v26.4 - https:\/\/yoast.com\/wordpress\/plugins\/seo\/ -->\n<title>Velo Tischlampe Schwarz - H\u00fcbsch<\/title>\n<meta name=\"description\" content=\"Die Velo Tischlampe ist eine klassische Erg\u00e4nzung f\u00fcr jeden Raum in Ihrem Zuhause. In zwei atemberaubenden Varianten erh\u00e4ltlich, diese hier in elegantem\" \/>\n<meta name=\"robots\" content=\"index, follow, max-snippet:-1, max-image-preview:large, max-video-preview:-1\" \/>\n<link rel=\"canonical\" href=\"https:\/\/hubsch-interior.com\/de\/wp-json\/wp\/v2\/product\/977940\" \/>\n<meta property=\"og:locale\" content=\"de_DE\" \/>\n<meta property=\"og:type\" content=\"article\" \/>\n<meta property=\"og:title\" content=\"Velo Tischlampe Schwarz - H\u00fcbsch\" \/>\n<meta property=\"og:description\" content=\"Die Velo Tischlampe ist eine klassische Erg\u00e4nzung f\u00fcr jeden Raum in Ihrem Zuhause. In zwei atemberaubenden Varianten erh\u00e4ltlich, diese hier in elegantem\" \/>\n<meta property=\"og:url\" content=\"https:\/\/hubsch-interior.com\/de\/produkt\/velo-tischlampe-schwarz\/\" \/>\n<meta property=\"og:site_name\" content=\"H\u00fcbsch\" \/>\n<meta property=\"article:modified_time\" content=\"2026-04-09T03:04:18+00:00\" \/>\n<meta property=\"og:image\" content=\"https:\/\/hubsch-interior.com\/wp-content\/uploads\/2024\/02\/velo-table-lamp-black-b02f38f719b74fd09934e0198a2198d2.jpg\" \/>\n\t<meta property=\"og:image:width\" content=\"1200\" \/>\n\t<meta property=\"og:image:height\" content=\"1200\" \/>\n\t<meta property=\"og:image:type\" content=\"image\/jpeg\" \/>\n<meta name=\"twitter:card\" content=\"summary_large_image\" \/>\n<script type=\"application\/ld+json\" class=\"yoast-schema-graph\">{\"@context\":\"https:\/\/schema.org\",\"@graph\":[{\"@type\":\"WebPage\",\"@id\":\"https:\/\/hubsch-interior.com\/de\/produkt\/velo-tischlampe-schwarz\/\",\"url\":\"https:\/\/hubsch-interior.com\/de\/produkt\/velo-tischlampe-schwarz\/\",\"name\":\"Velo Tischlampe Schwarz - H\u00fcbsch\",\"isPartOf\":{\"@id\":\"https:\/\/hubsch-interior.com\/de\/#website\"},\"primaryImageOfPage\":{\"@id\":\"https:\/\/hubsch-interior.com\/de\/produkt\/velo-tischlampe-schwarz\/#primaryimage\"},\"image\":{\"@id\":\"https:\/\/hubsch-interior.com\/de\/produkt\/velo-tischlampe-schwarz\/#primaryimage\"},\"thumbnailUrl\":\"https:\/\/hubsch-interior.com\/wp-content\/uploads\/2026\/02\/velo-table-lamp-black-9c17c9f884bcd38721452ba9e197e24b.jpg\",\"datePublished\":\"2024-01-29T08:35:02+00:00\",\"dateModified\":\"2026-04-09T03:04:18+00:00\",\"description\":\"Die Velo Tischlampe ist eine klassische Erg\u00e4nzung f\u00fcr jeden Raum in Ihrem Zuhause. In zwei atemberaubenden Varianten erh\u00e4ltlich, diese hier in elegantem\",\"breadcrumb\":{\"@id\":\"https:\/\/hubsch-interior.com\/de\/produkt\/velo-tischlampe-schwarz\/#breadcrumb\"},\"inLanguage\":\"de\",\"potentialAction\":[{\"@type\":\"ReadAction\",\"target\":[\"https:\/\/hubsch-interior.com\/de\/produkt\/velo-tischlampe-schwarz\/\"]}]},{\"@type\":\"ImageObject\",\"inLanguage\":\"de\",\"@id\":\"https:\/\/hubsch-interior.com\/de\/produkt\/velo-tischlampe-schwarz\/#primaryimage\",\"url\":\"https:\/\/hubsch-interior.com\/wp-content\/uploads\/2026\/02\/velo-table-lamp-black-9c17c9f884bcd38721452ba9e197e24b.jpg\",\"contentUrl\":\"https:\/\/hubsch-interior.com\/wp-content\/uploads\/2026\/02\/velo-table-lamp-black-9c17c9f884bcd38721452ba9e197e24b.jpg\",\"width\":1024,\"height\":1024},{\"@type\":\"BreadcrumbList\",\"@id\":\"https:\/\/hubsch-interior.com\/de\/produkt\/velo-tischlampe-schwarz\/#breadcrumb\",\"itemListElement\":[{\"@type\":\"ListItem\",\"position\":1,\"name\":\"Startseite\",\"item\":\"https:\/\/hubsch-interior.com\/de\/\"},{\"@type\":\"ListItem\",\"position\":2,\"name\":\"Produkte\",\"item\":\"https:\/\/hubsch-interior.com\/de\/shop-2\/\"},{\"@type\":\"ListItem\",\"position\":3,\"name\":\"Beleuchtung\",\"item\":\"https:\/\/hubsch-interior.com\/de\/produkt-kategorie\/beleuchtung\/\"},{\"@type\":\"ListItem\",\"position\":4,\"name\":\"Tischlampen\",\"item\":\"https:\/\/hubsch-interior.com\/de\/produkt-kategorie\/beleuchtung\/tischlampen-de\/\"},{\"@type\":\"ListItem\",\"position\":5,\"name\":\"Velo Tischlampe Schwarz\"}]},{\"@type\":\"WebSite\",\"@id\":\"https:\/\/hubsch-interior.com\/de\/#website\",\"url\":\"https:\/\/hubsch-interior.com\/de\/\",\"name\":\"H\u00fcbsch\",\"description\":\"Danish Home Interior and Design\",\"publisher\":{\"@id\":\"https:\/\/hubsch-interior.com\/de\/#organization\"},\"potentialAction\":[{\"@type\":\"SearchAction\",\"target\":{\"@type\":\"EntryPoint\",\"urlTemplate\":\"https:\/\/hubsch-interior.com\/de\/?s={search_term_string}\"},\"query-input\":{\"@type\":\"PropertyValueSpecification\",\"valueRequired\":true,\"valueName\":\"search_term_string\"}}],\"inLanguage\":\"de\"},{\"@type\":\"Organization\",\"@id\":\"https:\/\/hubsch-interior.com\/de\/#organization\",\"name\":\"H\u00fcbsch\",\"url\":\"https:\/\/hubsch-interior.com\/de\/\",\"logo\":{\"@type\":\"ImageObject\",\"inLanguage\":\"de\",\"@id\":\"https:\/\/hubsch-interior.com\/de\/#\/schema\/logo\/image\/\",\"url\":\"https:\/\/hubsch-interior.com\/wp-content\/uploads\/2022\/12\/Hubsch_logo_black_one_line.svg\",\"contentUrl\":\"https:\/\/hubsch-interior.com\/wp-content\/uploads\/2022\/12\/Hubsch_logo_black_one_line.svg\",\"caption\":\"H\u00fcbsch\"},\"image\":{\"@id\":\"https:\/\/hubsch-interior.com\/de\/#\/schema\/logo\/image\/\"}}]}<\/script>\n<!-- \/ Yoast SEO plugin. -->","yoast_head_json":{"title":"Velo Tischlampe Schwarz - H\u00fcbsch","description":"Die Velo Tischlampe ist eine klassische Erg\u00e4nzung f\u00fcr jeden Raum in Ihrem Zuhause. In zwei atemberaubenden Varianten erh\u00e4ltlich, diese hier in elegantem","robots":{"index":"index","follow":"follow","max-snippet":"max-snippet:-1","max-image-preview":"max-image-preview:large","max-video-preview":"max-video-preview:-1"},"canonical":"https:\/\/hubsch-interior.com\/de\/wp-json\/wp\/v2\/product\/977940","og_locale":"de_DE","og_type":"article","og_title":"Velo Tischlampe Schwarz - H\u00fcbsch","og_description":"Die Velo Tischlampe ist eine klassische Erg\u00e4nzung f\u00fcr jeden Raum in Ihrem Zuhause. In zwei atemberaubenden Varianten erh\u00e4ltlich, diese hier in elegantem","og_url":"https:\/\/hubsch-interior.com\/de\/produkt\/velo-tischlampe-schwarz\/","og_site_name":"H\u00fcbsch","article_modified_time":"2026-04-09T03:04:18+00:00","og_image":[{"width":1200,"height":1200,"url":"https:\/\/hubsch-interior.com\/wp-content\/uploads\/2024\/02\/velo-table-lamp-black-b02f38f719b74fd09934e0198a2198d2.jpg","type":"image\/jpeg"}],"twitter_card":"summary_large_image","schema":{"@context":"https:\/\/schema.org","@graph":[{"@type":"WebPage","@id":"https:\/\/hubsch-interior.com\/de\/produkt\/velo-tischlampe-schwarz\/","url":"https:\/\/hubsch-interior.com\/de\/produkt\/velo-tischlampe-schwarz\/","name":"Velo Tischlampe Schwarz - H\u00fcbsch","isPartOf":{"@id":"https:\/\/hubsch-interior.com\/de\/#website"},"primaryImageOfPage":{"@id":"https:\/\/hubsch-interior.com\/de\/produkt\/velo-tischlampe-schwarz\/#primaryimage"},"image":{"@id":"https:\/\/hubsch-interior.com\/de\/produkt\/velo-tischlampe-schwarz\/#primaryimage"},"thumbnailUrl":"https:\/\/hubsch-interior.com\/wp-content\/uploads\/2026\/02\/velo-table-lamp-black-9c17c9f884bcd38721452ba9e197e24b.jpg","datePublished":"2024-01-29T08:35:02+00:00","dateModified":"2026-04-09T03:04:18+00:00","description":"Die Velo Tischlampe ist eine klassische Erg\u00e4nzung f\u00fcr jeden Raum in Ihrem Zuhause. In zwei atemberaubenden Varianten erh\u00e4ltlich, diese hier in elegantem","breadcrumb":{"@id":"https:\/\/hubsch-interior.com\/de\/produkt\/velo-tischlampe-schwarz\/#breadcrumb"},"inLanguage":"de","potentialAction":[{"@type":"ReadAction","target":["https:\/\/hubsch-interior.com\/de\/produkt\/velo-tischlampe-schwarz\/"]}]},{"@type":"ImageObject","inLanguage":"de","@id":"https:\/\/hubsch-interior.com\/de\/produkt\/velo-tischlampe-schwarz\/#primaryimage","url":"https:\/\/hubsch-interior.com\/wp-content\/uploads\/2026\/02\/velo-table-lamp-black-9c17c9f884bcd38721452ba9e197e24b.jpg","contentUrl":"https:\/\/hubsch-interior.com\/wp-content\/uploads\/2026\/02\/velo-table-lamp-black-9c17c9f884bcd38721452ba9e197e24b.jpg","width":1024,"height":1024},{"@type":"BreadcrumbList","@id":"https:\/\/hubsch-interior.com\/de\/produkt\/velo-tischlampe-schwarz\/#breadcrumb","itemListElement":[{"@type":"ListItem","position":1,"name":"Startseite","item":"https:\/\/hubsch-interior.com\/de\/"},{"@type":"ListItem","position":2,"name":"Produkte","item":"https:\/\/hubsch-interior.com\/de\/shop-2\/"},{"@type":"ListItem","position":3,"name":"Beleuchtung","item":"https:\/\/hubsch-interior.com\/de\/produkt-kategorie\/beleuchtung\/"},{"@type":"ListItem","position":4,"name":"Tischlampen","item":"https:\/\/hubsch-interior.com\/de\/produkt-kategorie\/beleuchtung\/tischlampen-de\/"},{"@type":"ListItem","position":5,"name":"Velo Tischlampe Schwarz"}]},{"@type":"WebSite","@id":"https:\/\/hubsch-interior.com\/de\/#website","url":"https:\/\/hubsch-interior.com\/de\/","name":"H\u00fcbsch","description":"Danish Home Interior and Design","publisher":{"@id":"https:\/\/hubsch-interior.com\/de\/#organization"},"potentialAction":[{"@type":"SearchAction","target":{"@type":"EntryPoint","urlTemplate":"https:\/\/hubsch-interior.com\/de\/?s={search_term_string}"},"query-input":{"@type":"PropertyValueSpecification","valueRequired":true,"valueName":"search_term_string"}}],"inLanguage":"de"},{"@type":"Organization","@id":"https:\/\/hubsch-interior.com\/de\/#organization","name":"H\u00fcbsch","url":"https:\/\/hubsch-interior.com\/de\/","logo":{"@type":"ImageObject","inLanguage":"de","@id":"https:\/\/hubsch-interior.com\/de\/#\/schema\/logo\/image\/","url":"https:\/\/hubsch-interior.com\/wp-content\/uploads\/2022\/12\/Hubsch_logo_black_one_line.svg","contentUrl":"https:\/\/hubsch-interior.com\/wp-content\/uploads\/2022\/12\/Hubsch_logo_black_one_line.svg","caption":"H\u00fcbsch"},"image":{"@id":"https:\/\/hubsch-interior.com\/de\/#\/schema\/logo\/image\/"}}]}},"_links":{"self":[{"href":"https:\/\/hubsch-interior.com\/de\/wp-json\/wp\/v2\/product\/977940","targetHints":{"allow":["GET"]}}],"collection":[{"href":"https:\/\/hubsch-interior.com\/de\/wp-json\/wp\/v2\/product"}],"about":[{"href":"https:\/\/hubsch-interior.com\/de\/wp-json\/wp\/v2\/types\/product"}],"wp:featuredmedia":[{"embeddable":true,"href":"https:\/\/hubsch-interior.com\/de\/wp-json\/wp\/v2\/media\/1107080"}],"wp:attachment":[{"href":"https:\/\/hubsch-interior.com\/de\/wp-json\/wp\/v2\/media?parent=977940"}],"wp:term":[{"taxonomy":"product_brand","embeddable":true,"href":"https:\/\/hubsch-interior.com\/de\/wp-json\/wp\/v2\/product_brand?post=977940"},{"taxonomy":"product_cat","embeddable":true,"href":"https:\/\/hubsch-interior.com\/de\/wp-json\/wp\/v2\/product_cat?post=977940"},{"taxonomy":"product_tag","embeddable":true,"href":"https:\/\/hubsch-interior.com\/de\/wp-json\/wp\/v2\/product_tag?post=977940"}],"curies":[{"name":"wp","href":"https:\/\/api.w.org\/{rel}","templated":true}]}}