{"id":978008,"date":"2024-01-29T09:35:29","date_gmt":"2024-01-29T08:35:29","guid":{"rendered":"https:\/\/hubsch-interior.com\/product\/product\/"},"modified":"2026-04-05T05:07:53","modified_gmt":"2026-04-05T03:07:53","slug":"solid-stehlampe-sandfarben","status":"publish","type":"product","link":"https:\/\/hubsch-interior.com\/de\/produkt\/solid-stehlampe-sandfarben\/","title":{"rendered":"Solid Stehlampe Sandfarben"},"content":{"rendered":"<p>Vorstellen m\u00f6chten wir Ihnen die Solid Stehlampe, eine stilvolle Erg\u00e4nzung f\u00fcr Ihre Wohnkultur. Mit ihrem sandfarbenen Finish strahlt diese Lampe eine warme und einladende Atmosph\u00e4re aus. Hergestellt aus einer Kombination von hochwertigem Acryl, Glas und Metall, \u00fcberzeugt sie durch ihre Langlebigkeit und Eleganz. Teil der Solid Serie, l\u00e4sst sie sich m\u00fchelos mit der Solid Pendellampe f\u00fcr ein stimmiges Gesamtbild kombinieren. Ihr schlankes und minimalistisches Design macht sie einfach zu stylen und somit perfekt f\u00fcr eine Vielzahl von Materialien und Produkten. Verleihen Sie jedem Raum mit der anspruchsvollen Solid Stehlampe eine besondere Atmosph\u00e4re.<\/p>\n","protected":false},"excerpt":{"rendered":"<p>Vorstellen m\u00f6chten wir Ihnen die Solid Stehlampe, eine stilvolle Erg\u00e4nzung f\u00fcr Ihre Wohnkultur. Mit ihrem sandfarbenen Finish strahlt diese Lampe eine warme und einladende Atmosph\u00e4re aus. Hergestellt aus einer Kombination von hochwertigem Acryl, Glas und Metall, \u00fcberzeugt sie durch ihre Langlebigkeit und Eleganz. Teil der Solid Serie, l\u00e4sst sie sich m\u00fchelos mit der Solid Pendellampe [&hellip;]<\/p>\n","protected":false},"featured_media":1107124,"template":"","meta":{"_acf_changed":false,"inline_featured_image":false},"product_brand":[],"product_cat":[3809,5027,6884,6901,3497],"product_tag":[],"class_list":{"0":"post-978008","1":"product","2":"type-product","3":"status-publish","4":"has-post-thumbnail","6":"product_cat-beleuchtung","7":"product_cat-bestsellers-de","8":"product_cat-elevating-nostalgia-de","9":"product_cat-funktionelle-beleuchtung-de","10":"product_cat-stehlampen-de","11":"product_shipping_class-p05","12":"pa_color-sandfarben","13":"pa_material-eisen-de","14":"pa_material-glas-de","16":"first","17":"instock","18":"featured","19":"taxable","20":"shipping-taxable","21":"purchasable","22":"product-type-simple"},"exclude_global_add_ons":[],"addons":[],"acf":[],"yoast_head":"<!-- This site is optimized with the Yoast SEO plugin v26.4 - https:\/\/yoast.com\/wordpress\/plugins\/seo\/ -->\n<title>Solid Stehlampe Sandfarben - H\u00fcbsch<\/title>\n<meta name=\"description\" content=\"Vorstellen m\u00f6chten wir Ihnen die Solid Stehlampe, eine stilvolle Erg\u00e4nzung f\u00fcr Ihre Wohnkultur. Mit ihrem sandfarbenen Finish strahlt diese Lampe eine\" \/>\n<meta name=\"robots\" content=\"index, follow, max-snippet:-1, max-image-preview:large, max-video-preview:-1\" \/>\n<link rel=\"canonical\" href=\"https:\/\/hubsch-interior.com\/de\/wp-json\/wp\/v2\/product\/978008\" \/>\n<meta property=\"og:locale\" content=\"de_DE\" \/>\n<meta property=\"og:type\" content=\"article\" \/>\n<meta property=\"og:title\" content=\"Solid Stehlampe Sandfarben - H\u00fcbsch\" \/>\n<meta property=\"og:description\" content=\"Vorstellen m\u00f6chten wir Ihnen die Solid Stehlampe, eine stilvolle Erg\u00e4nzung f\u00fcr Ihre Wohnkultur. Mit ihrem sandfarbenen Finish strahlt diese Lampe eine\" \/>\n<meta property=\"og:url\" content=\"https:\/\/hubsch-interior.com\/de\/produkt\/solid-stehlampe-sandfarben\/\" \/>\n<meta property=\"og:site_name\" content=\"H\u00fcbsch\" \/>\n<meta property=\"article:modified_time\" content=\"2026-04-05T03:07:53+00:00\" \/>\n<meta property=\"og:image\" content=\"https:\/\/hubsch-interior.com\/wp-content\/uploads\/2026\/02\/solid-floor-lamp-sand-47a2372f37a762135c5a21feaf8c3994.jpg\" \/>\n\t<meta property=\"og:image:width\" content=\"1024\" \/>\n\t<meta property=\"og:image:height\" content=\"1024\" \/>\n\t<meta property=\"og:image:type\" content=\"image\/jpeg\" \/>\n<meta name=\"twitter:card\" content=\"summary_large_image\" \/>\n<meta name=\"twitter:label1\" content=\"Gesch\u00e4tzte Lesezeit\" \/>\n\t<meta name=\"twitter:data1\" content=\"1\u00a0Minute\" \/>\n<script type=\"application\/ld+json\" class=\"yoast-schema-graph\">{\"@context\":\"https:\/\/schema.org\",\"@graph\":[{\"@type\":\"WebPage\",\"@id\":\"https:\/\/hubsch-interior.com\/de\/produkt\/solid-stehlampe-sandfarben\/\",\"url\":\"https:\/\/hubsch-interior.com\/de\/produkt\/solid-stehlampe-sandfarben\/\",\"name\":\"Solid Stehlampe Sandfarben - H\u00fcbsch\",\"isPartOf\":{\"@id\":\"https:\/\/hubsch-interior.com\/de\/#website\"},\"primaryImageOfPage\":{\"@id\":\"https:\/\/hubsch-interior.com\/de\/produkt\/solid-stehlampe-sandfarben\/#primaryimage\"},\"image\":{\"@id\":\"https:\/\/hubsch-interior.com\/de\/produkt\/solid-stehlampe-sandfarben\/#primaryimage\"},\"thumbnailUrl\":\"https:\/\/hubsch-interior.com\/wp-content\/uploads\/2026\/02\/solid-floor-lamp-sand-47a2372f37a762135c5a21feaf8c3994.jpg\",\"datePublished\":\"2024-01-29T08:35:29+00:00\",\"dateModified\":\"2026-04-05T03:07:53+00:00\",\"description\":\"Vorstellen m\u00f6chten wir Ihnen die Solid Stehlampe, eine stilvolle Erg\u00e4nzung f\u00fcr Ihre Wohnkultur. Mit ihrem sandfarbenen Finish strahlt diese Lampe eine\",\"breadcrumb\":{\"@id\":\"https:\/\/hubsch-interior.com\/de\/produkt\/solid-stehlampe-sandfarben\/#breadcrumb\"},\"inLanguage\":\"de\",\"potentialAction\":[{\"@type\":\"ReadAction\",\"target\":[\"https:\/\/hubsch-interior.com\/de\/produkt\/solid-stehlampe-sandfarben\/\"]}]},{\"@type\":\"ImageObject\",\"inLanguage\":\"de\",\"@id\":\"https:\/\/hubsch-interior.com\/de\/produkt\/solid-stehlampe-sandfarben\/#primaryimage\",\"url\":\"https:\/\/hubsch-interior.com\/wp-content\/uploads\/2026\/02\/solid-floor-lamp-sand-47a2372f37a762135c5a21feaf8c3994.jpg\",\"contentUrl\":\"https:\/\/hubsch-interior.com\/wp-content\/uploads\/2026\/02\/solid-floor-lamp-sand-47a2372f37a762135c5a21feaf8c3994.jpg\",\"width\":1024,\"height\":1024},{\"@type\":\"BreadcrumbList\",\"@id\":\"https:\/\/hubsch-interior.com\/de\/produkt\/solid-stehlampe-sandfarben\/#breadcrumb\",\"itemListElement\":[{\"@type\":\"ListItem\",\"position\":1,\"name\":\"Startseite\",\"item\":\"https:\/\/hubsch-interior.com\/de\/\"},{\"@type\":\"ListItem\",\"position\":2,\"name\":\"Produkte\",\"item\":\"https:\/\/hubsch-interior.com\/de\/shop-2\/\"},{\"@type\":\"ListItem\",\"position\":3,\"name\":\"Beleuchtung\",\"item\":\"https:\/\/hubsch-interior.com\/de\/produkt-kategorie\/beleuchtung\/\"},{\"@type\":\"ListItem\",\"position\":4,\"name\":\"Stehlampen\",\"item\":\"https:\/\/hubsch-interior.com\/de\/produkt-kategorie\/beleuchtung\/stehlampen-de\/\"},{\"@type\":\"ListItem\",\"position\":5,\"name\":\"Solid Stehlampe Sandfarben\"}]},{\"@type\":\"WebSite\",\"@id\":\"https:\/\/hubsch-interior.com\/de\/#website\",\"url\":\"https:\/\/hubsch-interior.com\/de\/\",\"name\":\"H\u00fcbsch\",\"description\":\"Danish Home Interior and Design\",\"publisher\":{\"@id\":\"https:\/\/hubsch-interior.com\/de\/#organization\"},\"potentialAction\":[{\"@type\":\"SearchAction\",\"target\":{\"@type\":\"EntryPoint\",\"urlTemplate\":\"https:\/\/hubsch-interior.com\/de\/?s={search_term_string}\"},\"query-input\":{\"@type\":\"PropertyValueSpecification\",\"valueRequired\":true,\"valueName\":\"search_term_string\"}}],\"inLanguage\":\"de\"},{\"@type\":\"Organization\",\"@id\":\"https:\/\/hubsch-interior.com\/de\/#organization\",\"name\":\"H\u00fcbsch\",\"url\":\"https:\/\/hubsch-interior.com\/de\/\",\"logo\":{\"@type\":\"ImageObject\",\"inLanguage\":\"de\",\"@id\":\"https:\/\/hubsch-interior.com\/de\/#\/schema\/logo\/image\/\",\"url\":\"https:\/\/hubsch-interior.com\/wp-content\/uploads\/2022\/12\/Hubsch_logo_black_one_line.svg\",\"contentUrl\":\"https:\/\/hubsch-interior.com\/wp-content\/uploads\/2022\/12\/Hubsch_logo_black_one_line.svg\",\"caption\":\"H\u00fcbsch\"},\"image\":{\"@id\":\"https:\/\/hubsch-interior.com\/de\/#\/schema\/logo\/image\/\"}}]}<\/script>\n<!-- \/ Yoast SEO plugin. -->","yoast_head_json":{"title":"Solid Stehlampe Sandfarben - H\u00fcbsch","description":"Vorstellen m\u00f6chten wir Ihnen die Solid Stehlampe, eine stilvolle Erg\u00e4nzung f\u00fcr Ihre Wohnkultur. Mit ihrem sandfarbenen Finish strahlt diese Lampe eine","robots":{"index":"index","follow":"follow","max-snippet":"max-snippet:-1","max-image-preview":"max-image-preview:large","max-video-preview":"max-video-preview:-1"},"canonical":"https:\/\/hubsch-interior.com\/de\/wp-json\/wp\/v2\/product\/978008","og_locale":"de_DE","og_type":"article","og_title":"Solid Stehlampe Sandfarben - H\u00fcbsch","og_description":"Vorstellen m\u00f6chten wir Ihnen die Solid Stehlampe, eine stilvolle Erg\u00e4nzung f\u00fcr Ihre Wohnkultur. Mit ihrem sandfarbenen Finish strahlt diese Lampe eine","og_url":"https:\/\/hubsch-interior.com\/de\/produkt\/solid-stehlampe-sandfarben\/","og_site_name":"H\u00fcbsch","article_modified_time":"2026-04-05T03:07:53+00:00","og_image":[{"width":1024,"height":1024,"url":"https:\/\/hubsch-interior.com\/wp-content\/uploads\/2026\/02\/solid-floor-lamp-sand-47a2372f37a762135c5a21feaf8c3994.jpg","type":"image\/jpeg"}],"twitter_card":"summary_large_image","twitter_misc":{"Gesch\u00e4tzte Lesezeit":"1\u00a0Minute"},"schema":{"@context":"https:\/\/schema.org","@graph":[{"@type":"WebPage","@id":"https:\/\/hubsch-interior.com\/de\/produkt\/solid-stehlampe-sandfarben\/","url":"https:\/\/hubsch-interior.com\/de\/produkt\/solid-stehlampe-sandfarben\/","name":"Solid Stehlampe Sandfarben - H\u00fcbsch","isPartOf":{"@id":"https:\/\/hubsch-interior.com\/de\/#website"},"primaryImageOfPage":{"@id":"https:\/\/hubsch-interior.com\/de\/produkt\/solid-stehlampe-sandfarben\/#primaryimage"},"image":{"@id":"https:\/\/hubsch-interior.com\/de\/produkt\/solid-stehlampe-sandfarben\/#primaryimage"},"thumbnailUrl":"https:\/\/hubsch-interior.com\/wp-content\/uploads\/2026\/02\/solid-floor-lamp-sand-47a2372f37a762135c5a21feaf8c3994.jpg","datePublished":"2024-01-29T08:35:29+00:00","dateModified":"2026-04-05T03:07:53+00:00","description":"Vorstellen m\u00f6chten wir Ihnen die Solid Stehlampe, eine stilvolle Erg\u00e4nzung f\u00fcr Ihre Wohnkultur. Mit ihrem sandfarbenen Finish strahlt diese Lampe eine","breadcrumb":{"@id":"https:\/\/hubsch-interior.com\/de\/produkt\/solid-stehlampe-sandfarben\/#breadcrumb"},"inLanguage":"de","potentialAction":[{"@type":"ReadAction","target":["https:\/\/hubsch-interior.com\/de\/produkt\/solid-stehlampe-sandfarben\/"]}]},{"@type":"ImageObject","inLanguage":"de","@id":"https:\/\/hubsch-interior.com\/de\/produkt\/solid-stehlampe-sandfarben\/#primaryimage","url":"https:\/\/hubsch-interior.com\/wp-content\/uploads\/2026\/02\/solid-floor-lamp-sand-47a2372f37a762135c5a21feaf8c3994.jpg","contentUrl":"https:\/\/hubsch-interior.com\/wp-content\/uploads\/2026\/02\/solid-floor-lamp-sand-47a2372f37a762135c5a21feaf8c3994.jpg","width":1024,"height":1024},{"@type":"BreadcrumbList","@id":"https:\/\/hubsch-interior.com\/de\/produkt\/solid-stehlampe-sandfarben\/#breadcrumb","itemListElement":[{"@type":"ListItem","position":1,"name":"Startseite","item":"https:\/\/hubsch-interior.com\/de\/"},{"@type":"ListItem","position":2,"name":"Produkte","item":"https:\/\/hubsch-interior.com\/de\/shop-2\/"},{"@type":"ListItem","position":3,"name":"Beleuchtung","item":"https:\/\/hubsch-interior.com\/de\/produkt-kategorie\/beleuchtung\/"},{"@type":"ListItem","position":4,"name":"Stehlampen","item":"https:\/\/hubsch-interior.com\/de\/produkt-kategorie\/beleuchtung\/stehlampen-de\/"},{"@type":"ListItem","position":5,"name":"Solid Stehlampe Sandfarben"}]},{"@type":"WebSite","@id":"https:\/\/hubsch-interior.com\/de\/#website","url":"https:\/\/hubsch-interior.com\/de\/","name":"H\u00fcbsch","description":"Danish Home Interior and Design","publisher":{"@id":"https:\/\/hubsch-interior.com\/de\/#organization"},"potentialAction":[{"@type":"SearchAction","target":{"@type":"EntryPoint","urlTemplate":"https:\/\/hubsch-interior.com\/de\/?s={search_term_string}"},"query-input":{"@type":"PropertyValueSpecification","valueRequired":true,"valueName":"search_term_string"}}],"inLanguage":"de"},{"@type":"Organization","@id":"https:\/\/hubsch-interior.com\/de\/#organization","name":"H\u00fcbsch","url":"https:\/\/hubsch-interior.com\/de\/","logo":{"@type":"ImageObject","inLanguage":"de","@id":"https:\/\/hubsch-interior.com\/de\/#\/schema\/logo\/image\/","url":"https:\/\/hubsch-interior.com\/wp-content\/uploads\/2022\/12\/Hubsch_logo_black_one_line.svg","contentUrl":"https:\/\/hubsch-interior.com\/wp-content\/uploads\/2022\/12\/Hubsch_logo_black_one_line.svg","caption":"H\u00fcbsch"},"image":{"@id":"https:\/\/hubsch-interior.com\/de\/#\/schema\/logo\/image\/"}}]}},"_links":{"self":[{"href":"https:\/\/hubsch-interior.com\/de\/wp-json\/wp\/v2\/product\/978008","targetHints":{"allow":["GET"]}}],"collection":[{"href":"https:\/\/hubsch-interior.com\/de\/wp-json\/wp\/v2\/product"}],"about":[{"href":"https:\/\/hubsch-interior.com\/de\/wp-json\/wp\/v2\/types\/product"}],"wp:featuredmedia":[{"embeddable":true,"href":"https:\/\/hubsch-interior.com\/de\/wp-json\/wp\/v2\/media\/1107124"}],"wp:attachment":[{"href":"https:\/\/hubsch-interior.com\/de\/wp-json\/wp\/v2\/media?parent=978008"}],"wp:term":[{"taxonomy":"product_brand","embeddable":true,"href":"https:\/\/hubsch-interior.com\/de\/wp-json\/wp\/v2\/product_brand?post=978008"},{"taxonomy":"product_cat","embeddable":true,"href":"https:\/\/hubsch-interior.com\/de\/wp-json\/wp\/v2\/product_cat?post=978008"},{"taxonomy":"product_tag","embeddable":true,"href":"https:\/\/hubsch-interior.com\/de\/wp-json\/wp\/v2\/product_tag?post=978008"}],"curies":[{"name":"wp","href":"https:\/\/api.w.org\/{rel}","templated":true}]}}