{"id":978040,"date":"2024-01-29T09:35:43","date_gmt":"2024-01-29T08:35:43","guid":{"rendered":"https:\/\/hubsch-interior.com\/product\/product\/"},"modified":"2026-04-12T05:05:57","modified_gmt":"2026-04-12T03:05:57","slug":"como-stehlampe-beige","status":"publish","type":"product","link":"https:\/\/hubsch-interior.com\/de\/produkt\/como-stehlampe-beige\/","title":{"rendered":"Como Stehlampe Beige"},"content":{"rendered":"<p>Erh\u00f6hen Sie Ihre Wohnkultur mit der atemberaubenden Como Stehlampe in elegantem Beige. Hergestellt aus hochwertigem Glas und Metall, besticht diese Lampe durch ihre skulpturale und verspielte Optik, die jedem Raum eine Note von Raffinesse verleiht. Mit 2 verstellbaren Lichtquellen haben Sie die Freiheit, die optimale Atmosph\u00e4re f\u00fcr jede Gelegenheit zu schaffen. Nicht nur bietet sie funktionale Beleuchtung, sondern sie schafft auch Schichten im Raum, wodurch sie das perfekte Akzentst\u00fcck f\u00fcr Ihren Wohnraum ist. Erh\u00f6hen Sie Ihr Interieur-Design mit der vielseitigen und stilvollen Como Stehlampe.<\/p>\n","protected":false},"excerpt":{"rendered":"<p>Erh\u00f6hen Sie Ihre Wohnkultur mit der atemberaubenden Como Stehlampe in elegantem Beige. Hergestellt aus hochwertigem Glas und Metall, besticht diese Lampe durch ihre skulpturale und verspielte Optik, die jedem Raum eine Note von Raffinesse verleiht. Mit 2 verstellbaren Lichtquellen haben Sie die Freiheit, die optimale Atmosph\u00e4re f\u00fcr jede Gelegenheit zu schaffen. Nicht nur bietet sie [&hellip;]<\/p>\n","protected":false},"featured_media":1107152,"template":"","meta":{"_acf_changed":false,"inline_featured_image":false},"product_brand":[],"product_cat":[6884,6901,3809,3497,5027],"product_tag":[],"class_list":{"0":"post-978040","1":"product","2":"type-product","3":"status-publish","4":"has-post-thumbnail","6":"product_cat-elevating-nostalgia-de","7":"product_cat-funktionelle-beleuchtung-de","8":"product_cat-beleuchtung","9":"product_cat-stehlampen-de","10":"product_cat-bestsellers-de","11":"product_shipping_class-pk","13":"pa_color-beige-4","14":"pa_material-eisen-de","15":"pa_material-glas-de","17":"first","18":"instock","19":"featured","20":"taxable","21":"shipping-taxable","22":"purchasable","23":"product-type-simple"},"exclude_global_add_ons":[],"addons":[],"acf":[],"yoast_head":"<!-- This site is optimized with the Yoast SEO plugin v26.4 - https:\/\/yoast.com\/wordpress\/plugins\/seo\/ -->\n<title>Como Stehlampe Beige - H\u00fcbsch<\/title>\n<meta name=\"description\" content=\"Erh\u00f6hen Sie Ihre Wohnkultur mit der atemberaubenden Como Stehlampe in elegantem Beige. Hergestellt aus hochwertigem Glas und Metall, besticht diese Lampe\" \/>\n<meta name=\"robots\" content=\"index, follow, max-snippet:-1, max-image-preview:large, max-video-preview:-1\" \/>\n<link rel=\"canonical\" href=\"https:\/\/hubsch-interior.com\/de\/wp-json\/wp\/v2\/product\/978040\" \/>\n<meta property=\"og:locale\" content=\"de_DE\" \/>\n<meta property=\"og:type\" content=\"article\" \/>\n<meta property=\"og:title\" content=\"Como Stehlampe Beige - H\u00fcbsch\" \/>\n<meta property=\"og:description\" content=\"Erh\u00f6hen Sie Ihre Wohnkultur mit der atemberaubenden Como Stehlampe in elegantem Beige. Hergestellt aus hochwertigem Glas und Metall, besticht diese Lampe\" \/>\n<meta property=\"og:url\" content=\"https:\/\/hubsch-interior.com\/de\/produkt\/como-stehlampe-beige\/\" \/>\n<meta property=\"og:site_name\" content=\"H\u00fcbsch\" \/>\n<meta property=\"article:modified_time\" content=\"2026-04-12T03:05:57+00:00\" \/>\n<meta property=\"og:image\" content=\"https:\/\/hubsch-interior.com\/wp-content\/uploads\/2026\/02\/como-floor-lamp-beige-0cd53b6b46bf57d6db27641b0d8657e3.jpg\" \/>\n\t<meta property=\"og:image:width\" content=\"1024\" \/>\n\t<meta property=\"og:image:height\" content=\"1024\" \/>\n\t<meta property=\"og:image:type\" content=\"image\/jpeg\" \/>\n<meta name=\"twitter:card\" content=\"summary_large_image\" \/>\n<script type=\"application\/ld+json\" class=\"yoast-schema-graph\">{\"@context\":\"https:\/\/schema.org\",\"@graph\":[{\"@type\":\"WebPage\",\"@id\":\"https:\/\/hubsch-interior.com\/de\/produkt\/como-stehlampe-beige\/\",\"url\":\"https:\/\/hubsch-interior.com\/de\/produkt\/como-stehlampe-beige\/\",\"name\":\"Como Stehlampe Beige - H\u00fcbsch\",\"isPartOf\":{\"@id\":\"https:\/\/hubsch-interior.com\/de\/#website\"},\"primaryImageOfPage\":{\"@id\":\"https:\/\/hubsch-interior.com\/de\/produkt\/como-stehlampe-beige\/#primaryimage\"},\"image\":{\"@id\":\"https:\/\/hubsch-interior.com\/de\/produkt\/como-stehlampe-beige\/#primaryimage\"},\"thumbnailUrl\":\"https:\/\/hubsch-interior.com\/wp-content\/uploads\/2026\/02\/como-floor-lamp-beige-0cd53b6b46bf57d6db27641b0d8657e3.jpg\",\"datePublished\":\"2024-01-29T08:35:43+00:00\",\"dateModified\":\"2026-04-12T03:05:57+00:00\",\"description\":\"Erh\u00f6hen Sie Ihre Wohnkultur mit der atemberaubenden Como Stehlampe in elegantem Beige. Hergestellt aus hochwertigem Glas und Metall, besticht diese Lampe\",\"breadcrumb\":{\"@id\":\"https:\/\/hubsch-interior.com\/de\/produkt\/como-stehlampe-beige\/#breadcrumb\"},\"inLanguage\":\"de\",\"potentialAction\":[{\"@type\":\"ReadAction\",\"target\":[\"https:\/\/hubsch-interior.com\/de\/produkt\/como-stehlampe-beige\/\"]}]},{\"@type\":\"ImageObject\",\"inLanguage\":\"de\",\"@id\":\"https:\/\/hubsch-interior.com\/de\/produkt\/como-stehlampe-beige\/#primaryimage\",\"url\":\"https:\/\/hubsch-interior.com\/wp-content\/uploads\/2026\/02\/como-floor-lamp-beige-0cd53b6b46bf57d6db27641b0d8657e3.jpg\",\"contentUrl\":\"https:\/\/hubsch-interior.com\/wp-content\/uploads\/2026\/02\/como-floor-lamp-beige-0cd53b6b46bf57d6db27641b0d8657e3.jpg\",\"width\":1024,\"height\":1024},{\"@type\":\"BreadcrumbList\",\"@id\":\"https:\/\/hubsch-interior.com\/de\/produkt\/como-stehlampe-beige\/#breadcrumb\",\"itemListElement\":[{\"@type\":\"ListItem\",\"position\":1,\"name\":\"Startseite\",\"item\":\"https:\/\/hubsch-interior.com\/de\/\"},{\"@type\":\"ListItem\",\"position\":2,\"name\":\"Produkte\",\"item\":\"https:\/\/hubsch-interior.com\/de\/shop-2\/\"},{\"@type\":\"ListItem\",\"position\":3,\"name\":\"Beleuchtung\",\"item\":\"https:\/\/hubsch-interior.com\/de\/produkt-kategorie\/beleuchtung\/\"},{\"@type\":\"ListItem\",\"position\":4,\"name\":\"Stehlampen\",\"item\":\"https:\/\/hubsch-interior.com\/de\/produkt-kategorie\/beleuchtung\/stehlampen-de\/\"},{\"@type\":\"ListItem\",\"position\":5,\"name\":\"Como Stehlampe Beige\"}]},{\"@type\":\"WebSite\",\"@id\":\"https:\/\/hubsch-interior.com\/de\/#website\",\"url\":\"https:\/\/hubsch-interior.com\/de\/\",\"name\":\"H\u00fcbsch\",\"description\":\"Danish Home Interior and Design\",\"publisher\":{\"@id\":\"https:\/\/hubsch-interior.com\/de\/#organization\"},\"potentialAction\":[{\"@type\":\"SearchAction\",\"target\":{\"@type\":\"EntryPoint\",\"urlTemplate\":\"https:\/\/hubsch-interior.com\/de\/?s={search_term_string}\"},\"query-input\":{\"@type\":\"PropertyValueSpecification\",\"valueRequired\":true,\"valueName\":\"search_term_string\"}}],\"inLanguage\":\"de\"},{\"@type\":\"Organization\",\"@id\":\"https:\/\/hubsch-interior.com\/de\/#organization\",\"name\":\"H\u00fcbsch\",\"url\":\"https:\/\/hubsch-interior.com\/de\/\",\"logo\":{\"@type\":\"ImageObject\",\"inLanguage\":\"de\",\"@id\":\"https:\/\/hubsch-interior.com\/de\/#\/schema\/logo\/image\/\",\"url\":\"https:\/\/hubsch-interior.com\/wp-content\/uploads\/2022\/12\/Hubsch_logo_black_one_line.svg\",\"contentUrl\":\"https:\/\/hubsch-interior.com\/wp-content\/uploads\/2022\/12\/Hubsch_logo_black_one_line.svg\",\"caption\":\"H\u00fcbsch\"},\"image\":{\"@id\":\"https:\/\/hubsch-interior.com\/de\/#\/schema\/logo\/image\/\"}}]}<\/script>\n<!-- \/ Yoast SEO plugin. -->","yoast_head_json":{"title":"Como Stehlampe Beige - H\u00fcbsch","description":"Erh\u00f6hen Sie Ihre Wohnkultur mit der atemberaubenden Como Stehlampe in elegantem Beige. Hergestellt aus hochwertigem Glas und Metall, besticht diese Lampe","robots":{"index":"index","follow":"follow","max-snippet":"max-snippet:-1","max-image-preview":"max-image-preview:large","max-video-preview":"max-video-preview:-1"},"canonical":"https:\/\/hubsch-interior.com\/de\/wp-json\/wp\/v2\/product\/978040","og_locale":"de_DE","og_type":"article","og_title":"Como Stehlampe Beige - H\u00fcbsch","og_description":"Erh\u00f6hen Sie Ihre Wohnkultur mit der atemberaubenden Como Stehlampe in elegantem Beige. Hergestellt aus hochwertigem Glas und Metall, besticht diese Lampe","og_url":"https:\/\/hubsch-interior.com\/de\/produkt\/como-stehlampe-beige\/","og_site_name":"H\u00fcbsch","article_modified_time":"2026-04-12T03:05:57+00:00","og_image":[{"width":1024,"height":1024,"url":"https:\/\/hubsch-interior.com\/wp-content\/uploads\/2026\/02\/como-floor-lamp-beige-0cd53b6b46bf57d6db27641b0d8657e3.jpg","type":"image\/jpeg"}],"twitter_card":"summary_large_image","schema":{"@context":"https:\/\/schema.org","@graph":[{"@type":"WebPage","@id":"https:\/\/hubsch-interior.com\/de\/produkt\/como-stehlampe-beige\/","url":"https:\/\/hubsch-interior.com\/de\/produkt\/como-stehlampe-beige\/","name":"Como Stehlampe Beige - H\u00fcbsch","isPartOf":{"@id":"https:\/\/hubsch-interior.com\/de\/#website"},"primaryImageOfPage":{"@id":"https:\/\/hubsch-interior.com\/de\/produkt\/como-stehlampe-beige\/#primaryimage"},"image":{"@id":"https:\/\/hubsch-interior.com\/de\/produkt\/como-stehlampe-beige\/#primaryimage"},"thumbnailUrl":"https:\/\/hubsch-interior.com\/wp-content\/uploads\/2026\/02\/como-floor-lamp-beige-0cd53b6b46bf57d6db27641b0d8657e3.jpg","datePublished":"2024-01-29T08:35:43+00:00","dateModified":"2026-04-12T03:05:57+00:00","description":"Erh\u00f6hen Sie Ihre Wohnkultur mit der atemberaubenden Como Stehlampe in elegantem Beige. Hergestellt aus hochwertigem Glas und Metall, besticht diese Lampe","breadcrumb":{"@id":"https:\/\/hubsch-interior.com\/de\/produkt\/como-stehlampe-beige\/#breadcrumb"},"inLanguage":"de","potentialAction":[{"@type":"ReadAction","target":["https:\/\/hubsch-interior.com\/de\/produkt\/como-stehlampe-beige\/"]}]},{"@type":"ImageObject","inLanguage":"de","@id":"https:\/\/hubsch-interior.com\/de\/produkt\/como-stehlampe-beige\/#primaryimage","url":"https:\/\/hubsch-interior.com\/wp-content\/uploads\/2026\/02\/como-floor-lamp-beige-0cd53b6b46bf57d6db27641b0d8657e3.jpg","contentUrl":"https:\/\/hubsch-interior.com\/wp-content\/uploads\/2026\/02\/como-floor-lamp-beige-0cd53b6b46bf57d6db27641b0d8657e3.jpg","width":1024,"height":1024},{"@type":"BreadcrumbList","@id":"https:\/\/hubsch-interior.com\/de\/produkt\/como-stehlampe-beige\/#breadcrumb","itemListElement":[{"@type":"ListItem","position":1,"name":"Startseite","item":"https:\/\/hubsch-interior.com\/de\/"},{"@type":"ListItem","position":2,"name":"Produkte","item":"https:\/\/hubsch-interior.com\/de\/shop-2\/"},{"@type":"ListItem","position":3,"name":"Beleuchtung","item":"https:\/\/hubsch-interior.com\/de\/produkt-kategorie\/beleuchtung\/"},{"@type":"ListItem","position":4,"name":"Stehlampen","item":"https:\/\/hubsch-interior.com\/de\/produkt-kategorie\/beleuchtung\/stehlampen-de\/"},{"@type":"ListItem","position":5,"name":"Como Stehlampe Beige"}]},{"@type":"WebSite","@id":"https:\/\/hubsch-interior.com\/de\/#website","url":"https:\/\/hubsch-interior.com\/de\/","name":"H\u00fcbsch","description":"Danish Home Interior and Design","publisher":{"@id":"https:\/\/hubsch-interior.com\/de\/#organization"},"potentialAction":[{"@type":"SearchAction","target":{"@type":"EntryPoint","urlTemplate":"https:\/\/hubsch-interior.com\/de\/?s={search_term_string}"},"query-input":{"@type":"PropertyValueSpecification","valueRequired":true,"valueName":"search_term_string"}}],"inLanguage":"de"},{"@type":"Organization","@id":"https:\/\/hubsch-interior.com\/de\/#organization","name":"H\u00fcbsch","url":"https:\/\/hubsch-interior.com\/de\/","logo":{"@type":"ImageObject","inLanguage":"de","@id":"https:\/\/hubsch-interior.com\/de\/#\/schema\/logo\/image\/","url":"https:\/\/hubsch-interior.com\/wp-content\/uploads\/2022\/12\/Hubsch_logo_black_one_line.svg","contentUrl":"https:\/\/hubsch-interior.com\/wp-content\/uploads\/2022\/12\/Hubsch_logo_black_one_line.svg","caption":"H\u00fcbsch"},"image":{"@id":"https:\/\/hubsch-interior.com\/de\/#\/schema\/logo\/image\/"}}]}},"_links":{"self":[{"href":"https:\/\/hubsch-interior.com\/de\/wp-json\/wp\/v2\/product\/978040","targetHints":{"allow":["GET"]}}],"collection":[{"href":"https:\/\/hubsch-interior.com\/de\/wp-json\/wp\/v2\/product"}],"about":[{"href":"https:\/\/hubsch-interior.com\/de\/wp-json\/wp\/v2\/types\/product"}],"wp:featuredmedia":[{"embeddable":true,"href":"https:\/\/hubsch-interior.com\/de\/wp-json\/wp\/v2\/media\/1107152"}],"wp:attachment":[{"href":"https:\/\/hubsch-interior.com\/de\/wp-json\/wp\/v2\/media?parent=978040"}],"wp:term":[{"taxonomy":"product_brand","embeddable":true,"href":"https:\/\/hubsch-interior.com\/de\/wp-json\/wp\/v2\/product_brand?post=978040"},{"taxonomy":"product_cat","embeddable":true,"href":"https:\/\/hubsch-interior.com\/de\/wp-json\/wp\/v2\/product_cat?post=978040"},{"taxonomy":"product_tag","embeddable":true,"href":"https:\/\/hubsch-interior.com\/de\/wp-json\/wp\/v2\/product_tag?post=978040"}],"curies":[{"name":"wp","href":"https:\/\/api.w.org\/{rel}","templated":true}]}}