{"id":978064,"date":"2024-01-29T09:36:08","date_gmt":"2024-01-29T08:36:08","guid":{"rendered":"https:\/\/hubsch-interior.com\/product\/product\/"},"modified":"2026-04-10T05:19:07","modified_gmt":"2026-04-10T03:19:07","slug":"file-schreibtisch-organizer-grau","status":"publish","type":"product","link":"https:\/\/hubsch-interior.com\/de\/produkt\/file-schreibtisch-organizer-grau\/","title":{"rendered":"File Schreibtisch Organizer Grau"},"content":{"rendered":"<p>Lernen Sie die ultimative Aufbewahrungsl\u00f6sung f\u00fcr Ihr B\u00fcro kennen &#8211; den grauen File Schreibtisch Organizer! Hergestellt aus robustem Metall mit einem schlanken Stahl-Look, ist dieser Organizer sowohl funktional als auch stilvoll. Dank seiner vielseitigen Verwendungsm\u00f6glichkeiten kann er auch als B\u00fccherst\u00e4nder verwendet werden, um Ihren Schreibtisch aufger\u00e4umt zu halten und Ihre B\u00fccher leicht zug\u00e4nglich zu machen. Verabschieden Sie sich von unordentlichen Stapeln und begr\u00fc\u00dfen Sie einen ordentlicheren Arbeitsbereich mit diesem unverzichtbaren Schreibtischzubeh\u00f6r. Verbessern Sie Ihr B\u00fcrospiel mit dem File Schreibtisch Organizer.<\/p>\n","protected":false},"excerpt":{"rendered":"<p>Lernen Sie die ultimative Aufbewahrungsl\u00f6sung f\u00fcr Ihr B\u00fcro kennen &#8211; den grauen File Schreibtisch Organizer! Hergestellt aus robustem Metall mit einem schlanken Stahl-Look, ist dieser Organizer sowohl funktional als auch stilvoll. Dank seiner vielseitigen Verwendungsm\u00f6glichkeiten kann er auch als B\u00fccherst\u00e4nder verwendet werden, um Ihren Schreibtisch aufger\u00e4umt zu halten und Ihre B\u00fccher leicht zug\u00e4nglich zu machen. [&hellip;]<\/p>\n","protected":false},"featured_media":1113538,"template":"","meta":{"_acf_changed":false,"inline_featured_image":false},"product_brand":[],"product_cat":[4155,5027,4160,6884],"product_tag":[],"class_list":{"0":"post-978064","1":"product","2":"type-product","3":"status-publish","4":"has-post-thumbnail","6":"product_cat-buero-de","7":"product_cat-bestsellers-de","8":"product_cat-buchstuetze-de","9":"product_cat-elevating-nostalgia-de","10":"product_shipping_class-pk","12":"pa_color-grau-2","13":"pa_material-eisen-de","15":"first","16":"instock","17":"featured","18":"taxable","19":"shipping-taxable","20":"purchasable","21":"product-type-simple"},"exclude_global_add_ons":[],"addons":[],"acf":[],"yoast_head":"<!-- This site is optimized with the Yoast SEO plugin v26.4 - https:\/\/yoast.com\/wordpress\/plugins\/seo\/ -->\n<title>File Schreibtisch Organizer Grau - H\u00fcbsch<\/title>\n<meta name=\"description\" content=\"Lernen Sie die ultimative Aufbewahrungsl\u00f6sung f\u00fcr Ihr B\u00fcro kennen - den grauen File Schreibtisch Organizer! Hergestellt aus robustem Metall mit einem\" \/>\n<meta name=\"robots\" content=\"index, follow, max-snippet:-1, max-image-preview:large, max-video-preview:-1\" \/>\n<link rel=\"canonical\" href=\"https:\/\/hubsch-interior.com\/de\/wp-json\/wp\/v2\/product\/978064\" \/>\n<meta property=\"og:locale\" content=\"de_DE\" \/>\n<meta property=\"og:type\" content=\"article\" \/>\n<meta property=\"og:title\" content=\"File Schreibtisch Organizer Grau - H\u00fcbsch\" \/>\n<meta property=\"og:description\" content=\"Lernen Sie die ultimative Aufbewahrungsl\u00f6sung f\u00fcr Ihr B\u00fcro kennen - den grauen File Schreibtisch Organizer! Hergestellt aus robustem Metall mit einem\" \/>\n<meta property=\"og:url\" content=\"https:\/\/hubsch-interior.com\/de\/produkt\/file-schreibtisch-organizer-grau\/\" \/>\n<meta property=\"og:site_name\" content=\"H\u00fcbsch\" \/>\n<meta property=\"article:modified_time\" content=\"2026-04-10T03:19:07+00:00\" \/>\n<meta property=\"og:image\" content=\"https:\/\/hubsch-interior.com\/wp-content\/uploads\/2024\/03\/file-desk-organiser-grey-7cf9ebc26520e2f22eff8a7ce4ec30a1.jpg\" \/>\n\t<meta property=\"og:image:width\" content=\"1200\" \/>\n\t<meta property=\"og:image:height\" content=\"1200\" \/>\n\t<meta property=\"og:image:type\" content=\"image\/jpeg\" \/>\n<meta name=\"twitter:card\" content=\"summary_large_image\" \/>\n<script type=\"application\/ld+json\" class=\"yoast-schema-graph\">{\"@context\":\"https:\/\/schema.org\",\"@graph\":[{\"@type\":\"WebPage\",\"@id\":\"https:\/\/hubsch-interior.com\/de\/produkt\/file-schreibtisch-organizer-grau\/\",\"url\":\"https:\/\/hubsch-interior.com\/de\/produkt\/file-schreibtisch-organizer-grau\/\",\"name\":\"File Schreibtisch Organizer Grau - H\u00fcbsch\",\"isPartOf\":{\"@id\":\"https:\/\/hubsch-interior.com\/de\/#website\"},\"primaryImageOfPage\":{\"@id\":\"https:\/\/hubsch-interior.com\/de\/produkt\/file-schreibtisch-organizer-grau\/#primaryimage\"},\"image\":{\"@id\":\"https:\/\/hubsch-interior.com\/de\/produkt\/file-schreibtisch-organizer-grau\/#primaryimage\"},\"thumbnailUrl\":\"https:\/\/hubsch-interior.com\/wp-content\/uploads\/2026\/02\/file-desk-organiser-grey-0484ef76eaaaffe3ece868f2694f73e7.jpg\",\"datePublished\":\"2024-01-29T08:36:08+00:00\",\"dateModified\":\"2026-04-10T03:19:07+00:00\",\"description\":\"Lernen Sie die ultimative Aufbewahrungsl\u00f6sung f\u00fcr Ihr B\u00fcro kennen - den grauen File Schreibtisch Organizer! Hergestellt aus robustem Metall mit einem\",\"breadcrumb\":{\"@id\":\"https:\/\/hubsch-interior.com\/de\/produkt\/file-schreibtisch-organizer-grau\/#breadcrumb\"},\"inLanguage\":\"de\",\"potentialAction\":[{\"@type\":\"ReadAction\",\"target\":[\"https:\/\/hubsch-interior.com\/de\/produkt\/file-schreibtisch-organizer-grau\/\"]}]},{\"@type\":\"ImageObject\",\"inLanguage\":\"de\",\"@id\":\"https:\/\/hubsch-interior.com\/de\/produkt\/file-schreibtisch-organizer-grau\/#primaryimage\",\"url\":\"https:\/\/hubsch-interior.com\/wp-content\/uploads\/2026\/02\/file-desk-organiser-grey-0484ef76eaaaffe3ece868f2694f73e7.jpg\",\"contentUrl\":\"https:\/\/hubsch-interior.com\/wp-content\/uploads\/2026\/02\/file-desk-organiser-grey-0484ef76eaaaffe3ece868f2694f73e7.jpg\",\"width\":1024,\"height\":1024},{\"@type\":\"BreadcrumbList\",\"@id\":\"https:\/\/hubsch-interior.com\/de\/produkt\/file-schreibtisch-organizer-grau\/#breadcrumb\",\"itemListElement\":[{\"@type\":\"ListItem\",\"position\":1,\"name\":\"Startseite\",\"item\":\"https:\/\/hubsch-interior.com\/de\/\"},{\"@type\":\"ListItem\",\"position\":2,\"name\":\"Produkte\",\"item\":\"https:\/\/hubsch-interior.com\/de\/shop-2\/\"},{\"@type\":\"ListItem\",\"position\":3,\"name\":\"Wohnaccessoires\",\"item\":\"https:\/\/hubsch-interior.com\/de\/produkt-kategorie\/wohnaccessoires\/\"},{\"@type\":\"ListItem\",\"position\":4,\"name\":\"B&uuml;ro\",\"item\":\"https:\/\/hubsch-interior.com\/de\/produkt-kategorie\/wohnaccessoires\/buero-de\/\"},{\"@type\":\"ListItem\",\"position\":5,\"name\":\"Buchst&uuml;tze\",\"item\":\"https:\/\/hubsch-interior.com\/de\/produkt-kategorie\/wohnaccessoires\/buero-de\/buchstuetze-de\/\"},{\"@type\":\"ListItem\",\"position\":6,\"name\":\"File Schreibtisch Organizer Grau\"}]},{\"@type\":\"WebSite\",\"@id\":\"https:\/\/hubsch-interior.com\/de\/#website\",\"url\":\"https:\/\/hubsch-interior.com\/de\/\",\"name\":\"H\u00fcbsch\",\"description\":\"Danish Home Interior and Design\",\"publisher\":{\"@id\":\"https:\/\/hubsch-interior.com\/de\/#organization\"},\"potentialAction\":[{\"@type\":\"SearchAction\",\"target\":{\"@type\":\"EntryPoint\",\"urlTemplate\":\"https:\/\/hubsch-interior.com\/de\/?s={search_term_string}\"},\"query-input\":{\"@type\":\"PropertyValueSpecification\",\"valueRequired\":true,\"valueName\":\"search_term_string\"}}],\"inLanguage\":\"de\"},{\"@type\":\"Organization\",\"@id\":\"https:\/\/hubsch-interior.com\/de\/#organization\",\"name\":\"H\u00fcbsch\",\"url\":\"https:\/\/hubsch-interior.com\/de\/\",\"logo\":{\"@type\":\"ImageObject\",\"inLanguage\":\"de\",\"@id\":\"https:\/\/hubsch-interior.com\/de\/#\/schema\/logo\/image\/\",\"url\":\"https:\/\/hubsch-interior.com\/wp-content\/uploads\/2022\/12\/Hubsch_logo_black_one_line.svg\",\"contentUrl\":\"https:\/\/hubsch-interior.com\/wp-content\/uploads\/2022\/12\/Hubsch_logo_black_one_line.svg\",\"caption\":\"H\u00fcbsch\"},\"image\":{\"@id\":\"https:\/\/hubsch-interior.com\/de\/#\/schema\/logo\/image\/\"}}]}<\/script>\n<!-- \/ Yoast SEO plugin. -->","yoast_head_json":{"title":"File Schreibtisch Organizer Grau - H\u00fcbsch","description":"Lernen Sie die ultimative Aufbewahrungsl\u00f6sung f\u00fcr Ihr B\u00fcro kennen - den grauen File Schreibtisch Organizer! Hergestellt aus robustem Metall mit einem","robots":{"index":"index","follow":"follow","max-snippet":"max-snippet:-1","max-image-preview":"max-image-preview:large","max-video-preview":"max-video-preview:-1"},"canonical":"https:\/\/hubsch-interior.com\/de\/wp-json\/wp\/v2\/product\/978064","og_locale":"de_DE","og_type":"article","og_title":"File Schreibtisch Organizer Grau - H\u00fcbsch","og_description":"Lernen Sie die ultimative Aufbewahrungsl\u00f6sung f\u00fcr Ihr B\u00fcro kennen - den grauen File Schreibtisch Organizer! Hergestellt aus robustem Metall mit einem","og_url":"https:\/\/hubsch-interior.com\/de\/produkt\/file-schreibtisch-organizer-grau\/","og_site_name":"H\u00fcbsch","article_modified_time":"2026-04-10T03:19:07+00:00","og_image":[{"width":1200,"height":1200,"url":"https:\/\/hubsch-interior.com\/wp-content\/uploads\/2024\/03\/file-desk-organiser-grey-7cf9ebc26520e2f22eff8a7ce4ec30a1.jpg","type":"image\/jpeg"}],"twitter_card":"summary_large_image","schema":{"@context":"https:\/\/schema.org","@graph":[{"@type":"WebPage","@id":"https:\/\/hubsch-interior.com\/de\/produkt\/file-schreibtisch-organizer-grau\/","url":"https:\/\/hubsch-interior.com\/de\/produkt\/file-schreibtisch-organizer-grau\/","name":"File Schreibtisch Organizer Grau - H\u00fcbsch","isPartOf":{"@id":"https:\/\/hubsch-interior.com\/de\/#website"},"primaryImageOfPage":{"@id":"https:\/\/hubsch-interior.com\/de\/produkt\/file-schreibtisch-organizer-grau\/#primaryimage"},"image":{"@id":"https:\/\/hubsch-interior.com\/de\/produkt\/file-schreibtisch-organizer-grau\/#primaryimage"},"thumbnailUrl":"https:\/\/hubsch-interior.com\/wp-content\/uploads\/2026\/02\/file-desk-organiser-grey-0484ef76eaaaffe3ece868f2694f73e7.jpg","datePublished":"2024-01-29T08:36:08+00:00","dateModified":"2026-04-10T03:19:07+00:00","description":"Lernen Sie die ultimative Aufbewahrungsl\u00f6sung f\u00fcr Ihr B\u00fcro kennen - den grauen File Schreibtisch Organizer! Hergestellt aus robustem Metall mit einem","breadcrumb":{"@id":"https:\/\/hubsch-interior.com\/de\/produkt\/file-schreibtisch-organizer-grau\/#breadcrumb"},"inLanguage":"de","potentialAction":[{"@type":"ReadAction","target":["https:\/\/hubsch-interior.com\/de\/produkt\/file-schreibtisch-organizer-grau\/"]}]},{"@type":"ImageObject","inLanguage":"de","@id":"https:\/\/hubsch-interior.com\/de\/produkt\/file-schreibtisch-organizer-grau\/#primaryimage","url":"https:\/\/hubsch-interior.com\/wp-content\/uploads\/2026\/02\/file-desk-organiser-grey-0484ef76eaaaffe3ece868f2694f73e7.jpg","contentUrl":"https:\/\/hubsch-interior.com\/wp-content\/uploads\/2026\/02\/file-desk-organiser-grey-0484ef76eaaaffe3ece868f2694f73e7.jpg","width":1024,"height":1024},{"@type":"BreadcrumbList","@id":"https:\/\/hubsch-interior.com\/de\/produkt\/file-schreibtisch-organizer-grau\/#breadcrumb","itemListElement":[{"@type":"ListItem","position":1,"name":"Startseite","item":"https:\/\/hubsch-interior.com\/de\/"},{"@type":"ListItem","position":2,"name":"Produkte","item":"https:\/\/hubsch-interior.com\/de\/shop-2\/"},{"@type":"ListItem","position":3,"name":"Wohnaccessoires","item":"https:\/\/hubsch-interior.com\/de\/produkt-kategorie\/wohnaccessoires\/"},{"@type":"ListItem","position":4,"name":"B&uuml;ro","item":"https:\/\/hubsch-interior.com\/de\/produkt-kategorie\/wohnaccessoires\/buero-de\/"},{"@type":"ListItem","position":5,"name":"Buchst&uuml;tze","item":"https:\/\/hubsch-interior.com\/de\/produkt-kategorie\/wohnaccessoires\/buero-de\/buchstuetze-de\/"},{"@type":"ListItem","position":6,"name":"File Schreibtisch Organizer Grau"}]},{"@type":"WebSite","@id":"https:\/\/hubsch-interior.com\/de\/#website","url":"https:\/\/hubsch-interior.com\/de\/","name":"H\u00fcbsch","description":"Danish Home Interior and Design","publisher":{"@id":"https:\/\/hubsch-interior.com\/de\/#organization"},"potentialAction":[{"@type":"SearchAction","target":{"@type":"EntryPoint","urlTemplate":"https:\/\/hubsch-interior.com\/de\/?s={search_term_string}"},"query-input":{"@type":"PropertyValueSpecification","valueRequired":true,"valueName":"search_term_string"}}],"inLanguage":"de"},{"@type":"Organization","@id":"https:\/\/hubsch-interior.com\/de\/#organization","name":"H\u00fcbsch","url":"https:\/\/hubsch-interior.com\/de\/","logo":{"@type":"ImageObject","inLanguage":"de","@id":"https:\/\/hubsch-interior.com\/de\/#\/schema\/logo\/image\/","url":"https:\/\/hubsch-interior.com\/wp-content\/uploads\/2022\/12\/Hubsch_logo_black_one_line.svg","contentUrl":"https:\/\/hubsch-interior.com\/wp-content\/uploads\/2022\/12\/Hubsch_logo_black_one_line.svg","caption":"H\u00fcbsch"},"image":{"@id":"https:\/\/hubsch-interior.com\/de\/#\/schema\/logo\/image\/"}}]}},"_links":{"self":[{"href":"https:\/\/hubsch-interior.com\/de\/wp-json\/wp\/v2\/product\/978064","targetHints":{"allow":["GET"]}}],"collection":[{"href":"https:\/\/hubsch-interior.com\/de\/wp-json\/wp\/v2\/product"}],"about":[{"href":"https:\/\/hubsch-interior.com\/de\/wp-json\/wp\/v2\/types\/product"}],"wp:featuredmedia":[{"embeddable":true,"href":"https:\/\/hubsch-interior.com\/de\/wp-json\/wp\/v2\/media\/1113538"}],"wp:attachment":[{"href":"https:\/\/hubsch-interior.com\/de\/wp-json\/wp\/v2\/media?parent=978064"}],"wp:term":[{"taxonomy":"product_brand","embeddable":true,"href":"https:\/\/hubsch-interior.com\/de\/wp-json\/wp\/v2\/product_brand?post=978064"},{"taxonomy":"product_cat","embeddable":true,"href":"https:\/\/hubsch-interior.com\/de\/wp-json\/wp\/v2\/product_cat?post=978064"},{"taxonomy":"product_tag","embeddable":true,"href":"https:\/\/hubsch-interior.com\/de\/wp-json\/wp\/v2\/product_tag?post=978064"}],"curies":[{"name":"wp","href":"https:\/\/api.w.org\/{rel}","templated":true}]}}