{"id":978096,"date":"2024-01-29T09:36:32","date_gmt":"2024-01-29T08:36:32","guid":{"rendered":"https:\/\/hubsch-interior.com\/product\/product\/"},"modified":"2026-04-09T05:18:37","modified_gmt":"2026-04-09T03:18:37","slug":"hour-uhr-metalic-grau","status":"publish","type":"product","link":"https:\/\/hubsch-interior.com\/de\/produkt\/hour-uhr-metalic-grau\/","title":{"rendered":"Hour Uhr Metalic-Grau"},"content":{"rendered":"<p>Betreten Sie eine vertr\u00e4umte Welt der Zeit mit unserer Hour Uhr in metallischem Grau. Hergestellt aus hochwertigem Metall mit einer gl\u00e4nzenden metallischen Grau-Finish, ist diese Uhr sowohl funktional als auch ein kreatives Dekorationsst\u00fcck. Platzieren Sie sie auf einem Regal oder h\u00e4ngen Sie sie an die Wand, die Wahl liegt bei Ihnen. In zwei Varianten erh\u00e4ltlich, f\u00fcgt die Hour Uhr mit ihrer Mischung aus verspielten Farben jedem Raum einen Hauch von Kontrast hinzu. Setzen Sie ein Statement mit diesem einzigartigen Zeitmesser, der sicherlich die Blicke von jedem auf sich ziehen wird, der Ihren Raum betritt.<\/p>\n","protected":false},"excerpt":{"rendered":"<p>Betreten Sie eine vertr\u00e4umte Welt der Zeit mit unserer Hour Uhr in metallischem Grau. Hergestellt aus hochwertigem Metall mit einer gl\u00e4nzenden metallischen Grau-Finish, ist diese Uhr sowohl funktional als auch ein kreatives Dekorationsst\u00fcck. Platzieren Sie sie auf einem Regal oder h\u00e4ngen Sie sie an die Wand, die Wahl liegt bei Ihnen. In zwei Varianten erh\u00e4ltlich, [&hellip;]<\/p>\n","protected":false},"featured_media":1113562,"template":"","meta":{"_acf_changed":false,"inline_featured_image":false},"product_brand":[],"product_cat":[6884,3118,3131,5027],"product_tag":[],"class_list":{"0":"post-978096","1":"product","2":"type-product","3":"status-publish","4":"has-post-thumbnail","6":"product_cat-elevating-nostalgia-de","7":"product_cat-wanddekoration-de","8":"product_cat-uhren-de","9":"product_cat-bestsellers-de","10":"product_shipping_class-pk","12":"pa_color-metalic-grau","13":"pa_material-eisen-de","15":"first","16":"instock","17":"featured","18":"taxable","19":"shipping-taxable","20":"purchasable","21":"product-type-simple"},"exclude_global_add_ons":[],"addons":[],"acf":[],"yoast_head":"<!-- This site is optimized with the Yoast SEO plugin v26.4 - https:\/\/yoast.com\/wordpress\/plugins\/seo\/ -->\n<title>Hour Uhr Metalic-Grau - H\u00fcbsch<\/title>\n<meta name=\"description\" content=\"Betreten Sie eine vertr\u00e4umte Welt der Zeit mit unserer Hour Uhr in metallischem Grau. Hergestellt aus hochwertigem Metall mit einer gl\u00e4nzenden\" \/>\n<meta name=\"robots\" content=\"index, follow, max-snippet:-1, max-image-preview:large, max-video-preview:-1\" \/>\n<link rel=\"canonical\" href=\"https:\/\/hubsch-interior.com\/de\/wp-json\/wp\/v2\/product\/978096\" \/>\n<meta property=\"og:locale\" content=\"de_DE\" \/>\n<meta property=\"og:type\" content=\"article\" \/>\n<meta property=\"og:title\" content=\"Hour Uhr Metalic-Grau - H\u00fcbsch\" \/>\n<meta property=\"og:description\" content=\"Betreten Sie eine vertr\u00e4umte Welt der Zeit mit unserer Hour Uhr in metallischem Grau. Hergestellt aus hochwertigem Metall mit einer gl\u00e4nzenden\" \/>\n<meta property=\"og:url\" content=\"https:\/\/hubsch-interior.com\/de\/produkt\/hour-uhr-metalic-grau\/\" \/>\n<meta property=\"og:site_name\" content=\"H\u00fcbsch\" \/>\n<meta property=\"article:modified_time\" content=\"2026-04-09T03:18:37+00:00\" \/>\n<meta property=\"og:image\" content=\"https:\/\/hubsch-interior.com\/wp-content\/uploads\/2024\/01\/hour-clock-metallic-grey-0d7158a0c8fe2777a5775cb2f3ef1460.jpg\" \/>\n\t<meta property=\"og:image:width\" content=\"1200\" \/>\n\t<meta property=\"og:image:height\" content=\"1200\" \/>\n\t<meta property=\"og:image:type\" content=\"image\/jpeg\" \/>\n<meta name=\"twitter:card\" content=\"summary_large_image\" \/>\n<meta name=\"twitter:label1\" content=\"Gesch\u00e4tzte Lesezeit\" \/>\n\t<meta name=\"twitter:data1\" content=\"1\u00a0Minute\" \/>\n<script type=\"application\/ld+json\" class=\"yoast-schema-graph\">{\"@context\":\"https:\/\/schema.org\",\"@graph\":[{\"@type\":\"WebPage\",\"@id\":\"https:\/\/hubsch-interior.com\/de\/produkt\/hour-uhr-metalic-grau\/\",\"url\":\"https:\/\/hubsch-interior.com\/de\/produkt\/hour-uhr-metalic-grau\/\",\"name\":\"Hour Uhr Metalic-Grau - H\u00fcbsch\",\"isPartOf\":{\"@id\":\"https:\/\/hubsch-interior.com\/de\/#website\"},\"primaryImageOfPage\":{\"@id\":\"https:\/\/hubsch-interior.com\/de\/produkt\/hour-uhr-metalic-grau\/#primaryimage\"},\"image\":{\"@id\":\"https:\/\/hubsch-interior.com\/de\/produkt\/hour-uhr-metalic-grau\/#primaryimage\"},\"thumbnailUrl\":\"https:\/\/hubsch-interior.com\/wp-content\/uploads\/2026\/02\/hour-clock-metallic-grey-ccfb1da5538328f485556ad9256b153a.jpg\",\"datePublished\":\"2024-01-29T08:36:32+00:00\",\"dateModified\":\"2026-04-09T03:18:37+00:00\",\"description\":\"Betreten Sie eine vertr\u00e4umte Welt der Zeit mit unserer Hour Uhr in metallischem Grau. Hergestellt aus hochwertigem Metall mit einer gl\u00e4nzenden\",\"breadcrumb\":{\"@id\":\"https:\/\/hubsch-interior.com\/de\/produkt\/hour-uhr-metalic-grau\/#breadcrumb\"},\"inLanguage\":\"de\",\"potentialAction\":[{\"@type\":\"ReadAction\",\"target\":[\"https:\/\/hubsch-interior.com\/de\/produkt\/hour-uhr-metalic-grau\/\"]}]},{\"@type\":\"ImageObject\",\"inLanguage\":\"de\",\"@id\":\"https:\/\/hubsch-interior.com\/de\/produkt\/hour-uhr-metalic-grau\/#primaryimage\",\"url\":\"https:\/\/hubsch-interior.com\/wp-content\/uploads\/2026\/02\/hour-clock-metallic-grey-ccfb1da5538328f485556ad9256b153a.jpg\",\"contentUrl\":\"https:\/\/hubsch-interior.com\/wp-content\/uploads\/2026\/02\/hour-clock-metallic-grey-ccfb1da5538328f485556ad9256b153a.jpg\",\"width\":1024,\"height\":1024},{\"@type\":\"BreadcrumbList\",\"@id\":\"https:\/\/hubsch-interior.com\/de\/produkt\/hour-uhr-metalic-grau\/#breadcrumb\",\"itemListElement\":[{\"@type\":\"ListItem\",\"position\":1,\"name\":\"Startseite\",\"item\":\"https:\/\/hubsch-interior.com\/de\/\"},{\"@type\":\"ListItem\",\"position\":2,\"name\":\"Produkte\",\"item\":\"https:\/\/hubsch-interior.com\/de\/shop-2\/\"},{\"@type\":\"ListItem\",\"position\":3,\"name\":\"Wohnaccessoires\",\"item\":\"https:\/\/hubsch-interior.com\/de\/produkt-kategorie\/wohnaccessoires\/\"},{\"@type\":\"ListItem\",\"position\":4,\"name\":\"Wanddekoration\",\"item\":\"https:\/\/hubsch-interior.com\/de\/produkt-kategorie\/wohnaccessoires\/wanddekoration-de\/\"},{\"@type\":\"ListItem\",\"position\":5,\"name\":\"Uhren\",\"item\":\"https:\/\/hubsch-interior.com\/de\/produkt-kategorie\/wohnaccessoires\/wanddekoration-de\/uhren-de\/\"},{\"@type\":\"ListItem\",\"position\":6,\"name\":\"Hour Uhr Metalic-Grau\"}]},{\"@type\":\"WebSite\",\"@id\":\"https:\/\/hubsch-interior.com\/de\/#website\",\"url\":\"https:\/\/hubsch-interior.com\/de\/\",\"name\":\"H\u00fcbsch\",\"description\":\"Danish Home Interior and Design\",\"publisher\":{\"@id\":\"https:\/\/hubsch-interior.com\/de\/#organization\"},\"potentialAction\":[{\"@type\":\"SearchAction\",\"target\":{\"@type\":\"EntryPoint\",\"urlTemplate\":\"https:\/\/hubsch-interior.com\/de\/?s={search_term_string}\"},\"query-input\":{\"@type\":\"PropertyValueSpecification\",\"valueRequired\":true,\"valueName\":\"search_term_string\"}}],\"inLanguage\":\"de\"},{\"@type\":\"Organization\",\"@id\":\"https:\/\/hubsch-interior.com\/de\/#organization\",\"name\":\"H\u00fcbsch\",\"url\":\"https:\/\/hubsch-interior.com\/de\/\",\"logo\":{\"@type\":\"ImageObject\",\"inLanguage\":\"de\",\"@id\":\"https:\/\/hubsch-interior.com\/de\/#\/schema\/logo\/image\/\",\"url\":\"https:\/\/hubsch-interior.com\/wp-content\/uploads\/2022\/12\/Hubsch_logo_black_one_line.svg\",\"contentUrl\":\"https:\/\/hubsch-interior.com\/wp-content\/uploads\/2022\/12\/Hubsch_logo_black_one_line.svg\",\"caption\":\"H\u00fcbsch\"},\"image\":{\"@id\":\"https:\/\/hubsch-interior.com\/de\/#\/schema\/logo\/image\/\"}}]}<\/script>\n<!-- \/ Yoast SEO plugin. -->","yoast_head_json":{"title":"Hour Uhr Metalic-Grau - H\u00fcbsch","description":"Betreten Sie eine vertr\u00e4umte Welt der Zeit mit unserer Hour Uhr in metallischem Grau. Hergestellt aus hochwertigem Metall mit einer gl\u00e4nzenden","robots":{"index":"index","follow":"follow","max-snippet":"max-snippet:-1","max-image-preview":"max-image-preview:large","max-video-preview":"max-video-preview:-1"},"canonical":"https:\/\/hubsch-interior.com\/de\/wp-json\/wp\/v2\/product\/978096","og_locale":"de_DE","og_type":"article","og_title":"Hour Uhr Metalic-Grau - H\u00fcbsch","og_description":"Betreten Sie eine vertr\u00e4umte Welt der Zeit mit unserer Hour Uhr in metallischem Grau. Hergestellt aus hochwertigem Metall mit einer gl\u00e4nzenden","og_url":"https:\/\/hubsch-interior.com\/de\/produkt\/hour-uhr-metalic-grau\/","og_site_name":"H\u00fcbsch","article_modified_time":"2026-04-09T03:18:37+00:00","og_image":[{"width":1200,"height":1200,"url":"https:\/\/hubsch-interior.com\/wp-content\/uploads\/2024\/01\/hour-clock-metallic-grey-0d7158a0c8fe2777a5775cb2f3ef1460.jpg","type":"image\/jpeg"}],"twitter_card":"summary_large_image","twitter_misc":{"Gesch\u00e4tzte Lesezeit":"1\u00a0Minute"},"schema":{"@context":"https:\/\/schema.org","@graph":[{"@type":"WebPage","@id":"https:\/\/hubsch-interior.com\/de\/produkt\/hour-uhr-metalic-grau\/","url":"https:\/\/hubsch-interior.com\/de\/produkt\/hour-uhr-metalic-grau\/","name":"Hour Uhr Metalic-Grau - H\u00fcbsch","isPartOf":{"@id":"https:\/\/hubsch-interior.com\/de\/#website"},"primaryImageOfPage":{"@id":"https:\/\/hubsch-interior.com\/de\/produkt\/hour-uhr-metalic-grau\/#primaryimage"},"image":{"@id":"https:\/\/hubsch-interior.com\/de\/produkt\/hour-uhr-metalic-grau\/#primaryimage"},"thumbnailUrl":"https:\/\/hubsch-interior.com\/wp-content\/uploads\/2026\/02\/hour-clock-metallic-grey-ccfb1da5538328f485556ad9256b153a.jpg","datePublished":"2024-01-29T08:36:32+00:00","dateModified":"2026-04-09T03:18:37+00:00","description":"Betreten Sie eine vertr\u00e4umte Welt der Zeit mit unserer Hour Uhr in metallischem Grau. Hergestellt aus hochwertigem Metall mit einer gl\u00e4nzenden","breadcrumb":{"@id":"https:\/\/hubsch-interior.com\/de\/produkt\/hour-uhr-metalic-grau\/#breadcrumb"},"inLanguage":"de","potentialAction":[{"@type":"ReadAction","target":["https:\/\/hubsch-interior.com\/de\/produkt\/hour-uhr-metalic-grau\/"]}]},{"@type":"ImageObject","inLanguage":"de","@id":"https:\/\/hubsch-interior.com\/de\/produkt\/hour-uhr-metalic-grau\/#primaryimage","url":"https:\/\/hubsch-interior.com\/wp-content\/uploads\/2026\/02\/hour-clock-metallic-grey-ccfb1da5538328f485556ad9256b153a.jpg","contentUrl":"https:\/\/hubsch-interior.com\/wp-content\/uploads\/2026\/02\/hour-clock-metallic-grey-ccfb1da5538328f485556ad9256b153a.jpg","width":1024,"height":1024},{"@type":"BreadcrumbList","@id":"https:\/\/hubsch-interior.com\/de\/produkt\/hour-uhr-metalic-grau\/#breadcrumb","itemListElement":[{"@type":"ListItem","position":1,"name":"Startseite","item":"https:\/\/hubsch-interior.com\/de\/"},{"@type":"ListItem","position":2,"name":"Produkte","item":"https:\/\/hubsch-interior.com\/de\/shop-2\/"},{"@type":"ListItem","position":3,"name":"Wohnaccessoires","item":"https:\/\/hubsch-interior.com\/de\/produkt-kategorie\/wohnaccessoires\/"},{"@type":"ListItem","position":4,"name":"Wanddekoration","item":"https:\/\/hubsch-interior.com\/de\/produkt-kategorie\/wohnaccessoires\/wanddekoration-de\/"},{"@type":"ListItem","position":5,"name":"Uhren","item":"https:\/\/hubsch-interior.com\/de\/produkt-kategorie\/wohnaccessoires\/wanddekoration-de\/uhren-de\/"},{"@type":"ListItem","position":6,"name":"Hour Uhr Metalic-Grau"}]},{"@type":"WebSite","@id":"https:\/\/hubsch-interior.com\/de\/#website","url":"https:\/\/hubsch-interior.com\/de\/","name":"H\u00fcbsch","description":"Danish Home Interior and Design","publisher":{"@id":"https:\/\/hubsch-interior.com\/de\/#organization"},"potentialAction":[{"@type":"SearchAction","target":{"@type":"EntryPoint","urlTemplate":"https:\/\/hubsch-interior.com\/de\/?s={search_term_string}"},"query-input":{"@type":"PropertyValueSpecification","valueRequired":true,"valueName":"search_term_string"}}],"inLanguage":"de"},{"@type":"Organization","@id":"https:\/\/hubsch-interior.com\/de\/#organization","name":"H\u00fcbsch","url":"https:\/\/hubsch-interior.com\/de\/","logo":{"@type":"ImageObject","inLanguage":"de","@id":"https:\/\/hubsch-interior.com\/de\/#\/schema\/logo\/image\/","url":"https:\/\/hubsch-interior.com\/wp-content\/uploads\/2022\/12\/Hubsch_logo_black_one_line.svg","contentUrl":"https:\/\/hubsch-interior.com\/wp-content\/uploads\/2022\/12\/Hubsch_logo_black_one_line.svg","caption":"H\u00fcbsch"},"image":{"@id":"https:\/\/hubsch-interior.com\/de\/#\/schema\/logo\/image\/"}}]}},"_links":{"self":[{"href":"https:\/\/hubsch-interior.com\/de\/wp-json\/wp\/v2\/product\/978096","targetHints":{"allow":["GET"]}}],"collection":[{"href":"https:\/\/hubsch-interior.com\/de\/wp-json\/wp\/v2\/product"}],"about":[{"href":"https:\/\/hubsch-interior.com\/de\/wp-json\/wp\/v2\/types\/product"}],"wp:featuredmedia":[{"embeddable":true,"href":"https:\/\/hubsch-interior.com\/de\/wp-json\/wp\/v2\/media\/1113562"}],"wp:attachment":[{"href":"https:\/\/hubsch-interior.com\/de\/wp-json\/wp\/v2\/media?parent=978096"}],"wp:term":[{"taxonomy":"product_brand","embeddable":true,"href":"https:\/\/hubsch-interior.com\/de\/wp-json\/wp\/v2\/product_brand?post=978096"},{"taxonomy":"product_cat","embeddable":true,"href":"https:\/\/hubsch-interior.com\/de\/wp-json\/wp\/v2\/product_cat?post=978096"},{"taxonomy":"product_tag","embeddable":true,"href":"https:\/\/hubsch-interior.com\/de\/wp-json\/wp\/v2\/product_tag?post=978096"}],"curies":[{"name":"wp","href":"https:\/\/api.w.org\/{rel}","templated":true}]}}