{"id":978116,"date":"2024-01-29T09:36:44","date_gmt":"2024-01-29T08:36:44","guid":{"rendered":"https:\/\/hubsch-interior.com\/product\/product\/"},"modified":"2026-04-09T05:18:41","modified_gmt":"2026-04-09T03:18:41","slug":"clutch-magazinhalter-sandfarben","status":"publish","type":"product","link":"https:\/\/hubsch-interior.com\/de\/produkt\/clutch-magazinhalter-sandfarben\/","title":{"rendered":"Clutch Magazinhalter Sandfarben"},"content":{"rendered":"<p>Mit dem Clutch Magazinhalter stellen wir Ihnen eine stilvolle und funktionale Erg\u00e4nzung f\u00fcr Ihre Inneneinrichtung vor. Erh\u00e4ltlich in zwei Ausf\u00fchrungen, ist dieser sandfarbene wandmontierte Magazinhalter die perfekte M\u00f6glichkeit, Ihre Lieblingszeitschriften oder Zeitungen griffbereit zu halten. Hergestellt aus robustem Metall mit einer Sandoberfl\u00e4che, kann er bis zu 5 kg Lekt\u00fcre aufnehmen. Sein einfaches Design verleiht jedem Raum eine elegante Note und macht ihn zum unverzichtbaren Must-Have f\u00fcr jeden Zeitschriftenliebhaber. Verabschieden Sie sich von unordentlichen Regalen und unorganisierten Stapeln von Zeitschriften und begr\u00fc\u00dfen Sie die Bequemlichkeit des Clutch Magazinhalters.<\/p>\n","protected":false},"excerpt":{"rendered":"<p>Mit dem Clutch Magazinhalter stellen wir Ihnen eine stilvolle und funktionale Erg\u00e4nzung f\u00fcr Ihre Inneneinrichtung vor. Erh\u00e4ltlich in zwei Ausf\u00fchrungen, ist dieser sandfarbene wandmontierte Magazinhalter die perfekte M\u00f6glichkeit, Ihre Lieblingszeitschriften oder Zeitungen griffbereit zu halten. Hergestellt aus robustem Metall mit einer Sandoberfl\u00e4che, kann er bis zu 5 kg Lekt\u00fcre aufnehmen. Sein einfaches Design verleiht jedem [&hellip;]<\/p>\n","protected":false},"featured_media":1113574,"template":"","meta":{"_acf_changed":false,"inline_featured_image":false},"product_brand":[],"product_cat":[6884,3111,4020,5027],"product_tag":[],"class_list":{"0":"post-978116","1":"product","2":"type-product","3":"status-publish","4":"has-post-thumbnail","6":"product_cat-elevating-nostalgia-de","7":"product_cat-aufbewahrung-de","8":"product_cat-magazinhalter-de","9":"product_cat-bestsellers-de","10":"product_shipping_class-pk","12":"pa_color-sandfarben","13":"pa_material-eisen-de","15":"first","16":"instock","17":"featured","18":"taxable","19":"shipping-taxable","20":"purchasable","21":"product-type-simple"},"exclude_global_add_ons":[],"addons":[],"acf":[],"yoast_head":"<!-- This site is optimized with the Yoast SEO plugin v26.4 - https:\/\/yoast.com\/wordpress\/plugins\/seo\/ -->\n<title>Clutch Magazinhalter Sandfarben - H\u00fcbsch<\/title>\n<meta name=\"description\" content=\"Mit dem Clutch Magazinhalter stellen wir Ihnen eine stilvolle und funktionale Erg\u00e4nzung f\u00fcr Ihre Inneneinrichtung vor. Erh\u00e4ltlich in zwei Ausf\u00fchrungen,\" \/>\n<meta name=\"robots\" content=\"index, follow, max-snippet:-1, max-image-preview:large, max-video-preview:-1\" \/>\n<link rel=\"canonical\" href=\"https:\/\/hubsch-interior.com\/de\/wp-json\/wp\/v2\/product\/978116\" \/>\n<meta property=\"og:locale\" content=\"de_DE\" \/>\n<meta property=\"og:type\" content=\"article\" \/>\n<meta property=\"og:title\" content=\"Clutch Magazinhalter Sandfarben - H\u00fcbsch\" \/>\n<meta property=\"og:description\" content=\"Mit dem Clutch Magazinhalter stellen wir Ihnen eine stilvolle und funktionale Erg\u00e4nzung f\u00fcr Ihre Inneneinrichtung vor. Erh\u00e4ltlich in zwei Ausf\u00fchrungen,\" \/>\n<meta property=\"og:url\" content=\"https:\/\/hubsch-interior.com\/de\/produkt\/clutch-magazinhalter-sandfarben\/\" \/>\n<meta property=\"og:site_name\" content=\"H\u00fcbsch\" \/>\n<meta property=\"article:modified_time\" content=\"2026-04-09T03:18:41+00:00\" \/>\n<meta property=\"og:image\" content=\"https:\/\/hubsch-interior.com\/wp-content\/uploads\/2024\/01\/clutch-magazine-holder-sand-793510ed958a406769d70f6584dce934.jpg\" \/>\n\t<meta property=\"og:image:width\" content=\"1200\" \/>\n\t<meta property=\"og:image:height\" content=\"1200\" \/>\n\t<meta property=\"og:image:type\" content=\"image\/jpeg\" \/>\n<meta name=\"twitter:card\" content=\"summary_large_image\" \/>\n<script type=\"application\/ld+json\" class=\"yoast-schema-graph\">{\"@context\":\"https:\/\/schema.org\",\"@graph\":[{\"@type\":\"WebPage\",\"@id\":\"https:\/\/hubsch-interior.com\/de\/produkt\/clutch-magazinhalter-sandfarben\/\",\"url\":\"https:\/\/hubsch-interior.com\/de\/produkt\/clutch-magazinhalter-sandfarben\/\",\"name\":\"Clutch Magazinhalter Sandfarben - H\u00fcbsch\",\"isPartOf\":{\"@id\":\"https:\/\/hubsch-interior.com\/de\/#website\"},\"primaryImageOfPage\":{\"@id\":\"https:\/\/hubsch-interior.com\/de\/produkt\/clutch-magazinhalter-sandfarben\/#primaryimage\"},\"image\":{\"@id\":\"https:\/\/hubsch-interior.com\/de\/produkt\/clutch-magazinhalter-sandfarben\/#primaryimage\"},\"thumbnailUrl\":\"https:\/\/hubsch-interior.com\/wp-content\/uploads\/2026\/02\/clutch-magazine-holder-sand-7ebb17a5a0125b9f45b7f94430653860.jpg\",\"datePublished\":\"2024-01-29T08:36:44+00:00\",\"dateModified\":\"2026-04-09T03:18:41+00:00\",\"description\":\"Mit dem Clutch Magazinhalter stellen wir Ihnen eine stilvolle und funktionale Erg\u00e4nzung f\u00fcr Ihre Inneneinrichtung vor. Erh\u00e4ltlich in zwei Ausf\u00fchrungen,\",\"breadcrumb\":{\"@id\":\"https:\/\/hubsch-interior.com\/de\/produkt\/clutch-magazinhalter-sandfarben\/#breadcrumb\"},\"inLanguage\":\"de\",\"potentialAction\":[{\"@type\":\"ReadAction\",\"target\":[\"https:\/\/hubsch-interior.com\/de\/produkt\/clutch-magazinhalter-sandfarben\/\"]}]},{\"@type\":\"ImageObject\",\"inLanguage\":\"de\",\"@id\":\"https:\/\/hubsch-interior.com\/de\/produkt\/clutch-magazinhalter-sandfarben\/#primaryimage\",\"url\":\"https:\/\/hubsch-interior.com\/wp-content\/uploads\/2026\/02\/clutch-magazine-holder-sand-7ebb17a5a0125b9f45b7f94430653860.jpg\",\"contentUrl\":\"https:\/\/hubsch-interior.com\/wp-content\/uploads\/2026\/02\/clutch-magazine-holder-sand-7ebb17a5a0125b9f45b7f94430653860.jpg\",\"width\":1024,\"height\":1024},{\"@type\":\"BreadcrumbList\",\"@id\":\"https:\/\/hubsch-interior.com\/de\/produkt\/clutch-magazinhalter-sandfarben\/#breadcrumb\",\"itemListElement\":[{\"@type\":\"ListItem\",\"position\":1,\"name\":\"Startseite\",\"item\":\"https:\/\/hubsch-interior.com\/de\/\"},{\"@type\":\"ListItem\",\"position\":2,\"name\":\"Produkte\",\"item\":\"https:\/\/hubsch-interior.com\/de\/shop-2\/\"},{\"@type\":\"ListItem\",\"position\":3,\"name\":\"Wohnaccessoires\",\"item\":\"https:\/\/hubsch-interior.com\/de\/produkt-kategorie\/wohnaccessoires\/\"},{\"@type\":\"ListItem\",\"position\":4,\"name\":\"Aufbewahrung\",\"item\":\"https:\/\/hubsch-interior.com\/de\/produkt-kategorie\/wohnaccessoires\/aufbewahrung-de\/\"},{\"@type\":\"ListItem\",\"position\":5,\"name\":\"Magazinhalter\",\"item\":\"https:\/\/hubsch-interior.com\/de\/produkt-kategorie\/wohnaccessoires\/aufbewahrung-de\/magazinhalter-de\/\"},{\"@type\":\"ListItem\",\"position\":6,\"name\":\"Clutch Magazinhalter Sandfarben\"}]},{\"@type\":\"WebSite\",\"@id\":\"https:\/\/hubsch-interior.com\/de\/#website\",\"url\":\"https:\/\/hubsch-interior.com\/de\/\",\"name\":\"H\u00fcbsch\",\"description\":\"Danish Home Interior and Design\",\"publisher\":{\"@id\":\"https:\/\/hubsch-interior.com\/de\/#organization\"},\"potentialAction\":[{\"@type\":\"SearchAction\",\"target\":{\"@type\":\"EntryPoint\",\"urlTemplate\":\"https:\/\/hubsch-interior.com\/de\/?s={search_term_string}\"},\"query-input\":{\"@type\":\"PropertyValueSpecification\",\"valueRequired\":true,\"valueName\":\"search_term_string\"}}],\"inLanguage\":\"de\"},{\"@type\":\"Organization\",\"@id\":\"https:\/\/hubsch-interior.com\/de\/#organization\",\"name\":\"H\u00fcbsch\",\"url\":\"https:\/\/hubsch-interior.com\/de\/\",\"logo\":{\"@type\":\"ImageObject\",\"inLanguage\":\"de\",\"@id\":\"https:\/\/hubsch-interior.com\/de\/#\/schema\/logo\/image\/\",\"url\":\"https:\/\/hubsch-interior.com\/wp-content\/uploads\/2022\/12\/Hubsch_logo_black_one_line.svg\",\"contentUrl\":\"https:\/\/hubsch-interior.com\/wp-content\/uploads\/2022\/12\/Hubsch_logo_black_one_line.svg\",\"caption\":\"H\u00fcbsch\"},\"image\":{\"@id\":\"https:\/\/hubsch-interior.com\/de\/#\/schema\/logo\/image\/\"}}]}<\/script>\n<!-- \/ Yoast SEO plugin. -->","yoast_head_json":{"title":"Clutch Magazinhalter Sandfarben - H\u00fcbsch","description":"Mit dem Clutch Magazinhalter stellen wir Ihnen eine stilvolle und funktionale Erg\u00e4nzung f\u00fcr Ihre Inneneinrichtung vor. Erh\u00e4ltlich in zwei Ausf\u00fchrungen,","robots":{"index":"index","follow":"follow","max-snippet":"max-snippet:-1","max-image-preview":"max-image-preview:large","max-video-preview":"max-video-preview:-1"},"canonical":"https:\/\/hubsch-interior.com\/de\/wp-json\/wp\/v2\/product\/978116","og_locale":"de_DE","og_type":"article","og_title":"Clutch Magazinhalter Sandfarben - H\u00fcbsch","og_description":"Mit dem Clutch Magazinhalter stellen wir Ihnen eine stilvolle und funktionale Erg\u00e4nzung f\u00fcr Ihre Inneneinrichtung vor. Erh\u00e4ltlich in zwei Ausf\u00fchrungen,","og_url":"https:\/\/hubsch-interior.com\/de\/produkt\/clutch-magazinhalter-sandfarben\/","og_site_name":"H\u00fcbsch","article_modified_time":"2026-04-09T03:18:41+00:00","og_image":[{"width":1200,"height":1200,"url":"https:\/\/hubsch-interior.com\/wp-content\/uploads\/2024\/01\/clutch-magazine-holder-sand-793510ed958a406769d70f6584dce934.jpg","type":"image\/jpeg"}],"twitter_card":"summary_large_image","schema":{"@context":"https:\/\/schema.org","@graph":[{"@type":"WebPage","@id":"https:\/\/hubsch-interior.com\/de\/produkt\/clutch-magazinhalter-sandfarben\/","url":"https:\/\/hubsch-interior.com\/de\/produkt\/clutch-magazinhalter-sandfarben\/","name":"Clutch Magazinhalter Sandfarben - H\u00fcbsch","isPartOf":{"@id":"https:\/\/hubsch-interior.com\/de\/#website"},"primaryImageOfPage":{"@id":"https:\/\/hubsch-interior.com\/de\/produkt\/clutch-magazinhalter-sandfarben\/#primaryimage"},"image":{"@id":"https:\/\/hubsch-interior.com\/de\/produkt\/clutch-magazinhalter-sandfarben\/#primaryimage"},"thumbnailUrl":"https:\/\/hubsch-interior.com\/wp-content\/uploads\/2026\/02\/clutch-magazine-holder-sand-7ebb17a5a0125b9f45b7f94430653860.jpg","datePublished":"2024-01-29T08:36:44+00:00","dateModified":"2026-04-09T03:18:41+00:00","description":"Mit dem Clutch Magazinhalter stellen wir Ihnen eine stilvolle und funktionale Erg\u00e4nzung f\u00fcr Ihre Inneneinrichtung vor. Erh\u00e4ltlich in zwei Ausf\u00fchrungen,","breadcrumb":{"@id":"https:\/\/hubsch-interior.com\/de\/produkt\/clutch-magazinhalter-sandfarben\/#breadcrumb"},"inLanguage":"de","potentialAction":[{"@type":"ReadAction","target":["https:\/\/hubsch-interior.com\/de\/produkt\/clutch-magazinhalter-sandfarben\/"]}]},{"@type":"ImageObject","inLanguage":"de","@id":"https:\/\/hubsch-interior.com\/de\/produkt\/clutch-magazinhalter-sandfarben\/#primaryimage","url":"https:\/\/hubsch-interior.com\/wp-content\/uploads\/2026\/02\/clutch-magazine-holder-sand-7ebb17a5a0125b9f45b7f94430653860.jpg","contentUrl":"https:\/\/hubsch-interior.com\/wp-content\/uploads\/2026\/02\/clutch-magazine-holder-sand-7ebb17a5a0125b9f45b7f94430653860.jpg","width":1024,"height":1024},{"@type":"BreadcrumbList","@id":"https:\/\/hubsch-interior.com\/de\/produkt\/clutch-magazinhalter-sandfarben\/#breadcrumb","itemListElement":[{"@type":"ListItem","position":1,"name":"Startseite","item":"https:\/\/hubsch-interior.com\/de\/"},{"@type":"ListItem","position":2,"name":"Produkte","item":"https:\/\/hubsch-interior.com\/de\/shop-2\/"},{"@type":"ListItem","position":3,"name":"Wohnaccessoires","item":"https:\/\/hubsch-interior.com\/de\/produkt-kategorie\/wohnaccessoires\/"},{"@type":"ListItem","position":4,"name":"Aufbewahrung","item":"https:\/\/hubsch-interior.com\/de\/produkt-kategorie\/wohnaccessoires\/aufbewahrung-de\/"},{"@type":"ListItem","position":5,"name":"Magazinhalter","item":"https:\/\/hubsch-interior.com\/de\/produkt-kategorie\/wohnaccessoires\/aufbewahrung-de\/magazinhalter-de\/"},{"@type":"ListItem","position":6,"name":"Clutch Magazinhalter Sandfarben"}]},{"@type":"WebSite","@id":"https:\/\/hubsch-interior.com\/de\/#website","url":"https:\/\/hubsch-interior.com\/de\/","name":"H\u00fcbsch","description":"Danish Home Interior and Design","publisher":{"@id":"https:\/\/hubsch-interior.com\/de\/#organization"},"potentialAction":[{"@type":"SearchAction","target":{"@type":"EntryPoint","urlTemplate":"https:\/\/hubsch-interior.com\/de\/?s={search_term_string}"},"query-input":{"@type":"PropertyValueSpecification","valueRequired":true,"valueName":"search_term_string"}}],"inLanguage":"de"},{"@type":"Organization","@id":"https:\/\/hubsch-interior.com\/de\/#organization","name":"H\u00fcbsch","url":"https:\/\/hubsch-interior.com\/de\/","logo":{"@type":"ImageObject","inLanguage":"de","@id":"https:\/\/hubsch-interior.com\/de\/#\/schema\/logo\/image\/","url":"https:\/\/hubsch-interior.com\/wp-content\/uploads\/2022\/12\/Hubsch_logo_black_one_line.svg","contentUrl":"https:\/\/hubsch-interior.com\/wp-content\/uploads\/2022\/12\/Hubsch_logo_black_one_line.svg","caption":"H\u00fcbsch"},"image":{"@id":"https:\/\/hubsch-interior.com\/de\/#\/schema\/logo\/image\/"}}]}},"_links":{"self":[{"href":"https:\/\/hubsch-interior.com\/de\/wp-json\/wp\/v2\/product\/978116","targetHints":{"allow":["GET"]}}],"collection":[{"href":"https:\/\/hubsch-interior.com\/de\/wp-json\/wp\/v2\/product"}],"about":[{"href":"https:\/\/hubsch-interior.com\/de\/wp-json\/wp\/v2\/types\/product"}],"wp:featuredmedia":[{"embeddable":true,"href":"https:\/\/hubsch-interior.com\/de\/wp-json\/wp\/v2\/media\/1113574"}],"wp:attachment":[{"href":"https:\/\/hubsch-interior.com\/de\/wp-json\/wp\/v2\/media?parent=978116"}],"wp:term":[{"taxonomy":"product_brand","embeddable":true,"href":"https:\/\/hubsch-interior.com\/de\/wp-json\/wp\/v2\/product_brand?post=978116"},{"taxonomy":"product_cat","embeddable":true,"href":"https:\/\/hubsch-interior.com\/de\/wp-json\/wp\/v2\/product_cat?post=978116"},{"taxonomy":"product_tag","embeddable":true,"href":"https:\/\/hubsch-interior.com\/de\/wp-json\/wp\/v2\/product_tag?post=978116"}],"curies":[{"name":"wp","href":"https:\/\/api.w.org\/{rel}","templated":true}]}}