{"id":978136,"date":"2024-01-29T09:36:57","date_gmt":"2024-01-29T08:36:57","guid":{"rendered":"https:\/\/hubsch-interior.com\/product\/product\/"},"modified":"2026-04-08T05:18:17","modified_gmt":"2026-04-08T03:18:17","slug":"clutch-magazinhalter-orange","status":"publish","type":"product","link":"https:\/\/hubsch-interior.com\/de\/produkt\/clutch-magazinhalter-orange\/","title":{"rendered":"Clutch Magazinhalter Orange"},"content":{"rendered":"<p>Lernen Sie die ultimative L\u00f6sung f\u00fcr un\u00fcbersichtliche Zeitschriftensammlungen kennen &#8211; den Clutch Magazinhalter! Dieser an der Wand montierte Zeitschriftenhalter ist in zwei atemberaubenden Varianten erh\u00e4ltlich und dieses hier verf\u00fcgt \u00fcber ein kr\u00e4ftiges und lebendiges orangefarbenes Finish. Hergestellt aus robustem Metall, kann er bis zu 5 kg Ihrer Lieblingszeitschriften und Zeitungen halten. Sein einfaches und dennoch elegantes Design verleiht jedem Interieur einen Hauch von Modernit\u00e4t und macht ihn zur perfekten Erg\u00e4nzung f\u00fcr Ihre gem\u00fctliche Leseecke. Halten Sie Ihre Lekt\u00fcre mit dem Clutch Magazinhalter immer griffbereit.<\/p>\n","protected":false},"excerpt":{"rendered":"<p>Lernen Sie die ultimative L\u00f6sung f\u00fcr un\u00fcbersichtliche Zeitschriftensammlungen kennen &#8211; den Clutch Magazinhalter! Dieser an der Wand montierte Zeitschriftenhalter ist in zwei atemberaubenden Varianten erh\u00e4ltlich und dieses hier verf\u00fcgt \u00fcber ein kr\u00e4ftiges und lebendiges orangefarbenes Finish. Hergestellt aus robustem Metall, kann er bis zu 5 kg Ihrer Lieblingszeitschriften und Zeitungen halten. Sein einfaches und dennoch [&hellip;]<\/p>\n","protected":false},"featured_media":1113586,"template":"","meta":{"_acf_changed":false,"inline_featured_image":false},"product_brand":[],"product_cat":[3111,6884,4020],"product_tag":[],"class_list":{"0":"post-978136","1":"product","2":"type-product","3":"status-publish","4":"has-post-thumbnail","6":"product_cat-aufbewahrung-de","7":"product_cat-elevating-nostalgia-de","8":"product_cat-magazinhalter-de","9":"product_shipping_class-pk","10":"pa_color-orange-de","11":"pa_material-eisen-de","13":"first","14":"instock","15":"taxable","16":"shipping-taxable","17":"purchasable","18":"product-type-simple"},"exclude_global_add_ons":[],"addons":[],"acf":[],"yoast_head":"<!-- This site is optimized with the Yoast SEO plugin v26.4 - https:\/\/yoast.com\/wordpress\/plugins\/seo\/ -->\n<title>Clutch Magazinhalter Orange - H\u00fcbsch<\/title>\n<meta name=\"description\" content=\"Lernen Sie die ultimative L\u00f6sung f\u00fcr un\u00fcbersichtliche Zeitschriftensammlungen kennen - den Clutch Magazinhalter! Dieser an der Wand montierte\" \/>\n<meta name=\"robots\" content=\"index, follow, max-snippet:-1, max-image-preview:large, max-video-preview:-1\" \/>\n<link rel=\"canonical\" href=\"https:\/\/hubsch-interior.com\/de\/wp-json\/wp\/v2\/product\/978136\" \/>\n<meta property=\"og:locale\" content=\"de_DE\" \/>\n<meta property=\"og:type\" content=\"article\" \/>\n<meta property=\"og:title\" content=\"Clutch Magazinhalter Orange - H\u00fcbsch\" \/>\n<meta property=\"og:description\" content=\"Lernen Sie die ultimative L\u00f6sung f\u00fcr un\u00fcbersichtliche Zeitschriftensammlungen kennen - den Clutch Magazinhalter! Dieser an der Wand montierte\" \/>\n<meta property=\"og:url\" content=\"https:\/\/hubsch-interior.com\/de\/produkt\/clutch-magazinhalter-orange\/\" \/>\n<meta property=\"og:site_name\" content=\"H\u00fcbsch\" \/>\n<meta property=\"article:modified_time\" content=\"2026-04-08T03:18:17+00:00\" \/>\n<meta property=\"og:image\" content=\"https:\/\/hubsch-interior.com\/wp-content\/uploads\/2024\/01\/clutch-magazine-holder-orange-d7e7e3f25fd4dd7087d712e72ddae4c9.jpg\" \/>\n\t<meta property=\"og:image:width\" content=\"1200\" \/>\n\t<meta property=\"og:image:height\" content=\"1200\" \/>\n\t<meta property=\"og:image:type\" content=\"image\/jpeg\" \/>\n<meta name=\"twitter:card\" content=\"summary_large_image\" \/>\n<script type=\"application\/ld+json\" class=\"yoast-schema-graph\">{\"@context\":\"https:\/\/schema.org\",\"@graph\":[{\"@type\":\"WebPage\",\"@id\":\"https:\/\/hubsch-interior.com\/de\/produkt\/clutch-magazinhalter-orange\/\",\"url\":\"https:\/\/hubsch-interior.com\/de\/produkt\/clutch-magazinhalter-orange\/\",\"name\":\"Clutch Magazinhalter Orange - H\u00fcbsch\",\"isPartOf\":{\"@id\":\"https:\/\/hubsch-interior.com\/de\/#website\"},\"primaryImageOfPage\":{\"@id\":\"https:\/\/hubsch-interior.com\/de\/produkt\/clutch-magazinhalter-orange\/#primaryimage\"},\"image\":{\"@id\":\"https:\/\/hubsch-interior.com\/de\/produkt\/clutch-magazinhalter-orange\/#primaryimage\"},\"thumbnailUrl\":\"https:\/\/hubsch-interior.com\/wp-content\/uploads\/2026\/02\/clutch-magazine-holder-orange-b2092f7d82253cfe84ea146a3bd2f8f2.jpg\",\"datePublished\":\"2024-01-29T08:36:57+00:00\",\"dateModified\":\"2026-04-08T03:18:17+00:00\",\"description\":\"Lernen Sie die ultimative L\u00f6sung f\u00fcr un\u00fcbersichtliche Zeitschriftensammlungen kennen - den Clutch Magazinhalter! Dieser an der Wand montierte\",\"breadcrumb\":{\"@id\":\"https:\/\/hubsch-interior.com\/de\/produkt\/clutch-magazinhalter-orange\/#breadcrumb\"},\"inLanguage\":\"de\",\"potentialAction\":[{\"@type\":\"ReadAction\",\"target\":[\"https:\/\/hubsch-interior.com\/de\/produkt\/clutch-magazinhalter-orange\/\"]}]},{\"@type\":\"ImageObject\",\"inLanguage\":\"de\",\"@id\":\"https:\/\/hubsch-interior.com\/de\/produkt\/clutch-magazinhalter-orange\/#primaryimage\",\"url\":\"https:\/\/hubsch-interior.com\/wp-content\/uploads\/2026\/02\/clutch-magazine-holder-orange-b2092f7d82253cfe84ea146a3bd2f8f2.jpg\",\"contentUrl\":\"https:\/\/hubsch-interior.com\/wp-content\/uploads\/2026\/02\/clutch-magazine-holder-orange-b2092f7d82253cfe84ea146a3bd2f8f2.jpg\",\"width\":1024,\"height\":1024},{\"@type\":\"BreadcrumbList\",\"@id\":\"https:\/\/hubsch-interior.com\/de\/produkt\/clutch-magazinhalter-orange\/#breadcrumb\",\"itemListElement\":[{\"@type\":\"ListItem\",\"position\":1,\"name\":\"Startseite\",\"item\":\"https:\/\/hubsch-interior.com\/de\/\"},{\"@type\":\"ListItem\",\"position\":2,\"name\":\"Produkte\",\"item\":\"https:\/\/hubsch-interior.com\/de\/shop-2\/\"},{\"@type\":\"ListItem\",\"position\":3,\"name\":\"Wohnaccessoires\",\"item\":\"https:\/\/hubsch-interior.com\/de\/produkt-kategorie\/wohnaccessoires\/\"},{\"@type\":\"ListItem\",\"position\":4,\"name\":\"Aufbewahrung\",\"item\":\"https:\/\/hubsch-interior.com\/de\/produkt-kategorie\/wohnaccessoires\/aufbewahrung-de\/\"},{\"@type\":\"ListItem\",\"position\":5,\"name\":\"Magazinhalter\",\"item\":\"https:\/\/hubsch-interior.com\/de\/produkt-kategorie\/wohnaccessoires\/aufbewahrung-de\/magazinhalter-de\/\"},{\"@type\":\"ListItem\",\"position\":6,\"name\":\"Clutch Magazinhalter Orange\"}]},{\"@type\":\"WebSite\",\"@id\":\"https:\/\/hubsch-interior.com\/de\/#website\",\"url\":\"https:\/\/hubsch-interior.com\/de\/\",\"name\":\"H\u00fcbsch\",\"description\":\"Danish Home Interior and Design\",\"publisher\":{\"@id\":\"https:\/\/hubsch-interior.com\/de\/#organization\"},\"potentialAction\":[{\"@type\":\"SearchAction\",\"target\":{\"@type\":\"EntryPoint\",\"urlTemplate\":\"https:\/\/hubsch-interior.com\/de\/?s={search_term_string}\"},\"query-input\":{\"@type\":\"PropertyValueSpecification\",\"valueRequired\":true,\"valueName\":\"search_term_string\"}}],\"inLanguage\":\"de\"},{\"@type\":\"Organization\",\"@id\":\"https:\/\/hubsch-interior.com\/de\/#organization\",\"name\":\"H\u00fcbsch\",\"url\":\"https:\/\/hubsch-interior.com\/de\/\",\"logo\":{\"@type\":\"ImageObject\",\"inLanguage\":\"de\",\"@id\":\"https:\/\/hubsch-interior.com\/de\/#\/schema\/logo\/image\/\",\"url\":\"https:\/\/hubsch-interior.com\/wp-content\/uploads\/2022\/12\/Hubsch_logo_black_one_line.svg\",\"contentUrl\":\"https:\/\/hubsch-interior.com\/wp-content\/uploads\/2022\/12\/Hubsch_logo_black_one_line.svg\",\"caption\":\"H\u00fcbsch\"},\"image\":{\"@id\":\"https:\/\/hubsch-interior.com\/de\/#\/schema\/logo\/image\/\"}}]}<\/script>\n<!-- \/ Yoast SEO plugin. -->","yoast_head_json":{"title":"Clutch Magazinhalter Orange - H\u00fcbsch","description":"Lernen Sie die ultimative L\u00f6sung f\u00fcr un\u00fcbersichtliche Zeitschriftensammlungen kennen - den Clutch Magazinhalter! Dieser an der Wand montierte","robots":{"index":"index","follow":"follow","max-snippet":"max-snippet:-1","max-image-preview":"max-image-preview:large","max-video-preview":"max-video-preview:-1"},"canonical":"https:\/\/hubsch-interior.com\/de\/wp-json\/wp\/v2\/product\/978136","og_locale":"de_DE","og_type":"article","og_title":"Clutch Magazinhalter Orange - H\u00fcbsch","og_description":"Lernen Sie die ultimative L\u00f6sung f\u00fcr un\u00fcbersichtliche Zeitschriftensammlungen kennen - den Clutch Magazinhalter! Dieser an der Wand montierte","og_url":"https:\/\/hubsch-interior.com\/de\/produkt\/clutch-magazinhalter-orange\/","og_site_name":"H\u00fcbsch","article_modified_time":"2026-04-08T03:18:17+00:00","og_image":[{"width":1200,"height":1200,"url":"https:\/\/hubsch-interior.com\/wp-content\/uploads\/2024\/01\/clutch-magazine-holder-orange-d7e7e3f25fd4dd7087d712e72ddae4c9.jpg","type":"image\/jpeg"}],"twitter_card":"summary_large_image","schema":{"@context":"https:\/\/schema.org","@graph":[{"@type":"WebPage","@id":"https:\/\/hubsch-interior.com\/de\/produkt\/clutch-magazinhalter-orange\/","url":"https:\/\/hubsch-interior.com\/de\/produkt\/clutch-magazinhalter-orange\/","name":"Clutch Magazinhalter Orange - H\u00fcbsch","isPartOf":{"@id":"https:\/\/hubsch-interior.com\/de\/#website"},"primaryImageOfPage":{"@id":"https:\/\/hubsch-interior.com\/de\/produkt\/clutch-magazinhalter-orange\/#primaryimage"},"image":{"@id":"https:\/\/hubsch-interior.com\/de\/produkt\/clutch-magazinhalter-orange\/#primaryimage"},"thumbnailUrl":"https:\/\/hubsch-interior.com\/wp-content\/uploads\/2026\/02\/clutch-magazine-holder-orange-b2092f7d82253cfe84ea146a3bd2f8f2.jpg","datePublished":"2024-01-29T08:36:57+00:00","dateModified":"2026-04-08T03:18:17+00:00","description":"Lernen Sie die ultimative L\u00f6sung f\u00fcr un\u00fcbersichtliche Zeitschriftensammlungen kennen - den Clutch Magazinhalter! Dieser an der Wand montierte","breadcrumb":{"@id":"https:\/\/hubsch-interior.com\/de\/produkt\/clutch-magazinhalter-orange\/#breadcrumb"},"inLanguage":"de","potentialAction":[{"@type":"ReadAction","target":["https:\/\/hubsch-interior.com\/de\/produkt\/clutch-magazinhalter-orange\/"]}]},{"@type":"ImageObject","inLanguage":"de","@id":"https:\/\/hubsch-interior.com\/de\/produkt\/clutch-magazinhalter-orange\/#primaryimage","url":"https:\/\/hubsch-interior.com\/wp-content\/uploads\/2026\/02\/clutch-magazine-holder-orange-b2092f7d82253cfe84ea146a3bd2f8f2.jpg","contentUrl":"https:\/\/hubsch-interior.com\/wp-content\/uploads\/2026\/02\/clutch-magazine-holder-orange-b2092f7d82253cfe84ea146a3bd2f8f2.jpg","width":1024,"height":1024},{"@type":"BreadcrumbList","@id":"https:\/\/hubsch-interior.com\/de\/produkt\/clutch-magazinhalter-orange\/#breadcrumb","itemListElement":[{"@type":"ListItem","position":1,"name":"Startseite","item":"https:\/\/hubsch-interior.com\/de\/"},{"@type":"ListItem","position":2,"name":"Produkte","item":"https:\/\/hubsch-interior.com\/de\/shop-2\/"},{"@type":"ListItem","position":3,"name":"Wohnaccessoires","item":"https:\/\/hubsch-interior.com\/de\/produkt-kategorie\/wohnaccessoires\/"},{"@type":"ListItem","position":4,"name":"Aufbewahrung","item":"https:\/\/hubsch-interior.com\/de\/produkt-kategorie\/wohnaccessoires\/aufbewahrung-de\/"},{"@type":"ListItem","position":5,"name":"Magazinhalter","item":"https:\/\/hubsch-interior.com\/de\/produkt-kategorie\/wohnaccessoires\/aufbewahrung-de\/magazinhalter-de\/"},{"@type":"ListItem","position":6,"name":"Clutch Magazinhalter Orange"}]},{"@type":"WebSite","@id":"https:\/\/hubsch-interior.com\/de\/#website","url":"https:\/\/hubsch-interior.com\/de\/","name":"H\u00fcbsch","description":"Danish Home Interior and Design","publisher":{"@id":"https:\/\/hubsch-interior.com\/de\/#organization"},"potentialAction":[{"@type":"SearchAction","target":{"@type":"EntryPoint","urlTemplate":"https:\/\/hubsch-interior.com\/de\/?s={search_term_string}"},"query-input":{"@type":"PropertyValueSpecification","valueRequired":true,"valueName":"search_term_string"}}],"inLanguage":"de"},{"@type":"Organization","@id":"https:\/\/hubsch-interior.com\/de\/#organization","name":"H\u00fcbsch","url":"https:\/\/hubsch-interior.com\/de\/","logo":{"@type":"ImageObject","inLanguage":"de","@id":"https:\/\/hubsch-interior.com\/de\/#\/schema\/logo\/image\/","url":"https:\/\/hubsch-interior.com\/wp-content\/uploads\/2022\/12\/Hubsch_logo_black_one_line.svg","contentUrl":"https:\/\/hubsch-interior.com\/wp-content\/uploads\/2022\/12\/Hubsch_logo_black_one_line.svg","caption":"H\u00fcbsch"},"image":{"@id":"https:\/\/hubsch-interior.com\/de\/#\/schema\/logo\/image\/"}}]}},"_links":{"self":[{"href":"https:\/\/hubsch-interior.com\/de\/wp-json\/wp\/v2\/product\/978136","targetHints":{"allow":["GET"]}}],"collection":[{"href":"https:\/\/hubsch-interior.com\/de\/wp-json\/wp\/v2\/product"}],"about":[{"href":"https:\/\/hubsch-interior.com\/de\/wp-json\/wp\/v2\/types\/product"}],"wp:featuredmedia":[{"embeddable":true,"href":"https:\/\/hubsch-interior.com\/de\/wp-json\/wp\/v2\/media\/1113586"}],"wp:attachment":[{"href":"https:\/\/hubsch-interior.com\/de\/wp-json\/wp\/v2\/media?parent=978136"}],"wp:term":[{"taxonomy":"product_brand","embeddable":true,"href":"https:\/\/hubsch-interior.com\/de\/wp-json\/wp\/v2\/product_brand?post=978136"},{"taxonomy":"product_cat","embeddable":true,"href":"https:\/\/hubsch-interior.com\/de\/wp-json\/wp\/v2\/product_cat?post=978136"},{"taxonomy":"product_tag","embeddable":true,"href":"https:\/\/hubsch-interior.com\/de\/wp-json\/wp\/v2\/product_tag?post=978136"}],"curies":[{"name":"wp","href":"https:\/\/api.w.org\/{rel}","templated":true}]}}