{"id":978184,"date":"2024-01-29T09:37:21","date_gmt":"2024-01-29T08:37:21","guid":{"rendered":"https:\/\/hubsch-interior.com\/product\/product\/"},"modified":"2026-04-09T05:18:47","modified_gmt":"2026-04-09T03:18:47","slug":"platform-beistelltisch-sandfarben","status":"publish","type":"product","link":"https:\/\/hubsch-interior.com\/de\/produkt\/platform-beistelltisch-sandfarben\/","title":{"rendered":"Platform Beistelltisch Sandfarben"},"content":{"rendered":"<p>Der Platform Beistelltisch ist in einem charmanten Sandfarbton gestaltet. Hergestellt aus strapazierf\u00e4higem Metall, ist dieses zeitgen\u00f6ssische Design sowohl schick als auch robust. Mit seiner doppelten Tischplatte bietet dieser Beistelltisch ausreichend Platz zur Nutzung als Pr\u00e4sentationsfl\u00e4che und ist somit ein Muss f\u00fcr jedes Wohnzimmer oder Schlafzimmer. Seine neutrale Farbe und minimalistisches Design machen ihn zur perfekten Erg\u00e4nzung f\u00fcr jede Wohnkultur. Upgrade deinen Raum mit dem vielseitigen und stilvollen Platform Beistelltisch.<\/p>\n","protected":false},"excerpt":{"rendered":"<p>Der Platform Beistelltisch ist in einem charmanten Sandfarbton gestaltet. Hergestellt aus strapazierf\u00e4higem Metall, ist dieses zeitgen\u00f6ssische Design sowohl schick als auch robust. Mit seiner doppelten Tischplatte bietet dieser Beistelltisch ausreichend Platz zur Nutzung als Pr\u00e4sentationsfl\u00e4che und ist somit ein Muss f\u00fcr jedes Wohnzimmer oder Schlafzimmer. Seine neutrale Farbe und minimalistisches Design machen ihn zur perfekten [&hellip;]<\/p>\n","protected":false},"featured_media":1114061,"template":"","meta":{"_acf_changed":false,"inline_featured_image":false},"product_brand":[],"product_cat":[6884,2861,4028,5027],"product_tag":[],"class_list":{"0":"post-978184","1":"product","2":"type-product","3":"status-publish","4":"has-post-thumbnail","6":"product_cat-elevating-nostalgia-de","7":"product_cat-tische-de","8":"product_cat-beistelltische-de","9":"product_cat-bestsellers-de","10":"product_shipping_class-pk","12":"pa_color-sandfarben","13":"pa_material-eisen-de","15":"first","16":"instock","17":"featured","18":"taxable","19":"shipping-taxable","20":"purchasable","21":"product-type-simple"},"exclude_global_add_ons":[],"addons":[],"acf":[],"yoast_head":"<!-- This site is optimized with the Yoast SEO plugin v26.4 - https:\/\/yoast.com\/wordpress\/plugins\/seo\/ -->\n<title>Platform Beistelltisch Sandfarben - H\u00fcbsch<\/title>\n<meta name=\"description\" content=\"Der Platform Beistelltisch ist in einem charmanten Sandfarbton gestaltet. Hergestellt aus strapazierf\u00e4higem Metall, ist dieses zeitgen\u00f6ssische Design\" \/>\n<meta name=\"robots\" content=\"index, follow, max-snippet:-1, max-image-preview:large, max-video-preview:-1\" \/>\n<link rel=\"canonical\" href=\"https:\/\/hubsch-interior.com\/de\/wp-json\/wp\/v2\/product\/978184\" \/>\n<meta property=\"og:locale\" content=\"de_DE\" \/>\n<meta property=\"og:type\" content=\"article\" \/>\n<meta property=\"og:title\" content=\"Platform Beistelltisch Sandfarben - H\u00fcbsch\" \/>\n<meta property=\"og:description\" content=\"Der Platform Beistelltisch ist in einem charmanten Sandfarbton gestaltet. Hergestellt aus strapazierf\u00e4higem Metall, ist dieses zeitgen\u00f6ssische Design\" \/>\n<meta property=\"og:url\" content=\"https:\/\/hubsch-interior.com\/de\/produkt\/platform-beistelltisch-sandfarben\/\" \/>\n<meta property=\"og:site_name\" content=\"H\u00fcbsch\" \/>\n<meta property=\"article:modified_time\" content=\"2026-04-09T03:18:47+00:00\" \/>\n<meta property=\"og:image\" content=\"https:\/\/hubsch-interior.com\/wp-content\/uploads\/2024\/01\/platform-side-table-sand-e00ba70eded3b94bc0c4450c71eb1b34.jpg\" \/>\n\t<meta property=\"og:image:width\" content=\"1200\" \/>\n\t<meta property=\"og:image:height\" content=\"1200\" \/>\n\t<meta property=\"og:image:type\" content=\"image\/jpeg\" \/>\n<meta name=\"twitter:card\" content=\"summary_large_image\" \/>\n<script type=\"application\/ld+json\" class=\"yoast-schema-graph\">{\"@context\":\"https:\/\/schema.org\",\"@graph\":[{\"@type\":\"WebPage\",\"@id\":\"https:\/\/hubsch-interior.com\/de\/produkt\/platform-beistelltisch-sandfarben\/\",\"url\":\"https:\/\/hubsch-interior.com\/de\/produkt\/platform-beistelltisch-sandfarben\/\",\"name\":\"Platform Beistelltisch Sandfarben - H\u00fcbsch\",\"isPartOf\":{\"@id\":\"https:\/\/hubsch-interior.com\/de\/#website\"},\"primaryImageOfPage\":{\"@id\":\"https:\/\/hubsch-interior.com\/de\/produkt\/platform-beistelltisch-sandfarben\/#primaryimage\"},\"image\":{\"@id\":\"https:\/\/hubsch-interior.com\/de\/produkt\/platform-beistelltisch-sandfarben\/#primaryimage\"},\"thumbnailUrl\":\"https:\/\/hubsch-interior.com\/wp-content\/uploads\/2026\/02\/platform-side-table-sand-18aa9e273f4f6644c9a0ea00c24f78ec.jpg\",\"datePublished\":\"2024-01-29T08:37:21+00:00\",\"dateModified\":\"2026-04-09T03:18:47+00:00\",\"description\":\"Der Platform Beistelltisch ist in einem charmanten Sandfarbton gestaltet. Hergestellt aus strapazierf\u00e4higem Metall, ist dieses zeitgen\u00f6ssische Design\",\"breadcrumb\":{\"@id\":\"https:\/\/hubsch-interior.com\/de\/produkt\/platform-beistelltisch-sandfarben\/#breadcrumb\"},\"inLanguage\":\"de\",\"potentialAction\":[{\"@type\":\"ReadAction\",\"target\":[\"https:\/\/hubsch-interior.com\/de\/produkt\/platform-beistelltisch-sandfarben\/\"]}]},{\"@type\":\"ImageObject\",\"inLanguage\":\"de\",\"@id\":\"https:\/\/hubsch-interior.com\/de\/produkt\/platform-beistelltisch-sandfarben\/#primaryimage\",\"url\":\"https:\/\/hubsch-interior.com\/wp-content\/uploads\/2026\/02\/platform-side-table-sand-18aa9e273f4f6644c9a0ea00c24f78ec.jpg\",\"contentUrl\":\"https:\/\/hubsch-interior.com\/wp-content\/uploads\/2026\/02\/platform-side-table-sand-18aa9e273f4f6644c9a0ea00c24f78ec.jpg\",\"width\":1024,\"height\":1024},{\"@type\":\"BreadcrumbList\",\"@id\":\"https:\/\/hubsch-interior.com\/de\/produkt\/platform-beistelltisch-sandfarben\/#breadcrumb\",\"itemListElement\":[{\"@type\":\"ListItem\",\"position\":1,\"name\":\"Startseite\",\"item\":\"https:\/\/hubsch-interior.com\/de\/\"},{\"@type\":\"ListItem\",\"position\":2,\"name\":\"Produkte\",\"item\":\"https:\/\/hubsch-interior.com\/de\/shop-2\/\"},{\"@type\":\"ListItem\",\"position\":3,\"name\":\"M\u00f6bel\",\"item\":\"https:\/\/hubsch-interior.com\/de\/produkt-kategorie\/moebel\/\"},{\"@type\":\"ListItem\",\"position\":4,\"name\":\"Tische\",\"item\":\"https:\/\/hubsch-interior.com\/de\/produkt-kategorie\/moebel\/tische-de\/\"},{\"@type\":\"ListItem\",\"position\":5,\"name\":\"Beistelltische\",\"item\":\"https:\/\/hubsch-interior.com\/de\/produkt-kategorie\/moebel\/tische-de\/beistelltische-de\/\"},{\"@type\":\"ListItem\",\"position\":6,\"name\":\"Platform Beistelltisch Sandfarben\"}]},{\"@type\":\"WebSite\",\"@id\":\"https:\/\/hubsch-interior.com\/de\/#website\",\"url\":\"https:\/\/hubsch-interior.com\/de\/\",\"name\":\"H\u00fcbsch\",\"description\":\"Danish Home Interior and Design\",\"publisher\":{\"@id\":\"https:\/\/hubsch-interior.com\/de\/#organization\"},\"potentialAction\":[{\"@type\":\"SearchAction\",\"target\":{\"@type\":\"EntryPoint\",\"urlTemplate\":\"https:\/\/hubsch-interior.com\/de\/?s={search_term_string}\"},\"query-input\":{\"@type\":\"PropertyValueSpecification\",\"valueRequired\":true,\"valueName\":\"search_term_string\"}}],\"inLanguage\":\"de\"},{\"@type\":\"Organization\",\"@id\":\"https:\/\/hubsch-interior.com\/de\/#organization\",\"name\":\"H\u00fcbsch\",\"url\":\"https:\/\/hubsch-interior.com\/de\/\",\"logo\":{\"@type\":\"ImageObject\",\"inLanguage\":\"de\",\"@id\":\"https:\/\/hubsch-interior.com\/de\/#\/schema\/logo\/image\/\",\"url\":\"https:\/\/hubsch-interior.com\/wp-content\/uploads\/2022\/12\/Hubsch_logo_black_one_line.svg\",\"contentUrl\":\"https:\/\/hubsch-interior.com\/wp-content\/uploads\/2022\/12\/Hubsch_logo_black_one_line.svg\",\"caption\":\"H\u00fcbsch\"},\"image\":{\"@id\":\"https:\/\/hubsch-interior.com\/de\/#\/schema\/logo\/image\/\"}}]}<\/script>\n<!-- \/ Yoast SEO plugin. -->","yoast_head_json":{"title":"Platform Beistelltisch Sandfarben - H\u00fcbsch","description":"Der Platform Beistelltisch ist in einem charmanten Sandfarbton gestaltet. Hergestellt aus strapazierf\u00e4higem Metall, ist dieses zeitgen\u00f6ssische Design","robots":{"index":"index","follow":"follow","max-snippet":"max-snippet:-1","max-image-preview":"max-image-preview:large","max-video-preview":"max-video-preview:-1"},"canonical":"https:\/\/hubsch-interior.com\/de\/wp-json\/wp\/v2\/product\/978184","og_locale":"de_DE","og_type":"article","og_title":"Platform Beistelltisch Sandfarben - H\u00fcbsch","og_description":"Der Platform Beistelltisch ist in einem charmanten Sandfarbton gestaltet. Hergestellt aus strapazierf\u00e4higem Metall, ist dieses zeitgen\u00f6ssische Design","og_url":"https:\/\/hubsch-interior.com\/de\/produkt\/platform-beistelltisch-sandfarben\/","og_site_name":"H\u00fcbsch","article_modified_time":"2026-04-09T03:18:47+00:00","og_image":[{"width":1200,"height":1200,"url":"https:\/\/hubsch-interior.com\/wp-content\/uploads\/2024\/01\/platform-side-table-sand-e00ba70eded3b94bc0c4450c71eb1b34.jpg","type":"image\/jpeg"}],"twitter_card":"summary_large_image","schema":{"@context":"https:\/\/schema.org","@graph":[{"@type":"WebPage","@id":"https:\/\/hubsch-interior.com\/de\/produkt\/platform-beistelltisch-sandfarben\/","url":"https:\/\/hubsch-interior.com\/de\/produkt\/platform-beistelltisch-sandfarben\/","name":"Platform Beistelltisch Sandfarben - H\u00fcbsch","isPartOf":{"@id":"https:\/\/hubsch-interior.com\/de\/#website"},"primaryImageOfPage":{"@id":"https:\/\/hubsch-interior.com\/de\/produkt\/platform-beistelltisch-sandfarben\/#primaryimage"},"image":{"@id":"https:\/\/hubsch-interior.com\/de\/produkt\/platform-beistelltisch-sandfarben\/#primaryimage"},"thumbnailUrl":"https:\/\/hubsch-interior.com\/wp-content\/uploads\/2026\/02\/platform-side-table-sand-18aa9e273f4f6644c9a0ea00c24f78ec.jpg","datePublished":"2024-01-29T08:37:21+00:00","dateModified":"2026-04-09T03:18:47+00:00","description":"Der Platform Beistelltisch ist in einem charmanten Sandfarbton gestaltet. Hergestellt aus strapazierf\u00e4higem Metall, ist dieses zeitgen\u00f6ssische Design","breadcrumb":{"@id":"https:\/\/hubsch-interior.com\/de\/produkt\/platform-beistelltisch-sandfarben\/#breadcrumb"},"inLanguage":"de","potentialAction":[{"@type":"ReadAction","target":["https:\/\/hubsch-interior.com\/de\/produkt\/platform-beistelltisch-sandfarben\/"]}]},{"@type":"ImageObject","inLanguage":"de","@id":"https:\/\/hubsch-interior.com\/de\/produkt\/platform-beistelltisch-sandfarben\/#primaryimage","url":"https:\/\/hubsch-interior.com\/wp-content\/uploads\/2026\/02\/platform-side-table-sand-18aa9e273f4f6644c9a0ea00c24f78ec.jpg","contentUrl":"https:\/\/hubsch-interior.com\/wp-content\/uploads\/2026\/02\/platform-side-table-sand-18aa9e273f4f6644c9a0ea00c24f78ec.jpg","width":1024,"height":1024},{"@type":"BreadcrumbList","@id":"https:\/\/hubsch-interior.com\/de\/produkt\/platform-beistelltisch-sandfarben\/#breadcrumb","itemListElement":[{"@type":"ListItem","position":1,"name":"Startseite","item":"https:\/\/hubsch-interior.com\/de\/"},{"@type":"ListItem","position":2,"name":"Produkte","item":"https:\/\/hubsch-interior.com\/de\/shop-2\/"},{"@type":"ListItem","position":3,"name":"M\u00f6bel","item":"https:\/\/hubsch-interior.com\/de\/produkt-kategorie\/moebel\/"},{"@type":"ListItem","position":4,"name":"Tische","item":"https:\/\/hubsch-interior.com\/de\/produkt-kategorie\/moebel\/tische-de\/"},{"@type":"ListItem","position":5,"name":"Beistelltische","item":"https:\/\/hubsch-interior.com\/de\/produkt-kategorie\/moebel\/tische-de\/beistelltische-de\/"},{"@type":"ListItem","position":6,"name":"Platform Beistelltisch Sandfarben"}]},{"@type":"WebSite","@id":"https:\/\/hubsch-interior.com\/de\/#website","url":"https:\/\/hubsch-interior.com\/de\/","name":"H\u00fcbsch","description":"Danish Home Interior and Design","publisher":{"@id":"https:\/\/hubsch-interior.com\/de\/#organization"},"potentialAction":[{"@type":"SearchAction","target":{"@type":"EntryPoint","urlTemplate":"https:\/\/hubsch-interior.com\/de\/?s={search_term_string}"},"query-input":{"@type":"PropertyValueSpecification","valueRequired":true,"valueName":"search_term_string"}}],"inLanguage":"de"},{"@type":"Organization","@id":"https:\/\/hubsch-interior.com\/de\/#organization","name":"H\u00fcbsch","url":"https:\/\/hubsch-interior.com\/de\/","logo":{"@type":"ImageObject","inLanguage":"de","@id":"https:\/\/hubsch-interior.com\/de\/#\/schema\/logo\/image\/","url":"https:\/\/hubsch-interior.com\/wp-content\/uploads\/2022\/12\/Hubsch_logo_black_one_line.svg","contentUrl":"https:\/\/hubsch-interior.com\/wp-content\/uploads\/2022\/12\/Hubsch_logo_black_one_line.svg","caption":"H\u00fcbsch"},"image":{"@id":"https:\/\/hubsch-interior.com\/de\/#\/schema\/logo\/image\/"}}]}},"_links":{"self":[{"href":"https:\/\/hubsch-interior.com\/de\/wp-json\/wp\/v2\/product\/978184","targetHints":{"allow":["GET"]}}],"collection":[{"href":"https:\/\/hubsch-interior.com\/de\/wp-json\/wp\/v2\/product"}],"about":[{"href":"https:\/\/hubsch-interior.com\/de\/wp-json\/wp\/v2\/types\/product"}],"wp:featuredmedia":[{"embeddable":true,"href":"https:\/\/hubsch-interior.com\/de\/wp-json\/wp\/v2\/media\/1114061"}],"wp:attachment":[{"href":"https:\/\/hubsch-interior.com\/de\/wp-json\/wp\/v2\/media?parent=978184"}],"wp:term":[{"taxonomy":"product_brand","embeddable":true,"href":"https:\/\/hubsch-interior.com\/de\/wp-json\/wp\/v2\/product_brand?post=978184"},{"taxonomy":"product_cat","embeddable":true,"href":"https:\/\/hubsch-interior.com\/de\/wp-json\/wp\/v2\/product_cat?post=978184"},{"taxonomy":"product_tag","embeddable":true,"href":"https:\/\/hubsch-interior.com\/de\/wp-json\/wp\/v2\/product_tag?post=978184"}],"curies":[{"name":"wp","href":"https:\/\/api.w.org\/{rel}","templated":true}]}}