{"id":978232,"date":"2024-01-29T09:37:49","date_gmt":"2024-01-29T08:37:49","guid":{"rendered":"https:\/\/hubsch-interior.com\/product\/product\/"},"modified":"2026-04-09T05:18:56","modified_gmt":"2026-04-09T03:18:56","slug":"stilt-barhocker-sandfarben","status":"publish","type":"product","link":"https:\/\/hubsch-interior.com\/de\/produkt\/stilt-barhocker-sandfarben\/","title":{"rendered":"Stilt Barhocker Sandfarben"},"content":{"rendered":"<p>Einf\u00fchrung des Stilt Barhockers in einem warmen Sandton. Dieser hohe, schlanke Barhocker ist die perfekte Erg\u00e4nzung f\u00fcr jeden modernen oder rustikalen Raum. Er vereint verschiedene Materialien, mit einem robusten Metallgestell und einer Sitzfl\u00e4che aus FSC-zertifiziertem Holz. Die Stahlstangen verleihen nicht nur einen Hauch von industriellen Charme, sondern bieten auch eine bequeme Fu\u00dfst\u00fctze f\u00fcr zus\u00e4tzliche Entspannung. Verleihen Sie Ihrer Hausbar oder K\u00fcchentheke mit dem Stilt Barhocker eine stilvolle und nachhaltige Note.<\/p>\n","protected":false},"excerpt":{"rendered":"<p>Einf\u00fchrung des Stilt Barhockers in einem warmen Sandton. Dieser hohe, schlanke Barhocker ist die perfekte Erg\u00e4nzung f\u00fcr jeden modernen oder rustikalen Raum. Er vereint verschiedene Materialien, mit einem robusten Metallgestell und einer Sitzfl\u00e4che aus FSC-zertifiziertem Holz. Die Stahlstangen verleihen nicht nur einen Hauch von industriellen Charme, sondern bieten auch eine bequeme Fu\u00dfst\u00fctze f\u00fcr zus\u00e4tzliche Entspannung. [&hellip;]<\/p>\n","protected":false},"featured_media":1114097,"template":"","meta":{"_acf_changed":false,"inline_featured_image":false},"product_brand":[],"product_cat":[6884,6323,2845,4196,5027],"product_tag":[],"class_list":{"0":"post-978232","1":"product","2":"type-product","3":"status-publish","4":"has-post-thumbnail","6":"product_cat-elevating-nostalgia-de","7":"product_cat-fsc-de","8":"product_cat-sitzmoebel-de","9":"product_cat-barhocker-de","10":"product_cat-bestsellers-de","11":"product_shipping_class-pk","13":"pa_color-sandfarben","14":"pa_material-eisen-de","15":"pa_material-eichenholz","17":"first","18":"instock","19":"featured","20":"taxable","21":"shipping-taxable","22":"purchasable","23":"product-type-simple"},"exclude_global_add_ons":[],"addons":[],"acf":[],"yoast_head":"<!-- This site is optimized with the Yoast SEO plugin v26.4 - https:\/\/yoast.com\/wordpress\/plugins\/seo\/ -->\n<title>Stilt Barhocker Sandfarben - H\u00fcbsch<\/title>\n<meta name=\"description\" content=\"Einf\u00fchrung des Stilt Barhockers in einem warmen Sandton. Dieser hohe, schlanke Barhocker ist die perfekte Erg\u00e4nzung f\u00fcr jeden modernen oder rustikalen\" \/>\n<meta name=\"robots\" content=\"index, follow, max-snippet:-1, max-image-preview:large, max-video-preview:-1\" \/>\n<link rel=\"canonical\" href=\"https:\/\/hubsch-interior.com\/de\/wp-json\/wp\/v2\/product\/978232\" \/>\n<meta property=\"og:locale\" content=\"de_DE\" \/>\n<meta property=\"og:type\" content=\"article\" \/>\n<meta property=\"og:title\" content=\"Stilt Barhocker Sandfarben - H\u00fcbsch\" \/>\n<meta property=\"og:description\" content=\"Einf\u00fchrung des Stilt Barhockers in einem warmen Sandton. Dieser hohe, schlanke Barhocker ist die perfekte Erg\u00e4nzung f\u00fcr jeden modernen oder rustikalen\" \/>\n<meta property=\"og:url\" content=\"https:\/\/hubsch-interior.com\/de\/produkt\/stilt-barhocker-sandfarben\/\" \/>\n<meta property=\"og:site_name\" content=\"H\u00fcbsch\" \/>\n<meta property=\"article:modified_time\" content=\"2026-04-09T03:18:56+00:00\" \/>\n<meta property=\"og:image\" content=\"https:\/\/hubsch-interior.com\/wp-content\/uploads\/2024\/01\/stilt-bar-stool-sand-571311f6687c24db04bbc3af390e9a1e.jpg\" \/>\n\t<meta property=\"og:image:width\" content=\"1200\" \/>\n\t<meta property=\"og:image:height\" content=\"1200\" \/>\n\t<meta property=\"og:image:type\" content=\"image\/jpeg\" \/>\n<meta name=\"twitter:card\" content=\"summary_large_image\" \/>\n<script type=\"application\/ld+json\" class=\"yoast-schema-graph\">{\"@context\":\"https:\/\/schema.org\",\"@graph\":[{\"@type\":\"WebPage\",\"@id\":\"https:\/\/hubsch-interior.com\/de\/produkt\/stilt-barhocker-sandfarben\/\",\"url\":\"https:\/\/hubsch-interior.com\/de\/produkt\/stilt-barhocker-sandfarben\/\",\"name\":\"Stilt Barhocker Sandfarben - H\u00fcbsch\",\"isPartOf\":{\"@id\":\"https:\/\/hubsch-interior.com\/de\/#website\"},\"primaryImageOfPage\":{\"@id\":\"https:\/\/hubsch-interior.com\/de\/produkt\/stilt-barhocker-sandfarben\/#primaryimage\"},\"image\":{\"@id\":\"https:\/\/hubsch-interior.com\/de\/produkt\/stilt-barhocker-sandfarben\/#primaryimage\"},\"thumbnailUrl\":\"https:\/\/hubsch-interior.com\/wp-content\/uploads\/2026\/02\/stilt-bar-stool-sand-360739c1a11cae544b817b08c2d9ea6d.jpg\",\"datePublished\":\"2024-01-29T08:37:49+00:00\",\"dateModified\":\"2026-04-09T03:18:56+00:00\",\"description\":\"Einf\u00fchrung des Stilt Barhockers in einem warmen Sandton. Dieser hohe, schlanke Barhocker ist die perfekte Erg\u00e4nzung f\u00fcr jeden modernen oder rustikalen\",\"breadcrumb\":{\"@id\":\"https:\/\/hubsch-interior.com\/de\/produkt\/stilt-barhocker-sandfarben\/#breadcrumb\"},\"inLanguage\":\"de\",\"potentialAction\":[{\"@type\":\"ReadAction\",\"target\":[\"https:\/\/hubsch-interior.com\/de\/produkt\/stilt-barhocker-sandfarben\/\"]}]},{\"@type\":\"ImageObject\",\"inLanguage\":\"de\",\"@id\":\"https:\/\/hubsch-interior.com\/de\/produkt\/stilt-barhocker-sandfarben\/#primaryimage\",\"url\":\"https:\/\/hubsch-interior.com\/wp-content\/uploads\/2026\/02\/stilt-bar-stool-sand-360739c1a11cae544b817b08c2d9ea6d.jpg\",\"contentUrl\":\"https:\/\/hubsch-interior.com\/wp-content\/uploads\/2026\/02\/stilt-bar-stool-sand-360739c1a11cae544b817b08c2d9ea6d.jpg\",\"width\":1024,\"height\":1024},{\"@type\":\"BreadcrumbList\",\"@id\":\"https:\/\/hubsch-interior.com\/de\/produkt\/stilt-barhocker-sandfarben\/#breadcrumb\",\"itemListElement\":[{\"@type\":\"ListItem\",\"position\":1,\"name\":\"Startseite\",\"item\":\"https:\/\/hubsch-interior.com\/de\/\"},{\"@type\":\"ListItem\",\"position\":2,\"name\":\"Produkte\",\"item\":\"https:\/\/hubsch-interior.com\/de\/shop-2\/\"},{\"@type\":\"ListItem\",\"position\":3,\"name\":\"M\u00f6bel\",\"item\":\"https:\/\/hubsch-interior.com\/de\/produkt-kategorie\/moebel\/\"},{\"@type\":\"ListItem\",\"position\":4,\"name\":\"Sitzm&ouml;bel\",\"item\":\"https:\/\/hubsch-interior.com\/de\/produkt-kategorie\/moebel\/sitzmoebel-de\/\"},{\"@type\":\"ListItem\",\"position\":5,\"name\":\"Barhocker\",\"item\":\"https:\/\/hubsch-interior.com\/de\/produkt-kategorie\/moebel\/sitzmoebel-de\/barhocker-de\/\"},{\"@type\":\"ListItem\",\"position\":6,\"name\":\"Stilt Barhocker Sandfarben\"}]},{\"@type\":\"WebSite\",\"@id\":\"https:\/\/hubsch-interior.com\/de\/#website\",\"url\":\"https:\/\/hubsch-interior.com\/de\/\",\"name\":\"H\u00fcbsch\",\"description\":\"Danish Home Interior and Design\",\"publisher\":{\"@id\":\"https:\/\/hubsch-interior.com\/de\/#organization\"},\"potentialAction\":[{\"@type\":\"SearchAction\",\"target\":{\"@type\":\"EntryPoint\",\"urlTemplate\":\"https:\/\/hubsch-interior.com\/de\/?s={search_term_string}\"},\"query-input\":{\"@type\":\"PropertyValueSpecification\",\"valueRequired\":true,\"valueName\":\"search_term_string\"}}],\"inLanguage\":\"de\"},{\"@type\":\"Organization\",\"@id\":\"https:\/\/hubsch-interior.com\/de\/#organization\",\"name\":\"H\u00fcbsch\",\"url\":\"https:\/\/hubsch-interior.com\/de\/\",\"logo\":{\"@type\":\"ImageObject\",\"inLanguage\":\"de\",\"@id\":\"https:\/\/hubsch-interior.com\/de\/#\/schema\/logo\/image\/\",\"url\":\"https:\/\/hubsch-interior.com\/wp-content\/uploads\/2022\/12\/Hubsch_logo_black_one_line.svg\",\"contentUrl\":\"https:\/\/hubsch-interior.com\/wp-content\/uploads\/2022\/12\/Hubsch_logo_black_one_line.svg\",\"caption\":\"H\u00fcbsch\"},\"image\":{\"@id\":\"https:\/\/hubsch-interior.com\/de\/#\/schema\/logo\/image\/\"}}]}<\/script>\n<!-- \/ Yoast SEO plugin. -->","yoast_head_json":{"title":"Stilt Barhocker Sandfarben - H\u00fcbsch","description":"Einf\u00fchrung des Stilt Barhockers in einem warmen Sandton. Dieser hohe, schlanke Barhocker ist die perfekte Erg\u00e4nzung f\u00fcr jeden modernen oder rustikalen","robots":{"index":"index","follow":"follow","max-snippet":"max-snippet:-1","max-image-preview":"max-image-preview:large","max-video-preview":"max-video-preview:-1"},"canonical":"https:\/\/hubsch-interior.com\/de\/wp-json\/wp\/v2\/product\/978232","og_locale":"de_DE","og_type":"article","og_title":"Stilt Barhocker Sandfarben - H\u00fcbsch","og_description":"Einf\u00fchrung des Stilt Barhockers in einem warmen Sandton. Dieser hohe, schlanke Barhocker ist die perfekte Erg\u00e4nzung f\u00fcr jeden modernen oder rustikalen","og_url":"https:\/\/hubsch-interior.com\/de\/produkt\/stilt-barhocker-sandfarben\/","og_site_name":"H\u00fcbsch","article_modified_time":"2026-04-09T03:18:56+00:00","og_image":[{"width":1200,"height":1200,"url":"https:\/\/hubsch-interior.com\/wp-content\/uploads\/2024\/01\/stilt-bar-stool-sand-571311f6687c24db04bbc3af390e9a1e.jpg","type":"image\/jpeg"}],"twitter_card":"summary_large_image","schema":{"@context":"https:\/\/schema.org","@graph":[{"@type":"WebPage","@id":"https:\/\/hubsch-interior.com\/de\/produkt\/stilt-barhocker-sandfarben\/","url":"https:\/\/hubsch-interior.com\/de\/produkt\/stilt-barhocker-sandfarben\/","name":"Stilt Barhocker Sandfarben - H\u00fcbsch","isPartOf":{"@id":"https:\/\/hubsch-interior.com\/de\/#website"},"primaryImageOfPage":{"@id":"https:\/\/hubsch-interior.com\/de\/produkt\/stilt-barhocker-sandfarben\/#primaryimage"},"image":{"@id":"https:\/\/hubsch-interior.com\/de\/produkt\/stilt-barhocker-sandfarben\/#primaryimage"},"thumbnailUrl":"https:\/\/hubsch-interior.com\/wp-content\/uploads\/2026\/02\/stilt-bar-stool-sand-360739c1a11cae544b817b08c2d9ea6d.jpg","datePublished":"2024-01-29T08:37:49+00:00","dateModified":"2026-04-09T03:18:56+00:00","description":"Einf\u00fchrung des Stilt Barhockers in einem warmen Sandton. Dieser hohe, schlanke Barhocker ist die perfekte Erg\u00e4nzung f\u00fcr jeden modernen oder rustikalen","breadcrumb":{"@id":"https:\/\/hubsch-interior.com\/de\/produkt\/stilt-barhocker-sandfarben\/#breadcrumb"},"inLanguage":"de","potentialAction":[{"@type":"ReadAction","target":["https:\/\/hubsch-interior.com\/de\/produkt\/stilt-barhocker-sandfarben\/"]}]},{"@type":"ImageObject","inLanguage":"de","@id":"https:\/\/hubsch-interior.com\/de\/produkt\/stilt-barhocker-sandfarben\/#primaryimage","url":"https:\/\/hubsch-interior.com\/wp-content\/uploads\/2026\/02\/stilt-bar-stool-sand-360739c1a11cae544b817b08c2d9ea6d.jpg","contentUrl":"https:\/\/hubsch-interior.com\/wp-content\/uploads\/2026\/02\/stilt-bar-stool-sand-360739c1a11cae544b817b08c2d9ea6d.jpg","width":1024,"height":1024},{"@type":"BreadcrumbList","@id":"https:\/\/hubsch-interior.com\/de\/produkt\/stilt-barhocker-sandfarben\/#breadcrumb","itemListElement":[{"@type":"ListItem","position":1,"name":"Startseite","item":"https:\/\/hubsch-interior.com\/de\/"},{"@type":"ListItem","position":2,"name":"Produkte","item":"https:\/\/hubsch-interior.com\/de\/shop-2\/"},{"@type":"ListItem","position":3,"name":"M\u00f6bel","item":"https:\/\/hubsch-interior.com\/de\/produkt-kategorie\/moebel\/"},{"@type":"ListItem","position":4,"name":"Sitzm&ouml;bel","item":"https:\/\/hubsch-interior.com\/de\/produkt-kategorie\/moebel\/sitzmoebel-de\/"},{"@type":"ListItem","position":5,"name":"Barhocker","item":"https:\/\/hubsch-interior.com\/de\/produkt-kategorie\/moebel\/sitzmoebel-de\/barhocker-de\/"},{"@type":"ListItem","position":6,"name":"Stilt Barhocker Sandfarben"}]},{"@type":"WebSite","@id":"https:\/\/hubsch-interior.com\/de\/#website","url":"https:\/\/hubsch-interior.com\/de\/","name":"H\u00fcbsch","description":"Danish Home Interior and Design","publisher":{"@id":"https:\/\/hubsch-interior.com\/de\/#organization"},"potentialAction":[{"@type":"SearchAction","target":{"@type":"EntryPoint","urlTemplate":"https:\/\/hubsch-interior.com\/de\/?s={search_term_string}"},"query-input":{"@type":"PropertyValueSpecification","valueRequired":true,"valueName":"search_term_string"}}],"inLanguage":"de"},{"@type":"Organization","@id":"https:\/\/hubsch-interior.com\/de\/#organization","name":"H\u00fcbsch","url":"https:\/\/hubsch-interior.com\/de\/","logo":{"@type":"ImageObject","inLanguage":"de","@id":"https:\/\/hubsch-interior.com\/de\/#\/schema\/logo\/image\/","url":"https:\/\/hubsch-interior.com\/wp-content\/uploads\/2022\/12\/Hubsch_logo_black_one_line.svg","contentUrl":"https:\/\/hubsch-interior.com\/wp-content\/uploads\/2022\/12\/Hubsch_logo_black_one_line.svg","caption":"H\u00fcbsch"},"image":{"@id":"https:\/\/hubsch-interior.com\/de\/#\/schema\/logo\/image\/"}}]}},"_links":{"self":[{"href":"https:\/\/hubsch-interior.com\/de\/wp-json\/wp\/v2\/product\/978232","targetHints":{"allow":["GET"]}}],"collection":[{"href":"https:\/\/hubsch-interior.com\/de\/wp-json\/wp\/v2\/product"}],"about":[{"href":"https:\/\/hubsch-interior.com\/de\/wp-json\/wp\/v2\/types\/product"}],"wp:featuredmedia":[{"embeddable":true,"href":"https:\/\/hubsch-interior.com\/de\/wp-json\/wp\/v2\/media\/1114097"}],"wp:attachment":[{"href":"https:\/\/hubsch-interior.com\/de\/wp-json\/wp\/v2\/media?parent=978232"}],"wp:term":[{"taxonomy":"product_brand","embeddable":true,"href":"https:\/\/hubsch-interior.com\/de\/wp-json\/wp\/v2\/product_brand?post=978232"},{"taxonomy":"product_cat","embeddable":true,"href":"https:\/\/hubsch-interior.com\/de\/wp-json\/wp\/v2\/product_cat?post=978232"},{"taxonomy":"product_tag","embeddable":true,"href":"https:\/\/hubsch-interior.com\/de\/wp-json\/wp\/v2\/product_tag?post=978232"}],"curies":[{"name":"wp","href":"https:\/\/api.w.org\/{rel}","templated":true}]}}