{"id":978252,"date":"2024-01-29T09:38:01","date_gmt":"2024-01-29T08:38:01","guid":{"rendered":"https:\/\/hubsch-interior.com\/product\/product\/"},"modified":"2026-04-09T05:18:59","modified_gmt":"2026-04-09T03:18:59","slug":"stilt-barhocker-schwarz","status":"publish","type":"product","link":"https:\/\/hubsch-interior.com\/de\/produkt\/stilt-barhocker-schwarz\/","title":{"rendered":"Stilt Barhocker Schwarz"},"content":{"rendered":"<p>Lernen Sie den Stilt Barhocker kennen, eine elegante und stylische Erg\u00e4nzung f\u00fcr jede Bar oder K\u00fcchentheke. Hergestellt aus FSC-zertifiziertem Eschenholz und robustem Metall, strahlt dieser hohe, schlanke Barhocker eine moderne und minimalistische Atmosph\u00e4re aus. Erh\u00e4ltlich in klassischem Schwarz, f\u00fcgt er sich m\u00fchelos in jedes Dekor ein. Die Eschenholzsitzfl\u00e4che bietet ein bequemes und langlebiges Sitzerlebnis, w\u00e4hrend die Kombination der Materialien eine Portion Raffinesse hinzuf\u00fcgt. Zus\u00e4tzlich bieten die Stahlstangen eine bequeme Fu\u00dfst\u00fctze f\u00fcr noch mehr Entspannung. Verbessern Sie Ihr Sitzspiel mit diesem schlichten Hocker in Schwarz. W\u00e4hlen Sie aus einer der beiden Varianten und verleihen Sie Ihrem Raum noch heute das gewisse Etwas.<\/p>\n","protected":false},"excerpt":{"rendered":"<p>Lernen Sie den Stilt Barhocker kennen, eine elegante und stylische Erg\u00e4nzung f\u00fcr jede Bar oder K\u00fcchentheke. Hergestellt aus FSC-zertifiziertem Eschenholz und robustem Metall, strahlt dieser hohe, schlanke Barhocker eine moderne und minimalistische Atmosph\u00e4re aus. Erh\u00e4ltlich in klassischem Schwarz, f\u00fcgt er sich m\u00fchelos in jedes Dekor ein. Die Eschenholzsitzfl\u00e4che bietet ein bequemes und langlebiges Sitzerlebnis, w\u00e4hrend [&hellip;]<\/p>\n","protected":false},"featured_media":1113598,"template":"","meta":{"_acf_changed":false,"inline_featured_image":false},"product_brand":[],"product_cat":[6884,6323,2845,4196],"product_tag":[],"class_list":{"0":"post-978252","1":"product","2":"type-product","3":"status-publish","4":"has-post-thumbnail","6":"product_cat-elevating-nostalgia-de","7":"product_cat-fsc-de","8":"product_cat-sitzmoebel-de","9":"product_cat-barhocker-de","10":"product_shipping_class-pk","12":"pa_color-schwarz","13":"pa_material-eisen-de","14":"pa_material-eschenholz","16":"first","17":"instock","18":"taxable","19":"shipping-taxable","20":"purchasable","21":"product-type-simple"},"exclude_global_add_ons":[],"addons":[],"acf":[],"yoast_head":"<!-- This site is optimized with the Yoast SEO plugin v26.4 - https:\/\/yoast.com\/wordpress\/plugins\/seo\/ -->\n<title>Stilt Barhocker Schwarz - H\u00fcbsch<\/title>\n<meta name=\"description\" content=\"Lernen Sie den Stilt Barhocker kennen, eine elegante und stylische Erg\u00e4nzung f\u00fcr jede Bar oder K\u00fcchentheke. Hergestellt aus FSC-zertifiziertem Eschenholz\" \/>\n<meta name=\"robots\" content=\"index, follow, max-snippet:-1, max-image-preview:large, max-video-preview:-1\" \/>\n<link rel=\"canonical\" href=\"https:\/\/hubsch-interior.com\/de\/wp-json\/wp\/v2\/product\/978252\" \/>\n<meta property=\"og:locale\" content=\"de_DE\" \/>\n<meta property=\"og:type\" content=\"article\" \/>\n<meta property=\"og:title\" content=\"Stilt Barhocker Schwarz - H\u00fcbsch\" \/>\n<meta property=\"og:description\" content=\"Lernen Sie den Stilt Barhocker kennen, eine elegante und stylische Erg\u00e4nzung f\u00fcr jede Bar oder K\u00fcchentheke. Hergestellt aus FSC-zertifiziertem Eschenholz\" \/>\n<meta property=\"og:url\" content=\"https:\/\/hubsch-interior.com\/de\/produkt\/stilt-barhocker-schwarz\/\" \/>\n<meta property=\"og:site_name\" content=\"H\u00fcbsch\" \/>\n<meta property=\"article:modified_time\" content=\"2026-04-09T03:18:59+00:00\" \/>\n<meta property=\"og:image\" content=\"https:\/\/hubsch-interior.com\/wp-content\/uploads\/2024\/01\/stilt-bar-stool-black-21123f8d86f34032a655684b938c0a51.jpg\" \/>\n\t<meta property=\"og:image:width\" content=\"1200\" \/>\n\t<meta property=\"og:image:height\" content=\"1200\" \/>\n\t<meta property=\"og:image:type\" content=\"image\/jpeg\" \/>\n<meta name=\"twitter:card\" content=\"summary_large_image\" \/>\n<meta name=\"twitter:label1\" content=\"Gesch\u00e4tzte Lesezeit\" \/>\n\t<meta name=\"twitter:data1\" content=\"1\u00a0Minute\" \/>\n<script type=\"application\/ld+json\" class=\"yoast-schema-graph\">{\"@context\":\"https:\/\/schema.org\",\"@graph\":[{\"@type\":\"WebPage\",\"@id\":\"https:\/\/hubsch-interior.com\/de\/produkt\/stilt-barhocker-schwarz\/\",\"url\":\"https:\/\/hubsch-interior.com\/de\/produkt\/stilt-barhocker-schwarz\/\",\"name\":\"Stilt Barhocker Schwarz - H\u00fcbsch\",\"isPartOf\":{\"@id\":\"https:\/\/hubsch-interior.com\/de\/#website\"},\"primaryImageOfPage\":{\"@id\":\"https:\/\/hubsch-interior.com\/de\/produkt\/stilt-barhocker-schwarz\/#primaryimage\"},\"image\":{\"@id\":\"https:\/\/hubsch-interior.com\/de\/produkt\/stilt-barhocker-schwarz\/#primaryimage\"},\"thumbnailUrl\":\"https:\/\/hubsch-interior.com\/wp-content\/uploads\/2026\/02\/stilt-bar-stool-black-5abcdd1b156d8c76a5b9c6410c77966c.jpg\",\"datePublished\":\"2024-01-29T08:38:01+00:00\",\"dateModified\":\"2026-04-09T03:18:59+00:00\",\"description\":\"Lernen Sie den Stilt Barhocker kennen, eine elegante und stylische Erg\u00e4nzung f\u00fcr jede Bar oder K\u00fcchentheke. Hergestellt aus FSC-zertifiziertem Eschenholz\",\"breadcrumb\":{\"@id\":\"https:\/\/hubsch-interior.com\/de\/produkt\/stilt-barhocker-schwarz\/#breadcrumb\"},\"inLanguage\":\"de\",\"potentialAction\":[{\"@type\":\"ReadAction\",\"target\":[\"https:\/\/hubsch-interior.com\/de\/produkt\/stilt-barhocker-schwarz\/\"]}]},{\"@type\":\"ImageObject\",\"inLanguage\":\"de\",\"@id\":\"https:\/\/hubsch-interior.com\/de\/produkt\/stilt-barhocker-schwarz\/#primaryimage\",\"url\":\"https:\/\/hubsch-interior.com\/wp-content\/uploads\/2026\/02\/stilt-bar-stool-black-5abcdd1b156d8c76a5b9c6410c77966c.jpg\",\"contentUrl\":\"https:\/\/hubsch-interior.com\/wp-content\/uploads\/2026\/02\/stilt-bar-stool-black-5abcdd1b156d8c76a5b9c6410c77966c.jpg\",\"width\":1024,\"height\":1024},{\"@type\":\"BreadcrumbList\",\"@id\":\"https:\/\/hubsch-interior.com\/de\/produkt\/stilt-barhocker-schwarz\/#breadcrumb\",\"itemListElement\":[{\"@type\":\"ListItem\",\"position\":1,\"name\":\"Startseite\",\"item\":\"https:\/\/hubsch-interior.com\/de\/\"},{\"@type\":\"ListItem\",\"position\":2,\"name\":\"Produkte\",\"item\":\"https:\/\/hubsch-interior.com\/de\/shop-2\/\"},{\"@type\":\"ListItem\",\"position\":3,\"name\":\"M\u00f6bel\",\"item\":\"https:\/\/hubsch-interior.com\/de\/produkt-kategorie\/moebel\/\"},{\"@type\":\"ListItem\",\"position\":4,\"name\":\"Sitzm&ouml;bel\",\"item\":\"https:\/\/hubsch-interior.com\/de\/produkt-kategorie\/moebel\/sitzmoebel-de\/\"},{\"@type\":\"ListItem\",\"position\":5,\"name\":\"Barhocker\",\"item\":\"https:\/\/hubsch-interior.com\/de\/produkt-kategorie\/moebel\/sitzmoebel-de\/barhocker-de\/\"},{\"@type\":\"ListItem\",\"position\":6,\"name\":\"Stilt Barhocker Schwarz\"}]},{\"@type\":\"WebSite\",\"@id\":\"https:\/\/hubsch-interior.com\/de\/#website\",\"url\":\"https:\/\/hubsch-interior.com\/de\/\",\"name\":\"H\u00fcbsch\",\"description\":\"Danish Home Interior and Design\",\"publisher\":{\"@id\":\"https:\/\/hubsch-interior.com\/de\/#organization\"},\"potentialAction\":[{\"@type\":\"SearchAction\",\"target\":{\"@type\":\"EntryPoint\",\"urlTemplate\":\"https:\/\/hubsch-interior.com\/de\/?s={search_term_string}\"},\"query-input\":{\"@type\":\"PropertyValueSpecification\",\"valueRequired\":true,\"valueName\":\"search_term_string\"}}],\"inLanguage\":\"de\"},{\"@type\":\"Organization\",\"@id\":\"https:\/\/hubsch-interior.com\/de\/#organization\",\"name\":\"H\u00fcbsch\",\"url\":\"https:\/\/hubsch-interior.com\/de\/\",\"logo\":{\"@type\":\"ImageObject\",\"inLanguage\":\"de\",\"@id\":\"https:\/\/hubsch-interior.com\/de\/#\/schema\/logo\/image\/\",\"url\":\"https:\/\/hubsch-interior.com\/wp-content\/uploads\/2022\/12\/Hubsch_logo_black_one_line.svg\",\"contentUrl\":\"https:\/\/hubsch-interior.com\/wp-content\/uploads\/2022\/12\/Hubsch_logo_black_one_line.svg\",\"caption\":\"H\u00fcbsch\"},\"image\":{\"@id\":\"https:\/\/hubsch-interior.com\/de\/#\/schema\/logo\/image\/\"}}]}<\/script>\n<!-- \/ Yoast SEO plugin. -->","yoast_head_json":{"title":"Stilt Barhocker Schwarz - H\u00fcbsch","description":"Lernen Sie den Stilt Barhocker kennen, eine elegante und stylische Erg\u00e4nzung f\u00fcr jede Bar oder K\u00fcchentheke. Hergestellt aus FSC-zertifiziertem Eschenholz","robots":{"index":"index","follow":"follow","max-snippet":"max-snippet:-1","max-image-preview":"max-image-preview:large","max-video-preview":"max-video-preview:-1"},"canonical":"https:\/\/hubsch-interior.com\/de\/wp-json\/wp\/v2\/product\/978252","og_locale":"de_DE","og_type":"article","og_title":"Stilt Barhocker Schwarz - H\u00fcbsch","og_description":"Lernen Sie den Stilt Barhocker kennen, eine elegante und stylische Erg\u00e4nzung f\u00fcr jede Bar oder K\u00fcchentheke. Hergestellt aus FSC-zertifiziertem Eschenholz","og_url":"https:\/\/hubsch-interior.com\/de\/produkt\/stilt-barhocker-schwarz\/","og_site_name":"H\u00fcbsch","article_modified_time":"2026-04-09T03:18:59+00:00","og_image":[{"width":1200,"height":1200,"url":"https:\/\/hubsch-interior.com\/wp-content\/uploads\/2024\/01\/stilt-bar-stool-black-21123f8d86f34032a655684b938c0a51.jpg","type":"image\/jpeg"}],"twitter_card":"summary_large_image","twitter_misc":{"Gesch\u00e4tzte Lesezeit":"1\u00a0Minute"},"schema":{"@context":"https:\/\/schema.org","@graph":[{"@type":"WebPage","@id":"https:\/\/hubsch-interior.com\/de\/produkt\/stilt-barhocker-schwarz\/","url":"https:\/\/hubsch-interior.com\/de\/produkt\/stilt-barhocker-schwarz\/","name":"Stilt Barhocker Schwarz - H\u00fcbsch","isPartOf":{"@id":"https:\/\/hubsch-interior.com\/de\/#website"},"primaryImageOfPage":{"@id":"https:\/\/hubsch-interior.com\/de\/produkt\/stilt-barhocker-schwarz\/#primaryimage"},"image":{"@id":"https:\/\/hubsch-interior.com\/de\/produkt\/stilt-barhocker-schwarz\/#primaryimage"},"thumbnailUrl":"https:\/\/hubsch-interior.com\/wp-content\/uploads\/2026\/02\/stilt-bar-stool-black-5abcdd1b156d8c76a5b9c6410c77966c.jpg","datePublished":"2024-01-29T08:38:01+00:00","dateModified":"2026-04-09T03:18:59+00:00","description":"Lernen Sie den Stilt Barhocker kennen, eine elegante und stylische Erg\u00e4nzung f\u00fcr jede Bar oder K\u00fcchentheke. Hergestellt aus FSC-zertifiziertem Eschenholz","breadcrumb":{"@id":"https:\/\/hubsch-interior.com\/de\/produkt\/stilt-barhocker-schwarz\/#breadcrumb"},"inLanguage":"de","potentialAction":[{"@type":"ReadAction","target":["https:\/\/hubsch-interior.com\/de\/produkt\/stilt-barhocker-schwarz\/"]}]},{"@type":"ImageObject","inLanguage":"de","@id":"https:\/\/hubsch-interior.com\/de\/produkt\/stilt-barhocker-schwarz\/#primaryimage","url":"https:\/\/hubsch-interior.com\/wp-content\/uploads\/2026\/02\/stilt-bar-stool-black-5abcdd1b156d8c76a5b9c6410c77966c.jpg","contentUrl":"https:\/\/hubsch-interior.com\/wp-content\/uploads\/2026\/02\/stilt-bar-stool-black-5abcdd1b156d8c76a5b9c6410c77966c.jpg","width":1024,"height":1024},{"@type":"BreadcrumbList","@id":"https:\/\/hubsch-interior.com\/de\/produkt\/stilt-barhocker-schwarz\/#breadcrumb","itemListElement":[{"@type":"ListItem","position":1,"name":"Startseite","item":"https:\/\/hubsch-interior.com\/de\/"},{"@type":"ListItem","position":2,"name":"Produkte","item":"https:\/\/hubsch-interior.com\/de\/shop-2\/"},{"@type":"ListItem","position":3,"name":"M\u00f6bel","item":"https:\/\/hubsch-interior.com\/de\/produkt-kategorie\/moebel\/"},{"@type":"ListItem","position":4,"name":"Sitzm&ouml;bel","item":"https:\/\/hubsch-interior.com\/de\/produkt-kategorie\/moebel\/sitzmoebel-de\/"},{"@type":"ListItem","position":5,"name":"Barhocker","item":"https:\/\/hubsch-interior.com\/de\/produkt-kategorie\/moebel\/sitzmoebel-de\/barhocker-de\/"},{"@type":"ListItem","position":6,"name":"Stilt Barhocker Schwarz"}]},{"@type":"WebSite","@id":"https:\/\/hubsch-interior.com\/de\/#website","url":"https:\/\/hubsch-interior.com\/de\/","name":"H\u00fcbsch","description":"Danish Home Interior and Design","publisher":{"@id":"https:\/\/hubsch-interior.com\/de\/#organization"},"potentialAction":[{"@type":"SearchAction","target":{"@type":"EntryPoint","urlTemplate":"https:\/\/hubsch-interior.com\/de\/?s={search_term_string}"},"query-input":{"@type":"PropertyValueSpecification","valueRequired":true,"valueName":"search_term_string"}}],"inLanguage":"de"},{"@type":"Organization","@id":"https:\/\/hubsch-interior.com\/de\/#organization","name":"H\u00fcbsch","url":"https:\/\/hubsch-interior.com\/de\/","logo":{"@type":"ImageObject","inLanguage":"de","@id":"https:\/\/hubsch-interior.com\/de\/#\/schema\/logo\/image\/","url":"https:\/\/hubsch-interior.com\/wp-content\/uploads\/2022\/12\/Hubsch_logo_black_one_line.svg","contentUrl":"https:\/\/hubsch-interior.com\/wp-content\/uploads\/2022\/12\/Hubsch_logo_black_one_line.svg","caption":"H\u00fcbsch"},"image":{"@id":"https:\/\/hubsch-interior.com\/de\/#\/schema\/logo\/image\/"}}]}},"_links":{"self":[{"href":"https:\/\/hubsch-interior.com\/de\/wp-json\/wp\/v2\/product\/978252","targetHints":{"allow":["GET"]}}],"collection":[{"href":"https:\/\/hubsch-interior.com\/de\/wp-json\/wp\/v2\/product"}],"about":[{"href":"https:\/\/hubsch-interior.com\/de\/wp-json\/wp\/v2\/types\/product"}],"wp:featuredmedia":[{"embeddable":true,"href":"https:\/\/hubsch-interior.com\/de\/wp-json\/wp\/v2\/media\/1113598"}],"wp:attachment":[{"href":"https:\/\/hubsch-interior.com\/de\/wp-json\/wp\/v2\/media?parent=978252"}],"wp:term":[{"taxonomy":"product_brand","embeddable":true,"href":"https:\/\/hubsch-interior.com\/de\/wp-json\/wp\/v2\/product_brand?post=978252"},{"taxonomy":"product_cat","embeddable":true,"href":"https:\/\/hubsch-interior.com\/de\/wp-json\/wp\/v2\/product_cat?post=978252"},{"taxonomy":"product_tag","embeddable":true,"href":"https:\/\/hubsch-interior.com\/de\/wp-json\/wp\/v2\/product_tag?post=978252"}],"curies":[{"name":"wp","href":"https:\/\/api.w.org\/{rel}","templated":true}]}}