{"id":978264,"date":"2024-01-29T09:38:23","date_gmt":"2024-01-29T08:38:23","guid":{"rendered":"https:\/\/hubsch-interior.com\/product\/product\/"},"modified":"2026-04-05T05:22:24","modified_gmt":"2026-04-05T03:22:24","slug":"studio-wandleuchte-braun","status":"publish","type":"product","link":"https:\/\/hubsch-interior.com\/de\/produkt\/studio-wandleuchte-braun\/","title":{"rendered":"Studio Wandleuchte Braun"},"content":{"rendered":"<p>Die Studio Wandleuchte ist eine dynamische Erg\u00e4nzung f\u00fcr Ihre Wohnkultur. Aus robustem Metall gefertigt, ist diese Wandleuchte in zwei Varianten erh\u00e4ltlich, eine in einem wundersch\u00f6nen Braunton. Mit ihrem dunkelblauen Stoffkabel ist diese Lampe nicht nur funktional, sondern auch ein Statement f\u00fcr Stil. Ihre Farbe macht sie einzigartig, da sie je nach umgebendem Licht ihre Ausdrucksform \u00e4ndert. Passen Sie die Lampe nach Ihren W\u00fcnschen an f\u00fcr die perfekte Stimmungsbeleuchtung. Verleihen Sie Ihrem Raum mit der Studio Wandleuchte einen eleganten Touch und schaffen Sie eine gem\u00fctliche, einladende Atmosph\u00e4re.<\/p>\n","protected":false},"excerpt":{"rendered":"<p>Die Studio Wandleuchte ist eine dynamische Erg\u00e4nzung f\u00fcr Ihre Wohnkultur. Aus robustem Metall gefertigt, ist diese Wandleuchte in zwei Varianten erh\u00e4ltlich, eine in einem wundersch\u00f6nen Braunton. Mit ihrem dunkelblauen Stoffkabel ist diese Lampe nicht nur funktional, sondern auch ein Statement f\u00fcr Stil. Ihre Farbe macht sie einzigartig, da sie je nach umgebendem Licht ihre Ausdrucksform [&hellip;]<\/p>\n","protected":false},"featured_media":1113618,"template":"","meta":{"_acf_changed":false,"inline_featured_image":false},"product_brand":[],"product_cat":[6884,6901,3809,3409,5027],"product_tag":[],"class_list":{"0":"post-978264","1":"product","2":"type-product","3":"status-publish","4":"has-post-thumbnail","6":"product_cat-elevating-nostalgia-de","7":"product_cat-funktionelle-beleuchtung-de","8":"product_cat-beleuchtung","9":"product_cat-wandlampen-de","10":"product_cat-bestsellers-de","11":"product_shipping_class-pk","13":"pa_color-braun","14":"pa_material-eisen-de","16":"first","17":"instock","18":"featured","19":"taxable","20":"shipping-taxable","21":"purchasable","22":"product-type-simple"},"exclude_global_add_ons":[],"addons":[],"acf":[],"yoast_head":"<!-- This site is optimized with the Yoast SEO plugin v26.4 - https:\/\/yoast.com\/wordpress\/plugins\/seo\/ -->\n<title>Studio Wandleuchte Braun - H\u00fcbsch<\/title>\n<meta name=\"description\" content=\"Die Studio Wandleuchte ist eine dynamische Erg\u00e4nzung f\u00fcr Ihre Wohnkultur. Aus robustem Metall gefertigt, ist diese Wandleuchte in zwei Varianten\" \/>\n<meta name=\"robots\" content=\"index, follow, max-snippet:-1, max-image-preview:large, max-video-preview:-1\" \/>\n<link rel=\"canonical\" href=\"https:\/\/hubsch-interior.com\/de\/wp-json\/wp\/v2\/product\/978264\" \/>\n<meta property=\"og:locale\" content=\"de_DE\" \/>\n<meta property=\"og:type\" content=\"article\" \/>\n<meta property=\"og:title\" content=\"Studio Wandleuchte Braun - H\u00fcbsch\" \/>\n<meta property=\"og:description\" content=\"Die Studio Wandleuchte ist eine dynamische Erg\u00e4nzung f\u00fcr Ihre Wohnkultur. Aus robustem Metall gefertigt, ist diese Wandleuchte in zwei Varianten\" \/>\n<meta property=\"og:url\" content=\"https:\/\/hubsch-interior.com\/de\/produkt\/studio-wandleuchte-braun\/\" \/>\n<meta property=\"og:site_name\" content=\"H\u00fcbsch\" \/>\n<meta property=\"article:modified_time\" content=\"2026-04-05T03:22:24+00:00\" \/>\n<meta property=\"og:image\" content=\"https:\/\/hubsch-interior.com\/wp-content\/uploads\/2024\/01\/studio-wall-light-brown-5229ee3e45a998ce94b1079eaeedc78c.jpg\" \/>\n\t<meta property=\"og:image:width\" content=\"1200\" \/>\n\t<meta property=\"og:image:height\" content=\"1200\" \/>\n\t<meta property=\"og:image:type\" content=\"image\/jpeg\" \/>\n<meta name=\"twitter:card\" content=\"summary_large_image\" \/>\n<script type=\"application\/ld+json\" class=\"yoast-schema-graph\">{\"@context\":\"https:\/\/schema.org\",\"@graph\":[{\"@type\":\"WebPage\",\"@id\":\"https:\/\/hubsch-interior.com\/de\/produkt\/studio-wandleuchte-braun\/\",\"url\":\"https:\/\/hubsch-interior.com\/de\/produkt\/studio-wandleuchte-braun\/\",\"name\":\"Studio Wandleuchte Braun - H\u00fcbsch\",\"isPartOf\":{\"@id\":\"https:\/\/hubsch-interior.com\/de\/#website\"},\"primaryImageOfPage\":{\"@id\":\"https:\/\/hubsch-interior.com\/de\/produkt\/studio-wandleuchte-braun\/#primaryimage\"},\"image\":{\"@id\":\"https:\/\/hubsch-interior.com\/de\/produkt\/studio-wandleuchte-braun\/#primaryimage\"},\"thumbnailUrl\":\"https:\/\/hubsch-interior.com\/wp-content\/uploads\/2026\/02\/studio-wall-light-brown-a0ce7fb36916adaf7a17e7ca32af3140.jpg\",\"datePublished\":\"2024-01-29T08:38:23+00:00\",\"dateModified\":\"2026-04-05T03:22:24+00:00\",\"description\":\"Die Studio Wandleuchte ist eine dynamische Erg\u00e4nzung f\u00fcr Ihre Wohnkultur. Aus robustem Metall gefertigt, ist diese Wandleuchte in zwei Varianten\",\"breadcrumb\":{\"@id\":\"https:\/\/hubsch-interior.com\/de\/produkt\/studio-wandleuchte-braun\/#breadcrumb\"},\"inLanguage\":\"de\",\"potentialAction\":[{\"@type\":\"ReadAction\",\"target\":[\"https:\/\/hubsch-interior.com\/de\/produkt\/studio-wandleuchte-braun\/\"]}]},{\"@type\":\"ImageObject\",\"inLanguage\":\"de\",\"@id\":\"https:\/\/hubsch-interior.com\/de\/produkt\/studio-wandleuchte-braun\/#primaryimage\",\"url\":\"https:\/\/hubsch-interior.com\/wp-content\/uploads\/2026\/02\/studio-wall-light-brown-a0ce7fb36916adaf7a17e7ca32af3140.jpg\",\"contentUrl\":\"https:\/\/hubsch-interior.com\/wp-content\/uploads\/2026\/02\/studio-wall-light-brown-a0ce7fb36916adaf7a17e7ca32af3140.jpg\",\"width\":1024,\"height\":1024},{\"@type\":\"BreadcrumbList\",\"@id\":\"https:\/\/hubsch-interior.com\/de\/produkt\/studio-wandleuchte-braun\/#breadcrumb\",\"itemListElement\":[{\"@type\":\"ListItem\",\"position\":1,\"name\":\"Startseite\",\"item\":\"https:\/\/hubsch-interior.com\/de\/\"},{\"@type\":\"ListItem\",\"position\":2,\"name\":\"Produkte\",\"item\":\"https:\/\/hubsch-interior.com\/de\/shop-2\/\"},{\"@type\":\"ListItem\",\"position\":3,\"name\":\"Beleuchtung\",\"item\":\"https:\/\/hubsch-interior.com\/de\/produkt-kategorie\/beleuchtung\/\"},{\"@type\":\"ListItem\",\"position\":4,\"name\":\"Wandlampen\",\"item\":\"https:\/\/hubsch-interior.com\/de\/produkt-kategorie\/beleuchtung\/wandlampen-de\/\"},{\"@type\":\"ListItem\",\"position\":5,\"name\":\"Studio Wandleuchte Braun\"}]},{\"@type\":\"WebSite\",\"@id\":\"https:\/\/hubsch-interior.com\/de\/#website\",\"url\":\"https:\/\/hubsch-interior.com\/de\/\",\"name\":\"H\u00fcbsch\",\"description\":\"Danish Home Interior and Design\",\"publisher\":{\"@id\":\"https:\/\/hubsch-interior.com\/de\/#organization\"},\"potentialAction\":[{\"@type\":\"SearchAction\",\"target\":{\"@type\":\"EntryPoint\",\"urlTemplate\":\"https:\/\/hubsch-interior.com\/de\/?s={search_term_string}\"},\"query-input\":{\"@type\":\"PropertyValueSpecification\",\"valueRequired\":true,\"valueName\":\"search_term_string\"}}],\"inLanguage\":\"de\"},{\"@type\":\"Organization\",\"@id\":\"https:\/\/hubsch-interior.com\/de\/#organization\",\"name\":\"H\u00fcbsch\",\"url\":\"https:\/\/hubsch-interior.com\/de\/\",\"logo\":{\"@type\":\"ImageObject\",\"inLanguage\":\"de\",\"@id\":\"https:\/\/hubsch-interior.com\/de\/#\/schema\/logo\/image\/\",\"url\":\"https:\/\/hubsch-interior.com\/wp-content\/uploads\/2022\/12\/Hubsch_logo_black_one_line.svg\",\"contentUrl\":\"https:\/\/hubsch-interior.com\/wp-content\/uploads\/2022\/12\/Hubsch_logo_black_one_line.svg\",\"caption\":\"H\u00fcbsch\"},\"image\":{\"@id\":\"https:\/\/hubsch-interior.com\/de\/#\/schema\/logo\/image\/\"}}]}<\/script>\n<!-- \/ Yoast SEO plugin. -->","yoast_head_json":{"title":"Studio Wandleuchte Braun - H\u00fcbsch","description":"Die Studio Wandleuchte ist eine dynamische Erg\u00e4nzung f\u00fcr Ihre Wohnkultur. Aus robustem Metall gefertigt, ist diese Wandleuchte in zwei Varianten","robots":{"index":"index","follow":"follow","max-snippet":"max-snippet:-1","max-image-preview":"max-image-preview:large","max-video-preview":"max-video-preview:-1"},"canonical":"https:\/\/hubsch-interior.com\/de\/wp-json\/wp\/v2\/product\/978264","og_locale":"de_DE","og_type":"article","og_title":"Studio Wandleuchte Braun - H\u00fcbsch","og_description":"Die Studio Wandleuchte ist eine dynamische Erg\u00e4nzung f\u00fcr Ihre Wohnkultur. Aus robustem Metall gefertigt, ist diese Wandleuchte in zwei Varianten","og_url":"https:\/\/hubsch-interior.com\/de\/produkt\/studio-wandleuchte-braun\/","og_site_name":"H\u00fcbsch","article_modified_time":"2026-04-05T03:22:24+00:00","og_image":[{"width":1200,"height":1200,"url":"https:\/\/hubsch-interior.com\/wp-content\/uploads\/2024\/01\/studio-wall-light-brown-5229ee3e45a998ce94b1079eaeedc78c.jpg","type":"image\/jpeg"}],"twitter_card":"summary_large_image","schema":{"@context":"https:\/\/schema.org","@graph":[{"@type":"WebPage","@id":"https:\/\/hubsch-interior.com\/de\/produkt\/studio-wandleuchte-braun\/","url":"https:\/\/hubsch-interior.com\/de\/produkt\/studio-wandleuchte-braun\/","name":"Studio Wandleuchte Braun - H\u00fcbsch","isPartOf":{"@id":"https:\/\/hubsch-interior.com\/de\/#website"},"primaryImageOfPage":{"@id":"https:\/\/hubsch-interior.com\/de\/produkt\/studio-wandleuchte-braun\/#primaryimage"},"image":{"@id":"https:\/\/hubsch-interior.com\/de\/produkt\/studio-wandleuchte-braun\/#primaryimage"},"thumbnailUrl":"https:\/\/hubsch-interior.com\/wp-content\/uploads\/2026\/02\/studio-wall-light-brown-a0ce7fb36916adaf7a17e7ca32af3140.jpg","datePublished":"2024-01-29T08:38:23+00:00","dateModified":"2026-04-05T03:22:24+00:00","description":"Die Studio Wandleuchte ist eine dynamische Erg\u00e4nzung f\u00fcr Ihre Wohnkultur. Aus robustem Metall gefertigt, ist diese Wandleuchte in zwei Varianten","breadcrumb":{"@id":"https:\/\/hubsch-interior.com\/de\/produkt\/studio-wandleuchte-braun\/#breadcrumb"},"inLanguage":"de","potentialAction":[{"@type":"ReadAction","target":["https:\/\/hubsch-interior.com\/de\/produkt\/studio-wandleuchte-braun\/"]}]},{"@type":"ImageObject","inLanguage":"de","@id":"https:\/\/hubsch-interior.com\/de\/produkt\/studio-wandleuchte-braun\/#primaryimage","url":"https:\/\/hubsch-interior.com\/wp-content\/uploads\/2026\/02\/studio-wall-light-brown-a0ce7fb36916adaf7a17e7ca32af3140.jpg","contentUrl":"https:\/\/hubsch-interior.com\/wp-content\/uploads\/2026\/02\/studio-wall-light-brown-a0ce7fb36916adaf7a17e7ca32af3140.jpg","width":1024,"height":1024},{"@type":"BreadcrumbList","@id":"https:\/\/hubsch-interior.com\/de\/produkt\/studio-wandleuchte-braun\/#breadcrumb","itemListElement":[{"@type":"ListItem","position":1,"name":"Startseite","item":"https:\/\/hubsch-interior.com\/de\/"},{"@type":"ListItem","position":2,"name":"Produkte","item":"https:\/\/hubsch-interior.com\/de\/shop-2\/"},{"@type":"ListItem","position":3,"name":"Beleuchtung","item":"https:\/\/hubsch-interior.com\/de\/produkt-kategorie\/beleuchtung\/"},{"@type":"ListItem","position":4,"name":"Wandlampen","item":"https:\/\/hubsch-interior.com\/de\/produkt-kategorie\/beleuchtung\/wandlampen-de\/"},{"@type":"ListItem","position":5,"name":"Studio Wandleuchte Braun"}]},{"@type":"WebSite","@id":"https:\/\/hubsch-interior.com\/de\/#website","url":"https:\/\/hubsch-interior.com\/de\/","name":"H\u00fcbsch","description":"Danish Home Interior and Design","publisher":{"@id":"https:\/\/hubsch-interior.com\/de\/#organization"},"potentialAction":[{"@type":"SearchAction","target":{"@type":"EntryPoint","urlTemplate":"https:\/\/hubsch-interior.com\/de\/?s={search_term_string}"},"query-input":{"@type":"PropertyValueSpecification","valueRequired":true,"valueName":"search_term_string"}}],"inLanguage":"de"},{"@type":"Organization","@id":"https:\/\/hubsch-interior.com\/de\/#organization","name":"H\u00fcbsch","url":"https:\/\/hubsch-interior.com\/de\/","logo":{"@type":"ImageObject","inLanguage":"de","@id":"https:\/\/hubsch-interior.com\/de\/#\/schema\/logo\/image\/","url":"https:\/\/hubsch-interior.com\/wp-content\/uploads\/2022\/12\/Hubsch_logo_black_one_line.svg","contentUrl":"https:\/\/hubsch-interior.com\/wp-content\/uploads\/2022\/12\/Hubsch_logo_black_one_line.svg","caption":"H\u00fcbsch"},"image":{"@id":"https:\/\/hubsch-interior.com\/de\/#\/schema\/logo\/image\/"}}]}},"_links":{"self":[{"href":"https:\/\/hubsch-interior.com\/de\/wp-json\/wp\/v2\/product\/978264","targetHints":{"allow":["GET"]}}],"collection":[{"href":"https:\/\/hubsch-interior.com\/de\/wp-json\/wp\/v2\/product"}],"about":[{"href":"https:\/\/hubsch-interior.com\/de\/wp-json\/wp\/v2\/types\/product"}],"wp:featuredmedia":[{"embeddable":true,"href":"https:\/\/hubsch-interior.com\/de\/wp-json\/wp\/v2\/media\/1113618"}],"wp:attachment":[{"href":"https:\/\/hubsch-interior.com\/de\/wp-json\/wp\/v2\/media?parent=978264"}],"wp:term":[{"taxonomy":"product_brand","embeddable":true,"href":"https:\/\/hubsch-interior.com\/de\/wp-json\/wp\/v2\/product_brand?post=978264"},{"taxonomy":"product_cat","embeddable":true,"href":"https:\/\/hubsch-interior.com\/de\/wp-json\/wp\/v2\/product_cat?post=978264"},{"taxonomy":"product_tag","embeddable":true,"href":"https:\/\/hubsch-interior.com\/de\/wp-json\/wp\/v2\/product_tag?post=978264"}],"curies":[{"name":"wp","href":"https:\/\/api.w.org\/{rel}","templated":true}]}}