{"id":978288,"date":"2024-01-29T09:38:27","date_gmt":"2024-01-29T08:38:27","guid":{"rendered":"https:\/\/hubsch-interior.com\/product\/product\/"},"modified":"2026-04-08T05:18:46","modified_gmt":"2026-04-08T03:18:46","slug":"ripple-hangelampe-grun","status":"publish","type":"product","link":"https:\/\/hubsch-interior.com\/de\/produkt\/ripple-hangelampe-grun\/","title":{"rendered":"Ripple H\u00e4ngelampe Gr\u00fcn"},"content":{"rendered":"<p>Bringen Sie einen Hauch von Eleganz in Ihren Wohnraum mit unserer Ripple H\u00e4ngelampe. In zwei atemberaubenden Varianten erh\u00e4ltlich, zeichnet sich diese besondere Version durch eine wundersch\u00f6ne gr\u00fcne Farbe aus, die an frische Oliven erinnert. Gefertigt aus elegantem Glas und robustem Metall strahlt diese Lampe sowohl Stil als auch Langlebigkeit aus. Ihr weiches, warmes Licht sorgt f\u00fcr eine gem\u00fctliche Atmosph\u00e4re, perfekt f\u00fcr entspannte Abende zuhause. Verleihen Sie jedem Raum eine subtile und behagliche Stimmung mit dem faszinierenden Welleneffekt dieser olivefarbenen H\u00e4ngelampe.<\/p>\n","protected":false},"excerpt":{"rendered":"<p>Bringen Sie einen Hauch von Eleganz in Ihren Wohnraum mit unserer Ripple H\u00e4ngelampe. In zwei atemberaubenden Varianten erh\u00e4ltlich, zeichnet sich diese besondere Version durch eine wundersch\u00f6ne gr\u00fcne Farbe aus, die an frische Oliven erinnert. Gefertigt aus elegantem Glas und robustem Metall strahlt diese Lampe sowohl Stil als auch Langlebigkeit aus. Ihr weiches, warmes Licht sorgt [&hellip;]<\/p>\n","protected":false},"featured_media":1113630,"template":"","meta":{"_acf_changed":false,"inline_featured_image":false},"product_brand":[],"product_cat":[6884,6901,3809,4148,5027],"product_tag":[],"class_list":{"0":"post-978288","1":"product","2":"type-product","3":"status-publish","4":"has-post-thumbnail","6":"product_cat-elevating-nostalgia-de","7":"product_cat-funktionelle-beleuchtung-de","8":"product_cat-beleuchtung","9":"product_cat-haengelampen-de","10":"product_cat-bestsellers-de","11":"product_shipping_class-pk","12":"pa_color-grn-2","13":"pa_material-eisen-de","14":"pa_material-glas-de","16":"first","17":"outofstock","18":"featured","19":"taxable","20":"shipping-taxable","21":"purchasable","22":"product-type-simple"},"exclude_global_add_ons":[],"addons":[],"acf":[],"yoast_head":"<!-- This site is optimized with the Yoast SEO plugin v26.4 - https:\/\/yoast.com\/wordpress\/plugins\/seo\/ -->\n<title>Ripple H\u00e4ngelampe Gr\u00fcn - H\u00fcbsch<\/title>\n<meta name=\"description\" content=\"Bringen Sie einen Hauch von Eleganz in Ihren Wohnraum mit unserer Ripple H\u00e4ngelampe. In zwei atemberaubenden Varianten erh\u00e4ltlich, zeichnet sich diese\" \/>\n<meta name=\"robots\" content=\"index, follow, max-snippet:-1, max-image-preview:large, max-video-preview:-1\" \/>\n<link rel=\"canonical\" href=\"https:\/\/hubsch-interior.com\/de\/wp-json\/wp\/v2\/product\/978288\" \/>\n<meta property=\"og:locale\" content=\"de_DE\" \/>\n<meta property=\"og:type\" content=\"article\" \/>\n<meta property=\"og:title\" content=\"Ripple H\u00e4ngelampe Gr\u00fcn - H\u00fcbsch\" \/>\n<meta property=\"og:description\" content=\"Bringen Sie einen Hauch von Eleganz in Ihren Wohnraum mit unserer Ripple H\u00e4ngelampe. In zwei atemberaubenden Varianten erh\u00e4ltlich, zeichnet sich diese\" \/>\n<meta property=\"og:url\" content=\"https:\/\/hubsch-interior.com\/de\/produkt\/ripple-hangelampe-grun\/\" \/>\n<meta property=\"og:site_name\" content=\"H\u00fcbsch\" \/>\n<meta property=\"article:modified_time\" content=\"2026-04-08T03:18:46+00:00\" \/>\n<meta property=\"og:image\" content=\"https:\/\/hubsch-interior.com\/wp-content\/uploads\/2024\/01\/ripple-ceiling-light-green-4cc99765b8f4f66c3d8e73e3ae1c095c.jpg\" \/>\n\t<meta property=\"og:image:width\" content=\"1200\" \/>\n\t<meta property=\"og:image:height\" content=\"1200\" \/>\n\t<meta property=\"og:image:type\" content=\"image\/jpeg\" \/>\n<meta name=\"twitter:card\" content=\"summary_large_image\" \/>\n<script type=\"application\/ld+json\" class=\"yoast-schema-graph\">{\"@context\":\"https:\/\/schema.org\",\"@graph\":[{\"@type\":\"WebPage\",\"@id\":\"https:\/\/hubsch-interior.com\/de\/produkt\/ripple-hangelampe-grun\/\",\"url\":\"https:\/\/hubsch-interior.com\/de\/produkt\/ripple-hangelampe-grun\/\",\"name\":\"Ripple H\u00e4ngelampe Gr\u00fcn - H\u00fcbsch\",\"isPartOf\":{\"@id\":\"https:\/\/hubsch-interior.com\/de\/#website\"},\"primaryImageOfPage\":{\"@id\":\"https:\/\/hubsch-interior.com\/de\/produkt\/ripple-hangelampe-grun\/#primaryimage\"},\"image\":{\"@id\":\"https:\/\/hubsch-interior.com\/de\/produkt\/ripple-hangelampe-grun\/#primaryimage\"},\"thumbnailUrl\":\"https:\/\/hubsch-interior.com\/wp-content\/uploads\/2026\/02\/ripple-pendant-green-eecdd2e978f6b879e8d83c3bd59c528b.jpg\",\"datePublished\":\"2024-01-29T08:38:27+00:00\",\"dateModified\":\"2026-04-08T03:18:46+00:00\",\"description\":\"Bringen Sie einen Hauch von Eleganz in Ihren Wohnraum mit unserer Ripple H\u00e4ngelampe. In zwei atemberaubenden Varianten erh\u00e4ltlich, zeichnet sich diese\",\"breadcrumb\":{\"@id\":\"https:\/\/hubsch-interior.com\/de\/produkt\/ripple-hangelampe-grun\/#breadcrumb\"},\"inLanguage\":\"de\",\"potentialAction\":[{\"@type\":\"ReadAction\",\"target\":[\"https:\/\/hubsch-interior.com\/de\/produkt\/ripple-hangelampe-grun\/\"]}]},{\"@type\":\"ImageObject\",\"inLanguage\":\"de\",\"@id\":\"https:\/\/hubsch-interior.com\/de\/produkt\/ripple-hangelampe-grun\/#primaryimage\",\"url\":\"https:\/\/hubsch-interior.com\/wp-content\/uploads\/2026\/02\/ripple-pendant-green-eecdd2e978f6b879e8d83c3bd59c528b.jpg\",\"contentUrl\":\"https:\/\/hubsch-interior.com\/wp-content\/uploads\/2026\/02\/ripple-pendant-green-eecdd2e978f6b879e8d83c3bd59c528b.jpg\",\"width\":1024,\"height\":1024},{\"@type\":\"BreadcrumbList\",\"@id\":\"https:\/\/hubsch-interior.com\/de\/produkt\/ripple-hangelampe-grun\/#breadcrumb\",\"itemListElement\":[{\"@type\":\"ListItem\",\"position\":1,\"name\":\"Startseite\",\"item\":\"https:\/\/hubsch-interior.com\/de\/\"},{\"@type\":\"ListItem\",\"position\":2,\"name\":\"Produkte\",\"item\":\"https:\/\/hubsch-interior.com\/de\/shop-2\/\"},{\"@type\":\"ListItem\",\"position\":3,\"name\":\"Beleuchtung\",\"item\":\"https:\/\/hubsch-interior.com\/de\/produkt-kategorie\/beleuchtung\/\"},{\"@type\":\"ListItem\",\"position\":4,\"name\":\"H&auml;ngelampen\",\"item\":\"https:\/\/hubsch-interior.com\/de\/produkt-kategorie\/beleuchtung\/haengelampen-de\/\"},{\"@type\":\"ListItem\",\"position\":5,\"name\":\"Ripple H\u00e4ngelampe Gr\u00fcn\"}]},{\"@type\":\"WebSite\",\"@id\":\"https:\/\/hubsch-interior.com\/de\/#website\",\"url\":\"https:\/\/hubsch-interior.com\/de\/\",\"name\":\"H\u00fcbsch\",\"description\":\"Danish Home Interior and Design\",\"publisher\":{\"@id\":\"https:\/\/hubsch-interior.com\/de\/#organization\"},\"potentialAction\":[{\"@type\":\"SearchAction\",\"target\":{\"@type\":\"EntryPoint\",\"urlTemplate\":\"https:\/\/hubsch-interior.com\/de\/?s={search_term_string}\"},\"query-input\":{\"@type\":\"PropertyValueSpecification\",\"valueRequired\":true,\"valueName\":\"search_term_string\"}}],\"inLanguage\":\"de\"},{\"@type\":\"Organization\",\"@id\":\"https:\/\/hubsch-interior.com\/de\/#organization\",\"name\":\"H\u00fcbsch\",\"url\":\"https:\/\/hubsch-interior.com\/de\/\",\"logo\":{\"@type\":\"ImageObject\",\"inLanguage\":\"de\",\"@id\":\"https:\/\/hubsch-interior.com\/de\/#\/schema\/logo\/image\/\",\"url\":\"https:\/\/hubsch-interior.com\/wp-content\/uploads\/2022\/12\/Hubsch_logo_black_one_line.svg\",\"contentUrl\":\"https:\/\/hubsch-interior.com\/wp-content\/uploads\/2022\/12\/Hubsch_logo_black_one_line.svg\",\"caption\":\"H\u00fcbsch\"},\"image\":{\"@id\":\"https:\/\/hubsch-interior.com\/de\/#\/schema\/logo\/image\/\"}}]}<\/script>\n<!-- \/ Yoast SEO plugin. -->","yoast_head_json":{"title":"Ripple H\u00e4ngelampe Gr\u00fcn - H\u00fcbsch","description":"Bringen Sie einen Hauch von Eleganz in Ihren Wohnraum mit unserer Ripple H\u00e4ngelampe. In zwei atemberaubenden Varianten erh\u00e4ltlich, zeichnet sich diese","robots":{"index":"index","follow":"follow","max-snippet":"max-snippet:-1","max-image-preview":"max-image-preview:large","max-video-preview":"max-video-preview:-1"},"canonical":"https:\/\/hubsch-interior.com\/de\/wp-json\/wp\/v2\/product\/978288","og_locale":"de_DE","og_type":"article","og_title":"Ripple H\u00e4ngelampe Gr\u00fcn - H\u00fcbsch","og_description":"Bringen Sie einen Hauch von Eleganz in Ihren Wohnraum mit unserer Ripple H\u00e4ngelampe. In zwei atemberaubenden Varianten erh\u00e4ltlich, zeichnet sich diese","og_url":"https:\/\/hubsch-interior.com\/de\/produkt\/ripple-hangelampe-grun\/","og_site_name":"H\u00fcbsch","article_modified_time":"2026-04-08T03:18:46+00:00","og_image":[{"width":1200,"height":1200,"url":"https:\/\/hubsch-interior.com\/wp-content\/uploads\/2024\/01\/ripple-ceiling-light-green-4cc99765b8f4f66c3d8e73e3ae1c095c.jpg","type":"image\/jpeg"}],"twitter_card":"summary_large_image","schema":{"@context":"https:\/\/schema.org","@graph":[{"@type":"WebPage","@id":"https:\/\/hubsch-interior.com\/de\/produkt\/ripple-hangelampe-grun\/","url":"https:\/\/hubsch-interior.com\/de\/produkt\/ripple-hangelampe-grun\/","name":"Ripple H\u00e4ngelampe Gr\u00fcn - H\u00fcbsch","isPartOf":{"@id":"https:\/\/hubsch-interior.com\/de\/#website"},"primaryImageOfPage":{"@id":"https:\/\/hubsch-interior.com\/de\/produkt\/ripple-hangelampe-grun\/#primaryimage"},"image":{"@id":"https:\/\/hubsch-interior.com\/de\/produkt\/ripple-hangelampe-grun\/#primaryimage"},"thumbnailUrl":"https:\/\/hubsch-interior.com\/wp-content\/uploads\/2026\/02\/ripple-pendant-green-eecdd2e978f6b879e8d83c3bd59c528b.jpg","datePublished":"2024-01-29T08:38:27+00:00","dateModified":"2026-04-08T03:18:46+00:00","description":"Bringen Sie einen Hauch von Eleganz in Ihren Wohnraum mit unserer Ripple H\u00e4ngelampe. In zwei atemberaubenden Varianten erh\u00e4ltlich, zeichnet sich diese","breadcrumb":{"@id":"https:\/\/hubsch-interior.com\/de\/produkt\/ripple-hangelampe-grun\/#breadcrumb"},"inLanguage":"de","potentialAction":[{"@type":"ReadAction","target":["https:\/\/hubsch-interior.com\/de\/produkt\/ripple-hangelampe-grun\/"]}]},{"@type":"ImageObject","inLanguage":"de","@id":"https:\/\/hubsch-interior.com\/de\/produkt\/ripple-hangelampe-grun\/#primaryimage","url":"https:\/\/hubsch-interior.com\/wp-content\/uploads\/2026\/02\/ripple-pendant-green-eecdd2e978f6b879e8d83c3bd59c528b.jpg","contentUrl":"https:\/\/hubsch-interior.com\/wp-content\/uploads\/2026\/02\/ripple-pendant-green-eecdd2e978f6b879e8d83c3bd59c528b.jpg","width":1024,"height":1024},{"@type":"BreadcrumbList","@id":"https:\/\/hubsch-interior.com\/de\/produkt\/ripple-hangelampe-grun\/#breadcrumb","itemListElement":[{"@type":"ListItem","position":1,"name":"Startseite","item":"https:\/\/hubsch-interior.com\/de\/"},{"@type":"ListItem","position":2,"name":"Produkte","item":"https:\/\/hubsch-interior.com\/de\/shop-2\/"},{"@type":"ListItem","position":3,"name":"Beleuchtung","item":"https:\/\/hubsch-interior.com\/de\/produkt-kategorie\/beleuchtung\/"},{"@type":"ListItem","position":4,"name":"H&auml;ngelampen","item":"https:\/\/hubsch-interior.com\/de\/produkt-kategorie\/beleuchtung\/haengelampen-de\/"},{"@type":"ListItem","position":5,"name":"Ripple H\u00e4ngelampe Gr\u00fcn"}]},{"@type":"WebSite","@id":"https:\/\/hubsch-interior.com\/de\/#website","url":"https:\/\/hubsch-interior.com\/de\/","name":"H\u00fcbsch","description":"Danish Home Interior and Design","publisher":{"@id":"https:\/\/hubsch-interior.com\/de\/#organization"},"potentialAction":[{"@type":"SearchAction","target":{"@type":"EntryPoint","urlTemplate":"https:\/\/hubsch-interior.com\/de\/?s={search_term_string}"},"query-input":{"@type":"PropertyValueSpecification","valueRequired":true,"valueName":"search_term_string"}}],"inLanguage":"de"},{"@type":"Organization","@id":"https:\/\/hubsch-interior.com\/de\/#organization","name":"H\u00fcbsch","url":"https:\/\/hubsch-interior.com\/de\/","logo":{"@type":"ImageObject","inLanguage":"de","@id":"https:\/\/hubsch-interior.com\/de\/#\/schema\/logo\/image\/","url":"https:\/\/hubsch-interior.com\/wp-content\/uploads\/2022\/12\/Hubsch_logo_black_one_line.svg","contentUrl":"https:\/\/hubsch-interior.com\/wp-content\/uploads\/2022\/12\/Hubsch_logo_black_one_line.svg","caption":"H\u00fcbsch"},"image":{"@id":"https:\/\/hubsch-interior.com\/de\/#\/schema\/logo\/image\/"}}]}},"_links":{"self":[{"href":"https:\/\/hubsch-interior.com\/de\/wp-json\/wp\/v2\/product\/978288","targetHints":{"allow":["GET"]}}],"collection":[{"href":"https:\/\/hubsch-interior.com\/de\/wp-json\/wp\/v2\/product"}],"about":[{"href":"https:\/\/hubsch-interior.com\/de\/wp-json\/wp\/v2\/types\/product"}],"wp:featuredmedia":[{"embeddable":true,"href":"https:\/\/hubsch-interior.com\/de\/wp-json\/wp\/v2\/media\/1113630"}],"wp:attachment":[{"href":"https:\/\/hubsch-interior.com\/de\/wp-json\/wp\/v2\/media?parent=978288"}],"wp:term":[{"taxonomy":"product_brand","embeddable":true,"href":"https:\/\/hubsch-interior.com\/de\/wp-json\/wp\/v2\/product_brand?post=978288"},{"taxonomy":"product_cat","embeddable":true,"href":"https:\/\/hubsch-interior.com\/de\/wp-json\/wp\/v2\/product_cat?post=978288"},{"taxonomy":"product_tag","embeddable":true,"href":"https:\/\/hubsch-interior.com\/de\/wp-json\/wp\/v2\/product_tag?post=978288"}],"curies":[{"name":"wp","href":"https:\/\/api.w.org\/{rel}","templated":true}]}}