{"id":978312,"date":"2024-01-29T09:38:41","date_gmt":"2024-01-29T08:38:41","guid":{"rendered":"https:\/\/hubsch-interior.com\/product\/product\/"},"modified":"2026-04-08T05:18:51","modified_gmt":"2026-04-08T03:18:51","slug":"splint-tablett-rot-naturfarben","status":"publish","type":"product","link":"https:\/\/hubsch-interior.com\/de\/produkt\/splint-tablett-rot-naturfarben\/","title":{"rendered":"Splint Tablett Rot\/Naturfarben"},"content":{"rendered":"<p>Wir pr\u00e4sentieren unser Splint Tablett, eine einzigartige Erg\u00e4nzung f\u00fcr Ihre Wohnkultur. Hergestellt aus FSC-zertifiziertem Holz und einer einzigartigen Kombination aus Metall und Rattan, ist dieses Tablett ein wahres Zeugnis f\u00fcr Nachhaltigkeit und Handwerkskunst. Seine nat\u00fcrliche Farbe und die kontrastierenden Texturen verleihen jedem Raum eine warme Note, w\u00e4hrend der rote Stahlrahmen einen faszinierenden Kontrast schafft. Die geflochtenen Rattan-Details f\u00fcgen dem Gesamtdesign eine elegante Note hinzu und machen es zu einem vielseitigen St\u00fcck f\u00fcr jeden Wohnstil.<\/p>\n","protected":false},"excerpt":{"rendered":"<p>Wir pr\u00e4sentieren unser Splint Tablett, eine einzigartige Erg\u00e4nzung f\u00fcr Ihre Wohnkultur. Hergestellt aus FSC-zertifiziertem Holz und einer einzigartigen Kombination aus Metall und Rattan, ist dieses Tablett ein wahres Zeugnis f\u00fcr Nachhaltigkeit und Handwerkskunst. Seine nat\u00fcrliche Farbe und die kontrastierenden Texturen verleihen jedem Raum eine warme Note, w\u00e4hrend der rote Stahlrahmen einen faszinierenden Kontrast schafft. Die [&hellip;]<\/p>\n","protected":false},"featured_media":1113646,"template":"","meta":{"_acf_changed":false,"inline_featured_image":false},"product_brand":[],"product_cat":[6884,6323,6349,4055,7040,4056,7029],"product_tag":[],"class_list":{"0":"post-978312","1":"product","2":"type-product","3":"status-publish","4":"has-post-thumbnail","6":"product_cat-elevating-nostalgia-de","7":"product_cat-fsc-de","8":"product_cat-garden-selection-de","9":"product_cat-kuechenzubehoer-de","10":"product_cat-tabletts-de-tischgeschirr-de-2","11":"product_cat-tabletts-de","12":"product_cat-tischgeschirr-de-2","13":"product_shipping_class-pk","14":"pa_color-naturfarben-2","15":"pa_color-rot-2","16":"pa_material-eisen-de","17":"pa_material-rattan-de","19":"first","20":"instock","21":"taxable","22":"shipping-taxable","23":"purchasable","24":"product-type-simple"},"exclude_global_add_ons":[],"addons":[],"acf":[],"yoast_head":"<!-- This site is optimized with the Yoast SEO plugin v26.4 - https:\/\/yoast.com\/wordpress\/plugins\/seo\/ -->\n<title>Splint Tablett Rot\/Naturfarben - H\u00fcbsch<\/title>\n<meta name=\"description\" content=\"Wir pr\u00e4sentieren unser Splint Tablett, eine einzigartige Erg\u00e4nzung f\u00fcr Ihre Wohnkultur. Hergestellt aus FSC-zertifiziertem Holz und einer einzigartigen\" \/>\n<meta name=\"robots\" content=\"index, follow, max-snippet:-1, max-image-preview:large, max-video-preview:-1\" \/>\n<link rel=\"canonical\" href=\"https:\/\/hubsch-interior.com\/de\/wp-json\/wp\/v2\/product\/978312\" \/>\n<meta property=\"og:locale\" content=\"de_DE\" \/>\n<meta property=\"og:type\" content=\"article\" \/>\n<meta property=\"og:title\" content=\"Splint Tablett Rot\/Naturfarben - H\u00fcbsch\" \/>\n<meta property=\"og:description\" content=\"Wir pr\u00e4sentieren unser Splint Tablett, eine einzigartige Erg\u00e4nzung f\u00fcr Ihre Wohnkultur. Hergestellt aus FSC-zertifiziertem Holz und einer einzigartigen\" \/>\n<meta property=\"og:url\" content=\"https:\/\/hubsch-interior.com\/de\/produkt\/splint-tablett-rot-naturfarben\/\" \/>\n<meta property=\"og:site_name\" content=\"H\u00fcbsch\" \/>\n<meta property=\"article:modified_time\" content=\"2026-04-08T03:18:51+00:00\" \/>\n<meta property=\"og:image\" content=\"https:\/\/hubsch-interior.com\/wp-content\/uploads\/2025\/01\/splint-tray-rednatural-42e511bc76fe5da2dfefed8cfdde4f6b.jpg\" \/>\n\t<meta property=\"og:image:width\" content=\"1200\" \/>\n\t<meta property=\"og:image:height\" content=\"1200\" \/>\n\t<meta property=\"og:image:type\" content=\"image\/jpeg\" \/>\n<meta name=\"twitter:card\" content=\"summary_large_image\" \/>\n<script type=\"application\/ld+json\" class=\"yoast-schema-graph\">{\"@context\":\"https:\/\/schema.org\",\"@graph\":[{\"@type\":\"WebPage\",\"@id\":\"https:\/\/hubsch-interior.com\/de\/produkt\/splint-tablett-rot-naturfarben\/\",\"url\":\"https:\/\/hubsch-interior.com\/de\/produkt\/splint-tablett-rot-naturfarben\/\",\"name\":\"Splint Tablett Rot\/Naturfarben - H\u00fcbsch\",\"isPartOf\":{\"@id\":\"https:\/\/hubsch-interior.com\/de\/#website\"},\"primaryImageOfPage\":{\"@id\":\"https:\/\/hubsch-interior.com\/de\/produkt\/splint-tablett-rot-naturfarben\/#primaryimage\"},\"image\":{\"@id\":\"https:\/\/hubsch-interior.com\/de\/produkt\/splint-tablett-rot-naturfarben\/#primaryimage\"},\"thumbnailUrl\":\"https:\/\/hubsch-interior.com\/wp-content\/uploads\/2026\/02\/splint-tray-rednatural-94c7b4fa63aea6473341d808e9e2e6a5.jpg\",\"datePublished\":\"2024-01-29T08:38:41+00:00\",\"dateModified\":\"2026-04-08T03:18:51+00:00\",\"description\":\"Wir pr\u00e4sentieren unser Splint Tablett, eine einzigartige Erg\u00e4nzung f\u00fcr Ihre Wohnkultur. Hergestellt aus FSC-zertifiziertem Holz und einer einzigartigen\",\"breadcrumb\":{\"@id\":\"https:\/\/hubsch-interior.com\/de\/produkt\/splint-tablett-rot-naturfarben\/#breadcrumb\"},\"inLanguage\":\"de\",\"potentialAction\":[{\"@type\":\"ReadAction\",\"target\":[\"https:\/\/hubsch-interior.com\/de\/produkt\/splint-tablett-rot-naturfarben\/\"]}]},{\"@type\":\"ImageObject\",\"inLanguage\":\"de\",\"@id\":\"https:\/\/hubsch-interior.com\/de\/produkt\/splint-tablett-rot-naturfarben\/#primaryimage\",\"url\":\"https:\/\/hubsch-interior.com\/wp-content\/uploads\/2026\/02\/splint-tray-rednatural-94c7b4fa63aea6473341d808e9e2e6a5.jpg\",\"contentUrl\":\"https:\/\/hubsch-interior.com\/wp-content\/uploads\/2026\/02\/splint-tray-rednatural-94c7b4fa63aea6473341d808e9e2e6a5.jpg\",\"width\":1024,\"height\":1024},{\"@type\":\"BreadcrumbList\",\"@id\":\"https:\/\/hubsch-interior.com\/de\/produkt\/splint-tablett-rot-naturfarben\/#breadcrumb\",\"itemListElement\":[{\"@type\":\"ListItem\",\"position\":1,\"name\":\"Startseite\",\"item\":\"https:\/\/hubsch-interior.com\/de\/\"},{\"@type\":\"ListItem\",\"position\":2,\"name\":\"Produkte\",\"item\":\"https:\/\/hubsch-interior.com\/de\/shop-2\/\"},{\"@type\":\"ListItem\",\"position\":3,\"name\":\"K\u00fcche\",\"item\":\"https:\/\/hubsch-interior.com\/de\/produkt-kategorie\/kuche\/\"},{\"@type\":\"ListItem\",\"position\":4,\"name\":\"Tischgeschirr\",\"item\":\"https:\/\/hubsch-interior.com\/de\/produkt-kategorie\/kuche\/tischgeschirr-de-2\/\"},{\"@type\":\"ListItem\",\"position\":5,\"name\":\"Tabletts\",\"item\":\"https:\/\/hubsch-interior.com\/de\/produkt-kategorie\/kuche\/tischgeschirr-de-2\/tabletts-de-tischgeschirr-de-2\/\"},{\"@type\":\"ListItem\",\"position\":6,\"name\":\"Splint Tablett Rot\/Naturfarben\"}]},{\"@type\":\"WebSite\",\"@id\":\"https:\/\/hubsch-interior.com\/de\/#website\",\"url\":\"https:\/\/hubsch-interior.com\/de\/\",\"name\":\"H\u00fcbsch\",\"description\":\"Danish Home Interior and Design\",\"publisher\":{\"@id\":\"https:\/\/hubsch-interior.com\/de\/#organization\"},\"potentialAction\":[{\"@type\":\"SearchAction\",\"target\":{\"@type\":\"EntryPoint\",\"urlTemplate\":\"https:\/\/hubsch-interior.com\/de\/?s={search_term_string}\"},\"query-input\":{\"@type\":\"PropertyValueSpecification\",\"valueRequired\":true,\"valueName\":\"search_term_string\"}}],\"inLanguage\":\"de\"},{\"@type\":\"Organization\",\"@id\":\"https:\/\/hubsch-interior.com\/de\/#organization\",\"name\":\"H\u00fcbsch\",\"url\":\"https:\/\/hubsch-interior.com\/de\/\",\"logo\":{\"@type\":\"ImageObject\",\"inLanguage\":\"de\",\"@id\":\"https:\/\/hubsch-interior.com\/de\/#\/schema\/logo\/image\/\",\"url\":\"https:\/\/hubsch-interior.com\/wp-content\/uploads\/2022\/12\/Hubsch_logo_black_one_line.svg\",\"contentUrl\":\"https:\/\/hubsch-interior.com\/wp-content\/uploads\/2022\/12\/Hubsch_logo_black_one_line.svg\",\"caption\":\"H\u00fcbsch\"},\"image\":{\"@id\":\"https:\/\/hubsch-interior.com\/de\/#\/schema\/logo\/image\/\"}}]}<\/script>\n<!-- \/ Yoast SEO plugin. -->","yoast_head_json":{"title":"Splint Tablett Rot\/Naturfarben - H\u00fcbsch","description":"Wir pr\u00e4sentieren unser Splint Tablett, eine einzigartige Erg\u00e4nzung f\u00fcr Ihre Wohnkultur. Hergestellt aus FSC-zertifiziertem Holz und einer einzigartigen","robots":{"index":"index","follow":"follow","max-snippet":"max-snippet:-1","max-image-preview":"max-image-preview:large","max-video-preview":"max-video-preview:-1"},"canonical":"https:\/\/hubsch-interior.com\/de\/wp-json\/wp\/v2\/product\/978312","og_locale":"de_DE","og_type":"article","og_title":"Splint Tablett Rot\/Naturfarben - H\u00fcbsch","og_description":"Wir pr\u00e4sentieren unser Splint Tablett, eine einzigartige Erg\u00e4nzung f\u00fcr Ihre Wohnkultur. Hergestellt aus FSC-zertifiziertem Holz und einer einzigartigen","og_url":"https:\/\/hubsch-interior.com\/de\/produkt\/splint-tablett-rot-naturfarben\/","og_site_name":"H\u00fcbsch","article_modified_time":"2026-04-08T03:18:51+00:00","og_image":[{"width":1200,"height":1200,"url":"https:\/\/hubsch-interior.com\/wp-content\/uploads\/2025\/01\/splint-tray-rednatural-42e511bc76fe5da2dfefed8cfdde4f6b.jpg","type":"image\/jpeg"}],"twitter_card":"summary_large_image","schema":{"@context":"https:\/\/schema.org","@graph":[{"@type":"WebPage","@id":"https:\/\/hubsch-interior.com\/de\/produkt\/splint-tablett-rot-naturfarben\/","url":"https:\/\/hubsch-interior.com\/de\/produkt\/splint-tablett-rot-naturfarben\/","name":"Splint Tablett Rot\/Naturfarben - H\u00fcbsch","isPartOf":{"@id":"https:\/\/hubsch-interior.com\/de\/#website"},"primaryImageOfPage":{"@id":"https:\/\/hubsch-interior.com\/de\/produkt\/splint-tablett-rot-naturfarben\/#primaryimage"},"image":{"@id":"https:\/\/hubsch-interior.com\/de\/produkt\/splint-tablett-rot-naturfarben\/#primaryimage"},"thumbnailUrl":"https:\/\/hubsch-interior.com\/wp-content\/uploads\/2026\/02\/splint-tray-rednatural-94c7b4fa63aea6473341d808e9e2e6a5.jpg","datePublished":"2024-01-29T08:38:41+00:00","dateModified":"2026-04-08T03:18:51+00:00","description":"Wir pr\u00e4sentieren unser Splint Tablett, eine einzigartige Erg\u00e4nzung f\u00fcr Ihre Wohnkultur. Hergestellt aus FSC-zertifiziertem Holz und einer einzigartigen","breadcrumb":{"@id":"https:\/\/hubsch-interior.com\/de\/produkt\/splint-tablett-rot-naturfarben\/#breadcrumb"},"inLanguage":"de","potentialAction":[{"@type":"ReadAction","target":["https:\/\/hubsch-interior.com\/de\/produkt\/splint-tablett-rot-naturfarben\/"]}]},{"@type":"ImageObject","inLanguage":"de","@id":"https:\/\/hubsch-interior.com\/de\/produkt\/splint-tablett-rot-naturfarben\/#primaryimage","url":"https:\/\/hubsch-interior.com\/wp-content\/uploads\/2026\/02\/splint-tray-rednatural-94c7b4fa63aea6473341d808e9e2e6a5.jpg","contentUrl":"https:\/\/hubsch-interior.com\/wp-content\/uploads\/2026\/02\/splint-tray-rednatural-94c7b4fa63aea6473341d808e9e2e6a5.jpg","width":1024,"height":1024},{"@type":"BreadcrumbList","@id":"https:\/\/hubsch-interior.com\/de\/produkt\/splint-tablett-rot-naturfarben\/#breadcrumb","itemListElement":[{"@type":"ListItem","position":1,"name":"Startseite","item":"https:\/\/hubsch-interior.com\/de\/"},{"@type":"ListItem","position":2,"name":"Produkte","item":"https:\/\/hubsch-interior.com\/de\/shop-2\/"},{"@type":"ListItem","position":3,"name":"K\u00fcche","item":"https:\/\/hubsch-interior.com\/de\/produkt-kategorie\/kuche\/"},{"@type":"ListItem","position":4,"name":"Tischgeschirr","item":"https:\/\/hubsch-interior.com\/de\/produkt-kategorie\/kuche\/tischgeschirr-de-2\/"},{"@type":"ListItem","position":5,"name":"Tabletts","item":"https:\/\/hubsch-interior.com\/de\/produkt-kategorie\/kuche\/tischgeschirr-de-2\/tabletts-de-tischgeschirr-de-2\/"},{"@type":"ListItem","position":6,"name":"Splint Tablett Rot\/Naturfarben"}]},{"@type":"WebSite","@id":"https:\/\/hubsch-interior.com\/de\/#website","url":"https:\/\/hubsch-interior.com\/de\/","name":"H\u00fcbsch","description":"Danish Home Interior and Design","publisher":{"@id":"https:\/\/hubsch-interior.com\/de\/#organization"},"potentialAction":[{"@type":"SearchAction","target":{"@type":"EntryPoint","urlTemplate":"https:\/\/hubsch-interior.com\/de\/?s={search_term_string}"},"query-input":{"@type":"PropertyValueSpecification","valueRequired":true,"valueName":"search_term_string"}}],"inLanguage":"de"},{"@type":"Organization","@id":"https:\/\/hubsch-interior.com\/de\/#organization","name":"H\u00fcbsch","url":"https:\/\/hubsch-interior.com\/de\/","logo":{"@type":"ImageObject","inLanguage":"de","@id":"https:\/\/hubsch-interior.com\/de\/#\/schema\/logo\/image\/","url":"https:\/\/hubsch-interior.com\/wp-content\/uploads\/2022\/12\/Hubsch_logo_black_one_line.svg","contentUrl":"https:\/\/hubsch-interior.com\/wp-content\/uploads\/2022\/12\/Hubsch_logo_black_one_line.svg","caption":"H\u00fcbsch"},"image":{"@id":"https:\/\/hubsch-interior.com\/de\/#\/schema\/logo\/image\/"}}]}},"_links":{"self":[{"href":"https:\/\/hubsch-interior.com\/de\/wp-json\/wp\/v2\/product\/978312","targetHints":{"allow":["GET"]}}],"collection":[{"href":"https:\/\/hubsch-interior.com\/de\/wp-json\/wp\/v2\/product"}],"about":[{"href":"https:\/\/hubsch-interior.com\/de\/wp-json\/wp\/v2\/types\/product"}],"wp:featuredmedia":[{"embeddable":true,"href":"https:\/\/hubsch-interior.com\/de\/wp-json\/wp\/v2\/media\/1113646"}],"wp:attachment":[{"href":"https:\/\/hubsch-interior.com\/de\/wp-json\/wp\/v2\/media?parent=978312"}],"wp:term":[{"taxonomy":"product_brand","embeddable":true,"href":"https:\/\/hubsch-interior.com\/de\/wp-json\/wp\/v2\/product_brand?post=978312"},{"taxonomy":"product_cat","embeddable":true,"href":"https:\/\/hubsch-interior.com\/de\/wp-json\/wp\/v2\/product_cat?post=978312"},{"taxonomy":"product_tag","embeddable":true,"href":"https:\/\/hubsch-interior.com\/de\/wp-json\/wp\/v2\/product_tag?post=978312"}],"curies":[{"name":"wp","href":"https:\/\/api.w.org\/{rel}","templated":true}]}}