{"id":978368,"date":"2024-01-29T09:39:20","date_gmt":"2024-01-29T08:39:20","guid":{"rendered":"https:\/\/hubsch-interior.com\/product\/product\/"},"modified":"2026-04-09T05:19:12","modified_gmt":"2026-04-09T03:19:12","slug":"play-kuchenrollenhalter-grau-gelb","status":"publish","type":"product","link":"https:\/\/hubsch-interior.com\/de\/produkt\/play-kuchenrollenhalter-grau-gelb\/","title":{"rendered":"Play K\u00fcchenrollenhalter Grau\/Gelb"},"content":{"rendered":"<p>Unser Play K\u00fcchenrollenhalter ist die perfekte Erg\u00e4nzung f\u00fcr jeden K\u00fcchenbereich. Hergestellt aus hochwertigem Metall, ist dieser Halter nicht nur stabil, sondern verleiht Ihrer K\u00fcche auch mit seiner schlanken und modernen Oberfl\u00e4che einen Hauch von Stil. Die grau-gelbe Farbkombination dieses Halters wird sicherlich Ihre Aufmerksamkeit erregen und Ihrem K\u00fcchenbereich einen Farbtupfer verleihen. Halten Sie Ihre K\u00fcchenrolle stets griffbereit und organisiert mit diesem funktionalen und stilvollen Play K\u00fcchenrollenhalter. Verabschieden Sie sich von unordentlichen Arbeitsplatten und begr\u00fc\u00dfen Sie eine besser organisierte und optisch ansprechendere K\u00fcche!<\/p>\n","protected":false},"excerpt":{"rendered":"<p>Unser Play K\u00fcchenrollenhalter ist die perfekte Erg\u00e4nzung f\u00fcr jeden K\u00fcchenbereich. Hergestellt aus hochwertigem Metall, ist dieser Halter nicht nur stabil, sondern verleiht Ihrer K\u00fcche auch mit seiner schlanken und modernen Oberfl\u00e4che einen Hauch von Stil. Die grau-gelbe Farbkombination dieses Halters wird sicherlich Ihre Aufmerksamkeit erregen und Ihrem K\u00fcchenbereich einen Farbtupfer verleihen. Halten Sie Ihre K\u00fcchenrolle [&hellip;]<\/p>\n","protected":false},"featured_media":1113662,"template":"","meta":{"_acf_changed":false,"inline_featured_image":false},"product_brand":[],"product_cat":[5027,6884,7060,4055,6972,6519,4096,7029],"product_tag":[],"class_list":{"0":"post-978368","1":"product","2":"type-product","3":"status-publish","4":"has-post-thumbnail","6":"product_cat-bestsellers-de","7":"product_cat-elevating-nostalgia-de","8":"product_cat-kuechenrollenhalter-de","9":"product_cat-kuechenzubehoer-de","10":"product_cat-oster-sale","11":"product_cat-outlet-de","12":"product_cat-tischgeschirr-de","13":"product_cat-tischgeschirr-de-2","14":"product_shipping_class-pk","16":"pa_color-gelb","17":"pa_color-grau-2","18":"pa_material-eisen-de","20":"first","21":"instock","22":"sale","23":"featured","24":"taxable","25":"shipping-taxable","26":"purchasable","27":"product-type-simple"},"exclude_global_add_ons":[],"addons":[],"acf":[],"yoast_head":"<!-- This site is optimized with the Yoast SEO plugin v26.4 - https:\/\/yoast.com\/wordpress\/plugins\/seo\/ -->\n<title>Play K\u00fcchenrollenhalter Grau\/Gelb - H\u00fcbsch<\/title>\n<meta name=\"description\" content=\"Unser Play K\u00fcchenrollenhalter ist die perfekte Erg\u00e4nzung f\u00fcr jeden K\u00fcchenbereich. Hergestellt aus hochwertigem Metall, ist dieser Halter nicht nur stabil,\" \/>\n<meta name=\"robots\" content=\"index, follow, max-snippet:-1, max-image-preview:large, max-video-preview:-1\" \/>\n<link rel=\"canonical\" href=\"https:\/\/hubsch-interior.com\/de\/wp-json\/wp\/v2\/product\/978368\" \/>\n<meta property=\"og:locale\" content=\"de_DE\" \/>\n<meta property=\"og:type\" content=\"article\" \/>\n<meta property=\"og:title\" content=\"Play K\u00fcchenrollenhalter Grau\/Gelb - H\u00fcbsch\" \/>\n<meta property=\"og:description\" content=\"Unser Play K\u00fcchenrollenhalter ist die perfekte Erg\u00e4nzung f\u00fcr jeden K\u00fcchenbereich. Hergestellt aus hochwertigem Metall, ist dieser Halter nicht nur stabil,\" \/>\n<meta property=\"og:url\" content=\"https:\/\/hubsch-interior.com\/de\/produkt\/play-kuchenrollenhalter-grau-gelb\/\" \/>\n<meta property=\"og:site_name\" content=\"H\u00fcbsch\" \/>\n<meta property=\"article:modified_time\" content=\"2026-04-09T03:19:12+00:00\" \/>\n<meta property=\"og:image\" content=\"https:\/\/hubsch-interior.com\/wp-content\/uploads\/2024\/01\/play-kitchen-roll-holder-greyyellow-c1c93f6cf2a47dc09cb475c250ec7592.jpg\" \/>\n\t<meta property=\"og:image:width\" content=\"1200\" \/>\n\t<meta property=\"og:image:height\" content=\"1200\" \/>\n\t<meta property=\"og:image:type\" content=\"image\/jpeg\" \/>\n<meta name=\"twitter:card\" content=\"summary_large_image\" \/>\n<script type=\"application\/ld+json\" class=\"yoast-schema-graph\">{\"@context\":\"https:\/\/schema.org\",\"@graph\":[{\"@type\":\"WebPage\",\"@id\":\"https:\/\/hubsch-interior.com\/de\/produkt\/play-kuchenrollenhalter-grau-gelb\/\",\"url\":\"https:\/\/hubsch-interior.com\/de\/produkt\/play-kuchenrollenhalter-grau-gelb\/\",\"name\":\"Play K\u00fcchenrollenhalter Grau\/Gelb - H\u00fcbsch\",\"isPartOf\":{\"@id\":\"https:\/\/hubsch-interior.com\/de\/#website\"},\"primaryImageOfPage\":{\"@id\":\"https:\/\/hubsch-interior.com\/de\/produkt\/play-kuchenrollenhalter-grau-gelb\/#primaryimage\"},\"image\":{\"@id\":\"https:\/\/hubsch-interior.com\/de\/produkt\/play-kuchenrollenhalter-grau-gelb\/#primaryimage\"},\"thumbnailUrl\":\"https:\/\/hubsch-interior.com\/wp-content\/uploads\/2026\/02\/play-kitchen-roll-holder-greyyellow-dbd84d8b0fc5bd6464ca1e820d6edfe4.jpg\",\"datePublished\":\"2024-01-29T08:39:20+00:00\",\"dateModified\":\"2026-04-09T03:19:12+00:00\",\"description\":\"Unser Play K\u00fcchenrollenhalter ist die perfekte Erg\u00e4nzung f\u00fcr jeden K\u00fcchenbereich. Hergestellt aus hochwertigem Metall, ist dieser Halter nicht nur stabil,\",\"breadcrumb\":{\"@id\":\"https:\/\/hubsch-interior.com\/de\/produkt\/play-kuchenrollenhalter-grau-gelb\/#breadcrumb\"},\"inLanguage\":\"de\",\"potentialAction\":[{\"@type\":\"ReadAction\",\"target\":[\"https:\/\/hubsch-interior.com\/de\/produkt\/play-kuchenrollenhalter-grau-gelb\/\"]}]},{\"@type\":\"ImageObject\",\"inLanguage\":\"de\",\"@id\":\"https:\/\/hubsch-interior.com\/de\/produkt\/play-kuchenrollenhalter-grau-gelb\/#primaryimage\",\"url\":\"https:\/\/hubsch-interior.com\/wp-content\/uploads\/2026\/02\/play-kitchen-roll-holder-greyyellow-dbd84d8b0fc5bd6464ca1e820d6edfe4.jpg\",\"contentUrl\":\"https:\/\/hubsch-interior.com\/wp-content\/uploads\/2026\/02\/play-kitchen-roll-holder-greyyellow-dbd84d8b0fc5bd6464ca1e820d6edfe4.jpg\",\"width\":1024,\"height\":1024},{\"@type\":\"BreadcrumbList\",\"@id\":\"https:\/\/hubsch-interior.com\/de\/produkt\/play-kuchenrollenhalter-grau-gelb\/#breadcrumb\",\"itemListElement\":[{\"@type\":\"ListItem\",\"position\":1,\"name\":\"Startseite\",\"item\":\"https:\/\/hubsch-interior.com\/de\/\"},{\"@type\":\"ListItem\",\"position\":2,\"name\":\"Produkte\",\"item\":\"https:\/\/hubsch-interior.com\/de\/shop-2\/\"},{\"@type\":\"ListItem\",\"position\":3,\"name\":\"K\u00fcche\",\"item\":\"https:\/\/hubsch-interior.com\/de\/produkt-kategorie\/kuche\/\"},{\"@type\":\"ListItem\",\"position\":4,\"name\":\"Tischgeschirr\",\"item\":\"https:\/\/hubsch-interior.com\/de\/produkt-kategorie\/kuche\/tischgeschirr-de-2\/\"},{\"@type\":\"ListItem\",\"position\":5,\"name\":\"K&uuml;chenrollenhalter\",\"item\":\"https:\/\/hubsch-interior.com\/de\/produkt-kategorie\/kuche\/tischgeschirr-de-2\/kuechenrollenhalter-de\/\"},{\"@type\":\"ListItem\",\"position\":6,\"name\":\"Play K\u00fcchenrollenhalter Grau\/Gelb\"}]},{\"@type\":\"WebSite\",\"@id\":\"https:\/\/hubsch-interior.com\/de\/#website\",\"url\":\"https:\/\/hubsch-interior.com\/de\/\",\"name\":\"H\u00fcbsch\",\"description\":\"Danish Home Interior and Design\",\"publisher\":{\"@id\":\"https:\/\/hubsch-interior.com\/de\/#organization\"},\"potentialAction\":[{\"@type\":\"SearchAction\",\"target\":{\"@type\":\"EntryPoint\",\"urlTemplate\":\"https:\/\/hubsch-interior.com\/de\/?s={search_term_string}\"},\"query-input\":{\"@type\":\"PropertyValueSpecification\",\"valueRequired\":true,\"valueName\":\"search_term_string\"}}],\"inLanguage\":\"de\"},{\"@type\":\"Organization\",\"@id\":\"https:\/\/hubsch-interior.com\/de\/#organization\",\"name\":\"H\u00fcbsch\",\"url\":\"https:\/\/hubsch-interior.com\/de\/\",\"logo\":{\"@type\":\"ImageObject\",\"inLanguage\":\"de\",\"@id\":\"https:\/\/hubsch-interior.com\/de\/#\/schema\/logo\/image\/\",\"url\":\"https:\/\/hubsch-interior.com\/wp-content\/uploads\/2022\/12\/Hubsch_logo_black_one_line.svg\",\"contentUrl\":\"https:\/\/hubsch-interior.com\/wp-content\/uploads\/2022\/12\/Hubsch_logo_black_one_line.svg\",\"caption\":\"H\u00fcbsch\"},\"image\":{\"@id\":\"https:\/\/hubsch-interior.com\/de\/#\/schema\/logo\/image\/\"}}]}<\/script>\n<!-- \/ Yoast SEO plugin. -->","yoast_head_json":{"title":"Play K\u00fcchenrollenhalter Grau\/Gelb - H\u00fcbsch","description":"Unser Play K\u00fcchenrollenhalter ist die perfekte Erg\u00e4nzung f\u00fcr jeden K\u00fcchenbereich. Hergestellt aus hochwertigem Metall, ist dieser Halter nicht nur stabil,","robots":{"index":"index","follow":"follow","max-snippet":"max-snippet:-1","max-image-preview":"max-image-preview:large","max-video-preview":"max-video-preview:-1"},"canonical":"https:\/\/hubsch-interior.com\/de\/wp-json\/wp\/v2\/product\/978368","og_locale":"de_DE","og_type":"article","og_title":"Play K\u00fcchenrollenhalter Grau\/Gelb - H\u00fcbsch","og_description":"Unser Play K\u00fcchenrollenhalter ist die perfekte Erg\u00e4nzung f\u00fcr jeden K\u00fcchenbereich. Hergestellt aus hochwertigem Metall, ist dieser Halter nicht nur stabil,","og_url":"https:\/\/hubsch-interior.com\/de\/produkt\/play-kuchenrollenhalter-grau-gelb\/","og_site_name":"H\u00fcbsch","article_modified_time":"2026-04-09T03:19:12+00:00","og_image":[{"width":1200,"height":1200,"url":"https:\/\/hubsch-interior.com\/wp-content\/uploads\/2024\/01\/play-kitchen-roll-holder-greyyellow-c1c93f6cf2a47dc09cb475c250ec7592.jpg","type":"image\/jpeg"}],"twitter_card":"summary_large_image","schema":{"@context":"https:\/\/schema.org","@graph":[{"@type":"WebPage","@id":"https:\/\/hubsch-interior.com\/de\/produkt\/play-kuchenrollenhalter-grau-gelb\/","url":"https:\/\/hubsch-interior.com\/de\/produkt\/play-kuchenrollenhalter-grau-gelb\/","name":"Play K\u00fcchenrollenhalter Grau\/Gelb - H\u00fcbsch","isPartOf":{"@id":"https:\/\/hubsch-interior.com\/de\/#website"},"primaryImageOfPage":{"@id":"https:\/\/hubsch-interior.com\/de\/produkt\/play-kuchenrollenhalter-grau-gelb\/#primaryimage"},"image":{"@id":"https:\/\/hubsch-interior.com\/de\/produkt\/play-kuchenrollenhalter-grau-gelb\/#primaryimage"},"thumbnailUrl":"https:\/\/hubsch-interior.com\/wp-content\/uploads\/2026\/02\/play-kitchen-roll-holder-greyyellow-dbd84d8b0fc5bd6464ca1e820d6edfe4.jpg","datePublished":"2024-01-29T08:39:20+00:00","dateModified":"2026-04-09T03:19:12+00:00","description":"Unser Play K\u00fcchenrollenhalter ist die perfekte Erg\u00e4nzung f\u00fcr jeden K\u00fcchenbereich. Hergestellt aus hochwertigem Metall, ist dieser Halter nicht nur stabil,","breadcrumb":{"@id":"https:\/\/hubsch-interior.com\/de\/produkt\/play-kuchenrollenhalter-grau-gelb\/#breadcrumb"},"inLanguage":"de","potentialAction":[{"@type":"ReadAction","target":["https:\/\/hubsch-interior.com\/de\/produkt\/play-kuchenrollenhalter-grau-gelb\/"]}]},{"@type":"ImageObject","inLanguage":"de","@id":"https:\/\/hubsch-interior.com\/de\/produkt\/play-kuchenrollenhalter-grau-gelb\/#primaryimage","url":"https:\/\/hubsch-interior.com\/wp-content\/uploads\/2026\/02\/play-kitchen-roll-holder-greyyellow-dbd84d8b0fc5bd6464ca1e820d6edfe4.jpg","contentUrl":"https:\/\/hubsch-interior.com\/wp-content\/uploads\/2026\/02\/play-kitchen-roll-holder-greyyellow-dbd84d8b0fc5bd6464ca1e820d6edfe4.jpg","width":1024,"height":1024},{"@type":"BreadcrumbList","@id":"https:\/\/hubsch-interior.com\/de\/produkt\/play-kuchenrollenhalter-grau-gelb\/#breadcrumb","itemListElement":[{"@type":"ListItem","position":1,"name":"Startseite","item":"https:\/\/hubsch-interior.com\/de\/"},{"@type":"ListItem","position":2,"name":"Produkte","item":"https:\/\/hubsch-interior.com\/de\/shop-2\/"},{"@type":"ListItem","position":3,"name":"K\u00fcche","item":"https:\/\/hubsch-interior.com\/de\/produkt-kategorie\/kuche\/"},{"@type":"ListItem","position":4,"name":"Tischgeschirr","item":"https:\/\/hubsch-interior.com\/de\/produkt-kategorie\/kuche\/tischgeschirr-de-2\/"},{"@type":"ListItem","position":5,"name":"K&uuml;chenrollenhalter","item":"https:\/\/hubsch-interior.com\/de\/produkt-kategorie\/kuche\/tischgeschirr-de-2\/kuechenrollenhalter-de\/"},{"@type":"ListItem","position":6,"name":"Play K\u00fcchenrollenhalter Grau\/Gelb"}]},{"@type":"WebSite","@id":"https:\/\/hubsch-interior.com\/de\/#website","url":"https:\/\/hubsch-interior.com\/de\/","name":"H\u00fcbsch","description":"Danish Home Interior and Design","publisher":{"@id":"https:\/\/hubsch-interior.com\/de\/#organization"},"potentialAction":[{"@type":"SearchAction","target":{"@type":"EntryPoint","urlTemplate":"https:\/\/hubsch-interior.com\/de\/?s={search_term_string}"},"query-input":{"@type":"PropertyValueSpecification","valueRequired":true,"valueName":"search_term_string"}}],"inLanguage":"de"},{"@type":"Organization","@id":"https:\/\/hubsch-interior.com\/de\/#organization","name":"H\u00fcbsch","url":"https:\/\/hubsch-interior.com\/de\/","logo":{"@type":"ImageObject","inLanguage":"de","@id":"https:\/\/hubsch-interior.com\/de\/#\/schema\/logo\/image\/","url":"https:\/\/hubsch-interior.com\/wp-content\/uploads\/2022\/12\/Hubsch_logo_black_one_line.svg","contentUrl":"https:\/\/hubsch-interior.com\/wp-content\/uploads\/2022\/12\/Hubsch_logo_black_one_line.svg","caption":"H\u00fcbsch"},"image":{"@id":"https:\/\/hubsch-interior.com\/de\/#\/schema\/logo\/image\/"}}]}},"_links":{"self":[{"href":"https:\/\/hubsch-interior.com\/de\/wp-json\/wp\/v2\/product\/978368","targetHints":{"allow":["GET"]}}],"collection":[{"href":"https:\/\/hubsch-interior.com\/de\/wp-json\/wp\/v2\/product"}],"about":[{"href":"https:\/\/hubsch-interior.com\/de\/wp-json\/wp\/v2\/types\/product"}],"wp:featuredmedia":[{"embeddable":true,"href":"https:\/\/hubsch-interior.com\/de\/wp-json\/wp\/v2\/media\/1113662"}],"wp:attachment":[{"href":"https:\/\/hubsch-interior.com\/de\/wp-json\/wp\/v2\/media?parent=978368"}],"wp:term":[{"taxonomy":"product_brand","embeddable":true,"href":"https:\/\/hubsch-interior.com\/de\/wp-json\/wp\/v2\/product_brand?post=978368"},{"taxonomy":"product_cat","embeddable":true,"href":"https:\/\/hubsch-interior.com\/de\/wp-json\/wp\/v2\/product_cat?post=978368"},{"taxonomy":"product_tag","embeddable":true,"href":"https:\/\/hubsch-interior.com\/de\/wp-json\/wp\/v2\/product_tag?post=978368"}],"curies":[{"name":"wp","href":"https:\/\/api.w.org\/{rel}","templated":true}]}}