{"id":978396,"date":"2024-01-29T09:39:34","date_gmt":"2024-01-29T08:39:34","guid":{"rendered":"https:\/\/hubsch-interior.com\/product\/product\/"},"modified":"2026-04-09T05:19:18","modified_gmt":"2026-04-09T03:19:18","slug":"pond-tablett-sandfarben","status":"publish","type":"product","link":"https:\/\/hubsch-interior.com\/de\/produkt\/pond-tablett-sandfarben\/","title":{"rendered":"Pond Tablett Sandfarben"},"content":{"rendered":"<p>Wir pr\u00e4sentieren die perfekte Erg\u00e4nzung f\u00fcr Ihre Wohnkultur &#8211; das Pond Tablett in Sand! Hergestellt aus massivem Metall, verf\u00fcgt dieses Tablett \u00fcber eine einzigartige wellenf\u00f6rmige Form, die Ihnen unbegrenzte M\u00f6glichkeiten bietet, um ein pers\u00f6nliches Stilleben zu kreieren. Seine nat\u00fcrliche Form und Farbe machen es zu einem Blickfang, der nahtlos in jede Inneneinrichtung passt. Nutzen Sie es, um Getr\u00e4nke bei Ihrer n\u00e4chsten Feier zu servieren oder um Ihre Lieblingsdekorationen zu pr\u00e4sentieren. Mit seiner robusten Konstruktion ist das Pond Tablett darauf ausgelegt, lange zu halten und Ihren Wohnraum zu versch\u00f6nern.<\/p>\n","protected":false},"excerpt":{"rendered":"<p>Wir pr\u00e4sentieren die perfekte Erg\u00e4nzung f\u00fcr Ihre Wohnkultur &#8211; das Pond Tablett in Sand! Hergestellt aus massivem Metall, verf\u00fcgt dieses Tablett \u00fcber eine einzigartige wellenf\u00f6rmige Form, die Ihnen unbegrenzte M\u00f6glichkeiten bietet, um ein pers\u00f6nliches Stilleben zu kreieren. Seine nat\u00fcrliche Form und Farbe machen es zu einem Blickfang, der nahtlos in jede Inneneinrichtung passt. Nutzen Sie [&hellip;]<\/p>\n","protected":false},"featured_media":1113674,"template":"","meta":{"_acf_changed":false,"inline_featured_image":false},"product_brand":[],"product_cat":[6884,6972,7040,7029,4055,4056,5027,6519],"product_tag":[],"class_list":{"0":"post-978396","1":"product","2":"type-product","3":"status-publish","4":"has-post-thumbnail","6":"product_cat-elevating-nostalgia-de","7":"product_cat-oster-sale","8":"product_cat-tabletts-de-tischgeschirr-de-2","9":"product_cat-tischgeschirr-de-2","10":"product_cat-kuechenzubehoer-de","11":"product_cat-tabletts-de","12":"product_cat-bestsellers-de","13":"product_cat-outlet-de","14":"product_shipping_class-pk","16":"pa_color-sandfarben","17":"pa_material-eisen-de","19":"first","20":"instock","21":"sale","22":"featured","23":"taxable","24":"shipping-taxable","25":"purchasable","26":"product-type-simple"},"exclude_global_add_ons":[],"addons":[],"acf":[],"yoast_head":"<!-- This site is optimized with the Yoast SEO plugin v26.4 - https:\/\/yoast.com\/wordpress\/plugins\/seo\/ -->\n<title>Pond Tablett Sandfarben - H\u00fcbsch<\/title>\n<meta name=\"description\" content=\"Wir pr\u00e4sentieren die perfekte Erg\u00e4nzung f\u00fcr Ihre Wohnkultur - das Pond Tablett in Sand! Hergestellt aus massivem Metall, verf\u00fcgt dieses Tablett \u00fcber eine\" \/>\n<meta name=\"robots\" content=\"index, follow, max-snippet:-1, max-image-preview:large, max-video-preview:-1\" \/>\n<link rel=\"canonical\" href=\"https:\/\/hubsch-interior.com\/de\/wp-json\/wp\/v2\/product\/978396\" \/>\n<meta property=\"og:locale\" content=\"de_DE\" \/>\n<meta property=\"og:type\" content=\"article\" \/>\n<meta property=\"og:title\" content=\"Pond Tablett Sandfarben - H\u00fcbsch\" \/>\n<meta property=\"og:description\" content=\"Wir pr\u00e4sentieren die perfekte Erg\u00e4nzung f\u00fcr Ihre Wohnkultur - das Pond Tablett in Sand! Hergestellt aus massivem Metall, verf\u00fcgt dieses Tablett \u00fcber eine\" \/>\n<meta property=\"og:url\" content=\"https:\/\/hubsch-interior.com\/de\/produkt\/pond-tablett-sandfarben\/\" \/>\n<meta property=\"og:site_name\" content=\"H\u00fcbsch\" \/>\n<meta property=\"article:modified_time\" content=\"2026-04-09T03:19:18+00:00\" \/>\n<meta property=\"og:image\" content=\"https:\/\/hubsch-interior.com\/wp-content\/uploads\/2025\/01\/pond-tray-sand-2c47b98ce8ed0642bceec1a27fc52663.jpg\" \/>\n\t<meta property=\"og:image:width\" content=\"1200\" \/>\n\t<meta property=\"og:image:height\" content=\"1200\" \/>\n\t<meta property=\"og:image:type\" content=\"image\/jpeg\" \/>\n<meta name=\"twitter:card\" content=\"summary_large_image\" \/>\n<meta name=\"twitter:label1\" content=\"Gesch\u00e4tzte Lesezeit\" \/>\n\t<meta name=\"twitter:data1\" content=\"1\u00a0Minute\" \/>\n<script type=\"application\/ld+json\" class=\"yoast-schema-graph\">{\"@context\":\"https:\/\/schema.org\",\"@graph\":[{\"@type\":\"WebPage\",\"@id\":\"https:\/\/hubsch-interior.com\/de\/produkt\/pond-tablett-sandfarben\/\",\"url\":\"https:\/\/hubsch-interior.com\/de\/produkt\/pond-tablett-sandfarben\/\",\"name\":\"Pond Tablett Sandfarben - H\u00fcbsch\",\"isPartOf\":{\"@id\":\"https:\/\/hubsch-interior.com\/de\/#website\"},\"primaryImageOfPage\":{\"@id\":\"https:\/\/hubsch-interior.com\/de\/produkt\/pond-tablett-sandfarben\/#primaryimage\"},\"image\":{\"@id\":\"https:\/\/hubsch-interior.com\/de\/produkt\/pond-tablett-sandfarben\/#primaryimage\"},\"thumbnailUrl\":\"https:\/\/hubsch-interior.com\/wp-content\/uploads\/2026\/02\/pond-tray-sand-5e3a0cd3793d1aa3ea8aacecd3c8a9da.jpg\",\"datePublished\":\"2024-01-29T08:39:34+00:00\",\"dateModified\":\"2026-04-09T03:19:18+00:00\",\"description\":\"Wir pr\u00e4sentieren die perfekte Erg\u00e4nzung f\u00fcr Ihre Wohnkultur - das Pond Tablett in Sand! Hergestellt aus massivem Metall, verf\u00fcgt dieses Tablett \u00fcber eine\",\"breadcrumb\":{\"@id\":\"https:\/\/hubsch-interior.com\/de\/produkt\/pond-tablett-sandfarben\/#breadcrumb\"},\"inLanguage\":\"de\",\"potentialAction\":[{\"@type\":\"ReadAction\",\"target\":[\"https:\/\/hubsch-interior.com\/de\/produkt\/pond-tablett-sandfarben\/\"]}]},{\"@type\":\"ImageObject\",\"inLanguage\":\"de\",\"@id\":\"https:\/\/hubsch-interior.com\/de\/produkt\/pond-tablett-sandfarben\/#primaryimage\",\"url\":\"https:\/\/hubsch-interior.com\/wp-content\/uploads\/2026\/02\/pond-tray-sand-5e3a0cd3793d1aa3ea8aacecd3c8a9da.jpg\",\"contentUrl\":\"https:\/\/hubsch-interior.com\/wp-content\/uploads\/2026\/02\/pond-tray-sand-5e3a0cd3793d1aa3ea8aacecd3c8a9da.jpg\",\"width\":1024,\"height\":1024},{\"@type\":\"BreadcrumbList\",\"@id\":\"https:\/\/hubsch-interior.com\/de\/produkt\/pond-tablett-sandfarben\/#breadcrumb\",\"itemListElement\":[{\"@type\":\"ListItem\",\"position\":1,\"name\":\"Startseite\",\"item\":\"https:\/\/hubsch-interior.com\/de\/\"},{\"@type\":\"ListItem\",\"position\":2,\"name\":\"Produkte\",\"item\":\"https:\/\/hubsch-interior.com\/de\/shop-2\/\"},{\"@type\":\"ListItem\",\"position\":3,\"name\":\"K\u00fcche\",\"item\":\"https:\/\/hubsch-interior.com\/de\/produkt-kategorie\/kuche\/\"},{\"@type\":\"ListItem\",\"position\":4,\"name\":\"Tischgeschirr\",\"item\":\"https:\/\/hubsch-interior.com\/de\/produkt-kategorie\/kuche\/tischgeschirr-de-2\/\"},{\"@type\":\"ListItem\",\"position\":5,\"name\":\"Tabletts\",\"item\":\"https:\/\/hubsch-interior.com\/de\/produkt-kategorie\/kuche\/tischgeschirr-de-2\/tabletts-de-tischgeschirr-de-2\/\"},{\"@type\":\"ListItem\",\"position\":6,\"name\":\"Pond Tablett Sandfarben\"}]},{\"@type\":\"WebSite\",\"@id\":\"https:\/\/hubsch-interior.com\/de\/#website\",\"url\":\"https:\/\/hubsch-interior.com\/de\/\",\"name\":\"H\u00fcbsch\",\"description\":\"Danish Home Interior and Design\",\"publisher\":{\"@id\":\"https:\/\/hubsch-interior.com\/de\/#organization\"},\"potentialAction\":[{\"@type\":\"SearchAction\",\"target\":{\"@type\":\"EntryPoint\",\"urlTemplate\":\"https:\/\/hubsch-interior.com\/de\/?s={search_term_string}\"},\"query-input\":{\"@type\":\"PropertyValueSpecification\",\"valueRequired\":true,\"valueName\":\"search_term_string\"}}],\"inLanguage\":\"de\"},{\"@type\":\"Organization\",\"@id\":\"https:\/\/hubsch-interior.com\/de\/#organization\",\"name\":\"H\u00fcbsch\",\"url\":\"https:\/\/hubsch-interior.com\/de\/\",\"logo\":{\"@type\":\"ImageObject\",\"inLanguage\":\"de\",\"@id\":\"https:\/\/hubsch-interior.com\/de\/#\/schema\/logo\/image\/\",\"url\":\"https:\/\/hubsch-interior.com\/wp-content\/uploads\/2022\/12\/Hubsch_logo_black_one_line.svg\",\"contentUrl\":\"https:\/\/hubsch-interior.com\/wp-content\/uploads\/2022\/12\/Hubsch_logo_black_one_line.svg\",\"caption\":\"H\u00fcbsch\"},\"image\":{\"@id\":\"https:\/\/hubsch-interior.com\/de\/#\/schema\/logo\/image\/\"}}]}<\/script>\n<!-- \/ Yoast SEO plugin. -->","yoast_head_json":{"title":"Pond Tablett Sandfarben - H\u00fcbsch","description":"Wir pr\u00e4sentieren die perfekte Erg\u00e4nzung f\u00fcr Ihre Wohnkultur - das Pond Tablett in Sand! Hergestellt aus massivem Metall, verf\u00fcgt dieses Tablett \u00fcber eine","robots":{"index":"index","follow":"follow","max-snippet":"max-snippet:-1","max-image-preview":"max-image-preview:large","max-video-preview":"max-video-preview:-1"},"canonical":"https:\/\/hubsch-interior.com\/de\/wp-json\/wp\/v2\/product\/978396","og_locale":"de_DE","og_type":"article","og_title":"Pond Tablett Sandfarben - H\u00fcbsch","og_description":"Wir pr\u00e4sentieren die perfekte Erg\u00e4nzung f\u00fcr Ihre Wohnkultur - das Pond Tablett in Sand! Hergestellt aus massivem Metall, verf\u00fcgt dieses Tablett \u00fcber eine","og_url":"https:\/\/hubsch-interior.com\/de\/produkt\/pond-tablett-sandfarben\/","og_site_name":"H\u00fcbsch","article_modified_time":"2026-04-09T03:19:18+00:00","og_image":[{"width":1200,"height":1200,"url":"https:\/\/hubsch-interior.com\/wp-content\/uploads\/2025\/01\/pond-tray-sand-2c47b98ce8ed0642bceec1a27fc52663.jpg","type":"image\/jpeg"}],"twitter_card":"summary_large_image","twitter_misc":{"Gesch\u00e4tzte Lesezeit":"1\u00a0Minute"},"schema":{"@context":"https:\/\/schema.org","@graph":[{"@type":"WebPage","@id":"https:\/\/hubsch-interior.com\/de\/produkt\/pond-tablett-sandfarben\/","url":"https:\/\/hubsch-interior.com\/de\/produkt\/pond-tablett-sandfarben\/","name":"Pond Tablett Sandfarben - H\u00fcbsch","isPartOf":{"@id":"https:\/\/hubsch-interior.com\/de\/#website"},"primaryImageOfPage":{"@id":"https:\/\/hubsch-interior.com\/de\/produkt\/pond-tablett-sandfarben\/#primaryimage"},"image":{"@id":"https:\/\/hubsch-interior.com\/de\/produkt\/pond-tablett-sandfarben\/#primaryimage"},"thumbnailUrl":"https:\/\/hubsch-interior.com\/wp-content\/uploads\/2026\/02\/pond-tray-sand-5e3a0cd3793d1aa3ea8aacecd3c8a9da.jpg","datePublished":"2024-01-29T08:39:34+00:00","dateModified":"2026-04-09T03:19:18+00:00","description":"Wir pr\u00e4sentieren die perfekte Erg\u00e4nzung f\u00fcr Ihre Wohnkultur - das Pond Tablett in Sand! Hergestellt aus massivem Metall, verf\u00fcgt dieses Tablett \u00fcber eine","breadcrumb":{"@id":"https:\/\/hubsch-interior.com\/de\/produkt\/pond-tablett-sandfarben\/#breadcrumb"},"inLanguage":"de","potentialAction":[{"@type":"ReadAction","target":["https:\/\/hubsch-interior.com\/de\/produkt\/pond-tablett-sandfarben\/"]}]},{"@type":"ImageObject","inLanguage":"de","@id":"https:\/\/hubsch-interior.com\/de\/produkt\/pond-tablett-sandfarben\/#primaryimage","url":"https:\/\/hubsch-interior.com\/wp-content\/uploads\/2026\/02\/pond-tray-sand-5e3a0cd3793d1aa3ea8aacecd3c8a9da.jpg","contentUrl":"https:\/\/hubsch-interior.com\/wp-content\/uploads\/2026\/02\/pond-tray-sand-5e3a0cd3793d1aa3ea8aacecd3c8a9da.jpg","width":1024,"height":1024},{"@type":"BreadcrumbList","@id":"https:\/\/hubsch-interior.com\/de\/produkt\/pond-tablett-sandfarben\/#breadcrumb","itemListElement":[{"@type":"ListItem","position":1,"name":"Startseite","item":"https:\/\/hubsch-interior.com\/de\/"},{"@type":"ListItem","position":2,"name":"Produkte","item":"https:\/\/hubsch-interior.com\/de\/shop-2\/"},{"@type":"ListItem","position":3,"name":"K\u00fcche","item":"https:\/\/hubsch-interior.com\/de\/produkt-kategorie\/kuche\/"},{"@type":"ListItem","position":4,"name":"Tischgeschirr","item":"https:\/\/hubsch-interior.com\/de\/produkt-kategorie\/kuche\/tischgeschirr-de-2\/"},{"@type":"ListItem","position":5,"name":"Tabletts","item":"https:\/\/hubsch-interior.com\/de\/produkt-kategorie\/kuche\/tischgeschirr-de-2\/tabletts-de-tischgeschirr-de-2\/"},{"@type":"ListItem","position":6,"name":"Pond Tablett Sandfarben"}]},{"@type":"WebSite","@id":"https:\/\/hubsch-interior.com\/de\/#website","url":"https:\/\/hubsch-interior.com\/de\/","name":"H\u00fcbsch","description":"Danish Home Interior and Design","publisher":{"@id":"https:\/\/hubsch-interior.com\/de\/#organization"},"potentialAction":[{"@type":"SearchAction","target":{"@type":"EntryPoint","urlTemplate":"https:\/\/hubsch-interior.com\/de\/?s={search_term_string}"},"query-input":{"@type":"PropertyValueSpecification","valueRequired":true,"valueName":"search_term_string"}}],"inLanguage":"de"},{"@type":"Organization","@id":"https:\/\/hubsch-interior.com\/de\/#organization","name":"H\u00fcbsch","url":"https:\/\/hubsch-interior.com\/de\/","logo":{"@type":"ImageObject","inLanguage":"de","@id":"https:\/\/hubsch-interior.com\/de\/#\/schema\/logo\/image\/","url":"https:\/\/hubsch-interior.com\/wp-content\/uploads\/2022\/12\/Hubsch_logo_black_one_line.svg","contentUrl":"https:\/\/hubsch-interior.com\/wp-content\/uploads\/2022\/12\/Hubsch_logo_black_one_line.svg","caption":"H\u00fcbsch"},"image":{"@id":"https:\/\/hubsch-interior.com\/de\/#\/schema\/logo\/image\/"}}]}},"_links":{"self":[{"href":"https:\/\/hubsch-interior.com\/de\/wp-json\/wp\/v2\/product\/978396","targetHints":{"allow":["GET"]}}],"collection":[{"href":"https:\/\/hubsch-interior.com\/de\/wp-json\/wp\/v2\/product"}],"about":[{"href":"https:\/\/hubsch-interior.com\/de\/wp-json\/wp\/v2\/types\/product"}],"wp:featuredmedia":[{"embeddable":true,"href":"https:\/\/hubsch-interior.com\/de\/wp-json\/wp\/v2\/media\/1113674"}],"wp:attachment":[{"href":"https:\/\/hubsch-interior.com\/de\/wp-json\/wp\/v2\/media?parent=978396"}],"wp:term":[{"taxonomy":"product_brand","embeddable":true,"href":"https:\/\/hubsch-interior.com\/de\/wp-json\/wp\/v2\/product_brand?post=978396"},{"taxonomy":"product_cat","embeddable":true,"href":"https:\/\/hubsch-interior.com\/de\/wp-json\/wp\/v2\/product_cat?post=978396"},{"taxonomy":"product_tag","embeddable":true,"href":"https:\/\/hubsch-interior.com\/de\/wp-json\/wp\/v2\/product_tag?post=978396"}],"curies":[{"name":"wp","href":"https:\/\/api.w.org\/{rel}","templated":true}]}}